{"id":43268,"date":"2021-05-11T13:58:55","date_gmt":"2021-05-11T11:58:55","guid":{"rendered":"https:\/\/naturalpoland.com\/produkty\/uncategorized\/%ed%98%b8%eb%91%90-%ea%bb%8d%ec%a7%88-%ed%95%84%eb%a7%81\/"},"modified":"2025-09-19T12:43:36","modified_gmt":"2025-09-19T10:43:36","slug":"%ed%98%b8%eb%91%90-%ea%bb%8d%ec%a7%88-%ed%95%84%eb%a7%81","status":"publish","type":"product","link":"https:\/\/naturalpoland.com\/ko\/je-pum\/hwa-jang-pum-won-ryo\/pil-ling-je\/%ed%98%b8%eb%91%90-%ea%bb%8d%ec%a7%88-%ed%95%84%eb%a7%81\/","title":{"rendered":"\ud638\ub450 \uaecd\uc9c8 \ud544\ub9c1"},"content":{"rendered":"<p>\uc2dc\uc220 \uc804:<br \/>\n\ucd5c\uc0c1\uc758 \ud6a8\uacfc\ub97c \uc704\ud574 \ud544\ub9c1\uc740 \uc815\uae30\uc801\uc73c\ub85c \uc0ac\uc6a9\ub418\uc5b4\uc57c \ud569\ub2c8\ub2e4. \ub610\ud55c, \ucd94\uac00\uc801\uc778 \ud53c\ubd80 \uad00\ub9ac \uc2dc\uc220 \uc804\uc5d0 \uc0ac\uc6a9\ud558\ub294 \uac83\uc774 \uc88b\uc2b5\ub2c8\ub2e4. \ud6a8\ub2a5 \uce21\uba74\uc5d0\uc11c \ud638\ub450 \uaecd\uc9c8 \ud544\ub9c1\uc740 \uac01\uc9c8\ud654\ub97c \uc904\uc774\uace0, \ud53c\ubd80\ub97c \ub9e4\ub044\ub7fd\uac8c \ud558\uba70, \ud749\ud130\uc640 \uc0c9\uc18c \uce68\ucc29\uc758 \uac00\uc2dc\uc131\uc744 \uc644\ud654\ud558\ub294 \ub370 \ub3c4\uc6c0\uc744 \uc90d\ub2c8\ub2e4. \uc815\uae30\uc801\uc778 \ud544\ub9c1\uc740 \uc80a\uc740 \ud53c\ubd80 \uc138\ud3ec\uc758 \uc131\uc7a5\uc744 \ucd09\uc9c4\ud558\uc5ec \ud53c\ubd80\uc5d0 \ucd94\uac00\uc801\uc778 \ub450\uaed8\uc640 \ubd80\ub4dc\ub7ec\uc6c0\uc744 \ubd80\uc5ec\ud560 \uc218 \uc788\uc2b5\ub2c8\ub2e4.   <\/p>\n<p>&nbsp;<\/p>\n","protected":false},"excerpt":{"rendered":"<p><strong>\ud638\ub450 \uaecd\uc9c8 \ud544\ub9c1<\/strong>\uc740 \uc8fd\uc740 \uac01\uc9c8\uc744 \uae30\uacc4\uc801\uc73c\ub85c \uc81c\uac70\ud558\ub294 \ub370 \uc0ac\uc6a9\ub429\ub2c8\ub2e4. \uc911\uc694\ud55c \uc810\uc740 \ud638\ub450 \uaecd\uc9c8\uc774 \ub9e4\uc6b0 \ubbf8\uc138\ud558\uac8c \ubd84\uc1c4\ub418\uc5c8\ub2e4\ub294 \uac83\uc785\ub2c8\ub2e4. \uc774 \ub355\ubd84\uc5d0 \ud53c\ubd80\ub97c \uc190\uc0c1\uc2dc\ud0a4\uc9c0 \uc54a\uace0 \uc624\ud788\ub824 \ud53c\ubd80\ub97c \uad00\ub9ac\ud574 \uc90d\ub2c8\ub2e4. \ub2e8\ub3c5\uc73c\ub85c \uc0ac\uc6a9\ud558\uac70\ub098 \ube44\ub204\uc5d0 \ucca8\uac00\ud558\uc5ec \uc0ac\uc6a9\ud560 \uc218 \uc788\uc2b5\ub2c8\ub2e4.   <\/p>\n","protected":false},"featured_media":43269,"template":"","meta":[],"product_brand":[],"product_cat":[8156],"product_tag":[],"class_list":{"0":"post-43268","1":"product","2":"type-product","3":"status-publish","4":"has-post-thumbnail","6":"product_cat-pil-ling-je","8":"first","9":"instock","10":"shipping-taxable","11":"product-type-simple"},"yoast_head":"<!-- This site is optimized with the Yoast SEO plugin v27.3 - https:\/\/yoast.com\/product\/yoast-seo-wordpress\/ -->\n<title>\ud638\ub450 \uaecd\uc9c8 \ud544\ub9c1 - Hurtowy Dystrybutor<\/title>\n<meta name=\"robots\" content=\"index, follow, max-snippet:-1, max-image-preview:large, max-video-preview:-1\" \/>\n<link rel=\"canonical\" href=\"https:\/\/naturalpoland.com\/ko\/je-pum\/hwa-jang-pum-won-ryo\/pil-ling-je\/%ed%98%b8%eb%91%90-%ea%bb%8d%ec%a7%88-%ed%95%84%eb%a7%81\/\" \/>\n<meta property=\"og:locale\" content=\"ko_KR\" \/>\n<meta property=\"og:type\" content=\"article\" \/>\n<meta property=\"og:title\" content=\"\ud638\ub450 \uaecd\uc9c8 \ud544\ub9c1 - Hurtowy Dystrybutor\" \/>\n<meta property=\"og:description\" content=\"\ud638\ub450 \uaecd\uc9c8 \ud544\ub9c1\uc740 \uc8fd\uc740 \uac01\uc9c8\uc744 \uae30\uacc4\uc801\uc73c\ub85c \uc81c\uac70\ud558\ub294 \ub370 \uc0ac\uc6a9\ub429\ub2c8\ub2e4. \uc911\uc694\ud55c \uc810\uc740 \ud638\ub450 \uaecd\uc9c8\uc774 \ub9e4\uc6b0 \ubbf8\uc138\ud558\uac8c \ubd84\uc1c4\ub418\uc5c8\ub2e4\ub294 \uac83\uc785\ub2c8\ub2e4. \uc774 \ub355\ubd84\uc5d0 \ud53c\ubd80\ub97c \uc190\uc0c1\uc2dc\ud0a4\uc9c0 \uc54a\uace0 \uc624\ud788\ub824 \ud53c\ubd80\ub97c \uad00\ub9ac\ud574 \uc90d\ub2c8\ub2e4. \ub2e8\ub3c5\uc73c\ub85c \uc0ac\uc6a9\ud558\uac70\ub098 \ube44\ub204\uc5d0 \ucca8\uac00\ud558\uc5ec \uc0ac\uc6a9\ud560 \uc218 \uc788\uc2b5\ub2c8\ub2e4.\" \/>\n<meta property=\"og:url\" content=\"https:\/\/naturalpoland.com\/ko\/je-pum\/hwa-jang-pum-won-ryo\/pil-ling-je\/%ed%98%b8%eb%91%90-%ea%bb%8d%ec%a7%88-%ed%95%84%eb%a7%81\/\" \/>\n<meta property=\"og:site_name\" content=\"NATURAL POLAND - Hurtowy Dystrybutor Surowc\u00f3w\" \/>\n<meta property=\"article:publisher\" content=\"https:\/\/www.facebook.com\/naturalpoland.b2b\" \/>\n<meta property=\"article:modified_time\" content=\"2025-09-19T10:43:36+00:00\" \/>\n<meta property=\"og:image\" content=\"https:\/\/naturalpoland.com\/wp-content\/uploads\/2021\/05\/with-walnut-shells.jpg\" \/>\n\t<meta property=\"og:image:width\" content=\"300\" \/>\n\t<meta property=\"og:image:height\" content=\"332\" \/>\n\t<meta property=\"og:image:type\" content=\"image\/jpeg\" \/>\n<script type=\"application\/ld+json\" class=\"yoast-schema-graph\">{\"@context\":\"https:\\\/\\\/schema.org\",\"@graph\":[{\"@type\":\"WebPage\",\"@id\":\"https:\\\/\\\/naturalpoland.com\\\/ko\\\/je-pum\\\/hwa-jang-pum-won-ryo\\\/pil-ling-je\\\/%ed%98%b8%eb%91%90-%ea%bb%8d%ec%a7%88-%ed%95%84%eb%a7%81\\\/\",\"url\":\"https:\\\/\\\/naturalpoland.com\\\/ko\\\/je-pum\\\/hwa-jang-pum-won-ryo\\\/pil-ling-je\\\/%ed%98%b8%eb%91%90-%ea%bb%8d%ec%a7%88-%ed%95%84%eb%a7%81\\\/\",\"name\":\"\ud638\ub450 \uaecd\uc9c8 \ud544\ub9c1 - Hurtowy Dystrybutor\",\"isPartOf\":{\"@id\":\"https:\\\/\\\/naturalpoland.com\\\/ko\\\/#website\"},\"primaryImageOfPage\":{\"@id\":\"https:\\\/\\\/naturalpoland.com\\\/ko\\\/je-pum\\\/hwa-jang-pum-won-ryo\\\/pil-ling-je\\\/%ed%98%b8%eb%91%90-%ea%bb%8d%ec%a7%88-%ed%95%84%eb%a7%81\\\/#primaryimage\"},\"image\":{\"@id\":\"https:\\\/\\\/naturalpoland.com\\\/ko\\\/je-pum\\\/hwa-jang-pum-won-ryo\\\/pil-ling-je\\\/%ed%98%b8%eb%91%90-%ea%bb%8d%ec%a7%88-%ed%95%84%eb%a7%81\\\/#primaryimage\"},\"thumbnailUrl\":\"https:\\\/\\\/naturalpoland.com\\\/wp-content\\\/uploads\\\/2021\\\/05\\\/with-walnut-shells.jpg\",\"datePublished\":\"2021-05-11T11:58:55+00:00\",\"dateModified\":\"2025-09-19T10:43:36+00:00\",\"breadcrumb\":{\"@id\":\"https:\\\/\\\/naturalpoland.com\\\/ko\\\/je-pum\\\/hwa-jang-pum-won-ryo\\\/pil-ling-je\\\/%ed%98%b8%eb%91%90-%ea%bb%8d%ec%a7%88-%ed%95%84%eb%a7%81\\\/#breadcrumb\"},\"inLanguage\":\"ko-KR\",\"potentialAction\":[{\"@type\":\"ReadAction\",\"target\":[\"https:\\\/\\\/naturalpoland.com\\\/ko\\\/je-pum\\\/hwa-jang-pum-won-ryo\\\/pil-ling-je\\\/%ed%98%b8%eb%91%90-%ea%bb%8d%ec%a7%88-%ed%95%84%eb%a7%81\\\/\"]}]},{\"@type\":\"ImageObject\",\"inLanguage\":\"ko-KR\",\"@id\":\"https:\\\/\\\/naturalpoland.com\\\/ko\\\/je-pum\\\/hwa-jang-pum-won-ryo\\\/pil-ling-je\\\/%ed%98%b8%eb%91%90-%ea%bb%8d%ec%a7%88-%ed%95%84%eb%a7%81\\\/#primaryimage\",\"url\":\"https:\\\/\\\/naturalpoland.com\\\/wp-content\\\/uploads\\\/2021\\\/05\\\/with-walnut-shells.jpg\",\"contentUrl\":\"https:\\\/\\\/naturalpoland.com\\\/wp-content\\\/uploads\\\/2021\\\/05\\\/with-walnut-shells.jpg\",\"width\":300,\"height\":332,\"caption\":\"\ud638\ub450 \uaecd\uc9c8 \ud544\ub9c1\"},{\"@type\":\"BreadcrumbList\",\"@id\":\"https:\\\/\\\/naturalpoland.com\\\/ko\\\/je-pum\\\/hwa-jang-pum-won-ryo\\\/pil-ling-je\\\/%ed%98%b8%eb%91%90-%ea%bb%8d%ec%a7%88-%ed%95%84%eb%a7%81\\\/#breadcrumb\",\"itemListElement\":[{\"@type\":\"ListItem\",\"position\":1,\"name\":\"\ud648\",\"item\":\"https:\\\/\\\/naturalpoland.com\\\/ko\\\/\"},{\"@type\":\"ListItem\",\"position\":2,\"name\":\"\uc81c\ud488\",\"item\":\"https:\\\/\\\/naturalpoland.com\\\/ko\\\/%ec%a0%9c%ed%92%88\\\/\"},{\"@type\":\"ListItem\",\"position\":3,\"name\":\"\ud638\ub450 \uaecd\uc9c8 \ud544\ub9c1\"}]},{\"@type\":\"WebSite\",\"@id\":\"https:\\\/\\\/naturalpoland.com\\\/ko\\\/#website\",\"url\":\"https:\\\/\\\/naturalpoland.com\\\/ko\\\/\",\"name\":\"NATURAL POLAND - Hurtowy Dystrybutor Surowc\u00f3w\",\"description\":\"Surowce dla przemys\u0142u spo\u017cywczego, kosmetycznego i farmaceutycznego\",\"publisher\":{\"@id\":\"https:\\\/\\\/naturalpoland.com\\\/ko\\\/#organization\"},\"potentialAction\":[{\"@type\":\"SearchAction\",\"target\":{\"@type\":\"EntryPoint\",\"urlTemplate\":\"https:\\\/\\\/naturalpoland.com\\\/ko\\\/?s={search_term_string}\"},\"query-input\":{\"@type\":\"PropertyValueSpecification\",\"valueRequired\":true,\"valueName\":\"search_term_string\"}}],\"inLanguage\":\"ko-KR\"},{\"@type\":\"Organization\",\"@id\":\"https:\\\/\\\/naturalpoland.com\\\/ko\\\/#organization\",\"name\":\"Natural Poland\",\"url\":\"https:\\\/\\\/naturalpoland.com\\\/ko\\\/\",\"logo\":{\"@type\":\"ImageObject\",\"inLanguage\":\"ko-KR\",\"@id\":\"https:\\\/\\\/naturalpoland.com\\\/ko\\\/#\\\/schema\\\/logo\\\/image\\\/\",\"url\":\"https:\\\/\\\/naturalpoland.com\\\/wp-content\\\/uploads\\\/2021\\\/05\\\/natural-poland-icon.png\",\"contentUrl\":\"https:\\\/\\\/naturalpoland.com\\\/wp-content\\\/uploads\\\/2021\\\/05\\\/natural-poland-icon.png\",\"width\":512,\"height\":512,\"caption\":\"Natural Poland\"},\"image\":{\"@id\":\"https:\\\/\\\/naturalpoland.com\\\/ko\\\/#\\\/schema\\\/logo\\\/image\\\/\"},\"sameAs\":[\"https:\\\/\\\/www.facebook.com\\\/naturalpoland.b2b\",\"https:\\\/\\\/pl.linkedin.com\\\/company\\\/natural-poland\",\"https:\\\/\\\/www.youtube.com\\\/channel\\\/UCgeGGkvOMahZo-xu_MSEWxg\"]}]}<\/script>\n<!-- \/ Yoast SEO plugin. -->","yoast_head_json":{"title":"\ud638\ub450 \uaecd\uc9c8 \ud544\ub9c1 - Hurtowy Dystrybutor","robots":{"index":"index","follow":"follow","max-snippet":"max-snippet:-1","max-image-preview":"max-image-preview:large","max-video-preview":"max-video-preview:-1"},"canonical":"https:\/\/naturalpoland.com\/ko\/je-pum\/hwa-jang-pum-won-ryo\/pil-ling-je\/%ed%98%b8%eb%91%90-%ea%bb%8d%ec%a7%88-%ed%95%84%eb%a7%81\/","og_locale":"ko_KR","og_type":"article","og_title":"\ud638\ub450 \uaecd\uc9c8 \ud544\ub9c1 - Hurtowy Dystrybutor","og_description":"\ud638\ub450 \uaecd\uc9c8 \ud544\ub9c1\uc740 \uc8fd\uc740 \uac01\uc9c8\uc744 \uae30\uacc4\uc801\uc73c\ub85c \uc81c\uac70\ud558\ub294 \ub370 \uc0ac\uc6a9\ub429\ub2c8\ub2e4. \uc911\uc694\ud55c \uc810\uc740 \ud638\ub450 \uaecd\uc9c8\uc774 \ub9e4\uc6b0 \ubbf8\uc138\ud558\uac8c \ubd84\uc1c4\ub418\uc5c8\ub2e4\ub294 \uac83\uc785\ub2c8\ub2e4. \uc774 \ub355\ubd84\uc5d0 \ud53c\ubd80\ub97c \uc190\uc0c1\uc2dc\ud0a4\uc9c0 \uc54a\uace0 \uc624\ud788\ub824 \ud53c\ubd80\ub97c \uad00\ub9ac\ud574 \uc90d\ub2c8\ub2e4. \ub2e8\ub3c5\uc73c\ub85c \uc0ac\uc6a9\ud558\uac70\ub098 \ube44\ub204\uc5d0 \ucca8\uac00\ud558\uc5ec \uc0ac\uc6a9\ud560 \uc218 \uc788\uc2b5\ub2c8\ub2e4.","og_url":"https:\/\/naturalpoland.com\/ko\/je-pum\/hwa-jang-pum-won-ryo\/pil-ling-je\/%ed%98%b8%eb%91%90-%ea%bb%8d%ec%a7%88-%ed%95%84%eb%a7%81\/","og_site_name":"NATURAL POLAND - Hurtowy Dystrybutor Surowc\u00f3w","article_publisher":"https:\/\/www.facebook.com\/naturalpoland.b2b","article_modified_time":"2025-09-19T10:43:36+00:00","og_image":[{"width":300,"height":332,"url":"https:\/\/naturalpoland.com\/wp-content\/uploads\/2021\/05\/with-walnut-shells.jpg","type":"image\/jpeg"}],"schema":{"@context":"https:\/\/schema.org","@graph":[{"@type":"WebPage","@id":"https:\/\/naturalpoland.com\/ko\/je-pum\/hwa-jang-pum-won-ryo\/pil-ling-je\/%ed%98%b8%eb%91%90-%ea%bb%8d%ec%a7%88-%ed%95%84%eb%a7%81\/","url":"https:\/\/naturalpoland.com\/ko\/je-pum\/hwa-jang-pum-won-ryo\/pil-ling-je\/%ed%98%b8%eb%91%90-%ea%bb%8d%ec%a7%88-%ed%95%84%eb%a7%81\/","name":"\ud638\ub450 \uaecd\uc9c8 \ud544\ub9c1 - Hurtowy Dystrybutor","isPartOf":{"@id":"https:\/\/naturalpoland.com\/ko\/#website"},"primaryImageOfPage":{"@id":"https:\/\/naturalpoland.com\/ko\/je-pum\/hwa-jang-pum-won-ryo\/pil-ling-je\/%ed%98%b8%eb%91%90-%ea%bb%8d%ec%a7%88-%ed%95%84%eb%a7%81\/#primaryimage"},"image":{"@id":"https:\/\/naturalpoland.com\/ko\/je-pum\/hwa-jang-pum-won-ryo\/pil-ling-je\/%ed%98%b8%eb%91%90-%ea%bb%8d%ec%a7%88-%ed%95%84%eb%a7%81\/#primaryimage"},"thumbnailUrl":"https:\/\/naturalpoland.com\/wp-content\/uploads\/2021\/05\/with-walnut-shells.jpg","datePublished":"2021-05-11T11:58:55+00:00","dateModified":"2025-09-19T10:43:36+00:00","breadcrumb":{"@id":"https:\/\/naturalpoland.com\/ko\/je-pum\/hwa-jang-pum-won-ryo\/pil-ling-je\/%ed%98%b8%eb%91%90-%ea%bb%8d%ec%a7%88-%ed%95%84%eb%a7%81\/#breadcrumb"},"inLanguage":"ko-KR","potentialAction":[{"@type":"ReadAction","target":["https:\/\/naturalpoland.com\/ko\/je-pum\/hwa-jang-pum-won-ryo\/pil-ling-je\/%ed%98%b8%eb%91%90-%ea%bb%8d%ec%a7%88-%ed%95%84%eb%a7%81\/"]}]},{"@type":"ImageObject","inLanguage":"ko-KR","@id":"https:\/\/naturalpoland.com\/ko\/je-pum\/hwa-jang-pum-won-ryo\/pil-ling-je\/%ed%98%b8%eb%91%90-%ea%bb%8d%ec%a7%88-%ed%95%84%eb%a7%81\/#primaryimage","url":"https:\/\/naturalpoland.com\/wp-content\/uploads\/2021\/05\/with-walnut-shells.jpg","contentUrl":"https:\/\/naturalpoland.com\/wp-content\/uploads\/2021\/05\/with-walnut-shells.jpg","width":300,"height":332,"caption":"\ud638\ub450 \uaecd\uc9c8 \ud544\ub9c1"},{"@type":"BreadcrumbList","@id":"https:\/\/naturalpoland.com\/ko\/je-pum\/hwa-jang-pum-won-ryo\/pil-ling-je\/%ed%98%b8%eb%91%90-%ea%bb%8d%ec%a7%88-%ed%95%84%eb%a7%81\/#breadcrumb","itemListElement":[{"@type":"ListItem","position":1,"name":"\ud648","item":"https:\/\/naturalpoland.com\/ko\/"},{"@type":"ListItem","position":2,"name":"\uc81c\ud488","item":"https:\/\/naturalpoland.com\/ko\/%ec%a0%9c%ed%92%88\/"},{"@type":"ListItem","position":3,"name":"\ud638\ub450 \uaecd\uc9c8 \ud544\ub9c1"}]},{"@type":"WebSite","@id":"https:\/\/naturalpoland.com\/ko\/#website","url":"https:\/\/naturalpoland.com\/ko\/","name":"NATURAL POLAND - Hurtowy Dystrybutor Surowc\u00f3w","description":"Surowce dla przemys\u0142u spo\u017cywczego, kosmetycznego i farmaceutycznego","publisher":{"@id":"https:\/\/naturalpoland.com\/ko\/#organization"},"potentialAction":[{"@type":"SearchAction","target":{"@type":"EntryPoint","urlTemplate":"https:\/\/naturalpoland.com\/ko\/?s={search_term_string}"},"query-input":{"@type":"PropertyValueSpecification","valueRequired":true,"valueName":"search_term_string"}}],"inLanguage":"ko-KR"},{"@type":"Organization","@id":"https:\/\/naturalpoland.com\/ko\/#organization","name":"Natural Poland","url":"https:\/\/naturalpoland.com\/ko\/","logo":{"@type":"ImageObject","inLanguage":"ko-KR","@id":"https:\/\/naturalpoland.com\/ko\/#\/schema\/logo\/image\/","url":"https:\/\/naturalpoland.com\/wp-content\/uploads\/2021\/05\/natural-poland-icon.png","contentUrl":"https:\/\/naturalpoland.com\/wp-content\/uploads\/2021\/05\/natural-poland-icon.png","width":512,"height":512,"caption":"Natural Poland"},"image":{"@id":"https:\/\/naturalpoland.com\/ko\/#\/schema\/logo\/image\/"},"sameAs":["https:\/\/www.facebook.com\/naturalpoland.b2b","https:\/\/pl.linkedin.com\/company\/natural-poland","https:\/\/www.youtube.com\/channel\/UCgeGGkvOMahZo-xu_MSEWxg"]}]}},"_links":{"self":[{"href":"https:\/\/naturalpoland.com\/ko\/wp-json\/wp\/v2\/product\/43268","targetHints":{"allow":["GET"]}}],"collection":[{"href":"https:\/\/naturalpoland.com\/ko\/wp-json\/wp\/v2\/product"}],"about":[{"href":"https:\/\/naturalpoland.com\/ko\/wp-json\/wp\/v2\/types\/product"}],"wp:featuredmedia":[{"embeddable":true,"href":"https:\/\/naturalpoland.com\/ko\/wp-json\/wp\/v2\/media\/43269"}],"wp:attachment":[{"href":"https:\/\/naturalpoland.com\/ko\/wp-json\/wp\/v2\/media?parent=43268"}],"wp:term":[{"taxonomy":"product_brand","embeddable":true,"href":"https:\/\/naturalpoland.com\/ko\/wp-json\/wp\/v2\/product_brand?post=43268"},{"taxonomy":"product_cat","embeddable":true,"href":"https:\/\/naturalpoland.com\/ko\/wp-json\/wp\/v2\/product_cat?post=43268"},{"taxonomy":"product_tag","embeddable":true,"href":"https:\/\/naturalpoland.com\/ko\/wp-json\/wp\/v2\/product_tag?post=43268"}],"curies":[{"name":"wp","href":"https:\/\/api.w.org\/{rel}","templated":true}]}}