{"id":43272,"date":"2021-05-11T13:53:44","date_gmt":"2021-05-11T11:53:44","guid":{"rendered":"https:\/\/naturalpoland.com\/produkty\/uncategorized\/%eb%b8%94%eb%a3%a8%eb%b2%a0%eb%a6%ac-%ec%94%a8%ec%95%97-%ed%95%84%eb%a7%81\/"},"modified":"2025-09-19T12:46:05","modified_gmt":"2025-09-19T10:46:05","slug":"%eb%b8%94%eb%a3%a8%eb%b2%a0%eb%a6%ac-%ec%94%a8%ec%95%97-%ed%95%84%eb%a7%81","status":"publish","type":"product","link":"https:\/\/naturalpoland.com\/ko\/je-pum\/hwa-jang-pum-won-ryo\/pil-ling-je\/%eb%b8%94%eb%a3%a8%eb%b2%a0%eb%a6%ac-%ec%94%a8%ec%95%97-%ed%95%84%eb%a7%81\/","title":{"rendered":"\ube14\ub8e8\ubca0\ub9ac \uc528\uc557 \ud544\ub9c1"},"content":{"rendered":"<p>\uc0ac\uc6a9 \uad8c\uc7a5:<br \/>\n\ube14\ub8e8\ubca0\ub9ac \uc528\uc557 \ud544\ub9c1\uc740 \ucc9c\uc5f0 \ud654\uc7a5\ud488\uc785\ub2c8\ub2e4. \ube44\ud0c0\ubbfc, \uc548\ud1a0\uc2dc\uc544\ub2cc, \ud50c\ub77c\ubcf4\ub178\uc774\ub4dc\uac00 \uace0\ub18d\ucd95\ub418\uc5b4 \uc788\uc2b5\ub2c8\ub2e4. \uc80a\uc5b4 \ubcf4\uc774\uac8c \ud558\uace0 \uc0c1\ucf8c\ud558\uac8c \ud558\ub294 \ud6a8\uacfc\uac00 \uc788\uc2b5\ub2c8\ub2e4. \uafb8\uc900\ud788 \uc0ac\uc6a9\ud558\uba74 \ud749\ud130\uc640 \ud2bc\uc0b4\uc758 \uac00\uc2dc\uc131\uc744 \uc904\uc774\uace0, \ud53c\ubd80 \ud1a4\uc744 \uade0\uc77c\ud558\uac8c \ud558\uba70, \ud53c\ubd80\ub97c \ub208\uc5d0 \ub744\uac8c \ud0c4\ub825 \uc788\uac8c \ub9cc\ub4ed\ub2c8\ub2e4. \ub610\ud55c \ud53c\ubd80\uc758 \ud608\uc561 \uc21c\ud658\uacfc \uc0b0\uc18c \uacf5\uae09\uc5d0 \uae0d\uc815\uc801\uc778 \uc601\ud5a5\uc744 \ubbf8\uce69\ub2c8\ub2e4. \uc774 \ud544\ub9c1\uc740 \ud53c\ubd80\ub97c \ub9e4\ub044\ub7fd\uace0 \ubd80\ub4dc\ub7fd\uac8c \ud569\ub2c8\ub2e4.     <\/p>\n<p>&nbsp;<\/p>\n","protected":false},"excerpt":{"rendered":"<p><strong>\ube14\ub8e8\ubca0\ub9ac \uc528\uc557 \ud544\ub9c1<\/strong>\uc740 \ube60\ub978 \ubcf4\uc2b5 \ubc0f \ub9e4\ub044\ub7ec\uc6c0 \ub290\ub08c\uc744 \uc81c\uacf5\ud569\ub2c8\ub2e4. \ud45c\ud53c\uc758 \uae30\uacc4\uc801 \uac01\uc9c8 \uc81c\uac70\ub97c \uc704\ud574 \uc0ac\uc6a9\ub429\ub2c8\ub2e4. \uc0ac\uc6a9 \uc900\ube44\uac00 \ub418\uc5b4 \ud53c\ubd80\uc5d0 \uc27d\uac8c \ub3c4\ud3ec\ub420 \uc218 \uc788\ub3c4\ub85d \uc824, \ud06c\ub9bc \ub610\ub294 \uc624\uc77c \ubca0\uc774\uc2a4 \ud615\ud0dc\uc758 \ud654\uc7a5\ud488\uc5d0 \ucca8\uac00\ub429\ub2c8\ub2e4. \uc774\ub7ec\ud55c \ud544\ub9c1\uc740 \ud53c\ubd80 \ud544\uc694\uc5d0 \ub530\ub77c \uc77c\uc8fc\uc77c\uc5d0 \ub450 \ubc88\uae4c\uc9c0 \uc0ac\uc6a9\ud560 \uc218 \uc788\uc2b5\ub2c8\ub2e4.   <\/p>\n","protected":false},"featured_media":43274,"template":"","meta":[],"product_brand":[],"product_cat":[8156],"product_tag":[],"class_list":{"0":"post-43272","1":"product","2":"type-product","3":"status-publish","4":"has-post-thumbnail","6":"product_cat-pil-ling-je","8":"first","9":"instock","10":"shipping-taxable","11":"product-type-simple"},"yoast_head":"<!-- This site is optimized with the Yoast SEO plugin v27.3 - https:\/\/yoast.com\/product\/yoast-seo-wordpress\/ -->\n<title>\ube14\ub8e8\ubca0\ub9ac \uc528\uc557 \ud544\ub9c1 - Hurtowy Dystrybutor<\/title>\n<meta name=\"robots\" content=\"index, follow, max-snippet:-1, max-image-preview:large, max-video-preview:-1\" \/>\n<link rel=\"canonical\" href=\"https:\/\/naturalpoland.com\/ko\/je-pum\/hwa-jang-pum-won-ryo\/pil-ling-je\/%eb%b8%94%eb%a3%a8%eb%b2%a0%eb%a6%ac-%ec%94%a8%ec%95%97-%ed%95%84%eb%a7%81\/\" \/>\n<meta property=\"og:locale\" content=\"ko_KR\" \/>\n<meta property=\"og:type\" content=\"article\" \/>\n<meta property=\"og:title\" content=\"\ube14\ub8e8\ubca0\ub9ac \uc528\uc557 \ud544\ub9c1 - Hurtowy Dystrybutor\" \/>\n<meta property=\"og:description\" content=\"\ube14\ub8e8\ubca0\ub9ac \uc528\uc557 \ud544\ub9c1\uc740 \ube60\ub978 \ubcf4\uc2b5 \ubc0f \ub9e4\ub044\ub7ec\uc6c0 \ub290\ub08c\uc744 \uc81c\uacf5\ud569\ub2c8\ub2e4. \ud45c\ud53c\uc758 \uae30\uacc4\uc801 \uac01\uc9c8 \uc81c\uac70\ub97c \uc704\ud574 \uc0ac\uc6a9\ub429\ub2c8\ub2e4. \uc0ac\uc6a9 \uc900\ube44\uac00 \ub418\uc5b4 \ud53c\ubd80\uc5d0 \uc27d\uac8c \ub3c4\ud3ec\ub420 \uc218 \uc788\ub3c4\ub85d \uc824, \ud06c\ub9bc \ub610\ub294 \uc624\uc77c \ubca0\uc774\uc2a4 \ud615\ud0dc\uc758 \ud654\uc7a5\ud488\uc5d0 \ucca8\uac00\ub429\ub2c8\ub2e4. \uc774\ub7ec\ud55c \ud544\ub9c1\uc740 \ud53c\ubd80 \ud544\uc694\uc5d0 \ub530\ub77c \uc77c\uc8fc\uc77c\uc5d0 \ub450 \ubc88\uae4c\uc9c0 \uc0ac\uc6a9\ud560 \uc218 \uc788\uc2b5\ub2c8\ub2e4.\" \/>\n<meta property=\"og:url\" content=\"https:\/\/naturalpoland.com\/ko\/je-pum\/hwa-jang-pum-won-ryo\/pil-ling-je\/%eb%b8%94%eb%a3%a8%eb%b2%a0%eb%a6%ac-%ec%94%a8%ec%95%97-%ed%95%84%eb%a7%81\/\" \/>\n<meta property=\"og:site_name\" content=\"NATURAL POLAND - Hurtowy Dystrybutor Surowc\u00f3w\" \/>\n<meta property=\"article:publisher\" content=\"https:\/\/www.facebook.com\/naturalpoland.b2b\" \/>\n<meta property=\"article:modified_time\" content=\"2025-09-19T10:46:05+00:00\" \/>\n<meta property=\"og:image\" content=\"https:\/\/naturalpoland.com\/wp-content\/uploads\/2021\/05\/peeling-z-nasion-jagody.png\" \/>\n\t<meta property=\"og:image:width\" content=\"1130\" \/>\n\t<meta property=\"og:image:height\" content=\"1073\" \/>\n\t<meta property=\"og:image:type\" content=\"image\/png\" \/>\n<script type=\"application\/ld+json\" class=\"yoast-schema-graph\">{\"@context\":\"https:\\\/\\\/schema.org\",\"@graph\":[{\"@type\":\"WebPage\",\"@id\":\"https:\\\/\\\/naturalpoland.com\\\/ko\\\/je-pum\\\/hwa-jang-pum-won-ryo\\\/pil-ling-je\\\/%eb%b8%94%eb%a3%a8%eb%b2%a0%eb%a6%ac-%ec%94%a8%ec%95%97-%ed%95%84%eb%a7%81\\\/\",\"url\":\"https:\\\/\\\/naturalpoland.com\\\/ko\\\/je-pum\\\/hwa-jang-pum-won-ryo\\\/pil-ling-je\\\/%eb%b8%94%eb%a3%a8%eb%b2%a0%eb%a6%ac-%ec%94%a8%ec%95%97-%ed%95%84%eb%a7%81\\\/\",\"name\":\"\ube14\ub8e8\ubca0\ub9ac \uc528\uc557 \ud544\ub9c1 - Hurtowy Dystrybutor\",\"isPartOf\":{\"@id\":\"https:\\\/\\\/naturalpoland.com\\\/ko\\\/#website\"},\"primaryImageOfPage\":{\"@id\":\"https:\\\/\\\/naturalpoland.com\\\/ko\\\/je-pum\\\/hwa-jang-pum-won-ryo\\\/pil-ling-je\\\/%eb%b8%94%eb%a3%a8%eb%b2%a0%eb%a6%ac-%ec%94%a8%ec%95%97-%ed%95%84%eb%a7%81\\\/#primaryimage\"},\"image\":{\"@id\":\"https:\\\/\\\/naturalpoland.com\\\/ko\\\/je-pum\\\/hwa-jang-pum-won-ryo\\\/pil-ling-je\\\/%eb%b8%94%eb%a3%a8%eb%b2%a0%eb%a6%ac-%ec%94%a8%ec%95%97-%ed%95%84%eb%a7%81\\\/#primaryimage\"},\"thumbnailUrl\":\"https:\\\/\\\/naturalpoland.com\\\/wp-content\\\/uploads\\\/2021\\\/05\\\/peeling-z-nasion-jagody.png\",\"datePublished\":\"2021-05-11T11:53:44+00:00\",\"dateModified\":\"2025-09-19T10:46:05+00:00\",\"breadcrumb\":{\"@id\":\"https:\\\/\\\/naturalpoland.com\\\/ko\\\/je-pum\\\/hwa-jang-pum-won-ryo\\\/pil-ling-je\\\/%eb%b8%94%eb%a3%a8%eb%b2%a0%eb%a6%ac-%ec%94%a8%ec%95%97-%ed%95%84%eb%a7%81\\\/#breadcrumb\"},\"inLanguage\":\"ko-KR\",\"potentialAction\":[{\"@type\":\"ReadAction\",\"target\":[\"https:\\\/\\\/naturalpoland.com\\\/ko\\\/je-pum\\\/hwa-jang-pum-won-ryo\\\/pil-ling-je\\\/%eb%b8%94%eb%a3%a8%eb%b2%a0%eb%a6%ac-%ec%94%a8%ec%95%97-%ed%95%84%eb%a7%81\\\/\"]}]},{\"@type\":\"ImageObject\",\"inLanguage\":\"ko-KR\",\"@id\":\"https:\\\/\\\/naturalpoland.com\\\/ko\\\/je-pum\\\/hwa-jang-pum-won-ryo\\\/pil-ling-je\\\/%eb%b8%94%eb%a3%a8%eb%b2%a0%eb%a6%ac-%ec%94%a8%ec%95%97-%ed%95%84%eb%a7%81\\\/#primaryimage\",\"url\":\"https:\\\/\\\/naturalpoland.com\\\/wp-content\\\/uploads\\\/2021\\\/05\\\/peeling-z-nasion-jagody.png\",\"contentUrl\":\"https:\\\/\\\/naturalpoland.com\\\/wp-content\\\/uploads\\\/2021\\\/05\\\/peeling-z-nasion-jagody.png\",\"width\":1130,\"height\":1073,\"caption\":\"\ube14\ub8e8\ubca0\ub9ac \uc528\uc557 \ud544\ub9c1\"},{\"@type\":\"BreadcrumbList\",\"@id\":\"https:\\\/\\\/naturalpoland.com\\\/ko\\\/je-pum\\\/hwa-jang-pum-won-ryo\\\/pil-ling-je\\\/%eb%b8%94%eb%a3%a8%eb%b2%a0%eb%a6%ac-%ec%94%a8%ec%95%97-%ed%95%84%eb%a7%81\\\/#breadcrumb\",\"itemListElement\":[{\"@type\":\"ListItem\",\"position\":1,\"name\":\"\ud648\",\"item\":\"https:\\\/\\\/naturalpoland.com\\\/ko\\\/\"},{\"@type\":\"ListItem\",\"position\":2,\"name\":\"\uc81c\ud488\",\"item\":\"https:\\\/\\\/naturalpoland.com\\\/ko\\\/%ec%a0%9c%ed%92%88\\\/\"},{\"@type\":\"ListItem\",\"position\":3,\"name\":\"\ube14\ub8e8\ubca0\ub9ac \uc528\uc557 \ud544\ub9c1\"}]},{\"@type\":\"WebSite\",\"@id\":\"https:\\\/\\\/naturalpoland.com\\\/ko\\\/#website\",\"url\":\"https:\\\/\\\/naturalpoland.com\\\/ko\\\/\",\"name\":\"NATURAL POLAND - Hurtowy Dystrybutor Surowc\u00f3w\",\"description\":\"Surowce dla przemys\u0142u spo\u017cywczego, kosmetycznego i farmaceutycznego\",\"publisher\":{\"@id\":\"https:\\\/\\\/naturalpoland.com\\\/ko\\\/#organization\"},\"potentialAction\":[{\"@type\":\"SearchAction\",\"target\":{\"@type\":\"EntryPoint\",\"urlTemplate\":\"https:\\\/\\\/naturalpoland.com\\\/ko\\\/?s={search_term_string}\"},\"query-input\":{\"@type\":\"PropertyValueSpecification\",\"valueRequired\":true,\"valueName\":\"search_term_string\"}}],\"inLanguage\":\"ko-KR\"},{\"@type\":\"Organization\",\"@id\":\"https:\\\/\\\/naturalpoland.com\\\/ko\\\/#organization\",\"name\":\"Natural Poland\",\"url\":\"https:\\\/\\\/naturalpoland.com\\\/ko\\\/\",\"logo\":{\"@type\":\"ImageObject\",\"inLanguage\":\"ko-KR\",\"@id\":\"https:\\\/\\\/naturalpoland.com\\\/ko\\\/#\\\/schema\\\/logo\\\/image\\\/\",\"url\":\"https:\\\/\\\/naturalpoland.com\\\/wp-content\\\/uploads\\\/2021\\\/05\\\/natural-poland-icon.png\",\"contentUrl\":\"https:\\\/\\\/naturalpoland.com\\\/wp-content\\\/uploads\\\/2021\\\/05\\\/natural-poland-icon.png\",\"width\":512,\"height\":512,\"caption\":\"Natural Poland\"},\"image\":{\"@id\":\"https:\\\/\\\/naturalpoland.com\\\/ko\\\/#\\\/schema\\\/logo\\\/image\\\/\"},\"sameAs\":[\"https:\\\/\\\/www.facebook.com\\\/naturalpoland.b2b\",\"https:\\\/\\\/pl.linkedin.com\\\/company\\\/natural-poland\",\"https:\\\/\\\/www.youtube.com\\\/channel\\\/UCgeGGkvOMahZo-xu_MSEWxg\"]}]}<\/script>\n<!-- \/ Yoast SEO plugin. -->","yoast_head_json":{"title":"\ube14\ub8e8\ubca0\ub9ac \uc528\uc557 \ud544\ub9c1 - Hurtowy Dystrybutor","robots":{"index":"index","follow":"follow","max-snippet":"max-snippet:-1","max-image-preview":"max-image-preview:large","max-video-preview":"max-video-preview:-1"},"canonical":"https:\/\/naturalpoland.com\/ko\/je-pum\/hwa-jang-pum-won-ryo\/pil-ling-je\/%eb%b8%94%eb%a3%a8%eb%b2%a0%eb%a6%ac-%ec%94%a8%ec%95%97-%ed%95%84%eb%a7%81\/","og_locale":"ko_KR","og_type":"article","og_title":"\ube14\ub8e8\ubca0\ub9ac \uc528\uc557 \ud544\ub9c1 - Hurtowy Dystrybutor","og_description":"\ube14\ub8e8\ubca0\ub9ac \uc528\uc557 \ud544\ub9c1\uc740 \ube60\ub978 \ubcf4\uc2b5 \ubc0f \ub9e4\ub044\ub7ec\uc6c0 \ub290\ub08c\uc744 \uc81c\uacf5\ud569\ub2c8\ub2e4. \ud45c\ud53c\uc758 \uae30\uacc4\uc801 \uac01\uc9c8 \uc81c\uac70\ub97c \uc704\ud574 \uc0ac\uc6a9\ub429\ub2c8\ub2e4. \uc0ac\uc6a9 \uc900\ube44\uac00 \ub418\uc5b4 \ud53c\ubd80\uc5d0 \uc27d\uac8c \ub3c4\ud3ec\ub420 \uc218 \uc788\ub3c4\ub85d \uc824, \ud06c\ub9bc \ub610\ub294 \uc624\uc77c \ubca0\uc774\uc2a4 \ud615\ud0dc\uc758 \ud654\uc7a5\ud488\uc5d0 \ucca8\uac00\ub429\ub2c8\ub2e4. \uc774\ub7ec\ud55c \ud544\ub9c1\uc740 \ud53c\ubd80 \ud544\uc694\uc5d0 \ub530\ub77c \uc77c\uc8fc\uc77c\uc5d0 \ub450 \ubc88\uae4c\uc9c0 \uc0ac\uc6a9\ud560 \uc218 \uc788\uc2b5\ub2c8\ub2e4.","og_url":"https:\/\/naturalpoland.com\/ko\/je-pum\/hwa-jang-pum-won-ryo\/pil-ling-je\/%eb%b8%94%eb%a3%a8%eb%b2%a0%eb%a6%ac-%ec%94%a8%ec%95%97-%ed%95%84%eb%a7%81\/","og_site_name":"NATURAL POLAND - Hurtowy Dystrybutor Surowc\u00f3w","article_publisher":"https:\/\/www.facebook.com\/naturalpoland.b2b","article_modified_time":"2025-09-19T10:46:05+00:00","og_image":[{"width":1130,"height":1073,"url":"https:\/\/naturalpoland.com\/wp-content\/uploads\/2021\/05\/peeling-z-nasion-jagody.png","type":"image\/png"}],"schema":{"@context":"https:\/\/schema.org","@graph":[{"@type":"WebPage","@id":"https:\/\/naturalpoland.com\/ko\/je-pum\/hwa-jang-pum-won-ryo\/pil-ling-je\/%eb%b8%94%eb%a3%a8%eb%b2%a0%eb%a6%ac-%ec%94%a8%ec%95%97-%ed%95%84%eb%a7%81\/","url":"https:\/\/naturalpoland.com\/ko\/je-pum\/hwa-jang-pum-won-ryo\/pil-ling-je\/%eb%b8%94%eb%a3%a8%eb%b2%a0%eb%a6%ac-%ec%94%a8%ec%95%97-%ed%95%84%eb%a7%81\/","name":"\ube14\ub8e8\ubca0\ub9ac \uc528\uc557 \ud544\ub9c1 - Hurtowy Dystrybutor","isPartOf":{"@id":"https:\/\/naturalpoland.com\/ko\/#website"},"primaryImageOfPage":{"@id":"https:\/\/naturalpoland.com\/ko\/je-pum\/hwa-jang-pum-won-ryo\/pil-ling-je\/%eb%b8%94%eb%a3%a8%eb%b2%a0%eb%a6%ac-%ec%94%a8%ec%95%97-%ed%95%84%eb%a7%81\/#primaryimage"},"image":{"@id":"https:\/\/naturalpoland.com\/ko\/je-pum\/hwa-jang-pum-won-ryo\/pil-ling-je\/%eb%b8%94%eb%a3%a8%eb%b2%a0%eb%a6%ac-%ec%94%a8%ec%95%97-%ed%95%84%eb%a7%81\/#primaryimage"},"thumbnailUrl":"https:\/\/naturalpoland.com\/wp-content\/uploads\/2021\/05\/peeling-z-nasion-jagody.png","datePublished":"2021-05-11T11:53:44+00:00","dateModified":"2025-09-19T10:46:05+00:00","breadcrumb":{"@id":"https:\/\/naturalpoland.com\/ko\/je-pum\/hwa-jang-pum-won-ryo\/pil-ling-je\/%eb%b8%94%eb%a3%a8%eb%b2%a0%eb%a6%ac-%ec%94%a8%ec%95%97-%ed%95%84%eb%a7%81\/#breadcrumb"},"inLanguage":"ko-KR","potentialAction":[{"@type":"ReadAction","target":["https:\/\/naturalpoland.com\/ko\/je-pum\/hwa-jang-pum-won-ryo\/pil-ling-je\/%eb%b8%94%eb%a3%a8%eb%b2%a0%eb%a6%ac-%ec%94%a8%ec%95%97-%ed%95%84%eb%a7%81\/"]}]},{"@type":"ImageObject","inLanguage":"ko-KR","@id":"https:\/\/naturalpoland.com\/ko\/je-pum\/hwa-jang-pum-won-ryo\/pil-ling-je\/%eb%b8%94%eb%a3%a8%eb%b2%a0%eb%a6%ac-%ec%94%a8%ec%95%97-%ed%95%84%eb%a7%81\/#primaryimage","url":"https:\/\/naturalpoland.com\/wp-content\/uploads\/2021\/05\/peeling-z-nasion-jagody.png","contentUrl":"https:\/\/naturalpoland.com\/wp-content\/uploads\/2021\/05\/peeling-z-nasion-jagody.png","width":1130,"height":1073,"caption":"\ube14\ub8e8\ubca0\ub9ac \uc528\uc557 \ud544\ub9c1"},{"@type":"BreadcrumbList","@id":"https:\/\/naturalpoland.com\/ko\/je-pum\/hwa-jang-pum-won-ryo\/pil-ling-je\/%eb%b8%94%eb%a3%a8%eb%b2%a0%eb%a6%ac-%ec%94%a8%ec%95%97-%ed%95%84%eb%a7%81\/#breadcrumb","itemListElement":[{"@type":"ListItem","position":1,"name":"\ud648","item":"https:\/\/naturalpoland.com\/ko\/"},{"@type":"ListItem","position":2,"name":"\uc81c\ud488","item":"https:\/\/naturalpoland.com\/ko\/%ec%a0%9c%ed%92%88\/"},{"@type":"ListItem","position":3,"name":"\ube14\ub8e8\ubca0\ub9ac \uc528\uc557 \ud544\ub9c1"}]},{"@type":"WebSite","@id":"https:\/\/naturalpoland.com\/ko\/#website","url":"https:\/\/naturalpoland.com\/ko\/","name":"NATURAL POLAND - Hurtowy Dystrybutor Surowc\u00f3w","description":"Surowce dla przemys\u0142u spo\u017cywczego, kosmetycznego i farmaceutycznego","publisher":{"@id":"https:\/\/naturalpoland.com\/ko\/#organization"},"potentialAction":[{"@type":"SearchAction","target":{"@type":"EntryPoint","urlTemplate":"https:\/\/naturalpoland.com\/ko\/?s={search_term_string}"},"query-input":{"@type":"PropertyValueSpecification","valueRequired":true,"valueName":"search_term_string"}}],"inLanguage":"ko-KR"},{"@type":"Organization","@id":"https:\/\/naturalpoland.com\/ko\/#organization","name":"Natural Poland","url":"https:\/\/naturalpoland.com\/ko\/","logo":{"@type":"ImageObject","inLanguage":"ko-KR","@id":"https:\/\/naturalpoland.com\/ko\/#\/schema\/logo\/image\/","url":"https:\/\/naturalpoland.com\/wp-content\/uploads\/2021\/05\/natural-poland-icon.png","contentUrl":"https:\/\/naturalpoland.com\/wp-content\/uploads\/2021\/05\/natural-poland-icon.png","width":512,"height":512,"caption":"Natural Poland"},"image":{"@id":"https:\/\/naturalpoland.com\/ko\/#\/schema\/logo\/image\/"},"sameAs":["https:\/\/www.facebook.com\/naturalpoland.b2b","https:\/\/pl.linkedin.com\/company\/natural-poland","https:\/\/www.youtube.com\/channel\/UCgeGGkvOMahZo-xu_MSEWxg"]}]}},"_links":{"self":[{"href":"https:\/\/naturalpoland.com\/ko\/wp-json\/wp\/v2\/product\/43272","targetHints":{"allow":["GET"]}}],"collection":[{"href":"https:\/\/naturalpoland.com\/ko\/wp-json\/wp\/v2\/product"}],"about":[{"href":"https:\/\/naturalpoland.com\/ko\/wp-json\/wp\/v2\/types\/product"}],"wp:featuredmedia":[{"embeddable":true,"href":"https:\/\/naturalpoland.com\/ko\/wp-json\/wp\/v2\/media\/43274"}],"wp:attachment":[{"href":"https:\/\/naturalpoland.com\/ko\/wp-json\/wp\/v2\/media?parent=43272"}],"wp:term":[{"taxonomy":"product_brand","embeddable":true,"href":"https:\/\/naturalpoland.com\/ko\/wp-json\/wp\/v2\/product_brand?post=43272"},{"taxonomy":"product_cat","embeddable":true,"href":"https:\/\/naturalpoland.com\/ko\/wp-json\/wp\/v2\/product_cat?post=43272"},{"taxonomy":"product_tag","embeddable":true,"href":"https:\/\/naturalpoland.com\/ko\/wp-json\/wp\/v2\/product_tag?post=43272"}],"curies":[{"name":"wp","href":"https:\/\/api.w.org\/{rel}","templated":true}]}}