{"id":43282,"date":"2021-05-11T13:54:09","date_gmt":"2021-05-11T11:54:09","guid":{"rendered":"https:\/\/naturalpoland.com\/produkty\/uncategorized\/%eb%8b%ac%eb%a7%9e%ec%9d%b4%ea%bd%83-%ed%95%84%eb%a7%81\/"},"modified":"2025-09-19T12:46:15","modified_gmt":"2025-09-19T10:46:15","slug":"%eb%8b%ac%eb%a7%9e%ec%9d%b4%ea%bd%83-%ed%95%84%eb%a7%81","status":"publish","type":"product","link":"https:\/\/naturalpoland.com\/ko\/je-pum\/hwa-jang-pum-won-ryo\/pil-ling-je\/%eb%8b%ac%eb%a7%9e%ec%9d%b4%ea%bd%83-%ed%95%84%eb%a7%81\/","title":{"rendered":"\ub2ec\ub9de\uc774\uaf43 \ud544\ub9c1"},"content":{"rendered":"<h2>\ud6a8\ub2a5 \ubc0f \ud65c\uc6a9<\/h2>\n<p>\uc774 \ud544\ub9c1\uc740 \ubaa8\ub4e0 \ud53c\ubd80 \ud0c0\uc785\uc5d0 \uc0ac\uc6a9\ud560 \uc218 \uc788\uc9c0\ub9cc, <strong>\ud56d\uc5fc \ubc0f \ud56d\uade0 \ud2b9\uc131<\/strong>\uc73c\ub85c \uc778\ud574 \ud2b9\ud788 \uc131\uc219\ud558\uace0 \uc9c0\uc131 \ubc0f \uc5ec\ub4dc\ub984\uc131 \ud53c\ubd80 \uad00\ub9ac\uc5d0 \uad8c\uc7a5\ub429\ub2c8\ub2e4. \ud654\ub18d\uc131 \ubcd1\ubcc0\uc774 \uc788\ub294 \uc5ec\ub4dc\ub984\uc131 \ud53c\ubd80\uc758 \uacbd\uc6b0, \ub2ec\ub9de\uc774\uaf43 \ud544\ub9c1\uc740 \ub9c8\uc2a4\ud06c \ud615\ud0dc\ub85c \uc801\uc6a9\ub418\uc5b4\uc57c \ud569\ub2c8\ub2e4. \uc774\ub97c \ud1b5\ud574 \ud53c\ubd80\uac00 \uc7ac\uc0dd\ub420 \uc2dc\uac04\uc744 \uac00\uc9c8 \uc218 \uc788\uc2b5\ub2c8\ub2e4.  <\/p>\n<p>\ub9c8\uc0ac\uc9c0\uc640 \ud568\uaed8 \ud544\ub9c1\uc744 \uc0ac\uc6a9\ud558\uba74 \uba87 \uc8fc \uc774\ub0b4\uc5d0 \ud53c\ubd80\uac00 \ub208\uc5d0 \ub744\uac8c \ubd80\ub4dc\ub7ec\uc6cc\uc9c0\uace0 \ub9e4\ub044\ub7ec\uc6cc\uc9c0\uba70 \ud53c\ubd80 \ud1a4\uc774 \uade0\uc77c\ud574\uc9c0\ub294 \uac83\uc744 \ud655\uc778\ud560 \uc218 \uc788\uc2b5\ub2c8\ub2e4. \uc774\ub7ec\ud55c \ud6a8\uacfc\ub294 \ud53c\ubd80 \ubcf4\uc2b5 \ubc0f \ud0c4\ub825 \uac1c\uc120\uc5d0 \ub3c4\uc6c0\uc744 \uc8fc\ub294 <strong>\uc9c0\ubc29\uc0b0\uacfc \ube44\ud0c0\ubbfc<\/strong> \ud568\ub7c9 \ub355\ubd84\uc785\ub2c8\ub2e4. <\/p>\n","protected":false},"excerpt":{"rendered":"<div class=\"flex-shrink-0 flex flex-col relative items-end\">\n<div>\n<div class=\"pt-0\">\n<div class=\"gizmo-bot-avatar flex h-8 w-8 items-center justify-center overflow-hidden rounded-full\">\n<div class=\"relative p-1 rounded-sm flex items-center justify-center bg-token-main-surface-primary text-token-text-primary h-8 w-8\"><span style=\"font-size: 14.4px; color: #555555;\"><strong>\ub2ec\ub9de\uc774\uaf43 \ud544\ub9c1<\/strong>\uc740 \ub2ec\ub9de\uc774\uaf43 \uc2dd\ubb3c(<em>Oenothera Biennis Seed Powder<\/em>)\uc758 \uc528\uc557\uc744 \uac08\uc544\uc11c \uc5bb\uc2b5\ub2c8\ub2e4. \uc774\ub294 \uc8fd\uc740 \ud53c\ubd80 \uc138\ud3ec\ub97c \uc81c\uac70\ud558\uace0, \ubaa8\uacf5\uc744 \uc815\ud654\ud558\uba70, \ud53c\ubd80 \uc21c\ud658 \ubc0f \uc0b0\uc18c \uacf5\uae09\uc744 \uac1c\uc120\ud558\ub294 \ub370 \uc0ac\uc6a9\ub429\ub2c8\ub2e4. <\/span><\/div>\n<\/div>\n<\/div>\n<\/div>\n<\/div>\n","protected":false},"featured_media":43284,"template":"","meta":[],"product_brand":[],"product_cat":[8156],"product_tag":[],"class_list":{"0":"post-43282","1":"product","2":"type-product","3":"status-publish","4":"has-post-thumbnail","6":"product_cat-pil-ling-je","8":"first","9":"instock","10":"shipping-taxable","11":"product-type-simple"},"yoast_head":"<!-- This site is optimized with the Yoast SEO plugin v27.3 - https:\/\/yoast.com\/product\/yoast-seo-wordpress\/ -->\n<title>NATURAL POLAND &#8211; Hurtowy Dystrybutor Surowc\u00f3w<\/title>\n<meta name=\"description\" content=\"\uc624\ub178\ud14c\ub77c \ube44\uc5d4\ub2c8\uc2a4 \uc528\ub4dc \ud30c\uc6b0\ub354(Oenothera Biennis Seed Powder)\ub85c \ud754\ud788 \ud45c\uae30\ub418\ub294 \ub2ec\ub9de\uc774\uaf43 \uac00\ub8e8\ub294 \ub2ec\ub9de\uc774\uaf43 \uc2dd\ubb3c\uc758 \uc528\uc557\uc5d0\uc11c \ucd94\ucd9c\ub429\ub2c8\ub2e4.\" \/>\n<meta name=\"robots\" content=\"index, follow, max-snippet:-1, max-image-preview:large, max-video-preview:-1\" \/>\n<link rel=\"canonical\" href=\"https:\/\/naturalpoland.com\/ko\/je-pum\/hwa-jang-pum-won-ryo\/pil-ling-je\/%eb%8b%ac%eb%a7%9e%ec%9d%b4%ea%bd%83-%ed%95%84%eb%a7%81\/\" \/>\n<meta property=\"og:locale\" content=\"ko_KR\" \/>\n<meta property=\"og:type\" content=\"article\" \/>\n<meta property=\"og:description\" content=\"\uc624\ub178\ud14c\ub77c \ube44\uc5d4\ub2c8\uc2a4 \uc528\ub4dc \ud30c\uc6b0\ub354(Oenothera Biennis Seed Powder)\ub85c \ud754\ud788 \ud45c\uae30\ub418\ub294 \ub2ec\ub9de\uc774\uaf43 \uac00\ub8e8\ub294 \ub2ec\ub9de\uc774\uaf43 \uc2dd\ubb3c\uc758 \uc528\uc557\uc5d0\uc11c \ucd94\ucd9c\ub429\ub2c8\ub2e4.\" \/>\n<meta property=\"og:url\" content=\"https:\/\/naturalpoland.com\/ko\/je-pum\/hwa-jang-pum-won-ryo\/pil-ling-je\/%eb%8b%ac%eb%a7%9e%ec%9d%b4%ea%bd%83-%ed%95%84%eb%a7%81\/\" \/>\n<meta property=\"og:site_name\" content=\"NATURAL POLAND - Hurtowy Dystrybutor Surowc\u00f3w\" \/>\n<meta property=\"article:publisher\" content=\"https:\/\/www.facebook.com\/naturalpoland.b2b\" \/>\n<meta property=\"article:modified_time\" content=\"2025-09-19T10:46:15+00:00\" \/>\n<meta property=\"og:image\" content=\"https:\/\/naturalpoland.com\/wp-content\/uploads\/peeling-z-wiesiolka.jpg\" \/>\n\t<meta property=\"og:image:width\" content=\"650\" \/>\n\t<meta property=\"og:image:height\" content=\"650\" \/>\n\t<meta property=\"og:image:type\" content=\"image\/jpeg\" \/>\n<script type=\"application\/ld+json\" class=\"yoast-schema-graph\">{\"@context\":\"https:\\\/\\\/schema.org\",\"@graph\":[{\"@type\":\"WebPage\",\"@id\":\"https:\\\/\\\/naturalpoland.com\\\/ko\\\/je-pum\\\/hwa-jang-pum-won-ryo\\\/pil-ling-je\\\/%eb%8b%ac%eb%a7%9e%ec%9d%b4%ea%bd%83-%ed%95%84%eb%a7%81\\\/\",\"url\":\"https:\\\/\\\/naturalpoland.com\\\/ko\\\/je-pum\\\/hwa-jang-pum-won-ryo\\\/pil-ling-je\\\/%eb%8b%ac%eb%a7%9e%ec%9d%b4%ea%bd%83-%ed%95%84%eb%a7%81\\\/\",\"name\":\"\",\"isPartOf\":{\"@id\":\"https:\\\/\\\/naturalpoland.com\\\/ko\\\/#website\"},\"primaryImageOfPage\":{\"@id\":\"https:\\\/\\\/naturalpoland.com\\\/ko\\\/je-pum\\\/hwa-jang-pum-won-ryo\\\/pil-ling-je\\\/%eb%8b%ac%eb%a7%9e%ec%9d%b4%ea%bd%83-%ed%95%84%eb%a7%81\\\/#primaryimage\"},\"image\":{\"@id\":\"https:\\\/\\\/naturalpoland.com\\\/ko\\\/je-pum\\\/hwa-jang-pum-won-ryo\\\/pil-ling-je\\\/%eb%8b%ac%eb%a7%9e%ec%9d%b4%ea%bd%83-%ed%95%84%eb%a7%81\\\/#primaryimage\"},\"thumbnailUrl\":\"https:\\\/\\\/naturalpoland.com\\\/wp-content\\\/uploads\\\/peeling-z-wiesiolka.jpg\",\"datePublished\":\"2021-05-11T11:54:09+00:00\",\"dateModified\":\"2025-09-19T10:46:15+00:00\",\"description\":\"\uc624\ub178\ud14c\ub77c \ube44\uc5d4\ub2c8\uc2a4 \uc528\ub4dc \ud30c\uc6b0\ub354(Oenothera Biennis Seed Powder)\ub85c \ud754\ud788 \ud45c\uae30\ub418\ub294 \ub2ec\ub9de\uc774\uaf43 \uac00\ub8e8\ub294 \ub2ec\ub9de\uc774\uaf43 \uc2dd\ubb3c\uc758 \uc528\uc557\uc5d0\uc11c \ucd94\ucd9c\ub429\ub2c8\ub2e4.\",\"breadcrumb\":{\"@id\":\"https:\\\/\\\/naturalpoland.com\\\/ko\\\/je-pum\\\/hwa-jang-pum-won-ryo\\\/pil-ling-je\\\/%eb%8b%ac%eb%a7%9e%ec%9d%b4%ea%bd%83-%ed%95%84%eb%a7%81\\\/#breadcrumb\"},\"inLanguage\":\"ko-KR\",\"potentialAction\":[{\"@type\":\"ReadAction\",\"target\":[\"https:\\\/\\\/naturalpoland.com\\\/ko\\\/je-pum\\\/hwa-jang-pum-won-ryo\\\/pil-ling-je\\\/%eb%8b%ac%eb%a7%9e%ec%9d%b4%ea%bd%83-%ed%95%84%eb%a7%81\\\/\"]}]},{\"@type\":\"ImageObject\",\"inLanguage\":\"ko-KR\",\"@id\":\"https:\\\/\\\/naturalpoland.com\\\/ko\\\/je-pum\\\/hwa-jang-pum-won-ryo\\\/pil-ling-je\\\/%eb%8b%ac%eb%a7%9e%ec%9d%b4%ea%bd%83-%ed%95%84%eb%a7%81\\\/#primaryimage\",\"url\":\"https:\\\/\\\/naturalpoland.com\\\/wp-content\\\/uploads\\\/peeling-z-wiesiolka.jpg\",\"contentUrl\":\"https:\\\/\\\/naturalpoland.com\\\/wp-content\\\/uploads\\\/peeling-z-wiesiolka.jpg\",\"width\":650,\"height\":650,\"caption\":\"\ub2ec\ub9de\uc774\uaf43 \ud544\ub9c1\"},{\"@type\":\"BreadcrumbList\",\"@id\":\"https:\\\/\\\/naturalpoland.com\\\/ko\\\/je-pum\\\/hwa-jang-pum-won-ryo\\\/pil-ling-je\\\/%eb%8b%ac%eb%a7%9e%ec%9d%b4%ea%bd%83-%ed%95%84%eb%a7%81\\\/#breadcrumb\",\"itemListElement\":[{\"@type\":\"ListItem\",\"position\":1,\"name\":\"\ud648\",\"item\":\"https:\\\/\\\/naturalpoland.com\\\/ko\\\/\"},{\"@type\":\"ListItem\",\"position\":2,\"name\":\"\uc81c\ud488\",\"item\":\"https:\\\/\\\/naturalpoland.com\\\/ko\\\/%ec%a0%9c%ed%92%88\\\/\"},{\"@type\":\"ListItem\",\"position\":3,\"name\":\"\ub2ec\ub9de\uc774\uaf43 \ud544\ub9c1\"}]},{\"@type\":\"WebSite\",\"@id\":\"https:\\\/\\\/naturalpoland.com\\\/ko\\\/#website\",\"url\":\"https:\\\/\\\/naturalpoland.com\\\/ko\\\/\",\"name\":\"NATURAL POLAND - Hurtowy Dystrybutor Surowc\u00f3w\",\"description\":\"Surowce dla przemys\u0142u spo\u017cywczego, kosmetycznego i farmaceutycznego\",\"publisher\":{\"@id\":\"https:\\\/\\\/naturalpoland.com\\\/ko\\\/#organization\"},\"potentialAction\":[{\"@type\":\"SearchAction\",\"target\":{\"@type\":\"EntryPoint\",\"urlTemplate\":\"https:\\\/\\\/naturalpoland.com\\\/ko\\\/?s={search_term_string}\"},\"query-input\":{\"@type\":\"PropertyValueSpecification\",\"valueRequired\":true,\"valueName\":\"search_term_string\"}}],\"inLanguage\":\"ko-KR\"},{\"@type\":\"Organization\",\"@id\":\"https:\\\/\\\/naturalpoland.com\\\/ko\\\/#organization\",\"name\":\"Natural Poland\",\"url\":\"https:\\\/\\\/naturalpoland.com\\\/ko\\\/\",\"logo\":{\"@type\":\"ImageObject\",\"inLanguage\":\"ko-KR\",\"@id\":\"https:\\\/\\\/naturalpoland.com\\\/ko\\\/#\\\/schema\\\/logo\\\/image\\\/\",\"url\":\"https:\\\/\\\/naturalpoland.com\\\/wp-content\\\/uploads\\\/2021\\\/05\\\/natural-poland-icon.png\",\"contentUrl\":\"https:\\\/\\\/naturalpoland.com\\\/wp-content\\\/uploads\\\/2021\\\/05\\\/natural-poland-icon.png\",\"width\":512,\"height\":512,\"caption\":\"Natural Poland\"},\"image\":{\"@id\":\"https:\\\/\\\/naturalpoland.com\\\/ko\\\/#\\\/schema\\\/logo\\\/image\\\/\"},\"sameAs\":[\"https:\\\/\\\/www.facebook.com\\\/naturalpoland.b2b\",\"https:\\\/\\\/pl.linkedin.com\\\/company\\\/natural-poland\",\"https:\\\/\\\/www.youtube.com\\\/channel\\\/UCgeGGkvOMahZo-xu_MSEWxg\"]}]}<\/script>\n<!-- \/ Yoast SEO plugin. -->","yoast_head_json":{"title":"NATURAL POLAND &#8211; Hurtowy Dystrybutor Surowc\u00f3w","description":"\uc624\ub178\ud14c\ub77c \ube44\uc5d4\ub2c8\uc2a4 \uc528\ub4dc \ud30c\uc6b0\ub354(Oenothera Biennis Seed Powder)\ub85c \ud754\ud788 \ud45c\uae30\ub418\ub294 \ub2ec\ub9de\uc774\uaf43 \uac00\ub8e8\ub294 \ub2ec\ub9de\uc774\uaf43 \uc2dd\ubb3c\uc758 \uc528\uc557\uc5d0\uc11c \ucd94\ucd9c\ub429\ub2c8\ub2e4.","robots":{"index":"index","follow":"follow","max-snippet":"max-snippet:-1","max-image-preview":"max-image-preview:large","max-video-preview":"max-video-preview:-1"},"canonical":"https:\/\/naturalpoland.com\/ko\/je-pum\/hwa-jang-pum-won-ryo\/pil-ling-je\/%eb%8b%ac%eb%a7%9e%ec%9d%b4%ea%bd%83-%ed%95%84%eb%a7%81\/","og_locale":"ko_KR","og_type":"article","og_description":"\uc624\ub178\ud14c\ub77c \ube44\uc5d4\ub2c8\uc2a4 \uc528\ub4dc \ud30c\uc6b0\ub354(Oenothera Biennis Seed Powder)\ub85c \ud754\ud788 \ud45c\uae30\ub418\ub294 \ub2ec\ub9de\uc774\uaf43 \uac00\ub8e8\ub294 \ub2ec\ub9de\uc774\uaf43 \uc2dd\ubb3c\uc758 \uc528\uc557\uc5d0\uc11c \ucd94\ucd9c\ub429\ub2c8\ub2e4.","og_url":"https:\/\/naturalpoland.com\/ko\/je-pum\/hwa-jang-pum-won-ryo\/pil-ling-je\/%eb%8b%ac%eb%a7%9e%ec%9d%b4%ea%bd%83-%ed%95%84%eb%a7%81\/","og_site_name":"NATURAL POLAND - Hurtowy Dystrybutor Surowc\u00f3w","article_publisher":"https:\/\/www.facebook.com\/naturalpoland.b2b","article_modified_time":"2025-09-19T10:46:15+00:00","og_image":[{"width":650,"height":650,"url":"https:\/\/naturalpoland.com\/wp-content\/uploads\/peeling-z-wiesiolka.jpg","type":"image\/jpeg"}],"schema":{"@context":"https:\/\/schema.org","@graph":[{"@type":"WebPage","@id":"https:\/\/naturalpoland.com\/ko\/je-pum\/hwa-jang-pum-won-ryo\/pil-ling-je\/%eb%8b%ac%eb%a7%9e%ec%9d%b4%ea%bd%83-%ed%95%84%eb%a7%81\/","url":"https:\/\/naturalpoland.com\/ko\/je-pum\/hwa-jang-pum-won-ryo\/pil-ling-je\/%eb%8b%ac%eb%a7%9e%ec%9d%b4%ea%bd%83-%ed%95%84%eb%a7%81\/","name":"","isPartOf":{"@id":"https:\/\/naturalpoland.com\/ko\/#website"},"primaryImageOfPage":{"@id":"https:\/\/naturalpoland.com\/ko\/je-pum\/hwa-jang-pum-won-ryo\/pil-ling-je\/%eb%8b%ac%eb%a7%9e%ec%9d%b4%ea%bd%83-%ed%95%84%eb%a7%81\/#primaryimage"},"image":{"@id":"https:\/\/naturalpoland.com\/ko\/je-pum\/hwa-jang-pum-won-ryo\/pil-ling-je\/%eb%8b%ac%eb%a7%9e%ec%9d%b4%ea%bd%83-%ed%95%84%eb%a7%81\/#primaryimage"},"thumbnailUrl":"https:\/\/naturalpoland.com\/wp-content\/uploads\/peeling-z-wiesiolka.jpg","datePublished":"2021-05-11T11:54:09+00:00","dateModified":"2025-09-19T10:46:15+00:00","description":"\uc624\ub178\ud14c\ub77c \ube44\uc5d4\ub2c8\uc2a4 \uc528\ub4dc \ud30c\uc6b0\ub354(Oenothera Biennis Seed Powder)\ub85c \ud754\ud788 \ud45c\uae30\ub418\ub294 \ub2ec\ub9de\uc774\uaf43 \uac00\ub8e8\ub294 \ub2ec\ub9de\uc774\uaf43 \uc2dd\ubb3c\uc758 \uc528\uc557\uc5d0\uc11c \ucd94\ucd9c\ub429\ub2c8\ub2e4.","breadcrumb":{"@id":"https:\/\/naturalpoland.com\/ko\/je-pum\/hwa-jang-pum-won-ryo\/pil-ling-je\/%eb%8b%ac%eb%a7%9e%ec%9d%b4%ea%bd%83-%ed%95%84%eb%a7%81\/#breadcrumb"},"inLanguage":"ko-KR","potentialAction":[{"@type":"ReadAction","target":["https:\/\/naturalpoland.com\/ko\/je-pum\/hwa-jang-pum-won-ryo\/pil-ling-je\/%eb%8b%ac%eb%a7%9e%ec%9d%b4%ea%bd%83-%ed%95%84%eb%a7%81\/"]}]},{"@type":"ImageObject","inLanguage":"ko-KR","@id":"https:\/\/naturalpoland.com\/ko\/je-pum\/hwa-jang-pum-won-ryo\/pil-ling-je\/%eb%8b%ac%eb%a7%9e%ec%9d%b4%ea%bd%83-%ed%95%84%eb%a7%81\/#primaryimage","url":"https:\/\/naturalpoland.com\/wp-content\/uploads\/peeling-z-wiesiolka.jpg","contentUrl":"https:\/\/naturalpoland.com\/wp-content\/uploads\/peeling-z-wiesiolka.jpg","width":650,"height":650,"caption":"\ub2ec\ub9de\uc774\uaf43 \ud544\ub9c1"},{"@type":"BreadcrumbList","@id":"https:\/\/naturalpoland.com\/ko\/je-pum\/hwa-jang-pum-won-ryo\/pil-ling-je\/%eb%8b%ac%eb%a7%9e%ec%9d%b4%ea%bd%83-%ed%95%84%eb%a7%81\/#breadcrumb","itemListElement":[{"@type":"ListItem","position":1,"name":"\ud648","item":"https:\/\/naturalpoland.com\/ko\/"},{"@type":"ListItem","position":2,"name":"\uc81c\ud488","item":"https:\/\/naturalpoland.com\/ko\/%ec%a0%9c%ed%92%88\/"},{"@type":"ListItem","position":3,"name":"\ub2ec\ub9de\uc774\uaf43 \ud544\ub9c1"}]},{"@type":"WebSite","@id":"https:\/\/naturalpoland.com\/ko\/#website","url":"https:\/\/naturalpoland.com\/ko\/","name":"NATURAL POLAND - Hurtowy Dystrybutor Surowc\u00f3w","description":"Surowce dla przemys\u0142u spo\u017cywczego, kosmetycznego i farmaceutycznego","publisher":{"@id":"https:\/\/naturalpoland.com\/ko\/#organization"},"potentialAction":[{"@type":"SearchAction","target":{"@type":"EntryPoint","urlTemplate":"https:\/\/naturalpoland.com\/ko\/?s={search_term_string}"},"query-input":{"@type":"PropertyValueSpecification","valueRequired":true,"valueName":"search_term_string"}}],"inLanguage":"ko-KR"},{"@type":"Organization","@id":"https:\/\/naturalpoland.com\/ko\/#organization","name":"Natural Poland","url":"https:\/\/naturalpoland.com\/ko\/","logo":{"@type":"ImageObject","inLanguage":"ko-KR","@id":"https:\/\/naturalpoland.com\/ko\/#\/schema\/logo\/image\/","url":"https:\/\/naturalpoland.com\/wp-content\/uploads\/2021\/05\/natural-poland-icon.png","contentUrl":"https:\/\/naturalpoland.com\/wp-content\/uploads\/2021\/05\/natural-poland-icon.png","width":512,"height":512,"caption":"Natural Poland"},"image":{"@id":"https:\/\/naturalpoland.com\/ko\/#\/schema\/logo\/image\/"},"sameAs":["https:\/\/www.facebook.com\/naturalpoland.b2b","https:\/\/pl.linkedin.com\/company\/natural-poland","https:\/\/www.youtube.com\/channel\/UCgeGGkvOMahZo-xu_MSEWxg"]}]}},"_links":{"self":[{"href":"https:\/\/naturalpoland.com\/ko\/wp-json\/wp\/v2\/product\/43282","targetHints":{"allow":["GET"]}}],"collection":[{"href":"https:\/\/naturalpoland.com\/ko\/wp-json\/wp\/v2\/product"}],"about":[{"href":"https:\/\/naturalpoland.com\/ko\/wp-json\/wp\/v2\/types\/product"}],"wp:featuredmedia":[{"embeddable":true,"href":"https:\/\/naturalpoland.com\/ko\/wp-json\/wp\/v2\/media\/43284"}],"wp:attachment":[{"href":"https:\/\/naturalpoland.com\/ko\/wp-json\/wp\/v2\/media?parent=43282"}],"wp:term":[{"taxonomy":"product_brand","embeddable":true,"href":"https:\/\/naturalpoland.com\/ko\/wp-json\/wp\/v2\/product_brand?post=43282"},{"taxonomy":"product_cat","embeddable":true,"href":"https:\/\/naturalpoland.com\/ko\/wp-json\/wp\/v2\/product_cat?post=43282"},{"taxonomy":"product_tag","embeddable":true,"href":"https:\/\/naturalpoland.com\/ko\/wp-json\/wp\/v2\/product_tag?post=43282"}],"curies":[{"name":"wp","href":"https:\/\/api.w.org\/{rel}","templated":true}]}}