{"id":43285,"date":"2021-05-11T13:54:09","date_gmt":"2021-05-11T11:54:09","guid":{"rendered":"https:\/\/naturalpoland.com\/produkty\/uncategorized\/%eb%94%b8%ea%b8%b0-%ec%94%a8%ec%95%97-%ec%8a%a4%ed%81%ac%eb%9f%bd\/"},"modified":"2025-09-19T12:46:36","modified_gmt":"2025-09-19T10:46:36","slug":"%eb%94%b8%ea%b8%b0-%ec%94%a8%ec%95%97-%ec%8a%a4%ed%81%ac%eb%9f%bd","status":"publish","type":"product","link":"https:\/\/naturalpoland.com\/ko\/je-pum\/hwa-jang-pum-won-ryo\/pil-ling-je\/%eb%94%b8%ea%b8%b0-%ec%94%a8%ec%95%97-%ec%8a%a4%ed%81%ac%eb%9f%bd\/","title":{"rendered":"\ub538\uae30 \uc528\uc557 \uc2a4\ud06c\ub7fd"},"content":{"rendered":"<h2>\ub538\uae30 \uc2a4\ud06c\ub7fd\uc758 \ud2b9\uc131<\/h2>\n<p>\ub538\uae30 \uc528\uc557 \uc2a4\ud06c\ub7fd\uc740 \uc8fd\uc740 \ud53c\ubd80 \uc138\ud3ec\ub97c \ubd80\ub4dc\ub7fd\uac8c \uc81c\uac70\ud558\uace0, \ud53c\ubd80 \uacb0\uc744 \uac1c\uc120\ud558\uba70 \ub9e4\ub044\ub7ec\uc6c0\uc744 \uc120\uc0ac\ud569\ub2c8\ub2e4. \ubbf8\uc138 \uc21c\ud658\uc744 \ucd09\uc9c4\ud558\uace0 \ud53c\ubd80\uc5d0 \uc0b0\uc18c \uacf5\uae09\uc744 \uc99d\uac00\uc2dc\ucf1c \ud53c\ubd80\ub97c \ube5b\ub098\uac8c \ud569\ub2c8\ub2e4. <\/p>\n<p>\ub538\uae30 \uc528\uc557\uc740 \ud65c\uc131 \uc0b0\uc18c\ub97c \ud1f4\uce58\ud558\ub294 \ucc9c\uc5f0 \ud56d\uc0b0\ud654\uc81c\ub97c \ud568\uc720\ud558\uace0 \uc788\uc2b5\ub2c8\ub2e4.<\/p>\n<h2>\ub538\uae30 \uc528\uc557 \uc2a4\ud06c\ub7fd\uc758 \uc801\uc6a9<\/h2>\n<p>\uc774 \uc2a4\ud06c\ub7fd\uc740 \ubc14\ub514 \uc2a4\ud06c\ub7fd, \ud398\uc774\uc2a4 \ub9c8\uc2a4\ud06c, \uc0f4\ud478 \ubc0f \ubc1c \uad00\ub9ac \uc81c\ud488\uacfc \uac19\uc740 \ub2e4\uc591\ud55c \ud654\uc7a5\ud488 \uc81c\ud615\uc5d0 \uc0ac\uc6a9\ub420 \uc218 \uc788\uc2b5\ub2c8\ub2e4. \uc624\uc77c, \ud06c\ub9bc, \ube44\ub204\uc640\ub3c4 \uc798 \uc5b4\uc6b8\ub9bd\ub2c8\ub2e4. <\/p>\n<p>\ub610\ud55c \uc0e4\uc6cc \uc824, \uc561\uccb4 \ube44\ub204 \ub610\ub294 \uac01\uc9c8 \uc81c\uac70 \uae00\ub9ac\uc138\ub9b0 \ubc14\uc758 \uc131\ubd84\uc73c\ub85c \uc0ac\uc6a9\ub420 \uc218 \uc788\uc2b5\ub2c8\ub2e4.<\/p>\n<p>\uc774 \uc2a4\ud06c\ub7fd\uc740 \uc5bc\uad74\uacfc \uc804\uc2e0 \uac01\uc9c8 \uc81c\uac70\uc5d0 \ubaa8\ub450 \uc801\ud569\ud569\ub2c8\ub2e4. \ub610\ud55c \ub450\ud53c \ub9c8\uc0ac\uc9c0\uc5d0 \uc0ac\uc6a9\ub420 \uc218 \uc788\uc73c\uba70, \uc774\ub294 \ud608\uc561 \uc21c\ud658\uc744 \uac1c\uc120\ud558\uace0 \ubaa8\ubc1c \uc131\uc7a5\uc744 \ucd09\uc9c4\ud560 \uac83\uc785\ub2c8\ub2e4. <\/p>\n<h2>\uc0ac\uc6a9 \uc774\uc810:<\/h2>\n<p>\uc2a4\ud06c\ub7fd\uc740 \uc8fd\uc740 \ud53c\ubd80 \uc138\ud3ec\uce35\uc744 \uc81c\uac70\ud558\uc5ec \ud53c\ubd80\uc758 \ud608\uc561 \uc21c\ud658\uc744 \ucd09\uc9c4\ud558\uace0 \uc7ac\uc0dd\uc744 \uc790\uadf9\ud569\ub2c8\ub2e4. \uc774\ub97c \ud1b5\ud574 \ud53c\ubd80\ub294 \ud0c4\ub825 \uc788\uace0, \ud0f1\ud0f1\ud558\uba70, \uc0b0\uc18c\uac00 \uc798 \uacf5\uae09\ub429\ub2c8\ub2e4. \uc774\ub7ec\ud55c \uacfc\uc815\uc740 \ub9e4\uc6b0 \ud3b8\uc548\ud558\uba70 \ube44\uad50\uc801 \uc9e7\uc740 \uc2dc\uac04 \ub0b4\uc5d0 \ub9e4\ub044\ub7ec\uc6b4 \ud53c\ubd80\ub97c \uc5bb\uc744 \uc218 \uc788\uac8c \ud569\ub2c8\ub2e4.  <\/p>\n<p>\uc774 \uc81c\ud488\uc740 \uc81c\ub85c \uc6e8\uc774\uc2a4\ud2b8 \uc811\uadfc \ubc29\uc2dd\uc744 \uc9c0\uc9c0\ud558\uba70 \ud569\uc131 \uc131\ubd84 \uc0ac\uc6a9\uc744 \uc904\uc5ec \ud658\uacbd\uc5d0 \uc774\ub86d\uc2b5\ub2c8\ub2e4.<\/p>\n<p>\ub538\uae30 \uc528\uc557 \uc2a4\ud06c\ub7fd\uc740 \ubbf8\uc0dd\ubb3c\ud559\uc801\uc73c\ub85c \uc548\uc804\ud55c \uc81c\ud488\uc774\uba70, \uc911\uae08\uc18d \ubc0f \uc624\uc5fc \ubb3c\uc9c8\uc5d0 \ub300\ud55c EC \uaddc\uc81c \uc694\uad6c \uc0ac\ud56d\uc744 \ucda9\uc871\ud569\ub2c8\ub2e4.<\/p>\n","protected":false},"excerpt":{"rendered":"<p><strong>\ub538\uae30 \uc528\uc557 \uc2a4\ud06c\ub7fd<\/strong> (<em>\ud504\ub77c\uac00\ub9ac\uc544 \uc544\ub098\ub098\uc0ac<\/em>)\uc740 \uc774 \uacfc\uc77c\uc5d0\uc11c \uc624\uc77c\uc744 \uc0dd\uc0b0\ud558\ub294 \uacfc\uc815\uc5d0\uc11c \ub098\uc624\ub294 \ubd80\uc0b0\ubb3c\uc778 \ub538\uae30 \uc528\uc557\uc73c\ub85c \ub9cc\ub4e4\uc5b4\uc9c4 \uc790\uc5f0\uc801\uc774\uace0 \uce5c\ud658\uacbd\uc801\uc778 \uac01\uc9c8 \uc81c\uac70 \uc81c\ud488\uc785\ub2c8\ub2e4. \uc774\ub294 \uc720\ud574\ud55c \ubbf8\uc138 \ud50c\ub77c\uc2a4\ud2f1\uc744 \ud568\uc720\ud55c \ud569\uc131 \uc2a4\ud06c\ub7fd\uc5d0 \ub300\ud55c \ud6cc\ub96d\ud558\uace0 \uc9c0\uc18d \uac00\ub2a5\ud55c \ub300\uc548\uc774 \ub429\ub2c8\ub2e4. <\/p>\n","protected":false},"featured_media":43287,"template":"","meta":[],"product_brand":[],"product_cat":[8156],"product_tag":[],"class_list":{"0":"post-43285","1":"product","2":"type-product","3":"status-publish","4":"has-post-thumbnail","6":"product_cat-pil-ling-je","8":"first","9":"instock","10":"shipping-taxable","11":"product-type-simple"},"yoast_head":"<!-- This site is optimized with the Yoast SEO plugin v27.3 - https:\/\/yoast.com\/product\/yoast-seo-wordpress\/ -->\n<title>NATURAL POLAND &#8211; Hurtowy Dystrybutor Surowc\u00f3w<\/title>\n<meta name=\"description\" content=\"\ub538\uae30 \uc528\uc557 \uc2a4\ud06c\ub7fd (\ud504\ub77c\uac00\ub9ac\uc544 \uc544\ub098\ub098\uc0ac)\uc740 \ub538\uae30 \uc528\uc557\uc73c\ub85c \ub9cc\ub4e4\uc5b4\uc9c4 \uc790\uc5f0\uc801\uc774\uace0 \uce5c\ud658\uacbd\uc801\uc778 \uac01\uc9c8 \uc81c\uac70 \uc81c\ud488\uc785\ub2c8\ub2e4.\" \/>\n<meta name=\"robots\" content=\"index, follow, max-snippet:-1, max-image-preview:large, max-video-preview:-1\" \/>\n<link rel=\"canonical\" href=\"https:\/\/naturalpoland.com\/ko\/je-pum\/hwa-jang-pum-won-ryo\/pil-ling-je\/%eb%94%b8%ea%b8%b0-%ec%94%a8%ec%95%97-%ec%8a%a4%ed%81%ac%eb%9f%bd\/\" \/>\n<meta property=\"og:locale\" content=\"ko_KR\" \/>\n<meta property=\"og:type\" content=\"article\" \/>\n<meta property=\"og:description\" content=\"\ub538\uae30 \uc528\uc557 \uc2a4\ud06c\ub7fd (\ud504\ub77c\uac00\ub9ac\uc544 \uc544\ub098\ub098\uc0ac)\uc740 \ub538\uae30 \uc528\uc557\uc73c\ub85c \ub9cc\ub4e4\uc5b4\uc9c4 \uc790\uc5f0\uc801\uc774\uace0 \uce5c\ud658\uacbd\uc801\uc778 \uac01\uc9c8 \uc81c\uac70 \uc81c\ud488\uc785\ub2c8\ub2e4.\" \/>\n<meta property=\"og:url\" content=\"https:\/\/naturalpoland.com\/ko\/je-pum\/hwa-jang-pum-won-ryo\/pil-ling-je\/%eb%94%b8%ea%b8%b0-%ec%94%a8%ec%95%97-%ec%8a%a4%ed%81%ac%eb%9f%bd\/\" \/>\n<meta property=\"og:site_name\" content=\"NATURAL POLAND - Hurtowy Dystrybutor Surowc\u00f3w\" \/>\n<meta property=\"article:publisher\" content=\"https:\/\/www.facebook.com\/naturalpoland.b2b\" \/>\n<meta property=\"article:modified_time\" content=\"2025-09-19T10:46:36+00:00\" \/>\n<meta property=\"og:image\" content=\"https:\/\/naturalpoland.com\/wp-content\/uploads\/peeling-truskawkowy.webp\" \/>\n\t<meta property=\"og:image:width\" content=\"619\" \/>\n\t<meta property=\"og:image:height\" content=\"619\" \/>\n\t<meta property=\"og:image:type\" content=\"image\/webp\" \/>\n<script type=\"application\/ld+json\" class=\"yoast-schema-graph\">{\"@context\":\"https:\\\/\\\/schema.org\",\"@graph\":[{\"@type\":\"WebPage\",\"@id\":\"https:\\\/\\\/naturalpoland.com\\\/ko\\\/je-pum\\\/hwa-jang-pum-won-ryo\\\/pil-ling-je\\\/%eb%94%b8%ea%b8%b0-%ec%94%a8%ec%95%97-%ec%8a%a4%ed%81%ac%eb%9f%bd\\\/\",\"url\":\"https:\\\/\\\/naturalpoland.com\\\/ko\\\/je-pum\\\/hwa-jang-pum-won-ryo\\\/pil-ling-je\\\/%eb%94%b8%ea%b8%b0-%ec%94%a8%ec%95%97-%ec%8a%a4%ed%81%ac%eb%9f%bd\\\/\",\"name\":\"\",\"isPartOf\":{\"@id\":\"https:\\\/\\\/naturalpoland.com\\\/ko\\\/#website\"},\"primaryImageOfPage\":{\"@id\":\"https:\\\/\\\/naturalpoland.com\\\/ko\\\/je-pum\\\/hwa-jang-pum-won-ryo\\\/pil-ling-je\\\/%eb%94%b8%ea%b8%b0-%ec%94%a8%ec%95%97-%ec%8a%a4%ed%81%ac%eb%9f%bd\\\/#primaryimage\"},\"image\":{\"@id\":\"https:\\\/\\\/naturalpoland.com\\\/ko\\\/je-pum\\\/hwa-jang-pum-won-ryo\\\/pil-ling-je\\\/%eb%94%b8%ea%b8%b0-%ec%94%a8%ec%95%97-%ec%8a%a4%ed%81%ac%eb%9f%bd\\\/#primaryimage\"},\"thumbnailUrl\":\"https:\\\/\\\/naturalpoland.com\\\/wp-content\\\/uploads\\\/peeling-truskawkowy.webp\",\"datePublished\":\"2021-05-11T11:54:09+00:00\",\"dateModified\":\"2025-09-19T10:46:36+00:00\",\"description\":\"\ub538\uae30 \uc528\uc557 \uc2a4\ud06c\ub7fd (\ud504\ub77c\uac00\ub9ac\uc544 \uc544\ub098\ub098\uc0ac)\uc740 \ub538\uae30 \uc528\uc557\uc73c\ub85c \ub9cc\ub4e4\uc5b4\uc9c4 \uc790\uc5f0\uc801\uc774\uace0 \uce5c\ud658\uacbd\uc801\uc778 \uac01\uc9c8 \uc81c\uac70 \uc81c\ud488\uc785\ub2c8\ub2e4.\",\"breadcrumb\":{\"@id\":\"https:\\\/\\\/naturalpoland.com\\\/ko\\\/je-pum\\\/hwa-jang-pum-won-ryo\\\/pil-ling-je\\\/%eb%94%b8%ea%b8%b0-%ec%94%a8%ec%95%97-%ec%8a%a4%ed%81%ac%eb%9f%bd\\\/#breadcrumb\"},\"inLanguage\":\"ko-KR\",\"potentialAction\":[{\"@type\":\"ReadAction\",\"target\":[\"https:\\\/\\\/naturalpoland.com\\\/ko\\\/je-pum\\\/hwa-jang-pum-won-ryo\\\/pil-ling-je\\\/%eb%94%b8%ea%b8%b0-%ec%94%a8%ec%95%97-%ec%8a%a4%ed%81%ac%eb%9f%bd\\\/\"]}]},{\"@type\":\"ImageObject\",\"inLanguage\":\"ko-KR\",\"@id\":\"https:\\\/\\\/naturalpoland.com\\\/ko\\\/je-pum\\\/hwa-jang-pum-won-ryo\\\/pil-ling-je\\\/%eb%94%b8%ea%b8%b0-%ec%94%a8%ec%95%97-%ec%8a%a4%ed%81%ac%eb%9f%bd\\\/#primaryimage\",\"url\":\"https:\\\/\\\/naturalpoland.com\\\/wp-content\\\/uploads\\\/peeling-truskawkowy.webp\",\"contentUrl\":\"https:\\\/\\\/naturalpoland.com\\\/wp-content\\\/uploads\\\/peeling-truskawkowy.webp\",\"width\":619,\"height\":619,\"caption\":\"\ub538\uae30 \uc528\uc557 \uc2a4\ud06c\ub7fd\"},{\"@type\":\"BreadcrumbList\",\"@id\":\"https:\\\/\\\/naturalpoland.com\\\/ko\\\/je-pum\\\/hwa-jang-pum-won-ryo\\\/pil-ling-je\\\/%eb%94%b8%ea%b8%b0-%ec%94%a8%ec%95%97-%ec%8a%a4%ed%81%ac%eb%9f%bd\\\/#breadcrumb\",\"itemListElement\":[{\"@type\":\"ListItem\",\"position\":1,\"name\":\"\ud648\",\"item\":\"https:\\\/\\\/naturalpoland.com\\\/ko\\\/\"},{\"@type\":\"ListItem\",\"position\":2,\"name\":\"\uc81c\ud488\",\"item\":\"https:\\\/\\\/naturalpoland.com\\\/ko\\\/%ec%a0%9c%ed%92%88\\\/\"},{\"@type\":\"ListItem\",\"position\":3,\"name\":\"\ub538\uae30 \uc528\uc557 \uc2a4\ud06c\ub7fd\"}]},{\"@type\":\"WebSite\",\"@id\":\"https:\\\/\\\/naturalpoland.com\\\/ko\\\/#website\",\"url\":\"https:\\\/\\\/naturalpoland.com\\\/ko\\\/\",\"name\":\"NATURAL POLAND - Hurtowy Dystrybutor Surowc\u00f3w\",\"description\":\"Surowce dla przemys\u0142u spo\u017cywczego, kosmetycznego i farmaceutycznego\",\"publisher\":{\"@id\":\"https:\\\/\\\/naturalpoland.com\\\/ko\\\/#organization\"},\"potentialAction\":[{\"@type\":\"SearchAction\",\"target\":{\"@type\":\"EntryPoint\",\"urlTemplate\":\"https:\\\/\\\/naturalpoland.com\\\/ko\\\/?s={search_term_string}\"},\"query-input\":{\"@type\":\"PropertyValueSpecification\",\"valueRequired\":true,\"valueName\":\"search_term_string\"}}],\"inLanguage\":\"ko-KR\"},{\"@type\":\"Organization\",\"@id\":\"https:\\\/\\\/naturalpoland.com\\\/ko\\\/#organization\",\"name\":\"Natural Poland\",\"url\":\"https:\\\/\\\/naturalpoland.com\\\/ko\\\/\",\"logo\":{\"@type\":\"ImageObject\",\"inLanguage\":\"ko-KR\",\"@id\":\"https:\\\/\\\/naturalpoland.com\\\/ko\\\/#\\\/schema\\\/logo\\\/image\\\/\",\"url\":\"https:\\\/\\\/naturalpoland.com\\\/wp-content\\\/uploads\\\/2021\\\/05\\\/natural-poland-icon.png\",\"contentUrl\":\"https:\\\/\\\/naturalpoland.com\\\/wp-content\\\/uploads\\\/2021\\\/05\\\/natural-poland-icon.png\",\"width\":512,\"height\":512,\"caption\":\"Natural Poland\"},\"image\":{\"@id\":\"https:\\\/\\\/naturalpoland.com\\\/ko\\\/#\\\/schema\\\/logo\\\/image\\\/\"},\"sameAs\":[\"https:\\\/\\\/www.facebook.com\\\/naturalpoland.b2b\",\"https:\\\/\\\/pl.linkedin.com\\\/company\\\/natural-poland\",\"https:\\\/\\\/www.youtube.com\\\/channel\\\/UCgeGGkvOMahZo-xu_MSEWxg\"]}]}<\/script>\n<!-- \/ Yoast SEO plugin. -->","yoast_head_json":{"title":"NATURAL POLAND &#8211; Hurtowy Dystrybutor Surowc\u00f3w","description":"\ub538\uae30 \uc528\uc557 \uc2a4\ud06c\ub7fd (\ud504\ub77c\uac00\ub9ac\uc544 \uc544\ub098\ub098\uc0ac)\uc740 \ub538\uae30 \uc528\uc557\uc73c\ub85c \ub9cc\ub4e4\uc5b4\uc9c4 \uc790\uc5f0\uc801\uc774\uace0 \uce5c\ud658\uacbd\uc801\uc778 \uac01\uc9c8 \uc81c\uac70 \uc81c\ud488\uc785\ub2c8\ub2e4.","robots":{"index":"index","follow":"follow","max-snippet":"max-snippet:-1","max-image-preview":"max-image-preview:large","max-video-preview":"max-video-preview:-1"},"canonical":"https:\/\/naturalpoland.com\/ko\/je-pum\/hwa-jang-pum-won-ryo\/pil-ling-je\/%eb%94%b8%ea%b8%b0-%ec%94%a8%ec%95%97-%ec%8a%a4%ed%81%ac%eb%9f%bd\/","og_locale":"ko_KR","og_type":"article","og_description":"\ub538\uae30 \uc528\uc557 \uc2a4\ud06c\ub7fd (\ud504\ub77c\uac00\ub9ac\uc544 \uc544\ub098\ub098\uc0ac)\uc740 \ub538\uae30 \uc528\uc557\uc73c\ub85c \ub9cc\ub4e4\uc5b4\uc9c4 \uc790\uc5f0\uc801\uc774\uace0 \uce5c\ud658\uacbd\uc801\uc778 \uac01\uc9c8 \uc81c\uac70 \uc81c\ud488\uc785\ub2c8\ub2e4.","og_url":"https:\/\/naturalpoland.com\/ko\/je-pum\/hwa-jang-pum-won-ryo\/pil-ling-je\/%eb%94%b8%ea%b8%b0-%ec%94%a8%ec%95%97-%ec%8a%a4%ed%81%ac%eb%9f%bd\/","og_site_name":"NATURAL POLAND - Hurtowy Dystrybutor Surowc\u00f3w","article_publisher":"https:\/\/www.facebook.com\/naturalpoland.b2b","article_modified_time":"2025-09-19T10:46:36+00:00","og_image":[{"width":619,"height":619,"url":"https:\/\/naturalpoland.com\/wp-content\/uploads\/peeling-truskawkowy.webp","type":"image\/webp"}],"schema":{"@context":"https:\/\/schema.org","@graph":[{"@type":"WebPage","@id":"https:\/\/naturalpoland.com\/ko\/je-pum\/hwa-jang-pum-won-ryo\/pil-ling-je\/%eb%94%b8%ea%b8%b0-%ec%94%a8%ec%95%97-%ec%8a%a4%ed%81%ac%eb%9f%bd\/","url":"https:\/\/naturalpoland.com\/ko\/je-pum\/hwa-jang-pum-won-ryo\/pil-ling-je\/%eb%94%b8%ea%b8%b0-%ec%94%a8%ec%95%97-%ec%8a%a4%ed%81%ac%eb%9f%bd\/","name":"","isPartOf":{"@id":"https:\/\/naturalpoland.com\/ko\/#website"},"primaryImageOfPage":{"@id":"https:\/\/naturalpoland.com\/ko\/je-pum\/hwa-jang-pum-won-ryo\/pil-ling-je\/%eb%94%b8%ea%b8%b0-%ec%94%a8%ec%95%97-%ec%8a%a4%ed%81%ac%eb%9f%bd\/#primaryimage"},"image":{"@id":"https:\/\/naturalpoland.com\/ko\/je-pum\/hwa-jang-pum-won-ryo\/pil-ling-je\/%eb%94%b8%ea%b8%b0-%ec%94%a8%ec%95%97-%ec%8a%a4%ed%81%ac%eb%9f%bd\/#primaryimage"},"thumbnailUrl":"https:\/\/naturalpoland.com\/wp-content\/uploads\/peeling-truskawkowy.webp","datePublished":"2021-05-11T11:54:09+00:00","dateModified":"2025-09-19T10:46:36+00:00","description":"\ub538\uae30 \uc528\uc557 \uc2a4\ud06c\ub7fd (\ud504\ub77c\uac00\ub9ac\uc544 \uc544\ub098\ub098\uc0ac)\uc740 \ub538\uae30 \uc528\uc557\uc73c\ub85c \ub9cc\ub4e4\uc5b4\uc9c4 \uc790\uc5f0\uc801\uc774\uace0 \uce5c\ud658\uacbd\uc801\uc778 \uac01\uc9c8 \uc81c\uac70 \uc81c\ud488\uc785\ub2c8\ub2e4.","breadcrumb":{"@id":"https:\/\/naturalpoland.com\/ko\/je-pum\/hwa-jang-pum-won-ryo\/pil-ling-je\/%eb%94%b8%ea%b8%b0-%ec%94%a8%ec%95%97-%ec%8a%a4%ed%81%ac%eb%9f%bd\/#breadcrumb"},"inLanguage":"ko-KR","potentialAction":[{"@type":"ReadAction","target":["https:\/\/naturalpoland.com\/ko\/je-pum\/hwa-jang-pum-won-ryo\/pil-ling-je\/%eb%94%b8%ea%b8%b0-%ec%94%a8%ec%95%97-%ec%8a%a4%ed%81%ac%eb%9f%bd\/"]}]},{"@type":"ImageObject","inLanguage":"ko-KR","@id":"https:\/\/naturalpoland.com\/ko\/je-pum\/hwa-jang-pum-won-ryo\/pil-ling-je\/%eb%94%b8%ea%b8%b0-%ec%94%a8%ec%95%97-%ec%8a%a4%ed%81%ac%eb%9f%bd\/#primaryimage","url":"https:\/\/naturalpoland.com\/wp-content\/uploads\/peeling-truskawkowy.webp","contentUrl":"https:\/\/naturalpoland.com\/wp-content\/uploads\/peeling-truskawkowy.webp","width":619,"height":619,"caption":"\ub538\uae30 \uc528\uc557 \uc2a4\ud06c\ub7fd"},{"@type":"BreadcrumbList","@id":"https:\/\/naturalpoland.com\/ko\/je-pum\/hwa-jang-pum-won-ryo\/pil-ling-je\/%eb%94%b8%ea%b8%b0-%ec%94%a8%ec%95%97-%ec%8a%a4%ed%81%ac%eb%9f%bd\/#breadcrumb","itemListElement":[{"@type":"ListItem","position":1,"name":"\ud648","item":"https:\/\/naturalpoland.com\/ko\/"},{"@type":"ListItem","position":2,"name":"\uc81c\ud488","item":"https:\/\/naturalpoland.com\/ko\/%ec%a0%9c%ed%92%88\/"},{"@type":"ListItem","position":3,"name":"\ub538\uae30 \uc528\uc557 \uc2a4\ud06c\ub7fd"}]},{"@type":"WebSite","@id":"https:\/\/naturalpoland.com\/ko\/#website","url":"https:\/\/naturalpoland.com\/ko\/","name":"NATURAL POLAND - Hurtowy Dystrybutor Surowc\u00f3w","description":"Surowce dla przemys\u0142u spo\u017cywczego, kosmetycznego i farmaceutycznego","publisher":{"@id":"https:\/\/naturalpoland.com\/ko\/#organization"},"potentialAction":[{"@type":"SearchAction","target":{"@type":"EntryPoint","urlTemplate":"https:\/\/naturalpoland.com\/ko\/?s={search_term_string}"},"query-input":{"@type":"PropertyValueSpecification","valueRequired":true,"valueName":"search_term_string"}}],"inLanguage":"ko-KR"},{"@type":"Organization","@id":"https:\/\/naturalpoland.com\/ko\/#organization","name":"Natural Poland","url":"https:\/\/naturalpoland.com\/ko\/","logo":{"@type":"ImageObject","inLanguage":"ko-KR","@id":"https:\/\/naturalpoland.com\/ko\/#\/schema\/logo\/image\/","url":"https:\/\/naturalpoland.com\/wp-content\/uploads\/2021\/05\/natural-poland-icon.png","contentUrl":"https:\/\/naturalpoland.com\/wp-content\/uploads\/2021\/05\/natural-poland-icon.png","width":512,"height":512,"caption":"Natural Poland"},"image":{"@id":"https:\/\/naturalpoland.com\/ko\/#\/schema\/logo\/image\/"},"sameAs":["https:\/\/www.facebook.com\/naturalpoland.b2b","https:\/\/pl.linkedin.com\/company\/natural-poland","https:\/\/www.youtube.com\/channel\/UCgeGGkvOMahZo-xu_MSEWxg"]}]}},"_links":{"self":[{"href":"https:\/\/naturalpoland.com\/ko\/wp-json\/wp\/v2\/product\/43285","targetHints":{"allow":["GET"]}}],"collection":[{"href":"https:\/\/naturalpoland.com\/ko\/wp-json\/wp\/v2\/product"}],"about":[{"href":"https:\/\/naturalpoland.com\/ko\/wp-json\/wp\/v2\/types\/product"}],"wp:featuredmedia":[{"embeddable":true,"href":"https:\/\/naturalpoland.com\/ko\/wp-json\/wp\/v2\/media\/43287"}],"wp:attachment":[{"href":"https:\/\/naturalpoland.com\/ko\/wp-json\/wp\/v2\/media?parent=43285"}],"wp:term":[{"taxonomy":"product_brand","embeddable":true,"href":"https:\/\/naturalpoland.com\/ko\/wp-json\/wp\/v2\/product_brand?post=43285"},{"taxonomy":"product_cat","embeddable":true,"href":"https:\/\/naturalpoland.com\/ko\/wp-json\/wp\/v2\/product_cat?post=43285"},{"taxonomy":"product_tag","embeddable":true,"href":"https:\/\/naturalpoland.com\/ko\/wp-json\/wp\/v2\/product_tag?post=43285"}],"curies":[{"name":"wp","href":"https:\/\/api.w.org\/{rel}","templated":true}]}}