{"id":43288,"date":"2021-05-11T13:53:21","date_gmt":"2021-05-11T11:53:21","guid":{"rendered":"https:\/\/naturalpoland.com\/produkty\/uncategorized\/%eb%b8%94%eb%9e%99%eb%b2%a0%eb%a6%ac-%ec%94%a8%ec%95%97-%ed%95%84%eb%a7%81\/"},"modified":"2025-09-19T12:49:12","modified_gmt":"2025-09-19T10:49:12","slug":"%eb%b8%94%eb%9e%99%eb%b2%a0%eb%a6%ac-%ec%94%a8%ec%95%97-%ed%95%84%eb%a7%81","status":"publish","type":"product","link":"https:\/\/naturalpoland.com\/ko\/je-pum\/hwa-jang-pum-won-ryo\/pil-ling-je\/%eb%b8%94%eb%9e%99%eb%b2%a0%eb%a6%ac-%ec%94%a8%ec%95%97-%ed%95%84%eb%a7%81\/","title":{"rendered":"\ube14\ub799\ubca0\ub9ac \uc528\uc557 \ud544\ub9c1"},"content":{"rendered":"<p>\ube14\ub799\ubca0\ub9ac \uc528\uc557 \ud544\ub9c1\uc740 \ud48d\ubd80\ud55c \uc548\ud1a0\uc2dc\uc544\ub2cc\uacfc \ube44\ud0c0\ubbfc A\ub97c \ud568\uc720\ud558\uace0 \uc788\uc2b5\ub2c8\ub2e4. \uc0ac\uc6a9 \uc2dc \ud53c\ubd80 \uac1c\uc120\uc5d0 \uae30\uc5ec\ud560 \uc218 \uc788\uc2b5\ub2c8\ub2e4. \uc774 \ud544\ub9c1\uc740 \uae30\uacc4\uc801 \uac01\uc9c8 \uc81c\uac70 \uacfc\uc815\uc744 \ub3d5\ub294 \uacfc\uc77c\uc0b0\uc774 \ud48d\ubd80\ud569\ub2c8\ub2e4. <\/p>\n<p>\uae30\uacc4\uc801 \uc81c\uac70:<br \/>\n\uc774 \ud544\ub9c1\uc740 \uac01\uc9c8\uc744 \uae30\uacc4\uc801\uc73c\ub85c \uc81c\uac70\ud558\ub294 \ub370 \uc0ac\uc6a9\ub429\ub2c8\ub2e4. \uc528\uc557\uc740 \ubbf8\uc138\ud558\uac8c \ubd84\uc1c4\ub418\uc5b4 \ub0a0\uce74\ub85c\uc6b4 \ubaa8\uc11c\ub9ac\uac00 \uc5c6\uc2b5\ub2c8\ub2e4. \ub530\ub77c\uc11c \ubbfc\uac10\ud55c \uc5bc\uad74 \ud53c\ubd80 \uad00\ub9ac\uc5d0\ub3c4 \ud1b5\uc99d \uc5c6\uc774 \uc0ac\uc6a9\ud560 \uc218 \uc788\uc2b5\ub2c8\ub2e4. \uc815\uae30\uc801\uc778 \ud544\ub9c1\uc740 \uc8fc\ub984 \ubc0f \ub113\uc5b4\uc9c4 \ubaa8\uacf5, \uc0c9\uc18c \uce68\ucc29, \ud2bc\uc0b4 \ubc0f \uc140\ub8f0\ub77c\uc774\ud2b8\uc758 \uac00\uc2dc\uc131\uc744 \uc904\uc774\ub294 \ub370 \uad8c\uc7a5\ub429\ub2c8\ub2e4. \ud53c\uc9c0 \ubd84\ube44\ub97c \uc904\uc774\uace0 \ud53c\ubd80\ub97c \ubc1d\uac8c \ud558\ub294 \ub370 \ub3c4\uc6c0\uc774 \ub420 \uc218 \uc788\uc2b5\ub2c8\ub2e4. \uac01\uc9c8\uce35 \uac10\uc18c\uc5d0 \ud655\uc2e4\ud788 \uae30\uc5ec\ud560 \uac83\uc785\ub2c8\ub2e4.     <\/p>\n","protected":false},"excerpt":{"rendered":"<p>\ub2f9\uc0ac\ub294 100% \ucc9c\uc5f0 \ube14\ub799\ubca0\ub9ac \uc528\uc557 \ud544\ub9c1\uc758 \ub3c4\ub9e4 \uc720\ud1b5\uc5c5\uccb4\uc785\ub2c8\ub2e4. \ube14\ub799\ubca0\ub9ac\ub294 \uacfc\uc77c\uc0b0, \uc720\uae30\uc0b0 \ubc0f \ube44\ud0c0\ubbfc C \ud568\ub7c9\uc774 \ub192\uc2b5\ub2c8\ub2e4. \ube14\ub799\ubca0\ub9ac \uc528\uc557 \ud544\ub9c1\uc740 \uac01\uc9c8\uc744 \ud6a8\uacfc\uc801\uc73c\ub85c \uc81c\uac70\ud558\uc5ec \ud53c\ubd80\ub97c \ud608\uc561 \uc21c\ud658\uc774 \uc798 \ub418\uace0 \ub9e4\ub044\ub7fd\uac8c \uac00\uafb8\uc5b4 \uc90d\ub2c8\ub2e4. <\/p>\n","protected":false},"featured_media":43290,"template":"","meta":[],"product_brand":[],"product_cat":[8156],"product_tag":[],"class_list":{"0":"post-43288","1":"product","2":"type-product","3":"status-publish","4":"has-post-thumbnail","6":"product_cat-pil-ling-je","8":"first","9":"instock","10":"shipping-taxable","11":"product-type-simple"},"yoast_head":"<!-- This site is optimized with the Yoast SEO plugin v27.3 - https:\/\/yoast.com\/product\/yoast-seo-wordpress\/ -->\n<title>\ube14\ub799\ubca0\ub9ac \uc528\uc557 \ud544\ub9c1 - Hurtowy Dystrybutor<\/title>\n<meta name=\"robots\" content=\"index, follow, max-snippet:-1, max-image-preview:large, max-video-preview:-1\" \/>\n<link rel=\"canonical\" href=\"https:\/\/naturalpoland.com\/ko\/je-pum\/hwa-jang-pum-won-ryo\/pil-ling-je\/%eb%b8%94%eb%9e%99%eb%b2%a0%eb%a6%ac-%ec%94%a8%ec%95%97-%ed%95%84%eb%a7%81\/\" \/>\n<meta property=\"og:locale\" content=\"ko_KR\" \/>\n<meta property=\"og:type\" content=\"article\" \/>\n<meta property=\"og:title\" content=\"\ube14\ub799\ubca0\ub9ac \uc528\uc557 \ud544\ub9c1 - Hurtowy Dystrybutor\" \/>\n<meta property=\"og:description\" content=\"\ub2f9\uc0ac\ub294 100% \ucc9c\uc5f0 \ube14\ub799\ubca0\ub9ac \uc528\uc557 \ud544\ub9c1\uc758 \ub3c4\ub9e4 \uc720\ud1b5\uc5c5\uccb4\uc785\ub2c8\ub2e4. \ube14\ub799\ubca0\ub9ac\ub294 \uacfc\uc77c\uc0b0, \uc720\uae30\uc0b0 \ubc0f \ube44\ud0c0\ubbfc C \ud568\ub7c9\uc774 \ub192\uc2b5\ub2c8\ub2e4. \ube14\ub799\ubca0\ub9ac \uc528\uc557 \ud544\ub9c1\uc740 \uac01\uc9c8\uc744 \ud6a8\uacfc\uc801\uc73c\ub85c \uc81c\uac70\ud558\uc5ec \ud53c\ubd80\ub97c \ud608\uc561 \uc21c\ud658\uc774 \uc798 \ub418\uace0 \ub9e4\ub044\ub7fd\uac8c \uac00\uafb8\uc5b4 \uc90d\ub2c8\ub2e4.\" \/>\n<meta property=\"og:url\" content=\"https:\/\/naturalpoland.com\/ko\/je-pum\/hwa-jang-pum-won-ryo\/pil-ling-je\/%eb%b8%94%eb%9e%99%eb%b2%a0%eb%a6%ac-%ec%94%a8%ec%95%97-%ed%95%84%eb%a7%81\/\" \/>\n<meta property=\"og:site_name\" content=\"NATURAL POLAND - Hurtowy Dystrybutor Surowc\u00f3w\" \/>\n<meta property=\"article:publisher\" content=\"https:\/\/www.facebook.com\/naturalpoland.b2b\" \/>\n<meta property=\"article:modified_time\" content=\"2025-09-19T10:49:12+00:00\" \/>\n<meta property=\"og:image\" content=\"https:\/\/naturalpoland.com\/wp-content\/uploads\/peeling-z-nasion-jezyny.jpg\" \/>\n\t<meta property=\"og:image:width\" content=\"650\" \/>\n\t<meta property=\"og:image:height\" content=\"650\" \/>\n\t<meta property=\"og:image:type\" content=\"image\/jpeg\" \/>\n<script type=\"application\/ld+json\" class=\"yoast-schema-graph\">{\"@context\":\"https:\\\/\\\/schema.org\",\"@graph\":[{\"@type\":\"WebPage\",\"@id\":\"https:\\\/\\\/naturalpoland.com\\\/ko\\\/je-pum\\\/hwa-jang-pum-won-ryo\\\/pil-ling-je\\\/%eb%b8%94%eb%9e%99%eb%b2%a0%eb%a6%ac-%ec%94%a8%ec%95%97-%ed%95%84%eb%a7%81\\\/\",\"url\":\"https:\\\/\\\/naturalpoland.com\\\/ko\\\/je-pum\\\/hwa-jang-pum-won-ryo\\\/pil-ling-je\\\/%eb%b8%94%eb%9e%99%eb%b2%a0%eb%a6%ac-%ec%94%a8%ec%95%97-%ed%95%84%eb%a7%81\\\/\",\"name\":\"\ube14\ub799\ubca0\ub9ac \uc528\uc557 \ud544\ub9c1 - Hurtowy Dystrybutor\",\"isPartOf\":{\"@id\":\"https:\\\/\\\/naturalpoland.com\\\/ko\\\/#website\"},\"primaryImageOfPage\":{\"@id\":\"https:\\\/\\\/naturalpoland.com\\\/ko\\\/je-pum\\\/hwa-jang-pum-won-ryo\\\/pil-ling-je\\\/%eb%b8%94%eb%9e%99%eb%b2%a0%eb%a6%ac-%ec%94%a8%ec%95%97-%ed%95%84%eb%a7%81\\\/#primaryimage\"},\"image\":{\"@id\":\"https:\\\/\\\/naturalpoland.com\\\/ko\\\/je-pum\\\/hwa-jang-pum-won-ryo\\\/pil-ling-je\\\/%eb%b8%94%eb%9e%99%eb%b2%a0%eb%a6%ac-%ec%94%a8%ec%95%97-%ed%95%84%eb%a7%81\\\/#primaryimage\"},\"thumbnailUrl\":\"https:\\\/\\\/naturalpoland.com\\\/wp-content\\\/uploads\\\/peeling-z-nasion-jezyny.jpg\",\"datePublished\":\"2021-05-11T11:53:21+00:00\",\"dateModified\":\"2025-09-19T10:49:12+00:00\",\"breadcrumb\":{\"@id\":\"https:\\\/\\\/naturalpoland.com\\\/ko\\\/je-pum\\\/hwa-jang-pum-won-ryo\\\/pil-ling-je\\\/%eb%b8%94%eb%9e%99%eb%b2%a0%eb%a6%ac-%ec%94%a8%ec%95%97-%ed%95%84%eb%a7%81\\\/#breadcrumb\"},\"inLanguage\":\"ko-KR\",\"potentialAction\":[{\"@type\":\"ReadAction\",\"target\":[\"https:\\\/\\\/naturalpoland.com\\\/ko\\\/je-pum\\\/hwa-jang-pum-won-ryo\\\/pil-ling-je\\\/%eb%b8%94%eb%9e%99%eb%b2%a0%eb%a6%ac-%ec%94%a8%ec%95%97-%ed%95%84%eb%a7%81\\\/\"]}]},{\"@type\":\"ImageObject\",\"inLanguage\":\"ko-KR\",\"@id\":\"https:\\\/\\\/naturalpoland.com\\\/ko\\\/je-pum\\\/hwa-jang-pum-won-ryo\\\/pil-ling-je\\\/%eb%b8%94%eb%9e%99%eb%b2%a0%eb%a6%ac-%ec%94%a8%ec%95%97-%ed%95%84%eb%a7%81\\\/#primaryimage\",\"url\":\"https:\\\/\\\/naturalpoland.com\\\/wp-content\\\/uploads\\\/peeling-z-nasion-jezyny.jpg\",\"contentUrl\":\"https:\\\/\\\/naturalpoland.com\\\/wp-content\\\/uploads\\\/peeling-z-nasion-jezyny.jpg\",\"width\":650,\"height\":650,\"caption\":\"\ube14\ub799\ubca0\ub9ac \uc528\uc557 \ud544\ub9c1\"},{\"@type\":\"BreadcrumbList\",\"@id\":\"https:\\\/\\\/naturalpoland.com\\\/ko\\\/je-pum\\\/hwa-jang-pum-won-ryo\\\/pil-ling-je\\\/%eb%b8%94%eb%9e%99%eb%b2%a0%eb%a6%ac-%ec%94%a8%ec%95%97-%ed%95%84%eb%a7%81\\\/#breadcrumb\",\"itemListElement\":[{\"@type\":\"ListItem\",\"position\":1,\"name\":\"\ud648\",\"item\":\"https:\\\/\\\/naturalpoland.com\\\/ko\\\/\"},{\"@type\":\"ListItem\",\"position\":2,\"name\":\"\uc81c\ud488\",\"item\":\"https:\\\/\\\/naturalpoland.com\\\/ko\\\/%ec%a0%9c%ed%92%88\\\/\"},{\"@type\":\"ListItem\",\"position\":3,\"name\":\"\ube14\ub799\ubca0\ub9ac \uc528\uc557 \ud544\ub9c1\"}]},{\"@type\":\"WebSite\",\"@id\":\"https:\\\/\\\/naturalpoland.com\\\/ko\\\/#website\",\"url\":\"https:\\\/\\\/naturalpoland.com\\\/ko\\\/\",\"name\":\"NATURAL POLAND - Hurtowy Dystrybutor Surowc\u00f3w\",\"description\":\"Surowce dla przemys\u0142u spo\u017cywczego, kosmetycznego i farmaceutycznego\",\"publisher\":{\"@id\":\"https:\\\/\\\/naturalpoland.com\\\/ko\\\/#organization\"},\"potentialAction\":[{\"@type\":\"SearchAction\",\"target\":{\"@type\":\"EntryPoint\",\"urlTemplate\":\"https:\\\/\\\/naturalpoland.com\\\/ko\\\/?s={search_term_string}\"},\"query-input\":{\"@type\":\"PropertyValueSpecification\",\"valueRequired\":true,\"valueName\":\"search_term_string\"}}],\"inLanguage\":\"ko-KR\"},{\"@type\":\"Organization\",\"@id\":\"https:\\\/\\\/naturalpoland.com\\\/ko\\\/#organization\",\"name\":\"Natural Poland\",\"url\":\"https:\\\/\\\/naturalpoland.com\\\/ko\\\/\",\"logo\":{\"@type\":\"ImageObject\",\"inLanguage\":\"ko-KR\",\"@id\":\"https:\\\/\\\/naturalpoland.com\\\/ko\\\/#\\\/schema\\\/logo\\\/image\\\/\",\"url\":\"https:\\\/\\\/naturalpoland.com\\\/wp-content\\\/uploads\\\/2021\\\/05\\\/natural-poland-icon.png\",\"contentUrl\":\"https:\\\/\\\/naturalpoland.com\\\/wp-content\\\/uploads\\\/2021\\\/05\\\/natural-poland-icon.png\",\"width\":512,\"height\":512,\"caption\":\"Natural Poland\"},\"image\":{\"@id\":\"https:\\\/\\\/naturalpoland.com\\\/ko\\\/#\\\/schema\\\/logo\\\/image\\\/\"},\"sameAs\":[\"https:\\\/\\\/www.facebook.com\\\/naturalpoland.b2b\",\"https:\\\/\\\/pl.linkedin.com\\\/company\\\/natural-poland\",\"https:\\\/\\\/www.youtube.com\\\/channel\\\/UCgeGGkvOMahZo-xu_MSEWxg\"]}]}<\/script>\n<!-- \/ Yoast SEO plugin. -->","yoast_head_json":{"title":"\ube14\ub799\ubca0\ub9ac \uc528\uc557 \ud544\ub9c1 - Hurtowy Dystrybutor","robots":{"index":"index","follow":"follow","max-snippet":"max-snippet:-1","max-image-preview":"max-image-preview:large","max-video-preview":"max-video-preview:-1"},"canonical":"https:\/\/naturalpoland.com\/ko\/je-pum\/hwa-jang-pum-won-ryo\/pil-ling-je\/%eb%b8%94%eb%9e%99%eb%b2%a0%eb%a6%ac-%ec%94%a8%ec%95%97-%ed%95%84%eb%a7%81\/","og_locale":"ko_KR","og_type":"article","og_title":"\ube14\ub799\ubca0\ub9ac \uc528\uc557 \ud544\ub9c1 - Hurtowy Dystrybutor","og_description":"\ub2f9\uc0ac\ub294 100% \ucc9c\uc5f0 \ube14\ub799\ubca0\ub9ac \uc528\uc557 \ud544\ub9c1\uc758 \ub3c4\ub9e4 \uc720\ud1b5\uc5c5\uccb4\uc785\ub2c8\ub2e4. \ube14\ub799\ubca0\ub9ac\ub294 \uacfc\uc77c\uc0b0, \uc720\uae30\uc0b0 \ubc0f \ube44\ud0c0\ubbfc C \ud568\ub7c9\uc774 \ub192\uc2b5\ub2c8\ub2e4. \ube14\ub799\ubca0\ub9ac \uc528\uc557 \ud544\ub9c1\uc740 \uac01\uc9c8\uc744 \ud6a8\uacfc\uc801\uc73c\ub85c \uc81c\uac70\ud558\uc5ec \ud53c\ubd80\ub97c \ud608\uc561 \uc21c\ud658\uc774 \uc798 \ub418\uace0 \ub9e4\ub044\ub7fd\uac8c \uac00\uafb8\uc5b4 \uc90d\ub2c8\ub2e4.","og_url":"https:\/\/naturalpoland.com\/ko\/je-pum\/hwa-jang-pum-won-ryo\/pil-ling-je\/%eb%b8%94%eb%9e%99%eb%b2%a0%eb%a6%ac-%ec%94%a8%ec%95%97-%ed%95%84%eb%a7%81\/","og_site_name":"NATURAL POLAND - Hurtowy Dystrybutor Surowc\u00f3w","article_publisher":"https:\/\/www.facebook.com\/naturalpoland.b2b","article_modified_time":"2025-09-19T10:49:12+00:00","og_image":[{"width":650,"height":650,"url":"https:\/\/naturalpoland.com\/wp-content\/uploads\/peeling-z-nasion-jezyny.jpg","type":"image\/jpeg"}],"schema":{"@context":"https:\/\/schema.org","@graph":[{"@type":"WebPage","@id":"https:\/\/naturalpoland.com\/ko\/je-pum\/hwa-jang-pum-won-ryo\/pil-ling-je\/%eb%b8%94%eb%9e%99%eb%b2%a0%eb%a6%ac-%ec%94%a8%ec%95%97-%ed%95%84%eb%a7%81\/","url":"https:\/\/naturalpoland.com\/ko\/je-pum\/hwa-jang-pum-won-ryo\/pil-ling-je\/%eb%b8%94%eb%9e%99%eb%b2%a0%eb%a6%ac-%ec%94%a8%ec%95%97-%ed%95%84%eb%a7%81\/","name":"\ube14\ub799\ubca0\ub9ac \uc528\uc557 \ud544\ub9c1 - Hurtowy Dystrybutor","isPartOf":{"@id":"https:\/\/naturalpoland.com\/ko\/#website"},"primaryImageOfPage":{"@id":"https:\/\/naturalpoland.com\/ko\/je-pum\/hwa-jang-pum-won-ryo\/pil-ling-je\/%eb%b8%94%eb%9e%99%eb%b2%a0%eb%a6%ac-%ec%94%a8%ec%95%97-%ed%95%84%eb%a7%81\/#primaryimage"},"image":{"@id":"https:\/\/naturalpoland.com\/ko\/je-pum\/hwa-jang-pum-won-ryo\/pil-ling-je\/%eb%b8%94%eb%9e%99%eb%b2%a0%eb%a6%ac-%ec%94%a8%ec%95%97-%ed%95%84%eb%a7%81\/#primaryimage"},"thumbnailUrl":"https:\/\/naturalpoland.com\/wp-content\/uploads\/peeling-z-nasion-jezyny.jpg","datePublished":"2021-05-11T11:53:21+00:00","dateModified":"2025-09-19T10:49:12+00:00","breadcrumb":{"@id":"https:\/\/naturalpoland.com\/ko\/je-pum\/hwa-jang-pum-won-ryo\/pil-ling-je\/%eb%b8%94%eb%9e%99%eb%b2%a0%eb%a6%ac-%ec%94%a8%ec%95%97-%ed%95%84%eb%a7%81\/#breadcrumb"},"inLanguage":"ko-KR","potentialAction":[{"@type":"ReadAction","target":["https:\/\/naturalpoland.com\/ko\/je-pum\/hwa-jang-pum-won-ryo\/pil-ling-je\/%eb%b8%94%eb%9e%99%eb%b2%a0%eb%a6%ac-%ec%94%a8%ec%95%97-%ed%95%84%eb%a7%81\/"]}]},{"@type":"ImageObject","inLanguage":"ko-KR","@id":"https:\/\/naturalpoland.com\/ko\/je-pum\/hwa-jang-pum-won-ryo\/pil-ling-je\/%eb%b8%94%eb%9e%99%eb%b2%a0%eb%a6%ac-%ec%94%a8%ec%95%97-%ed%95%84%eb%a7%81\/#primaryimage","url":"https:\/\/naturalpoland.com\/wp-content\/uploads\/peeling-z-nasion-jezyny.jpg","contentUrl":"https:\/\/naturalpoland.com\/wp-content\/uploads\/peeling-z-nasion-jezyny.jpg","width":650,"height":650,"caption":"\ube14\ub799\ubca0\ub9ac \uc528\uc557 \ud544\ub9c1"},{"@type":"BreadcrumbList","@id":"https:\/\/naturalpoland.com\/ko\/je-pum\/hwa-jang-pum-won-ryo\/pil-ling-je\/%eb%b8%94%eb%9e%99%eb%b2%a0%eb%a6%ac-%ec%94%a8%ec%95%97-%ed%95%84%eb%a7%81\/#breadcrumb","itemListElement":[{"@type":"ListItem","position":1,"name":"\ud648","item":"https:\/\/naturalpoland.com\/ko\/"},{"@type":"ListItem","position":2,"name":"\uc81c\ud488","item":"https:\/\/naturalpoland.com\/ko\/%ec%a0%9c%ed%92%88\/"},{"@type":"ListItem","position":3,"name":"\ube14\ub799\ubca0\ub9ac \uc528\uc557 \ud544\ub9c1"}]},{"@type":"WebSite","@id":"https:\/\/naturalpoland.com\/ko\/#website","url":"https:\/\/naturalpoland.com\/ko\/","name":"NATURAL POLAND - Hurtowy Dystrybutor Surowc\u00f3w","description":"Surowce dla przemys\u0142u spo\u017cywczego, kosmetycznego i farmaceutycznego","publisher":{"@id":"https:\/\/naturalpoland.com\/ko\/#organization"},"potentialAction":[{"@type":"SearchAction","target":{"@type":"EntryPoint","urlTemplate":"https:\/\/naturalpoland.com\/ko\/?s={search_term_string}"},"query-input":{"@type":"PropertyValueSpecification","valueRequired":true,"valueName":"search_term_string"}}],"inLanguage":"ko-KR"},{"@type":"Organization","@id":"https:\/\/naturalpoland.com\/ko\/#organization","name":"Natural Poland","url":"https:\/\/naturalpoland.com\/ko\/","logo":{"@type":"ImageObject","inLanguage":"ko-KR","@id":"https:\/\/naturalpoland.com\/ko\/#\/schema\/logo\/image\/","url":"https:\/\/naturalpoland.com\/wp-content\/uploads\/2021\/05\/natural-poland-icon.png","contentUrl":"https:\/\/naturalpoland.com\/wp-content\/uploads\/2021\/05\/natural-poland-icon.png","width":512,"height":512,"caption":"Natural Poland"},"image":{"@id":"https:\/\/naturalpoland.com\/ko\/#\/schema\/logo\/image\/"},"sameAs":["https:\/\/www.facebook.com\/naturalpoland.b2b","https:\/\/pl.linkedin.com\/company\/natural-poland","https:\/\/www.youtube.com\/channel\/UCgeGGkvOMahZo-xu_MSEWxg"]}]}},"_links":{"self":[{"href":"https:\/\/naturalpoland.com\/ko\/wp-json\/wp\/v2\/product\/43288","targetHints":{"allow":["GET"]}}],"collection":[{"href":"https:\/\/naturalpoland.com\/ko\/wp-json\/wp\/v2\/product"}],"about":[{"href":"https:\/\/naturalpoland.com\/ko\/wp-json\/wp\/v2\/types\/product"}],"wp:featuredmedia":[{"embeddable":true,"href":"https:\/\/naturalpoland.com\/ko\/wp-json\/wp\/v2\/media\/43290"}],"wp:attachment":[{"href":"https:\/\/naturalpoland.com\/ko\/wp-json\/wp\/v2\/media?parent=43288"}],"wp:term":[{"taxonomy":"product_brand","embeddable":true,"href":"https:\/\/naturalpoland.com\/ko\/wp-json\/wp\/v2\/product_brand?post=43288"},{"taxonomy":"product_cat","embeddable":true,"href":"https:\/\/naturalpoland.com\/ko\/wp-json\/wp\/v2\/product_cat?post=43288"},{"taxonomy":"product_tag","embeddable":true,"href":"https:\/\/naturalpoland.com\/ko\/wp-json\/wp\/v2\/product_tag?post=43288"}],"curies":[{"name":"wp","href":"https:\/\/api.w.org\/{rel}","templated":true}]}}