{"id":43294,"date":"2021-05-11T13:53:23","date_gmt":"2021-05-11T11:53:23","guid":{"rendered":"https:\/\/naturalpoland.com\/produkty\/uncategorized\/%eb%b0%80%ed%81%ac%ec%94%a8%ec%8a%ac-%ed%95%84%eb%a7%81\/"},"modified":"2025-09-19T12:49:17","modified_gmt":"2025-09-19T10:49:17","slug":"%eb%b0%80%ed%81%ac%ec%94%a8%ec%8a%ac-%ed%95%84%eb%a7%81","status":"publish","type":"product","link":"https:\/\/naturalpoland.com\/ko\/je-pum\/hwa-jang-pum-won-ryo\/pil-ling-je\/%eb%b0%80%ed%81%ac%ec%94%a8%ec%8a%ac-%ed%95%84%eb%a7%81\/","title":{"rendered":"\ubc00\ud06c\uc528\uc2ac \ud544\ub9c1"},"content":{"rendered":"<h2>\ud2b9\uc131<\/h2>\n<p>\ubc00\ud06c\uc528\uc2ac\uc758 \ubbf8\uc138\ud55c \uc785\uc790\ub294 \ud53c\ubd80\uc758 \uc218\ubd84 \uc9c0\uc9c8 \uc7a5\ubcbd\uc744 \uc190\uc0c1\uc2dc\ud0a4\uc9c0 \uc54a\uc73c\uba74\uc11c <strong>\uc8fd\uc740 \ud53c\ubd80 \uc138\ud3ec\ub97c \uc81c\uac70\ud569\ub2c8\ub2e4<\/strong>. \ub530\ub77c\uc11c \ubbfc\uac10\uc131 \ud53c\ubd80\ub97c \uac00\uc9c4 \ubd84\ub4e4\ub3c4 \ud544\ub9c1\uc744 \uc0ac\uc6a9\ud560 \uc218 \uc788\uc2b5\ub2c8\ub2e4. \uafb8\uc900\ud788 \uc0ac\uc6a9\ud558\uba74 \uc138\ud3ec \uc7ac\uc0dd\uc744 \ucd09\uc9c4\ud558\uace0 \ud53c\ubd80\ub97c \ub9e4\ub044\ub7fd\uace0 \ubd80\ub4dc\ub7fd\uac8c \ub9cc\ub4ed\ub2c8\ub2e4.  <\/p>\n<p>\uc774 \ud544\ub9c1\uc740 \ud53c\ubd80 \ud45c\ud53c\uce35\uc5d0 \uc0b0\uc18c\ub97c \uacf5\uae09\ud558\uace0, \ud608\uc561 \uc21c\ud658\uc744 \uac1c\uc120\ud558\uba70, \ud53c\uc9c0 \ubd84\ube44\ub97c \uc870\uc808\ud569\ub2c8\ub2e4. \ub530\ub77c\uc11c \uc9c0\uc131 \ubc0f \ubcf5\ud569\uc131 \ud53c\ubd80\uc5d0 \uc801\ud569\ud569\ub2c8\ub2e4. \uafb8\uc900\ud788 \uc0ac\uc6a9\ud558\uba74 \ud2bc\uc0b4\uc774\ub098 \ubbf8\uc138\ud55c \uc0c9\uc18c \uce68\ucc29\uacfc \uac19\uc740 \ud53c\ubd80 \uacb0\uc810 \uac10\uc18c\uc5d0\ub3c4 \ub3c4\uc6c0\uc774 \ub420 \uc218 \uc788\uc2b5\ub2c8\ub2e4.  <\/p>\n<p>\ucc9c\uc5f0 \uc601\uc591 \uc131\ubd84\uc740 \ud53c\ubd80 \uc7ac\uc0dd\uacfc \ud0c4\ub825 \uc99d\uc9c4\uc5d0 \ub3c4\uc6c0\uc744 \uc90d\ub2c8\ub2e4. \ubd84\ub9d0\uc758 \ub179\uc0c9\uc740 \ud074\ub85c\ub85c\ud544\uc758 \uc874\uc7ac\ub97c \ub098\ud0c0\ub0b4\uba70, \uc774\ub294 \ud53c\ubd80\uc5d0 \ucd94\uac00\uc801\uc778 \uc601\uc591\uc744 \uacf5\uae09\ud558\uace0 \ud65c\ub825 \uc99d\uc9c4\uc744 \ub3d5\uc2b5\ub2c8\ub2e4. <\/p>\n<p>\uc774 \ud544\ub9c1\uc740 \uc624\uc5fc \ubb3c\uc9c8 \ubc0f \uc911\uae08\uc18d \uad00\ub828 EU \ud45c\uc900\uc744 \uc900\uc218\ud569\ub2c8\ub2e4.<\/p>\n<p>&nbsp;<\/p>\n","protected":false},"excerpt":{"rendered":"<p><strong>\ubc00\ud06c\uc528\uc2ac \ud544\ub9c1<\/strong>\uc740 \uc8fd\uc740 \ud53c\ubd80 \uc138\ud3ec\ub97c \ube60\ub974\uac8c \uc81c\uac70\ud558\ub294 \ud6cc\ub96d\ud55c \ubc29\ubc95\uc785\ub2c8\ub2e4. \ubbf8\uc138\ud558\uac8c \ubd84\uc1c4\ub41c \ud0c8\uc9c0 \ubc00\ud06c\uc528\uc2ac \uc528\uc557(<em>Silybum Marianum<\/em>)\uc73c\ub85c \uad6c\uc131\ub418\uc5b4 \uc788\uc73c\uba70, \uc774\ub294 \ubb3c\ub9ac\uc801 \uac01\uc9c8 \uc81c\uac70\uc5d0 \uc0ac\uc6a9\ub429\ub2c8\ub2e4. <\/p>\n","protected":false},"featured_media":43297,"template":"","meta":[],"product_brand":[],"product_cat":[8156],"product_tag":[],"class_list":{"0":"post-43294","1":"product","2":"type-product","3":"status-publish","4":"has-post-thumbnail","6":"product_cat-pil-ling-je","8":"first","9":"instock","10":"shipping-taxable","11":"product-type-simple"},"yoast_head":"<!-- This site is optimized with the Yoast SEO plugin v27.3 - https:\/\/yoast.com\/product\/yoast-seo-wordpress\/ -->\n<title>NATURAL POLAND &#8211; Hurtowy Dystrybutor Surowc\u00f3w<\/title>\n<meta name=\"description\" content=\"\ubc00\ud06c\uc528\uc2ac \ud544\ub9c1\uc740 \uc8fd\uc740 \ud53c\ubd80 \uc138\ud3ec\ub97c \ubd80\ub4dc\ub7fd\uac8c \uc81c\uac70\ud558\uace0 \ud53c\ubd80 \uc0c1\ud0dc\ub97c \uac1c\uc120\ud558\ub294 \ub370 \uc774\uc0c1\uc801\uc778 \ucc9c\uc5f0 \ud654\uc7a5\ud488\uc785\ub2c8\ub2e4.\" \/>\n<meta name=\"robots\" content=\"index, follow, max-snippet:-1, max-image-preview:large, max-video-preview:-1\" \/>\n<link rel=\"canonical\" href=\"https:\/\/naturalpoland.com\/ko\/je-pum\/hwa-jang-pum-won-ryo\/pil-ling-je\/%eb%b0%80%ed%81%ac%ec%94%a8%ec%8a%ac-%ed%95%84%eb%a7%81\/\" \/>\n<meta property=\"og:locale\" content=\"ko_KR\" \/>\n<meta property=\"og:type\" content=\"article\" \/>\n<meta property=\"og:description\" content=\"\ubc00\ud06c\uc528\uc2ac \ud544\ub9c1\uc740 \uc8fd\uc740 \ud53c\ubd80 \uc138\ud3ec\ub97c \ubd80\ub4dc\ub7fd\uac8c \uc81c\uac70\ud558\uace0 \ud53c\ubd80 \uc0c1\ud0dc\ub97c \uac1c\uc120\ud558\ub294 \ub370 \uc774\uc0c1\uc801\uc778 \ucc9c\uc5f0 \ud654\uc7a5\ud488\uc785\ub2c8\ub2e4.\" \/>\n<meta property=\"og:url\" content=\"https:\/\/naturalpoland.com\/ko\/je-pum\/hwa-jang-pum-won-ryo\/pil-ling-je\/%eb%b0%80%ed%81%ac%ec%94%a8%ec%8a%ac-%ed%95%84%eb%a7%81\/\" \/>\n<meta property=\"og:site_name\" content=\"NATURAL POLAND - Hurtowy Dystrybutor Surowc\u00f3w\" \/>\n<meta property=\"article:publisher\" content=\"https:\/\/www.facebook.com\/naturalpoland.b2b\" \/>\n<meta property=\"article:modified_time\" content=\"2025-09-19T10:49:17+00:00\" \/>\n<meta property=\"og:image\" content=\"https:\/\/naturalpoland.com\/wp-content\/uploads\/peeling-z-ostropestu-plamistego.webp\" \/>\n\t<meta property=\"og:image:width\" content=\"619\" \/>\n\t<meta property=\"og:image:height\" content=\"619\" \/>\n\t<meta property=\"og:image:type\" content=\"image\/webp\" \/>\n<script type=\"application\/ld+json\" class=\"yoast-schema-graph\">{\"@context\":\"https:\\\/\\\/schema.org\",\"@graph\":[{\"@type\":\"WebPage\",\"@id\":\"https:\\\/\\\/naturalpoland.com\\\/ko\\\/je-pum\\\/hwa-jang-pum-won-ryo\\\/pil-ling-je\\\/%eb%b0%80%ed%81%ac%ec%94%a8%ec%8a%ac-%ed%95%84%eb%a7%81\\\/\",\"url\":\"https:\\\/\\\/naturalpoland.com\\\/ko\\\/je-pum\\\/hwa-jang-pum-won-ryo\\\/pil-ling-je\\\/%eb%b0%80%ed%81%ac%ec%94%a8%ec%8a%ac-%ed%95%84%eb%a7%81\\\/\",\"name\":\"\",\"isPartOf\":{\"@id\":\"https:\\\/\\\/naturalpoland.com\\\/ko\\\/#website\"},\"primaryImageOfPage\":{\"@id\":\"https:\\\/\\\/naturalpoland.com\\\/ko\\\/je-pum\\\/hwa-jang-pum-won-ryo\\\/pil-ling-je\\\/%eb%b0%80%ed%81%ac%ec%94%a8%ec%8a%ac-%ed%95%84%eb%a7%81\\\/#primaryimage\"},\"image\":{\"@id\":\"https:\\\/\\\/naturalpoland.com\\\/ko\\\/je-pum\\\/hwa-jang-pum-won-ryo\\\/pil-ling-je\\\/%eb%b0%80%ed%81%ac%ec%94%a8%ec%8a%ac-%ed%95%84%eb%a7%81\\\/#primaryimage\"},\"thumbnailUrl\":\"https:\\\/\\\/naturalpoland.com\\\/wp-content\\\/uploads\\\/peeling-z-ostropestu-plamistego.webp\",\"datePublished\":\"2021-05-11T11:53:23+00:00\",\"dateModified\":\"2025-09-19T10:49:17+00:00\",\"description\":\"\ubc00\ud06c\uc528\uc2ac \ud544\ub9c1\uc740 \uc8fd\uc740 \ud53c\ubd80 \uc138\ud3ec\ub97c \ubd80\ub4dc\ub7fd\uac8c \uc81c\uac70\ud558\uace0 \ud53c\ubd80 \uc0c1\ud0dc\ub97c \uac1c\uc120\ud558\ub294 \ub370 \uc774\uc0c1\uc801\uc778 \ucc9c\uc5f0 \ud654\uc7a5\ud488\uc785\ub2c8\ub2e4.\",\"breadcrumb\":{\"@id\":\"https:\\\/\\\/naturalpoland.com\\\/ko\\\/je-pum\\\/hwa-jang-pum-won-ryo\\\/pil-ling-je\\\/%eb%b0%80%ed%81%ac%ec%94%a8%ec%8a%ac-%ed%95%84%eb%a7%81\\\/#breadcrumb\"},\"inLanguage\":\"ko-KR\",\"potentialAction\":[{\"@type\":\"ReadAction\",\"target\":[\"https:\\\/\\\/naturalpoland.com\\\/ko\\\/je-pum\\\/hwa-jang-pum-won-ryo\\\/pil-ling-je\\\/%eb%b0%80%ed%81%ac%ec%94%a8%ec%8a%ac-%ed%95%84%eb%a7%81\\\/\"]}]},{\"@type\":\"ImageObject\",\"inLanguage\":\"ko-KR\",\"@id\":\"https:\\\/\\\/naturalpoland.com\\\/ko\\\/je-pum\\\/hwa-jang-pum-won-ryo\\\/pil-ling-je\\\/%eb%b0%80%ed%81%ac%ec%94%a8%ec%8a%ac-%ed%95%84%eb%a7%81\\\/#primaryimage\",\"url\":\"https:\\\/\\\/naturalpoland.com\\\/wp-content\\\/uploads\\\/peeling-z-ostropestu-plamistego.webp\",\"contentUrl\":\"https:\\\/\\\/naturalpoland.com\\\/wp-content\\\/uploads\\\/peeling-z-ostropestu-plamistego.webp\",\"width\":619,\"height\":619,\"caption\":\"\ubc00\ud06c\uc528\uc2ac \ud544\ub9c1\"},{\"@type\":\"BreadcrumbList\",\"@id\":\"https:\\\/\\\/naturalpoland.com\\\/ko\\\/je-pum\\\/hwa-jang-pum-won-ryo\\\/pil-ling-je\\\/%eb%b0%80%ed%81%ac%ec%94%a8%ec%8a%ac-%ed%95%84%eb%a7%81\\\/#breadcrumb\",\"itemListElement\":[{\"@type\":\"ListItem\",\"position\":1,\"name\":\"\ud648\",\"item\":\"https:\\\/\\\/naturalpoland.com\\\/ko\\\/\"},{\"@type\":\"ListItem\",\"position\":2,\"name\":\"\uc81c\ud488\",\"item\":\"https:\\\/\\\/naturalpoland.com\\\/ko\\\/%ec%a0%9c%ed%92%88\\\/\"},{\"@type\":\"ListItem\",\"position\":3,\"name\":\"\ubc00\ud06c\uc528\uc2ac \ud544\ub9c1\"}]},{\"@type\":\"WebSite\",\"@id\":\"https:\\\/\\\/naturalpoland.com\\\/ko\\\/#website\",\"url\":\"https:\\\/\\\/naturalpoland.com\\\/ko\\\/\",\"name\":\"NATURAL POLAND - Hurtowy Dystrybutor Surowc\u00f3w\",\"description\":\"Surowce dla przemys\u0142u spo\u017cywczego, kosmetycznego i farmaceutycznego\",\"publisher\":{\"@id\":\"https:\\\/\\\/naturalpoland.com\\\/ko\\\/#organization\"},\"potentialAction\":[{\"@type\":\"SearchAction\",\"target\":{\"@type\":\"EntryPoint\",\"urlTemplate\":\"https:\\\/\\\/naturalpoland.com\\\/ko\\\/?s={search_term_string}\"},\"query-input\":{\"@type\":\"PropertyValueSpecification\",\"valueRequired\":true,\"valueName\":\"search_term_string\"}}],\"inLanguage\":\"ko-KR\"},{\"@type\":\"Organization\",\"@id\":\"https:\\\/\\\/naturalpoland.com\\\/ko\\\/#organization\",\"name\":\"Natural Poland\",\"url\":\"https:\\\/\\\/naturalpoland.com\\\/ko\\\/\",\"logo\":{\"@type\":\"ImageObject\",\"inLanguage\":\"ko-KR\",\"@id\":\"https:\\\/\\\/naturalpoland.com\\\/ko\\\/#\\\/schema\\\/logo\\\/image\\\/\",\"url\":\"https:\\\/\\\/naturalpoland.com\\\/wp-content\\\/uploads\\\/2021\\\/05\\\/natural-poland-icon.png\",\"contentUrl\":\"https:\\\/\\\/naturalpoland.com\\\/wp-content\\\/uploads\\\/2021\\\/05\\\/natural-poland-icon.png\",\"width\":512,\"height\":512,\"caption\":\"Natural Poland\"},\"image\":{\"@id\":\"https:\\\/\\\/naturalpoland.com\\\/ko\\\/#\\\/schema\\\/logo\\\/image\\\/\"},\"sameAs\":[\"https:\\\/\\\/www.facebook.com\\\/naturalpoland.b2b\",\"https:\\\/\\\/pl.linkedin.com\\\/company\\\/natural-poland\",\"https:\\\/\\\/www.youtube.com\\\/channel\\\/UCgeGGkvOMahZo-xu_MSEWxg\"]}]}<\/script>\n<!-- \/ Yoast SEO plugin. -->","yoast_head_json":{"title":"NATURAL POLAND &#8211; Hurtowy Dystrybutor Surowc\u00f3w","description":"\ubc00\ud06c\uc528\uc2ac \ud544\ub9c1\uc740 \uc8fd\uc740 \ud53c\ubd80 \uc138\ud3ec\ub97c \ubd80\ub4dc\ub7fd\uac8c \uc81c\uac70\ud558\uace0 \ud53c\ubd80 \uc0c1\ud0dc\ub97c \uac1c\uc120\ud558\ub294 \ub370 \uc774\uc0c1\uc801\uc778 \ucc9c\uc5f0 \ud654\uc7a5\ud488\uc785\ub2c8\ub2e4.","robots":{"index":"index","follow":"follow","max-snippet":"max-snippet:-1","max-image-preview":"max-image-preview:large","max-video-preview":"max-video-preview:-1"},"canonical":"https:\/\/naturalpoland.com\/ko\/je-pum\/hwa-jang-pum-won-ryo\/pil-ling-je\/%eb%b0%80%ed%81%ac%ec%94%a8%ec%8a%ac-%ed%95%84%eb%a7%81\/","og_locale":"ko_KR","og_type":"article","og_description":"\ubc00\ud06c\uc528\uc2ac \ud544\ub9c1\uc740 \uc8fd\uc740 \ud53c\ubd80 \uc138\ud3ec\ub97c \ubd80\ub4dc\ub7fd\uac8c \uc81c\uac70\ud558\uace0 \ud53c\ubd80 \uc0c1\ud0dc\ub97c \uac1c\uc120\ud558\ub294 \ub370 \uc774\uc0c1\uc801\uc778 \ucc9c\uc5f0 \ud654\uc7a5\ud488\uc785\ub2c8\ub2e4.","og_url":"https:\/\/naturalpoland.com\/ko\/je-pum\/hwa-jang-pum-won-ryo\/pil-ling-je\/%eb%b0%80%ed%81%ac%ec%94%a8%ec%8a%ac-%ed%95%84%eb%a7%81\/","og_site_name":"NATURAL POLAND - Hurtowy Dystrybutor Surowc\u00f3w","article_publisher":"https:\/\/www.facebook.com\/naturalpoland.b2b","article_modified_time":"2025-09-19T10:49:17+00:00","og_image":[{"width":619,"height":619,"url":"https:\/\/naturalpoland.com\/wp-content\/uploads\/peeling-z-ostropestu-plamistego.webp","type":"image\/webp"}],"schema":{"@context":"https:\/\/schema.org","@graph":[{"@type":"WebPage","@id":"https:\/\/naturalpoland.com\/ko\/je-pum\/hwa-jang-pum-won-ryo\/pil-ling-je\/%eb%b0%80%ed%81%ac%ec%94%a8%ec%8a%ac-%ed%95%84%eb%a7%81\/","url":"https:\/\/naturalpoland.com\/ko\/je-pum\/hwa-jang-pum-won-ryo\/pil-ling-je\/%eb%b0%80%ed%81%ac%ec%94%a8%ec%8a%ac-%ed%95%84%eb%a7%81\/","name":"","isPartOf":{"@id":"https:\/\/naturalpoland.com\/ko\/#website"},"primaryImageOfPage":{"@id":"https:\/\/naturalpoland.com\/ko\/je-pum\/hwa-jang-pum-won-ryo\/pil-ling-je\/%eb%b0%80%ed%81%ac%ec%94%a8%ec%8a%ac-%ed%95%84%eb%a7%81\/#primaryimage"},"image":{"@id":"https:\/\/naturalpoland.com\/ko\/je-pum\/hwa-jang-pum-won-ryo\/pil-ling-je\/%eb%b0%80%ed%81%ac%ec%94%a8%ec%8a%ac-%ed%95%84%eb%a7%81\/#primaryimage"},"thumbnailUrl":"https:\/\/naturalpoland.com\/wp-content\/uploads\/peeling-z-ostropestu-plamistego.webp","datePublished":"2021-05-11T11:53:23+00:00","dateModified":"2025-09-19T10:49:17+00:00","description":"\ubc00\ud06c\uc528\uc2ac \ud544\ub9c1\uc740 \uc8fd\uc740 \ud53c\ubd80 \uc138\ud3ec\ub97c \ubd80\ub4dc\ub7fd\uac8c \uc81c\uac70\ud558\uace0 \ud53c\ubd80 \uc0c1\ud0dc\ub97c \uac1c\uc120\ud558\ub294 \ub370 \uc774\uc0c1\uc801\uc778 \ucc9c\uc5f0 \ud654\uc7a5\ud488\uc785\ub2c8\ub2e4.","breadcrumb":{"@id":"https:\/\/naturalpoland.com\/ko\/je-pum\/hwa-jang-pum-won-ryo\/pil-ling-je\/%eb%b0%80%ed%81%ac%ec%94%a8%ec%8a%ac-%ed%95%84%eb%a7%81\/#breadcrumb"},"inLanguage":"ko-KR","potentialAction":[{"@type":"ReadAction","target":["https:\/\/naturalpoland.com\/ko\/je-pum\/hwa-jang-pum-won-ryo\/pil-ling-je\/%eb%b0%80%ed%81%ac%ec%94%a8%ec%8a%ac-%ed%95%84%eb%a7%81\/"]}]},{"@type":"ImageObject","inLanguage":"ko-KR","@id":"https:\/\/naturalpoland.com\/ko\/je-pum\/hwa-jang-pum-won-ryo\/pil-ling-je\/%eb%b0%80%ed%81%ac%ec%94%a8%ec%8a%ac-%ed%95%84%eb%a7%81\/#primaryimage","url":"https:\/\/naturalpoland.com\/wp-content\/uploads\/peeling-z-ostropestu-plamistego.webp","contentUrl":"https:\/\/naturalpoland.com\/wp-content\/uploads\/peeling-z-ostropestu-plamistego.webp","width":619,"height":619,"caption":"\ubc00\ud06c\uc528\uc2ac \ud544\ub9c1"},{"@type":"BreadcrumbList","@id":"https:\/\/naturalpoland.com\/ko\/je-pum\/hwa-jang-pum-won-ryo\/pil-ling-je\/%eb%b0%80%ed%81%ac%ec%94%a8%ec%8a%ac-%ed%95%84%eb%a7%81\/#breadcrumb","itemListElement":[{"@type":"ListItem","position":1,"name":"\ud648","item":"https:\/\/naturalpoland.com\/ko\/"},{"@type":"ListItem","position":2,"name":"\uc81c\ud488","item":"https:\/\/naturalpoland.com\/ko\/%ec%a0%9c%ed%92%88\/"},{"@type":"ListItem","position":3,"name":"\ubc00\ud06c\uc528\uc2ac \ud544\ub9c1"}]},{"@type":"WebSite","@id":"https:\/\/naturalpoland.com\/ko\/#website","url":"https:\/\/naturalpoland.com\/ko\/","name":"NATURAL POLAND - Hurtowy Dystrybutor Surowc\u00f3w","description":"Surowce dla przemys\u0142u spo\u017cywczego, kosmetycznego i farmaceutycznego","publisher":{"@id":"https:\/\/naturalpoland.com\/ko\/#organization"},"potentialAction":[{"@type":"SearchAction","target":{"@type":"EntryPoint","urlTemplate":"https:\/\/naturalpoland.com\/ko\/?s={search_term_string}"},"query-input":{"@type":"PropertyValueSpecification","valueRequired":true,"valueName":"search_term_string"}}],"inLanguage":"ko-KR"},{"@type":"Organization","@id":"https:\/\/naturalpoland.com\/ko\/#organization","name":"Natural Poland","url":"https:\/\/naturalpoland.com\/ko\/","logo":{"@type":"ImageObject","inLanguage":"ko-KR","@id":"https:\/\/naturalpoland.com\/ko\/#\/schema\/logo\/image\/","url":"https:\/\/naturalpoland.com\/wp-content\/uploads\/2021\/05\/natural-poland-icon.png","contentUrl":"https:\/\/naturalpoland.com\/wp-content\/uploads\/2021\/05\/natural-poland-icon.png","width":512,"height":512,"caption":"Natural Poland"},"image":{"@id":"https:\/\/naturalpoland.com\/ko\/#\/schema\/logo\/image\/"},"sameAs":["https:\/\/www.facebook.com\/naturalpoland.b2b","https:\/\/pl.linkedin.com\/company\/natural-poland","https:\/\/www.youtube.com\/channel\/UCgeGGkvOMahZo-xu_MSEWxg"]}]}},"_links":{"self":[{"href":"https:\/\/naturalpoland.com\/ko\/wp-json\/wp\/v2\/product\/43294","targetHints":{"allow":["GET"]}}],"collection":[{"href":"https:\/\/naturalpoland.com\/ko\/wp-json\/wp\/v2\/product"}],"about":[{"href":"https:\/\/naturalpoland.com\/ko\/wp-json\/wp\/v2\/types\/product"}],"wp:featuredmedia":[{"embeddable":true,"href":"https:\/\/naturalpoland.com\/ko\/wp-json\/wp\/v2\/media\/43297"}],"wp:attachment":[{"href":"https:\/\/naturalpoland.com\/ko\/wp-json\/wp\/v2\/media?parent=43294"}],"wp:term":[{"taxonomy":"product_brand","embeddable":true,"href":"https:\/\/naturalpoland.com\/ko\/wp-json\/wp\/v2\/product_brand?post=43294"},{"taxonomy":"product_cat","embeddable":true,"href":"https:\/\/naturalpoland.com\/ko\/wp-json\/wp\/v2\/product_cat?post=43294"},{"taxonomy":"product_tag","embeddable":true,"href":"https:\/\/naturalpoland.com\/ko\/wp-json\/wp\/v2\/product_tag?post=43294"}],"curies":[{"name":"wp","href":"https:\/\/api.w.org\/{rel}","templated":true}]}}