{"id":43299,"date":"2021-05-11T13:53:43","date_gmt":"2021-05-11T11:53:43","guid":{"rendered":"https:\/\/naturalpoland.com\/produkty\/uncategorized\/%ec%95%84%eb%a1%9c%eb%8b%88%ec%95%84-%ec%94%a8%ec%95%97-%ed%95%84%eb%a7%81\/"},"modified":"2025-09-19T12:49:21","modified_gmt":"2025-09-19T10:49:21","slug":"%ec%95%84%eb%a1%9c%eb%8b%88%ec%95%84-%ec%94%a8%ec%95%97-%ed%95%84%eb%a7%81","status":"publish","type":"product","link":"https:\/\/naturalpoland.com\/ko\/je-pum\/hwa-jang-pum-won-ryo\/pil-ling-je\/%ec%95%84%eb%a1%9c%eb%8b%88%ec%95%84-%ec%94%a8%ec%95%97-%ed%95%84%eb%a7%81\/","title":{"rendered":"\uc544\ub85c\ub2c8\uc544 \uc528\uc557 \ud544\ub9c1"},"content":{"rendered":"<p>\uc9c0\uce5c \ud53c\ubd80\ub97c \uc704\ud55c:<\/p>\n<p>\uc774 \ud544\ub9c1\uc740 \uce59\uce59\ud558\uace0 \uc9c0\uce5c \uc548\uc0c9\uc744 \uac00\uc9c4 \ubd84\ub4e4\uaed8 \ud2b9\ud788 \uad8c\uc7a5\ub429\ub2c8\ub2e4. \ud2bc\uc0b4, \uc140\ub8f0\ub77c\uc774\ud2b8 \ubc0f \uc5ec\ub4dc\ub984\uc131 \ubcc0\ud654\uc640 \uc2f8\uc6b0\ub294 \ub370 \ub3c4\uc6c0\uc774 \ub429\ub2c8\ub2e4. \ub610\ud55c \uc9c0\ub8e8\uc131 \ud53c\ubd80\uc5fc\uacfc \uacfc\ub3c4\ud55c \ud53c\uc9c0 \ubd84\ube44\uc5d0 \ub300\ucc98\ud558\ub294 \ub370 \uae30\uc5ec\ud569\ub2c8\ub2e4. \uc8fd\uc740 \ud45c\ud53c\uce35\uc744 \uc815\uae30\uc801\uc73c\ub85c \uc81c\uac70\ud558\uba74 \ud53c\ubd80 \uac01\uc9c8\ud654\ub97c \uc904\uc774\uace0 \ud53c\ubd80\ub97c \ubd80\ub4dc\ub7fd\uace0 \ub9e4\ub044\ub7fd\uac8c \ub9cc\ub4ed\ub2c8\ub2e4. \ub610\ud55c \ud608\uc561 \uc21c\ud658\uc744 \uac1c\uc120\ud558\uace0 \ud53c\ubd80 \uae4a\uc740 \uce35\uc5d0 \uc0b0\uc18c\ub97c \uacf5\uae09\ud569\ub2c8\ub2e4. \uadf8 \uacb0\uacfc \ud53c\ubd80\uac00 \uc2e0\uc120\ud574 \ubcf4\uc785\ub2c8\ub2e4.     <\/p>\n","protected":false},"excerpt":{"rendered":"<p><strong>\uc544\ub85c\ub2c8\uc544 \uc528\uc557 \ud544\ub9c1<\/strong>\uc740 \uc8fd\uc740 \ud45c\ud53c\ub97c \uae30\uacc4\uc801\uc73c\ub85c \uc81c\uac70\ud558\ub294 \ub370 \uc0ac\uc6a9\ub429\ub2c8\ub2e4. \uc544\ub85c\ub2c8\uc544 \uc528\uc557\uc740 \uc548\ud1a0\uc2dc\uc544\ub2cc, \ube44\ud0c0\ubbfc C, B2, B6, PP, P, E, \ud504\ub85c\ube44\ud0c0\ubbfc A, \ubbf8\ub7c9 \uc6d0\uc18c, \uc12c\uc720\uc9c8, \ud399\ud2f4 \ubc0f \uacfc\uc77c\uc0b0\uc758 \uacf5\uae09\uc6d0\uc785\ub2c8\ub2e4. \uc774 \uc131\ubd84\ub4e4 \ub355\ubd84\uc5d0 \ud544\ub9c1\uc740 \ud53c\ubd80\uc5d0 \ud6a8\uacfc\uc801\uc73c\ub85c \uc601\uc591\uc744 \uacf5\uae09\ud558\uace0 \uc7ac\uc0dd\uc744 \ub3d5\uc2b5\ub2c8\ub2e4.  <\/p>\n","protected":false},"featured_media":43301,"template":"","meta":[],"product_brand":[],"product_cat":[8156],"product_tag":[],"class_list":{"0":"post-43299","1":"product","2":"type-product","3":"status-publish","4":"has-post-thumbnail","6":"product_cat-pil-ling-je","8":"first","9":"instock","10":"shipping-taxable","11":"product-type-simple"},"yoast_head":"<!-- This site is optimized with the Yoast SEO plugin v27.3 - https:\/\/yoast.com\/product\/yoast-seo-wordpress\/ -->\n<title>\uc544\ub85c\ub2c8\uc544 \uc528\uc557 \ud544\ub9c1 - Hurtowy Dystrybutor<\/title>\n<meta name=\"robots\" content=\"index, follow, max-snippet:-1, max-image-preview:large, max-video-preview:-1\" \/>\n<link rel=\"canonical\" href=\"https:\/\/naturalpoland.com\/ko\/je-pum\/hwa-jang-pum-won-ryo\/pil-ling-je\/%ec%95%84%eb%a1%9c%eb%8b%88%ec%95%84-%ec%94%a8%ec%95%97-%ed%95%84%eb%a7%81\/\" \/>\n<meta property=\"og:locale\" content=\"ko_KR\" \/>\n<meta property=\"og:type\" content=\"article\" \/>\n<meta property=\"og:title\" content=\"\uc544\ub85c\ub2c8\uc544 \uc528\uc557 \ud544\ub9c1 - Hurtowy Dystrybutor\" \/>\n<meta property=\"og:description\" content=\"\uc544\ub85c\ub2c8\uc544 \uc528\uc557 \ud544\ub9c1\uc740 \uc8fd\uc740 \ud45c\ud53c\ub97c \uae30\uacc4\uc801\uc73c\ub85c \uc81c\uac70\ud558\ub294 \ub370 \uc0ac\uc6a9\ub429\ub2c8\ub2e4. \uc544\ub85c\ub2c8\uc544 \uc528\uc557\uc740 \uc548\ud1a0\uc2dc\uc544\ub2cc, \ube44\ud0c0\ubbfc C, B2, B6, PP, P, E, \ud504\ub85c\ube44\ud0c0\ubbfc A, \ubbf8\ub7c9 \uc6d0\uc18c, \uc12c\uc720\uc9c8, \ud399\ud2f4 \ubc0f \uacfc\uc77c\uc0b0\uc758 \uacf5\uae09\uc6d0\uc785\ub2c8\ub2e4. \uc774 \uc131\ubd84\ub4e4 \ub355\ubd84\uc5d0 \ud544\ub9c1\uc740 \ud53c\ubd80\uc5d0 \ud6a8\uacfc\uc801\uc73c\ub85c \uc601\uc591\uc744 \uacf5\uae09\ud558\uace0 \uc7ac\uc0dd\uc744 \ub3d5\uc2b5\ub2c8\ub2e4.\" \/>\n<meta property=\"og:url\" content=\"https:\/\/naturalpoland.com\/ko\/je-pum\/hwa-jang-pum-won-ryo\/pil-ling-je\/%ec%95%84%eb%a1%9c%eb%8b%88%ec%95%84-%ec%94%a8%ec%95%97-%ed%95%84%eb%a7%81\/\" \/>\n<meta property=\"og:site_name\" content=\"NATURAL POLAND - Hurtowy Dystrybutor Surowc\u00f3w\" \/>\n<meta property=\"article:publisher\" content=\"https:\/\/www.facebook.com\/naturalpoland.b2b\" \/>\n<meta property=\"article:modified_time\" content=\"2025-09-19T10:49:21+00:00\" \/>\n<meta property=\"og:image\" content=\"https:\/\/naturalpoland.com\/wp-content\/uploads\/peeling-z-nasion-aronii.jpg\" \/>\n\t<meta property=\"og:image:width\" content=\"650\" \/>\n\t<meta property=\"og:image:height\" content=\"650\" \/>\n\t<meta property=\"og:image:type\" content=\"image\/jpeg\" \/>\n<script type=\"application\/ld+json\" class=\"yoast-schema-graph\">{\"@context\":\"https:\\\/\\\/schema.org\",\"@graph\":[{\"@type\":\"WebPage\",\"@id\":\"https:\\\/\\\/naturalpoland.com\\\/ko\\\/je-pum\\\/hwa-jang-pum-won-ryo\\\/pil-ling-je\\\/%ec%95%84%eb%a1%9c%eb%8b%88%ec%95%84-%ec%94%a8%ec%95%97-%ed%95%84%eb%a7%81\\\/\",\"url\":\"https:\\\/\\\/naturalpoland.com\\\/ko\\\/je-pum\\\/hwa-jang-pum-won-ryo\\\/pil-ling-je\\\/%ec%95%84%eb%a1%9c%eb%8b%88%ec%95%84-%ec%94%a8%ec%95%97-%ed%95%84%eb%a7%81\\\/\",\"name\":\"\uc544\ub85c\ub2c8\uc544 \uc528\uc557 \ud544\ub9c1 - Hurtowy Dystrybutor\",\"isPartOf\":{\"@id\":\"https:\\\/\\\/naturalpoland.com\\\/ko\\\/#website\"},\"primaryImageOfPage\":{\"@id\":\"https:\\\/\\\/naturalpoland.com\\\/ko\\\/je-pum\\\/hwa-jang-pum-won-ryo\\\/pil-ling-je\\\/%ec%95%84%eb%a1%9c%eb%8b%88%ec%95%84-%ec%94%a8%ec%95%97-%ed%95%84%eb%a7%81\\\/#primaryimage\"},\"image\":{\"@id\":\"https:\\\/\\\/naturalpoland.com\\\/ko\\\/je-pum\\\/hwa-jang-pum-won-ryo\\\/pil-ling-je\\\/%ec%95%84%eb%a1%9c%eb%8b%88%ec%95%84-%ec%94%a8%ec%95%97-%ed%95%84%eb%a7%81\\\/#primaryimage\"},\"thumbnailUrl\":\"https:\\\/\\\/naturalpoland.com\\\/wp-content\\\/uploads\\\/peeling-z-nasion-aronii.jpg\",\"datePublished\":\"2021-05-11T11:53:43+00:00\",\"dateModified\":\"2025-09-19T10:49:21+00:00\",\"breadcrumb\":{\"@id\":\"https:\\\/\\\/naturalpoland.com\\\/ko\\\/je-pum\\\/hwa-jang-pum-won-ryo\\\/pil-ling-je\\\/%ec%95%84%eb%a1%9c%eb%8b%88%ec%95%84-%ec%94%a8%ec%95%97-%ed%95%84%eb%a7%81\\\/#breadcrumb\"},\"inLanguage\":\"ko-KR\",\"potentialAction\":[{\"@type\":\"ReadAction\",\"target\":[\"https:\\\/\\\/naturalpoland.com\\\/ko\\\/je-pum\\\/hwa-jang-pum-won-ryo\\\/pil-ling-je\\\/%ec%95%84%eb%a1%9c%eb%8b%88%ec%95%84-%ec%94%a8%ec%95%97-%ed%95%84%eb%a7%81\\\/\"]}]},{\"@type\":\"ImageObject\",\"inLanguage\":\"ko-KR\",\"@id\":\"https:\\\/\\\/naturalpoland.com\\\/ko\\\/je-pum\\\/hwa-jang-pum-won-ryo\\\/pil-ling-je\\\/%ec%95%84%eb%a1%9c%eb%8b%88%ec%95%84-%ec%94%a8%ec%95%97-%ed%95%84%eb%a7%81\\\/#primaryimage\",\"url\":\"https:\\\/\\\/naturalpoland.com\\\/wp-content\\\/uploads\\\/peeling-z-nasion-aronii.jpg\",\"contentUrl\":\"https:\\\/\\\/naturalpoland.com\\\/wp-content\\\/uploads\\\/peeling-z-nasion-aronii.jpg\",\"width\":650,\"height\":650,\"caption\":\"\uc544\ub85c\ub2c8\uc544 \uc528\uc557 \ud544\ub9c1\"},{\"@type\":\"BreadcrumbList\",\"@id\":\"https:\\\/\\\/naturalpoland.com\\\/ko\\\/je-pum\\\/hwa-jang-pum-won-ryo\\\/pil-ling-je\\\/%ec%95%84%eb%a1%9c%eb%8b%88%ec%95%84-%ec%94%a8%ec%95%97-%ed%95%84%eb%a7%81\\\/#breadcrumb\",\"itemListElement\":[{\"@type\":\"ListItem\",\"position\":1,\"name\":\"\ud648\",\"item\":\"https:\\\/\\\/naturalpoland.com\\\/ko\\\/\"},{\"@type\":\"ListItem\",\"position\":2,\"name\":\"\uc81c\ud488\",\"item\":\"https:\\\/\\\/naturalpoland.com\\\/ko\\\/%ec%a0%9c%ed%92%88\\\/\"},{\"@type\":\"ListItem\",\"position\":3,\"name\":\"\uc544\ub85c\ub2c8\uc544 \uc528\uc557 \ud544\ub9c1\"}]},{\"@type\":\"WebSite\",\"@id\":\"https:\\\/\\\/naturalpoland.com\\\/ko\\\/#website\",\"url\":\"https:\\\/\\\/naturalpoland.com\\\/ko\\\/\",\"name\":\"NATURAL POLAND - Hurtowy Dystrybutor Surowc\u00f3w\",\"description\":\"Surowce dla przemys\u0142u spo\u017cywczego, kosmetycznego i farmaceutycznego\",\"publisher\":{\"@id\":\"https:\\\/\\\/naturalpoland.com\\\/ko\\\/#organization\"},\"potentialAction\":[{\"@type\":\"SearchAction\",\"target\":{\"@type\":\"EntryPoint\",\"urlTemplate\":\"https:\\\/\\\/naturalpoland.com\\\/ko\\\/?s={search_term_string}\"},\"query-input\":{\"@type\":\"PropertyValueSpecification\",\"valueRequired\":true,\"valueName\":\"search_term_string\"}}],\"inLanguage\":\"ko-KR\"},{\"@type\":\"Organization\",\"@id\":\"https:\\\/\\\/naturalpoland.com\\\/ko\\\/#organization\",\"name\":\"Natural Poland\",\"url\":\"https:\\\/\\\/naturalpoland.com\\\/ko\\\/\",\"logo\":{\"@type\":\"ImageObject\",\"inLanguage\":\"ko-KR\",\"@id\":\"https:\\\/\\\/naturalpoland.com\\\/ko\\\/#\\\/schema\\\/logo\\\/image\\\/\",\"url\":\"https:\\\/\\\/naturalpoland.com\\\/wp-content\\\/uploads\\\/2021\\\/05\\\/natural-poland-icon.png\",\"contentUrl\":\"https:\\\/\\\/naturalpoland.com\\\/wp-content\\\/uploads\\\/2021\\\/05\\\/natural-poland-icon.png\",\"width\":512,\"height\":512,\"caption\":\"Natural Poland\"},\"image\":{\"@id\":\"https:\\\/\\\/naturalpoland.com\\\/ko\\\/#\\\/schema\\\/logo\\\/image\\\/\"},\"sameAs\":[\"https:\\\/\\\/www.facebook.com\\\/naturalpoland.b2b\",\"https:\\\/\\\/pl.linkedin.com\\\/company\\\/natural-poland\",\"https:\\\/\\\/www.youtube.com\\\/channel\\\/UCgeGGkvOMahZo-xu_MSEWxg\"]}]}<\/script>\n<!-- \/ Yoast SEO plugin. -->","yoast_head_json":{"title":"\uc544\ub85c\ub2c8\uc544 \uc528\uc557 \ud544\ub9c1 - Hurtowy Dystrybutor","robots":{"index":"index","follow":"follow","max-snippet":"max-snippet:-1","max-image-preview":"max-image-preview:large","max-video-preview":"max-video-preview:-1"},"canonical":"https:\/\/naturalpoland.com\/ko\/je-pum\/hwa-jang-pum-won-ryo\/pil-ling-je\/%ec%95%84%eb%a1%9c%eb%8b%88%ec%95%84-%ec%94%a8%ec%95%97-%ed%95%84%eb%a7%81\/","og_locale":"ko_KR","og_type":"article","og_title":"\uc544\ub85c\ub2c8\uc544 \uc528\uc557 \ud544\ub9c1 - Hurtowy Dystrybutor","og_description":"\uc544\ub85c\ub2c8\uc544 \uc528\uc557 \ud544\ub9c1\uc740 \uc8fd\uc740 \ud45c\ud53c\ub97c \uae30\uacc4\uc801\uc73c\ub85c \uc81c\uac70\ud558\ub294 \ub370 \uc0ac\uc6a9\ub429\ub2c8\ub2e4. \uc544\ub85c\ub2c8\uc544 \uc528\uc557\uc740 \uc548\ud1a0\uc2dc\uc544\ub2cc, \ube44\ud0c0\ubbfc C, B2, B6, PP, P, E, \ud504\ub85c\ube44\ud0c0\ubbfc A, \ubbf8\ub7c9 \uc6d0\uc18c, \uc12c\uc720\uc9c8, \ud399\ud2f4 \ubc0f \uacfc\uc77c\uc0b0\uc758 \uacf5\uae09\uc6d0\uc785\ub2c8\ub2e4. \uc774 \uc131\ubd84\ub4e4 \ub355\ubd84\uc5d0 \ud544\ub9c1\uc740 \ud53c\ubd80\uc5d0 \ud6a8\uacfc\uc801\uc73c\ub85c \uc601\uc591\uc744 \uacf5\uae09\ud558\uace0 \uc7ac\uc0dd\uc744 \ub3d5\uc2b5\ub2c8\ub2e4.","og_url":"https:\/\/naturalpoland.com\/ko\/je-pum\/hwa-jang-pum-won-ryo\/pil-ling-je\/%ec%95%84%eb%a1%9c%eb%8b%88%ec%95%84-%ec%94%a8%ec%95%97-%ed%95%84%eb%a7%81\/","og_site_name":"NATURAL POLAND - Hurtowy Dystrybutor Surowc\u00f3w","article_publisher":"https:\/\/www.facebook.com\/naturalpoland.b2b","article_modified_time":"2025-09-19T10:49:21+00:00","og_image":[{"width":650,"height":650,"url":"https:\/\/naturalpoland.com\/wp-content\/uploads\/peeling-z-nasion-aronii.jpg","type":"image\/jpeg"}],"schema":{"@context":"https:\/\/schema.org","@graph":[{"@type":"WebPage","@id":"https:\/\/naturalpoland.com\/ko\/je-pum\/hwa-jang-pum-won-ryo\/pil-ling-je\/%ec%95%84%eb%a1%9c%eb%8b%88%ec%95%84-%ec%94%a8%ec%95%97-%ed%95%84%eb%a7%81\/","url":"https:\/\/naturalpoland.com\/ko\/je-pum\/hwa-jang-pum-won-ryo\/pil-ling-je\/%ec%95%84%eb%a1%9c%eb%8b%88%ec%95%84-%ec%94%a8%ec%95%97-%ed%95%84%eb%a7%81\/","name":"\uc544\ub85c\ub2c8\uc544 \uc528\uc557 \ud544\ub9c1 - Hurtowy Dystrybutor","isPartOf":{"@id":"https:\/\/naturalpoland.com\/ko\/#website"},"primaryImageOfPage":{"@id":"https:\/\/naturalpoland.com\/ko\/je-pum\/hwa-jang-pum-won-ryo\/pil-ling-je\/%ec%95%84%eb%a1%9c%eb%8b%88%ec%95%84-%ec%94%a8%ec%95%97-%ed%95%84%eb%a7%81\/#primaryimage"},"image":{"@id":"https:\/\/naturalpoland.com\/ko\/je-pum\/hwa-jang-pum-won-ryo\/pil-ling-je\/%ec%95%84%eb%a1%9c%eb%8b%88%ec%95%84-%ec%94%a8%ec%95%97-%ed%95%84%eb%a7%81\/#primaryimage"},"thumbnailUrl":"https:\/\/naturalpoland.com\/wp-content\/uploads\/peeling-z-nasion-aronii.jpg","datePublished":"2021-05-11T11:53:43+00:00","dateModified":"2025-09-19T10:49:21+00:00","breadcrumb":{"@id":"https:\/\/naturalpoland.com\/ko\/je-pum\/hwa-jang-pum-won-ryo\/pil-ling-je\/%ec%95%84%eb%a1%9c%eb%8b%88%ec%95%84-%ec%94%a8%ec%95%97-%ed%95%84%eb%a7%81\/#breadcrumb"},"inLanguage":"ko-KR","potentialAction":[{"@type":"ReadAction","target":["https:\/\/naturalpoland.com\/ko\/je-pum\/hwa-jang-pum-won-ryo\/pil-ling-je\/%ec%95%84%eb%a1%9c%eb%8b%88%ec%95%84-%ec%94%a8%ec%95%97-%ed%95%84%eb%a7%81\/"]}]},{"@type":"ImageObject","inLanguage":"ko-KR","@id":"https:\/\/naturalpoland.com\/ko\/je-pum\/hwa-jang-pum-won-ryo\/pil-ling-je\/%ec%95%84%eb%a1%9c%eb%8b%88%ec%95%84-%ec%94%a8%ec%95%97-%ed%95%84%eb%a7%81\/#primaryimage","url":"https:\/\/naturalpoland.com\/wp-content\/uploads\/peeling-z-nasion-aronii.jpg","contentUrl":"https:\/\/naturalpoland.com\/wp-content\/uploads\/peeling-z-nasion-aronii.jpg","width":650,"height":650,"caption":"\uc544\ub85c\ub2c8\uc544 \uc528\uc557 \ud544\ub9c1"},{"@type":"BreadcrumbList","@id":"https:\/\/naturalpoland.com\/ko\/je-pum\/hwa-jang-pum-won-ryo\/pil-ling-je\/%ec%95%84%eb%a1%9c%eb%8b%88%ec%95%84-%ec%94%a8%ec%95%97-%ed%95%84%eb%a7%81\/#breadcrumb","itemListElement":[{"@type":"ListItem","position":1,"name":"\ud648","item":"https:\/\/naturalpoland.com\/ko\/"},{"@type":"ListItem","position":2,"name":"\uc81c\ud488","item":"https:\/\/naturalpoland.com\/ko\/%ec%a0%9c%ed%92%88\/"},{"@type":"ListItem","position":3,"name":"\uc544\ub85c\ub2c8\uc544 \uc528\uc557 \ud544\ub9c1"}]},{"@type":"WebSite","@id":"https:\/\/naturalpoland.com\/ko\/#website","url":"https:\/\/naturalpoland.com\/ko\/","name":"NATURAL POLAND - Hurtowy Dystrybutor Surowc\u00f3w","description":"Surowce dla przemys\u0142u spo\u017cywczego, kosmetycznego i farmaceutycznego","publisher":{"@id":"https:\/\/naturalpoland.com\/ko\/#organization"},"potentialAction":[{"@type":"SearchAction","target":{"@type":"EntryPoint","urlTemplate":"https:\/\/naturalpoland.com\/ko\/?s={search_term_string}"},"query-input":{"@type":"PropertyValueSpecification","valueRequired":true,"valueName":"search_term_string"}}],"inLanguage":"ko-KR"},{"@type":"Organization","@id":"https:\/\/naturalpoland.com\/ko\/#organization","name":"Natural Poland","url":"https:\/\/naturalpoland.com\/ko\/","logo":{"@type":"ImageObject","inLanguage":"ko-KR","@id":"https:\/\/naturalpoland.com\/ko\/#\/schema\/logo\/image\/","url":"https:\/\/naturalpoland.com\/wp-content\/uploads\/2021\/05\/natural-poland-icon.png","contentUrl":"https:\/\/naturalpoland.com\/wp-content\/uploads\/2021\/05\/natural-poland-icon.png","width":512,"height":512,"caption":"Natural Poland"},"image":{"@id":"https:\/\/naturalpoland.com\/ko\/#\/schema\/logo\/image\/"},"sameAs":["https:\/\/www.facebook.com\/naturalpoland.b2b","https:\/\/pl.linkedin.com\/company\/natural-poland","https:\/\/www.youtube.com\/channel\/UCgeGGkvOMahZo-xu_MSEWxg"]}]}},"_links":{"self":[{"href":"https:\/\/naturalpoland.com\/ko\/wp-json\/wp\/v2\/product\/43299","targetHints":{"allow":["GET"]}}],"collection":[{"href":"https:\/\/naturalpoland.com\/ko\/wp-json\/wp\/v2\/product"}],"about":[{"href":"https:\/\/naturalpoland.com\/ko\/wp-json\/wp\/v2\/types\/product"}],"wp:featuredmedia":[{"embeddable":true,"href":"https:\/\/naturalpoland.com\/ko\/wp-json\/wp\/v2\/media\/43301"}],"wp:attachment":[{"href":"https:\/\/naturalpoland.com\/ko\/wp-json\/wp\/v2\/media?parent=43299"}],"wp:term":[{"taxonomy":"product_brand","embeddable":true,"href":"https:\/\/naturalpoland.com\/ko\/wp-json\/wp\/v2\/product_brand?post=43299"},{"taxonomy":"product_cat","embeddable":true,"href":"https:\/\/naturalpoland.com\/ko\/wp-json\/wp\/v2\/product_cat?post=43299"},{"taxonomy":"product_tag","embeddable":true,"href":"https:\/\/naturalpoland.com\/ko\/wp-json\/wp\/v2\/product_tag?post=43299"}],"curies":[{"name":"wp","href":"https:\/\/api.w.org\/{rel}","templated":true}]}}