{"id":43302,"date":"2021-05-11T13:53:21","date_gmt":"2021-05-11T11:53:21","guid":{"rendered":"https:\/\/naturalpoland.com\/produkty\/uncategorized\/%eb%a1%9c%ec%a6%88%ed%9e%99-%ec%94%a8%ec%95%97-%ed%95%84%eb%a7%81\/"},"modified":"2025-09-19T12:49:41","modified_gmt":"2025-09-19T10:49:41","slug":"%eb%a1%9c%ec%a6%88%ed%9e%99-%ec%94%a8%ec%95%97-%ed%95%84%eb%a7%81","status":"publish","type":"product","link":"https:\/\/naturalpoland.com\/ko\/je-pum\/hwa-jang-pum-won-ryo\/pil-ling-je\/%eb%a1%9c%ec%a6%88%ed%9e%99-%ec%94%a8%ec%95%97-%ed%95%84%eb%a7%81\/","title":{"rendered":"\ub85c\uc988\ud799 \uc528\uc557 \ud544\ub9c1"},"content":{"rendered":"<p>\ub85c\uc988\ud799 \ud544\ub9c1\uc740 \uae30\uc874\uc758 \uc5f0\ub9c8\uc81c\uc5d0 \ub300\ud55c \uc790\uc5f0\uc801\uc778 \ub300\uc548\uc744 \uc81c\uc2dc\ud569\ub2c8\ub2e4. \uc774 \ud544\ub9c1\uc740 \uc0dd\uc0b0 \uacfc\uc815\uc5d0\uc11c \ud0c8\uc9c0\ub418\ub294 <strong><a href=\"https:\/\/naturalpoland.com\/produkty\/produkty-roslinne\/pestki-z-owocow-dzikiej-rozy\/\">\ub85c\uc988\ud799 \uc528\uc557<\/a><\/strong>\uc5d0\uc11c \ucd94\ucd9c\ub429\ub2c8\ub2e4. \ubcf8 \uc81c\ud488\uc740 \uc5c4\uaca9\ud55c \uc548\uc804 \ubc0f \ud488\uc9c8 \uae30\uc900\uc744 \ucda9\uc871\ud569\ub2c8\ub2e4. 0.1% \uc774\uc0c1\uc758 \uc2dd\ubb3c\uc131 \ubc0f \uad11\ubb3c\uc131 \uc624\uc5fc \ubb3c\uc9c8\uc744 \ud3ec\ud568\ud558\uc9c0 \uc54a\uc73c\uba70, \uc800\uc7a5 \ud574\ucda9, \uc911\uae08\uc18d \ubc0f \uacf0\ud321\uc774 \ub3c5\uc18c\ub85c\ubd80\ud130 \uc790\uc720\ub86d\uc2b5\ub2c8\ub2e4. \uc774\ub294 \uc720\ub7fd \uc5f0\ud569\uc758 \ud604\ud589 \uaddc\uc815\uc5d0 \ub530\ub985\ub2c8\ub2e4.   <\/p>\n<h2>\ud2b9\uc131<\/h2>\n<p>\ucc9c\uc5f0 \ubd84\ub9d0 \ud615\ud0dc\uc758 \uc9c8\uac10 \ub355\ubd84\uc5d0, \uc774 \ud544\ub9c1\uc740 \uc8fd\uc740 \ud53c\ubd80 \uc138\ud3ec\ub97c \ubd80\ub4dc\ub7fd\uac8c \uc81c\uac70\ud558\uba70 \uc790\uadf9\uc744 \uc720\ubc1c\ud558\uc9c0 \uc54a\uc2b5\ub2c8\ub2e4. \ud6a8\uacfc\uc801\uc774\uc9c0\ub9cc \uc21c\ud569\ub2c8\ub2e4. \uc774 \ubd84\ub9d0\uc740 \ud2b9\uc9d5\uc801\uc778 \ubbf8\ubb18\ud55c \ud5a5\uc744 \uac00\uc9c0\uace0 \uc788\uc73c\uba70, \ub178\ub780\uc0c9-\uac08\uc0c9 \ub610\ub294 \uc9d9\uc740 \uac08\uc0c9\uc744 \ub760\ub294\ub370, \uc774\ub294 \ucc9c\uc5f0 \uc720\ub798\uc640 \ucd5c\uc18c\ud55c\uc758 \uac00\uacf5\uc744 \uc99d\uba85\ud569\ub2c8\ub2e4.  <\/p>\n<h2>\uc801\uc6a9<\/h2>\n<p>\ubcf8 \uc81c\ud488\uc740 \ud06c\ub9bc, \ub9c8\uc2a4\ud06c\ud329 \ub610\ub294 \ud544\ub9c1 \uc824\uacfc \uac19\uc740 \ub2e4\uc591\ud55c \uc885\ub958\uc758 \uc2a4\ud0a8\ucf00\uc5b4 \ubc0f \ud074\ub80c\uc9d5 \ud654\uc7a5\ud488\uc5d0 \uc0ac\uc6a9\ud558\uae30\uc5d0 \ud0c1\uc6d4\ud569\ub2c8\ub2e4. \ub610\ud55c \uac00\uc815\uc5d0\uc11c \ub9cc\ub4dc\ub294 \ud654\uc7a5\ud488 \ub808\uc2dc\ud53c\uc5d0\ub3c4 \ud65c\uc6a9\ub420 \uc218 \uc788\uc5b4, \ub9de\ucda4\ud615 \ucc9c\uc5f0 \ubc14\ub514 \ucf00\uc5b4 \uc81c\ud488\uc744 \ub9cc\ub4dc\ub294 \uac83\uc744 \uac00\ub2a5\ud558\uac8c \ud569\ub2c8\ub2e4. <\/p>\n","protected":false},"excerpt":{"rendered":"<p><strong>\ub85c\uc988\ud799 \uc528\uc557 \ud544\ub9c1<\/strong>\uc740 \uc8fd\uc740 \uac01\uc9c8\uc744 \uae30\uacc4\uc801\uc73c\ub85c \uc81c\uac70\ud558\ub294 \ub370 \uc0ac\uc6a9\ub429\ub2c8\ub2e4.<\/p>\n","protected":false},"featured_media":43304,"template":"","meta":[],"product_brand":[],"product_cat":[8156],"product_tag":[],"class_list":{"0":"post-43302","1":"product","2":"type-product","3":"status-publish","4":"has-post-thumbnail","6":"product_cat-pil-ling-je","8":"first","9":"instock","10":"shipping-taxable","11":"product-type-simple"},"yoast_head":"<!-- This site is optimized with the Yoast SEO plugin v27.3 - https:\/\/yoast.com\/product\/yoast-seo-wordpress\/ -->\n<title>NATURAL POLAND &#8211; Hurtowy Dystrybutor Surowc\u00f3w<\/title>\n<meta name=\"description\" content=\"\ub85c\uc988\ud799 \uc528\uc557 \ud544\ub9c1\uc740 \uac74\uac15\ud558\uace0 \uc544\ub984\ub2e4\uc6b4 \ud53c\ubd80\ub97c \uac00\uafb8\uace0\uc790 \ud558\ub294 \ubd84\ub4e4\uc744 \uc704\ud55c \uc790\uc5f0\uc801\uc778 \ud574\uacb0\ucc45\uc744 \uc81c\uacf5\ud558\ub294 \uace0\ud488\uc9c8\uc758 \uce5c\ud658\uacbd \uc81c\ud488\uc785\ub2c8\ub2e4.\" \/>\n<meta name=\"robots\" content=\"index, follow, max-snippet:-1, max-image-preview:large, max-video-preview:-1\" \/>\n<link rel=\"canonical\" href=\"https:\/\/naturalpoland.com\/ko\/je-pum\/hwa-jang-pum-won-ryo\/pil-ling-je\/%eb%a1%9c%ec%a6%88%ed%9e%99-%ec%94%a8%ec%95%97-%ed%95%84%eb%a7%81\/\" \/>\n<meta property=\"og:locale\" content=\"ko_KR\" \/>\n<meta property=\"og:type\" content=\"article\" \/>\n<meta property=\"og:description\" content=\"\ub85c\uc988\ud799 \uc528\uc557 \ud544\ub9c1\uc740 \uac74\uac15\ud558\uace0 \uc544\ub984\ub2e4\uc6b4 \ud53c\ubd80\ub97c \uac00\uafb8\uace0\uc790 \ud558\ub294 \ubd84\ub4e4\uc744 \uc704\ud55c \uc790\uc5f0\uc801\uc778 \ud574\uacb0\ucc45\uc744 \uc81c\uacf5\ud558\ub294 \uace0\ud488\uc9c8\uc758 \uce5c\ud658\uacbd \uc81c\ud488\uc785\ub2c8\ub2e4.\" \/>\n<meta property=\"og:url\" content=\"https:\/\/naturalpoland.com\/ko\/je-pum\/hwa-jang-pum-won-ryo\/pil-ling-je\/%eb%a1%9c%ec%a6%88%ed%9e%99-%ec%94%a8%ec%95%97-%ed%95%84%eb%a7%81\/\" \/>\n<meta property=\"og:site_name\" content=\"NATURAL POLAND - Hurtowy Dystrybutor Surowc\u00f3w\" \/>\n<meta property=\"article:publisher\" content=\"https:\/\/www.facebook.com\/naturalpoland.b2b\" \/>\n<meta property=\"article:modified_time\" content=\"2025-09-19T10:49:41+00:00\" \/>\n<meta property=\"og:image\" content=\"https:\/\/naturalpoland.com\/wp-content\/uploads\/peeling-z-nasion-dzikiej-rozy.jpg\" \/>\n\t<meta property=\"og:image:width\" content=\"650\" \/>\n\t<meta property=\"og:image:height\" content=\"650\" \/>\n\t<meta property=\"og:image:type\" content=\"image\/jpeg\" \/>\n<script type=\"application\/ld+json\" class=\"yoast-schema-graph\">{\"@context\":\"https:\\\/\\\/schema.org\",\"@graph\":[{\"@type\":\"WebPage\",\"@id\":\"https:\\\/\\\/naturalpoland.com\\\/ko\\\/je-pum\\\/hwa-jang-pum-won-ryo\\\/pil-ling-je\\\/%eb%a1%9c%ec%a6%88%ed%9e%99-%ec%94%a8%ec%95%97-%ed%95%84%eb%a7%81\\\/\",\"url\":\"https:\\\/\\\/naturalpoland.com\\\/ko\\\/je-pum\\\/hwa-jang-pum-won-ryo\\\/pil-ling-je\\\/%eb%a1%9c%ec%a6%88%ed%9e%99-%ec%94%a8%ec%95%97-%ed%95%84%eb%a7%81\\\/\",\"name\":\"\",\"isPartOf\":{\"@id\":\"https:\\\/\\\/naturalpoland.com\\\/ko\\\/#website\"},\"primaryImageOfPage\":{\"@id\":\"https:\\\/\\\/naturalpoland.com\\\/ko\\\/je-pum\\\/hwa-jang-pum-won-ryo\\\/pil-ling-je\\\/%eb%a1%9c%ec%a6%88%ed%9e%99-%ec%94%a8%ec%95%97-%ed%95%84%eb%a7%81\\\/#primaryimage\"},\"image\":{\"@id\":\"https:\\\/\\\/naturalpoland.com\\\/ko\\\/je-pum\\\/hwa-jang-pum-won-ryo\\\/pil-ling-je\\\/%eb%a1%9c%ec%a6%88%ed%9e%99-%ec%94%a8%ec%95%97-%ed%95%84%eb%a7%81\\\/#primaryimage\"},\"thumbnailUrl\":\"https:\\\/\\\/naturalpoland.com\\\/wp-content\\\/uploads\\\/peeling-z-nasion-dzikiej-rozy.jpg\",\"datePublished\":\"2021-05-11T11:53:21+00:00\",\"dateModified\":\"2025-09-19T10:49:41+00:00\",\"description\":\"\ub85c\uc988\ud799 \uc528\uc557 \ud544\ub9c1\uc740 \uac74\uac15\ud558\uace0 \uc544\ub984\ub2e4\uc6b4 \ud53c\ubd80\ub97c \uac00\uafb8\uace0\uc790 \ud558\ub294 \ubd84\ub4e4\uc744 \uc704\ud55c \uc790\uc5f0\uc801\uc778 \ud574\uacb0\ucc45\uc744 \uc81c\uacf5\ud558\ub294 \uace0\ud488\uc9c8\uc758 \uce5c\ud658\uacbd \uc81c\ud488\uc785\ub2c8\ub2e4.\",\"breadcrumb\":{\"@id\":\"https:\\\/\\\/naturalpoland.com\\\/ko\\\/je-pum\\\/hwa-jang-pum-won-ryo\\\/pil-ling-je\\\/%eb%a1%9c%ec%a6%88%ed%9e%99-%ec%94%a8%ec%95%97-%ed%95%84%eb%a7%81\\\/#breadcrumb\"},\"inLanguage\":\"ko-KR\",\"potentialAction\":[{\"@type\":\"ReadAction\",\"target\":[\"https:\\\/\\\/naturalpoland.com\\\/ko\\\/je-pum\\\/hwa-jang-pum-won-ryo\\\/pil-ling-je\\\/%eb%a1%9c%ec%a6%88%ed%9e%99-%ec%94%a8%ec%95%97-%ed%95%84%eb%a7%81\\\/\"]}]},{\"@type\":\"ImageObject\",\"inLanguage\":\"ko-KR\",\"@id\":\"https:\\\/\\\/naturalpoland.com\\\/ko\\\/je-pum\\\/hwa-jang-pum-won-ryo\\\/pil-ling-je\\\/%eb%a1%9c%ec%a6%88%ed%9e%99-%ec%94%a8%ec%95%97-%ed%95%84%eb%a7%81\\\/#primaryimage\",\"url\":\"https:\\\/\\\/naturalpoland.com\\\/wp-content\\\/uploads\\\/peeling-z-nasion-dzikiej-rozy.jpg\",\"contentUrl\":\"https:\\\/\\\/naturalpoland.com\\\/wp-content\\\/uploads\\\/peeling-z-nasion-dzikiej-rozy.jpg\",\"width\":650,\"height\":650,\"caption\":\"\ub85c\uc988\ud799 \uc528\uc557 \ud544\ub9c1\"},{\"@type\":\"BreadcrumbList\",\"@id\":\"https:\\\/\\\/naturalpoland.com\\\/ko\\\/je-pum\\\/hwa-jang-pum-won-ryo\\\/pil-ling-je\\\/%eb%a1%9c%ec%a6%88%ed%9e%99-%ec%94%a8%ec%95%97-%ed%95%84%eb%a7%81\\\/#breadcrumb\",\"itemListElement\":[{\"@type\":\"ListItem\",\"position\":1,\"name\":\"\ud648\",\"item\":\"https:\\\/\\\/naturalpoland.com\\\/ko\\\/\"},{\"@type\":\"ListItem\",\"position\":2,\"name\":\"\uc81c\ud488\",\"item\":\"https:\\\/\\\/naturalpoland.com\\\/ko\\\/%ec%a0%9c%ed%92%88\\\/\"},{\"@type\":\"ListItem\",\"position\":3,\"name\":\"\ub85c\uc988\ud799 \uc528\uc557 \ud544\ub9c1\"}]},{\"@type\":\"WebSite\",\"@id\":\"https:\\\/\\\/naturalpoland.com\\\/ko\\\/#website\",\"url\":\"https:\\\/\\\/naturalpoland.com\\\/ko\\\/\",\"name\":\"NATURAL POLAND - Hurtowy Dystrybutor Surowc\u00f3w\",\"description\":\"Surowce dla przemys\u0142u spo\u017cywczego, kosmetycznego i farmaceutycznego\",\"publisher\":{\"@id\":\"https:\\\/\\\/naturalpoland.com\\\/ko\\\/#organization\"},\"potentialAction\":[{\"@type\":\"SearchAction\",\"target\":{\"@type\":\"EntryPoint\",\"urlTemplate\":\"https:\\\/\\\/naturalpoland.com\\\/ko\\\/?s={search_term_string}\"},\"query-input\":{\"@type\":\"PropertyValueSpecification\",\"valueRequired\":true,\"valueName\":\"search_term_string\"}}],\"inLanguage\":\"ko-KR\"},{\"@type\":\"Organization\",\"@id\":\"https:\\\/\\\/naturalpoland.com\\\/ko\\\/#organization\",\"name\":\"Natural Poland\",\"url\":\"https:\\\/\\\/naturalpoland.com\\\/ko\\\/\",\"logo\":{\"@type\":\"ImageObject\",\"inLanguage\":\"ko-KR\",\"@id\":\"https:\\\/\\\/naturalpoland.com\\\/ko\\\/#\\\/schema\\\/logo\\\/image\\\/\",\"url\":\"https:\\\/\\\/naturalpoland.com\\\/wp-content\\\/uploads\\\/2021\\\/05\\\/natural-poland-icon.png\",\"contentUrl\":\"https:\\\/\\\/naturalpoland.com\\\/wp-content\\\/uploads\\\/2021\\\/05\\\/natural-poland-icon.png\",\"width\":512,\"height\":512,\"caption\":\"Natural Poland\"},\"image\":{\"@id\":\"https:\\\/\\\/naturalpoland.com\\\/ko\\\/#\\\/schema\\\/logo\\\/image\\\/\"},\"sameAs\":[\"https:\\\/\\\/www.facebook.com\\\/naturalpoland.b2b\",\"https:\\\/\\\/pl.linkedin.com\\\/company\\\/natural-poland\",\"https:\\\/\\\/www.youtube.com\\\/channel\\\/UCgeGGkvOMahZo-xu_MSEWxg\"]}]}<\/script>\n<!-- \/ Yoast SEO plugin. -->","yoast_head_json":{"title":"NATURAL POLAND &#8211; Hurtowy Dystrybutor Surowc\u00f3w","description":"\ub85c\uc988\ud799 \uc528\uc557 \ud544\ub9c1\uc740 \uac74\uac15\ud558\uace0 \uc544\ub984\ub2e4\uc6b4 \ud53c\ubd80\ub97c \uac00\uafb8\uace0\uc790 \ud558\ub294 \ubd84\ub4e4\uc744 \uc704\ud55c \uc790\uc5f0\uc801\uc778 \ud574\uacb0\ucc45\uc744 \uc81c\uacf5\ud558\ub294 \uace0\ud488\uc9c8\uc758 \uce5c\ud658\uacbd \uc81c\ud488\uc785\ub2c8\ub2e4.","robots":{"index":"index","follow":"follow","max-snippet":"max-snippet:-1","max-image-preview":"max-image-preview:large","max-video-preview":"max-video-preview:-1"},"canonical":"https:\/\/naturalpoland.com\/ko\/je-pum\/hwa-jang-pum-won-ryo\/pil-ling-je\/%eb%a1%9c%ec%a6%88%ed%9e%99-%ec%94%a8%ec%95%97-%ed%95%84%eb%a7%81\/","og_locale":"ko_KR","og_type":"article","og_description":"\ub85c\uc988\ud799 \uc528\uc557 \ud544\ub9c1\uc740 \uac74\uac15\ud558\uace0 \uc544\ub984\ub2e4\uc6b4 \ud53c\ubd80\ub97c \uac00\uafb8\uace0\uc790 \ud558\ub294 \ubd84\ub4e4\uc744 \uc704\ud55c \uc790\uc5f0\uc801\uc778 \ud574\uacb0\ucc45\uc744 \uc81c\uacf5\ud558\ub294 \uace0\ud488\uc9c8\uc758 \uce5c\ud658\uacbd \uc81c\ud488\uc785\ub2c8\ub2e4.","og_url":"https:\/\/naturalpoland.com\/ko\/je-pum\/hwa-jang-pum-won-ryo\/pil-ling-je\/%eb%a1%9c%ec%a6%88%ed%9e%99-%ec%94%a8%ec%95%97-%ed%95%84%eb%a7%81\/","og_site_name":"NATURAL POLAND - Hurtowy Dystrybutor Surowc\u00f3w","article_publisher":"https:\/\/www.facebook.com\/naturalpoland.b2b","article_modified_time":"2025-09-19T10:49:41+00:00","og_image":[{"width":650,"height":650,"url":"https:\/\/naturalpoland.com\/wp-content\/uploads\/peeling-z-nasion-dzikiej-rozy.jpg","type":"image\/jpeg"}],"schema":{"@context":"https:\/\/schema.org","@graph":[{"@type":"WebPage","@id":"https:\/\/naturalpoland.com\/ko\/je-pum\/hwa-jang-pum-won-ryo\/pil-ling-je\/%eb%a1%9c%ec%a6%88%ed%9e%99-%ec%94%a8%ec%95%97-%ed%95%84%eb%a7%81\/","url":"https:\/\/naturalpoland.com\/ko\/je-pum\/hwa-jang-pum-won-ryo\/pil-ling-je\/%eb%a1%9c%ec%a6%88%ed%9e%99-%ec%94%a8%ec%95%97-%ed%95%84%eb%a7%81\/","name":"","isPartOf":{"@id":"https:\/\/naturalpoland.com\/ko\/#website"},"primaryImageOfPage":{"@id":"https:\/\/naturalpoland.com\/ko\/je-pum\/hwa-jang-pum-won-ryo\/pil-ling-je\/%eb%a1%9c%ec%a6%88%ed%9e%99-%ec%94%a8%ec%95%97-%ed%95%84%eb%a7%81\/#primaryimage"},"image":{"@id":"https:\/\/naturalpoland.com\/ko\/je-pum\/hwa-jang-pum-won-ryo\/pil-ling-je\/%eb%a1%9c%ec%a6%88%ed%9e%99-%ec%94%a8%ec%95%97-%ed%95%84%eb%a7%81\/#primaryimage"},"thumbnailUrl":"https:\/\/naturalpoland.com\/wp-content\/uploads\/peeling-z-nasion-dzikiej-rozy.jpg","datePublished":"2021-05-11T11:53:21+00:00","dateModified":"2025-09-19T10:49:41+00:00","description":"\ub85c\uc988\ud799 \uc528\uc557 \ud544\ub9c1\uc740 \uac74\uac15\ud558\uace0 \uc544\ub984\ub2e4\uc6b4 \ud53c\ubd80\ub97c \uac00\uafb8\uace0\uc790 \ud558\ub294 \ubd84\ub4e4\uc744 \uc704\ud55c \uc790\uc5f0\uc801\uc778 \ud574\uacb0\ucc45\uc744 \uc81c\uacf5\ud558\ub294 \uace0\ud488\uc9c8\uc758 \uce5c\ud658\uacbd \uc81c\ud488\uc785\ub2c8\ub2e4.","breadcrumb":{"@id":"https:\/\/naturalpoland.com\/ko\/je-pum\/hwa-jang-pum-won-ryo\/pil-ling-je\/%eb%a1%9c%ec%a6%88%ed%9e%99-%ec%94%a8%ec%95%97-%ed%95%84%eb%a7%81\/#breadcrumb"},"inLanguage":"ko-KR","potentialAction":[{"@type":"ReadAction","target":["https:\/\/naturalpoland.com\/ko\/je-pum\/hwa-jang-pum-won-ryo\/pil-ling-je\/%eb%a1%9c%ec%a6%88%ed%9e%99-%ec%94%a8%ec%95%97-%ed%95%84%eb%a7%81\/"]}]},{"@type":"ImageObject","inLanguage":"ko-KR","@id":"https:\/\/naturalpoland.com\/ko\/je-pum\/hwa-jang-pum-won-ryo\/pil-ling-je\/%eb%a1%9c%ec%a6%88%ed%9e%99-%ec%94%a8%ec%95%97-%ed%95%84%eb%a7%81\/#primaryimage","url":"https:\/\/naturalpoland.com\/wp-content\/uploads\/peeling-z-nasion-dzikiej-rozy.jpg","contentUrl":"https:\/\/naturalpoland.com\/wp-content\/uploads\/peeling-z-nasion-dzikiej-rozy.jpg","width":650,"height":650,"caption":"\ub85c\uc988\ud799 \uc528\uc557 \ud544\ub9c1"},{"@type":"BreadcrumbList","@id":"https:\/\/naturalpoland.com\/ko\/je-pum\/hwa-jang-pum-won-ryo\/pil-ling-je\/%eb%a1%9c%ec%a6%88%ed%9e%99-%ec%94%a8%ec%95%97-%ed%95%84%eb%a7%81\/#breadcrumb","itemListElement":[{"@type":"ListItem","position":1,"name":"\ud648","item":"https:\/\/naturalpoland.com\/ko\/"},{"@type":"ListItem","position":2,"name":"\uc81c\ud488","item":"https:\/\/naturalpoland.com\/ko\/%ec%a0%9c%ed%92%88\/"},{"@type":"ListItem","position":3,"name":"\ub85c\uc988\ud799 \uc528\uc557 \ud544\ub9c1"}]},{"@type":"WebSite","@id":"https:\/\/naturalpoland.com\/ko\/#website","url":"https:\/\/naturalpoland.com\/ko\/","name":"NATURAL POLAND - Hurtowy Dystrybutor Surowc\u00f3w","description":"Surowce dla przemys\u0142u spo\u017cywczego, kosmetycznego i farmaceutycznego","publisher":{"@id":"https:\/\/naturalpoland.com\/ko\/#organization"},"potentialAction":[{"@type":"SearchAction","target":{"@type":"EntryPoint","urlTemplate":"https:\/\/naturalpoland.com\/ko\/?s={search_term_string}"},"query-input":{"@type":"PropertyValueSpecification","valueRequired":true,"valueName":"search_term_string"}}],"inLanguage":"ko-KR"},{"@type":"Organization","@id":"https:\/\/naturalpoland.com\/ko\/#organization","name":"Natural Poland","url":"https:\/\/naturalpoland.com\/ko\/","logo":{"@type":"ImageObject","inLanguage":"ko-KR","@id":"https:\/\/naturalpoland.com\/ko\/#\/schema\/logo\/image\/","url":"https:\/\/naturalpoland.com\/wp-content\/uploads\/2021\/05\/natural-poland-icon.png","contentUrl":"https:\/\/naturalpoland.com\/wp-content\/uploads\/2021\/05\/natural-poland-icon.png","width":512,"height":512,"caption":"Natural Poland"},"image":{"@id":"https:\/\/naturalpoland.com\/ko\/#\/schema\/logo\/image\/"},"sameAs":["https:\/\/www.facebook.com\/naturalpoland.b2b","https:\/\/pl.linkedin.com\/company\/natural-poland","https:\/\/www.youtube.com\/channel\/UCgeGGkvOMahZo-xu_MSEWxg"]}]}},"_links":{"self":[{"href":"https:\/\/naturalpoland.com\/ko\/wp-json\/wp\/v2\/product\/43302","targetHints":{"allow":["GET"]}}],"collection":[{"href":"https:\/\/naturalpoland.com\/ko\/wp-json\/wp\/v2\/product"}],"about":[{"href":"https:\/\/naturalpoland.com\/ko\/wp-json\/wp\/v2\/types\/product"}],"wp:featuredmedia":[{"embeddable":true,"href":"https:\/\/naturalpoland.com\/ko\/wp-json\/wp\/v2\/media\/43304"}],"wp:attachment":[{"href":"https:\/\/naturalpoland.com\/ko\/wp-json\/wp\/v2\/media?parent=43302"}],"wp:term":[{"taxonomy":"product_brand","embeddable":true,"href":"https:\/\/naturalpoland.com\/ko\/wp-json\/wp\/v2\/product_brand?post=43302"},{"taxonomy":"product_cat","embeddable":true,"href":"https:\/\/naturalpoland.com\/ko\/wp-json\/wp\/v2\/product_cat?post=43302"},{"taxonomy":"product_tag","embeddable":true,"href":"https:\/\/naturalpoland.com\/ko\/wp-json\/wp\/v2\/product_tag?post=43302"}],"curies":[{"name":"wp","href":"https:\/\/api.w.org\/{rel}","templated":true}]}}