{"id":43305,"date":"2021-05-11T13:52:34","date_gmt":"2021-05-11T11:52:34","guid":{"rendered":"https:\/\/naturalpoland.com\/produkty\/uncategorized\/%ec%bd%94%ec%bd%94%eb%84%9b-%ed%95%84%eb%a7%81\/"},"modified":"2025-09-19T12:50:51","modified_gmt":"2025-09-19T10:50:51","slug":"%ec%bd%94%ec%bd%94%eb%84%9b-%ed%95%84%eb%a7%81","status":"publish","type":"product","link":"https:\/\/naturalpoland.com\/ko\/je-pum\/hwa-jang-pum-won-ryo\/pil-ling-je\/%ec%bd%94%ec%bd%94%eb%84%9b-%ed%95%84%eb%a7%81\/","title":{"rendered":"\ucf54\ucf54\ub11b \ud544\ub9c1"},"content":{"rendered":"<p>\ucf54\ucf54\ub11b \ud544\ub9c1 \uc785\uc790 \ub355\ubd84\uc5d0 \uc8fd\uc740 \uac01\uc9c8 \uc81c\uac70, \ubaa8\uacf5 \uac1c\ubc29 \ubc0f \ubbf8\uc138 \ud608\uc561 \uc21c\ud658 \uac1c\uc120\uc774 \uac00\ub2a5\ud569\ub2c8\ub2e4. \ud544\ub9c1\uc744 \uafb8\uc900\ud788 \uc0ac\uc6a9\ud558\uba74 \ub354\uc6b1 \ud0c4\ub825 \uc788\uace0 \ub9e4\ub044\ub7ec\uc6b0\uba70 \uc0b0\uc18c \uacf5\uae09\uc774 \uc6d0\ud65c\ud55c \ud53c\ubd80\ub97c \uc5bb\uc744 \uc218 \uc788\uc73c\uba70, \uac74\uac15\ud55c \ubaa8\uc2b5\uacfc \uae30\ubd84 \uc88b\uc740 \ubd80\ub4dc\ub7ec\uc6c0\uc744 \uc120\uc0ac\ud569\ub2c8\ub2e4. <\/p>\n<h2>\ucf54\ucf54\ub11b \ud544\ub9c1\uc758 \ud65c\uc6a9:<\/h2>\n<ul>\n<li><strong>\ubc14\ub514\uc6a9<\/strong>: \ub85c\uc158, \ube44\ub204 \ub610\ub294 \uc0e4\uc6cc\uc824\uc758 \uc131\ubd84\uc73c\ub85c \uc0ac\uc6a9\ub429\ub2c8\ub2e4.<\/li>\n<li><strong>\uc5bc\uad74\uc6a9<\/strong>: \ubca0\uc774\uc2a4 \uc624\uc77c(\uc608: \ucf54\ucf54\ub11b \ub610\ub294 \uc2dc\uc5b4)\uacfc \ud63c\ud569 \ud6c4 \uc0ac\uc6a9\ud569\ub2c8\ub2e4.<\/li>\n<li><strong>\ud53c\ubd80 \uc900\ube44\uc6a9<\/strong>: \uba54\uc774\ud06c\uc5c5, \uc140\ud504 \ud0dc\ub2dd\uc81c \ub610\ub294 \uae30\ud0c0 \uc2a4\ud0a8\ucf00\uc5b4 \uc81c\ud488\uc744 \ubc14\ub974\uae30 \uc804\uc5d0 \ud761\uc218\ub825\uacfc \ud6a8\uacfc\ub97c \ub192\uc774\uae30 \uc704\ud574 \uc0ac\uc6a9\ub429\ub2c8\ub2e4.<\/li>\n<\/ul>\n<p>\ucf54\ucf54\ub11b \ud544\ub9c1\uc740 \uc644\uc804\ud788 \uc0dd\ubd84\ud574\ub418\uba70, \ud654\ud559 \ub18d\uc57d\uc774\ub098 \uacf0\ud321\uc774 \ub3c5\uc18c\ub97c \ud3ec\ud568\ud558\uc9c0 \uc54a\uc2b5\ub2c8\ub2e4.<\/p>\n","protected":false},"excerpt":{"rendered":"<p>\ucf54\ucf54\ub11b \ud544\ub9c1\uc740 \ucf54\ucf54\ub11b \uaecd\uc9c8\uc5d0\uc11c \ucd94\ucd9c\ub429\ub2c8\ub2e4 (INCI: <em>Cocos nucifera<\/em>). \ubbf8\uc138\ud55c \ud770\uc0c9 \ub610\ub294 \ud06c\ub9bc\uc0c9 \ubd84\ub9d0 \ud615\ud0dc\ub85c \uc81c\uacf5\ub418\uba70, \uc740\uc740\ud558\uace0 \ud2b9\uc9d5\uc801\uc778 \ucf54\ucf54\ub11b \ud5a5\uc774 \ub0a9\ub2c8\ub2e4. \ubcf8 \uc81c\ud488\uc740 \uc0dd\uc0b0 \uacfc\uc815\uc5d0\uc11c \ud0c8\uc9c0 \ucc98\ub9ac\ub418\uc5c8\uc2b5\ub2c8\ub2e4.  <\/p>\n","protected":false},"featured_media":43307,"template":"","meta":[],"product_brand":[],"product_cat":[8156],"product_tag":[],"class_list":{"0":"post-43305","1":"product","2":"type-product","3":"status-publish","4":"has-post-thumbnail","6":"product_cat-pil-ling-je","8":"first","9":"instock","10":"shipping-taxable","11":"product-type-simple"},"yoast_head":"<!-- This site is optimized with the Yoast SEO plugin v27.3 - https:\/\/yoast.com\/product\/yoast-seo-wordpress\/ -->\n<title>NATURAL POLAND &#8211; Hurtowy Dystrybutor Surowc\u00f3w<\/title>\n<meta name=\"description\" content=\"\ucf54\ucf54\ub11b \ud544\ub9c1\uc740 \ucf54\ucf54\ub11b \uaecd\uc9c8\uc5d0\uc11c \ucd94\ucd9c\ub418\ub294 \ucc9c\uc5f0 \ud654\uc7a5\ud488\uc73c\ub85c, \ud53c\ubd80 \uac01\uc9c8\uc744 \ubd80\ub4dc\ub7fd\uac8c \uc81c\uac70\ud558\uc5ec \ud53c\ubd80\uc5d0 \uc601\uc591\uacfc \uc0c1\ucf8c\ud568\uc744 \uc120\uc0ac\ud569\ub2c8\ub2e4.\" \/>\n<meta name=\"robots\" content=\"index, follow, max-snippet:-1, max-image-preview:large, max-video-preview:-1\" \/>\n<link rel=\"canonical\" href=\"https:\/\/naturalpoland.com\/ko\/je-pum\/hwa-jang-pum-won-ryo\/pil-ling-je\/%ec%bd%94%ec%bd%94%eb%84%9b-%ed%95%84%eb%a7%81\/\" \/>\n<meta property=\"og:locale\" content=\"ko_KR\" \/>\n<meta property=\"og:type\" content=\"article\" \/>\n<meta property=\"og:description\" content=\"\ucf54\ucf54\ub11b \ud544\ub9c1\uc740 \ucf54\ucf54\ub11b \uaecd\uc9c8\uc5d0\uc11c \ucd94\ucd9c\ub418\ub294 \ucc9c\uc5f0 \ud654\uc7a5\ud488\uc73c\ub85c, \ud53c\ubd80 \uac01\uc9c8\uc744 \ubd80\ub4dc\ub7fd\uac8c \uc81c\uac70\ud558\uc5ec \ud53c\ubd80\uc5d0 \uc601\uc591\uacfc \uc0c1\ucf8c\ud568\uc744 \uc120\uc0ac\ud569\ub2c8\ub2e4.\" \/>\n<meta property=\"og:url\" content=\"https:\/\/naturalpoland.com\/ko\/je-pum\/hwa-jang-pum-won-ryo\/pil-ling-je\/%ec%bd%94%ec%bd%94%eb%84%9b-%ed%95%84%eb%a7%81\/\" \/>\n<meta property=\"og:site_name\" content=\"NATURAL POLAND - Hurtowy Dystrybutor Surowc\u00f3w\" \/>\n<meta property=\"article:publisher\" content=\"https:\/\/www.facebook.com\/naturalpoland.b2b\" \/>\n<meta property=\"article:modified_time\" content=\"2025-09-19T10:50:51+00:00\" \/>\n<meta property=\"og:image\" content=\"https:\/\/naturalpoland.com\/wp-content\/uploads\/peeling-kokosowy.webp\" \/>\n\t<meta property=\"og:image:width\" content=\"619\" \/>\n\t<meta property=\"og:image:height\" content=\"619\" \/>\n\t<meta property=\"og:image:type\" content=\"image\/webp\" \/>\n<script type=\"application\/ld+json\" class=\"yoast-schema-graph\">{\"@context\":\"https:\\\/\\\/schema.org\",\"@graph\":[{\"@type\":\"WebPage\",\"@id\":\"https:\\\/\\\/naturalpoland.com\\\/ko\\\/je-pum\\\/hwa-jang-pum-won-ryo\\\/pil-ling-je\\\/%ec%bd%94%ec%bd%94%eb%84%9b-%ed%95%84%eb%a7%81\\\/\",\"url\":\"https:\\\/\\\/naturalpoland.com\\\/ko\\\/je-pum\\\/hwa-jang-pum-won-ryo\\\/pil-ling-je\\\/%ec%bd%94%ec%bd%94%eb%84%9b-%ed%95%84%eb%a7%81\\\/\",\"name\":\"\",\"isPartOf\":{\"@id\":\"https:\\\/\\\/naturalpoland.com\\\/ko\\\/#website\"},\"primaryImageOfPage\":{\"@id\":\"https:\\\/\\\/naturalpoland.com\\\/ko\\\/je-pum\\\/hwa-jang-pum-won-ryo\\\/pil-ling-je\\\/%ec%bd%94%ec%bd%94%eb%84%9b-%ed%95%84%eb%a7%81\\\/#primaryimage\"},\"image\":{\"@id\":\"https:\\\/\\\/naturalpoland.com\\\/ko\\\/je-pum\\\/hwa-jang-pum-won-ryo\\\/pil-ling-je\\\/%ec%bd%94%ec%bd%94%eb%84%9b-%ed%95%84%eb%a7%81\\\/#primaryimage\"},\"thumbnailUrl\":\"https:\\\/\\\/naturalpoland.com\\\/wp-content\\\/uploads\\\/peeling-kokosowy.webp\",\"datePublished\":\"2021-05-11T11:52:34+00:00\",\"dateModified\":\"2025-09-19T10:50:51+00:00\",\"description\":\"\ucf54\ucf54\ub11b \ud544\ub9c1\uc740 \ucf54\ucf54\ub11b \uaecd\uc9c8\uc5d0\uc11c \ucd94\ucd9c\ub418\ub294 \ucc9c\uc5f0 \ud654\uc7a5\ud488\uc73c\ub85c, \ud53c\ubd80 \uac01\uc9c8\uc744 \ubd80\ub4dc\ub7fd\uac8c \uc81c\uac70\ud558\uc5ec \ud53c\ubd80\uc5d0 \uc601\uc591\uacfc \uc0c1\ucf8c\ud568\uc744 \uc120\uc0ac\ud569\ub2c8\ub2e4.\",\"breadcrumb\":{\"@id\":\"https:\\\/\\\/naturalpoland.com\\\/ko\\\/je-pum\\\/hwa-jang-pum-won-ryo\\\/pil-ling-je\\\/%ec%bd%94%ec%bd%94%eb%84%9b-%ed%95%84%eb%a7%81\\\/#breadcrumb\"},\"inLanguage\":\"ko-KR\",\"potentialAction\":[{\"@type\":\"ReadAction\",\"target\":[\"https:\\\/\\\/naturalpoland.com\\\/ko\\\/je-pum\\\/hwa-jang-pum-won-ryo\\\/pil-ling-je\\\/%ec%bd%94%ec%bd%94%eb%84%9b-%ed%95%84%eb%a7%81\\\/\"]}]},{\"@type\":\"ImageObject\",\"inLanguage\":\"ko-KR\",\"@id\":\"https:\\\/\\\/naturalpoland.com\\\/ko\\\/je-pum\\\/hwa-jang-pum-won-ryo\\\/pil-ling-je\\\/%ec%bd%94%ec%bd%94%eb%84%9b-%ed%95%84%eb%a7%81\\\/#primaryimage\",\"url\":\"https:\\\/\\\/naturalpoland.com\\\/wp-content\\\/uploads\\\/peeling-kokosowy.webp\",\"contentUrl\":\"https:\\\/\\\/naturalpoland.com\\\/wp-content\\\/uploads\\\/peeling-kokosowy.webp\",\"width\":619,\"height\":619,\"caption\":\"\ucf54\ucf54\ub11b \ud544\ub9c1\"},{\"@type\":\"BreadcrumbList\",\"@id\":\"https:\\\/\\\/naturalpoland.com\\\/ko\\\/je-pum\\\/hwa-jang-pum-won-ryo\\\/pil-ling-je\\\/%ec%bd%94%ec%bd%94%eb%84%9b-%ed%95%84%eb%a7%81\\\/#breadcrumb\",\"itemListElement\":[{\"@type\":\"ListItem\",\"position\":1,\"name\":\"\ud648\",\"item\":\"https:\\\/\\\/naturalpoland.com\\\/ko\\\/\"},{\"@type\":\"ListItem\",\"position\":2,\"name\":\"\uc81c\ud488\",\"item\":\"https:\\\/\\\/naturalpoland.com\\\/ko\\\/%ec%a0%9c%ed%92%88\\\/\"},{\"@type\":\"ListItem\",\"position\":3,\"name\":\"\ucf54\ucf54\ub11b \ud544\ub9c1\"}]},{\"@type\":\"WebSite\",\"@id\":\"https:\\\/\\\/naturalpoland.com\\\/ko\\\/#website\",\"url\":\"https:\\\/\\\/naturalpoland.com\\\/ko\\\/\",\"name\":\"NATURAL POLAND - Hurtowy Dystrybutor Surowc\u00f3w\",\"description\":\"Surowce dla przemys\u0142u spo\u017cywczego, kosmetycznego i farmaceutycznego\",\"publisher\":{\"@id\":\"https:\\\/\\\/naturalpoland.com\\\/ko\\\/#organization\"},\"potentialAction\":[{\"@type\":\"SearchAction\",\"target\":{\"@type\":\"EntryPoint\",\"urlTemplate\":\"https:\\\/\\\/naturalpoland.com\\\/ko\\\/?s={search_term_string}\"},\"query-input\":{\"@type\":\"PropertyValueSpecification\",\"valueRequired\":true,\"valueName\":\"search_term_string\"}}],\"inLanguage\":\"ko-KR\"},{\"@type\":\"Organization\",\"@id\":\"https:\\\/\\\/naturalpoland.com\\\/ko\\\/#organization\",\"name\":\"Natural Poland\",\"url\":\"https:\\\/\\\/naturalpoland.com\\\/ko\\\/\",\"logo\":{\"@type\":\"ImageObject\",\"inLanguage\":\"ko-KR\",\"@id\":\"https:\\\/\\\/naturalpoland.com\\\/ko\\\/#\\\/schema\\\/logo\\\/image\\\/\",\"url\":\"https:\\\/\\\/naturalpoland.com\\\/wp-content\\\/uploads\\\/2021\\\/05\\\/natural-poland-icon.png\",\"contentUrl\":\"https:\\\/\\\/naturalpoland.com\\\/wp-content\\\/uploads\\\/2021\\\/05\\\/natural-poland-icon.png\",\"width\":512,\"height\":512,\"caption\":\"Natural Poland\"},\"image\":{\"@id\":\"https:\\\/\\\/naturalpoland.com\\\/ko\\\/#\\\/schema\\\/logo\\\/image\\\/\"},\"sameAs\":[\"https:\\\/\\\/www.facebook.com\\\/naturalpoland.b2b\",\"https:\\\/\\\/pl.linkedin.com\\\/company\\\/natural-poland\",\"https:\\\/\\\/www.youtube.com\\\/channel\\\/UCgeGGkvOMahZo-xu_MSEWxg\"]}]}<\/script>\n<!-- \/ Yoast SEO plugin. -->","yoast_head_json":{"title":"NATURAL POLAND &#8211; Hurtowy Dystrybutor Surowc\u00f3w","description":"\ucf54\ucf54\ub11b \ud544\ub9c1\uc740 \ucf54\ucf54\ub11b \uaecd\uc9c8\uc5d0\uc11c \ucd94\ucd9c\ub418\ub294 \ucc9c\uc5f0 \ud654\uc7a5\ud488\uc73c\ub85c, \ud53c\ubd80 \uac01\uc9c8\uc744 \ubd80\ub4dc\ub7fd\uac8c \uc81c\uac70\ud558\uc5ec \ud53c\ubd80\uc5d0 \uc601\uc591\uacfc \uc0c1\ucf8c\ud568\uc744 \uc120\uc0ac\ud569\ub2c8\ub2e4.","robots":{"index":"index","follow":"follow","max-snippet":"max-snippet:-1","max-image-preview":"max-image-preview:large","max-video-preview":"max-video-preview:-1"},"canonical":"https:\/\/naturalpoland.com\/ko\/je-pum\/hwa-jang-pum-won-ryo\/pil-ling-je\/%ec%bd%94%ec%bd%94%eb%84%9b-%ed%95%84%eb%a7%81\/","og_locale":"ko_KR","og_type":"article","og_description":"\ucf54\ucf54\ub11b \ud544\ub9c1\uc740 \ucf54\ucf54\ub11b \uaecd\uc9c8\uc5d0\uc11c \ucd94\ucd9c\ub418\ub294 \ucc9c\uc5f0 \ud654\uc7a5\ud488\uc73c\ub85c, \ud53c\ubd80 \uac01\uc9c8\uc744 \ubd80\ub4dc\ub7fd\uac8c \uc81c\uac70\ud558\uc5ec \ud53c\ubd80\uc5d0 \uc601\uc591\uacfc \uc0c1\ucf8c\ud568\uc744 \uc120\uc0ac\ud569\ub2c8\ub2e4.","og_url":"https:\/\/naturalpoland.com\/ko\/je-pum\/hwa-jang-pum-won-ryo\/pil-ling-je\/%ec%bd%94%ec%bd%94%eb%84%9b-%ed%95%84%eb%a7%81\/","og_site_name":"NATURAL POLAND - Hurtowy Dystrybutor Surowc\u00f3w","article_publisher":"https:\/\/www.facebook.com\/naturalpoland.b2b","article_modified_time":"2025-09-19T10:50:51+00:00","og_image":[{"width":619,"height":619,"url":"https:\/\/naturalpoland.com\/wp-content\/uploads\/peeling-kokosowy.webp","type":"image\/webp"}],"schema":{"@context":"https:\/\/schema.org","@graph":[{"@type":"WebPage","@id":"https:\/\/naturalpoland.com\/ko\/je-pum\/hwa-jang-pum-won-ryo\/pil-ling-je\/%ec%bd%94%ec%bd%94%eb%84%9b-%ed%95%84%eb%a7%81\/","url":"https:\/\/naturalpoland.com\/ko\/je-pum\/hwa-jang-pum-won-ryo\/pil-ling-je\/%ec%bd%94%ec%bd%94%eb%84%9b-%ed%95%84%eb%a7%81\/","name":"","isPartOf":{"@id":"https:\/\/naturalpoland.com\/ko\/#website"},"primaryImageOfPage":{"@id":"https:\/\/naturalpoland.com\/ko\/je-pum\/hwa-jang-pum-won-ryo\/pil-ling-je\/%ec%bd%94%ec%bd%94%eb%84%9b-%ed%95%84%eb%a7%81\/#primaryimage"},"image":{"@id":"https:\/\/naturalpoland.com\/ko\/je-pum\/hwa-jang-pum-won-ryo\/pil-ling-je\/%ec%bd%94%ec%bd%94%eb%84%9b-%ed%95%84%eb%a7%81\/#primaryimage"},"thumbnailUrl":"https:\/\/naturalpoland.com\/wp-content\/uploads\/peeling-kokosowy.webp","datePublished":"2021-05-11T11:52:34+00:00","dateModified":"2025-09-19T10:50:51+00:00","description":"\ucf54\ucf54\ub11b \ud544\ub9c1\uc740 \ucf54\ucf54\ub11b \uaecd\uc9c8\uc5d0\uc11c \ucd94\ucd9c\ub418\ub294 \ucc9c\uc5f0 \ud654\uc7a5\ud488\uc73c\ub85c, \ud53c\ubd80 \uac01\uc9c8\uc744 \ubd80\ub4dc\ub7fd\uac8c \uc81c\uac70\ud558\uc5ec \ud53c\ubd80\uc5d0 \uc601\uc591\uacfc \uc0c1\ucf8c\ud568\uc744 \uc120\uc0ac\ud569\ub2c8\ub2e4.","breadcrumb":{"@id":"https:\/\/naturalpoland.com\/ko\/je-pum\/hwa-jang-pum-won-ryo\/pil-ling-je\/%ec%bd%94%ec%bd%94%eb%84%9b-%ed%95%84%eb%a7%81\/#breadcrumb"},"inLanguage":"ko-KR","potentialAction":[{"@type":"ReadAction","target":["https:\/\/naturalpoland.com\/ko\/je-pum\/hwa-jang-pum-won-ryo\/pil-ling-je\/%ec%bd%94%ec%bd%94%eb%84%9b-%ed%95%84%eb%a7%81\/"]}]},{"@type":"ImageObject","inLanguage":"ko-KR","@id":"https:\/\/naturalpoland.com\/ko\/je-pum\/hwa-jang-pum-won-ryo\/pil-ling-je\/%ec%bd%94%ec%bd%94%eb%84%9b-%ed%95%84%eb%a7%81\/#primaryimage","url":"https:\/\/naturalpoland.com\/wp-content\/uploads\/peeling-kokosowy.webp","contentUrl":"https:\/\/naturalpoland.com\/wp-content\/uploads\/peeling-kokosowy.webp","width":619,"height":619,"caption":"\ucf54\ucf54\ub11b \ud544\ub9c1"},{"@type":"BreadcrumbList","@id":"https:\/\/naturalpoland.com\/ko\/je-pum\/hwa-jang-pum-won-ryo\/pil-ling-je\/%ec%bd%94%ec%bd%94%eb%84%9b-%ed%95%84%eb%a7%81\/#breadcrumb","itemListElement":[{"@type":"ListItem","position":1,"name":"\ud648","item":"https:\/\/naturalpoland.com\/ko\/"},{"@type":"ListItem","position":2,"name":"\uc81c\ud488","item":"https:\/\/naturalpoland.com\/ko\/%ec%a0%9c%ed%92%88\/"},{"@type":"ListItem","position":3,"name":"\ucf54\ucf54\ub11b \ud544\ub9c1"}]},{"@type":"WebSite","@id":"https:\/\/naturalpoland.com\/ko\/#website","url":"https:\/\/naturalpoland.com\/ko\/","name":"NATURAL POLAND - Hurtowy Dystrybutor Surowc\u00f3w","description":"Surowce dla przemys\u0142u spo\u017cywczego, kosmetycznego i farmaceutycznego","publisher":{"@id":"https:\/\/naturalpoland.com\/ko\/#organization"},"potentialAction":[{"@type":"SearchAction","target":{"@type":"EntryPoint","urlTemplate":"https:\/\/naturalpoland.com\/ko\/?s={search_term_string}"},"query-input":{"@type":"PropertyValueSpecification","valueRequired":true,"valueName":"search_term_string"}}],"inLanguage":"ko-KR"},{"@type":"Organization","@id":"https:\/\/naturalpoland.com\/ko\/#organization","name":"Natural Poland","url":"https:\/\/naturalpoland.com\/ko\/","logo":{"@type":"ImageObject","inLanguage":"ko-KR","@id":"https:\/\/naturalpoland.com\/ko\/#\/schema\/logo\/image\/","url":"https:\/\/naturalpoland.com\/wp-content\/uploads\/2021\/05\/natural-poland-icon.png","contentUrl":"https:\/\/naturalpoland.com\/wp-content\/uploads\/2021\/05\/natural-poland-icon.png","width":512,"height":512,"caption":"Natural Poland"},"image":{"@id":"https:\/\/naturalpoland.com\/ko\/#\/schema\/logo\/image\/"},"sameAs":["https:\/\/www.facebook.com\/naturalpoland.b2b","https:\/\/pl.linkedin.com\/company\/natural-poland","https:\/\/www.youtube.com\/channel\/UCgeGGkvOMahZo-xu_MSEWxg"]}]}},"_links":{"self":[{"href":"https:\/\/naturalpoland.com\/ko\/wp-json\/wp\/v2\/product\/43305","targetHints":{"allow":["GET"]}}],"collection":[{"href":"https:\/\/naturalpoland.com\/ko\/wp-json\/wp\/v2\/product"}],"about":[{"href":"https:\/\/naturalpoland.com\/ko\/wp-json\/wp\/v2\/types\/product"}],"wp:featuredmedia":[{"embeddable":true,"href":"https:\/\/naturalpoland.com\/ko\/wp-json\/wp\/v2\/media\/43307"}],"wp:attachment":[{"href":"https:\/\/naturalpoland.com\/ko\/wp-json\/wp\/v2\/media?parent=43305"}],"wp:term":[{"taxonomy":"product_brand","embeddable":true,"href":"https:\/\/naturalpoland.com\/ko\/wp-json\/wp\/v2\/product_brand?post=43305"},{"taxonomy":"product_cat","embeddable":true,"href":"https:\/\/naturalpoland.com\/ko\/wp-json\/wp\/v2\/product_cat?post=43305"},{"taxonomy":"product_tag","embeddable":true,"href":"https:\/\/naturalpoland.com\/ko\/wp-json\/wp\/v2\/product_tag?post=43305"}],"curies":[{"name":"wp","href":"https:\/\/api.w.org\/{rel}","templated":true}]}}