{"id":43379,"date":"2025-09-04T11:58:05","date_gmt":"2025-09-04T09:58:05","guid":{"rendered":"https:\/\/naturalpoland.com\/produkty\/uncategorized\/%ec%83%9d%ea%b0%95-%ed%96%a5%eb%a3%8c\/"},"modified":"2025-09-26T11:20:18","modified_gmt":"2025-09-26T09:20:18","slug":"%ec%83%9d%ea%b0%95-%ed%96%a5%eb%a3%8c","status":"publish","type":"product","link":"https:\/\/naturalpoland.com\/ko\/je-pum\/sig-pum-won-ryo\/hyang-ryo\/hyang-sin-ryo-hyang\/%ec%83%9d%ea%b0%95-%ed%96%a5%eb%a3%8c\/","title":{"rendered":"\uc0dd\uac15 \ud5a5\ub8cc"},"content":{"rendered":"<p><strong>\ucc9c\uc5f0 \uc561\uc0c1 \ubc84\uc804 (FTNF)<\/strong>\uc740 \uac13 \ubc97\uae34 \uc0dd\uac15\uc758 \ub9db\uacfc \ud5a5\uc744 \ucda9\uc2e4\ud788 \uc7ac\ud604\ud569\ub2c8\ub2e4. \uace0\uc628\uc5d0 \uac15\ud558\ub2e4\ub294 \uc7a5\uc810\uc774 \uc788\uc5b4 \ubca0\uc774\ud0b9, \uc870\ub9ac, \uc0b4\uade0\uacfc \uac19\uc740 \uc5f4\ucc98\ub9ac \uacf5\uc815\uc5d0\uc11c \uc548\uc804\ud558\uac8c \uc0ac\uc6a9\ud560 \uc218 \uc788\uc2b5\ub2c8\ub2e4. \uc2dc\ub7fd, \ucc28, \uc18c\uc2a4 \ubc0f \uc81c\uacfc \uc81c\ud488\uc5d0 \uc774\uc0c1\uc801\uc785\ub2c8\ub2e4.  <\/p>\n<p><strong>\ucc9c\uc5f0 \uc0dd\uac15 \ubd84\ub9d0 \ud5a5\ub8cc (FTNF)<\/strong>\ub294 \uac13 \uac04 \uc0dd\uac15 \ubfcc\ub9ac\uc758 \uae68\ub057\ud558\uace0 \uac15\ub82c\ud55c \ud2b9\uc131\uc744 \uc81c\uacf5\ud569\ub2c8\ub2e4. \ubd84\ub9d0 \ud615\ud0dc\ub294 \uac74\uc870 \ud63c\ud569\ubb3c, \uc778\uc2a4\ud134\ud2b8 \uc81c\ud488, \ubd84\ub9d0 \ub610\ub294 \ucea1\uc290 \ud615\ud0dc\uc758 \ubcf4\ucda9\uc81c\uc5d0 \uc27d\uac8c \uc801\uc6a9\ud560 \uc218 \uc788\ub3c4\ub85d \ud569\ub2c8\ub2e4. <\/p>\n<p>\uc880 \ub354 \ubcf5\ud569\uc801\uc778 \ud48d\ubbf8 \ud504\ub85c\ud544\uc744 \ucc3e\ub294 \ubd84\ub4e4\uc744 \uc704\ud574 <strong>\uc624\ub80c\uc9c0-\uc0dd\uac15 \ubd84\ub9d0 \ubcc0\ud615<\/strong>\uc774 \uc81c\uacf5\ub429\ub2c8\ub2e4 \u2013 \uc721\uc999\uc774 \ud48d\ubd80\ud55c \uc624\ub80c\uc9c0\uc758 \ub2ec\ucf64\ud568\uacfc \uc2e0\uc120\ud55c \uc0dd\uac15\uc758 \ub530\ub73b\ud55c \ud5a5\uc774 \uc5b4\uc6b0\ub7ec\uc9c4 \uc2dd\uc695\uc744 \ub3cb\uc6b0\ub294 \uc870\ud569\uc785\ub2c8\ub2e4. \uae30\ub2a5\uc131 \uc74c\ub8cc, \ud5a5\uc774 \ucca8\uac00\ub41c \ucc28, \uc81c\uacfc \uc81c\ud488 \ubc0f \uc6f0\ub2c8\uc2a4 \uc81c\ud488\uc5d0 \uc774\uc0c1\uc801\uc785\ub2c8\ub2e4. <\/p>\n","protected":false},"excerpt":{"rendered":"<p><strong>\uc0dd\uac15 \ud5a5\ub8cc<\/strong>\ub294 \uc2dd\ud488, \uc74c\ub8cc \ubc0f \uac74\uac15 \ubcf4\uc870 \uc2dd\ud488 \uc0dd\uc0b0\uc6a9\uc73c\ub85c \uace0\uc548\ub418\uc5c8\uc2b5\ub2c8\ub2e4. \uc2e0\uc120\ud55c \uc0dd\uac15 \ubfcc\ub9ac\uc5d0\uc11c \uc601\uac10\uc744 \ubc1b\uc740 \uac15\ub82c\ud558\uace0 \ub530\ub73b\ud55c \ud48d\ubbf8 \ud504\ub85c\ud544\uc744 \uac00\uc9c0\uace0 \uc788\uc2b5\ub2c8\ub2e4. \ub69c\ub837\ud558\uace0 \uc790\uc5f0\uc2a4\ub7ec\uc6b4 \ud2b9\uc131\uc774 \ud2b9\uc9d5\uc774\uba70, \uc5ec\ub7ec \uac00\uc9c0 \ubcc0\ud615\uc73c\ub85c \uc81c\uacf5\ub429\ub2c8\ub2e4.  <\/p>\n","protected":false},"featured_media":43380,"template":"","meta":{"_acf_changed":false},"product_brand":[],"product_cat":[8165],"product_tag":[],"class_list":{"0":"post-43379","1":"product","2":"type-product","3":"status-publish","4":"has-post-thumbnail","6":"product_cat-hyang-sin-ryo-hyang","8":"first","9":"instock","10":"shipping-taxable","11":"product-type-simple"},"acf":[],"yoast_head":"<!-- This site is optimized with the Yoast SEO plugin v27.6 - https:\/\/yoast.com\/product\/yoast-seo-wordpress\/ -->\n<title>\uc0dd\uac15 \ud5a5\ub8cc - Hurtowy Dystrybutor<\/title>\n<meta name=\"description\" content=\"\uc0dd\uac15 \ud5a5\ub8cc\ub294 \uc2e0\uc120\ud55c \uc0dd\uac15 \ubfcc\ub9ac\uc5d0\uc11c \uc601\uac10\uc744 \ubc1b\uc740 \uac15\ub82c\ud558\uace0 \ub530\ub73b\ud55c \ud48d\ubbf8 \ud504\ub85c\ud544\uc744 \ucc3e\ub294 \ubd84\ub4e4\uc744 \uc704\ud55c \ud6cc\ub96d\ud55c \uc120\ud0dd\uc785\ub2c8\ub2e4.\" \/>\n<meta name=\"robots\" content=\"index, follow, max-snippet:-1, max-image-preview:large, max-video-preview:-1\" \/>\n<link rel=\"canonical\" href=\"https:\/\/naturalpoland.com\/ko\/je-pum\/sig-pum-won-ryo\/hyang-ryo\/hyang-sin-ryo-hyang\/%ec%83%9d%ea%b0%95-%ed%96%a5%eb%a3%8c\/\" \/>\n<meta property=\"og:locale\" content=\"ko_KR\" \/>\n<meta property=\"og:type\" content=\"article\" \/>\n<meta property=\"og:title\" content=\"\uc0dd\uac15 \ud5a5\ub8cc - Hurtowy Dystrybutor\" \/>\n<meta property=\"og:description\" content=\"\uc0dd\uac15 \ud5a5\ub8cc\ub294 \uc2e0\uc120\ud55c \uc0dd\uac15 \ubfcc\ub9ac\uc5d0\uc11c \uc601\uac10\uc744 \ubc1b\uc740 \uac15\ub82c\ud558\uace0 \ub530\ub73b\ud55c \ud48d\ubbf8 \ud504\ub85c\ud544\uc744 \ucc3e\ub294 \ubd84\ub4e4\uc744 \uc704\ud55c \ud6cc\ub96d\ud55c \uc120\ud0dd\uc785\ub2c8\ub2e4.\" \/>\n<meta property=\"og:url\" content=\"https:\/\/naturalpoland.com\/ko\/je-pum\/sig-pum-won-ryo\/hyang-ryo\/hyang-sin-ryo-hyang\/%ec%83%9d%ea%b0%95-%ed%96%a5%eb%a3%8c\/\" \/>\n<meta property=\"og:site_name\" content=\"NATURAL POLAND - Hurtowy Dystrybutor Surowc\u00f3w\" \/>\n<meta property=\"article:publisher\" content=\"https:\/\/www.facebook.com\/naturalpoland.b2b\" \/>\n<meta property=\"article:modified_time\" content=\"2025-09-26T09:20:18+00:00\" \/>\n<meta property=\"og:image\" content=\"https:\/\/naturalpoland.com\/wp-content\/uploads\/aromat-imbirowy.webp\" \/>\n\t<meta property=\"og:image:width\" content=\"1024\" \/>\n\t<meta property=\"og:image:height\" content=\"1024\" \/>\n\t<meta property=\"og:image:type\" content=\"image\/webp\" \/>\n<script type=\"application\/ld+json\" class=\"yoast-schema-graph\">{\"@context\":\"https:\\\/\\\/schema.org\",\"@graph\":[{\"@type\":\"WebPage\",\"@id\":\"https:\\\/\\\/naturalpoland.com\\\/ko\\\/je-pum\\\/sig-pum-won-ryo\\\/hyang-ryo\\\/hyang-sin-ryo-hyang\\\/%ec%83%9d%ea%b0%95-%ed%96%a5%eb%a3%8c\\\/\",\"url\":\"https:\\\/\\\/naturalpoland.com\\\/ko\\\/je-pum\\\/sig-pum-won-ryo\\\/hyang-ryo\\\/hyang-sin-ryo-hyang\\\/%ec%83%9d%ea%b0%95-%ed%96%a5%eb%a3%8c\\\/\",\"name\":\"\uc0dd\uac15 \ud5a5\ub8cc - Hurtowy Dystrybutor\",\"isPartOf\":{\"@id\":\"https:\\\/\\\/naturalpoland.com\\\/ko\\\/#website\"},\"primaryImageOfPage\":{\"@id\":\"https:\\\/\\\/naturalpoland.com\\\/ko\\\/je-pum\\\/sig-pum-won-ryo\\\/hyang-ryo\\\/hyang-sin-ryo-hyang\\\/%ec%83%9d%ea%b0%95-%ed%96%a5%eb%a3%8c\\\/#primaryimage\"},\"image\":{\"@id\":\"https:\\\/\\\/naturalpoland.com\\\/ko\\\/je-pum\\\/sig-pum-won-ryo\\\/hyang-ryo\\\/hyang-sin-ryo-hyang\\\/%ec%83%9d%ea%b0%95-%ed%96%a5%eb%a3%8c\\\/#primaryimage\"},\"thumbnailUrl\":\"https:\\\/\\\/naturalpoland.com\\\/wp-content\\\/uploads\\\/aromat-imbirowy.webp\",\"datePublished\":\"2025-09-04T09:58:05+00:00\",\"dateModified\":\"2025-09-26T09:20:18+00:00\",\"description\":\"\uc0dd\uac15 \ud5a5\ub8cc\ub294 \uc2e0\uc120\ud55c \uc0dd\uac15 \ubfcc\ub9ac\uc5d0\uc11c \uc601\uac10\uc744 \ubc1b\uc740 \uac15\ub82c\ud558\uace0 \ub530\ub73b\ud55c \ud48d\ubbf8 \ud504\ub85c\ud544\uc744 \ucc3e\ub294 \ubd84\ub4e4\uc744 \uc704\ud55c \ud6cc\ub96d\ud55c \uc120\ud0dd\uc785\ub2c8\ub2e4.\",\"breadcrumb\":{\"@id\":\"https:\\\/\\\/naturalpoland.com\\\/ko\\\/je-pum\\\/sig-pum-won-ryo\\\/hyang-ryo\\\/hyang-sin-ryo-hyang\\\/%ec%83%9d%ea%b0%95-%ed%96%a5%eb%a3%8c\\\/#breadcrumb\"},\"inLanguage\":\"ko-KR\",\"potentialAction\":[{\"@type\":\"ReadAction\",\"target\":[\"https:\\\/\\\/naturalpoland.com\\\/ko\\\/je-pum\\\/sig-pum-won-ryo\\\/hyang-ryo\\\/hyang-sin-ryo-hyang\\\/%ec%83%9d%ea%b0%95-%ed%96%a5%eb%a3%8c\\\/\"]}]},{\"@type\":\"ImageObject\",\"inLanguage\":\"ko-KR\",\"@id\":\"https:\\\/\\\/naturalpoland.com\\\/ko\\\/je-pum\\\/sig-pum-won-ryo\\\/hyang-ryo\\\/hyang-sin-ryo-hyang\\\/%ec%83%9d%ea%b0%95-%ed%96%a5%eb%a3%8c\\\/#primaryimage\",\"url\":\"https:\\\/\\\/naturalpoland.com\\\/wp-content\\\/uploads\\\/aromat-imbirowy.webp\",\"contentUrl\":\"https:\\\/\\\/naturalpoland.com\\\/wp-content\\\/uploads\\\/aromat-imbirowy.webp\",\"width\":1024,\"height\":1024,\"caption\":\"\uc0dd\uac15 \ud5a5\ub8cc\"},{\"@type\":\"BreadcrumbList\",\"@id\":\"https:\\\/\\\/naturalpoland.com\\\/ko\\\/je-pum\\\/sig-pum-won-ryo\\\/hyang-ryo\\\/hyang-sin-ryo-hyang\\\/%ec%83%9d%ea%b0%95-%ed%96%a5%eb%a3%8c\\\/#breadcrumb\",\"itemListElement\":[{\"@type\":\"ListItem\",\"position\":1,\"name\":\"\ud648\",\"item\":\"https:\\\/\\\/naturalpoland.com\\\/ko\\\/\"},{\"@type\":\"ListItem\",\"position\":2,\"name\":\"\uc81c\ud488\",\"item\":\"https:\\\/\\\/naturalpoland.com\\\/ko\\\/%ec%a0%9c%ed%92%88\\\/\"},{\"@type\":\"ListItem\",\"position\":3,\"name\":\"\uc0dd\uac15 \ud5a5\ub8cc\"}]},{\"@type\":\"WebSite\",\"@id\":\"https:\\\/\\\/naturalpoland.com\\\/ko\\\/#website\",\"url\":\"https:\\\/\\\/naturalpoland.com\\\/ko\\\/\",\"name\":\"NATURAL POLAND - Hurtowy Dystrybutor Surowc\u00f3w\",\"description\":\"Surowce dla przemys\u0142u spo\u017cywczego, kosmetycznego i farmaceutycznego\",\"publisher\":{\"@id\":\"https:\\\/\\\/naturalpoland.com\\\/ko\\\/#organization\"},\"potentialAction\":[{\"@type\":\"SearchAction\",\"target\":{\"@type\":\"EntryPoint\",\"urlTemplate\":\"https:\\\/\\\/naturalpoland.com\\\/ko\\\/?s={search_term_string}\"},\"query-input\":{\"@type\":\"PropertyValueSpecification\",\"valueRequired\":true,\"valueName\":\"search_term_string\"}}],\"inLanguage\":\"ko-KR\"},{\"@type\":\"Organization\",\"@id\":\"https:\\\/\\\/naturalpoland.com\\\/ko\\\/#organization\",\"name\":\"Natural Poland\",\"url\":\"https:\\\/\\\/naturalpoland.com\\\/ko\\\/\",\"logo\":{\"@type\":\"ImageObject\",\"inLanguage\":\"ko-KR\",\"@id\":\"https:\\\/\\\/naturalpoland.com\\\/ko\\\/#\\\/schema\\\/logo\\\/image\\\/\",\"url\":\"https:\\\/\\\/naturalpoland.com\\\/wp-content\\\/uploads\\\/2021\\\/05\\\/natural-poland-icon.png\",\"contentUrl\":\"https:\\\/\\\/naturalpoland.com\\\/wp-content\\\/uploads\\\/2021\\\/05\\\/natural-poland-icon.png\",\"width\":512,\"height\":512,\"caption\":\"Natural Poland\"},\"image\":{\"@id\":\"https:\\\/\\\/naturalpoland.com\\\/ko\\\/#\\\/schema\\\/logo\\\/image\\\/\"},\"sameAs\":[\"https:\\\/\\\/www.facebook.com\\\/naturalpoland.b2b\",\"https:\\\/\\\/pl.linkedin.com\\\/company\\\/natural-poland\",\"https:\\\/\\\/www.youtube.com\\\/channel\\\/UCgeGGkvOMahZo-xu_MSEWxg\"]}]}<\/script>\n<!-- \/ Yoast SEO plugin. -->","yoast_head_json":{"title":"\uc0dd\uac15 \ud5a5\ub8cc - Hurtowy Dystrybutor","description":"\uc0dd\uac15 \ud5a5\ub8cc\ub294 \uc2e0\uc120\ud55c \uc0dd\uac15 \ubfcc\ub9ac\uc5d0\uc11c \uc601\uac10\uc744 \ubc1b\uc740 \uac15\ub82c\ud558\uace0 \ub530\ub73b\ud55c \ud48d\ubbf8 \ud504\ub85c\ud544\uc744 \ucc3e\ub294 \ubd84\ub4e4\uc744 \uc704\ud55c \ud6cc\ub96d\ud55c \uc120\ud0dd\uc785\ub2c8\ub2e4.","robots":{"index":"index","follow":"follow","max-snippet":"max-snippet:-1","max-image-preview":"max-image-preview:large","max-video-preview":"max-video-preview:-1"},"canonical":"https:\/\/naturalpoland.com\/ko\/je-pum\/sig-pum-won-ryo\/hyang-ryo\/hyang-sin-ryo-hyang\/%ec%83%9d%ea%b0%95-%ed%96%a5%eb%a3%8c\/","og_locale":"ko_KR","og_type":"article","og_title":"\uc0dd\uac15 \ud5a5\ub8cc - Hurtowy Dystrybutor","og_description":"\uc0dd\uac15 \ud5a5\ub8cc\ub294 \uc2e0\uc120\ud55c \uc0dd\uac15 \ubfcc\ub9ac\uc5d0\uc11c \uc601\uac10\uc744 \ubc1b\uc740 \uac15\ub82c\ud558\uace0 \ub530\ub73b\ud55c \ud48d\ubbf8 \ud504\ub85c\ud544\uc744 \ucc3e\ub294 \ubd84\ub4e4\uc744 \uc704\ud55c \ud6cc\ub96d\ud55c \uc120\ud0dd\uc785\ub2c8\ub2e4.","og_url":"https:\/\/naturalpoland.com\/ko\/je-pum\/sig-pum-won-ryo\/hyang-ryo\/hyang-sin-ryo-hyang\/%ec%83%9d%ea%b0%95-%ed%96%a5%eb%a3%8c\/","og_site_name":"NATURAL POLAND - Hurtowy Dystrybutor Surowc\u00f3w","article_publisher":"https:\/\/www.facebook.com\/naturalpoland.b2b","article_modified_time":"2025-09-26T09:20:18+00:00","og_image":[{"width":1024,"height":1024,"url":"https:\/\/naturalpoland.com\/wp-content\/uploads\/aromat-imbirowy.webp","type":"image\/webp"}],"schema":{"@context":"https:\/\/schema.org","@graph":[{"@type":"WebPage","@id":"https:\/\/naturalpoland.com\/ko\/je-pum\/sig-pum-won-ryo\/hyang-ryo\/hyang-sin-ryo-hyang\/%ec%83%9d%ea%b0%95-%ed%96%a5%eb%a3%8c\/","url":"https:\/\/naturalpoland.com\/ko\/je-pum\/sig-pum-won-ryo\/hyang-ryo\/hyang-sin-ryo-hyang\/%ec%83%9d%ea%b0%95-%ed%96%a5%eb%a3%8c\/","name":"\uc0dd\uac15 \ud5a5\ub8cc - Hurtowy Dystrybutor","isPartOf":{"@id":"https:\/\/naturalpoland.com\/ko\/#website"},"primaryImageOfPage":{"@id":"https:\/\/naturalpoland.com\/ko\/je-pum\/sig-pum-won-ryo\/hyang-ryo\/hyang-sin-ryo-hyang\/%ec%83%9d%ea%b0%95-%ed%96%a5%eb%a3%8c\/#primaryimage"},"image":{"@id":"https:\/\/naturalpoland.com\/ko\/je-pum\/sig-pum-won-ryo\/hyang-ryo\/hyang-sin-ryo-hyang\/%ec%83%9d%ea%b0%95-%ed%96%a5%eb%a3%8c\/#primaryimage"},"thumbnailUrl":"https:\/\/naturalpoland.com\/wp-content\/uploads\/aromat-imbirowy.webp","datePublished":"2025-09-04T09:58:05+00:00","dateModified":"2025-09-26T09:20:18+00:00","description":"\uc0dd\uac15 \ud5a5\ub8cc\ub294 \uc2e0\uc120\ud55c \uc0dd\uac15 \ubfcc\ub9ac\uc5d0\uc11c \uc601\uac10\uc744 \ubc1b\uc740 \uac15\ub82c\ud558\uace0 \ub530\ub73b\ud55c \ud48d\ubbf8 \ud504\ub85c\ud544\uc744 \ucc3e\ub294 \ubd84\ub4e4\uc744 \uc704\ud55c \ud6cc\ub96d\ud55c \uc120\ud0dd\uc785\ub2c8\ub2e4.","breadcrumb":{"@id":"https:\/\/naturalpoland.com\/ko\/je-pum\/sig-pum-won-ryo\/hyang-ryo\/hyang-sin-ryo-hyang\/%ec%83%9d%ea%b0%95-%ed%96%a5%eb%a3%8c\/#breadcrumb"},"inLanguage":"ko-KR","potentialAction":[{"@type":"ReadAction","target":["https:\/\/naturalpoland.com\/ko\/je-pum\/sig-pum-won-ryo\/hyang-ryo\/hyang-sin-ryo-hyang\/%ec%83%9d%ea%b0%95-%ed%96%a5%eb%a3%8c\/"]}]},{"@type":"ImageObject","inLanguage":"ko-KR","@id":"https:\/\/naturalpoland.com\/ko\/je-pum\/sig-pum-won-ryo\/hyang-ryo\/hyang-sin-ryo-hyang\/%ec%83%9d%ea%b0%95-%ed%96%a5%eb%a3%8c\/#primaryimage","url":"https:\/\/naturalpoland.com\/wp-content\/uploads\/aromat-imbirowy.webp","contentUrl":"https:\/\/naturalpoland.com\/wp-content\/uploads\/aromat-imbirowy.webp","width":1024,"height":1024,"caption":"\uc0dd\uac15 \ud5a5\ub8cc"},{"@type":"BreadcrumbList","@id":"https:\/\/naturalpoland.com\/ko\/je-pum\/sig-pum-won-ryo\/hyang-ryo\/hyang-sin-ryo-hyang\/%ec%83%9d%ea%b0%95-%ed%96%a5%eb%a3%8c\/#breadcrumb","itemListElement":[{"@type":"ListItem","position":1,"name":"\ud648","item":"https:\/\/naturalpoland.com\/ko\/"},{"@type":"ListItem","position":2,"name":"\uc81c\ud488","item":"https:\/\/naturalpoland.com\/ko\/%ec%a0%9c%ed%92%88\/"},{"@type":"ListItem","position":3,"name":"\uc0dd\uac15 \ud5a5\ub8cc"}]},{"@type":"WebSite","@id":"https:\/\/naturalpoland.com\/ko\/#website","url":"https:\/\/naturalpoland.com\/ko\/","name":"NATURAL POLAND - Hurtowy Dystrybutor Surowc\u00f3w","description":"Surowce dla przemys\u0142u spo\u017cywczego, kosmetycznego i farmaceutycznego","publisher":{"@id":"https:\/\/naturalpoland.com\/ko\/#organization"},"potentialAction":[{"@type":"SearchAction","target":{"@type":"EntryPoint","urlTemplate":"https:\/\/naturalpoland.com\/ko\/?s={search_term_string}"},"query-input":{"@type":"PropertyValueSpecification","valueRequired":true,"valueName":"search_term_string"}}],"inLanguage":"ko-KR"},{"@type":"Organization","@id":"https:\/\/naturalpoland.com\/ko\/#organization","name":"Natural Poland","url":"https:\/\/naturalpoland.com\/ko\/","logo":{"@type":"ImageObject","inLanguage":"ko-KR","@id":"https:\/\/naturalpoland.com\/ko\/#\/schema\/logo\/image\/","url":"https:\/\/naturalpoland.com\/wp-content\/uploads\/2021\/05\/natural-poland-icon.png","contentUrl":"https:\/\/naturalpoland.com\/wp-content\/uploads\/2021\/05\/natural-poland-icon.png","width":512,"height":512,"caption":"Natural Poland"},"image":{"@id":"https:\/\/naturalpoland.com\/ko\/#\/schema\/logo\/image\/"},"sameAs":["https:\/\/www.facebook.com\/naturalpoland.b2b","https:\/\/pl.linkedin.com\/company\/natural-poland","https:\/\/www.youtube.com\/channel\/UCgeGGkvOMahZo-xu_MSEWxg"]}]}},"_links":{"self":[{"href":"https:\/\/naturalpoland.com\/ko\/wp-json\/wp\/v2\/product\/43379","targetHints":{"allow":["GET"]}}],"collection":[{"href":"https:\/\/naturalpoland.com\/ko\/wp-json\/wp\/v2\/product"}],"about":[{"href":"https:\/\/naturalpoland.com\/ko\/wp-json\/wp\/v2\/types\/product"}],"wp:featuredmedia":[{"embeddable":true,"href":"https:\/\/naturalpoland.com\/ko\/wp-json\/wp\/v2\/media\/43380"}],"wp:attachment":[{"href":"https:\/\/naturalpoland.com\/ko\/wp-json\/wp\/v2\/media?parent=43379"}],"wp:term":[{"taxonomy":"product_brand","embeddable":true,"href":"https:\/\/naturalpoland.com\/ko\/wp-json\/wp\/v2\/product_brand?post=43379"},{"taxonomy":"product_cat","embeddable":true,"href":"https:\/\/naturalpoland.com\/ko\/wp-json\/wp\/v2\/product_cat?post=43379"},{"taxonomy":"product_tag","embeddable":true,"href":"https:\/\/naturalpoland.com\/ko\/wp-json\/wp\/v2\/product_tag?post=43379"}],"curies":[{"name":"wp","href":"https:\/\/api.w.org\/{rel}","templated":true}]}}