{"id":43425,"date":"2025-09-04T14:34:28","date_gmt":"2025-09-04T12:34:28","guid":{"rendered":"https:\/\/naturalpoland.com\/produkty\/uncategorized\/%eb%b0%94%ec%a7%88-%ec%98%a4%ec%9d%bc\/"},"modified":"2025-09-26T11:22:45","modified_gmt":"2025-09-26T09:22:45","slug":"%eb%b0%94%ec%a7%88-%ec%98%a4%ec%9d%bc","status":"publish","type":"product","link":"https:\/\/naturalpoland.com\/ko\/je-pum\/hwa-jang-pum-won-ryo\/e-sen-syeol-o-il\/%eb%b0%94%ec%a7%88-%ec%98%a4%ec%9d%bc\/","title":{"rendered":"\ubc14\uc9c8 \uc624\uc77c"},"content":{"rendered":"<p>\ubc14\uc9c8 \uc624\uc77c\uc740 \ud654\ud559\ud615\uc5d0 \ub530\ub77c \ub9ac\ub0a0\ub8f0, \uba54\ud2f8\uce74\ube44\ucf5c(\uc5d0\uc2a4\ud2b8\ub77c\uace8), \uc720\uc81c\ub180 \ub610\ub294 \uc2dc\ub124\uc62c\uacfc \uac19\uc740 \ud65c\uc131 \ubb3c\uc9c8\uc744 \ub2e4\ub7c9 \ud568\uc720\ud558\uace0 \uc788\uc2b5\ub2c8\ub2e4. \uc774 \uc624\uc77c\uc740 \uc5ec\ub7ec \uac00\uc9c0 \ud5a5\uae30-\ud654\ud559\uc801 \ud488\uc885\uc73c\ub85c \uc81c\uacf5\ub429\ub2c8\ub2e4. <\/p>\n<h2>\ubc14\uc9c8 \uc624\uc77c\uc758 \ud65c\uc6a9:<\/h2>\n<p>\ucc9c\uc5f0 \ud654\uc7a5\ud488 \ubc0f \ub354\ubaa8 \ucf54\uc2a4\uba54\ud2f1\uc5d0\uc11c \ubc14\uc9c8 \uc624\uc77c\uc740 <strong>\uc815\ud654, \ud574\ub3c5 \ubc0f \ud1a0\ub2dd \uc131\ubd84<\/strong>\uc73c\ub85c \uc0ac\uc6a9\ub429\ub2c8\ub2e4. \uc0b4\uade0 \ubc0f \uc0c1\ucf8c\ud55c \ud6a8\uacfc \ub355\ubd84\uc5d0 \uc9c0\uc131 \ubc0f \ubcf5\ud569\uc131 \ud53c\ubd80\uc6a9 \uc81c\ud488, \ud1a0\ub108, \ud074\ub80c\uc9d5 \uc824, \ub85c\uc158 \ubc0f \ub9c8\uc0ac\uc9c0 \uc624\uc77c\uc5d0 \ud65c\uc6a9\ub429\ub2c8\ub2e4. \uc544\ub85c\ub9c8\ud14c\ub77c\ud53c\uc5d0\uc11c\ub294 \uc815\uc2e0\uc801, \ucc3d\uc758\uc801 \uc791\uc5c5\uc5d0 \ub3c4\uc6c0\uc774 \ub418\ub294 \uacf5\uac04\uc744 \ud5a5\uae30\ub86d\uac8c \ud558\ub294 \ub370 \uc0ac\uc6a9\ub418\uba70, \uc9d1\uc911\ub825\uc744 \ud5a5\uc0c1\ud558\uace0 \uc778\uc9c0 \uacfc\uc815\uc744 \uc9c0\uc6d0\ud558\uba70 \uc2a4\ud2b8\ub808\uc2a4\ub97c \uc904\uc5ec\uc90d\ub2c8\ub2e4.  <\/p>\n<p>\ubcf4\ucda9\uc81c \ubd84\uc57c\uc5d0\uc11c \ubc14\uc9c8 \uc624\uc77c\uc740 \uba74\uc5ed\ub825, \ud638\ud761\uae30\uacc4, \uc18c\ud654 \ubc0f \uc804\ubc18\uc801\uc778 \uc2e0\uccb4 \uc7ac\uc0dd\uc744 \uc9c0\uc6d0\ud558\ub294 \ud3ec\ubbac\ub7ec\uc758 \ud65c\uc131 \uc131\ubd84\uc73c\ub85c \uc0ac\uc6a9\ub420 \uc218 \uc788\uc2b5\ub2c8\ub2e4. \ud56d\uade0 \ubc0f \uc9c4\uacbd\uc81c \ud2b9\uc131 \ub355\ubd84\uc5d0 \uae30\ub2a5\uc131 \uc81c\ud615\uc5d0\ub3c4 \uc720\uc6a9\ud569\ub2c8\ub2e4. <\/p>\n<h2>\ubc14\uc9c8 \uc5d0\uc13c\uc15c \uc624\uc77c\uc758 \uc885\ub958:<\/h2>\n<p>\uae30\uc220\uc801 \uc694\uad6c \uc0ac\ud56d\uacfc \uc6d0\ud558\ub294 \uac10\uac01\uc801 \ud6a8\uacfc\uc5d0 \ub530\ub77c \ub2e4\uc591\ud55c \uc720\ud615\uc758 \uc624\uc77c\uc774 \uc81c\uacf5\ub429\ub2c8\ub2e4:<\/p>\n<ul>\n<li><strong>\ud074\ub798\uc2dd \ubc14\uc9c8 \uc624\uc77c<\/strong> \u2013 \uc2e0\uc120\ud558\uace0 \ud5c8\ube0c\ud5a5\uc774 \ub098\uba70, \ubcf4\ud3b8\uc801\uc778 \uc544\ub85c\ub9c8 \ud504\ub85c\ud544\uc744 \uac00\uc9c0\uace0 \uc788\uc5b4 \ud654\uc7a5\ud488 \ubc0f \uc6f0\ub2c8\uc2a4 \uc81c\ud488\uc5d0 \uad8c\uc7a5\ub429\ub2c8\ub2e4.<\/li>\n<li><strong>\ub9ac\ub0a0\ub8f0 \ubc14\uc9c8 \uc624\uc77c (\uadf8\ub791 \ubca0\ub974)<\/strong> \u2013 \uc12c\uc138\ud55c \ud5a5, \ub9ac\ub0a0\ub8f0 \ub178\ud2b8\uac00 \uc9c0\ubc30\uc801\uc774\uba70, \uc9c4\uc815 \ubc0f \ucf00\uc5b4 \ud3ec\ubbac\ub7ec\uc5d0 \uad8c\uc7a5\ub429\ub2c8\ub2e4.<\/li>\n<li><strong>\uc5f4\ub300 \ubc14\uc9c8 \uc624\uc77c<\/strong> \u2013 \uc5d0\uc2a4\ud2b8\ub77c\uace8 \ub178\ud2b8\uac00 \ub69c\ub837\ud55c \uac15\ub82c\ud558\uace0 \uc2a4\ud30c\uc774\uc2dc\ud55c \uc544\ub85c\ub9c8\ub85c, \uc544\ub85c\ub9c8\ud14c\ub77c\ud53c \ubc0f \ub9c8\uc0ac\uc9c0 \uc6a9\ub3c4\uc5d0 \uad8c\uc7a5\ub429\ub2c8\ub2e4.<\/li>\n<li><strong>\uc5f4\ub300 \ubc14\uc9c8 \uc624\uc77c ct. \uba54\ud2f8\uce74\ube44\ucf5c <\/strong>  \u2013 \uba54\ud2f8\uce74\ube44\ucf5c \ud568\ub7c9\uc774 \ub192\uc544 \uc804\ubb38 \uc81c\ud615\uc5d0 \uc801\ud569\ud569\ub2c8\ub2e4.<\/li>\n<\/ul>\n<p>&nbsp;<\/p>\n<p>&nbsp;<\/p>\n","protected":false},"excerpt":{"rendered":"<p><strong>\ubc14\uc9c8 \uc624\uc77c<\/strong> (INCI: <em>Ocimum Basilicum Oil<\/em>)\uc740 \ubc14\uc9c8\uc758 \uc78e\uacfc \uaf43\uc744 \uc218\uc99d\uae30 \uc99d\ub958\ud558\uc5ec \uc5bb\ub294 100% \ucc9c\uc5f0 \uc5d0\uc13c\uc15c \uc624\uc77c\uc785\ub2c8\ub2e4. \uc774 \uc81c\ud488\uc740 \ub192\uc740 \uc0dd\ubb3c\ud559\uc801 \ud65c\uc131\uacfc \uac15\ub825\ud55c \uc544\ub85c\ub9c8 \ubc0f \uae30\ub2a5\uc801 \ud2b9\uc131\uc744 \ub098\ud0c0\ub0c5\ub2c8\ub2e4. <\/p>\n","protected":false},"featured_media":43426,"template":"","meta":[],"product_brand":[],"product_cat":[8155],"product_tag":[],"class_list":{"0":"post-43425","1":"product","2":"type-product","3":"status-publish","4":"has-post-thumbnail","6":"product_cat-e-sen-syeol-o-il","7":"pa_czesc-rosliny-8186","9":"first","10":"instock","11":"shipping-taxable","12":"product-type-simple"},"yoast_head":"<!-- This site is optimized with the Yoast SEO plugin v27.3 - https:\/\/yoast.com\/product\/yoast-seo-wordpress\/ -->\n<title>\ubc14\uc9c8 \uc624\uc77c - Hurtowy Dystrybutor<\/title>\n<meta name=\"description\" content=\"\ubc14\uc9c8 \uc624\uc77c\uc740 \uc77c\ubc18 \ubc14\uc9c8\uc758 \uc78e\uacfc \uaf43\uc744 \uc218\uc99d\uae30 \uc99d\ub958\ud558\uc5ec \uc5bb\ub294 \uace0\ud488\uc9c8\uc758 \ucc9c\uc5f0 \uc5d0\uc13c\uc15c \uc624\uc77c\uc785\ub2c8\ub2e4.\" \/>\n<meta name=\"robots\" content=\"index, follow, max-snippet:-1, max-image-preview:large, max-video-preview:-1\" \/>\n<link rel=\"canonical\" href=\"https:\/\/naturalpoland.com\/ko\/je-pum\/hwa-jang-pum-won-ryo\/e-sen-syeol-o-il\/%eb%b0%94%ec%a7%88-%ec%98%a4%ec%9d%bc\/\" \/>\n<meta property=\"og:locale\" content=\"ko_KR\" \/>\n<meta property=\"og:type\" content=\"article\" \/>\n<meta property=\"og:title\" content=\"\ubc14\uc9c8 \uc624\uc77c - Hurtowy Dystrybutor\" \/>\n<meta property=\"og:description\" content=\"\ubc14\uc9c8 \uc624\uc77c\uc740 \uc77c\ubc18 \ubc14\uc9c8\uc758 \uc78e\uacfc \uaf43\uc744 \uc218\uc99d\uae30 \uc99d\ub958\ud558\uc5ec \uc5bb\ub294 \uace0\ud488\uc9c8\uc758 \ucc9c\uc5f0 \uc5d0\uc13c\uc15c \uc624\uc77c\uc785\ub2c8\ub2e4.\" \/>\n<meta property=\"og:url\" content=\"https:\/\/naturalpoland.com\/ko\/je-pum\/hwa-jang-pum-won-ryo\/e-sen-syeol-o-il\/%eb%b0%94%ec%a7%88-%ec%98%a4%ec%9d%bc\/\" \/>\n<meta property=\"og:site_name\" content=\"NATURAL POLAND - Hurtowy Dystrybutor Surowc\u00f3w\" \/>\n<meta property=\"article:publisher\" content=\"https:\/\/www.facebook.com\/naturalpoland.b2b\" \/>\n<meta property=\"article:modified_time\" content=\"2025-09-26T09:22:45+00:00\" \/>\n<meta property=\"og:image\" content=\"https:\/\/naturalpoland.com\/wp-content\/uploads\/olejek-bazyliowy.webp\" \/>\n\t<meta property=\"og:image:width\" content=\"1024\" \/>\n\t<meta property=\"og:image:height\" content=\"1024\" \/>\n\t<meta property=\"og:image:type\" content=\"image\/webp\" \/>\n<script type=\"application\/ld+json\" class=\"yoast-schema-graph\">{\"@context\":\"https:\\\/\\\/schema.org\",\"@graph\":[{\"@type\":\"WebPage\",\"@id\":\"https:\\\/\\\/naturalpoland.com\\\/ko\\\/je-pum\\\/hwa-jang-pum-won-ryo\\\/e-sen-syeol-o-il\\\/%eb%b0%94%ec%a7%88-%ec%98%a4%ec%9d%bc\\\/\",\"url\":\"https:\\\/\\\/naturalpoland.com\\\/ko\\\/je-pum\\\/hwa-jang-pum-won-ryo\\\/e-sen-syeol-o-il\\\/%eb%b0%94%ec%a7%88-%ec%98%a4%ec%9d%bc\\\/\",\"name\":\"\ubc14\uc9c8 \uc624\uc77c - Hurtowy Dystrybutor\",\"isPartOf\":{\"@id\":\"https:\\\/\\\/naturalpoland.com\\\/ko\\\/#website\"},\"primaryImageOfPage\":{\"@id\":\"https:\\\/\\\/naturalpoland.com\\\/ko\\\/je-pum\\\/hwa-jang-pum-won-ryo\\\/e-sen-syeol-o-il\\\/%eb%b0%94%ec%a7%88-%ec%98%a4%ec%9d%bc\\\/#primaryimage\"},\"image\":{\"@id\":\"https:\\\/\\\/naturalpoland.com\\\/ko\\\/je-pum\\\/hwa-jang-pum-won-ryo\\\/e-sen-syeol-o-il\\\/%eb%b0%94%ec%a7%88-%ec%98%a4%ec%9d%bc\\\/#primaryimage\"},\"thumbnailUrl\":\"https:\\\/\\\/naturalpoland.com\\\/wp-content\\\/uploads\\\/olejek-bazyliowy.webp\",\"datePublished\":\"2025-09-04T12:34:28+00:00\",\"dateModified\":\"2025-09-26T09:22:45+00:00\",\"description\":\"\ubc14\uc9c8 \uc624\uc77c\uc740 \uc77c\ubc18 \ubc14\uc9c8\uc758 \uc78e\uacfc \uaf43\uc744 \uc218\uc99d\uae30 \uc99d\ub958\ud558\uc5ec \uc5bb\ub294 \uace0\ud488\uc9c8\uc758 \ucc9c\uc5f0 \uc5d0\uc13c\uc15c \uc624\uc77c\uc785\ub2c8\ub2e4.\",\"breadcrumb\":{\"@id\":\"https:\\\/\\\/naturalpoland.com\\\/ko\\\/je-pum\\\/hwa-jang-pum-won-ryo\\\/e-sen-syeol-o-il\\\/%eb%b0%94%ec%a7%88-%ec%98%a4%ec%9d%bc\\\/#breadcrumb\"},\"inLanguage\":\"ko-KR\",\"potentialAction\":[{\"@type\":\"ReadAction\",\"target\":[\"https:\\\/\\\/naturalpoland.com\\\/ko\\\/je-pum\\\/hwa-jang-pum-won-ryo\\\/e-sen-syeol-o-il\\\/%eb%b0%94%ec%a7%88-%ec%98%a4%ec%9d%bc\\\/\"]}]},{\"@type\":\"ImageObject\",\"inLanguage\":\"ko-KR\",\"@id\":\"https:\\\/\\\/naturalpoland.com\\\/ko\\\/je-pum\\\/hwa-jang-pum-won-ryo\\\/e-sen-syeol-o-il\\\/%eb%b0%94%ec%a7%88-%ec%98%a4%ec%9d%bc\\\/#primaryimage\",\"url\":\"https:\\\/\\\/naturalpoland.com\\\/wp-content\\\/uploads\\\/olejek-bazyliowy.webp\",\"contentUrl\":\"https:\\\/\\\/naturalpoland.com\\\/wp-content\\\/uploads\\\/olejek-bazyliowy.webp\",\"width\":1024,\"height\":1024,\"caption\":\"\ubc14\uc9c8 \uc624\uc77c\"},{\"@type\":\"BreadcrumbList\",\"@id\":\"https:\\\/\\\/naturalpoland.com\\\/ko\\\/je-pum\\\/hwa-jang-pum-won-ryo\\\/e-sen-syeol-o-il\\\/%eb%b0%94%ec%a7%88-%ec%98%a4%ec%9d%bc\\\/#breadcrumb\",\"itemListElement\":[{\"@type\":\"ListItem\",\"position\":1,\"name\":\"\ud648\",\"item\":\"https:\\\/\\\/naturalpoland.com\\\/ko\\\/\"},{\"@type\":\"ListItem\",\"position\":2,\"name\":\"\uc81c\ud488\",\"item\":\"https:\\\/\\\/naturalpoland.com\\\/ko\\\/%ec%a0%9c%ed%92%88\\\/\"},{\"@type\":\"ListItem\",\"position\":3,\"name\":\"\ubc14\uc9c8 \uc624\uc77c\"}]},{\"@type\":\"WebSite\",\"@id\":\"https:\\\/\\\/naturalpoland.com\\\/ko\\\/#website\",\"url\":\"https:\\\/\\\/naturalpoland.com\\\/ko\\\/\",\"name\":\"NATURAL POLAND - Hurtowy Dystrybutor Surowc\u00f3w\",\"description\":\"Surowce dla przemys\u0142u spo\u017cywczego, kosmetycznego i farmaceutycznego\",\"publisher\":{\"@id\":\"https:\\\/\\\/naturalpoland.com\\\/ko\\\/#organization\"},\"potentialAction\":[{\"@type\":\"SearchAction\",\"target\":{\"@type\":\"EntryPoint\",\"urlTemplate\":\"https:\\\/\\\/naturalpoland.com\\\/ko\\\/?s={search_term_string}\"},\"query-input\":{\"@type\":\"PropertyValueSpecification\",\"valueRequired\":true,\"valueName\":\"search_term_string\"}}],\"inLanguage\":\"ko-KR\"},{\"@type\":\"Organization\",\"@id\":\"https:\\\/\\\/naturalpoland.com\\\/ko\\\/#organization\",\"name\":\"Natural Poland\",\"url\":\"https:\\\/\\\/naturalpoland.com\\\/ko\\\/\",\"logo\":{\"@type\":\"ImageObject\",\"inLanguage\":\"ko-KR\",\"@id\":\"https:\\\/\\\/naturalpoland.com\\\/ko\\\/#\\\/schema\\\/logo\\\/image\\\/\",\"url\":\"https:\\\/\\\/naturalpoland.com\\\/wp-content\\\/uploads\\\/2021\\\/05\\\/natural-poland-icon.png\",\"contentUrl\":\"https:\\\/\\\/naturalpoland.com\\\/wp-content\\\/uploads\\\/2021\\\/05\\\/natural-poland-icon.png\",\"width\":512,\"height\":512,\"caption\":\"Natural Poland\"},\"image\":{\"@id\":\"https:\\\/\\\/naturalpoland.com\\\/ko\\\/#\\\/schema\\\/logo\\\/image\\\/\"},\"sameAs\":[\"https:\\\/\\\/www.facebook.com\\\/naturalpoland.b2b\",\"https:\\\/\\\/pl.linkedin.com\\\/company\\\/natural-poland\",\"https:\\\/\\\/www.youtube.com\\\/channel\\\/UCgeGGkvOMahZo-xu_MSEWxg\"]}]}<\/script>\n<!-- \/ Yoast SEO plugin. -->","yoast_head_json":{"title":"\ubc14\uc9c8 \uc624\uc77c - Hurtowy Dystrybutor","description":"\ubc14\uc9c8 \uc624\uc77c\uc740 \uc77c\ubc18 \ubc14\uc9c8\uc758 \uc78e\uacfc \uaf43\uc744 \uc218\uc99d\uae30 \uc99d\ub958\ud558\uc5ec \uc5bb\ub294 \uace0\ud488\uc9c8\uc758 \ucc9c\uc5f0 \uc5d0\uc13c\uc15c \uc624\uc77c\uc785\ub2c8\ub2e4.","robots":{"index":"index","follow":"follow","max-snippet":"max-snippet:-1","max-image-preview":"max-image-preview:large","max-video-preview":"max-video-preview:-1"},"canonical":"https:\/\/naturalpoland.com\/ko\/je-pum\/hwa-jang-pum-won-ryo\/e-sen-syeol-o-il\/%eb%b0%94%ec%a7%88-%ec%98%a4%ec%9d%bc\/","og_locale":"ko_KR","og_type":"article","og_title":"\ubc14\uc9c8 \uc624\uc77c - Hurtowy Dystrybutor","og_description":"\ubc14\uc9c8 \uc624\uc77c\uc740 \uc77c\ubc18 \ubc14\uc9c8\uc758 \uc78e\uacfc \uaf43\uc744 \uc218\uc99d\uae30 \uc99d\ub958\ud558\uc5ec \uc5bb\ub294 \uace0\ud488\uc9c8\uc758 \ucc9c\uc5f0 \uc5d0\uc13c\uc15c \uc624\uc77c\uc785\ub2c8\ub2e4.","og_url":"https:\/\/naturalpoland.com\/ko\/je-pum\/hwa-jang-pum-won-ryo\/e-sen-syeol-o-il\/%eb%b0%94%ec%a7%88-%ec%98%a4%ec%9d%bc\/","og_site_name":"NATURAL POLAND - Hurtowy Dystrybutor Surowc\u00f3w","article_publisher":"https:\/\/www.facebook.com\/naturalpoland.b2b","article_modified_time":"2025-09-26T09:22:45+00:00","og_image":[{"width":1024,"height":1024,"url":"https:\/\/naturalpoland.com\/wp-content\/uploads\/olejek-bazyliowy.webp","type":"image\/webp"}],"schema":{"@context":"https:\/\/schema.org","@graph":[{"@type":"WebPage","@id":"https:\/\/naturalpoland.com\/ko\/je-pum\/hwa-jang-pum-won-ryo\/e-sen-syeol-o-il\/%eb%b0%94%ec%a7%88-%ec%98%a4%ec%9d%bc\/","url":"https:\/\/naturalpoland.com\/ko\/je-pum\/hwa-jang-pum-won-ryo\/e-sen-syeol-o-il\/%eb%b0%94%ec%a7%88-%ec%98%a4%ec%9d%bc\/","name":"\ubc14\uc9c8 \uc624\uc77c - Hurtowy Dystrybutor","isPartOf":{"@id":"https:\/\/naturalpoland.com\/ko\/#website"},"primaryImageOfPage":{"@id":"https:\/\/naturalpoland.com\/ko\/je-pum\/hwa-jang-pum-won-ryo\/e-sen-syeol-o-il\/%eb%b0%94%ec%a7%88-%ec%98%a4%ec%9d%bc\/#primaryimage"},"image":{"@id":"https:\/\/naturalpoland.com\/ko\/je-pum\/hwa-jang-pum-won-ryo\/e-sen-syeol-o-il\/%eb%b0%94%ec%a7%88-%ec%98%a4%ec%9d%bc\/#primaryimage"},"thumbnailUrl":"https:\/\/naturalpoland.com\/wp-content\/uploads\/olejek-bazyliowy.webp","datePublished":"2025-09-04T12:34:28+00:00","dateModified":"2025-09-26T09:22:45+00:00","description":"\ubc14\uc9c8 \uc624\uc77c\uc740 \uc77c\ubc18 \ubc14\uc9c8\uc758 \uc78e\uacfc \uaf43\uc744 \uc218\uc99d\uae30 \uc99d\ub958\ud558\uc5ec \uc5bb\ub294 \uace0\ud488\uc9c8\uc758 \ucc9c\uc5f0 \uc5d0\uc13c\uc15c \uc624\uc77c\uc785\ub2c8\ub2e4.","breadcrumb":{"@id":"https:\/\/naturalpoland.com\/ko\/je-pum\/hwa-jang-pum-won-ryo\/e-sen-syeol-o-il\/%eb%b0%94%ec%a7%88-%ec%98%a4%ec%9d%bc\/#breadcrumb"},"inLanguage":"ko-KR","potentialAction":[{"@type":"ReadAction","target":["https:\/\/naturalpoland.com\/ko\/je-pum\/hwa-jang-pum-won-ryo\/e-sen-syeol-o-il\/%eb%b0%94%ec%a7%88-%ec%98%a4%ec%9d%bc\/"]}]},{"@type":"ImageObject","inLanguage":"ko-KR","@id":"https:\/\/naturalpoland.com\/ko\/je-pum\/hwa-jang-pum-won-ryo\/e-sen-syeol-o-il\/%eb%b0%94%ec%a7%88-%ec%98%a4%ec%9d%bc\/#primaryimage","url":"https:\/\/naturalpoland.com\/wp-content\/uploads\/olejek-bazyliowy.webp","contentUrl":"https:\/\/naturalpoland.com\/wp-content\/uploads\/olejek-bazyliowy.webp","width":1024,"height":1024,"caption":"\ubc14\uc9c8 \uc624\uc77c"},{"@type":"BreadcrumbList","@id":"https:\/\/naturalpoland.com\/ko\/je-pum\/hwa-jang-pum-won-ryo\/e-sen-syeol-o-il\/%eb%b0%94%ec%a7%88-%ec%98%a4%ec%9d%bc\/#breadcrumb","itemListElement":[{"@type":"ListItem","position":1,"name":"\ud648","item":"https:\/\/naturalpoland.com\/ko\/"},{"@type":"ListItem","position":2,"name":"\uc81c\ud488","item":"https:\/\/naturalpoland.com\/ko\/%ec%a0%9c%ed%92%88\/"},{"@type":"ListItem","position":3,"name":"\ubc14\uc9c8 \uc624\uc77c"}]},{"@type":"WebSite","@id":"https:\/\/naturalpoland.com\/ko\/#website","url":"https:\/\/naturalpoland.com\/ko\/","name":"NATURAL POLAND - Hurtowy Dystrybutor Surowc\u00f3w","description":"Surowce dla przemys\u0142u spo\u017cywczego, kosmetycznego i farmaceutycznego","publisher":{"@id":"https:\/\/naturalpoland.com\/ko\/#organization"},"potentialAction":[{"@type":"SearchAction","target":{"@type":"EntryPoint","urlTemplate":"https:\/\/naturalpoland.com\/ko\/?s={search_term_string}"},"query-input":{"@type":"PropertyValueSpecification","valueRequired":true,"valueName":"search_term_string"}}],"inLanguage":"ko-KR"},{"@type":"Organization","@id":"https:\/\/naturalpoland.com\/ko\/#organization","name":"Natural Poland","url":"https:\/\/naturalpoland.com\/ko\/","logo":{"@type":"ImageObject","inLanguage":"ko-KR","@id":"https:\/\/naturalpoland.com\/ko\/#\/schema\/logo\/image\/","url":"https:\/\/naturalpoland.com\/wp-content\/uploads\/2021\/05\/natural-poland-icon.png","contentUrl":"https:\/\/naturalpoland.com\/wp-content\/uploads\/2021\/05\/natural-poland-icon.png","width":512,"height":512,"caption":"Natural Poland"},"image":{"@id":"https:\/\/naturalpoland.com\/ko\/#\/schema\/logo\/image\/"},"sameAs":["https:\/\/www.facebook.com\/naturalpoland.b2b","https:\/\/pl.linkedin.com\/company\/natural-poland","https:\/\/www.youtube.com\/channel\/UCgeGGkvOMahZo-xu_MSEWxg"]}]}},"_links":{"self":[{"href":"https:\/\/naturalpoland.com\/ko\/wp-json\/wp\/v2\/product\/43425","targetHints":{"allow":["GET"]}}],"collection":[{"href":"https:\/\/naturalpoland.com\/ko\/wp-json\/wp\/v2\/product"}],"about":[{"href":"https:\/\/naturalpoland.com\/ko\/wp-json\/wp\/v2\/types\/product"}],"wp:featuredmedia":[{"embeddable":true,"href":"https:\/\/naturalpoland.com\/ko\/wp-json\/wp\/v2\/media\/43426"}],"wp:attachment":[{"href":"https:\/\/naturalpoland.com\/ko\/wp-json\/wp\/v2\/media?parent=43425"}],"wp:term":[{"taxonomy":"product_brand","embeddable":true,"href":"https:\/\/naturalpoland.com\/ko\/wp-json\/wp\/v2\/product_brand?post=43425"},{"taxonomy":"product_cat","embeddable":true,"href":"https:\/\/naturalpoland.com\/ko\/wp-json\/wp\/v2\/product_cat?post=43425"},{"taxonomy":"product_tag","embeddable":true,"href":"https:\/\/naturalpoland.com\/ko\/wp-json\/wp\/v2\/product_tag?post=43425"}],"curies":[{"name":"wp","href":"https:\/\/api.w.org\/{rel}","templated":true}]}}