{"id":43443,"date":"2023-10-06T10:52:50","date_gmt":"2023-10-06T08:52:50","guid":{"rendered":"https:\/\/naturalpoland.com\/produkty\/uncategorized\/%eb%b0%9c%ed%9a%a8-%ec%8c%80-%ec%b6%94%ec%b6%9c%eb%ac%bc\/"},"modified":"2025-09-26T16:17:26","modified_gmt":"2025-09-26T14:17:26","slug":"%eb%b0%9c%ed%9a%a8-%ec%8c%80-%ec%b6%94%ec%b6%9c%eb%ac%bc","status":"publish","type":"product","link":"https:\/\/naturalpoland.com\/ko\/je-pum\/hwa-jang-pum-won-ryo\/bal-hyo-chu-chul-mul\/%eb%b0%9c%ed%9a%a8-%ec%8c%80-%ec%b6%94%ec%b6%9c%eb%ac%bc\/","title":{"rendered":"\ubc1c\ud6a8 \uc300 \ucd94\ucd9c\ubb3c"},"content":{"rendered":"<p>\ubc1c\ud6a8 \uacfc\uc815\uc740 \uc6d0\ub8cc\ub97c \uadc0\uc911\ud55c 2\ucc28 \ub300\uc0ac\uc0b0\ubb3c\ub85c \ud48d\ubd80\ud558\uac8c \ud560 \ubfd0\ub9cc \uc544\ub2c8\ub77c \ucc9c\uc5f0 \ud65c\uc131 \uc131\ubd84\uc758 \uc0dd\uccb4 \uc774\uc6a9\ub960\uc744 \ub192\uc785\ub2c8\ub2e4. \ucd94\ucd9c\ubb3c\uc758 \uae30\ubcf8 \uc131\ubd84\uc740 \uae00\ub9ac\uc138\ub9b0(94~96%)\uc73c\ub85c, \ubcf4\uc2b5 \uc791\uc6a9\uc744 \ub3d5\uace0 \ud654\uc7a5\ud488 \uc81c\ud615 \ub0b4 \uc131\ubd84\uc758 \ubd84\uc0b0\uc744 \uac1c\uc120\ud569\ub2c8\ub2e4. <\/p>\n<h2>\ubc1c\ud6a8 \uc300 \ucd94\ucd9c\ubb3c\uc758 \ud2b9\uc131<\/h2>\n<p>\ud3a9\ud0c0\uc774\ub4dc, \uc544\ubbf8\ub178\uc0b0, \ube44\ud0c0\ubbfc \ubc0f \ubbf8\ub124\ub784 \ud568\ub7c9 \ub355\ubd84\uc5d0 \uc300 \ucd94\ucd9c\ubb3c\uc740 \ud53c\ubd80\uc5d0 \uc9d1\uc911\uc801\uc778 \uc218\ubd84 \uacf5\uae09\uacfc \uc601\uc591\uc744 \uc81c\uacf5\ud569\ub2c8\ub2e4. \ud53c\ubd80 \ud0c4\ub825\uc744 \ub192\uc774\uace0 \ub9e4\ub044\ub7fd\uac8c \ud558\uba70 \uc794\uc8fc\ub984\uc758 \uac00\uc2dc\uc131\uc744 \uc904\uc5ec\uc90d\ub2c8\ub2e4. \ud2b9\ud788 \uadc0\uc911\ud55c \uc131\ubd84\uc740 <a href=\"https:\/\/naturalpoland.com\/ko\/je-pum\/hwa-jang-pum-won-ryo\/san-ryu\/perul-san\/\"><strong>\ud398\ub8f0\uc0b0<\/strong><\/a>\uc73c\ub85c, \uc774\ub294 \ud65c\uc131 \uc0b0\uc18c\ub97c \uc911\ud654\ud558\uace0 \uc790\uc678\uc120 \ubc0f \ud658\uacbd \uc624\uc5fc\uc73c\ub85c \uc778\ud55c \uc0b0\ud654 \uc2a4\ud2b8\ub808\uc2a4\ub85c\ubd80\ud130 \ud53c\ubd80\ub97c \ubcf4\ud638\ud558\ub294 \uac15\ub825\ud55c \ud56d\uc0b0\ud654\uc81c\uc785\ub2c8\ub2e4.  <\/p>\n<p>\ubc1c\ud6a8 \uc300 \ucd94\ucd9c\ubb3c\uc740 \ub610\ud55c \ubbf8\ubc31 \ud2b9\uc131\uc744 \ub098\ud0c0\ub0b4\uc5b4 \ud53c\ubd80 \ud1a4\uc744 \uade0\uc77c\ud558\uac8c \ud558\uace0 \ubcc0\uc0c9\uc744 \ubc1d\uac8c \ud558\uba70 \uc0c9\uc18c \uce68\ucc29 \ubc18\uc810\uc758 \uac00\uc2dc\uc131\uc744 \uc904\uc774\ub294 \ub370 \ub3c4\uc6c0\uc744 \uc90d\ub2c8\ub2e4. \ub610\ud55c, \ucc9c\uc5f0 \uc9c4\uc815 \uc131\ubd84 \ub355\ubd84\uc5d0 \ubbfc\uac10\ud558\uace0 \uc790\uadf9\ubc1b\uc740 \ud53c\ubd80\uc5d0 \uc548\ub3c4\uac10\uc744 \uc8fc\uace0 \ubd89\uc740 \uae30\ub97c \uc644\ud654\ud558\uba70 \ud45c\ud53c \uc7ac\uc0dd\uc744 \uc9c0\uc6d0\ud569\ub2c8\ub2e4. \uae00\ub9ac\uc138\ub9b0\uc758 \uc874\uc7ac\ub294 \ud53c\ubd80 \uc7a5\ubcbd \uae30\ub2a5\uc744 \uc9c0\uc6d0\ud558\uace0 \uc801\uc808\ud55c \uc218\ubd84 \uc218\uc900\uc744 \uc720\uc9c0\ud558\uc5ec \uc774 \ucd94\ucd9c\ubb3c\uc744 \uac74\uc131, \uc131\uc219, \ud608\uad00 \ub610\ub294 \ubc18\uc751\uc131 \ud53c\ubd80\uc5d0 \uc774\uc0c1\uc801\uc73c\ub85c \ub9cc\ub4ed\ub2c8\ub2e4.  <\/p>\n<h2>\uc801\uc6a9<\/h2>\n<p>\uadf8 \ud2b9\uc131\uc73c\ub85c \uc778\ud574 \ud06c\ub9bc, \ud1a0\ub108, \uc138\ub7fc, \ub9c8\uc2a4\ud06c, \uc5d0\uc13c\uc2a4 \ubc0f \uc5bc\uad74\uacfc \ubc14\ub514 \ucf00\uc5b4 \uc81c\ud488\uc5d0 \ub110\ub9ac \uc0ac\uc6a9\ub429\ub2c8\ub2e4. \uc774\ub294 \uace0\uae09\uc2a4\ub7ec\uc6c0, \ud6a8\ub2a5, \uadf8\ub9ac\uace0 \ud65c\uc131 \uc131\ubd84\uc758 \ucc9c\uc5f0 \uc720\ub798\ub97c \uc911\uc2dc\ud558\ub294 \ube0c\ub79c\ub4dc\uc5d0 \uc774\uc0c1\uc801\uc778 \uc6d0\ub8cc\uc785\ub2c8\ub2e4. <\/p>\n<p>\ubcf8 \uc81c\ud488\uc740 \ub9e4\uc6b0 \ub192\uc740 \ubbf8\uc0dd\ubb3c\ud559\uc801 \uc21c\ub3c4\ub97c \ud2b9\uc9d5\uc73c\ub85c \ud558\uba70 \ud604\ub300 \ud654\uc7a5\ud488 \uc5f0\uad6c\uc18c\uc758 \ub192\uc740 \ud488\uc9c8 \uc694\uad6c \uc0ac\ud56d\uc744 \ucda9\uc871\ud569\ub2c8\ub2e4.<\/p>\n","protected":false},"excerpt":{"rendered":"<p><strong>\ubc1c\ud6a8 \uc300 \ucd94\ucd9c\ubb3c<\/strong>\uc740 \uc815\ubc00\ud558\uac8c \ud1b5\uc81c\ub41c \uc300\uc54c \ubc1c\ud6a8 \uacfc\uc815\uc744 \ud1b5\ud574 \uc5bb\uc5b4\uc9d1\ub2c8\ub2e4.<\/p>\n","protected":false},"featured_media":43444,"template":"","meta":[],"product_brand":[],"product_cat":[8148],"product_tag":[],"class_list":{"0":"post-43443","1":"product","2":"type-product","3":"status-publish","4":"has-post-thumbnail","6":"product_cat-bal-hyo-chu-chul-mul","8":"first","9":"instock","10":"shipping-taxable","11":"product-type-simple"},"yoast_head":"<!-- This site is optimized with the Yoast SEO plugin v27.3 - https:\/\/yoast.com\/product\/yoast-seo-wordpress\/ -->\n<title>\ubc1c\ud6a8 \uc300 \ucd94\ucd9c\ubb3c - Hurtowy Dystrybutor<\/title>\n<meta name=\"description\" content=\"\ubc1c\ud6a8 \uc300 \ucd94\ucd9c\ubb3c\uc740 \ub2e4\ucc28\uc6d0\uc801\uc778 \uc601\uc591 \ubc0f \uc7ac\uc0dd \ud6a8\uacfc\ub85c \ub192\uc774 \ud3c9\uac00\ubc1b\ub294 \uace0\uae09 \ud654\uc7a5\ud488 \uc131\ubd84\uc785\ub2c8\ub2e4.\" \/>\n<meta name=\"robots\" content=\"index, follow, max-snippet:-1, max-image-preview:large, max-video-preview:-1\" \/>\n<link rel=\"canonical\" href=\"https:\/\/naturalpoland.com\/ko\/je-pum\/hwa-jang-pum-won-ryo\/bal-hyo-chu-chul-mul\/%eb%b0%9c%ed%9a%a8-%ec%8c%80-%ec%b6%94%ec%b6%9c%eb%ac%bc\/\" \/>\n<meta property=\"og:locale\" content=\"ko_KR\" \/>\n<meta property=\"og:type\" content=\"article\" \/>\n<meta property=\"og:title\" content=\"\ubc1c\ud6a8 \uc300 \ucd94\ucd9c\ubb3c - Hurtowy Dystrybutor\" \/>\n<meta property=\"og:description\" content=\"\ubc1c\ud6a8 \uc300 \ucd94\ucd9c\ubb3c\uc740 \ub2e4\ucc28\uc6d0\uc801\uc778 \uc601\uc591 \ubc0f \uc7ac\uc0dd \ud6a8\uacfc\ub85c \ub192\uc774 \ud3c9\uac00\ubc1b\ub294 \uace0\uae09 \ud654\uc7a5\ud488 \uc131\ubd84\uc785\ub2c8\ub2e4.\" \/>\n<meta property=\"og:url\" content=\"https:\/\/naturalpoland.com\/ko\/je-pum\/hwa-jang-pum-won-ryo\/bal-hyo-chu-chul-mul\/%eb%b0%9c%ed%9a%a8-%ec%8c%80-%ec%b6%94%ec%b6%9c%eb%ac%bc\/\" \/>\n<meta property=\"og:site_name\" content=\"NATURAL POLAND - Hurtowy Dystrybutor Surowc\u00f3w\" \/>\n<meta property=\"article:publisher\" content=\"https:\/\/www.facebook.com\/naturalpoland.b2b\" \/>\n<meta property=\"article:modified_time\" content=\"2025-09-26T14:17:26+00:00\" \/>\n<meta property=\"og:image\" content=\"https:\/\/naturalpoland.com\/wp-content\/uploads\/fermentowany-ekstrakt-z-ryzu.png\" \/>\n\t<meta property=\"og:image:width\" content=\"590\" \/>\n\t<meta property=\"og:image:height\" content=\"590\" \/>\n\t<meta property=\"og:image:type\" content=\"image\/png\" \/>\n<script type=\"application\/ld+json\" class=\"yoast-schema-graph\">{\"@context\":\"https:\\\/\\\/schema.org\",\"@graph\":[{\"@type\":\"WebPage\",\"@id\":\"https:\\\/\\\/naturalpoland.com\\\/ko\\\/je-pum\\\/hwa-jang-pum-won-ryo\\\/bal-hyo-chu-chul-mul\\\/%eb%b0%9c%ed%9a%a8-%ec%8c%80-%ec%b6%94%ec%b6%9c%eb%ac%bc\\\/\",\"url\":\"https:\\\/\\\/naturalpoland.com\\\/ko\\\/je-pum\\\/hwa-jang-pum-won-ryo\\\/bal-hyo-chu-chul-mul\\\/%eb%b0%9c%ed%9a%a8-%ec%8c%80-%ec%b6%94%ec%b6%9c%eb%ac%bc\\\/\",\"name\":\"\ubc1c\ud6a8 \uc300 \ucd94\ucd9c\ubb3c - Hurtowy Dystrybutor\",\"isPartOf\":{\"@id\":\"https:\\\/\\\/naturalpoland.com\\\/ko\\\/#website\"},\"primaryImageOfPage\":{\"@id\":\"https:\\\/\\\/naturalpoland.com\\\/ko\\\/je-pum\\\/hwa-jang-pum-won-ryo\\\/bal-hyo-chu-chul-mul\\\/%eb%b0%9c%ed%9a%a8-%ec%8c%80-%ec%b6%94%ec%b6%9c%eb%ac%bc\\\/#primaryimage\"},\"image\":{\"@id\":\"https:\\\/\\\/naturalpoland.com\\\/ko\\\/je-pum\\\/hwa-jang-pum-won-ryo\\\/bal-hyo-chu-chul-mul\\\/%eb%b0%9c%ed%9a%a8-%ec%8c%80-%ec%b6%94%ec%b6%9c%eb%ac%bc\\\/#primaryimage\"},\"thumbnailUrl\":\"https:\\\/\\\/naturalpoland.com\\\/wp-content\\\/uploads\\\/fermentowany-ekstrakt-z-ryzu.png\",\"datePublished\":\"2023-10-06T08:52:50+00:00\",\"dateModified\":\"2025-09-26T14:17:26+00:00\",\"description\":\"\ubc1c\ud6a8 \uc300 \ucd94\ucd9c\ubb3c\uc740 \ub2e4\ucc28\uc6d0\uc801\uc778 \uc601\uc591 \ubc0f \uc7ac\uc0dd \ud6a8\uacfc\ub85c \ub192\uc774 \ud3c9\uac00\ubc1b\ub294 \uace0\uae09 \ud654\uc7a5\ud488 \uc131\ubd84\uc785\ub2c8\ub2e4.\",\"breadcrumb\":{\"@id\":\"https:\\\/\\\/naturalpoland.com\\\/ko\\\/je-pum\\\/hwa-jang-pum-won-ryo\\\/bal-hyo-chu-chul-mul\\\/%eb%b0%9c%ed%9a%a8-%ec%8c%80-%ec%b6%94%ec%b6%9c%eb%ac%bc\\\/#breadcrumb\"},\"inLanguage\":\"ko-KR\",\"potentialAction\":[{\"@type\":\"ReadAction\",\"target\":[\"https:\\\/\\\/naturalpoland.com\\\/ko\\\/je-pum\\\/hwa-jang-pum-won-ryo\\\/bal-hyo-chu-chul-mul\\\/%eb%b0%9c%ed%9a%a8-%ec%8c%80-%ec%b6%94%ec%b6%9c%eb%ac%bc\\\/\"]}]},{\"@type\":\"ImageObject\",\"inLanguage\":\"ko-KR\",\"@id\":\"https:\\\/\\\/naturalpoland.com\\\/ko\\\/je-pum\\\/hwa-jang-pum-won-ryo\\\/bal-hyo-chu-chul-mul\\\/%eb%b0%9c%ed%9a%a8-%ec%8c%80-%ec%b6%94%ec%b6%9c%eb%ac%bc\\\/#primaryimage\",\"url\":\"https:\\\/\\\/naturalpoland.com\\\/wp-content\\\/uploads\\\/fermentowany-ekstrakt-z-ryzu.png\",\"contentUrl\":\"https:\\\/\\\/naturalpoland.com\\\/wp-content\\\/uploads\\\/fermentowany-ekstrakt-z-ryzu.png\",\"width\":590,\"height\":590,\"caption\":\"\ubc1c\ud6a8 \uc300 \ucd94\ucd9c\ubb3c\"},{\"@type\":\"BreadcrumbList\",\"@id\":\"https:\\\/\\\/naturalpoland.com\\\/ko\\\/je-pum\\\/hwa-jang-pum-won-ryo\\\/bal-hyo-chu-chul-mul\\\/%eb%b0%9c%ed%9a%a8-%ec%8c%80-%ec%b6%94%ec%b6%9c%eb%ac%bc\\\/#breadcrumb\",\"itemListElement\":[{\"@type\":\"ListItem\",\"position\":1,\"name\":\"\ud648\",\"item\":\"https:\\\/\\\/naturalpoland.com\\\/ko\\\/\"},{\"@type\":\"ListItem\",\"position\":2,\"name\":\"\uc81c\ud488\",\"item\":\"https:\\\/\\\/naturalpoland.com\\\/ko\\\/%ec%a0%9c%ed%92%88\\\/\"},{\"@type\":\"ListItem\",\"position\":3,\"name\":\"\ubc1c\ud6a8 \uc300 \ucd94\ucd9c\ubb3c\"}]},{\"@type\":\"WebSite\",\"@id\":\"https:\\\/\\\/naturalpoland.com\\\/ko\\\/#website\",\"url\":\"https:\\\/\\\/naturalpoland.com\\\/ko\\\/\",\"name\":\"NATURAL POLAND - Hurtowy Dystrybutor Surowc\u00f3w\",\"description\":\"Surowce dla przemys\u0142u spo\u017cywczego, kosmetycznego i farmaceutycznego\",\"publisher\":{\"@id\":\"https:\\\/\\\/naturalpoland.com\\\/ko\\\/#organization\"},\"potentialAction\":[{\"@type\":\"SearchAction\",\"target\":{\"@type\":\"EntryPoint\",\"urlTemplate\":\"https:\\\/\\\/naturalpoland.com\\\/ko\\\/?s={search_term_string}\"},\"query-input\":{\"@type\":\"PropertyValueSpecification\",\"valueRequired\":true,\"valueName\":\"search_term_string\"}}],\"inLanguage\":\"ko-KR\"},{\"@type\":\"Organization\",\"@id\":\"https:\\\/\\\/naturalpoland.com\\\/ko\\\/#organization\",\"name\":\"Natural Poland\",\"url\":\"https:\\\/\\\/naturalpoland.com\\\/ko\\\/\",\"logo\":{\"@type\":\"ImageObject\",\"inLanguage\":\"ko-KR\",\"@id\":\"https:\\\/\\\/naturalpoland.com\\\/ko\\\/#\\\/schema\\\/logo\\\/image\\\/\",\"url\":\"https:\\\/\\\/naturalpoland.com\\\/wp-content\\\/uploads\\\/2021\\\/05\\\/natural-poland-icon.png\",\"contentUrl\":\"https:\\\/\\\/naturalpoland.com\\\/wp-content\\\/uploads\\\/2021\\\/05\\\/natural-poland-icon.png\",\"width\":512,\"height\":512,\"caption\":\"Natural Poland\"},\"image\":{\"@id\":\"https:\\\/\\\/naturalpoland.com\\\/ko\\\/#\\\/schema\\\/logo\\\/image\\\/\"},\"sameAs\":[\"https:\\\/\\\/www.facebook.com\\\/naturalpoland.b2b\",\"https:\\\/\\\/pl.linkedin.com\\\/company\\\/natural-poland\",\"https:\\\/\\\/www.youtube.com\\\/channel\\\/UCgeGGkvOMahZo-xu_MSEWxg\"]}]}<\/script>\n<!-- \/ Yoast SEO plugin. -->","yoast_head_json":{"title":"\ubc1c\ud6a8 \uc300 \ucd94\ucd9c\ubb3c - Hurtowy Dystrybutor","description":"\ubc1c\ud6a8 \uc300 \ucd94\ucd9c\ubb3c\uc740 \ub2e4\ucc28\uc6d0\uc801\uc778 \uc601\uc591 \ubc0f \uc7ac\uc0dd \ud6a8\uacfc\ub85c \ub192\uc774 \ud3c9\uac00\ubc1b\ub294 \uace0\uae09 \ud654\uc7a5\ud488 \uc131\ubd84\uc785\ub2c8\ub2e4.","robots":{"index":"index","follow":"follow","max-snippet":"max-snippet:-1","max-image-preview":"max-image-preview:large","max-video-preview":"max-video-preview:-1"},"canonical":"https:\/\/naturalpoland.com\/ko\/je-pum\/hwa-jang-pum-won-ryo\/bal-hyo-chu-chul-mul\/%eb%b0%9c%ed%9a%a8-%ec%8c%80-%ec%b6%94%ec%b6%9c%eb%ac%bc\/","og_locale":"ko_KR","og_type":"article","og_title":"\ubc1c\ud6a8 \uc300 \ucd94\ucd9c\ubb3c - Hurtowy Dystrybutor","og_description":"\ubc1c\ud6a8 \uc300 \ucd94\ucd9c\ubb3c\uc740 \ub2e4\ucc28\uc6d0\uc801\uc778 \uc601\uc591 \ubc0f \uc7ac\uc0dd \ud6a8\uacfc\ub85c \ub192\uc774 \ud3c9\uac00\ubc1b\ub294 \uace0\uae09 \ud654\uc7a5\ud488 \uc131\ubd84\uc785\ub2c8\ub2e4.","og_url":"https:\/\/naturalpoland.com\/ko\/je-pum\/hwa-jang-pum-won-ryo\/bal-hyo-chu-chul-mul\/%eb%b0%9c%ed%9a%a8-%ec%8c%80-%ec%b6%94%ec%b6%9c%eb%ac%bc\/","og_site_name":"NATURAL POLAND - Hurtowy Dystrybutor Surowc\u00f3w","article_publisher":"https:\/\/www.facebook.com\/naturalpoland.b2b","article_modified_time":"2025-09-26T14:17:26+00:00","og_image":[{"width":590,"height":590,"url":"https:\/\/naturalpoland.com\/wp-content\/uploads\/fermentowany-ekstrakt-z-ryzu.png","type":"image\/png"}],"schema":{"@context":"https:\/\/schema.org","@graph":[{"@type":"WebPage","@id":"https:\/\/naturalpoland.com\/ko\/je-pum\/hwa-jang-pum-won-ryo\/bal-hyo-chu-chul-mul\/%eb%b0%9c%ed%9a%a8-%ec%8c%80-%ec%b6%94%ec%b6%9c%eb%ac%bc\/","url":"https:\/\/naturalpoland.com\/ko\/je-pum\/hwa-jang-pum-won-ryo\/bal-hyo-chu-chul-mul\/%eb%b0%9c%ed%9a%a8-%ec%8c%80-%ec%b6%94%ec%b6%9c%eb%ac%bc\/","name":"\ubc1c\ud6a8 \uc300 \ucd94\ucd9c\ubb3c - Hurtowy Dystrybutor","isPartOf":{"@id":"https:\/\/naturalpoland.com\/ko\/#website"},"primaryImageOfPage":{"@id":"https:\/\/naturalpoland.com\/ko\/je-pum\/hwa-jang-pum-won-ryo\/bal-hyo-chu-chul-mul\/%eb%b0%9c%ed%9a%a8-%ec%8c%80-%ec%b6%94%ec%b6%9c%eb%ac%bc\/#primaryimage"},"image":{"@id":"https:\/\/naturalpoland.com\/ko\/je-pum\/hwa-jang-pum-won-ryo\/bal-hyo-chu-chul-mul\/%eb%b0%9c%ed%9a%a8-%ec%8c%80-%ec%b6%94%ec%b6%9c%eb%ac%bc\/#primaryimage"},"thumbnailUrl":"https:\/\/naturalpoland.com\/wp-content\/uploads\/fermentowany-ekstrakt-z-ryzu.png","datePublished":"2023-10-06T08:52:50+00:00","dateModified":"2025-09-26T14:17:26+00:00","description":"\ubc1c\ud6a8 \uc300 \ucd94\ucd9c\ubb3c\uc740 \ub2e4\ucc28\uc6d0\uc801\uc778 \uc601\uc591 \ubc0f \uc7ac\uc0dd \ud6a8\uacfc\ub85c \ub192\uc774 \ud3c9\uac00\ubc1b\ub294 \uace0\uae09 \ud654\uc7a5\ud488 \uc131\ubd84\uc785\ub2c8\ub2e4.","breadcrumb":{"@id":"https:\/\/naturalpoland.com\/ko\/je-pum\/hwa-jang-pum-won-ryo\/bal-hyo-chu-chul-mul\/%eb%b0%9c%ed%9a%a8-%ec%8c%80-%ec%b6%94%ec%b6%9c%eb%ac%bc\/#breadcrumb"},"inLanguage":"ko-KR","potentialAction":[{"@type":"ReadAction","target":["https:\/\/naturalpoland.com\/ko\/je-pum\/hwa-jang-pum-won-ryo\/bal-hyo-chu-chul-mul\/%eb%b0%9c%ed%9a%a8-%ec%8c%80-%ec%b6%94%ec%b6%9c%eb%ac%bc\/"]}]},{"@type":"ImageObject","inLanguage":"ko-KR","@id":"https:\/\/naturalpoland.com\/ko\/je-pum\/hwa-jang-pum-won-ryo\/bal-hyo-chu-chul-mul\/%eb%b0%9c%ed%9a%a8-%ec%8c%80-%ec%b6%94%ec%b6%9c%eb%ac%bc\/#primaryimage","url":"https:\/\/naturalpoland.com\/wp-content\/uploads\/fermentowany-ekstrakt-z-ryzu.png","contentUrl":"https:\/\/naturalpoland.com\/wp-content\/uploads\/fermentowany-ekstrakt-z-ryzu.png","width":590,"height":590,"caption":"\ubc1c\ud6a8 \uc300 \ucd94\ucd9c\ubb3c"},{"@type":"BreadcrumbList","@id":"https:\/\/naturalpoland.com\/ko\/je-pum\/hwa-jang-pum-won-ryo\/bal-hyo-chu-chul-mul\/%eb%b0%9c%ed%9a%a8-%ec%8c%80-%ec%b6%94%ec%b6%9c%eb%ac%bc\/#breadcrumb","itemListElement":[{"@type":"ListItem","position":1,"name":"\ud648","item":"https:\/\/naturalpoland.com\/ko\/"},{"@type":"ListItem","position":2,"name":"\uc81c\ud488","item":"https:\/\/naturalpoland.com\/ko\/%ec%a0%9c%ed%92%88\/"},{"@type":"ListItem","position":3,"name":"\ubc1c\ud6a8 \uc300 \ucd94\ucd9c\ubb3c"}]},{"@type":"WebSite","@id":"https:\/\/naturalpoland.com\/ko\/#website","url":"https:\/\/naturalpoland.com\/ko\/","name":"NATURAL POLAND - Hurtowy Dystrybutor Surowc\u00f3w","description":"Surowce dla przemys\u0142u spo\u017cywczego, kosmetycznego i farmaceutycznego","publisher":{"@id":"https:\/\/naturalpoland.com\/ko\/#organization"},"potentialAction":[{"@type":"SearchAction","target":{"@type":"EntryPoint","urlTemplate":"https:\/\/naturalpoland.com\/ko\/?s={search_term_string}"},"query-input":{"@type":"PropertyValueSpecification","valueRequired":true,"valueName":"search_term_string"}}],"inLanguage":"ko-KR"},{"@type":"Organization","@id":"https:\/\/naturalpoland.com\/ko\/#organization","name":"Natural Poland","url":"https:\/\/naturalpoland.com\/ko\/","logo":{"@type":"ImageObject","inLanguage":"ko-KR","@id":"https:\/\/naturalpoland.com\/ko\/#\/schema\/logo\/image\/","url":"https:\/\/naturalpoland.com\/wp-content\/uploads\/2021\/05\/natural-poland-icon.png","contentUrl":"https:\/\/naturalpoland.com\/wp-content\/uploads\/2021\/05\/natural-poland-icon.png","width":512,"height":512,"caption":"Natural Poland"},"image":{"@id":"https:\/\/naturalpoland.com\/ko\/#\/schema\/logo\/image\/"},"sameAs":["https:\/\/www.facebook.com\/naturalpoland.b2b","https:\/\/pl.linkedin.com\/company\/natural-poland","https:\/\/www.youtube.com\/channel\/UCgeGGkvOMahZo-xu_MSEWxg"]}]}},"_links":{"self":[{"href":"https:\/\/naturalpoland.com\/ko\/wp-json\/wp\/v2\/product\/43443","targetHints":{"allow":["GET"]}}],"collection":[{"href":"https:\/\/naturalpoland.com\/ko\/wp-json\/wp\/v2\/product"}],"about":[{"href":"https:\/\/naturalpoland.com\/ko\/wp-json\/wp\/v2\/types\/product"}],"wp:featuredmedia":[{"embeddable":true,"href":"https:\/\/naturalpoland.com\/ko\/wp-json\/wp\/v2\/media\/43444"}],"wp:attachment":[{"href":"https:\/\/naturalpoland.com\/ko\/wp-json\/wp\/v2\/media?parent=43443"}],"wp:term":[{"taxonomy":"product_brand","embeddable":true,"href":"https:\/\/naturalpoland.com\/ko\/wp-json\/wp\/v2\/product_brand?post=43443"},{"taxonomy":"product_cat","embeddable":true,"href":"https:\/\/naturalpoland.com\/ko\/wp-json\/wp\/v2\/product_cat?post=43443"},{"taxonomy":"product_tag","embeddable":true,"href":"https:\/\/naturalpoland.com\/ko\/wp-json\/wp\/v2\/product_tag?post=43443"}],"curies":[{"name":"wp","href":"https:\/\/api.w.org\/{rel}","templated":true}]}}