{"id":43445,"date":"2023-10-06T11:02:17","date_gmt":"2023-10-06T09:02:17","guid":{"rendered":"https:\/\/naturalpoland.com\/produkty\/uncategorized\/%eb%b0%9c%ed%9a%a8-%eb%a1%9c%ec%a6%88%ed%9e%99-%ec%97%b4%eb%a7%a4-%ec%b6%94%ec%b6%9c%eb%ac%bc\/"},"modified":"2025-09-26T16:17:31","modified_gmt":"2025-09-26T14:17:31","slug":"%eb%b0%9c%ed%9a%a8-%eb%a1%9c%ec%a6%88%ed%9e%99-%ec%97%b4%eb%a7%a4-%ec%b6%94%ec%b6%9c%eb%ac%bc","status":"publish","type":"product","link":"https:\/\/naturalpoland.com\/ko\/je-pum\/hwa-jang-pum-won-ryo\/bal-hyo-chu-chul-mul\/%eb%b0%9c%ed%9a%a8-%eb%a1%9c%ec%a6%88%ed%9e%99-%ec%97%b4%eb%a7%a4-%ec%b6%94%ec%b6%9c%eb%ac%bc\/","title":{"rendered":"\ubc1c\ud6a8 \ub85c\uc988\ud799 \uc5f4\ub9e4 \ucd94\ucd9c\ubb3c"},"content":{"rendered":"<p>\ub85c\uc988\ud799 \ucd94\ucd9c\ubb3c\uc740 \uac15\ub825\ud55c \ud56d\uc0b0\ud654\uc81c\uc778 \ube44\ud0c0\ubbfc C \ud568\ub7c9\uc774 \ub192\uc544 \ud53c\ubd80\ub97c \uc720\ud574\ud55c \ud65c\uc131\uc0b0\uc18c\ub85c\ubd80\ud130 \ubcf4\ud638\ud558\uc5ec \uc80a\uace0 \ube5b\ub098\ub294 \ubaa8\uc2b5\uc744 \uc120\uc0ac\ud558\ub294 \uac83\uc73c\ub85c \uc798 \uc54c\ub824\uc838 \uc788\uc2b5\ub2c8\ub2e4. \ube44\ud0c0\ubbfc C\ub294 \ub610\ud55c \ucf5c\ub77c\uac90 \uc0dd\uc131 \uacfc\uc815\uc744 \ucd09\uc9c4\ud558\uc5ec \ud53c\ubd80 \ud0c4\ub825\uacfc \uacac\uace0\ud568\uc744 \uc720\uc9c0\ud558\ub294 \ub370 \ub3c4\uc6c0\uc744 \uc90d\ub2c8\ub2e4. <\/p>\n<p>\ubc1c\ud6a8 \ub85c\uc988\ud799 \uc5f4\ub9e4 \ucd94\ucd9c\ubb3c\uc740 \ub610\ud55c \ud53c\ubd80\uc5d0 \uc218\ubd84\uc744 \uc9d1\uc911\uc801\uc73c\ub85c \uacf5\uae09\ud558\uace0 \uc7ac\uc0dd\ud558\uba70, \ud45c\ud53c\ub97c \ud1b5\ud55c \uc218\ubd84 \uc190\uc2e4\uc744 \ubc29\uc9c0\ud558\ub294 \ub370 \ub3c4\uc6c0\uc744 \uc8fc\ub294 \uc911\uc694\ud55c \uc9c0\ubc29\uc0b0\uc744 \uc81c\uacf5\ud569\ub2c8\ub2e4. \uadf8 \uacb0\uacfc, \ud53c\ubd80\ub294 \ub9e4\ub044\ub7fd\uace0 \ubd80\ub4dc\ub7ec\uc6b0\uba70 \ucda9\ubd84\ud788 \ubcf4\uc2b5\ub418\uace0, \uc794\uc8fc\ub984\uacfc \uc8fc\ub984\uc774 \uac10\uc18c\ud558\uba70, \uc804\ubc18\uc801\uc778 \ud53c\ubd80\uacb0\uacfc \ud1a4\uc774 \uac1c\uc120\ub429\ub2c8\ub2e4. <\/p>\n<p>\uc774 \ucd94\ucd9c\ubb3c\uc758 \ubbf8\ubc31 \ubc0f \ud53c\ubd80\uacb0 \uac1c\uc120 \ud2b9\uc131\uc740 \uc0c9\uc18c \uce68\ucc29 \ubb38\uc81c, \uc5ec\ub4dc\ub984 \ud749\ud130 \ub610\ub294 \uae30\ud0c0 \uacb0\uc810\uc774 \uc788\ub294 \ud53c\ubd80 \uad00\ub9ac\ub97c \uc704\ud55c \uc81c\ud488\uc5d0 \uc0ac\uc6a9\ud558\uae30\uc5d0 \uc774\uc0c1\uc801\uc785\ub2c8\ub2e4. \uc774 \ucd94\ucd9c\ubb3c\uc740 \ud53c\ubd80 \ud1a4\uc744 \uade0\uc77c\ud558\uac8c \ud558\uace0 \ud53c\ubd80\uc758 \ubc1d\uae30\uc640 \ud65c\ub825\uc744 \uac1c\uc120\ud558\ub294 \ub370 \ub3c4\uc6c0\uc744 \uc90d\ub2c8\ub2e4. <\/p>\n<p>\uc774 \ucd94\ucd9c\ubb3c\uc740 \ud06c\ub9bc, \uc138\ub7fc, \ub9c8\uc2a4\ud06c, \ud1a0\ub108, \ubc14\ub514 \ub85c\uc158 \ub4f1 \uad11\ubc94\uc704\ud55c \uc2a4\ud0a8\ucf00\uc5b4 \uc81c\ud488\uc5d0 \uad8c\uc7a5\ub429\ub2c8\ub2e4. \ub2e4\uc7ac\ub2e4\ub2a5\ud55c \ud2b9\uc131 \ub355\ubd84\uc5d0 \ubbfc\uac10\uc131, \uc131\uc219\uc131 \ub610\ub294 \ubb38\uc81c\uc131 \ud53c\ubd80\ub97c \ud3ec\ud568\ud55c \ub2e4\uc591\ud55c \ud53c\ubd80 \ud0c0\uc785\uc5d0 \ud2b9\ud654\ub41c \ud654\uc7a5\ud488 \uc81c\ud615\uc5d0 \ud0c1\uc6d4\ud55c \ucca8\uac00\uc81c\uc785\ub2c8\ub2e4. <\/p>\n<p>\ubc1c\ud6a8 \ub85c\uc988\ud799 \uc5f4\ub9e4 \ucd94\ucd9c\ubb3c\uc740 \ud6a8\uacfc\uc801\uc774\uba74\uc11c\ub3c4 \uc548\uc804\ud558\uace0 \uc790\uc5f0\uc801\uc778 \ud654\uc7a5\ud488 \uc194\ub8e8\uc158\uc744 \ucc3e\ub294 \uace0\uac1d\ub4e4\uc774 \ub192\uc774 \ud3c9\uac00\ud560 \uace0\uae09\uc2a4\ub7fd\uace0 \uc790\uc5f0\uc801\uc778 \uc2a4\ud0a8\ucf00\uc5b4\uc758 \ube44\uacb0\uc785\ub2c8\ub2e4.<\/p>\n","protected":false},"excerpt":{"rendered":"<p>\ubc1c\ud6a8 \ub85c\uc988\ud799 \uc5f4\ub9e4 \ucd94\ucd9c\ubb3c (INCI: <em>Rose Hips Ferment Extract<\/em>)\uc740 \ub3c5\ud2b9\ud558\uace0 \uac15\ub825\ud55c \uc2a4\ud0a8\ucf00\uc5b4 \ud2b9\uc131 \ub355\ubd84\uc5d0 \ud654\uc7a5\ud488 \uc0b0\uc5c5\uc5d0\uc11c \ub9e4\uc6b0 \uadc0\ud558\uac8c \uc5ec\uaca8\uc9c0\ub294 \uc131\ubd84\uc785\ub2c8\ub2e4. \ub85c\uc988\ud799 \uc5f4\ub9e4\uc758 \uace0\uae09 \ubc1c\ud6a8 \uacfc\uc815\uc744 \ud1b5\ud574 \uc0dd\uc0b0\ub41c \uc774 \ucd94\ucd9c\ubb3c\uc740 \ud53c\ubd80\uc5d0 \ud48d\ubd80\ud55c \uc601\uc591\uc18c, \ube44\ud0c0\ubbfc \ubc0f \ud56d\uc0b0\ud654\uc81c\uc758 \uc2dc\ub108\uc9c0\ub97c \uc81c\uacf5\ud569\ub2c8\ub2e4. <\/p>\n","protected":false},"featured_media":43446,"template":"","meta":{"_acf_changed":false},"product_brand":[],"product_cat":[8148],"product_tag":[],"class_list":{"0":"post-43445","1":"product","2":"type-product","3":"status-publish","4":"has-post-thumbnail","6":"product_cat-bal-hyo-chu-chul-mul","8":"first","9":"instock","10":"shipping-taxable","11":"product-type-simple"},"acf":[],"yoast_head":"<!-- This site is optimized with the Yoast SEO plugin v27.4 - https:\/\/yoast.com\/product\/yoast-seo-wordpress\/ -->\n<title>\ubc1c\ud6a8 \ub85c\uc988\ud799 \uc5f4\ub9e4 \ucd94\ucd9c\ubb3c - Hurtowy Dystrybutor<\/title>\n<meta name=\"robots\" content=\"index, follow, max-snippet:-1, max-image-preview:large, max-video-preview:-1\" \/>\n<link rel=\"canonical\" href=\"https:\/\/naturalpoland.com\/ko\/je-pum\/hwa-jang-pum-won-ryo\/bal-hyo-chu-chul-mul\/%eb%b0%9c%ed%9a%a8-%eb%a1%9c%ec%a6%88%ed%9e%99-%ec%97%b4%eb%a7%a4-%ec%b6%94%ec%b6%9c%eb%ac%bc\/\" \/>\n<meta property=\"og:locale\" content=\"ko_KR\" \/>\n<meta property=\"og:type\" content=\"article\" \/>\n<meta property=\"og:title\" content=\"\ubc1c\ud6a8 \ub85c\uc988\ud799 \uc5f4\ub9e4 \ucd94\ucd9c\ubb3c - Hurtowy Dystrybutor\" \/>\n<meta property=\"og:description\" content=\"\ubc1c\ud6a8 \ub85c\uc988\ud799 \uc5f4\ub9e4 \ucd94\ucd9c\ubb3c (INCI: Rose Hips Ferment Extract)\uc740 \ub3c5\ud2b9\ud558\uace0 \uac15\ub825\ud55c \uc2a4\ud0a8\ucf00\uc5b4 \ud2b9\uc131 \ub355\ubd84\uc5d0 \ud654\uc7a5\ud488 \uc0b0\uc5c5\uc5d0\uc11c \ub9e4\uc6b0 \uadc0\ud558\uac8c \uc5ec\uaca8\uc9c0\ub294 \uc131\ubd84\uc785\ub2c8\ub2e4. \ub85c\uc988\ud799 \uc5f4\ub9e4\uc758 \uace0\uae09 \ubc1c\ud6a8 \uacfc\uc815\uc744 \ud1b5\ud574 \uc0dd\uc0b0\ub41c \uc774 \ucd94\ucd9c\ubb3c\uc740 \ud53c\ubd80\uc5d0 \ud48d\ubd80\ud55c \uc601\uc591\uc18c, \ube44\ud0c0\ubbfc \ubc0f \ud56d\uc0b0\ud654\uc81c\uc758 \uc2dc\ub108\uc9c0\ub97c \uc81c\uacf5\ud569\ub2c8\ub2e4.\" \/>\n<meta property=\"og:url\" content=\"https:\/\/naturalpoland.com\/ko\/je-pum\/hwa-jang-pum-won-ryo\/bal-hyo-chu-chul-mul\/%eb%b0%9c%ed%9a%a8-%eb%a1%9c%ec%a6%88%ed%9e%99-%ec%97%b4%eb%a7%a4-%ec%b6%94%ec%b6%9c%eb%ac%bc\/\" \/>\n<meta property=\"og:site_name\" content=\"NATURAL POLAND - Hurtowy Dystrybutor Surowc\u00f3w\" \/>\n<meta property=\"article:publisher\" content=\"https:\/\/www.facebook.com\/naturalpoland.b2b\" \/>\n<meta property=\"article:modified_time\" content=\"2025-09-26T14:17:31+00:00\" \/>\n<meta property=\"og:image\" content=\"https:\/\/naturalpoland.com\/wp-content\/uploads\/fermentowany-ekstrakt-z-owocow-dzikiej-rozy.png\" \/>\n\t<meta property=\"og:image:width\" content=\"590\" \/>\n\t<meta property=\"og:image:height\" content=\"590\" \/>\n\t<meta property=\"og:image:type\" content=\"image\/png\" \/>\n<script type=\"application\/ld+json\" class=\"yoast-schema-graph\">{\"@context\":\"https:\\\/\\\/schema.org\",\"@graph\":[{\"@type\":\"WebPage\",\"@id\":\"https:\\\/\\\/naturalpoland.com\\\/ko\\\/je-pum\\\/hwa-jang-pum-won-ryo\\\/bal-hyo-chu-chul-mul\\\/%eb%b0%9c%ed%9a%a8-%eb%a1%9c%ec%a6%88%ed%9e%99-%ec%97%b4%eb%a7%a4-%ec%b6%94%ec%b6%9c%eb%ac%bc\\\/\",\"url\":\"https:\\\/\\\/naturalpoland.com\\\/ko\\\/je-pum\\\/hwa-jang-pum-won-ryo\\\/bal-hyo-chu-chul-mul\\\/%eb%b0%9c%ed%9a%a8-%eb%a1%9c%ec%a6%88%ed%9e%99-%ec%97%b4%eb%a7%a4-%ec%b6%94%ec%b6%9c%eb%ac%bc\\\/\",\"name\":\"\ubc1c\ud6a8 \ub85c\uc988\ud799 \uc5f4\ub9e4 \ucd94\ucd9c\ubb3c - Hurtowy Dystrybutor\",\"isPartOf\":{\"@id\":\"https:\\\/\\\/naturalpoland.com\\\/ko\\\/#website\"},\"primaryImageOfPage\":{\"@id\":\"https:\\\/\\\/naturalpoland.com\\\/ko\\\/je-pum\\\/hwa-jang-pum-won-ryo\\\/bal-hyo-chu-chul-mul\\\/%eb%b0%9c%ed%9a%a8-%eb%a1%9c%ec%a6%88%ed%9e%99-%ec%97%b4%eb%a7%a4-%ec%b6%94%ec%b6%9c%eb%ac%bc\\\/#primaryimage\"},\"image\":{\"@id\":\"https:\\\/\\\/naturalpoland.com\\\/ko\\\/je-pum\\\/hwa-jang-pum-won-ryo\\\/bal-hyo-chu-chul-mul\\\/%eb%b0%9c%ed%9a%a8-%eb%a1%9c%ec%a6%88%ed%9e%99-%ec%97%b4%eb%a7%a4-%ec%b6%94%ec%b6%9c%eb%ac%bc\\\/#primaryimage\"},\"thumbnailUrl\":\"https:\\\/\\\/naturalpoland.com\\\/wp-content\\\/uploads\\\/fermentowany-ekstrakt-z-owocow-dzikiej-rozy.png\",\"datePublished\":\"2023-10-06T09:02:17+00:00\",\"dateModified\":\"2025-09-26T14:17:31+00:00\",\"breadcrumb\":{\"@id\":\"https:\\\/\\\/naturalpoland.com\\\/ko\\\/je-pum\\\/hwa-jang-pum-won-ryo\\\/bal-hyo-chu-chul-mul\\\/%eb%b0%9c%ed%9a%a8-%eb%a1%9c%ec%a6%88%ed%9e%99-%ec%97%b4%eb%a7%a4-%ec%b6%94%ec%b6%9c%eb%ac%bc\\\/#breadcrumb\"},\"inLanguage\":\"ko-KR\",\"potentialAction\":[{\"@type\":\"ReadAction\",\"target\":[\"https:\\\/\\\/naturalpoland.com\\\/ko\\\/je-pum\\\/hwa-jang-pum-won-ryo\\\/bal-hyo-chu-chul-mul\\\/%eb%b0%9c%ed%9a%a8-%eb%a1%9c%ec%a6%88%ed%9e%99-%ec%97%b4%eb%a7%a4-%ec%b6%94%ec%b6%9c%eb%ac%bc\\\/\"]}]},{\"@type\":\"ImageObject\",\"inLanguage\":\"ko-KR\",\"@id\":\"https:\\\/\\\/naturalpoland.com\\\/ko\\\/je-pum\\\/hwa-jang-pum-won-ryo\\\/bal-hyo-chu-chul-mul\\\/%eb%b0%9c%ed%9a%a8-%eb%a1%9c%ec%a6%88%ed%9e%99-%ec%97%b4%eb%a7%a4-%ec%b6%94%ec%b6%9c%eb%ac%bc\\\/#primaryimage\",\"url\":\"https:\\\/\\\/naturalpoland.com\\\/wp-content\\\/uploads\\\/fermentowany-ekstrakt-z-owocow-dzikiej-rozy.png\",\"contentUrl\":\"https:\\\/\\\/naturalpoland.com\\\/wp-content\\\/uploads\\\/fermentowany-ekstrakt-z-owocow-dzikiej-rozy.png\",\"width\":590,\"height\":590,\"caption\":\"\ubc1c\ud6a8 \ub85c\uc988\ud799 \ucd94\ucd9c\ubb3c\"},{\"@type\":\"BreadcrumbList\",\"@id\":\"https:\\\/\\\/naturalpoland.com\\\/ko\\\/je-pum\\\/hwa-jang-pum-won-ryo\\\/bal-hyo-chu-chul-mul\\\/%eb%b0%9c%ed%9a%a8-%eb%a1%9c%ec%a6%88%ed%9e%99-%ec%97%b4%eb%a7%a4-%ec%b6%94%ec%b6%9c%eb%ac%bc\\\/#breadcrumb\",\"itemListElement\":[{\"@type\":\"ListItem\",\"position\":1,\"name\":\"\ud648\",\"item\":\"https:\\\/\\\/naturalpoland.com\\\/ko\\\/\"},{\"@type\":\"ListItem\",\"position\":2,\"name\":\"\uc81c\ud488\",\"item\":\"https:\\\/\\\/naturalpoland.com\\\/ko\\\/%ec%a0%9c%ed%92%88\\\/\"},{\"@type\":\"ListItem\",\"position\":3,\"name\":\"\ubc1c\ud6a8 \ub85c\uc988\ud799 \uc5f4\ub9e4 \ucd94\ucd9c\ubb3c\"}]},{\"@type\":\"WebSite\",\"@id\":\"https:\\\/\\\/naturalpoland.com\\\/ko\\\/#website\",\"url\":\"https:\\\/\\\/naturalpoland.com\\\/ko\\\/\",\"name\":\"NATURAL POLAND - Hurtowy Dystrybutor Surowc\u00f3w\",\"description\":\"Surowce dla przemys\u0142u spo\u017cywczego, kosmetycznego i farmaceutycznego\",\"publisher\":{\"@id\":\"https:\\\/\\\/naturalpoland.com\\\/ko\\\/#organization\"},\"potentialAction\":[{\"@type\":\"SearchAction\",\"target\":{\"@type\":\"EntryPoint\",\"urlTemplate\":\"https:\\\/\\\/naturalpoland.com\\\/ko\\\/?s={search_term_string}\"},\"query-input\":{\"@type\":\"PropertyValueSpecification\",\"valueRequired\":true,\"valueName\":\"search_term_string\"}}],\"inLanguage\":\"ko-KR\"},{\"@type\":\"Organization\",\"@id\":\"https:\\\/\\\/naturalpoland.com\\\/ko\\\/#organization\",\"name\":\"Natural Poland\",\"url\":\"https:\\\/\\\/naturalpoland.com\\\/ko\\\/\",\"logo\":{\"@type\":\"ImageObject\",\"inLanguage\":\"ko-KR\",\"@id\":\"https:\\\/\\\/naturalpoland.com\\\/ko\\\/#\\\/schema\\\/logo\\\/image\\\/\",\"url\":\"https:\\\/\\\/naturalpoland.com\\\/wp-content\\\/uploads\\\/2021\\\/05\\\/natural-poland-icon.png\",\"contentUrl\":\"https:\\\/\\\/naturalpoland.com\\\/wp-content\\\/uploads\\\/2021\\\/05\\\/natural-poland-icon.png\",\"width\":512,\"height\":512,\"caption\":\"Natural Poland\"},\"image\":{\"@id\":\"https:\\\/\\\/naturalpoland.com\\\/ko\\\/#\\\/schema\\\/logo\\\/image\\\/\"},\"sameAs\":[\"https:\\\/\\\/www.facebook.com\\\/naturalpoland.b2b\",\"https:\\\/\\\/pl.linkedin.com\\\/company\\\/natural-poland\",\"https:\\\/\\\/www.youtube.com\\\/channel\\\/UCgeGGkvOMahZo-xu_MSEWxg\"]}]}<\/script>\n<!-- \/ Yoast SEO plugin. -->","yoast_head_json":{"title":"\ubc1c\ud6a8 \ub85c\uc988\ud799 \uc5f4\ub9e4 \ucd94\ucd9c\ubb3c - Hurtowy Dystrybutor","robots":{"index":"index","follow":"follow","max-snippet":"max-snippet:-1","max-image-preview":"max-image-preview:large","max-video-preview":"max-video-preview:-1"},"canonical":"https:\/\/naturalpoland.com\/ko\/je-pum\/hwa-jang-pum-won-ryo\/bal-hyo-chu-chul-mul\/%eb%b0%9c%ed%9a%a8-%eb%a1%9c%ec%a6%88%ed%9e%99-%ec%97%b4%eb%a7%a4-%ec%b6%94%ec%b6%9c%eb%ac%bc\/","og_locale":"ko_KR","og_type":"article","og_title":"\ubc1c\ud6a8 \ub85c\uc988\ud799 \uc5f4\ub9e4 \ucd94\ucd9c\ubb3c - Hurtowy Dystrybutor","og_description":"\ubc1c\ud6a8 \ub85c\uc988\ud799 \uc5f4\ub9e4 \ucd94\ucd9c\ubb3c (INCI: Rose Hips Ferment Extract)\uc740 \ub3c5\ud2b9\ud558\uace0 \uac15\ub825\ud55c \uc2a4\ud0a8\ucf00\uc5b4 \ud2b9\uc131 \ub355\ubd84\uc5d0 \ud654\uc7a5\ud488 \uc0b0\uc5c5\uc5d0\uc11c \ub9e4\uc6b0 \uadc0\ud558\uac8c \uc5ec\uaca8\uc9c0\ub294 \uc131\ubd84\uc785\ub2c8\ub2e4. \ub85c\uc988\ud799 \uc5f4\ub9e4\uc758 \uace0\uae09 \ubc1c\ud6a8 \uacfc\uc815\uc744 \ud1b5\ud574 \uc0dd\uc0b0\ub41c \uc774 \ucd94\ucd9c\ubb3c\uc740 \ud53c\ubd80\uc5d0 \ud48d\ubd80\ud55c \uc601\uc591\uc18c, \ube44\ud0c0\ubbfc \ubc0f \ud56d\uc0b0\ud654\uc81c\uc758 \uc2dc\ub108\uc9c0\ub97c \uc81c\uacf5\ud569\ub2c8\ub2e4.","og_url":"https:\/\/naturalpoland.com\/ko\/je-pum\/hwa-jang-pum-won-ryo\/bal-hyo-chu-chul-mul\/%eb%b0%9c%ed%9a%a8-%eb%a1%9c%ec%a6%88%ed%9e%99-%ec%97%b4%eb%a7%a4-%ec%b6%94%ec%b6%9c%eb%ac%bc\/","og_site_name":"NATURAL POLAND - Hurtowy Dystrybutor Surowc\u00f3w","article_publisher":"https:\/\/www.facebook.com\/naturalpoland.b2b","article_modified_time":"2025-09-26T14:17:31+00:00","og_image":[{"width":590,"height":590,"url":"https:\/\/naturalpoland.com\/wp-content\/uploads\/fermentowany-ekstrakt-z-owocow-dzikiej-rozy.png","type":"image\/png"}],"schema":{"@context":"https:\/\/schema.org","@graph":[{"@type":"WebPage","@id":"https:\/\/naturalpoland.com\/ko\/je-pum\/hwa-jang-pum-won-ryo\/bal-hyo-chu-chul-mul\/%eb%b0%9c%ed%9a%a8-%eb%a1%9c%ec%a6%88%ed%9e%99-%ec%97%b4%eb%a7%a4-%ec%b6%94%ec%b6%9c%eb%ac%bc\/","url":"https:\/\/naturalpoland.com\/ko\/je-pum\/hwa-jang-pum-won-ryo\/bal-hyo-chu-chul-mul\/%eb%b0%9c%ed%9a%a8-%eb%a1%9c%ec%a6%88%ed%9e%99-%ec%97%b4%eb%a7%a4-%ec%b6%94%ec%b6%9c%eb%ac%bc\/","name":"\ubc1c\ud6a8 \ub85c\uc988\ud799 \uc5f4\ub9e4 \ucd94\ucd9c\ubb3c - Hurtowy Dystrybutor","isPartOf":{"@id":"https:\/\/naturalpoland.com\/ko\/#website"},"primaryImageOfPage":{"@id":"https:\/\/naturalpoland.com\/ko\/je-pum\/hwa-jang-pum-won-ryo\/bal-hyo-chu-chul-mul\/%eb%b0%9c%ed%9a%a8-%eb%a1%9c%ec%a6%88%ed%9e%99-%ec%97%b4%eb%a7%a4-%ec%b6%94%ec%b6%9c%eb%ac%bc\/#primaryimage"},"image":{"@id":"https:\/\/naturalpoland.com\/ko\/je-pum\/hwa-jang-pum-won-ryo\/bal-hyo-chu-chul-mul\/%eb%b0%9c%ed%9a%a8-%eb%a1%9c%ec%a6%88%ed%9e%99-%ec%97%b4%eb%a7%a4-%ec%b6%94%ec%b6%9c%eb%ac%bc\/#primaryimage"},"thumbnailUrl":"https:\/\/naturalpoland.com\/wp-content\/uploads\/fermentowany-ekstrakt-z-owocow-dzikiej-rozy.png","datePublished":"2023-10-06T09:02:17+00:00","dateModified":"2025-09-26T14:17:31+00:00","breadcrumb":{"@id":"https:\/\/naturalpoland.com\/ko\/je-pum\/hwa-jang-pum-won-ryo\/bal-hyo-chu-chul-mul\/%eb%b0%9c%ed%9a%a8-%eb%a1%9c%ec%a6%88%ed%9e%99-%ec%97%b4%eb%a7%a4-%ec%b6%94%ec%b6%9c%eb%ac%bc\/#breadcrumb"},"inLanguage":"ko-KR","potentialAction":[{"@type":"ReadAction","target":["https:\/\/naturalpoland.com\/ko\/je-pum\/hwa-jang-pum-won-ryo\/bal-hyo-chu-chul-mul\/%eb%b0%9c%ed%9a%a8-%eb%a1%9c%ec%a6%88%ed%9e%99-%ec%97%b4%eb%a7%a4-%ec%b6%94%ec%b6%9c%eb%ac%bc\/"]}]},{"@type":"ImageObject","inLanguage":"ko-KR","@id":"https:\/\/naturalpoland.com\/ko\/je-pum\/hwa-jang-pum-won-ryo\/bal-hyo-chu-chul-mul\/%eb%b0%9c%ed%9a%a8-%eb%a1%9c%ec%a6%88%ed%9e%99-%ec%97%b4%eb%a7%a4-%ec%b6%94%ec%b6%9c%eb%ac%bc\/#primaryimage","url":"https:\/\/naturalpoland.com\/wp-content\/uploads\/fermentowany-ekstrakt-z-owocow-dzikiej-rozy.png","contentUrl":"https:\/\/naturalpoland.com\/wp-content\/uploads\/fermentowany-ekstrakt-z-owocow-dzikiej-rozy.png","width":590,"height":590,"caption":"\ubc1c\ud6a8 \ub85c\uc988\ud799 \ucd94\ucd9c\ubb3c"},{"@type":"BreadcrumbList","@id":"https:\/\/naturalpoland.com\/ko\/je-pum\/hwa-jang-pum-won-ryo\/bal-hyo-chu-chul-mul\/%eb%b0%9c%ed%9a%a8-%eb%a1%9c%ec%a6%88%ed%9e%99-%ec%97%b4%eb%a7%a4-%ec%b6%94%ec%b6%9c%eb%ac%bc\/#breadcrumb","itemListElement":[{"@type":"ListItem","position":1,"name":"\ud648","item":"https:\/\/naturalpoland.com\/ko\/"},{"@type":"ListItem","position":2,"name":"\uc81c\ud488","item":"https:\/\/naturalpoland.com\/ko\/%ec%a0%9c%ed%92%88\/"},{"@type":"ListItem","position":3,"name":"\ubc1c\ud6a8 \ub85c\uc988\ud799 \uc5f4\ub9e4 \ucd94\ucd9c\ubb3c"}]},{"@type":"WebSite","@id":"https:\/\/naturalpoland.com\/ko\/#website","url":"https:\/\/naturalpoland.com\/ko\/","name":"NATURAL POLAND - Hurtowy Dystrybutor Surowc\u00f3w","description":"Surowce dla przemys\u0142u spo\u017cywczego, kosmetycznego i farmaceutycznego","publisher":{"@id":"https:\/\/naturalpoland.com\/ko\/#organization"},"potentialAction":[{"@type":"SearchAction","target":{"@type":"EntryPoint","urlTemplate":"https:\/\/naturalpoland.com\/ko\/?s={search_term_string}"},"query-input":{"@type":"PropertyValueSpecification","valueRequired":true,"valueName":"search_term_string"}}],"inLanguage":"ko-KR"},{"@type":"Organization","@id":"https:\/\/naturalpoland.com\/ko\/#organization","name":"Natural Poland","url":"https:\/\/naturalpoland.com\/ko\/","logo":{"@type":"ImageObject","inLanguage":"ko-KR","@id":"https:\/\/naturalpoland.com\/ko\/#\/schema\/logo\/image\/","url":"https:\/\/naturalpoland.com\/wp-content\/uploads\/2021\/05\/natural-poland-icon.png","contentUrl":"https:\/\/naturalpoland.com\/wp-content\/uploads\/2021\/05\/natural-poland-icon.png","width":512,"height":512,"caption":"Natural Poland"},"image":{"@id":"https:\/\/naturalpoland.com\/ko\/#\/schema\/logo\/image\/"},"sameAs":["https:\/\/www.facebook.com\/naturalpoland.b2b","https:\/\/pl.linkedin.com\/company\/natural-poland","https:\/\/www.youtube.com\/channel\/UCgeGGkvOMahZo-xu_MSEWxg"]}]}},"_links":{"self":[{"href":"https:\/\/naturalpoland.com\/ko\/wp-json\/wp\/v2\/product\/43445","targetHints":{"allow":["GET"]}}],"collection":[{"href":"https:\/\/naturalpoland.com\/ko\/wp-json\/wp\/v2\/product"}],"about":[{"href":"https:\/\/naturalpoland.com\/ko\/wp-json\/wp\/v2\/types\/product"}],"wp:featuredmedia":[{"embeddable":true,"href":"https:\/\/naturalpoland.com\/ko\/wp-json\/wp\/v2\/media\/43446"}],"wp:attachment":[{"href":"https:\/\/naturalpoland.com\/ko\/wp-json\/wp\/v2\/media?parent=43445"}],"wp:term":[{"taxonomy":"product_brand","embeddable":true,"href":"https:\/\/naturalpoland.com\/ko\/wp-json\/wp\/v2\/product_brand?post=43445"},{"taxonomy":"product_cat","embeddable":true,"href":"https:\/\/naturalpoland.com\/ko\/wp-json\/wp\/v2\/product_cat?post=43445"},{"taxonomy":"product_tag","embeddable":true,"href":"https:\/\/naturalpoland.com\/ko\/wp-json\/wp\/v2\/product_tag?post=43445"}],"curies":[{"name":"wp","href":"https:\/\/api.w.org\/{rel}","templated":true}]}}