{"id":43449,"date":"2023-10-06T11:10:38","date_gmt":"2023-10-06T09:10:38","guid":{"rendered":"https:\/\/naturalpoland.com\/produkty\/uncategorized\/%ec%98%88%eb%a5%b4%eb%b0%94-%ec%82%b0%ed%83%80-%eb%b0%9c%ed%9a%a8-%ec%b6%94%ec%b6%9c%eb%ac%bc\/"},"modified":"2025-09-26T16:17:37","modified_gmt":"2025-09-26T14:17:37","slug":"%ec%98%88%eb%a5%b4%eb%b0%94-%ec%82%b0%ed%83%80-%eb%b0%9c%ed%9a%a8-%ec%b6%94%ec%b6%9c%eb%ac%bc","status":"publish","type":"product","link":"https:\/\/naturalpoland.com\/ko\/je-pum\/hwa-jang-pum-won-ryo\/bal-hyo-chu-chul-mul\/%ec%98%88%eb%a5%b4%eb%b0%94-%ec%82%b0%ed%83%80-%eb%b0%9c%ed%9a%a8-%ec%b6%94%ec%b6%9c%eb%ac%bc\/","title":{"rendered":"\uc608\ub974\ubc14 \uc0b0\ud0c0 \ubc1c\ud6a8 \ucd94\ucd9c\ubb3c"},"content":{"rendered":"<p>\uc774 \ud2b9\ubcc4\ud55c \uc131\ubd84\uc740 \uac15\ub825\ud55c \ubcf4\uc2b5 \ud6a8\uacfc\ub85c \ub192\uc774 \ud3c9\uac00\ubc1b\uace0 \uc788\uc2b5\ub2c8\ub2e4. \uc608\ub974\ubc14 \uc0b0\ud0c0 \ubc1c\ud6a8 \ucd94\ucd9c\ubb3c\uc740 \ud53c\ubd80\uc758 \ucd5c\uc801 \uc218\ubd84 \uc218\uc900\uc744 \uc720\uc9c0\ud558\uace0, \uc218\ubd84 \uc190\uc2e4\uc744 \ubc29\uc9c0\ud558\uba70, \ud53c\ubd80\uc5d0 \uc9d1\uc911\uc801\uc778 \uc218\ubd84\uc744 \uacf5\uae09\ud558\ub294 \ub370 \ub3c4\uc6c0\uc744 \uc90d\ub2c8\ub2e4. \uc774\ub294 \uac74\uac15\ud558\uace0 \ube5b\ub098\uba70 \uc80a\uc740 \ud53c\ubd80\ub97c \uc720\uc9c0\ud558\ub294 \ub370 \ud575\uc2ec\uc801\uc785\ub2c8\ub2e4.  <\/p>\n<p>\ub610\ud55c, \uc608\ub974\ubc14 \uc0b0\ud0c0 \ucd94\ucd9c\ubb3c\uc740 \ud56d\uc5fc \ubc0f \uc9c4\uc815 \ud2b9\uc131\uc744 \uac00\uc9c0\uace0 \uc788\uc2b5\ub2c8\ub2e4. \uc790\uadf9\uc744 \uc644\ud654\ud558\uace0, \ubd89\uc740 \uae30\ub97c \uc904\uc774\uba70, \ud53c\ubd80 \uc7ac\uc0dd \uacfc\uc815\uc744 \ub3d5\uc2b5\ub2c8\ub2e4. \uc774\ub7ec\ud55c \ub3c5\ud2b9\ud55c \ud2b9\uc131 \ub355\ubd84\uc5d0 \ubbfc\uac10\uc131, \ud608\uad00\uc131 \ub610\ub294 \uc790\uadf9\ubc1b\uae30 \uc26c\uc6b4 \ud53c\ubd80\ub97c \uc704\ud55c \ud654\uc7a5\ud488\uc5d0 \uc774\uc0c1\uc801\uc778 \uc131\ubd84\uc785\ub2c8\ub2e4.  <\/p>\n<p>\ubc1c\ud6a8 \uacfc\uc815\uc744 \ud1b5\ud574 \uc608\ub974\ubc14 \uc0b0\ud0c0\uc5d0 \ud568\uc720\ub41c \uc0dd\uccb4 \ud65c\uc131 \ud654\ud569\ubb3c\uc740 \ub354\uc6b1 \ub18d\ucd95\ub418\uace0 \ud53c\ubd80\uc5d0 \ub300\ud55c \uc0dd\uccb4 \uc774\uc6a9\ub960\uc774 \ub192\uc544\uc838 \ud6a8\ub2a5\uc774 \uc99d\ub300\ub429\ub2c8\ub2e4. \ub530\ub77c\uc11c \uc608\ub974\ubc14 \uc0b0\ud0c0 \ubc1c\ud6a8 \ucd94\ucd9c\ubb3c\uc740 \uc9d1\uc911\uc801\uc778 \ubcf4\uc2b5\ubfd0\ub9cc \uc544\ub2c8\ub77c \ud53c\ubd80\uc758 \uc790\uc5f0 \ubc29\uc5b4 \uba54\ucee4\ub2c8\uc998\uc744 \uc9c0\uc6d0\ud569\ub2c8\ub2e4. <\/p>\n<p>\uc774 \ucd94\ucd9c\ubb3c\uc744 \ud654\uc7a5\ud488\uc5d0 \uc801\uc6a9\ud558\uba74 \ud53c\ubd80\uc5d0 \ubd80\ub2f4\uc744 \uc8fc\uc9c0 \uc54a\uc73c\uba74\uc11c \uae4a\uc740 \uc601\uc591\uacfc \ubcf4\uc2b5\uc744 \uc120\uc0ac\ud569\ub2c8\ub2e4. \ud2b9\ud788 \uc7ac\uc0dd\uacfc \uc9c4\uc815\uc774 \ud544\uc694\ud55c \ud53c\ubd80\ub97c \ud3ec\ud568\ud558\uc5ec \ub2e4\uc591\ud55c \ud53c\ubd80 \ud0c0\uc785\uc758 \ud06c\ub9bc, \uc138\ub7fc, \ub9c8\uc2a4\ud06c \ubc0f \uae30\ud0c0 \uc2a4\ud0a8\ucf00\uc5b4 \uc81c\ud488\uc744 \uc81c\uc870\ud558\ub294 \ub370 \ud0c1\uc6d4\ud55c \uc131\ubd84\uc785\ub2c8\ub2e4. <\/p>\n<p>\uc774 \ub2e4\uac01\uc801\uc778 \uc791\uc6a9\uc740 \ud53c\ubd80\uc5d0 \ud3b8\uc548\ud568\uc744 \uc120\uc0ac\ud558\uba70, \ud53c\ubd80\ub97c \ubd80\ub4dc\ub7fd\uace0 \ub9e4\ub044\ub7fd\uac8c, \uadf8\ub9ac\uace0 \uc644\uc804\ud788 \uc7ac\uc0dd\ub418\ub3c4\ub85d \ud569\ub2c8\ub2e4. \uc608\ub974\ubc14 \uc0b0\ud0c0 \ubc1c\ud6a8 \ucd94\ucd9c\ubb3c\uc740 \uc2a4\ud0a8\ucf00\uc5b4 \ubd84\uc57c\uc5d0\uc11c \ub7ed\uc154\ub9ac\uc640 \ud6a8\ub2a5\uc758 \uc815\uc218\uc785\ub2c8\ub2e4. \uadc0\uc0ac\uc758 \ud654\uc7a5\ud488 \ud3ec\ubbac\ub7ec\uc5d0 \uc774 \uc131\ubd84\uc744 \ub3c4\uc785\ud558\uc2dc\uba74 \ubd84\uba85\ud788 \uc81c\ud488 \ub77c\uc778\uc744 \ud48d\ubd80\ud558\uac8c \ud558\uace0 \uac00\uc7a5 \uae4c\ub2e4\ub85c\uc6b4 \uace0\uac1d\ub4e4\uc744 \ub9cc\uc871\uc2dc\ud0ac \uac83\uc785\ub2c8\ub2e4.  <\/p>\n","protected":false},"excerpt":{"rendered":"<p>\uc608\ub974\ubc14 \uc0b0\ud0c0 \ubc1c\ud6a8 \ucd94\ucd9c\ubb3c (INCI: <em>Yerba Santa Extract<\/em>)\uc740 \ud0c1\uc6d4\ud55c \uc2a4\ud0a8\ucf00\uc5b4 \ud2b9\uc131\uc744 \uc790\ub791\ud558\ub294 \ud601\uc2e0\uc801\uc778 \ud654\uc7a5\ud488 \uc131\ubd84\uc785\ub2c8\ub2e4. &#8220;\uc131\uc2a4\ub7ec\uc6b4 \ud480&#8221;\ub85c\ub3c4 \uc54c\ub824\uc9c4 \uc608\ub974\ubc14 \uc0b0\ud0c0 \uc2dd\ubb3c\uc5d0\uc11c \ucd94\ucd9c\ub41c \uc774 \uace0\uae09 \ucd94\ucd9c\ubb3c\uc740 \ud53c\ubd80 \uac74\uac15\uc5d0 \uc785\uc99d\ub41c \ud6a8\uacfc\ub97c \uac00\uc9c4 \ub3c5\ud2b9\ud55c \ud65c\uc131 \ud654\ud569\ubb3c\uc774 \ud48d\ubd80\ud569\ub2c8\ub2e4. <\/p>\n","protected":false},"featured_media":43450,"template":"","meta":[],"product_brand":[],"product_cat":[8148],"product_tag":[],"class_list":{"0":"post-43449","1":"product","2":"type-product","3":"status-publish","4":"has-post-thumbnail","6":"product_cat-bal-hyo-chu-chul-mul","8":"first","9":"instock","10":"shipping-taxable","11":"product-type-simple"},"yoast_head":"<!-- This site is optimized with the Yoast SEO plugin v27.3 - https:\/\/yoast.com\/product\/yoast-seo-wordpress\/ -->\n<title>\uc608\ub974\ubc14 \uc0b0\ud0c0 \ubc1c\ud6a8 \ucd94\ucd9c\ubb3c - Hurtowy Dystrybutor<\/title>\n<meta name=\"description\" content=\"\uc608\ub974\ubc14 \uc0b0\ud0c0 \ubc1c\ud6a8 \ucd94\ucd9c\ubb3c\uc740 \ud0c1\uc6d4\ud55c \uc2a4\ud0a8\ucf00\uc5b4 \ud2b9\uc131\uc744 \uc790\ub791\ud558\ub294 \ud601\uc2e0\uc801\uc778 \ud654\uc7a5\ud488 \uc131\ubd84\uc785\ub2c8\ub2e4.\" \/>\n<meta name=\"robots\" content=\"index, follow, max-snippet:-1, max-image-preview:large, max-video-preview:-1\" \/>\n<link rel=\"canonical\" href=\"https:\/\/naturalpoland.com\/ko\/je-pum\/hwa-jang-pum-won-ryo\/bal-hyo-chu-chul-mul\/%ec%98%88%eb%a5%b4%eb%b0%94-%ec%82%b0%ed%83%80-%eb%b0%9c%ed%9a%a8-%ec%b6%94%ec%b6%9c%eb%ac%bc\/\" \/>\n<meta property=\"og:locale\" content=\"ko_KR\" \/>\n<meta property=\"og:type\" content=\"article\" \/>\n<meta property=\"og:title\" content=\"\uc608\ub974\ubc14 \uc0b0\ud0c0 \ubc1c\ud6a8 \ucd94\ucd9c\ubb3c - Hurtowy Dystrybutor\" \/>\n<meta property=\"og:description\" content=\"\uc608\ub974\ubc14 \uc0b0\ud0c0 \ubc1c\ud6a8 \ucd94\ucd9c\ubb3c\uc740 \ud0c1\uc6d4\ud55c \uc2a4\ud0a8\ucf00\uc5b4 \ud2b9\uc131\uc744 \uc790\ub791\ud558\ub294 \ud601\uc2e0\uc801\uc778 \ud654\uc7a5\ud488 \uc131\ubd84\uc785\ub2c8\ub2e4.\" \/>\n<meta property=\"og:url\" content=\"https:\/\/naturalpoland.com\/ko\/je-pum\/hwa-jang-pum-won-ryo\/bal-hyo-chu-chul-mul\/%ec%98%88%eb%a5%b4%eb%b0%94-%ec%82%b0%ed%83%80-%eb%b0%9c%ed%9a%a8-%ec%b6%94%ec%b6%9c%eb%ac%bc\/\" \/>\n<meta property=\"og:site_name\" content=\"NATURAL POLAND - Hurtowy Dystrybutor Surowc\u00f3w\" \/>\n<meta property=\"article:publisher\" content=\"https:\/\/www.facebook.com\/naturalpoland.b2b\" \/>\n<meta property=\"article:modified_time\" content=\"2025-09-26T14:17:37+00:00\" \/>\n<meta property=\"og:image\" content=\"https:\/\/naturalpoland.com\/wp-content\/uploads\/fermentowany-ekstrakt-z-yerba-santa.png\" \/>\n\t<meta property=\"og:image:width\" content=\"590\" \/>\n\t<meta property=\"og:image:height\" content=\"590\" \/>\n\t<meta property=\"og:image:type\" content=\"image\/png\" \/>\n<script type=\"application\/ld+json\" class=\"yoast-schema-graph\">{\"@context\":\"https:\\\/\\\/schema.org\",\"@graph\":[{\"@type\":\"WebPage\",\"@id\":\"https:\\\/\\\/naturalpoland.com\\\/ko\\\/je-pum\\\/hwa-jang-pum-won-ryo\\\/bal-hyo-chu-chul-mul\\\/%ec%98%88%eb%a5%b4%eb%b0%94-%ec%82%b0%ed%83%80-%eb%b0%9c%ed%9a%a8-%ec%b6%94%ec%b6%9c%eb%ac%bc\\\/\",\"url\":\"https:\\\/\\\/naturalpoland.com\\\/ko\\\/je-pum\\\/hwa-jang-pum-won-ryo\\\/bal-hyo-chu-chul-mul\\\/%ec%98%88%eb%a5%b4%eb%b0%94-%ec%82%b0%ed%83%80-%eb%b0%9c%ed%9a%a8-%ec%b6%94%ec%b6%9c%eb%ac%bc\\\/\",\"name\":\"\uc608\ub974\ubc14 \uc0b0\ud0c0 \ubc1c\ud6a8 \ucd94\ucd9c\ubb3c - Hurtowy Dystrybutor\",\"isPartOf\":{\"@id\":\"https:\\\/\\\/naturalpoland.com\\\/ko\\\/#website\"},\"primaryImageOfPage\":{\"@id\":\"https:\\\/\\\/naturalpoland.com\\\/ko\\\/je-pum\\\/hwa-jang-pum-won-ryo\\\/bal-hyo-chu-chul-mul\\\/%ec%98%88%eb%a5%b4%eb%b0%94-%ec%82%b0%ed%83%80-%eb%b0%9c%ed%9a%a8-%ec%b6%94%ec%b6%9c%eb%ac%bc\\\/#primaryimage\"},\"image\":{\"@id\":\"https:\\\/\\\/naturalpoland.com\\\/ko\\\/je-pum\\\/hwa-jang-pum-won-ryo\\\/bal-hyo-chu-chul-mul\\\/%ec%98%88%eb%a5%b4%eb%b0%94-%ec%82%b0%ed%83%80-%eb%b0%9c%ed%9a%a8-%ec%b6%94%ec%b6%9c%eb%ac%bc\\\/#primaryimage\"},\"thumbnailUrl\":\"https:\\\/\\\/naturalpoland.com\\\/wp-content\\\/uploads\\\/fermentowany-ekstrakt-z-yerba-santa.png\",\"datePublished\":\"2023-10-06T09:10:38+00:00\",\"dateModified\":\"2025-09-26T14:17:37+00:00\",\"description\":\"\uc608\ub974\ubc14 \uc0b0\ud0c0 \ubc1c\ud6a8 \ucd94\ucd9c\ubb3c\uc740 \ud0c1\uc6d4\ud55c \uc2a4\ud0a8\ucf00\uc5b4 \ud2b9\uc131\uc744 \uc790\ub791\ud558\ub294 \ud601\uc2e0\uc801\uc778 \ud654\uc7a5\ud488 \uc131\ubd84\uc785\ub2c8\ub2e4.\",\"breadcrumb\":{\"@id\":\"https:\\\/\\\/naturalpoland.com\\\/ko\\\/je-pum\\\/hwa-jang-pum-won-ryo\\\/bal-hyo-chu-chul-mul\\\/%ec%98%88%eb%a5%b4%eb%b0%94-%ec%82%b0%ed%83%80-%eb%b0%9c%ed%9a%a8-%ec%b6%94%ec%b6%9c%eb%ac%bc\\\/#breadcrumb\"},\"inLanguage\":\"ko-KR\",\"potentialAction\":[{\"@type\":\"ReadAction\",\"target\":[\"https:\\\/\\\/naturalpoland.com\\\/ko\\\/je-pum\\\/hwa-jang-pum-won-ryo\\\/bal-hyo-chu-chul-mul\\\/%ec%98%88%eb%a5%b4%eb%b0%94-%ec%82%b0%ed%83%80-%eb%b0%9c%ed%9a%a8-%ec%b6%94%ec%b6%9c%eb%ac%bc\\\/\"]}]},{\"@type\":\"ImageObject\",\"inLanguage\":\"ko-KR\",\"@id\":\"https:\\\/\\\/naturalpoland.com\\\/ko\\\/je-pum\\\/hwa-jang-pum-won-ryo\\\/bal-hyo-chu-chul-mul\\\/%ec%98%88%eb%a5%b4%eb%b0%94-%ec%82%b0%ed%83%80-%eb%b0%9c%ed%9a%a8-%ec%b6%94%ec%b6%9c%eb%ac%bc\\\/#primaryimage\",\"url\":\"https:\\\/\\\/naturalpoland.com\\\/wp-content\\\/uploads\\\/fermentowany-ekstrakt-z-yerba-santa.png\",\"contentUrl\":\"https:\\\/\\\/naturalpoland.com\\\/wp-content\\\/uploads\\\/fermentowany-ekstrakt-z-yerba-santa.png\",\"width\":590,\"height\":590,\"caption\":\"\uc608\ub974\ubc14 \uc0b0\ud0c0 \ubc1c\ud6a8 \ucd94\ucd9c\ubb3c\"},{\"@type\":\"BreadcrumbList\",\"@id\":\"https:\\\/\\\/naturalpoland.com\\\/ko\\\/je-pum\\\/hwa-jang-pum-won-ryo\\\/bal-hyo-chu-chul-mul\\\/%ec%98%88%eb%a5%b4%eb%b0%94-%ec%82%b0%ed%83%80-%eb%b0%9c%ed%9a%a8-%ec%b6%94%ec%b6%9c%eb%ac%bc\\\/#breadcrumb\",\"itemListElement\":[{\"@type\":\"ListItem\",\"position\":1,\"name\":\"\ud648\",\"item\":\"https:\\\/\\\/naturalpoland.com\\\/ko\\\/\"},{\"@type\":\"ListItem\",\"position\":2,\"name\":\"\uc81c\ud488\",\"item\":\"https:\\\/\\\/naturalpoland.com\\\/ko\\\/%ec%a0%9c%ed%92%88\\\/\"},{\"@type\":\"ListItem\",\"position\":3,\"name\":\"\uc608\ub974\ubc14 \uc0b0\ud0c0 \ubc1c\ud6a8 \ucd94\ucd9c\ubb3c\"}]},{\"@type\":\"WebSite\",\"@id\":\"https:\\\/\\\/naturalpoland.com\\\/ko\\\/#website\",\"url\":\"https:\\\/\\\/naturalpoland.com\\\/ko\\\/\",\"name\":\"NATURAL POLAND - Hurtowy Dystrybutor Surowc\u00f3w\",\"description\":\"Surowce dla przemys\u0142u spo\u017cywczego, kosmetycznego i farmaceutycznego\",\"publisher\":{\"@id\":\"https:\\\/\\\/naturalpoland.com\\\/ko\\\/#organization\"},\"potentialAction\":[{\"@type\":\"SearchAction\",\"target\":{\"@type\":\"EntryPoint\",\"urlTemplate\":\"https:\\\/\\\/naturalpoland.com\\\/ko\\\/?s={search_term_string}\"},\"query-input\":{\"@type\":\"PropertyValueSpecification\",\"valueRequired\":true,\"valueName\":\"search_term_string\"}}],\"inLanguage\":\"ko-KR\"},{\"@type\":\"Organization\",\"@id\":\"https:\\\/\\\/naturalpoland.com\\\/ko\\\/#organization\",\"name\":\"Natural Poland\",\"url\":\"https:\\\/\\\/naturalpoland.com\\\/ko\\\/\",\"logo\":{\"@type\":\"ImageObject\",\"inLanguage\":\"ko-KR\",\"@id\":\"https:\\\/\\\/naturalpoland.com\\\/ko\\\/#\\\/schema\\\/logo\\\/image\\\/\",\"url\":\"https:\\\/\\\/naturalpoland.com\\\/wp-content\\\/uploads\\\/2021\\\/05\\\/natural-poland-icon.png\",\"contentUrl\":\"https:\\\/\\\/naturalpoland.com\\\/wp-content\\\/uploads\\\/2021\\\/05\\\/natural-poland-icon.png\",\"width\":512,\"height\":512,\"caption\":\"Natural Poland\"},\"image\":{\"@id\":\"https:\\\/\\\/naturalpoland.com\\\/ko\\\/#\\\/schema\\\/logo\\\/image\\\/\"},\"sameAs\":[\"https:\\\/\\\/www.facebook.com\\\/naturalpoland.b2b\",\"https:\\\/\\\/pl.linkedin.com\\\/company\\\/natural-poland\",\"https:\\\/\\\/www.youtube.com\\\/channel\\\/UCgeGGkvOMahZo-xu_MSEWxg\"]}]}<\/script>\n<!-- \/ Yoast SEO plugin. -->","yoast_head_json":{"title":"\uc608\ub974\ubc14 \uc0b0\ud0c0 \ubc1c\ud6a8 \ucd94\ucd9c\ubb3c - Hurtowy Dystrybutor","description":"\uc608\ub974\ubc14 \uc0b0\ud0c0 \ubc1c\ud6a8 \ucd94\ucd9c\ubb3c\uc740 \ud0c1\uc6d4\ud55c \uc2a4\ud0a8\ucf00\uc5b4 \ud2b9\uc131\uc744 \uc790\ub791\ud558\ub294 \ud601\uc2e0\uc801\uc778 \ud654\uc7a5\ud488 \uc131\ubd84\uc785\ub2c8\ub2e4.","robots":{"index":"index","follow":"follow","max-snippet":"max-snippet:-1","max-image-preview":"max-image-preview:large","max-video-preview":"max-video-preview:-1"},"canonical":"https:\/\/naturalpoland.com\/ko\/je-pum\/hwa-jang-pum-won-ryo\/bal-hyo-chu-chul-mul\/%ec%98%88%eb%a5%b4%eb%b0%94-%ec%82%b0%ed%83%80-%eb%b0%9c%ed%9a%a8-%ec%b6%94%ec%b6%9c%eb%ac%bc\/","og_locale":"ko_KR","og_type":"article","og_title":"\uc608\ub974\ubc14 \uc0b0\ud0c0 \ubc1c\ud6a8 \ucd94\ucd9c\ubb3c - Hurtowy Dystrybutor","og_description":"\uc608\ub974\ubc14 \uc0b0\ud0c0 \ubc1c\ud6a8 \ucd94\ucd9c\ubb3c\uc740 \ud0c1\uc6d4\ud55c \uc2a4\ud0a8\ucf00\uc5b4 \ud2b9\uc131\uc744 \uc790\ub791\ud558\ub294 \ud601\uc2e0\uc801\uc778 \ud654\uc7a5\ud488 \uc131\ubd84\uc785\ub2c8\ub2e4.","og_url":"https:\/\/naturalpoland.com\/ko\/je-pum\/hwa-jang-pum-won-ryo\/bal-hyo-chu-chul-mul\/%ec%98%88%eb%a5%b4%eb%b0%94-%ec%82%b0%ed%83%80-%eb%b0%9c%ed%9a%a8-%ec%b6%94%ec%b6%9c%eb%ac%bc\/","og_site_name":"NATURAL POLAND - Hurtowy Dystrybutor Surowc\u00f3w","article_publisher":"https:\/\/www.facebook.com\/naturalpoland.b2b","article_modified_time":"2025-09-26T14:17:37+00:00","og_image":[{"width":590,"height":590,"url":"https:\/\/naturalpoland.com\/wp-content\/uploads\/fermentowany-ekstrakt-z-yerba-santa.png","type":"image\/png"}],"schema":{"@context":"https:\/\/schema.org","@graph":[{"@type":"WebPage","@id":"https:\/\/naturalpoland.com\/ko\/je-pum\/hwa-jang-pum-won-ryo\/bal-hyo-chu-chul-mul\/%ec%98%88%eb%a5%b4%eb%b0%94-%ec%82%b0%ed%83%80-%eb%b0%9c%ed%9a%a8-%ec%b6%94%ec%b6%9c%eb%ac%bc\/","url":"https:\/\/naturalpoland.com\/ko\/je-pum\/hwa-jang-pum-won-ryo\/bal-hyo-chu-chul-mul\/%ec%98%88%eb%a5%b4%eb%b0%94-%ec%82%b0%ed%83%80-%eb%b0%9c%ed%9a%a8-%ec%b6%94%ec%b6%9c%eb%ac%bc\/","name":"\uc608\ub974\ubc14 \uc0b0\ud0c0 \ubc1c\ud6a8 \ucd94\ucd9c\ubb3c - Hurtowy Dystrybutor","isPartOf":{"@id":"https:\/\/naturalpoland.com\/ko\/#website"},"primaryImageOfPage":{"@id":"https:\/\/naturalpoland.com\/ko\/je-pum\/hwa-jang-pum-won-ryo\/bal-hyo-chu-chul-mul\/%ec%98%88%eb%a5%b4%eb%b0%94-%ec%82%b0%ed%83%80-%eb%b0%9c%ed%9a%a8-%ec%b6%94%ec%b6%9c%eb%ac%bc\/#primaryimage"},"image":{"@id":"https:\/\/naturalpoland.com\/ko\/je-pum\/hwa-jang-pum-won-ryo\/bal-hyo-chu-chul-mul\/%ec%98%88%eb%a5%b4%eb%b0%94-%ec%82%b0%ed%83%80-%eb%b0%9c%ed%9a%a8-%ec%b6%94%ec%b6%9c%eb%ac%bc\/#primaryimage"},"thumbnailUrl":"https:\/\/naturalpoland.com\/wp-content\/uploads\/fermentowany-ekstrakt-z-yerba-santa.png","datePublished":"2023-10-06T09:10:38+00:00","dateModified":"2025-09-26T14:17:37+00:00","description":"\uc608\ub974\ubc14 \uc0b0\ud0c0 \ubc1c\ud6a8 \ucd94\ucd9c\ubb3c\uc740 \ud0c1\uc6d4\ud55c \uc2a4\ud0a8\ucf00\uc5b4 \ud2b9\uc131\uc744 \uc790\ub791\ud558\ub294 \ud601\uc2e0\uc801\uc778 \ud654\uc7a5\ud488 \uc131\ubd84\uc785\ub2c8\ub2e4.","breadcrumb":{"@id":"https:\/\/naturalpoland.com\/ko\/je-pum\/hwa-jang-pum-won-ryo\/bal-hyo-chu-chul-mul\/%ec%98%88%eb%a5%b4%eb%b0%94-%ec%82%b0%ed%83%80-%eb%b0%9c%ed%9a%a8-%ec%b6%94%ec%b6%9c%eb%ac%bc\/#breadcrumb"},"inLanguage":"ko-KR","potentialAction":[{"@type":"ReadAction","target":["https:\/\/naturalpoland.com\/ko\/je-pum\/hwa-jang-pum-won-ryo\/bal-hyo-chu-chul-mul\/%ec%98%88%eb%a5%b4%eb%b0%94-%ec%82%b0%ed%83%80-%eb%b0%9c%ed%9a%a8-%ec%b6%94%ec%b6%9c%eb%ac%bc\/"]}]},{"@type":"ImageObject","inLanguage":"ko-KR","@id":"https:\/\/naturalpoland.com\/ko\/je-pum\/hwa-jang-pum-won-ryo\/bal-hyo-chu-chul-mul\/%ec%98%88%eb%a5%b4%eb%b0%94-%ec%82%b0%ed%83%80-%eb%b0%9c%ed%9a%a8-%ec%b6%94%ec%b6%9c%eb%ac%bc\/#primaryimage","url":"https:\/\/naturalpoland.com\/wp-content\/uploads\/fermentowany-ekstrakt-z-yerba-santa.png","contentUrl":"https:\/\/naturalpoland.com\/wp-content\/uploads\/fermentowany-ekstrakt-z-yerba-santa.png","width":590,"height":590,"caption":"\uc608\ub974\ubc14 \uc0b0\ud0c0 \ubc1c\ud6a8 \ucd94\ucd9c\ubb3c"},{"@type":"BreadcrumbList","@id":"https:\/\/naturalpoland.com\/ko\/je-pum\/hwa-jang-pum-won-ryo\/bal-hyo-chu-chul-mul\/%ec%98%88%eb%a5%b4%eb%b0%94-%ec%82%b0%ed%83%80-%eb%b0%9c%ed%9a%a8-%ec%b6%94%ec%b6%9c%eb%ac%bc\/#breadcrumb","itemListElement":[{"@type":"ListItem","position":1,"name":"\ud648","item":"https:\/\/naturalpoland.com\/ko\/"},{"@type":"ListItem","position":2,"name":"\uc81c\ud488","item":"https:\/\/naturalpoland.com\/ko\/%ec%a0%9c%ed%92%88\/"},{"@type":"ListItem","position":3,"name":"\uc608\ub974\ubc14 \uc0b0\ud0c0 \ubc1c\ud6a8 \ucd94\ucd9c\ubb3c"}]},{"@type":"WebSite","@id":"https:\/\/naturalpoland.com\/ko\/#website","url":"https:\/\/naturalpoland.com\/ko\/","name":"NATURAL POLAND - Hurtowy Dystrybutor Surowc\u00f3w","description":"Surowce dla przemys\u0142u spo\u017cywczego, kosmetycznego i farmaceutycznego","publisher":{"@id":"https:\/\/naturalpoland.com\/ko\/#organization"},"potentialAction":[{"@type":"SearchAction","target":{"@type":"EntryPoint","urlTemplate":"https:\/\/naturalpoland.com\/ko\/?s={search_term_string}"},"query-input":{"@type":"PropertyValueSpecification","valueRequired":true,"valueName":"search_term_string"}}],"inLanguage":"ko-KR"},{"@type":"Organization","@id":"https:\/\/naturalpoland.com\/ko\/#organization","name":"Natural Poland","url":"https:\/\/naturalpoland.com\/ko\/","logo":{"@type":"ImageObject","inLanguage":"ko-KR","@id":"https:\/\/naturalpoland.com\/ko\/#\/schema\/logo\/image\/","url":"https:\/\/naturalpoland.com\/wp-content\/uploads\/2021\/05\/natural-poland-icon.png","contentUrl":"https:\/\/naturalpoland.com\/wp-content\/uploads\/2021\/05\/natural-poland-icon.png","width":512,"height":512,"caption":"Natural Poland"},"image":{"@id":"https:\/\/naturalpoland.com\/ko\/#\/schema\/logo\/image\/"},"sameAs":["https:\/\/www.facebook.com\/naturalpoland.b2b","https:\/\/pl.linkedin.com\/company\/natural-poland","https:\/\/www.youtube.com\/channel\/UCgeGGkvOMahZo-xu_MSEWxg"]}]}},"_links":{"self":[{"href":"https:\/\/naturalpoland.com\/ko\/wp-json\/wp\/v2\/product\/43449","targetHints":{"allow":["GET"]}}],"collection":[{"href":"https:\/\/naturalpoland.com\/ko\/wp-json\/wp\/v2\/product"}],"about":[{"href":"https:\/\/naturalpoland.com\/ko\/wp-json\/wp\/v2\/types\/product"}],"wp:featuredmedia":[{"embeddable":true,"href":"https:\/\/naturalpoland.com\/ko\/wp-json\/wp\/v2\/media\/43450"}],"wp:attachment":[{"href":"https:\/\/naturalpoland.com\/ko\/wp-json\/wp\/v2\/media?parent=43449"}],"wp:term":[{"taxonomy":"product_brand","embeddable":true,"href":"https:\/\/naturalpoland.com\/ko\/wp-json\/wp\/v2\/product_brand?post=43449"},{"taxonomy":"product_cat","embeddable":true,"href":"https:\/\/naturalpoland.com\/ko\/wp-json\/wp\/v2\/product_cat?post=43449"},{"taxonomy":"product_tag","embeddable":true,"href":"https:\/\/naturalpoland.com\/ko\/wp-json\/wp\/v2\/product_tag?post=43449"}],"curies":[{"name":"wp","href":"https:\/\/api.w.org\/{rel}","templated":true}]}}