{"id":43453,"date":"2023-10-06T10:14:54","date_gmt":"2023-10-06T08:14:54","guid":{"rendered":"https:\/\/naturalpoland.com\/produkty\/uncategorized\/%eb%b0%9c%ed%9a%a8-%eb%8c%80%eb%82%98%eb%ac%b4-%ec%b6%94%ec%b6%9c%eb%ac%bc\/"},"modified":"2025-09-26T16:19:07","modified_gmt":"2025-09-26T14:19:07","slug":"%eb%b0%9c%ed%9a%a8-%eb%8c%80%eb%82%98%eb%ac%b4-%ec%b6%94%ec%b6%9c%eb%ac%bc","status":"publish","type":"product","link":"https:\/\/naturalpoland.com\/ko\/je-pum\/hwa-jang-pum-won-ryo\/bal-hyo-chu-chul-mul\/%eb%b0%9c%ed%9a%a8-%eb%8c%80%eb%82%98%eb%ac%b4-%ec%b6%94%ec%b6%9c%eb%ac%bc\/","title":{"rendered":"\ubc1c\ud6a8 \ub300\ub098\ubb34 \ucd94\ucd9c\ubb3c"},"content":{"rendered":"<p>\ub300\ub098\ubb34\ub294 \ud53c\ubd80 \ud0c4\ub825\uacfc \uac74\uac15\ud55c \uc678\ubaa8 \uc720\uc9c0\uc5d0 \ud544\uc218\uc801\uc778 \ubbf8\ub124\ub784\uc778 \uc2e4\ub9ac\uce74\uac00 \ub9e4\uc6b0 \ud48d\ubd80\ud55c \uc2dd\ubb3c\uc785\ub2c8\ub2e4. \uc2e4\ub9ac\uce74\ub294 \ud53c\ubd80 \uc870\uc9c1\uc5d0\uc11c \ucf5c\ub77c\uac90\uacfc \uc5d8\ub77c\uc2a4\ud2f4 \ud569\uc131\uc744 \uc9c0\uc6d0\ud558\uc5ec \ud53c\ubd80\ub97c \ub354\uc6b1 \ud0c4\ub825 \uc788\uace0 \uc720\uc5f0\ud558\uba70 \ub178\ud654 \uacfc\uc815\uc5d0 \uac15\ud558\uac8c \ub9cc\ub4ed\ub2c8\ub2e4. \ub610\ud55c, \ub300\ub098\ubb34 \ucd94\ucd9c\ubb3c\uc740 \ud53c\ubd80\ub97c \uc9d1\uc911\uc801\uc73c\ub85c \ubcf4\uc2b5\ud558\uc5ec \uac74\uc870\ud568\uacfc \ud0c4\ub825 \uc190\uc2e4\uc744 \ubc29\uc9c0\ud569\ub2c8\ub2e4.  <\/p>\n<p>\ucd94\ucd9c\ubb3c\uc774 \uac70\uce58\ub294 \ubc1c\ud6a8 \uacfc\uc815\uc740 \ud568\uc720\ub41c \uc131\ubd84\uc758 \uc0dd\uccb4 \uc774\uc6a9\ub960\uacfc \ud65c\uc131\uc744 \uc99d\uac00\uc2dc\ud0b5\ub2c8\ub2e4. \uc774\ub294 \ud53c\ubd80 \uae4a\uc740 \uce35\uc73c\ub85c\uc758 \uce68\ud22c\ub97c \uc6a9\uc774\ud558\uac8c \ud558\uc5ec \ube60\ub974\uace0 \ud6a8\uacfc\uc801\uc778 \uc791\uc6a9\uc744 \ubcf4\uc7a5\ud569\ub2c8\ub2e4. \ubc1c\ud6a8 \ub300\ub098\ubb34 \ucd94\ucd9c\ubb3c\uc740 \ub610\ud55c \ud574\ub3c5 \uc791\uc6a9\uc744 \ud558\uc5ec \ud53c\ubd80 \uad6c\uc870\uc5d0 \ucd95\uc801\ub41c \ub3c5\uc18c\uc640 \ubd88\uc21c\ubb3c\uc744 \uc81c\uac70\ud558\ub294 \ub370 \ub3c4\uc6c0\uc744 \uc90d\ub2c8\ub2e4.  <\/p>\n<p>\ud654\uc7a5\ud488\uc5d0\uc11c \uc774 \ucd94\ucd9c\ubb3c\uc740 \uc131\uc219\ud558\uace0 \uac74\uc870\ud558\uba70 \ubbfc\uac10\ud55c \ud53c\ubd80\ubfd0\ub9cc \uc544\ub2c8\ub77c \uc7ac\uc0dd\uacfc \ud68c\ubcf5\uc774 \ud544\uc694\ud55c \ud53c\ubd80\uc5d0\ub3c4 \ud0c1\uc6d4\ud55c \ud574\uacb0\ucc45\uc785\ub2c8\ub2e4. \ud56d\uc0b0\ud654 \ubc0f \uc601\uc591 \uacf5\uae09 \uc791\uc6a9\uc73c\ub85c \ud53c\ubd80\ub294 \uad11\ucc44\ub97c \ub418\ucc3e\uace0 \ub9e4\ub044\ub7ec\uc6b0\uba70 \ucda9\ubd84\ud788 \ubcf4\uc2b5\ub429\ub2c8\ub2e4. \uc774\ub294 \uc548\ud2f0\uc5d0\uc774\uc9d5, \ubcf4\uc2b5 \ubc0f \uc7ac\uc0dd \uc81c\ud488\uc5d0 \uc774\uc0c1\uc801\uc778 \uc131\ubd84\uc785\ub2c8\ub2e4.  <\/p>\n<p>\ucc9c\uc5f0 \uc720\ub798 \ubc0f \uc724\ub9ac\uc801\uc778 \ucd94\ucd9c \uacfc\uc815\uc744 \ud1b5\ud574 \ubc1c\ud6a8 \ub300\ub098\ubb34 \ucd94\ucd9c\ubb3c\uc740 \uce5c\ud658\uacbd\uc801\uc774\uace0 \uc9c0\uc18d \uac00\ub2a5\ud55c \uc2a4\ud0a8\ucf00\uc5b4 \uc194\ub8e8\uc158\uc744 \uc911\uc694\ud558\uac8c \uc0dd\uac01\ud558\ub294 \ubd84\ub4e4\uc5d0\uac8c \ud0c1\uc6d4\ud55c \uc120\ud0dd\uc785\ub2c8\ub2e4. \uc774\ub294 \uc790\uc5f0\uc758 \ucd5c\uace0\ub97c \uc27d\uac8c \ud761\uc218\ub418\uace0 \ub9e4\uc6b0 \ud6a8\uacfc\uc801\uc778 \ud615\ud0dc\ub85c \uc81c\uacf5\ud558\uc5ec \uac00\uc7a5 \uae4c\ub2e4\ub85c\uc6b4 \ud53c\ubd80\uc758 \uc694\uad6c \uc0ac\ud56d\uae4c\uc9c0 \ucda9\uc871\uc2dc\ud0b5\ub2c8\ub2e4. <\/p>\n","protected":false},"excerpt":{"rendered":"<p>\ubc1c\ud6a8 \ub300\ub098\ubb34 \ucd94\ucd9c\ubb3c (INCI: <em>Bamboo Ferment Extract<\/em>)\uc740 \uc804\ud1b5\uacfc \ud604\ub300 \ud654\uc7a5\ud488 \uae30\uc220\uc758 \ud6cc\ub96d\ud55c \uc870\ud569\uc785\ub2c8\ub2e4. \uc774 \uadc0\uc911\ud55c \uc131\ubd84\uc740 \ubc1c\ud6a8 \uacfc\uc815\uc744 \ud1b5\ud574 \uac15\ud654\ub41c \ub300\ub098\ubb34 \ud2b9\uc720\uc758 \ub3c5\ud2b9\ud55c \uc601\uc591 \ubc0f \uc7ac\uc0dd \ud2b9\uc131\uc744 \ud53c\ubd80\uc5d0 \uc81c\uacf5\ud558\uc5ec \ud654\uc7a5\ud488\uc744 \ud48d\ubd80\ud558\uac8c \ud569\ub2c8\ub2e4. <\/p>\n","protected":false},"featured_media":43454,"template":"","meta":[],"product_brand":[],"product_cat":[8148],"product_tag":[],"class_list":{"0":"post-43453","1":"product","2":"type-product","3":"status-publish","4":"has-post-thumbnail","6":"product_cat-bal-hyo-chu-chul-mul","8":"first","9":"instock","10":"shipping-taxable","11":"product-type-simple"},"yoast_head":"<!-- This site is optimized with the Yoast SEO plugin v27.3 - https:\/\/yoast.com\/product\/yoast-seo-wordpress\/ -->\n<title>\ubc1c\ud6a8 \ub300\ub098\ubb34 \ucd94\ucd9c\ubb3c - Hurtowy Dystrybutor<\/title>\n<meta name=\"description\" content=\"\ubc1c\ud6a8 \ub300\ub098\ubb34 \ucd94\ucd9c\ubb3c (INCI: Bamboo Ferment Extract)\uc740 \uc804\ud1b5\uacfc \ud604\ub300 \ud654\uc7a5\ud488 \uae30\uc220\uc758 \ud6cc\ub96d\ud55c \uc870\ud569\uc785\ub2c8\ub2e4.\" \/>\n<meta name=\"robots\" content=\"index, follow, max-snippet:-1, max-image-preview:large, max-video-preview:-1\" \/>\n<link rel=\"canonical\" href=\"https:\/\/naturalpoland.com\/ko\/je-pum\/hwa-jang-pum-won-ryo\/bal-hyo-chu-chul-mul\/%eb%b0%9c%ed%9a%a8-%eb%8c%80%eb%82%98%eb%ac%b4-%ec%b6%94%ec%b6%9c%eb%ac%bc\/\" \/>\n<meta property=\"og:locale\" content=\"ko_KR\" \/>\n<meta property=\"og:type\" content=\"article\" \/>\n<meta property=\"og:title\" content=\"\ubc1c\ud6a8 \ub300\ub098\ubb34 \ucd94\ucd9c\ubb3c - Hurtowy Dystrybutor\" \/>\n<meta property=\"og:description\" content=\"\ubc1c\ud6a8 \ub300\ub098\ubb34 \ucd94\ucd9c\ubb3c (INCI: Bamboo Ferment Extract)\uc740 \uc804\ud1b5\uacfc \ud604\ub300 \ud654\uc7a5\ud488 \uae30\uc220\uc758 \ud6cc\ub96d\ud55c \uc870\ud569\uc785\ub2c8\ub2e4.\" \/>\n<meta property=\"og:url\" content=\"https:\/\/naturalpoland.com\/ko\/je-pum\/hwa-jang-pum-won-ryo\/bal-hyo-chu-chul-mul\/%eb%b0%9c%ed%9a%a8-%eb%8c%80%eb%82%98%eb%ac%b4-%ec%b6%94%ec%b6%9c%eb%ac%bc\/\" \/>\n<meta property=\"og:site_name\" content=\"NATURAL POLAND - Hurtowy Dystrybutor Surowc\u00f3w\" \/>\n<meta property=\"article:publisher\" content=\"https:\/\/www.facebook.com\/naturalpoland.b2b\" \/>\n<meta property=\"article:modified_time\" content=\"2025-09-26T14:19:07+00:00\" \/>\n<meta property=\"og:image\" content=\"https:\/\/naturalpoland.com\/wp-content\/uploads\/fermentowany-ekstrakt-z-bambusa.png\" \/>\n\t<meta property=\"og:image:width\" content=\"590\" \/>\n\t<meta property=\"og:image:height\" content=\"590\" \/>\n\t<meta property=\"og:image:type\" content=\"image\/png\" \/>\n<script type=\"application\/ld+json\" class=\"yoast-schema-graph\">{\"@context\":\"https:\\\/\\\/schema.org\",\"@graph\":[{\"@type\":\"WebPage\",\"@id\":\"https:\\\/\\\/naturalpoland.com\\\/ko\\\/je-pum\\\/hwa-jang-pum-won-ryo\\\/bal-hyo-chu-chul-mul\\\/%eb%b0%9c%ed%9a%a8-%eb%8c%80%eb%82%98%eb%ac%b4-%ec%b6%94%ec%b6%9c%eb%ac%bc\\\/\",\"url\":\"https:\\\/\\\/naturalpoland.com\\\/ko\\\/je-pum\\\/hwa-jang-pum-won-ryo\\\/bal-hyo-chu-chul-mul\\\/%eb%b0%9c%ed%9a%a8-%eb%8c%80%eb%82%98%eb%ac%b4-%ec%b6%94%ec%b6%9c%eb%ac%bc\\\/\",\"name\":\"\ubc1c\ud6a8 \ub300\ub098\ubb34 \ucd94\ucd9c\ubb3c - Hurtowy Dystrybutor\",\"isPartOf\":{\"@id\":\"https:\\\/\\\/naturalpoland.com\\\/ko\\\/#website\"},\"primaryImageOfPage\":{\"@id\":\"https:\\\/\\\/naturalpoland.com\\\/ko\\\/je-pum\\\/hwa-jang-pum-won-ryo\\\/bal-hyo-chu-chul-mul\\\/%eb%b0%9c%ed%9a%a8-%eb%8c%80%eb%82%98%eb%ac%b4-%ec%b6%94%ec%b6%9c%eb%ac%bc\\\/#primaryimage\"},\"image\":{\"@id\":\"https:\\\/\\\/naturalpoland.com\\\/ko\\\/je-pum\\\/hwa-jang-pum-won-ryo\\\/bal-hyo-chu-chul-mul\\\/%eb%b0%9c%ed%9a%a8-%eb%8c%80%eb%82%98%eb%ac%b4-%ec%b6%94%ec%b6%9c%eb%ac%bc\\\/#primaryimage\"},\"thumbnailUrl\":\"https:\\\/\\\/naturalpoland.com\\\/wp-content\\\/uploads\\\/fermentowany-ekstrakt-z-bambusa.png\",\"datePublished\":\"2023-10-06T08:14:54+00:00\",\"dateModified\":\"2025-09-26T14:19:07+00:00\",\"description\":\"\ubc1c\ud6a8 \ub300\ub098\ubb34 \ucd94\ucd9c\ubb3c (INCI: Bamboo Ferment Extract)\uc740 \uc804\ud1b5\uacfc \ud604\ub300 \ud654\uc7a5\ud488 \uae30\uc220\uc758 \ud6cc\ub96d\ud55c \uc870\ud569\uc785\ub2c8\ub2e4.\",\"breadcrumb\":{\"@id\":\"https:\\\/\\\/naturalpoland.com\\\/ko\\\/je-pum\\\/hwa-jang-pum-won-ryo\\\/bal-hyo-chu-chul-mul\\\/%eb%b0%9c%ed%9a%a8-%eb%8c%80%eb%82%98%eb%ac%b4-%ec%b6%94%ec%b6%9c%eb%ac%bc\\\/#breadcrumb\"},\"inLanguage\":\"ko-KR\",\"potentialAction\":[{\"@type\":\"ReadAction\",\"target\":[\"https:\\\/\\\/naturalpoland.com\\\/ko\\\/je-pum\\\/hwa-jang-pum-won-ryo\\\/bal-hyo-chu-chul-mul\\\/%eb%b0%9c%ed%9a%a8-%eb%8c%80%eb%82%98%eb%ac%b4-%ec%b6%94%ec%b6%9c%eb%ac%bc\\\/\"]}]},{\"@type\":\"ImageObject\",\"inLanguage\":\"ko-KR\",\"@id\":\"https:\\\/\\\/naturalpoland.com\\\/ko\\\/je-pum\\\/hwa-jang-pum-won-ryo\\\/bal-hyo-chu-chul-mul\\\/%eb%b0%9c%ed%9a%a8-%eb%8c%80%eb%82%98%eb%ac%b4-%ec%b6%94%ec%b6%9c%eb%ac%bc\\\/#primaryimage\",\"url\":\"https:\\\/\\\/naturalpoland.com\\\/wp-content\\\/uploads\\\/fermentowany-ekstrakt-z-bambusa.png\",\"contentUrl\":\"https:\\\/\\\/naturalpoland.com\\\/wp-content\\\/uploads\\\/fermentowany-ekstrakt-z-bambusa.png\",\"width\":590,\"height\":590,\"caption\":\"\ubc1c\ud6a8 \ub300\ub098\ubb34 \ucd94\ucd9c\ubb3c\"},{\"@type\":\"BreadcrumbList\",\"@id\":\"https:\\\/\\\/naturalpoland.com\\\/ko\\\/je-pum\\\/hwa-jang-pum-won-ryo\\\/bal-hyo-chu-chul-mul\\\/%eb%b0%9c%ed%9a%a8-%eb%8c%80%eb%82%98%eb%ac%b4-%ec%b6%94%ec%b6%9c%eb%ac%bc\\\/#breadcrumb\",\"itemListElement\":[{\"@type\":\"ListItem\",\"position\":1,\"name\":\"\ud648\",\"item\":\"https:\\\/\\\/naturalpoland.com\\\/ko\\\/\"},{\"@type\":\"ListItem\",\"position\":2,\"name\":\"\uc81c\ud488\",\"item\":\"https:\\\/\\\/naturalpoland.com\\\/ko\\\/%ec%a0%9c%ed%92%88\\\/\"},{\"@type\":\"ListItem\",\"position\":3,\"name\":\"\ubc1c\ud6a8 \ub300\ub098\ubb34 \ucd94\ucd9c\ubb3c\"}]},{\"@type\":\"WebSite\",\"@id\":\"https:\\\/\\\/naturalpoland.com\\\/ko\\\/#website\",\"url\":\"https:\\\/\\\/naturalpoland.com\\\/ko\\\/\",\"name\":\"NATURAL POLAND - Hurtowy Dystrybutor Surowc\u00f3w\",\"description\":\"Surowce dla przemys\u0142u spo\u017cywczego, kosmetycznego i farmaceutycznego\",\"publisher\":{\"@id\":\"https:\\\/\\\/naturalpoland.com\\\/ko\\\/#organization\"},\"potentialAction\":[{\"@type\":\"SearchAction\",\"target\":{\"@type\":\"EntryPoint\",\"urlTemplate\":\"https:\\\/\\\/naturalpoland.com\\\/ko\\\/?s={search_term_string}\"},\"query-input\":{\"@type\":\"PropertyValueSpecification\",\"valueRequired\":true,\"valueName\":\"search_term_string\"}}],\"inLanguage\":\"ko-KR\"},{\"@type\":\"Organization\",\"@id\":\"https:\\\/\\\/naturalpoland.com\\\/ko\\\/#organization\",\"name\":\"Natural Poland\",\"url\":\"https:\\\/\\\/naturalpoland.com\\\/ko\\\/\",\"logo\":{\"@type\":\"ImageObject\",\"inLanguage\":\"ko-KR\",\"@id\":\"https:\\\/\\\/naturalpoland.com\\\/ko\\\/#\\\/schema\\\/logo\\\/image\\\/\",\"url\":\"https:\\\/\\\/naturalpoland.com\\\/wp-content\\\/uploads\\\/2021\\\/05\\\/natural-poland-icon.png\",\"contentUrl\":\"https:\\\/\\\/naturalpoland.com\\\/wp-content\\\/uploads\\\/2021\\\/05\\\/natural-poland-icon.png\",\"width\":512,\"height\":512,\"caption\":\"Natural Poland\"},\"image\":{\"@id\":\"https:\\\/\\\/naturalpoland.com\\\/ko\\\/#\\\/schema\\\/logo\\\/image\\\/\"},\"sameAs\":[\"https:\\\/\\\/www.facebook.com\\\/naturalpoland.b2b\",\"https:\\\/\\\/pl.linkedin.com\\\/company\\\/natural-poland\",\"https:\\\/\\\/www.youtube.com\\\/channel\\\/UCgeGGkvOMahZo-xu_MSEWxg\"]}]}<\/script>\n<!-- \/ Yoast SEO plugin. -->","yoast_head_json":{"title":"\ubc1c\ud6a8 \ub300\ub098\ubb34 \ucd94\ucd9c\ubb3c - Hurtowy Dystrybutor","description":"\ubc1c\ud6a8 \ub300\ub098\ubb34 \ucd94\ucd9c\ubb3c (INCI: Bamboo Ferment Extract)\uc740 \uc804\ud1b5\uacfc \ud604\ub300 \ud654\uc7a5\ud488 \uae30\uc220\uc758 \ud6cc\ub96d\ud55c \uc870\ud569\uc785\ub2c8\ub2e4.","robots":{"index":"index","follow":"follow","max-snippet":"max-snippet:-1","max-image-preview":"max-image-preview:large","max-video-preview":"max-video-preview:-1"},"canonical":"https:\/\/naturalpoland.com\/ko\/je-pum\/hwa-jang-pum-won-ryo\/bal-hyo-chu-chul-mul\/%eb%b0%9c%ed%9a%a8-%eb%8c%80%eb%82%98%eb%ac%b4-%ec%b6%94%ec%b6%9c%eb%ac%bc\/","og_locale":"ko_KR","og_type":"article","og_title":"\ubc1c\ud6a8 \ub300\ub098\ubb34 \ucd94\ucd9c\ubb3c - Hurtowy Dystrybutor","og_description":"\ubc1c\ud6a8 \ub300\ub098\ubb34 \ucd94\ucd9c\ubb3c (INCI: Bamboo Ferment Extract)\uc740 \uc804\ud1b5\uacfc \ud604\ub300 \ud654\uc7a5\ud488 \uae30\uc220\uc758 \ud6cc\ub96d\ud55c \uc870\ud569\uc785\ub2c8\ub2e4.","og_url":"https:\/\/naturalpoland.com\/ko\/je-pum\/hwa-jang-pum-won-ryo\/bal-hyo-chu-chul-mul\/%eb%b0%9c%ed%9a%a8-%eb%8c%80%eb%82%98%eb%ac%b4-%ec%b6%94%ec%b6%9c%eb%ac%bc\/","og_site_name":"NATURAL POLAND - Hurtowy Dystrybutor Surowc\u00f3w","article_publisher":"https:\/\/www.facebook.com\/naturalpoland.b2b","article_modified_time":"2025-09-26T14:19:07+00:00","og_image":[{"width":590,"height":590,"url":"https:\/\/naturalpoland.com\/wp-content\/uploads\/fermentowany-ekstrakt-z-bambusa.png","type":"image\/png"}],"schema":{"@context":"https:\/\/schema.org","@graph":[{"@type":"WebPage","@id":"https:\/\/naturalpoland.com\/ko\/je-pum\/hwa-jang-pum-won-ryo\/bal-hyo-chu-chul-mul\/%eb%b0%9c%ed%9a%a8-%eb%8c%80%eb%82%98%eb%ac%b4-%ec%b6%94%ec%b6%9c%eb%ac%bc\/","url":"https:\/\/naturalpoland.com\/ko\/je-pum\/hwa-jang-pum-won-ryo\/bal-hyo-chu-chul-mul\/%eb%b0%9c%ed%9a%a8-%eb%8c%80%eb%82%98%eb%ac%b4-%ec%b6%94%ec%b6%9c%eb%ac%bc\/","name":"\ubc1c\ud6a8 \ub300\ub098\ubb34 \ucd94\ucd9c\ubb3c - Hurtowy Dystrybutor","isPartOf":{"@id":"https:\/\/naturalpoland.com\/ko\/#website"},"primaryImageOfPage":{"@id":"https:\/\/naturalpoland.com\/ko\/je-pum\/hwa-jang-pum-won-ryo\/bal-hyo-chu-chul-mul\/%eb%b0%9c%ed%9a%a8-%eb%8c%80%eb%82%98%eb%ac%b4-%ec%b6%94%ec%b6%9c%eb%ac%bc\/#primaryimage"},"image":{"@id":"https:\/\/naturalpoland.com\/ko\/je-pum\/hwa-jang-pum-won-ryo\/bal-hyo-chu-chul-mul\/%eb%b0%9c%ed%9a%a8-%eb%8c%80%eb%82%98%eb%ac%b4-%ec%b6%94%ec%b6%9c%eb%ac%bc\/#primaryimage"},"thumbnailUrl":"https:\/\/naturalpoland.com\/wp-content\/uploads\/fermentowany-ekstrakt-z-bambusa.png","datePublished":"2023-10-06T08:14:54+00:00","dateModified":"2025-09-26T14:19:07+00:00","description":"\ubc1c\ud6a8 \ub300\ub098\ubb34 \ucd94\ucd9c\ubb3c (INCI: Bamboo Ferment Extract)\uc740 \uc804\ud1b5\uacfc \ud604\ub300 \ud654\uc7a5\ud488 \uae30\uc220\uc758 \ud6cc\ub96d\ud55c \uc870\ud569\uc785\ub2c8\ub2e4.","breadcrumb":{"@id":"https:\/\/naturalpoland.com\/ko\/je-pum\/hwa-jang-pum-won-ryo\/bal-hyo-chu-chul-mul\/%eb%b0%9c%ed%9a%a8-%eb%8c%80%eb%82%98%eb%ac%b4-%ec%b6%94%ec%b6%9c%eb%ac%bc\/#breadcrumb"},"inLanguage":"ko-KR","potentialAction":[{"@type":"ReadAction","target":["https:\/\/naturalpoland.com\/ko\/je-pum\/hwa-jang-pum-won-ryo\/bal-hyo-chu-chul-mul\/%eb%b0%9c%ed%9a%a8-%eb%8c%80%eb%82%98%eb%ac%b4-%ec%b6%94%ec%b6%9c%eb%ac%bc\/"]}]},{"@type":"ImageObject","inLanguage":"ko-KR","@id":"https:\/\/naturalpoland.com\/ko\/je-pum\/hwa-jang-pum-won-ryo\/bal-hyo-chu-chul-mul\/%eb%b0%9c%ed%9a%a8-%eb%8c%80%eb%82%98%eb%ac%b4-%ec%b6%94%ec%b6%9c%eb%ac%bc\/#primaryimage","url":"https:\/\/naturalpoland.com\/wp-content\/uploads\/fermentowany-ekstrakt-z-bambusa.png","contentUrl":"https:\/\/naturalpoland.com\/wp-content\/uploads\/fermentowany-ekstrakt-z-bambusa.png","width":590,"height":590,"caption":"\ubc1c\ud6a8 \ub300\ub098\ubb34 \ucd94\ucd9c\ubb3c"},{"@type":"BreadcrumbList","@id":"https:\/\/naturalpoland.com\/ko\/je-pum\/hwa-jang-pum-won-ryo\/bal-hyo-chu-chul-mul\/%eb%b0%9c%ed%9a%a8-%eb%8c%80%eb%82%98%eb%ac%b4-%ec%b6%94%ec%b6%9c%eb%ac%bc\/#breadcrumb","itemListElement":[{"@type":"ListItem","position":1,"name":"\ud648","item":"https:\/\/naturalpoland.com\/ko\/"},{"@type":"ListItem","position":2,"name":"\uc81c\ud488","item":"https:\/\/naturalpoland.com\/ko\/%ec%a0%9c%ed%92%88\/"},{"@type":"ListItem","position":3,"name":"\ubc1c\ud6a8 \ub300\ub098\ubb34 \ucd94\ucd9c\ubb3c"}]},{"@type":"WebSite","@id":"https:\/\/naturalpoland.com\/ko\/#website","url":"https:\/\/naturalpoland.com\/ko\/","name":"NATURAL POLAND - Hurtowy Dystrybutor Surowc\u00f3w","description":"Surowce dla przemys\u0142u spo\u017cywczego, kosmetycznego i farmaceutycznego","publisher":{"@id":"https:\/\/naturalpoland.com\/ko\/#organization"},"potentialAction":[{"@type":"SearchAction","target":{"@type":"EntryPoint","urlTemplate":"https:\/\/naturalpoland.com\/ko\/?s={search_term_string}"},"query-input":{"@type":"PropertyValueSpecification","valueRequired":true,"valueName":"search_term_string"}}],"inLanguage":"ko-KR"},{"@type":"Organization","@id":"https:\/\/naturalpoland.com\/ko\/#organization","name":"Natural Poland","url":"https:\/\/naturalpoland.com\/ko\/","logo":{"@type":"ImageObject","inLanguage":"ko-KR","@id":"https:\/\/naturalpoland.com\/ko\/#\/schema\/logo\/image\/","url":"https:\/\/naturalpoland.com\/wp-content\/uploads\/2021\/05\/natural-poland-icon.png","contentUrl":"https:\/\/naturalpoland.com\/wp-content\/uploads\/2021\/05\/natural-poland-icon.png","width":512,"height":512,"caption":"Natural Poland"},"image":{"@id":"https:\/\/naturalpoland.com\/ko\/#\/schema\/logo\/image\/"},"sameAs":["https:\/\/www.facebook.com\/naturalpoland.b2b","https:\/\/pl.linkedin.com\/company\/natural-poland","https:\/\/www.youtube.com\/channel\/UCgeGGkvOMahZo-xu_MSEWxg"]}]}},"_links":{"self":[{"href":"https:\/\/naturalpoland.com\/ko\/wp-json\/wp\/v2\/product\/43453","targetHints":{"allow":["GET"]}}],"collection":[{"href":"https:\/\/naturalpoland.com\/ko\/wp-json\/wp\/v2\/product"}],"about":[{"href":"https:\/\/naturalpoland.com\/ko\/wp-json\/wp\/v2\/types\/product"}],"wp:featuredmedia":[{"embeddable":true,"href":"https:\/\/naturalpoland.com\/ko\/wp-json\/wp\/v2\/media\/43454"}],"wp:attachment":[{"href":"https:\/\/naturalpoland.com\/ko\/wp-json\/wp\/v2\/media?parent=43453"}],"wp:term":[{"taxonomy":"product_brand","embeddable":true,"href":"https:\/\/naturalpoland.com\/ko\/wp-json\/wp\/v2\/product_brand?post=43453"},{"taxonomy":"product_cat","embeddable":true,"href":"https:\/\/naturalpoland.com\/ko\/wp-json\/wp\/v2\/product_cat?post=43453"},{"taxonomy":"product_tag","embeddable":true,"href":"https:\/\/naturalpoland.com\/ko\/wp-json\/wp\/v2\/product_tag?post=43453"}],"curies":[{"name":"wp","href":"https:\/\/api.w.org\/{rel}","templated":true}]}}