{"id":43455,"date":"2023-10-06T09:39:24","date_gmt":"2023-10-06T07:39:24","guid":{"rendered":"https:\/\/naturalpoland.com\/produkty\/uncategorized\/%eb%b0%9c%ed%9a%a8-%ec%95%8c%eb%a1%9c%ec%97%90-%ec%b6%94%ec%b6%9c%eb%ac%bc\/"},"modified":"2025-09-26T16:19:11","modified_gmt":"2025-09-26T14:19:11","slug":"%eb%b0%9c%ed%9a%a8-%ec%95%8c%eb%a1%9c%ec%97%90-%ec%b6%94%ec%b6%9c%eb%ac%bc","status":"publish","type":"product","link":"https:\/\/naturalpoland.com\/ko\/je-pum\/hwa-jang-pum-won-ryo\/bal-hyo-chu-chul-mul\/%eb%b0%9c%ed%9a%a8-%ec%95%8c%eb%a1%9c%ec%97%90-%ec%b6%94%ec%b6%9c%eb%ac%bc\/","title":{"rendered":"\ubc1c\ud6a8 \uc54c\ub85c\uc5d0 \ucd94\ucd9c\ubb3c"},"content":{"rendered":"<h2>\ud2b9\uc131<\/h2>\n<p>\uc54c\ub85c\uc5d0\ub294 \ub6f0\uc5b4\ub09c <strong>\ubcf4\uc2b5 \ubc0f \uc9c4\uc815 \ud2b9\uc131<\/strong>\uc73c\ub85c \uc778\ud574 \uc624\ub7ab\ub3d9\uc548 \ud654\uc7a5\ud488 \ubd84\uc57c\uc5d0\uc11c \ub192\uc774 \ud3c9\uac00\ub418\uc5b4 \uc654\uc2b5\ub2c8\ub2e4. \ubc1c\ud6a8 \uc54c\ub85c\uc5d0 \ucd94\ucd9c\ubb3c\uc740 \ud53c\ubd80\uc5d0 \uc9d1\uc911\uc801\uc778 \uc218\ubd84\uc744 \uacf5\uae09\ud558\uace0, \uc138\ud3ec\uc758 \uc218\ubd84 \uade0\ud615\uc744 \uc720\uc9c0\ud558\ub294 \ub370 \ub3c4\uc6c0\uc744 \uc8fc\uba70, \ud53c\ubd80 \ud45c\uba74\uc5d0 \ubcf4\ud638\ub9c9\uc744 \ud615\uc131\ud569\ub2c8\ub2e4. \ub610\ud55c \uc790\uadf9\uacfc \ubd89\uc740\uae30\ub97c \uc644\ud654\ud558\uc5ec \ubbfc\uac10\ud558\uace0 \ubc18\uc751\uc131\uc774 \uac15\ud55c \ud53c\ubd80\uc5d0 \uc548\ub3c4\uac10\uc744 \uc90d\ub2c8\ub2e4.  <\/p>\n<p>\ub610\ud55c, \ucd94\ucd9c\ubb3c\uc5d0 \ud568\uc720\ub41c \ud65c\uc131 \uc131\ubd84\uc740 <strong>\ud53c\ubd80 \uc7ac\uc0dd \uacfc\uc815\uc744 \ucd09\uc9c4<\/strong>\ud558\uba70, \ud53c\ubd80\uc758 \uc790\uc5f0\uc801\uc778 \ubc29\uc5b4 \ubc0f \ubcf5\uad6c \uba54\ucee4\ub2c8\uc998\uc744 \uc9c0\uc6d0\ud569\ub2c8\ub2e4. \ucd94\ucd9c\ubb3c\uc758 \ud56d\uc0b0\ud654 \uc791\uc6a9\uc740 \uc624\uc5fc\uc774\ub098 \uc790\uc678\uc120\uacfc \uac19\uc740 \uc678\ubd80 \uc694\uc778\uc758 \ubd80\uc815\uc801\uc778 \uc601\ud5a5\uc73c\ub85c\ubd80\ud130 \ud53c\ubd80\ub97c \ubcf4\ud638\ud558\uc5ec \uc870\uae30 \ud53c\ubd80 \ub178\ud654\ub97c \ubc29\uc9c0\ud569\ub2c8\ub2e4. <\/p>\n<h2>\uc801\uc6a9 \ubd84\uc57c:<\/h2>\n<p>\ubc1c\ud6a8 \uc54c\ub85c\uc5d0 \ucd94\ucd9c\ubb3c\uc740 \ud06c\ub9bc, \uc138\ub7fc, \uc5d0\uba40\uc804, \uc824 \ub610\ub294 \ub9c8\uc2a4\ud06c\ud329\uacfc \uac19\uc740 \ub2e4\uc591\ud55c \ud654\uc7a5\ud488\uc5d0 \ud6cc\ub96d\ud55c \ucca8\uac00\uc81c\uc785\ub2c8\ub2e4. \ud2b9\ud788 \ubbfc\uac10\uc131, \uac74\uc131, \uc131\uc219 \ub610\ub294 \uc790\uadf9\ubc1b\uae30 \uc26c\uc6b4 \ud53c\ubd80\ub97c \ud3ec\ud568\ud55c \ubaa8\ub4e0 \ud53c\ubd80 \ud0c0\uc785 \uad00\ub9ac\ub97c \uc704\ud574 \uace0\uc548\ub41c \uc81c\ud488\uc5d0 \uc131\uacf5\uc801\uc73c\ub85c \uc0ac\uc6a9\ub420 \uc218 \uc788\uc2b5\ub2c8\ub2e4. <\/p>\n<p>\uc774 \uc81c\ud488\uc740 \uc644\uc804 \ucc9c\uc5f0, \ube44\uac74\uc774\uba70 \ud569\uc131 \ucca8\uac00\ubb3c\uc744 \ud3ec\ud568\ud558\uc9c0 \uc54a\uc544 \ubaa8\ub4e0 \ud53c\ubd80 \ud0c0\uc785\uc5d0 \uc548\uc804\ud558\uace0 \uc21c\ud569\ub2c8\ub2e4. \ubc1c\ud6a8 \uc54c\ub85c\uc5d0 \ucd94\ucd9c\ubb3c\uc740 \ucd5c\uace0 \uc218\uc900\uc758 \ud488\uc9c8\uacfc \uc724\ub9ac \uae30\uc900\uc744 \uc720\uc9c0\ud558\uba74\uc11c \uc785\uc99d\ub41c \ub2e4\ubc29\ud5a5 \ud6a8\ub2a5\uc744 \uc9c0\ub2cc \uc81c\ud488\uc744 \uc81c\uacf5\ud558\uace0\uc790 \ud558\ub294 \ud654\uc7a5\ud488 \ube0c\ub79c\ub4dc\uc5d0\uac8c \ud0c1\uc6d4\ud55c \uc120\ud0dd\uc785\ub2c8\ub2e4. <\/p>\n","protected":false},"excerpt":{"rendered":"<p>\ubc1c\ud6a8 \uc54c\ub85c\uc5d0 \ucd94\ucd9c\ubb3c (INCI: <em>Aloe Ferment Extract<\/em>)\uc740 \uc54c\ub85c\uc5d0\uc758 \ubaa8\ub4e0 \uc720\uc775\ud55c \ud2b9\uc131\uc744 \ud6e8\uc52c \ub354 \ub18d\ucd95\ub418\uace0 \ud65c\uc131\ud654\ub41c \ud615\ud0dc\ub85c \uc9c0\ub2cc \ud53c\ubd80 \uad00\ub9ac \ubd84\uc57c\uc758 \ud601\uc2e0\uc801\uc778 \uc131\ubd84\uc785\ub2c8\ub2e4. \ubc1c\ud6a8 \uacfc\uc815\uc740 \uc54c\ub85c\uc5d0\uc758 \uc790\uc5f0\uc801\uc778 \uc774\uc810\uc744 \uac15\ud654\ud560 \ubfd0\ub9cc \uc544\ub2c8\ub77c \ud53c\ubd80 \ud761\uc218\ub97c \ub354 \uc6a9\uc774\ud558\uac8c \ud558\uc5ec \ub354\uc6b1 \uac15\ub825\ud55c \ud6a8\uacfc\ub85c \uc774\uc5b4\uc9d1\ub2c8\ub2e4. <\/p>\n","protected":false},"featured_media":43456,"template":"","meta":[],"product_brand":[],"product_cat":[8148],"product_tag":[],"class_list":{"0":"post-43455","1":"product","2":"type-product","3":"status-publish","4":"has-post-thumbnail","6":"product_cat-bal-hyo-chu-chul-mul","8":"first","9":"instock","10":"shipping-taxable","11":"product-type-simple"},"yoast_head":"<!-- This site is optimized with the Yoast SEO plugin v27.3 - https:\/\/yoast.com\/product\/yoast-seo-wordpress\/ -->\n<title>\ubc1c\ud6a8 \uc54c\ub85c\uc5d0 \ucd94\ucd9c\ubb3c - Natural Poland<\/title>\n<meta name=\"description\" content=\"\ubc1c\ud6a8 \uc54c\ub85c\uc5d0 \ucd94\ucd9c\ubb3c\uc740 \uc54c\ub85c\uc5d0\uc758 \ubaa8\ub4e0 \uc720\uc775\ud55c \ud2b9\uc131\uc744 \ub354\uc6b1 \ub18d\ucd95\ub41c \ud615\ud0dc\ub85c \ub2f4\uc544\ub0b8 \uc0c8\ub85c\uc6b4 \ud53c\ubd80 \uad00\ub9ac \uc131\ubd84\uc785\ub2c8\ub2e4.\" \/>\n<meta name=\"robots\" content=\"index, follow, max-snippet:-1, max-image-preview:large, max-video-preview:-1\" \/>\n<link rel=\"canonical\" href=\"https:\/\/naturalpoland.com\/ko\/je-pum\/hwa-jang-pum-won-ryo\/bal-hyo-chu-chul-mul\/%eb%b0%9c%ed%9a%a8-%ec%95%8c%eb%a1%9c%ec%97%90-%ec%b6%94%ec%b6%9c%eb%ac%bc\/\" \/>\n<meta property=\"og:locale\" content=\"ko_KR\" \/>\n<meta property=\"og:type\" content=\"article\" \/>\n<meta property=\"og:title\" content=\"\ubc1c\ud6a8 \uc54c\ub85c\uc5d0 \ucd94\ucd9c\ubb3c - Natural Poland\" \/>\n<meta property=\"og:description\" content=\"\ubc1c\ud6a8 \uc54c\ub85c\uc5d0 \ucd94\ucd9c\ubb3c\uc740 \uc54c\ub85c\uc5d0\uc758 \ubaa8\ub4e0 \uc720\uc775\ud55c \ud2b9\uc131\uc744 \ub354\uc6b1 \ub18d\ucd95\ub41c \ud615\ud0dc\ub85c \ub2f4\uc544\ub0b8 \uc0c8\ub85c\uc6b4 \ud53c\ubd80 \uad00\ub9ac \uc131\ubd84\uc785\ub2c8\ub2e4.\" \/>\n<meta property=\"og:url\" content=\"https:\/\/naturalpoland.com\/ko\/je-pum\/hwa-jang-pum-won-ryo\/bal-hyo-chu-chul-mul\/%eb%b0%9c%ed%9a%a8-%ec%95%8c%eb%a1%9c%ec%97%90-%ec%b6%94%ec%b6%9c%eb%ac%bc\/\" \/>\n<meta property=\"og:site_name\" content=\"NATURAL POLAND - Hurtowy Dystrybutor Surowc\u00f3w\" \/>\n<meta property=\"article:publisher\" content=\"https:\/\/www.facebook.com\/naturalpoland.b2b\" \/>\n<meta property=\"article:modified_time\" content=\"2025-09-26T14:19:11+00:00\" \/>\n<meta property=\"og:image\" content=\"https:\/\/naturalpoland.com\/wp-content\/uploads\/fermentowany-ekstrakt-z-aloesu.png\" \/>\n\t<meta property=\"og:image:width\" content=\"590\" \/>\n\t<meta property=\"og:image:height\" content=\"590\" \/>\n\t<meta property=\"og:image:type\" content=\"image\/png\" \/>\n<script type=\"application\/ld+json\" class=\"yoast-schema-graph\">{\"@context\":\"https:\\\/\\\/schema.org\",\"@graph\":[{\"@type\":\"WebPage\",\"@id\":\"https:\\\/\\\/naturalpoland.com\\\/ko\\\/je-pum\\\/hwa-jang-pum-won-ryo\\\/bal-hyo-chu-chul-mul\\\/%eb%b0%9c%ed%9a%a8-%ec%95%8c%eb%a1%9c%ec%97%90-%ec%b6%94%ec%b6%9c%eb%ac%bc\\\/\",\"url\":\"https:\\\/\\\/naturalpoland.com\\\/ko\\\/je-pum\\\/hwa-jang-pum-won-ryo\\\/bal-hyo-chu-chul-mul\\\/%eb%b0%9c%ed%9a%a8-%ec%95%8c%eb%a1%9c%ec%97%90-%ec%b6%94%ec%b6%9c%eb%ac%bc\\\/\",\"name\":\"\ubc1c\ud6a8 \uc54c\ub85c\uc5d0 \ucd94\ucd9c\ubb3c - Natural Poland\",\"isPartOf\":{\"@id\":\"https:\\\/\\\/naturalpoland.com\\\/ko\\\/#website\"},\"primaryImageOfPage\":{\"@id\":\"https:\\\/\\\/naturalpoland.com\\\/ko\\\/je-pum\\\/hwa-jang-pum-won-ryo\\\/bal-hyo-chu-chul-mul\\\/%eb%b0%9c%ed%9a%a8-%ec%95%8c%eb%a1%9c%ec%97%90-%ec%b6%94%ec%b6%9c%eb%ac%bc\\\/#primaryimage\"},\"image\":{\"@id\":\"https:\\\/\\\/naturalpoland.com\\\/ko\\\/je-pum\\\/hwa-jang-pum-won-ryo\\\/bal-hyo-chu-chul-mul\\\/%eb%b0%9c%ed%9a%a8-%ec%95%8c%eb%a1%9c%ec%97%90-%ec%b6%94%ec%b6%9c%eb%ac%bc\\\/#primaryimage\"},\"thumbnailUrl\":\"https:\\\/\\\/naturalpoland.com\\\/wp-content\\\/uploads\\\/fermentowany-ekstrakt-z-aloesu.png\",\"datePublished\":\"2023-10-06T07:39:24+00:00\",\"dateModified\":\"2025-09-26T14:19:11+00:00\",\"description\":\"\ubc1c\ud6a8 \uc54c\ub85c\uc5d0 \ucd94\ucd9c\ubb3c\uc740 \uc54c\ub85c\uc5d0\uc758 \ubaa8\ub4e0 \uc720\uc775\ud55c \ud2b9\uc131\uc744 \ub354\uc6b1 \ub18d\ucd95\ub41c \ud615\ud0dc\ub85c \ub2f4\uc544\ub0b8 \uc0c8\ub85c\uc6b4 \ud53c\ubd80 \uad00\ub9ac \uc131\ubd84\uc785\ub2c8\ub2e4.\",\"breadcrumb\":{\"@id\":\"https:\\\/\\\/naturalpoland.com\\\/ko\\\/je-pum\\\/hwa-jang-pum-won-ryo\\\/bal-hyo-chu-chul-mul\\\/%eb%b0%9c%ed%9a%a8-%ec%95%8c%eb%a1%9c%ec%97%90-%ec%b6%94%ec%b6%9c%eb%ac%bc\\\/#breadcrumb\"},\"inLanguage\":\"ko-KR\",\"potentialAction\":[{\"@type\":\"ReadAction\",\"target\":[\"https:\\\/\\\/naturalpoland.com\\\/ko\\\/je-pum\\\/hwa-jang-pum-won-ryo\\\/bal-hyo-chu-chul-mul\\\/%eb%b0%9c%ed%9a%a8-%ec%95%8c%eb%a1%9c%ec%97%90-%ec%b6%94%ec%b6%9c%eb%ac%bc\\\/\"]}]},{\"@type\":\"ImageObject\",\"inLanguage\":\"ko-KR\",\"@id\":\"https:\\\/\\\/naturalpoland.com\\\/ko\\\/je-pum\\\/hwa-jang-pum-won-ryo\\\/bal-hyo-chu-chul-mul\\\/%eb%b0%9c%ed%9a%a8-%ec%95%8c%eb%a1%9c%ec%97%90-%ec%b6%94%ec%b6%9c%eb%ac%bc\\\/#primaryimage\",\"url\":\"https:\\\/\\\/naturalpoland.com\\\/wp-content\\\/uploads\\\/fermentowany-ekstrakt-z-aloesu.png\",\"contentUrl\":\"https:\\\/\\\/naturalpoland.com\\\/wp-content\\\/uploads\\\/fermentowany-ekstrakt-z-aloesu.png\",\"width\":590,\"height\":590,\"caption\":\"\ubc1c\ud6a8 \uc54c\ub85c\uc5d0 \ucd94\ucd9c\ubb3c\"},{\"@type\":\"BreadcrumbList\",\"@id\":\"https:\\\/\\\/naturalpoland.com\\\/ko\\\/je-pum\\\/hwa-jang-pum-won-ryo\\\/bal-hyo-chu-chul-mul\\\/%eb%b0%9c%ed%9a%a8-%ec%95%8c%eb%a1%9c%ec%97%90-%ec%b6%94%ec%b6%9c%eb%ac%bc\\\/#breadcrumb\",\"itemListElement\":[{\"@type\":\"ListItem\",\"position\":1,\"name\":\"\ud648\",\"item\":\"https:\\\/\\\/naturalpoland.com\\\/ko\\\/\"},{\"@type\":\"ListItem\",\"position\":2,\"name\":\"\uc81c\ud488\",\"item\":\"https:\\\/\\\/naturalpoland.com\\\/ko\\\/%ec%a0%9c%ed%92%88\\\/\"},{\"@type\":\"ListItem\",\"position\":3,\"name\":\"\ubc1c\ud6a8 \uc54c\ub85c\uc5d0 \ucd94\ucd9c\ubb3c\"}]},{\"@type\":\"WebSite\",\"@id\":\"https:\\\/\\\/naturalpoland.com\\\/ko\\\/#website\",\"url\":\"https:\\\/\\\/naturalpoland.com\\\/ko\\\/\",\"name\":\"NATURAL POLAND - Hurtowy Dystrybutor Surowc\u00f3w\",\"description\":\"Surowce dla przemys\u0142u spo\u017cywczego, kosmetycznego i farmaceutycznego\",\"publisher\":{\"@id\":\"https:\\\/\\\/naturalpoland.com\\\/ko\\\/#organization\"},\"potentialAction\":[{\"@type\":\"SearchAction\",\"target\":{\"@type\":\"EntryPoint\",\"urlTemplate\":\"https:\\\/\\\/naturalpoland.com\\\/ko\\\/?s={search_term_string}\"},\"query-input\":{\"@type\":\"PropertyValueSpecification\",\"valueRequired\":true,\"valueName\":\"search_term_string\"}}],\"inLanguage\":\"ko-KR\"},{\"@type\":\"Organization\",\"@id\":\"https:\\\/\\\/naturalpoland.com\\\/ko\\\/#organization\",\"name\":\"Natural Poland\",\"url\":\"https:\\\/\\\/naturalpoland.com\\\/ko\\\/\",\"logo\":{\"@type\":\"ImageObject\",\"inLanguage\":\"ko-KR\",\"@id\":\"https:\\\/\\\/naturalpoland.com\\\/ko\\\/#\\\/schema\\\/logo\\\/image\\\/\",\"url\":\"https:\\\/\\\/naturalpoland.com\\\/wp-content\\\/uploads\\\/2021\\\/05\\\/natural-poland-icon.png\",\"contentUrl\":\"https:\\\/\\\/naturalpoland.com\\\/wp-content\\\/uploads\\\/2021\\\/05\\\/natural-poland-icon.png\",\"width\":512,\"height\":512,\"caption\":\"Natural Poland\"},\"image\":{\"@id\":\"https:\\\/\\\/naturalpoland.com\\\/ko\\\/#\\\/schema\\\/logo\\\/image\\\/\"},\"sameAs\":[\"https:\\\/\\\/www.facebook.com\\\/naturalpoland.b2b\",\"https:\\\/\\\/pl.linkedin.com\\\/company\\\/natural-poland\",\"https:\\\/\\\/www.youtube.com\\\/channel\\\/UCgeGGkvOMahZo-xu_MSEWxg\"]}]}<\/script>\n<!-- \/ Yoast SEO plugin. -->","yoast_head_json":{"title":"\ubc1c\ud6a8 \uc54c\ub85c\uc5d0 \ucd94\ucd9c\ubb3c - Natural Poland","description":"\ubc1c\ud6a8 \uc54c\ub85c\uc5d0 \ucd94\ucd9c\ubb3c\uc740 \uc54c\ub85c\uc5d0\uc758 \ubaa8\ub4e0 \uc720\uc775\ud55c \ud2b9\uc131\uc744 \ub354\uc6b1 \ub18d\ucd95\ub41c \ud615\ud0dc\ub85c \ub2f4\uc544\ub0b8 \uc0c8\ub85c\uc6b4 \ud53c\ubd80 \uad00\ub9ac \uc131\ubd84\uc785\ub2c8\ub2e4.","robots":{"index":"index","follow":"follow","max-snippet":"max-snippet:-1","max-image-preview":"max-image-preview:large","max-video-preview":"max-video-preview:-1"},"canonical":"https:\/\/naturalpoland.com\/ko\/je-pum\/hwa-jang-pum-won-ryo\/bal-hyo-chu-chul-mul\/%eb%b0%9c%ed%9a%a8-%ec%95%8c%eb%a1%9c%ec%97%90-%ec%b6%94%ec%b6%9c%eb%ac%bc\/","og_locale":"ko_KR","og_type":"article","og_title":"\ubc1c\ud6a8 \uc54c\ub85c\uc5d0 \ucd94\ucd9c\ubb3c - Natural Poland","og_description":"\ubc1c\ud6a8 \uc54c\ub85c\uc5d0 \ucd94\ucd9c\ubb3c\uc740 \uc54c\ub85c\uc5d0\uc758 \ubaa8\ub4e0 \uc720\uc775\ud55c \ud2b9\uc131\uc744 \ub354\uc6b1 \ub18d\ucd95\ub41c \ud615\ud0dc\ub85c \ub2f4\uc544\ub0b8 \uc0c8\ub85c\uc6b4 \ud53c\ubd80 \uad00\ub9ac \uc131\ubd84\uc785\ub2c8\ub2e4.","og_url":"https:\/\/naturalpoland.com\/ko\/je-pum\/hwa-jang-pum-won-ryo\/bal-hyo-chu-chul-mul\/%eb%b0%9c%ed%9a%a8-%ec%95%8c%eb%a1%9c%ec%97%90-%ec%b6%94%ec%b6%9c%eb%ac%bc\/","og_site_name":"NATURAL POLAND - Hurtowy Dystrybutor Surowc\u00f3w","article_publisher":"https:\/\/www.facebook.com\/naturalpoland.b2b","article_modified_time":"2025-09-26T14:19:11+00:00","og_image":[{"width":590,"height":590,"url":"https:\/\/naturalpoland.com\/wp-content\/uploads\/fermentowany-ekstrakt-z-aloesu.png","type":"image\/png"}],"schema":{"@context":"https:\/\/schema.org","@graph":[{"@type":"WebPage","@id":"https:\/\/naturalpoland.com\/ko\/je-pum\/hwa-jang-pum-won-ryo\/bal-hyo-chu-chul-mul\/%eb%b0%9c%ed%9a%a8-%ec%95%8c%eb%a1%9c%ec%97%90-%ec%b6%94%ec%b6%9c%eb%ac%bc\/","url":"https:\/\/naturalpoland.com\/ko\/je-pum\/hwa-jang-pum-won-ryo\/bal-hyo-chu-chul-mul\/%eb%b0%9c%ed%9a%a8-%ec%95%8c%eb%a1%9c%ec%97%90-%ec%b6%94%ec%b6%9c%eb%ac%bc\/","name":"\ubc1c\ud6a8 \uc54c\ub85c\uc5d0 \ucd94\ucd9c\ubb3c - Natural Poland","isPartOf":{"@id":"https:\/\/naturalpoland.com\/ko\/#website"},"primaryImageOfPage":{"@id":"https:\/\/naturalpoland.com\/ko\/je-pum\/hwa-jang-pum-won-ryo\/bal-hyo-chu-chul-mul\/%eb%b0%9c%ed%9a%a8-%ec%95%8c%eb%a1%9c%ec%97%90-%ec%b6%94%ec%b6%9c%eb%ac%bc\/#primaryimage"},"image":{"@id":"https:\/\/naturalpoland.com\/ko\/je-pum\/hwa-jang-pum-won-ryo\/bal-hyo-chu-chul-mul\/%eb%b0%9c%ed%9a%a8-%ec%95%8c%eb%a1%9c%ec%97%90-%ec%b6%94%ec%b6%9c%eb%ac%bc\/#primaryimage"},"thumbnailUrl":"https:\/\/naturalpoland.com\/wp-content\/uploads\/fermentowany-ekstrakt-z-aloesu.png","datePublished":"2023-10-06T07:39:24+00:00","dateModified":"2025-09-26T14:19:11+00:00","description":"\ubc1c\ud6a8 \uc54c\ub85c\uc5d0 \ucd94\ucd9c\ubb3c\uc740 \uc54c\ub85c\uc5d0\uc758 \ubaa8\ub4e0 \uc720\uc775\ud55c \ud2b9\uc131\uc744 \ub354\uc6b1 \ub18d\ucd95\ub41c \ud615\ud0dc\ub85c \ub2f4\uc544\ub0b8 \uc0c8\ub85c\uc6b4 \ud53c\ubd80 \uad00\ub9ac \uc131\ubd84\uc785\ub2c8\ub2e4.","breadcrumb":{"@id":"https:\/\/naturalpoland.com\/ko\/je-pum\/hwa-jang-pum-won-ryo\/bal-hyo-chu-chul-mul\/%eb%b0%9c%ed%9a%a8-%ec%95%8c%eb%a1%9c%ec%97%90-%ec%b6%94%ec%b6%9c%eb%ac%bc\/#breadcrumb"},"inLanguage":"ko-KR","potentialAction":[{"@type":"ReadAction","target":["https:\/\/naturalpoland.com\/ko\/je-pum\/hwa-jang-pum-won-ryo\/bal-hyo-chu-chul-mul\/%eb%b0%9c%ed%9a%a8-%ec%95%8c%eb%a1%9c%ec%97%90-%ec%b6%94%ec%b6%9c%eb%ac%bc\/"]}]},{"@type":"ImageObject","inLanguage":"ko-KR","@id":"https:\/\/naturalpoland.com\/ko\/je-pum\/hwa-jang-pum-won-ryo\/bal-hyo-chu-chul-mul\/%eb%b0%9c%ed%9a%a8-%ec%95%8c%eb%a1%9c%ec%97%90-%ec%b6%94%ec%b6%9c%eb%ac%bc\/#primaryimage","url":"https:\/\/naturalpoland.com\/wp-content\/uploads\/fermentowany-ekstrakt-z-aloesu.png","contentUrl":"https:\/\/naturalpoland.com\/wp-content\/uploads\/fermentowany-ekstrakt-z-aloesu.png","width":590,"height":590,"caption":"\ubc1c\ud6a8 \uc54c\ub85c\uc5d0 \ucd94\ucd9c\ubb3c"},{"@type":"BreadcrumbList","@id":"https:\/\/naturalpoland.com\/ko\/je-pum\/hwa-jang-pum-won-ryo\/bal-hyo-chu-chul-mul\/%eb%b0%9c%ed%9a%a8-%ec%95%8c%eb%a1%9c%ec%97%90-%ec%b6%94%ec%b6%9c%eb%ac%bc\/#breadcrumb","itemListElement":[{"@type":"ListItem","position":1,"name":"\ud648","item":"https:\/\/naturalpoland.com\/ko\/"},{"@type":"ListItem","position":2,"name":"\uc81c\ud488","item":"https:\/\/naturalpoland.com\/ko\/%ec%a0%9c%ed%92%88\/"},{"@type":"ListItem","position":3,"name":"\ubc1c\ud6a8 \uc54c\ub85c\uc5d0 \ucd94\ucd9c\ubb3c"}]},{"@type":"WebSite","@id":"https:\/\/naturalpoland.com\/ko\/#website","url":"https:\/\/naturalpoland.com\/ko\/","name":"NATURAL POLAND - Hurtowy Dystrybutor Surowc\u00f3w","description":"Surowce dla przemys\u0142u spo\u017cywczego, kosmetycznego i farmaceutycznego","publisher":{"@id":"https:\/\/naturalpoland.com\/ko\/#organization"},"potentialAction":[{"@type":"SearchAction","target":{"@type":"EntryPoint","urlTemplate":"https:\/\/naturalpoland.com\/ko\/?s={search_term_string}"},"query-input":{"@type":"PropertyValueSpecification","valueRequired":true,"valueName":"search_term_string"}}],"inLanguage":"ko-KR"},{"@type":"Organization","@id":"https:\/\/naturalpoland.com\/ko\/#organization","name":"Natural Poland","url":"https:\/\/naturalpoland.com\/ko\/","logo":{"@type":"ImageObject","inLanguage":"ko-KR","@id":"https:\/\/naturalpoland.com\/ko\/#\/schema\/logo\/image\/","url":"https:\/\/naturalpoland.com\/wp-content\/uploads\/2021\/05\/natural-poland-icon.png","contentUrl":"https:\/\/naturalpoland.com\/wp-content\/uploads\/2021\/05\/natural-poland-icon.png","width":512,"height":512,"caption":"Natural Poland"},"image":{"@id":"https:\/\/naturalpoland.com\/ko\/#\/schema\/logo\/image\/"},"sameAs":["https:\/\/www.facebook.com\/naturalpoland.b2b","https:\/\/pl.linkedin.com\/company\/natural-poland","https:\/\/www.youtube.com\/channel\/UCgeGGkvOMahZo-xu_MSEWxg"]}]}},"_links":{"self":[{"href":"https:\/\/naturalpoland.com\/ko\/wp-json\/wp\/v2\/product\/43455","targetHints":{"allow":["GET"]}}],"collection":[{"href":"https:\/\/naturalpoland.com\/ko\/wp-json\/wp\/v2\/product"}],"about":[{"href":"https:\/\/naturalpoland.com\/ko\/wp-json\/wp\/v2\/types\/product"}],"wp:featuredmedia":[{"embeddable":true,"href":"https:\/\/naturalpoland.com\/ko\/wp-json\/wp\/v2\/media\/43456"}],"wp:attachment":[{"href":"https:\/\/naturalpoland.com\/ko\/wp-json\/wp\/v2\/media?parent=43455"}],"wp:term":[{"taxonomy":"product_brand","embeddable":true,"href":"https:\/\/naturalpoland.com\/ko\/wp-json\/wp\/v2\/product_brand?post=43455"},{"taxonomy":"product_cat","embeddable":true,"href":"https:\/\/naturalpoland.com\/ko\/wp-json\/wp\/v2\/product_cat?post=43455"},{"taxonomy":"product_tag","embeddable":true,"href":"https:\/\/naturalpoland.com\/ko\/wp-json\/wp\/v2\/product_tag?post=43455"}],"curies":[{"name":"wp","href":"https:\/\/api.w.org\/{rel}","templated":true}]}}