{"id":43457,"date":"2023-10-06T10:43:14","date_gmt":"2023-10-06T08:43:14","guid":{"rendered":"https:\/\/naturalpoland.com\/produkty\/uncategorized\/%eb%b0%9c%ed%9a%a8-%ed%8e%98%ed%8d%bc%eb%af%bc%ed%8a%b8-%ec%b6%94%ec%b6%9c%eb%ac%bc\/"},"modified":"2025-09-26T16:19:15","modified_gmt":"2025-09-26T14:19:15","slug":"%eb%b0%9c%ed%9a%a8-%ed%8e%98%ed%8d%bc%eb%af%bc%ed%8a%b8-%ec%b6%94%ec%b6%9c%eb%ac%bc","status":"publish","type":"product","link":"https:\/\/naturalpoland.com\/ko\/je-pum\/hwa-jang-pum-won-ryo\/bal-hyo-chu-chul-mul\/%eb%b0%9c%ed%9a%a8-%ed%8e%98%ed%8d%bc%eb%af%bc%ed%8a%b8-%ec%b6%94%ec%b6%9c%eb%ac%bc\/","title":{"rendered":"\ubc1c\ud6a8 \ud398\ud37c\ubbfc\ud2b8 \ucd94\ucd9c\ubb3c"},"content":{"rendered":"<p>\uc774 \ucd94\ucd9c\ubb3c\uc740 \ud398\ud37c\ubbfc\ud2b8\uc758 \uc790\uc5f0\uc801\uc778 \ud2b9\uc131\uc744 \uac15\ud654\ud558\uace0 \uc120\uba85\ud558\uac8c \ud558\ub294 \ubc1c\ud6a8 \uacfc\uc815\uc744 \ud1b5\ud574 \uc0dd\uc131\ub429\ub2c8\ub2e4. \ubc1c\ud6a8 \ucd94\ucd9c\ubb3c\uc740 \uac15\ub82c\ud55c \ucfe8\ub9c1 \ubc0f \uc790\uadf9 \uc791\uc6a9\uc774 \ud2b9\uc9d5\uc774\uba70, \uc774\ub97c \ud1b5\ud574 \ud53c\ubd80 \ubbf8\uc138 \uc21c\ud658\uc744 \ud6a8\uacfc\uc801\uc73c\ub85c \uac1c\uc120\ud558\uc5ec \uc0c1\ucf8c\ud568\uacfc \ud3b8\uc548\ud568\uc744 \uc120\uc0ac\ud569\ub2c8\ub2e4. <\/p>\n<p>\ucfe8\ub9c1 \ud6a8\uacfc \uc678\uc5d0\ub3c4 \uc774 \uc81c\ud488\uc740 \uac15\ub825\ud55c \ud56d\uade0 \ubc0f \uc0b4\uade0 \uc791\uc6a9\uc744 \ub098\ud0c0\ub0b4\uc5b4 \uc5ec\ub4dc\ub984\uc131 \ubc0f \ubb38\uc81c\uc131 \ud53c\ubd80 \uad00\ub9ac\ub97c \uc704\ud55c \uc81c\ud488\uc5d0 \uc774\uc0c1\uc801\uc785\ub2c8\ub2e4. \uacfc\ub3c4\ud55c \ud53c\uc9c0 \ubd84\ube44\ub97c \uc870\uc808\ud558\uace0, \ubd89\uc740 \uae30\ub97c \uc904\uc774\uba70, \ud53c\ubd80 \uacb0\uc810\uacfc \uc2f8\uc6b0\ub294 \ub370 \ub3c4\uc6c0\uc744 \uc90d\ub2c8\ub2e4. <\/p>\n<p>\ubc1c\ud6a8 \ud398\ud37c\ubbfc\ud2b8 \ucd94\ucd9c\ubb3c\uc758 \ud56d\uc0b0\ud654 \ud2b9\uc131\uc740 \uc720\ud574\ud55c \ud65c\uc131\uc0b0\uc18c\ub85c\ubd80\ud130 \ud53c\ubd80\ub97c \ubcf4\ud638\ud558\uc5ec \uc870\uae30 \ub178\ud654\uc5d0 \ub300\ud55c \ud6a8\uacfc\uc801\uc778 \ubc29\uc5b4\ub97c \uc81c\uacf5\ud569\ub2c8\ub2e4. \ub610\ud55c, \uc774 \ucd94\ucd9c\ubb3c\uc740 \uc9c4\uc815 \ubc0f \uc644\ud654 \uc791\uc6a9\uc744 \ud558\uc5ec \ubbfc\uac10\ud558\uace0 \uc790\uadf9\ubc1b\uc740 \ud53c\ubd80\uc5d0 \ud3b8\uc548\ud568\uc744 \uc120\uc0ac\ud569\ub2c8\ub2e4. <\/p>\n<p>\uc774 \uc81c\ud488\uc758 \uc0c1\ucf8c\ud55c \ud2b9\uc131\uc740 \ubc14\ub514 \ubc0f \ud5e4\uc5b4 \ucf00\uc5b4 \uc81c\ud488\uc5d0\uc11c\ub3c4 \ub9e4\uc6b0 \uc911\uc694\ud569\ub2c8\ub2e4. \uc0f4\ud478\uc640 \ucee8\ub514\uc154\ub108\uc5d0 \uc0ac\uc6a9\ud558\uba74 \ub450\ud53c\ub97c \uc790\uadf9\ud558\uc5ec \ubaa8\ubc1c \uc0c1\ud0dc\uc5d0 \uae0d\uc815\uc801\uc778 \uc601\ud5a5\uc744 \ubbf8\uce58\uace0 \ud65c\ub825\uacfc \uc0c1\ucf8c\ud568\uc744 \ub354\ud574\uc90d\ub2c8\ub2e4. <\/p>\n<p>\ubc1c\ud6a8 \ud398\ud37c\ubbfc\ud2b8 \ucd94\ucd9c\ubb3c\uc740 \ubc14\ub514 \uc6cc\uc2dc \uc81c\ud488\ubd80\ud130 \ud06c\ub9bc, \ub85c\uc158, \ub9c8\uc2a4\ud06c\ud329, \ud5e4\uc5b4 \ucf00\uc5b4 \uc81c\ud488\uc5d0 \uc774\ub974\uae30\uae4c\uc9c0 \ub2e4\uc591\ud55c \uc885\ub958\uc758 \ud654\uc7a5\ud488\uc5d0 \ud6cc\ub96d\ud55c \ucca8\uac00\uc81c\uc785\ub2c8\ub2e4. \uadf8 \ubcf4\ud3b8\uc801\uc774\uace0 \ub2e4\uc7ac\ub2e4\ub2a5\ud55c \uc791\uc6a9\uc73c\ub85c \uc778\ud574 \ucc9c\uc5f0 \ubc0f \uc720\uae30\ub18d \ud654\uc7a5\ud488 \uc81c\uc870\uc5c5\uccb4\uc5d0\uc11c \uc120\ud638\ub429\ub2c8\ub2e4. <\/p>\n","protected":false},"excerpt":{"rendered":"<p>\ubc1c\ud6a8 \ud398\ud37c\ubbfc\ud2b8 \ucd94\ucd9c\ubb3c (INCI:<em> Peppermint Ferment Extract<\/em>)\uc740 \uac15\ub825\ud55c \uc0c1\ucf8c\ud568\uacfc \ud1a0\ub2dd \ud2b9\uc131\uc744 \uc9c0\ub2cc \ub3c5\ud2b9\ud558\uace0 \ud601\uc2e0\uc801\uc778 \ud654\uc7a5\ud488 \uc131\ubd84\uc73c\ub85c, \ucd5c\uace0 \ud488\uc9c8\uc758 \ud654\uc7a5\ud488\uc744 \ub9cc\ub4dc\ub294 \ub370 \uc0ac\uc6a9\ub429\ub2c8\ub2e4.<\/p>\n","protected":false},"featured_media":43458,"template":"","meta":[],"product_brand":[],"product_cat":[8148],"product_tag":[],"class_list":{"0":"post-43457","1":"product","2":"type-product","3":"status-publish","4":"has-post-thumbnail","6":"product_cat-bal-hyo-chu-chul-mul","8":"first","9":"instock","10":"shipping-taxable","11":"product-type-simple"},"yoast_head":"<!-- This site is optimized with the Yoast SEO plugin v27.3 - https:\/\/yoast.com\/product\/yoast-seo-wordpress\/ -->\n<title>\ubc1c\ud6a8 \ud398\ud37c\ubbfc\ud2b8 \ucd94\ucd9c\ubb3c - Hurtowy Dystrybutor<\/title>\n<meta name=\"description\" content=\"\ubc1c\ud6a8 \ud398\ud37c\ubbfc\ud2b8 \ucd94\ucd9c\ubb3c\uc740 \ucd5c\uace0 \ud488\uc9c8\uc758 \ud654\uc7a5\ud488\uc744 \ub9cc\ub4dc\ub294 \ub370 \uc0ac\uc6a9\ub418\ub294 \ud601\uc2e0\uc801\uc778 \ud654\uc7a5\ud488 \uc131\ubd84\uc785\ub2c8\ub2e4.\" \/>\n<meta name=\"robots\" content=\"index, follow, max-snippet:-1, max-image-preview:large, max-video-preview:-1\" \/>\n<link rel=\"canonical\" href=\"https:\/\/naturalpoland.com\/ko\/je-pum\/hwa-jang-pum-won-ryo\/bal-hyo-chu-chul-mul\/%eb%b0%9c%ed%9a%a8-%ed%8e%98%ed%8d%bc%eb%af%bc%ed%8a%b8-%ec%b6%94%ec%b6%9c%eb%ac%bc\/\" \/>\n<meta property=\"og:locale\" content=\"ko_KR\" \/>\n<meta property=\"og:type\" content=\"article\" \/>\n<meta property=\"og:title\" content=\"\ubc1c\ud6a8 \ud398\ud37c\ubbfc\ud2b8 \ucd94\ucd9c\ubb3c - Hurtowy Dystrybutor\" \/>\n<meta property=\"og:description\" content=\"\ubc1c\ud6a8 \ud398\ud37c\ubbfc\ud2b8 \ucd94\ucd9c\ubb3c\uc740 \ucd5c\uace0 \ud488\uc9c8\uc758 \ud654\uc7a5\ud488\uc744 \ub9cc\ub4dc\ub294 \ub370 \uc0ac\uc6a9\ub418\ub294 \ud601\uc2e0\uc801\uc778 \ud654\uc7a5\ud488 \uc131\ubd84\uc785\ub2c8\ub2e4.\" \/>\n<meta property=\"og:url\" content=\"https:\/\/naturalpoland.com\/ko\/je-pum\/hwa-jang-pum-won-ryo\/bal-hyo-chu-chul-mul\/%eb%b0%9c%ed%9a%a8-%ed%8e%98%ed%8d%bc%eb%af%bc%ed%8a%b8-%ec%b6%94%ec%b6%9c%eb%ac%bc\/\" \/>\n<meta property=\"og:site_name\" content=\"NATURAL POLAND - Hurtowy Dystrybutor Surowc\u00f3w\" \/>\n<meta property=\"article:publisher\" content=\"https:\/\/www.facebook.com\/naturalpoland.b2b\" \/>\n<meta property=\"article:modified_time\" content=\"2025-09-26T14:19:15+00:00\" \/>\n<meta property=\"og:image\" content=\"https:\/\/naturalpoland.com\/wp-content\/uploads\/fermentowany-ekstrakt-z-miety-pieprzowej.png\" \/>\n\t<meta property=\"og:image:width\" content=\"590\" \/>\n\t<meta property=\"og:image:height\" content=\"590\" \/>\n\t<meta property=\"og:image:type\" content=\"image\/png\" \/>\n<script type=\"application\/ld+json\" class=\"yoast-schema-graph\">{\"@context\":\"https:\\\/\\\/schema.org\",\"@graph\":[{\"@type\":\"WebPage\",\"@id\":\"https:\\\/\\\/naturalpoland.com\\\/ko\\\/je-pum\\\/hwa-jang-pum-won-ryo\\\/bal-hyo-chu-chul-mul\\\/%eb%b0%9c%ed%9a%a8-%ed%8e%98%ed%8d%bc%eb%af%bc%ed%8a%b8-%ec%b6%94%ec%b6%9c%eb%ac%bc\\\/\",\"url\":\"https:\\\/\\\/naturalpoland.com\\\/ko\\\/je-pum\\\/hwa-jang-pum-won-ryo\\\/bal-hyo-chu-chul-mul\\\/%eb%b0%9c%ed%9a%a8-%ed%8e%98%ed%8d%bc%eb%af%bc%ed%8a%b8-%ec%b6%94%ec%b6%9c%eb%ac%bc\\\/\",\"name\":\"\ubc1c\ud6a8 \ud398\ud37c\ubbfc\ud2b8 \ucd94\ucd9c\ubb3c - Hurtowy Dystrybutor\",\"isPartOf\":{\"@id\":\"https:\\\/\\\/naturalpoland.com\\\/ko\\\/#website\"},\"primaryImageOfPage\":{\"@id\":\"https:\\\/\\\/naturalpoland.com\\\/ko\\\/je-pum\\\/hwa-jang-pum-won-ryo\\\/bal-hyo-chu-chul-mul\\\/%eb%b0%9c%ed%9a%a8-%ed%8e%98%ed%8d%bc%eb%af%bc%ed%8a%b8-%ec%b6%94%ec%b6%9c%eb%ac%bc\\\/#primaryimage\"},\"image\":{\"@id\":\"https:\\\/\\\/naturalpoland.com\\\/ko\\\/je-pum\\\/hwa-jang-pum-won-ryo\\\/bal-hyo-chu-chul-mul\\\/%eb%b0%9c%ed%9a%a8-%ed%8e%98%ed%8d%bc%eb%af%bc%ed%8a%b8-%ec%b6%94%ec%b6%9c%eb%ac%bc\\\/#primaryimage\"},\"thumbnailUrl\":\"https:\\\/\\\/naturalpoland.com\\\/wp-content\\\/uploads\\\/fermentowany-ekstrakt-z-miety-pieprzowej.png\",\"datePublished\":\"2023-10-06T08:43:14+00:00\",\"dateModified\":\"2025-09-26T14:19:15+00:00\",\"description\":\"\ubc1c\ud6a8 \ud398\ud37c\ubbfc\ud2b8 \ucd94\ucd9c\ubb3c\uc740 \ucd5c\uace0 \ud488\uc9c8\uc758 \ud654\uc7a5\ud488\uc744 \ub9cc\ub4dc\ub294 \ub370 \uc0ac\uc6a9\ub418\ub294 \ud601\uc2e0\uc801\uc778 \ud654\uc7a5\ud488 \uc131\ubd84\uc785\ub2c8\ub2e4.\",\"breadcrumb\":{\"@id\":\"https:\\\/\\\/naturalpoland.com\\\/ko\\\/je-pum\\\/hwa-jang-pum-won-ryo\\\/bal-hyo-chu-chul-mul\\\/%eb%b0%9c%ed%9a%a8-%ed%8e%98%ed%8d%bc%eb%af%bc%ed%8a%b8-%ec%b6%94%ec%b6%9c%eb%ac%bc\\\/#breadcrumb\"},\"inLanguage\":\"ko-KR\",\"potentialAction\":[{\"@type\":\"ReadAction\",\"target\":[\"https:\\\/\\\/naturalpoland.com\\\/ko\\\/je-pum\\\/hwa-jang-pum-won-ryo\\\/bal-hyo-chu-chul-mul\\\/%eb%b0%9c%ed%9a%a8-%ed%8e%98%ed%8d%bc%eb%af%bc%ed%8a%b8-%ec%b6%94%ec%b6%9c%eb%ac%bc\\\/\"]}]},{\"@type\":\"ImageObject\",\"inLanguage\":\"ko-KR\",\"@id\":\"https:\\\/\\\/naturalpoland.com\\\/ko\\\/je-pum\\\/hwa-jang-pum-won-ryo\\\/bal-hyo-chu-chul-mul\\\/%eb%b0%9c%ed%9a%a8-%ed%8e%98%ed%8d%bc%eb%af%bc%ed%8a%b8-%ec%b6%94%ec%b6%9c%eb%ac%bc\\\/#primaryimage\",\"url\":\"https:\\\/\\\/naturalpoland.com\\\/wp-content\\\/uploads\\\/fermentowany-ekstrakt-z-miety-pieprzowej.png\",\"contentUrl\":\"https:\\\/\\\/naturalpoland.com\\\/wp-content\\\/uploads\\\/fermentowany-ekstrakt-z-miety-pieprzowej.png\",\"width\":590,\"height\":590,\"caption\":\"\ubc1c\ud6a8 \ud398\ud37c\ubbfc\ud2b8 \ucd94\ucd9c\ubb3c\"},{\"@type\":\"BreadcrumbList\",\"@id\":\"https:\\\/\\\/naturalpoland.com\\\/ko\\\/je-pum\\\/hwa-jang-pum-won-ryo\\\/bal-hyo-chu-chul-mul\\\/%eb%b0%9c%ed%9a%a8-%ed%8e%98%ed%8d%bc%eb%af%bc%ed%8a%b8-%ec%b6%94%ec%b6%9c%eb%ac%bc\\\/#breadcrumb\",\"itemListElement\":[{\"@type\":\"ListItem\",\"position\":1,\"name\":\"\ud648\",\"item\":\"https:\\\/\\\/naturalpoland.com\\\/ko\\\/\"},{\"@type\":\"ListItem\",\"position\":2,\"name\":\"\uc81c\ud488\",\"item\":\"https:\\\/\\\/naturalpoland.com\\\/ko\\\/%ec%a0%9c%ed%92%88\\\/\"},{\"@type\":\"ListItem\",\"position\":3,\"name\":\"\ubc1c\ud6a8 \ud398\ud37c\ubbfc\ud2b8 \ucd94\ucd9c\ubb3c\"}]},{\"@type\":\"WebSite\",\"@id\":\"https:\\\/\\\/naturalpoland.com\\\/ko\\\/#website\",\"url\":\"https:\\\/\\\/naturalpoland.com\\\/ko\\\/\",\"name\":\"NATURAL POLAND - Hurtowy Dystrybutor Surowc\u00f3w\",\"description\":\"Surowce dla przemys\u0142u spo\u017cywczego, kosmetycznego i farmaceutycznego\",\"publisher\":{\"@id\":\"https:\\\/\\\/naturalpoland.com\\\/ko\\\/#organization\"},\"potentialAction\":[{\"@type\":\"SearchAction\",\"target\":{\"@type\":\"EntryPoint\",\"urlTemplate\":\"https:\\\/\\\/naturalpoland.com\\\/ko\\\/?s={search_term_string}\"},\"query-input\":{\"@type\":\"PropertyValueSpecification\",\"valueRequired\":true,\"valueName\":\"search_term_string\"}}],\"inLanguage\":\"ko-KR\"},{\"@type\":\"Organization\",\"@id\":\"https:\\\/\\\/naturalpoland.com\\\/ko\\\/#organization\",\"name\":\"Natural Poland\",\"url\":\"https:\\\/\\\/naturalpoland.com\\\/ko\\\/\",\"logo\":{\"@type\":\"ImageObject\",\"inLanguage\":\"ko-KR\",\"@id\":\"https:\\\/\\\/naturalpoland.com\\\/ko\\\/#\\\/schema\\\/logo\\\/image\\\/\",\"url\":\"https:\\\/\\\/naturalpoland.com\\\/wp-content\\\/uploads\\\/2021\\\/05\\\/natural-poland-icon.png\",\"contentUrl\":\"https:\\\/\\\/naturalpoland.com\\\/wp-content\\\/uploads\\\/2021\\\/05\\\/natural-poland-icon.png\",\"width\":512,\"height\":512,\"caption\":\"Natural Poland\"},\"image\":{\"@id\":\"https:\\\/\\\/naturalpoland.com\\\/ko\\\/#\\\/schema\\\/logo\\\/image\\\/\"},\"sameAs\":[\"https:\\\/\\\/www.facebook.com\\\/naturalpoland.b2b\",\"https:\\\/\\\/pl.linkedin.com\\\/company\\\/natural-poland\",\"https:\\\/\\\/www.youtube.com\\\/channel\\\/UCgeGGkvOMahZo-xu_MSEWxg\"]}]}<\/script>\n<!-- \/ Yoast SEO plugin. -->","yoast_head_json":{"title":"\ubc1c\ud6a8 \ud398\ud37c\ubbfc\ud2b8 \ucd94\ucd9c\ubb3c - Hurtowy Dystrybutor","description":"\ubc1c\ud6a8 \ud398\ud37c\ubbfc\ud2b8 \ucd94\ucd9c\ubb3c\uc740 \ucd5c\uace0 \ud488\uc9c8\uc758 \ud654\uc7a5\ud488\uc744 \ub9cc\ub4dc\ub294 \ub370 \uc0ac\uc6a9\ub418\ub294 \ud601\uc2e0\uc801\uc778 \ud654\uc7a5\ud488 \uc131\ubd84\uc785\ub2c8\ub2e4.","robots":{"index":"index","follow":"follow","max-snippet":"max-snippet:-1","max-image-preview":"max-image-preview:large","max-video-preview":"max-video-preview:-1"},"canonical":"https:\/\/naturalpoland.com\/ko\/je-pum\/hwa-jang-pum-won-ryo\/bal-hyo-chu-chul-mul\/%eb%b0%9c%ed%9a%a8-%ed%8e%98%ed%8d%bc%eb%af%bc%ed%8a%b8-%ec%b6%94%ec%b6%9c%eb%ac%bc\/","og_locale":"ko_KR","og_type":"article","og_title":"\ubc1c\ud6a8 \ud398\ud37c\ubbfc\ud2b8 \ucd94\ucd9c\ubb3c - Hurtowy Dystrybutor","og_description":"\ubc1c\ud6a8 \ud398\ud37c\ubbfc\ud2b8 \ucd94\ucd9c\ubb3c\uc740 \ucd5c\uace0 \ud488\uc9c8\uc758 \ud654\uc7a5\ud488\uc744 \ub9cc\ub4dc\ub294 \ub370 \uc0ac\uc6a9\ub418\ub294 \ud601\uc2e0\uc801\uc778 \ud654\uc7a5\ud488 \uc131\ubd84\uc785\ub2c8\ub2e4.","og_url":"https:\/\/naturalpoland.com\/ko\/je-pum\/hwa-jang-pum-won-ryo\/bal-hyo-chu-chul-mul\/%eb%b0%9c%ed%9a%a8-%ed%8e%98%ed%8d%bc%eb%af%bc%ed%8a%b8-%ec%b6%94%ec%b6%9c%eb%ac%bc\/","og_site_name":"NATURAL POLAND - Hurtowy Dystrybutor Surowc\u00f3w","article_publisher":"https:\/\/www.facebook.com\/naturalpoland.b2b","article_modified_time":"2025-09-26T14:19:15+00:00","og_image":[{"width":590,"height":590,"url":"https:\/\/naturalpoland.com\/wp-content\/uploads\/fermentowany-ekstrakt-z-miety-pieprzowej.png","type":"image\/png"}],"schema":{"@context":"https:\/\/schema.org","@graph":[{"@type":"WebPage","@id":"https:\/\/naturalpoland.com\/ko\/je-pum\/hwa-jang-pum-won-ryo\/bal-hyo-chu-chul-mul\/%eb%b0%9c%ed%9a%a8-%ed%8e%98%ed%8d%bc%eb%af%bc%ed%8a%b8-%ec%b6%94%ec%b6%9c%eb%ac%bc\/","url":"https:\/\/naturalpoland.com\/ko\/je-pum\/hwa-jang-pum-won-ryo\/bal-hyo-chu-chul-mul\/%eb%b0%9c%ed%9a%a8-%ed%8e%98%ed%8d%bc%eb%af%bc%ed%8a%b8-%ec%b6%94%ec%b6%9c%eb%ac%bc\/","name":"\ubc1c\ud6a8 \ud398\ud37c\ubbfc\ud2b8 \ucd94\ucd9c\ubb3c - Hurtowy Dystrybutor","isPartOf":{"@id":"https:\/\/naturalpoland.com\/ko\/#website"},"primaryImageOfPage":{"@id":"https:\/\/naturalpoland.com\/ko\/je-pum\/hwa-jang-pum-won-ryo\/bal-hyo-chu-chul-mul\/%eb%b0%9c%ed%9a%a8-%ed%8e%98%ed%8d%bc%eb%af%bc%ed%8a%b8-%ec%b6%94%ec%b6%9c%eb%ac%bc\/#primaryimage"},"image":{"@id":"https:\/\/naturalpoland.com\/ko\/je-pum\/hwa-jang-pum-won-ryo\/bal-hyo-chu-chul-mul\/%eb%b0%9c%ed%9a%a8-%ed%8e%98%ed%8d%bc%eb%af%bc%ed%8a%b8-%ec%b6%94%ec%b6%9c%eb%ac%bc\/#primaryimage"},"thumbnailUrl":"https:\/\/naturalpoland.com\/wp-content\/uploads\/fermentowany-ekstrakt-z-miety-pieprzowej.png","datePublished":"2023-10-06T08:43:14+00:00","dateModified":"2025-09-26T14:19:15+00:00","description":"\ubc1c\ud6a8 \ud398\ud37c\ubbfc\ud2b8 \ucd94\ucd9c\ubb3c\uc740 \ucd5c\uace0 \ud488\uc9c8\uc758 \ud654\uc7a5\ud488\uc744 \ub9cc\ub4dc\ub294 \ub370 \uc0ac\uc6a9\ub418\ub294 \ud601\uc2e0\uc801\uc778 \ud654\uc7a5\ud488 \uc131\ubd84\uc785\ub2c8\ub2e4.","breadcrumb":{"@id":"https:\/\/naturalpoland.com\/ko\/je-pum\/hwa-jang-pum-won-ryo\/bal-hyo-chu-chul-mul\/%eb%b0%9c%ed%9a%a8-%ed%8e%98%ed%8d%bc%eb%af%bc%ed%8a%b8-%ec%b6%94%ec%b6%9c%eb%ac%bc\/#breadcrumb"},"inLanguage":"ko-KR","potentialAction":[{"@type":"ReadAction","target":["https:\/\/naturalpoland.com\/ko\/je-pum\/hwa-jang-pum-won-ryo\/bal-hyo-chu-chul-mul\/%eb%b0%9c%ed%9a%a8-%ed%8e%98%ed%8d%bc%eb%af%bc%ed%8a%b8-%ec%b6%94%ec%b6%9c%eb%ac%bc\/"]}]},{"@type":"ImageObject","inLanguage":"ko-KR","@id":"https:\/\/naturalpoland.com\/ko\/je-pum\/hwa-jang-pum-won-ryo\/bal-hyo-chu-chul-mul\/%eb%b0%9c%ed%9a%a8-%ed%8e%98%ed%8d%bc%eb%af%bc%ed%8a%b8-%ec%b6%94%ec%b6%9c%eb%ac%bc\/#primaryimage","url":"https:\/\/naturalpoland.com\/wp-content\/uploads\/fermentowany-ekstrakt-z-miety-pieprzowej.png","contentUrl":"https:\/\/naturalpoland.com\/wp-content\/uploads\/fermentowany-ekstrakt-z-miety-pieprzowej.png","width":590,"height":590,"caption":"\ubc1c\ud6a8 \ud398\ud37c\ubbfc\ud2b8 \ucd94\ucd9c\ubb3c"},{"@type":"BreadcrumbList","@id":"https:\/\/naturalpoland.com\/ko\/je-pum\/hwa-jang-pum-won-ryo\/bal-hyo-chu-chul-mul\/%eb%b0%9c%ed%9a%a8-%ed%8e%98%ed%8d%bc%eb%af%bc%ed%8a%b8-%ec%b6%94%ec%b6%9c%eb%ac%bc\/#breadcrumb","itemListElement":[{"@type":"ListItem","position":1,"name":"\ud648","item":"https:\/\/naturalpoland.com\/ko\/"},{"@type":"ListItem","position":2,"name":"\uc81c\ud488","item":"https:\/\/naturalpoland.com\/ko\/%ec%a0%9c%ed%92%88\/"},{"@type":"ListItem","position":3,"name":"\ubc1c\ud6a8 \ud398\ud37c\ubbfc\ud2b8 \ucd94\ucd9c\ubb3c"}]},{"@type":"WebSite","@id":"https:\/\/naturalpoland.com\/ko\/#website","url":"https:\/\/naturalpoland.com\/ko\/","name":"NATURAL POLAND - Hurtowy Dystrybutor Surowc\u00f3w","description":"Surowce dla przemys\u0142u spo\u017cywczego, kosmetycznego i farmaceutycznego","publisher":{"@id":"https:\/\/naturalpoland.com\/ko\/#organization"},"potentialAction":[{"@type":"SearchAction","target":{"@type":"EntryPoint","urlTemplate":"https:\/\/naturalpoland.com\/ko\/?s={search_term_string}"},"query-input":{"@type":"PropertyValueSpecification","valueRequired":true,"valueName":"search_term_string"}}],"inLanguage":"ko-KR"},{"@type":"Organization","@id":"https:\/\/naturalpoland.com\/ko\/#organization","name":"Natural Poland","url":"https:\/\/naturalpoland.com\/ko\/","logo":{"@type":"ImageObject","inLanguage":"ko-KR","@id":"https:\/\/naturalpoland.com\/ko\/#\/schema\/logo\/image\/","url":"https:\/\/naturalpoland.com\/wp-content\/uploads\/2021\/05\/natural-poland-icon.png","contentUrl":"https:\/\/naturalpoland.com\/wp-content\/uploads\/2021\/05\/natural-poland-icon.png","width":512,"height":512,"caption":"Natural Poland"},"image":{"@id":"https:\/\/naturalpoland.com\/ko\/#\/schema\/logo\/image\/"},"sameAs":["https:\/\/www.facebook.com\/naturalpoland.b2b","https:\/\/pl.linkedin.com\/company\/natural-poland","https:\/\/www.youtube.com\/channel\/UCgeGGkvOMahZo-xu_MSEWxg"]}]}},"_links":{"self":[{"href":"https:\/\/naturalpoland.com\/ko\/wp-json\/wp\/v2\/product\/43457","targetHints":{"allow":["GET"]}}],"collection":[{"href":"https:\/\/naturalpoland.com\/ko\/wp-json\/wp\/v2\/product"}],"about":[{"href":"https:\/\/naturalpoland.com\/ko\/wp-json\/wp\/v2\/types\/product"}],"wp:featuredmedia":[{"embeddable":true,"href":"https:\/\/naturalpoland.com\/ko\/wp-json\/wp\/v2\/media\/43458"}],"wp:attachment":[{"href":"https:\/\/naturalpoland.com\/ko\/wp-json\/wp\/v2\/media?parent=43457"}],"wp:term":[{"taxonomy":"product_brand","embeddable":true,"href":"https:\/\/naturalpoland.com\/ko\/wp-json\/wp\/v2\/product_brand?post=43457"},{"taxonomy":"product_cat","embeddable":true,"href":"https:\/\/naturalpoland.com\/ko\/wp-json\/wp\/v2\/product_cat?post=43457"},{"taxonomy":"product_tag","embeddable":true,"href":"https:\/\/naturalpoland.com\/ko\/wp-json\/wp\/v2\/product_tag?post=43457"}],"curies":[{"name":"wp","href":"https:\/\/api.w.org\/{rel}","templated":true}]}}