{"id":43459,"date":"2023-10-06T10:48:41","date_gmt":"2023-10-06T08:48:41","guid":{"rendered":"https:\/\/naturalpoland.com\/produkty\/uncategorized\/%eb%b0%9c%ed%9a%a8-%eb%9d%bc%ec%a6%88%eb%b2%a0%eb%a6%ac-%ec%b6%94%ec%b6%9c%eb%ac%bc\/"},"modified":"2025-09-26T16:19:18","modified_gmt":"2025-09-26T14:19:18","slug":"%eb%b0%9c%ed%9a%a8-%eb%9d%bc%ec%a6%88%eb%b2%a0%eb%a6%ac-%ec%b6%94%ec%b6%9c%eb%ac%bc","status":"publish","type":"product","link":"https:\/\/naturalpoland.com\/ko\/je-pum\/hwa-jang-pum-won-ryo\/bal-hyo-chu-chul-mul\/%eb%b0%9c%ed%9a%a8-%eb%9d%bc%ec%a6%88%eb%b2%a0%eb%a6%ac-%ec%b6%94%ec%b6%9c%eb%ac%bc\/","title":{"rendered":"\ubc1c\ud6a8 \ub77c\uc988\ubca0\ub9ac \ucd94\ucd9c\ubb3c"},"content":{"rendered":"<p>\uc774 \ucd94\ucd9c\ubb3c\uc740 \ub77c\uc988\ubca0\ub9ac\uc5d0\uc11c \ucca8\ub2e8 \ubc1c\ud6a8 \uacfc\uc815\uc744 \ud1b5\ud574 \uc5bb\uc5b4\uc9c0\uba70, \ube44\ud0c0\ubbfc C\uc640 <strong><a href=\"https:\/\/naturalpoland.com\/artykuly\/produkty-naturalne\/wlasciwosci-i-zastosowanie-kwasow-fenolowych\/\">\ud398\ub180\uc0b0<\/a><\/strong>\uc744 \ud3ec\ud568\ud55c \ud48d\ubd80\ud55c \ud56d\uc0b0\ud654 \ubb3c\uc9c8\uc744 \ub18d\ucd95\ud558\uace0 \uc788\uc2b5\ub2c8\ub2e4. \uc774 \uac15\ub825\ud55c \ud56d\uc0b0\ud654 \ubb3c\uc9c8\uc740 \ud53c\ubd80 \ub178\ud654 \uacfc\uc815\uc744 \uac00\uc18d\ud654\ud558\ub294 \uc8fc\uc694 \uc694\uc778\uc778 \ud65c\uc131 \uc0b0\uc18c\ub97c \ud6a8\uacfc\uc801\uc73c\ub85c \ud1f4\uce58\ud558\ub294 \ub370 \ub3c4\uc6c0\uc744 \uc90d\ub2c8\ub2e4. \uadf8 \uacb0\uacfc, \uc774 \uc81c\ud488\uc740 \uac74\uac15\ud558\uace0 \uc80a\uc740 \ud53c\ubd80\ub97c \uc720\uc9c0\ud558\ub294 \ub370 \uae30\uc5ec\ud558\ub294 \ud0c1\uc6d4\ud55c \ubcf4\ud638\ub9c9 \uc5ed\ud560\uc744 \ud569\ub2c8\ub2e4.  <\/p>\n<p><a href=\"https:\/\/naturalpoland.com\/artykuly\/produkty-naturalne\/pochodzenie-i-zastosowanie-kwasu-elagowego\/\"><strong>\uc5d8\ub77c\uadf8\uc0b0<\/strong><\/a> \ud568\uc720 \ub355\ubd84\uc5d0, \ubc1c\ud6a8 \ub77c\uc988\ubca0\ub9ac \ucd94\ucd9c\ubb3c\uc740 \uac15\ub825\ud55c \ud56d\uc5fc \ubc0f \ud56d\uade0 \uc791\uc6a9\ub3c4 \ub098\ud0c0\ub0c5\ub2c8\ub2e4. \uc774\ub294 \ud53c\ubd80 \uc5fc\uc99d\uc744 \uc904\uc774\uace0, \ubd89\uc740 \uae30\ub97c \ucd5c\uc18c\ud654\ud558\uba70, \ud53c\ubd80 \ud1a4\uc744 \uade0\uc77c\ud558\uac8c \ud558\ub294 \ub370 \ub3c4\uc6c0\uc744 \uc90d\ub2c8\ub2e4. \ub530\ub77c\uc11c \ubbfc\uac10\ud558\uac70\ub098 \uc790\uadf9\ubc1b\uae30 \uc26c\uc6b4 \ud53c\ubd80, \ub610\ub294 \uc5ec\ub4dc\ub984\uc131 \ud53c\ubd80\ub97c \uac00\uc9c4 \uc0ac\ub78c\ub4e4\uc5d0\uac8c \uc774\uc0c1\uc801\uc778 \uc131\ubd84\uc785\ub2c8\ub2e4. <\/p>\n<p>\ub610\ud55c, \uc774 \ucd94\ucd9c\ubb3c\uc740 \ucc9c\uc5f0 \ub2f9\ubd84\uacfc \uc544\ubbf8\ub178\uc0b0\uc774 \ud48d\ubd80\ud558\uc5ec \ud53c\ubd80\uc5d0 \ubcf4\uc2b5 \ud6a8\uacfc\ub97c \uc81c\uacf5\ud558\uace0 \uc801\uc808\ud55c \uc218\ubd84 \uc218\uc900\uc744 \uc720\uc9c0\ud558\ub294 \ub370 \ub3c4\uc6c0\uc744 \uc90d\ub2c8\ub2e4. \ucda9\ubd84\ud788 \ubcf4\uc2b5\ub418\uace0 \uc601\uc591\uc744 \uacf5\uae09\ubc1b\uc740 \ud53c\ubd80\ub294 \ub354\uc6b1 \ud0c4\ub825 \uc788\uace0 \ub9e4\ub044\ub7ec\uc6b0\uba70 \ube5b\ub098\uac8c \ub418\uba70, \uc8fc\ub984\uacfc \ud45c\uc815\uc120\uc774 \uc0dd\uae38 \uac00\ub2a5\uc131\ub3c4 \uc904\uc5b4\ub4ed\ub2c8\ub2e4. <\/p>\n<p>\ubc1c\ud6a8 \ub77c\uc988\ubca0\ub9ac \ucd94\ucd9c\ubb3c\uc740 \ub610\ud55c \ud654\uc7a5\ud488\uc5d0 \uae30\ubd84 \uc88b\uace0 \uc740\uc740\ud55c \ud5a5\uc744 \ub354\ud558\uc5ec \uc0ac\uc6a9 \uacbd\ud5d8\uc744 \ud5a5\uc0c1\uc2dc\ud0a4\ub294 \uc131\ubd84\uc785\ub2c8\ub2e4. \uc774\ub294 \ud06c\ub9bc, \ubc24, \ub9c8\uc2a4\ud06c\ud329, \uc0f4\ud478 \ub610\ub294 \ucee8\ub514\uc154\ub108\uc640 \uac19\uc740 \uc77c\uc0c1\uc801\uc778 \uc5bc\uad74, \ubab8, \ud5e4\uc5b4 \ucf00\uc5b4 \uc81c\ud488\uc5d0 \uc774\uc0c1\uc801\uc778 \uc194\ub8e8\uc158\uc785\ub2c8\ub2e4. <\/p>\n<p>\ub2e4\uae30\ub2a5\uc131, \ubcf4\ud638 \ubc0f \uc7ac\uc0dd \ud2b9\uc131, \uadf8\ub9ac\uace0 \uc790\uc5f0\uc2a4\ub7ec\uc6b4 \uacfc\uc77c \ud5a5 \ub355\ubd84\uc5d0 \ubc1c\ud6a8 \ub77c\uc988\ubca0\ub9ac \ucd94\ucd9c\ubb3c\uc740 \uac00\uc7a5 \uae4c\ub2e4\ub85c\uc6b4 \uc18c\ube44\uc790\ub4e4\uc744 \ub300\uc0c1\uc73c\ub85c \uc81c\ud488\uc744 \ub9cc\ub4dc\ub294 \ucc9c\uc5f0 \ubc0f \uc720\uae30\ub18d \ud654\uc7a5\ud488 \uc81c\uc870\uc5c5\uccb4\ub4e4\uc774 \uc120\ud638\ud558\ub294 \uc131\ubd84\uc785\ub2c8\ub2e4.<\/p>\n","protected":false},"excerpt":{"rendered":"<p>\ubc1c\ud6a8 \ub77c\uc988\ubca0\ub9ac \ucd94\ucd9c\ubb3c (INCI: <em>Raspberry Ferment Extract<\/em>)\uc740 \uace0\uae09 \ud654\uc7a5\ud488 \uc131\ubd84\uc73c\ub85c, \ub2e4\uc591\ud55c \uac74\uac15 \uc99d\uc9c4 \ud2b9\uc131\uc73c\ub85c \uc778\ud574 \ud504\ub9ac\ubbf8\uc5c4 \ud654\uc7a5\ud488 \ubd84\uc57c\uc5d0\uc11c \uc810\uc810 \ub354 \uc778\uae30\ub97c \uc5bb\uace0 \uc788\uc2b5\ub2c8\ub2e4.<\/p>\n","protected":false},"featured_media":43460,"template":"","meta":[],"product_brand":[],"product_cat":[8148],"product_tag":[],"class_list":{"0":"post-43459","1":"product","2":"type-product","3":"status-publish","4":"has-post-thumbnail","6":"product_cat-bal-hyo-chu-chul-mul","8":"first","9":"instock","10":"shipping-taxable","11":"product-type-simple"},"yoast_head":"<!-- This site is optimized with the Yoast SEO plugin v27.3 - https:\/\/yoast.com\/product\/yoast-seo-wordpress\/ -->\n<title>\ubc1c\ud6a8 \ub77c\uc988\ubca0\ub9ac \ucd94\ucd9c\ubb3c - Hurtowy Dystrybutor<\/title>\n<meta name=\"description\" content=\"\ubc1c\ud6a8 \ub77c\uc988\ubca0\ub9ac \ucd94\ucd9c\ubb3c\uc740 \uace0\uae09 \ud654\uc7a5\ud488 \uc131\ubd84\uc73c\ub85c, \ud504\ub9ac\ubbf8\uc5c4 \ud654\uc7a5\ud488 \ubd84\uc57c\uc5d0\uc11c \uc810\uc810 \ub354 \uc778\uae30\ub97c \uc5bb\uace0 \uc788\uc2b5\ub2c8\ub2e4.\" \/>\n<meta name=\"robots\" content=\"index, follow, max-snippet:-1, max-image-preview:large, max-video-preview:-1\" \/>\n<link rel=\"canonical\" href=\"https:\/\/naturalpoland.com\/ko\/je-pum\/hwa-jang-pum-won-ryo\/bal-hyo-chu-chul-mul\/%eb%b0%9c%ed%9a%a8-%eb%9d%bc%ec%a6%88%eb%b2%a0%eb%a6%ac-%ec%b6%94%ec%b6%9c%eb%ac%bc\/\" \/>\n<meta property=\"og:locale\" content=\"ko_KR\" \/>\n<meta property=\"og:type\" content=\"article\" \/>\n<meta property=\"og:title\" content=\"\ubc1c\ud6a8 \ub77c\uc988\ubca0\ub9ac \ucd94\ucd9c\ubb3c - Hurtowy Dystrybutor\" \/>\n<meta property=\"og:description\" content=\"\ubc1c\ud6a8 \ub77c\uc988\ubca0\ub9ac \ucd94\ucd9c\ubb3c\uc740 \uace0\uae09 \ud654\uc7a5\ud488 \uc131\ubd84\uc73c\ub85c, \ud504\ub9ac\ubbf8\uc5c4 \ud654\uc7a5\ud488 \ubd84\uc57c\uc5d0\uc11c \uc810\uc810 \ub354 \uc778\uae30\ub97c \uc5bb\uace0 \uc788\uc2b5\ub2c8\ub2e4.\" \/>\n<meta property=\"og:url\" content=\"https:\/\/naturalpoland.com\/ko\/je-pum\/hwa-jang-pum-won-ryo\/bal-hyo-chu-chul-mul\/%eb%b0%9c%ed%9a%a8-%eb%9d%bc%ec%a6%88%eb%b2%a0%eb%a6%ac-%ec%b6%94%ec%b6%9c%eb%ac%bc\/\" \/>\n<meta property=\"og:site_name\" content=\"NATURAL POLAND - Hurtowy Dystrybutor Surowc\u00f3w\" \/>\n<meta property=\"article:publisher\" content=\"https:\/\/www.facebook.com\/naturalpoland.b2b\" \/>\n<meta property=\"article:modified_time\" content=\"2025-09-26T14:19:18+00:00\" \/>\n<meta property=\"og:image\" content=\"https:\/\/naturalpoland.com\/wp-content\/uploads\/fermentowany-ekstrakt-z-maliny.png\" \/>\n\t<meta property=\"og:image:width\" content=\"590\" \/>\n\t<meta property=\"og:image:height\" content=\"590\" \/>\n\t<meta property=\"og:image:type\" content=\"image\/png\" \/>\n<script type=\"application\/ld+json\" class=\"yoast-schema-graph\">{\"@context\":\"https:\\\/\\\/schema.org\",\"@graph\":[{\"@type\":\"WebPage\",\"@id\":\"https:\\\/\\\/naturalpoland.com\\\/ko\\\/je-pum\\\/hwa-jang-pum-won-ryo\\\/bal-hyo-chu-chul-mul\\\/%eb%b0%9c%ed%9a%a8-%eb%9d%bc%ec%a6%88%eb%b2%a0%eb%a6%ac-%ec%b6%94%ec%b6%9c%eb%ac%bc\\\/\",\"url\":\"https:\\\/\\\/naturalpoland.com\\\/ko\\\/je-pum\\\/hwa-jang-pum-won-ryo\\\/bal-hyo-chu-chul-mul\\\/%eb%b0%9c%ed%9a%a8-%eb%9d%bc%ec%a6%88%eb%b2%a0%eb%a6%ac-%ec%b6%94%ec%b6%9c%eb%ac%bc\\\/\",\"name\":\"\ubc1c\ud6a8 \ub77c\uc988\ubca0\ub9ac \ucd94\ucd9c\ubb3c - Hurtowy Dystrybutor\",\"isPartOf\":{\"@id\":\"https:\\\/\\\/naturalpoland.com\\\/ko\\\/#website\"},\"primaryImageOfPage\":{\"@id\":\"https:\\\/\\\/naturalpoland.com\\\/ko\\\/je-pum\\\/hwa-jang-pum-won-ryo\\\/bal-hyo-chu-chul-mul\\\/%eb%b0%9c%ed%9a%a8-%eb%9d%bc%ec%a6%88%eb%b2%a0%eb%a6%ac-%ec%b6%94%ec%b6%9c%eb%ac%bc\\\/#primaryimage\"},\"image\":{\"@id\":\"https:\\\/\\\/naturalpoland.com\\\/ko\\\/je-pum\\\/hwa-jang-pum-won-ryo\\\/bal-hyo-chu-chul-mul\\\/%eb%b0%9c%ed%9a%a8-%eb%9d%bc%ec%a6%88%eb%b2%a0%eb%a6%ac-%ec%b6%94%ec%b6%9c%eb%ac%bc\\\/#primaryimage\"},\"thumbnailUrl\":\"https:\\\/\\\/naturalpoland.com\\\/wp-content\\\/uploads\\\/fermentowany-ekstrakt-z-maliny.png\",\"datePublished\":\"2023-10-06T08:48:41+00:00\",\"dateModified\":\"2025-09-26T14:19:18+00:00\",\"description\":\"\ubc1c\ud6a8 \ub77c\uc988\ubca0\ub9ac \ucd94\ucd9c\ubb3c\uc740 \uace0\uae09 \ud654\uc7a5\ud488 \uc131\ubd84\uc73c\ub85c, \ud504\ub9ac\ubbf8\uc5c4 \ud654\uc7a5\ud488 \ubd84\uc57c\uc5d0\uc11c \uc810\uc810 \ub354 \uc778\uae30\ub97c \uc5bb\uace0 \uc788\uc2b5\ub2c8\ub2e4.\",\"breadcrumb\":{\"@id\":\"https:\\\/\\\/naturalpoland.com\\\/ko\\\/je-pum\\\/hwa-jang-pum-won-ryo\\\/bal-hyo-chu-chul-mul\\\/%eb%b0%9c%ed%9a%a8-%eb%9d%bc%ec%a6%88%eb%b2%a0%eb%a6%ac-%ec%b6%94%ec%b6%9c%eb%ac%bc\\\/#breadcrumb\"},\"inLanguage\":\"ko-KR\",\"potentialAction\":[{\"@type\":\"ReadAction\",\"target\":[\"https:\\\/\\\/naturalpoland.com\\\/ko\\\/je-pum\\\/hwa-jang-pum-won-ryo\\\/bal-hyo-chu-chul-mul\\\/%eb%b0%9c%ed%9a%a8-%eb%9d%bc%ec%a6%88%eb%b2%a0%eb%a6%ac-%ec%b6%94%ec%b6%9c%eb%ac%bc\\\/\"]}]},{\"@type\":\"ImageObject\",\"inLanguage\":\"ko-KR\",\"@id\":\"https:\\\/\\\/naturalpoland.com\\\/ko\\\/je-pum\\\/hwa-jang-pum-won-ryo\\\/bal-hyo-chu-chul-mul\\\/%eb%b0%9c%ed%9a%a8-%eb%9d%bc%ec%a6%88%eb%b2%a0%eb%a6%ac-%ec%b6%94%ec%b6%9c%eb%ac%bc\\\/#primaryimage\",\"url\":\"https:\\\/\\\/naturalpoland.com\\\/wp-content\\\/uploads\\\/fermentowany-ekstrakt-z-maliny.png\",\"contentUrl\":\"https:\\\/\\\/naturalpoland.com\\\/wp-content\\\/uploads\\\/fermentowany-ekstrakt-z-maliny.png\",\"width\":590,\"height\":590,\"caption\":\"\ubc1c\ud6a8 \ub77c\uc988\ubca0\ub9ac \ucd94\ucd9c\ubb3c\"},{\"@type\":\"BreadcrumbList\",\"@id\":\"https:\\\/\\\/naturalpoland.com\\\/ko\\\/je-pum\\\/hwa-jang-pum-won-ryo\\\/bal-hyo-chu-chul-mul\\\/%eb%b0%9c%ed%9a%a8-%eb%9d%bc%ec%a6%88%eb%b2%a0%eb%a6%ac-%ec%b6%94%ec%b6%9c%eb%ac%bc\\\/#breadcrumb\",\"itemListElement\":[{\"@type\":\"ListItem\",\"position\":1,\"name\":\"\ud648\",\"item\":\"https:\\\/\\\/naturalpoland.com\\\/ko\\\/\"},{\"@type\":\"ListItem\",\"position\":2,\"name\":\"\uc81c\ud488\",\"item\":\"https:\\\/\\\/naturalpoland.com\\\/ko\\\/%ec%a0%9c%ed%92%88\\\/\"},{\"@type\":\"ListItem\",\"position\":3,\"name\":\"\ubc1c\ud6a8 \ub77c\uc988\ubca0\ub9ac \ucd94\ucd9c\ubb3c\"}]},{\"@type\":\"WebSite\",\"@id\":\"https:\\\/\\\/naturalpoland.com\\\/ko\\\/#website\",\"url\":\"https:\\\/\\\/naturalpoland.com\\\/ko\\\/\",\"name\":\"NATURAL POLAND - Hurtowy Dystrybutor Surowc\u00f3w\",\"description\":\"Surowce dla przemys\u0142u spo\u017cywczego, kosmetycznego i farmaceutycznego\",\"publisher\":{\"@id\":\"https:\\\/\\\/naturalpoland.com\\\/ko\\\/#organization\"},\"potentialAction\":[{\"@type\":\"SearchAction\",\"target\":{\"@type\":\"EntryPoint\",\"urlTemplate\":\"https:\\\/\\\/naturalpoland.com\\\/ko\\\/?s={search_term_string}\"},\"query-input\":{\"@type\":\"PropertyValueSpecification\",\"valueRequired\":true,\"valueName\":\"search_term_string\"}}],\"inLanguage\":\"ko-KR\"},{\"@type\":\"Organization\",\"@id\":\"https:\\\/\\\/naturalpoland.com\\\/ko\\\/#organization\",\"name\":\"Natural Poland\",\"url\":\"https:\\\/\\\/naturalpoland.com\\\/ko\\\/\",\"logo\":{\"@type\":\"ImageObject\",\"inLanguage\":\"ko-KR\",\"@id\":\"https:\\\/\\\/naturalpoland.com\\\/ko\\\/#\\\/schema\\\/logo\\\/image\\\/\",\"url\":\"https:\\\/\\\/naturalpoland.com\\\/wp-content\\\/uploads\\\/2021\\\/05\\\/natural-poland-icon.png\",\"contentUrl\":\"https:\\\/\\\/naturalpoland.com\\\/wp-content\\\/uploads\\\/2021\\\/05\\\/natural-poland-icon.png\",\"width\":512,\"height\":512,\"caption\":\"Natural Poland\"},\"image\":{\"@id\":\"https:\\\/\\\/naturalpoland.com\\\/ko\\\/#\\\/schema\\\/logo\\\/image\\\/\"},\"sameAs\":[\"https:\\\/\\\/www.facebook.com\\\/naturalpoland.b2b\",\"https:\\\/\\\/pl.linkedin.com\\\/company\\\/natural-poland\",\"https:\\\/\\\/www.youtube.com\\\/channel\\\/UCgeGGkvOMahZo-xu_MSEWxg\"]}]}<\/script>\n<!-- \/ Yoast SEO plugin. -->","yoast_head_json":{"title":"\ubc1c\ud6a8 \ub77c\uc988\ubca0\ub9ac \ucd94\ucd9c\ubb3c - Hurtowy Dystrybutor","description":"\ubc1c\ud6a8 \ub77c\uc988\ubca0\ub9ac \ucd94\ucd9c\ubb3c\uc740 \uace0\uae09 \ud654\uc7a5\ud488 \uc131\ubd84\uc73c\ub85c, \ud504\ub9ac\ubbf8\uc5c4 \ud654\uc7a5\ud488 \ubd84\uc57c\uc5d0\uc11c \uc810\uc810 \ub354 \uc778\uae30\ub97c \uc5bb\uace0 \uc788\uc2b5\ub2c8\ub2e4.","robots":{"index":"index","follow":"follow","max-snippet":"max-snippet:-1","max-image-preview":"max-image-preview:large","max-video-preview":"max-video-preview:-1"},"canonical":"https:\/\/naturalpoland.com\/ko\/je-pum\/hwa-jang-pum-won-ryo\/bal-hyo-chu-chul-mul\/%eb%b0%9c%ed%9a%a8-%eb%9d%bc%ec%a6%88%eb%b2%a0%eb%a6%ac-%ec%b6%94%ec%b6%9c%eb%ac%bc\/","og_locale":"ko_KR","og_type":"article","og_title":"\ubc1c\ud6a8 \ub77c\uc988\ubca0\ub9ac \ucd94\ucd9c\ubb3c - Hurtowy Dystrybutor","og_description":"\ubc1c\ud6a8 \ub77c\uc988\ubca0\ub9ac \ucd94\ucd9c\ubb3c\uc740 \uace0\uae09 \ud654\uc7a5\ud488 \uc131\ubd84\uc73c\ub85c, \ud504\ub9ac\ubbf8\uc5c4 \ud654\uc7a5\ud488 \ubd84\uc57c\uc5d0\uc11c \uc810\uc810 \ub354 \uc778\uae30\ub97c \uc5bb\uace0 \uc788\uc2b5\ub2c8\ub2e4.","og_url":"https:\/\/naturalpoland.com\/ko\/je-pum\/hwa-jang-pum-won-ryo\/bal-hyo-chu-chul-mul\/%eb%b0%9c%ed%9a%a8-%eb%9d%bc%ec%a6%88%eb%b2%a0%eb%a6%ac-%ec%b6%94%ec%b6%9c%eb%ac%bc\/","og_site_name":"NATURAL POLAND - Hurtowy Dystrybutor Surowc\u00f3w","article_publisher":"https:\/\/www.facebook.com\/naturalpoland.b2b","article_modified_time":"2025-09-26T14:19:18+00:00","og_image":[{"width":590,"height":590,"url":"https:\/\/naturalpoland.com\/wp-content\/uploads\/fermentowany-ekstrakt-z-maliny.png","type":"image\/png"}],"schema":{"@context":"https:\/\/schema.org","@graph":[{"@type":"WebPage","@id":"https:\/\/naturalpoland.com\/ko\/je-pum\/hwa-jang-pum-won-ryo\/bal-hyo-chu-chul-mul\/%eb%b0%9c%ed%9a%a8-%eb%9d%bc%ec%a6%88%eb%b2%a0%eb%a6%ac-%ec%b6%94%ec%b6%9c%eb%ac%bc\/","url":"https:\/\/naturalpoland.com\/ko\/je-pum\/hwa-jang-pum-won-ryo\/bal-hyo-chu-chul-mul\/%eb%b0%9c%ed%9a%a8-%eb%9d%bc%ec%a6%88%eb%b2%a0%eb%a6%ac-%ec%b6%94%ec%b6%9c%eb%ac%bc\/","name":"\ubc1c\ud6a8 \ub77c\uc988\ubca0\ub9ac \ucd94\ucd9c\ubb3c - Hurtowy Dystrybutor","isPartOf":{"@id":"https:\/\/naturalpoland.com\/ko\/#website"},"primaryImageOfPage":{"@id":"https:\/\/naturalpoland.com\/ko\/je-pum\/hwa-jang-pum-won-ryo\/bal-hyo-chu-chul-mul\/%eb%b0%9c%ed%9a%a8-%eb%9d%bc%ec%a6%88%eb%b2%a0%eb%a6%ac-%ec%b6%94%ec%b6%9c%eb%ac%bc\/#primaryimage"},"image":{"@id":"https:\/\/naturalpoland.com\/ko\/je-pum\/hwa-jang-pum-won-ryo\/bal-hyo-chu-chul-mul\/%eb%b0%9c%ed%9a%a8-%eb%9d%bc%ec%a6%88%eb%b2%a0%eb%a6%ac-%ec%b6%94%ec%b6%9c%eb%ac%bc\/#primaryimage"},"thumbnailUrl":"https:\/\/naturalpoland.com\/wp-content\/uploads\/fermentowany-ekstrakt-z-maliny.png","datePublished":"2023-10-06T08:48:41+00:00","dateModified":"2025-09-26T14:19:18+00:00","description":"\ubc1c\ud6a8 \ub77c\uc988\ubca0\ub9ac \ucd94\ucd9c\ubb3c\uc740 \uace0\uae09 \ud654\uc7a5\ud488 \uc131\ubd84\uc73c\ub85c, \ud504\ub9ac\ubbf8\uc5c4 \ud654\uc7a5\ud488 \ubd84\uc57c\uc5d0\uc11c \uc810\uc810 \ub354 \uc778\uae30\ub97c \uc5bb\uace0 \uc788\uc2b5\ub2c8\ub2e4.","breadcrumb":{"@id":"https:\/\/naturalpoland.com\/ko\/je-pum\/hwa-jang-pum-won-ryo\/bal-hyo-chu-chul-mul\/%eb%b0%9c%ed%9a%a8-%eb%9d%bc%ec%a6%88%eb%b2%a0%eb%a6%ac-%ec%b6%94%ec%b6%9c%eb%ac%bc\/#breadcrumb"},"inLanguage":"ko-KR","potentialAction":[{"@type":"ReadAction","target":["https:\/\/naturalpoland.com\/ko\/je-pum\/hwa-jang-pum-won-ryo\/bal-hyo-chu-chul-mul\/%eb%b0%9c%ed%9a%a8-%eb%9d%bc%ec%a6%88%eb%b2%a0%eb%a6%ac-%ec%b6%94%ec%b6%9c%eb%ac%bc\/"]}]},{"@type":"ImageObject","inLanguage":"ko-KR","@id":"https:\/\/naturalpoland.com\/ko\/je-pum\/hwa-jang-pum-won-ryo\/bal-hyo-chu-chul-mul\/%eb%b0%9c%ed%9a%a8-%eb%9d%bc%ec%a6%88%eb%b2%a0%eb%a6%ac-%ec%b6%94%ec%b6%9c%eb%ac%bc\/#primaryimage","url":"https:\/\/naturalpoland.com\/wp-content\/uploads\/fermentowany-ekstrakt-z-maliny.png","contentUrl":"https:\/\/naturalpoland.com\/wp-content\/uploads\/fermentowany-ekstrakt-z-maliny.png","width":590,"height":590,"caption":"\ubc1c\ud6a8 \ub77c\uc988\ubca0\ub9ac \ucd94\ucd9c\ubb3c"},{"@type":"BreadcrumbList","@id":"https:\/\/naturalpoland.com\/ko\/je-pum\/hwa-jang-pum-won-ryo\/bal-hyo-chu-chul-mul\/%eb%b0%9c%ed%9a%a8-%eb%9d%bc%ec%a6%88%eb%b2%a0%eb%a6%ac-%ec%b6%94%ec%b6%9c%eb%ac%bc\/#breadcrumb","itemListElement":[{"@type":"ListItem","position":1,"name":"\ud648","item":"https:\/\/naturalpoland.com\/ko\/"},{"@type":"ListItem","position":2,"name":"\uc81c\ud488","item":"https:\/\/naturalpoland.com\/ko\/%ec%a0%9c%ed%92%88\/"},{"@type":"ListItem","position":3,"name":"\ubc1c\ud6a8 \ub77c\uc988\ubca0\ub9ac \ucd94\ucd9c\ubb3c"}]},{"@type":"WebSite","@id":"https:\/\/naturalpoland.com\/ko\/#website","url":"https:\/\/naturalpoland.com\/ko\/","name":"NATURAL POLAND - Hurtowy Dystrybutor Surowc\u00f3w","description":"Surowce dla przemys\u0142u spo\u017cywczego, kosmetycznego i farmaceutycznego","publisher":{"@id":"https:\/\/naturalpoland.com\/ko\/#organization"},"potentialAction":[{"@type":"SearchAction","target":{"@type":"EntryPoint","urlTemplate":"https:\/\/naturalpoland.com\/ko\/?s={search_term_string}"},"query-input":{"@type":"PropertyValueSpecification","valueRequired":true,"valueName":"search_term_string"}}],"inLanguage":"ko-KR"},{"@type":"Organization","@id":"https:\/\/naturalpoland.com\/ko\/#organization","name":"Natural Poland","url":"https:\/\/naturalpoland.com\/ko\/","logo":{"@type":"ImageObject","inLanguage":"ko-KR","@id":"https:\/\/naturalpoland.com\/ko\/#\/schema\/logo\/image\/","url":"https:\/\/naturalpoland.com\/wp-content\/uploads\/2021\/05\/natural-poland-icon.png","contentUrl":"https:\/\/naturalpoland.com\/wp-content\/uploads\/2021\/05\/natural-poland-icon.png","width":512,"height":512,"caption":"Natural Poland"},"image":{"@id":"https:\/\/naturalpoland.com\/ko\/#\/schema\/logo\/image\/"},"sameAs":["https:\/\/www.facebook.com\/naturalpoland.b2b","https:\/\/pl.linkedin.com\/company\/natural-poland","https:\/\/www.youtube.com\/channel\/UCgeGGkvOMahZo-xu_MSEWxg"]}]}},"_links":{"self":[{"href":"https:\/\/naturalpoland.com\/ko\/wp-json\/wp\/v2\/product\/43459","targetHints":{"allow":["GET"]}}],"collection":[{"href":"https:\/\/naturalpoland.com\/ko\/wp-json\/wp\/v2\/product"}],"about":[{"href":"https:\/\/naturalpoland.com\/ko\/wp-json\/wp\/v2\/types\/product"}],"wp:featuredmedia":[{"embeddable":true,"href":"https:\/\/naturalpoland.com\/ko\/wp-json\/wp\/v2\/media\/43460"}],"wp:attachment":[{"href":"https:\/\/naturalpoland.com\/ko\/wp-json\/wp\/v2\/media?parent=43459"}],"wp:term":[{"taxonomy":"product_brand","embeddable":true,"href":"https:\/\/naturalpoland.com\/ko\/wp-json\/wp\/v2\/product_brand?post=43459"},{"taxonomy":"product_cat","embeddable":true,"href":"https:\/\/naturalpoland.com\/ko\/wp-json\/wp\/v2\/product_cat?post=43459"},{"taxonomy":"product_tag","embeddable":true,"href":"https:\/\/naturalpoland.com\/ko\/wp-json\/wp\/v2\/product_tag?post=43459"}],"curies":[{"name":"wp","href":"https:\/\/api.w.org\/{rel}","templated":true}]}}