{"id":43463,"date":"2023-10-06T10:22:27","date_gmt":"2023-10-06T08:22:27","guid":{"rendered":"https:\/\/naturalpoland.com\/produkty\/uncategorized\/%eb%b0%9c%ed%9a%a8-%eb%aa%a8%ec%9e%90%eb%b0%98-%ec%b6%94%ec%b6%9c%eb%ac%bc\/"},"modified":"2025-09-26T16:19:38","modified_gmt":"2025-09-26T14:19:38","slug":"%eb%b0%9c%ed%9a%a8-%eb%aa%a8%ec%9e%90%eb%b0%98-%ec%b6%94%ec%b6%9c%eb%ac%bc","status":"publish","type":"product","link":"https:\/\/naturalpoland.com\/ko\/je-pum\/hwa-jang-pum-won-ryo\/bal-hyo-chu-chul-mul\/%eb%b0%9c%ed%9a%a8-%eb%aa%a8%ec%9e%90%eb%b0%98-%ec%b6%94%ec%b6%9c%eb%ac%bc\/","title":{"rendered":"\ubc1c\ud6a8 \ubaa8\uc790\ubc18 \ucd94\ucd9c\ubb3c"},"content":{"rendered":"<p>\ud574\uc591 \uc2dd\ubb3c\uc778 \ubaa8\uc790\ubc18\uc740 \ud56d\uade0 \ubc0f \uc815\ud654 \uc791\uc6a9\uc744 \ud558\ub294 \uc694\uc624\ub4dc\uc758 \ucc9c\uc5f0 \uacf5\uae09\uc6d0\uc785\ub2c8\ub2e4. \uc774 \ub355\ubd84\uc5d0 \ubaa8\uc790\ubc18 \ucd94\ucd9c\ubb3c\uc740 \uc5ec\ub4dc\ub984 \ud1f4\uce58\uc5d0 \ub3c4\uc6c0\uc744 \uc8fc\uace0, \ud53c\uc9c0 \ubd84\ube44\ub97c \uc870\uc808\ud558\uba70, \ud53c\ubd80\uc5d0 \uac74\uac15\ud558\uace0 \ub9e4\ud2b8\ud55c \uc678\uad00\uc744 \uc120\uc0ac\ud569\ub2c8\ub2e4. \ub610\ud55c, \ub9c8\uadf8\ub124\uc298, \uce7c\uc298, \uce7c\ub968\uacfc \uac19\uc740 \uadc0\uc911\ud55c \ubbf8\ub124\ub784\uacfc \ube44\ud0c0\ubbfc B\uad70\uc744 \ud568\uc720\ud558\uace0 \uc788\uc73c\uba70, \uc774\ub294 \ubc1c\ud6a8 \uacfc\uc815\uc744 \ud1b5\ud574 \uac15\ud654\ub418\uc5b4 \ud53c\ubd80\uc5d0 \uae4a\uc740 \ubcf4\uc2b5\uacfc \uc601\uc591\uc744 \uacf5\uae09\ud569\ub2c8\ub2e4.  <\/p>\n<p>\ubc1c\ud6a8 \uacfc\uc815\uc740 \ubaa8\uc790\ubc18\uc5d0 \ud568\uc720\ub41c \ud65c\uc131 \uc131\ubd84\uc758 \uc791\uc6a9\uc744 \uac15\ud654\ud558\uc5ec \ud53c\ubd80 \ud761\uc218\uc728\uc744 \ub192\uc785\ub2c8\ub2e4. \ubc1c\ud6a8 \ubaa8\uc790\ubc18 \ucd94\ucd9c\ubb3c\uc740 \ud53c\ubd80\uc5d0 \uc9d1\uc911\uc801\uc778 \ubcf4\uc2b5\uacfc \ub9e4\ub044\ub7ec\uc6c0\uc744 \uc81c\uacf5\ud558\uba70, \ud0c4\ub825\uacfc \uc80a\uc740 \uad11\ucc44\ub97c \ub418\ucc3e\uc544\uc90d\ub2c8\ub2e4. \uc774\ub294 \ucf5c\ub77c\uac90\uacfc \uc5d8\ub77c\uc2a4\ud2f4 \ud569\uc131\uc744 \ucd09\uc9c4\ud558\ub294 \ub2a5\ub825\uc774 \ud53c\ubd80\uc758 \ud0c4\ub825\uacfc \uc720\uc5f0\uc131\uc744 \ub208\uc5d0 \ub744\uac8c \uac1c\uc120\ud558\ub294 \ub370 \uae30\uc5ec\ud558\ubbc0\ub85c, \uc548\ud2f0\uc5d0\uc774\uc9d5 \ud654\uc7a5\ud488\uc5d0\uc11c \ud2b9\ud788 \ub192\uc774 \ud3c9\uac00\ub418\ub294 \uc131\ubd84\uc785\ub2c8\ub2e4.  <\/p>\n<p>\ucd94\ucd9c\ubb3c\uc774 \uc81c\uacf5\ud558\ub294 \ud56d\uc0b0\ud654 \ubcf4\ud638 \uae30\ub2a5\uc740 \ud53c\ubd80\ub97c \uc790\uc720 \ub77c\ub514\uce7c\uacfc \uc678\ubd80 \uc694\uc778\uc758 \ubd80\uc815\uc801\uc778 \uc601\ud5a5\uc73c\ub85c\ubd80\ud130 \ud6a8\uacfc\uc801\uc73c\ub85c \ubcf4\ud638\ud569\ub2c8\ub2e4. \uc774 \ub355\ubd84\uc5d0 \ud53c\ubd80\ub294 \ubcf4\uc2b5\uacfc \uc601\uc591\uc744 \uacf5\uae09\ubc1b\uc744 \ubfd0\ub9cc \uc544\ub2c8\ub77c \uc870\uae30 \ub178\ud654\ub85c\ubd80\ud130\ub3c4 \ubcf4\ud638\ub429\ub2c8\ub2e4. <\/p>\n<p>\ubc1c\ud6a8 \ubaa8\uc790\ubc18 \ucd94\ucd9c\ubb3c\uc744 \uc0ac\uc6a9\ud568\uc73c\ub85c\uc368 \ud654\uc7a5\ud488\uc740 \ud0c1\uc6d4\ud558\uace0 \uae4a\uc740 \ud6a8\ub2a5\uc744 \uc5bb\uac8c \ub429\ub2c8\ub2e4. \uc774 \uc81c\ud488\uc740 \ubaa8\ub4e0 \ud53c\ubd80 \ud0c0\uc785, \ud2b9\ud788 \uc131\uc219\ud558\uace0 \uac74\uc870\ud558\uba70 \ubbfc\uac10\ud558\uace0 \uc5ec\ub4dc\ub984 \ubb38\uc81c\uac00 \uc788\ub294 \ud53c\ubd80\uc5d0 \uad8c\uc7a5\ub429\ub2c8\ub2e4. \uc989\uac01\uc801\uc778 \uc9c4\uc815, \ubcf4\uc2b5 \ubc0f \ud53c\ubd80 \uc0c1\ud0dc \uac1c\uc120 \ud6a8\uacfc\ub97c \uc81c\uacf5\ud558\uc5ec \ud504\ub9ac\ubbf8\uc5c4 \ud654\uc7a5\ud488 \uc81c\uc870\uc5c5\uccb4\ub4e4\uc5d0\uac8c \ub192\uc774 \ud3c9\uac00\ubc1b\ub294 \uc131\ubd84\uc785\ub2c8\ub2e4.  <\/p>\n","protected":false},"excerpt":{"rendered":"<p>\ubc1c\ud6a8 \ubaa8\uc790\ubc18 \ucd94\ucd9c\ubb3c (INCI: <em>Bladderwrack Ferment Extract<\/em>)\uc740 \ud574\uc591 \uc601\uc591 \uc131\ubd84\uc758 \ud48d\ubd80\ud568\uc5d0\uc11c \ube44\ub86f\ub41c \ud0c1\uc6d4\ud55c \ud6a8\ub2a5\uc744 \uc9c0\ub2cc \ud654\uc7a5\ud488 \ud65c\uc131 \uc131\ubd84\uc785\ub2c8\ub2e4. \uc774 \ub300\uccb4 \ubd88\uac00\ub2a5\ud55c \uc131\ubd84\uc740 \ubbf8\ub124\ub784\uacfc \ube44\ud0c0\ubbfc\uc758 \ubcf4\uace0\ub85c\uc11c, \ud53c\ubd80\uc5d0 \uc9d1\uc911\uc801\uc778 \uad00\ub9ac\uc640 \uc7ac\uc0dd\uc744 \uc81c\uacf5\ud569\ub2c8\ub2e4. <\/p>\n","protected":false},"featured_media":43464,"template":"","meta":[],"product_brand":[],"product_cat":[8148],"product_tag":[],"class_list":{"0":"post-43463","1":"product","2":"type-product","3":"status-publish","4":"has-post-thumbnail","6":"product_cat-bal-hyo-chu-chul-mul","8":"first","9":"instock","10":"shipping-taxable","11":"product-type-simple"},"yoast_head":"<!-- This site is optimized with the Yoast SEO plugin v27.3 - https:\/\/yoast.com\/product\/yoast-seo-wordpress\/ -->\n<title>\ubc1c\ud6a8 \ubaa8\uc790\ubc18 \ucd94\ucd9c\ubb3c - Hurtowy Dystrybutor<\/title>\n<meta name=\"description\" content=\"\ubc1c\ud6a8 \ubaa8\uc790\ubc18 \ucd94\ucd9c\ubb3c\uc740 \ud574\uc591 \uc601\uc591 \uc131\ubd84\uc758 \ud48d\ubd80\ud568\uc5d0\uc11c \ube44\ub86f\ub41c \ud0c1\uc6d4\ud55c \ud6a8\ub2a5\uc744 \uc9c0\ub2cc \ud654\uc7a5\ud488 \ud65c\uc131 \uc131\ubd84\uc785\ub2c8\ub2e4.\" \/>\n<meta name=\"robots\" content=\"index, follow, max-snippet:-1, max-image-preview:large, max-video-preview:-1\" \/>\n<link rel=\"canonical\" href=\"https:\/\/naturalpoland.com\/ko\/je-pum\/hwa-jang-pum-won-ryo\/bal-hyo-chu-chul-mul\/%eb%b0%9c%ed%9a%a8-%eb%aa%a8%ec%9e%90%eb%b0%98-%ec%b6%94%ec%b6%9c%eb%ac%bc\/\" \/>\n<meta property=\"og:locale\" content=\"ko_KR\" \/>\n<meta property=\"og:type\" content=\"article\" \/>\n<meta property=\"og:title\" content=\"\ubc1c\ud6a8 \ubaa8\uc790\ubc18 \ucd94\ucd9c\ubb3c - Hurtowy Dystrybutor\" \/>\n<meta property=\"og:description\" content=\"\ubc1c\ud6a8 \ubaa8\uc790\ubc18 \ucd94\ucd9c\ubb3c\uc740 \ud574\uc591 \uc601\uc591 \uc131\ubd84\uc758 \ud48d\ubd80\ud568\uc5d0\uc11c \ube44\ub86f\ub41c \ud0c1\uc6d4\ud55c \ud6a8\ub2a5\uc744 \uc9c0\ub2cc \ud654\uc7a5\ud488 \ud65c\uc131 \uc131\ubd84\uc785\ub2c8\ub2e4.\" \/>\n<meta property=\"og:url\" content=\"https:\/\/naturalpoland.com\/ko\/je-pum\/hwa-jang-pum-won-ryo\/bal-hyo-chu-chul-mul\/%eb%b0%9c%ed%9a%a8-%eb%aa%a8%ec%9e%90%eb%b0%98-%ec%b6%94%ec%b6%9c%eb%ac%bc\/\" \/>\n<meta property=\"og:site_name\" content=\"NATURAL POLAND - Hurtowy Dystrybutor Surowc\u00f3w\" \/>\n<meta property=\"article:publisher\" content=\"https:\/\/www.facebook.com\/naturalpoland.b2b\" \/>\n<meta property=\"article:modified_time\" content=\"2025-09-26T14:19:38+00:00\" \/>\n<meta property=\"og:image\" content=\"https:\/\/naturalpoland.com\/wp-content\/uploads\/fermentowany-ekstrakt-z-morszczynu.png\" \/>\n\t<meta property=\"og:image:width\" content=\"590\" \/>\n\t<meta property=\"og:image:height\" content=\"590\" \/>\n\t<meta property=\"og:image:type\" content=\"image\/png\" \/>\n<script type=\"application\/ld+json\" class=\"yoast-schema-graph\">{\"@context\":\"https:\\\/\\\/schema.org\",\"@graph\":[{\"@type\":\"WebPage\",\"@id\":\"https:\\\/\\\/naturalpoland.com\\\/ko\\\/je-pum\\\/hwa-jang-pum-won-ryo\\\/bal-hyo-chu-chul-mul\\\/%eb%b0%9c%ed%9a%a8-%eb%aa%a8%ec%9e%90%eb%b0%98-%ec%b6%94%ec%b6%9c%eb%ac%bc\\\/\",\"url\":\"https:\\\/\\\/naturalpoland.com\\\/ko\\\/je-pum\\\/hwa-jang-pum-won-ryo\\\/bal-hyo-chu-chul-mul\\\/%eb%b0%9c%ed%9a%a8-%eb%aa%a8%ec%9e%90%eb%b0%98-%ec%b6%94%ec%b6%9c%eb%ac%bc\\\/\",\"name\":\"\ubc1c\ud6a8 \ubaa8\uc790\ubc18 \ucd94\ucd9c\ubb3c - Hurtowy Dystrybutor\",\"isPartOf\":{\"@id\":\"https:\\\/\\\/naturalpoland.com\\\/ko\\\/#website\"},\"primaryImageOfPage\":{\"@id\":\"https:\\\/\\\/naturalpoland.com\\\/ko\\\/je-pum\\\/hwa-jang-pum-won-ryo\\\/bal-hyo-chu-chul-mul\\\/%eb%b0%9c%ed%9a%a8-%eb%aa%a8%ec%9e%90%eb%b0%98-%ec%b6%94%ec%b6%9c%eb%ac%bc\\\/#primaryimage\"},\"image\":{\"@id\":\"https:\\\/\\\/naturalpoland.com\\\/ko\\\/je-pum\\\/hwa-jang-pum-won-ryo\\\/bal-hyo-chu-chul-mul\\\/%eb%b0%9c%ed%9a%a8-%eb%aa%a8%ec%9e%90%eb%b0%98-%ec%b6%94%ec%b6%9c%eb%ac%bc\\\/#primaryimage\"},\"thumbnailUrl\":\"https:\\\/\\\/naturalpoland.com\\\/wp-content\\\/uploads\\\/fermentowany-ekstrakt-z-morszczynu.png\",\"datePublished\":\"2023-10-06T08:22:27+00:00\",\"dateModified\":\"2025-09-26T14:19:38+00:00\",\"description\":\"\ubc1c\ud6a8 \ubaa8\uc790\ubc18 \ucd94\ucd9c\ubb3c\uc740 \ud574\uc591 \uc601\uc591 \uc131\ubd84\uc758 \ud48d\ubd80\ud568\uc5d0\uc11c \ube44\ub86f\ub41c \ud0c1\uc6d4\ud55c \ud6a8\ub2a5\uc744 \uc9c0\ub2cc \ud654\uc7a5\ud488 \ud65c\uc131 \uc131\ubd84\uc785\ub2c8\ub2e4.\",\"breadcrumb\":{\"@id\":\"https:\\\/\\\/naturalpoland.com\\\/ko\\\/je-pum\\\/hwa-jang-pum-won-ryo\\\/bal-hyo-chu-chul-mul\\\/%eb%b0%9c%ed%9a%a8-%eb%aa%a8%ec%9e%90%eb%b0%98-%ec%b6%94%ec%b6%9c%eb%ac%bc\\\/#breadcrumb\"},\"inLanguage\":\"ko-KR\",\"potentialAction\":[{\"@type\":\"ReadAction\",\"target\":[\"https:\\\/\\\/naturalpoland.com\\\/ko\\\/je-pum\\\/hwa-jang-pum-won-ryo\\\/bal-hyo-chu-chul-mul\\\/%eb%b0%9c%ed%9a%a8-%eb%aa%a8%ec%9e%90%eb%b0%98-%ec%b6%94%ec%b6%9c%eb%ac%bc\\\/\"]}]},{\"@type\":\"ImageObject\",\"inLanguage\":\"ko-KR\",\"@id\":\"https:\\\/\\\/naturalpoland.com\\\/ko\\\/je-pum\\\/hwa-jang-pum-won-ryo\\\/bal-hyo-chu-chul-mul\\\/%eb%b0%9c%ed%9a%a8-%eb%aa%a8%ec%9e%90%eb%b0%98-%ec%b6%94%ec%b6%9c%eb%ac%bc\\\/#primaryimage\",\"url\":\"https:\\\/\\\/naturalpoland.com\\\/wp-content\\\/uploads\\\/fermentowany-ekstrakt-z-morszczynu.png\",\"contentUrl\":\"https:\\\/\\\/naturalpoland.com\\\/wp-content\\\/uploads\\\/fermentowany-ekstrakt-z-morszczynu.png\",\"width\":590,\"height\":590,\"caption\":\"\ubc1c\ud6a8 \ubaa8\uc790\ubc18 \ucd94\ucd9c\ubb3c\"},{\"@type\":\"BreadcrumbList\",\"@id\":\"https:\\\/\\\/naturalpoland.com\\\/ko\\\/je-pum\\\/hwa-jang-pum-won-ryo\\\/bal-hyo-chu-chul-mul\\\/%eb%b0%9c%ed%9a%a8-%eb%aa%a8%ec%9e%90%eb%b0%98-%ec%b6%94%ec%b6%9c%eb%ac%bc\\\/#breadcrumb\",\"itemListElement\":[{\"@type\":\"ListItem\",\"position\":1,\"name\":\"\ud648\",\"item\":\"https:\\\/\\\/naturalpoland.com\\\/ko\\\/\"},{\"@type\":\"ListItem\",\"position\":2,\"name\":\"\uc81c\ud488\",\"item\":\"https:\\\/\\\/naturalpoland.com\\\/ko\\\/%ec%a0%9c%ed%92%88\\\/\"},{\"@type\":\"ListItem\",\"position\":3,\"name\":\"\ubc1c\ud6a8 \ubaa8\uc790\ubc18 \ucd94\ucd9c\ubb3c\"}]},{\"@type\":\"WebSite\",\"@id\":\"https:\\\/\\\/naturalpoland.com\\\/ko\\\/#website\",\"url\":\"https:\\\/\\\/naturalpoland.com\\\/ko\\\/\",\"name\":\"NATURAL POLAND - Hurtowy Dystrybutor Surowc\u00f3w\",\"description\":\"Surowce dla przemys\u0142u spo\u017cywczego, kosmetycznego i farmaceutycznego\",\"publisher\":{\"@id\":\"https:\\\/\\\/naturalpoland.com\\\/ko\\\/#organization\"},\"potentialAction\":[{\"@type\":\"SearchAction\",\"target\":{\"@type\":\"EntryPoint\",\"urlTemplate\":\"https:\\\/\\\/naturalpoland.com\\\/ko\\\/?s={search_term_string}\"},\"query-input\":{\"@type\":\"PropertyValueSpecification\",\"valueRequired\":true,\"valueName\":\"search_term_string\"}}],\"inLanguage\":\"ko-KR\"},{\"@type\":\"Organization\",\"@id\":\"https:\\\/\\\/naturalpoland.com\\\/ko\\\/#organization\",\"name\":\"Natural Poland\",\"url\":\"https:\\\/\\\/naturalpoland.com\\\/ko\\\/\",\"logo\":{\"@type\":\"ImageObject\",\"inLanguage\":\"ko-KR\",\"@id\":\"https:\\\/\\\/naturalpoland.com\\\/ko\\\/#\\\/schema\\\/logo\\\/image\\\/\",\"url\":\"https:\\\/\\\/naturalpoland.com\\\/wp-content\\\/uploads\\\/2021\\\/05\\\/natural-poland-icon.png\",\"contentUrl\":\"https:\\\/\\\/naturalpoland.com\\\/wp-content\\\/uploads\\\/2021\\\/05\\\/natural-poland-icon.png\",\"width\":512,\"height\":512,\"caption\":\"Natural Poland\"},\"image\":{\"@id\":\"https:\\\/\\\/naturalpoland.com\\\/ko\\\/#\\\/schema\\\/logo\\\/image\\\/\"},\"sameAs\":[\"https:\\\/\\\/www.facebook.com\\\/naturalpoland.b2b\",\"https:\\\/\\\/pl.linkedin.com\\\/company\\\/natural-poland\",\"https:\\\/\\\/www.youtube.com\\\/channel\\\/UCgeGGkvOMahZo-xu_MSEWxg\"]}]}<\/script>\n<!-- \/ Yoast SEO plugin. -->","yoast_head_json":{"title":"\ubc1c\ud6a8 \ubaa8\uc790\ubc18 \ucd94\ucd9c\ubb3c - Hurtowy Dystrybutor","description":"\ubc1c\ud6a8 \ubaa8\uc790\ubc18 \ucd94\ucd9c\ubb3c\uc740 \ud574\uc591 \uc601\uc591 \uc131\ubd84\uc758 \ud48d\ubd80\ud568\uc5d0\uc11c \ube44\ub86f\ub41c \ud0c1\uc6d4\ud55c \ud6a8\ub2a5\uc744 \uc9c0\ub2cc \ud654\uc7a5\ud488 \ud65c\uc131 \uc131\ubd84\uc785\ub2c8\ub2e4.","robots":{"index":"index","follow":"follow","max-snippet":"max-snippet:-1","max-image-preview":"max-image-preview:large","max-video-preview":"max-video-preview:-1"},"canonical":"https:\/\/naturalpoland.com\/ko\/je-pum\/hwa-jang-pum-won-ryo\/bal-hyo-chu-chul-mul\/%eb%b0%9c%ed%9a%a8-%eb%aa%a8%ec%9e%90%eb%b0%98-%ec%b6%94%ec%b6%9c%eb%ac%bc\/","og_locale":"ko_KR","og_type":"article","og_title":"\ubc1c\ud6a8 \ubaa8\uc790\ubc18 \ucd94\ucd9c\ubb3c - Hurtowy Dystrybutor","og_description":"\ubc1c\ud6a8 \ubaa8\uc790\ubc18 \ucd94\ucd9c\ubb3c\uc740 \ud574\uc591 \uc601\uc591 \uc131\ubd84\uc758 \ud48d\ubd80\ud568\uc5d0\uc11c \ube44\ub86f\ub41c \ud0c1\uc6d4\ud55c \ud6a8\ub2a5\uc744 \uc9c0\ub2cc \ud654\uc7a5\ud488 \ud65c\uc131 \uc131\ubd84\uc785\ub2c8\ub2e4.","og_url":"https:\/\/naturalpoland.com\/ko\/je-pum\/hwa-jang-pum-won-ryo\/bal-hyo-chu-chul-mul\/%eb%b0%9c%ed%9a%a8-%eb%aa%a8%ec%9e%90%eb%b0%98-%ec%b6%94%ec%b6%9c%eb%ac%bc\/","og_site_name":"NATURAL POLAND - Hurtowy Dystrybutor Surowc\u00f3w","article_publisher":"https:\/\/www.facebook.com\/naturalpoland.b2b","article_modified_time":"2025-09-26T14:19:38+00:00","og_image":[{"width":590,"height":590,"url":"https:\/\/naturalpoland.com\/wp-content\/uploads\/fermentowany-ekstrakt-z-morszczynu.png","type":"image\/png"}],"schema":{"@context":"https:\/\/schema.org","@graph":[{"@type":"WebPage","@id":"https:\/\/naturalpoland.com\/ko\/je-pum\/hwa-jang-pum-won-ryo\/bal-hyo-chu-chul-mul\/%eb%b0%9c%ed%9a%a8-%eb%aa%a8%ec%9e%90%eb%b0%98-%ec%b6%94%ec%b6%9c%eb%ac%bc\/","url":"https:\/\/naturalpoland.com\/ko\/je-pum\/hwa-jang-pum-won-ryo\/bal-hyo-chu-chul-mul\/%eb%b0%9c%ed%9a%a8-%eb%aa%a8%ec%9e%90%eb%b0%98-%ec%b6%94%ec%b6%9c%eb%ac%bc\/","name":"\ubc1c\ud6a8 \ubaa8\uc790\ubc18 \ucd94\ucd9c\ubb3c - Hurtowy Dystrybutor","isPartOf":{"@id":"https:\/\/naturalpoland.com\/ko\/#website"},"primaryImageOfPage":{"@id":"https:\/\/naturalpoland.com\/ko\/je-pum\/hwa-jang-pum-won-ryo\/bal-hyo-chu-chul-mul\/%eb%b0%9c%ed%9a%a8-%eb%aa%a8%ec%9e%90%eb%b0%98-%ec%b6%94%ec%b6%9c%eb%ac%bc\/#primaryimage"},"image":{"@id":"https:\/\/naturalpoland.com\/ko\/je-pum\/hwa-jang-pum-won-ryo\/bal-hyo-chu-chul-mul\/%eb%b0%9c%ed%9a%a8-%eb%aa%a8%ec%9e%90%eb%b0%98-%ec%b6%94%ec%b6%9c%eb%ac%bc\/#primaryimage"},"thumbnailUrl":"https:\/\/naturalpoland.com\/wp-content\/uploads\/fermentowany-ekstrakt-z-morszczynu.png","datePublished":"2023-10-06T08:22:27+00:00","dateModified":"2025-09-26T14:19:38+00:00","description":"\ubc1c\ud6a8 \ubaa8\uc790\ubc18 \ucd94\ucd9c\ubb3c\uc740 \ud574\uc591 \uc601\uc591 \uc131\ubd84\uc758 \ud48d\ubd80\ud568\uc5d0\uc11c \ube44\ub86f\ub41c \ud0c1\uc6d4\ud55c \ud6a8\ub2a5\uc744 \uc9c0\ub2cc \ud654\uc7a5\ud488 \ud65c\uc131 \uc131\ubd84\uc785\ub2c8\ub2e4.","breadcrumb":{"@id":"https:\/\/naturalpoland.com\/ko\/je-pum\/hwa-jang-pum-won-ryo\/bal-hyo-chu-chul-mul\/%eb%b0%9c%ed%9a%a8-%eb%aa%a8%ec%9e%90%eb%b0%98-%ec%b6%94%ec%b6%9c%eb%ac%bc\/#breadcrumb"},"inLanguage":"ko-KR","potentialAction":[{"@type":"ReadAction","target":["https:\/\/naturalpoland.com\/ko\/je-pum\/hwa-jang-pum-won-ryo\/bal-hyo-chu-chul-mul\/%eb%b0%9c%ed%9a%a8-%eb%aa%a8%ec%9e%90%eb%b0%98-%ec%b6%94%ec%b6%9c%eb%ac%bc\/"]}]},{"@type":"ImageObject","inLanguage":"ko-KR","@id":"https:\/\/naturalpoland.com\/ko\/je-pum\/hwa-jang-pum-won-ryo\/bal-hyo-chu-chul-mul\/%eb%b0%9c%ed%9a%a8-%eb%aa%a8%ec%9e%90%eb%b0%98-%ec%b6%94%ec%b6%9c%eb%ac%bc\/#primaryimage","url":"https:\/\/naturalpoland.com\/wp-content\/uploads\/fermentowany-ekstrakt-z-morszczynu.png","contentUrl":"https:\/\/naturalpoland.com\/wp-content\/uploads\/fermentowany-ekstrakt-z-morszczynu.png","width":590,"height":590,"caption":"\ubc1c\ud6a8 \ubaa8\uc790\ubc18 \ucd94\ucd9c\ubb3c"},{"@type":"BreadcrumbList","@id":"https:\/\/naturalpoland.com\/ko\/je-pum\/hwa-jang-pum-won-ryo\/bal-hyo-chu-chul-mul\/%eb%b0%9c%ed%9a%a8-%eb%aa%a8%ec%9e%90%eb%b0%98-%ec%b6%94%ec%b6%9c%eb%ac%bc\/#breadcrumb","itemListElement":[{"@type":"ListItem","position":1,"name":"\ud648","item":"https:\/\/naturalpoland.com\/ko\/"},{"@type":"ListItem","position":2,"name":"\uc81c\ud488","item":"https:\/\/naturalpoland.com\/ko\/%ec%a0%9c%ed%92%88\/"},{"@type":"ListItem","position":3,"name":"\ubc1c\ud6a8 \ubaa8\uc790\ubc18 \ucd94\ucd9c\ubb3c"}]},{"@type":"WebSite","@id":"https:\/\/naturalpoland.com\/ko\/#website","url":"https:\/\/naturalpoland.com\/ko\/","name":"NATURAL POLAND - Hurtowy Dystrybutor Surowc\u00f3w","description":"Surowce dla przemys\u0142u spo\u017cywczego, kosmetycznego i farmaceutycznego","publisher":{"@id":"https:\/\/naturalpoland.com\/ko\/#organization"},"potentialAction":[{"@type":"SearchAction","target":{"@type":"EntryPoint","urlTemplate":"https:\/\/naturalpoland.com\/ko\/?s={search_term_string}"},"query-input":{"@type":"PropertyValueSpecification","valueRequired":true,"valueName":"search_term_string"}}],"inLanguage":"ko-KR"},{"@type":"Organization","@id":"https:\/\/naturalpoland.com\/ko\/#organization","name":"Natural Poland","url":"https:\/\/naturalpoland.com\/ko\/","logo":{"@type":"ImageObject","inLanguage":"ko-KR","@id":"https:\/\/naturalpoland.com\/ko\/#\/schema\/logo\/image\/","url":"https:\/\/naturalpoland.com\/wp-content\/uploads\/2021\/05\/natural-poland-icon.png","contentUrl":"https:\/\/naturalpoland.com\/wp-content\/uploads\/2021\/05\/natural-poland-icon.png","width":512,"height":512,"caption":"Natural Poland"},"image":{"@id":"https:\/\/naturalpoland.com\/ko\/#\/schema\/logo\/image\/"},"sameAs":["https:\/\/www.facebook.com\/naturalpoland.b2b","https:\/\/pl.linkedin.com\/company\/natural-poland","https:\/\/www.youtube.com\/channel\/UCgeGGkvOMahZo-xu_MSEWxg"]}]}},"_links":{"self":[{"href":"https:\/\/naturalpoland.com\/ko\/wp-json\/wp\/v2\/product\/43463","targetHints":{"allow":["GET"]}}],"collection":[{"href":"https:\/\/naturalpoland.com\/ko\/wp-json\/wp\/v2\/product"}],"about":[{"href":"https:\/\/naturalpoland.com\/ko\/wp-json\/wp\/v2\/types\/product"}],"wp:featuredmedia":[{"embeddable":true,"href":"https:\/\/naturalpoland.com\/ko\/wp-json\/wp\/v2\/media\/43464"}],"wp:attachment":[{"href":"https:\/\/naturalpoland.com\/ko\/wp-json\/wp\/v2\/media?parent=43463"}],"wp:term":[{"taxonomy":"product_brand","embeddable":true,"href":"https:\/\/naturalpoland.com\/ko\/wp-json\/wp\/v2\/product_brand?post=43463"},{"taxonomy":"product_cat","embeddable":true,"href":"https:\/\/naturalpoland.com\/ko\/wp-json\/wp\/v2\/product_cat?post=43463"},{"taxonomy":"product_tag","embeddable":true,"href":"https:\/\/naturalpoland.com\/ko\/wp-json\/wp\/v2\/product_tag?post=43463"}],"curies":[{"name":"wp","href":"https:\/\/api.w.org\/{rel}","templated":true}]}}