{"id":43465,"date":"2023-10-06T09:52:28","date_gmt":"2023-10-06T07:52:28","guid":{"rendered":"https:\/\/naturalpoland.com\/produkty\/uncategorized\/%eb%b0%9c%ed%9a%a8-%ec%82%ac%ea%b3%bc-%ec%b6%94%ec%b6%9c%eb%ac%bc\/"},"modified":"2025-09-26T16:19:40","modified_gmt":"2025-09-26T14:19:40","slug":"%eb%b0%9c%ed%9a%a8-%ec%82%ac%ea%b3%bc-%ec%b6%94%ec%b6%9c%eb%ac%bc","status":"publish","type":"product","link":"https:\/\/naturalpoland.com\/ko\/je-pum\/hwa-jang-pum-won-ryo\/bal-hyo-chu-chul-mul\/%eb%b0%9c%ed%9a%a8-%ec%82%ac%ea%b3%bc-%ec%b6%94%ec%b6%9c%eb%ac%bc\/","title":{"rendered":"\ubc1c\ud6a8 \uc0ac\uacfc \ucd94\ucd9c\ubb3c"},"content":{"rendered":"<p>\uc0ac\uacfc\ub294 \ube44\ud0c0\ubbfc C\ub97c \ud3ec\ud568\ud55c \ube44\ud0c0\ubbfc\uacfc \ud56d\uc0b0\ud654 \ubb3c\uc9c8\uc774 \ud48d\ubd80\ud558\uc5ec \uc720\ud574\ud55c \ud65c\uc131\uc0b0\uc18c\ub85c\ubd80\ud130 \ud53c\ubd80\ub97c \ubcf4\ud638\ud569\ub2c8\ub2e4. \uc774\ub294 \uc870\uae30 \ud53c\ubd80 \ub178\ud654\ub97c \uc608\ubc29\ud558\uace0 \ud53c\ubd80\ub97c \ube5b\ub098\uace0 \ud65c\ub825 \uc788\uac8c \uac00\uafb8\uc5b4 \uc90d\ub2c8\ub2e4. \uc0ac\uacfc \ucd94\ucd9c\ubb3c\uc740 \ub610\ud55c \ud53c\ubd80\ub97c \ud0c4\ub825 \uc788\uace0 \ubd80\ub4dc\ub7fd\uac8c \uc720\uc9c0\ud558\uba70 \uc794\uc8fc\ub984\uacfc \uc8fc\ub984\uc758 \uac00\uc2dc\uc131\uc744 \uc904\uc774\ub294 \ub370 \ub3c4\uc6c0\uc774 \ub418\ub294 \ubcf4\uc2b5 \ud2b9\uc131\uc73c\ub85c\ub3c4 \uc54c\ub824\uc838 \uc788\uc2b5\ub2c8\ub2e4.  <\/p>\n<p>\ubd80\ub4dc\ub7ec\uc6b4 \uac01\uc9c8 \uc81c\uac70 \uc791\uc6a9\uc740 \ud53c\ubd80 \uc138\ud3ec \uc7ac\uc0dd\uc744 \ucd09\uc9c4\ud558\uc5ec \uacb0\uc810\uc744 \ucd5c\uc18c\ud654\ud558\uace0 \uc804\ubc18\uc801\uc778 \ud53c\ubd80 \ud1a4\uc744 \uac1c\uc120\ud558\ub294 \ub370 \ub3c4\uc6c0\uc744 \uc90d\ub2c8\ub2e4. \ubc1c\ud6a8 \uc0ac\uacfc \ucd94\ucd9c\ubb3c\uc740 \ub610\ud55c \ud504\ub85c\ubc14\uc774\uc624\ud2f1 \ud2b9\uc131 \ub355\ubd84\uc5d0 \ud53c\ubd80 \ubbf8\uc0dd\ubb3c\ucd1d\uc758 \uade0\ud615\uc744 \ucd09\uc9c4\ud558\uc5ec \ud53c\ubd80\uc5d0 \uac74\uac15\ud55c \ud658\uacbd\uc744 \uc870\uc131\ud558\uace0 \uc790\uc5f0\uc801\uc778 \ubcf4\ud638 \uc7a5\ubcbd\uc744 \uac15\ud654\ud569\ub2c8\ub2e4. <\/p>\n<p>\uc774 \ub2e4\uae30\ub2a5 \ud65c\uc131 \uc131\ubd84\uc740 \ud06c\ub9bc, \ub85c\uc158, \uc138\ub7fc, \ub9c8\uc2a4\ud06c \ub610\ub294 \ud1a0\ub108\uc640 \uac19\uc740 \ub2e4\uc591\ud55c \ud654\uc7a5\ud488 \uc81c\ud615\uc744 \ud48d\ubd80\ud558\uac8c \ud558\ub294 \ub370 \ud0c1\uc6d4\ud55c \uc120\ud0dd\uc785\ub2c8\ub2e4. \uc131\uc219\ud558\uace0 \uac74\uc870\ud558\uba70 \ubbfc\uac10\ud558\uac70\ub098 \ubb38\uc81c\uc131 \ud53c\ubd80 \uad00\ub9ac\ub97c \uc704\ud55c \uc81c\ud488\uc5d0 \uc774\uc0c1\uc801\uc774\uba70, \ud53c\ubd80\uc758 \uc678\uad00\uacfc \uc0c1\ud0dc\ub97c \uac1c\uc120\ud558\ub294 \ud3ec\uad04\uc801\uc778 \uc791\uc6a9\uc744 \uc81c\uacf5\ud569\ub2c8\ub2e4. <\/p>\n<p>\ubc1c\ud6a8 \uc0ac\uacfc \ucd94\ucd9c\ubb3c\uc740 \ucc9c\uc5f0 \ubc0f \uc720\uae30\ub18d \ud654\uc7a5\ud488\uc5d0 \uadc0\uc911\ud55c \ucca8\uac00\ubb3c\uc774\uba70, \ud53c\ubd80\uc5d0 \ud6a8\uacfc\uc801\uc77c \ubfd0\ub9cc \uc544\ub2c8\ub77c \uc548\uc804\ud55c \uc120\ud0dd\uc785\ub2c8\ub2e4. \uc774 \uc81c\ud488\uc740 \ube44\uac74\uc774\uba70 \ub3d9\ubb3c \uc2e4\ud5d8\uc744 \uac70\uce58\uc9c0 \uc54a\uc544 \uc724\ub9ac\uc801\uc774\uace0 \uc9c0\uc18d \uac00\ub2a5\ud55c \ud2b9\uc131\uc744 \uac15\uc870\ud569\ub2c8\ub2e4. <\/p>\n","protected":false},"excerpt":{"rendered":"<p>\ubc1c\ud6a8 \uc0ac\uacfc \ucd94\ucd9c\ubb3c(INCI:<em> Apple Ferment Extract<\/em>)\uc740 \ubaa8\ub4e0 \ud53c\ubd80 \ud0c0\uc785 \uad00\ub9ac\ub97c \uc704\ud574 \uace0\uc548\ub41c \uace0\ud488\uc9c8 \ud65c\uc131 \uc131\ubd84\uc785\ub2c8\ub2e4. \uc774 \ub3c5\ud2b9\ud55c \ucd94\ucd9c\ubb3c\uc740 \ubc1c\ud6a8 \uacfc\uc815\uc758 \uc774\uc810\uc744 \ud65c\uc6a9\ud558\uc5ec \uc0ac\uacfc\uc5d0 \ud568\uc720\ub41c \uc601\uc591\uc18c\uac00 \uc138\ud3ec \uc218\uc900\uc5d0\uc11c \ub354\uc6b1 \ud761\uc218\ub418\uace0 \ud65c\uc131\ud654\ub429\ub2c8\ub2e4. <\/p>\n","protected":false},"featured_media":43466,"template":"","meta":[],"product_brand":[],"product_cat":[8148],"product_tag":[],"class_list":{"0":"post-43465","1":"product","2":"type-product","3":"status-publish","4":"has-post-thumbnail","6":"product_cat-bal-hyo-chu-chul-mul","8":"first","9":"instock","10":"shipping-taxable","11":"product-type-simple"},"yoast_head":"<!-- This site is optimized with the Yoast SEO plugin v27.3 - https:\/\/yoast.com\/product\/yoast-seo-wordpress\/ -->\n<title>\ubc1c\ud6a8 \uc0ac\uacfc \ucd94\ucd9c\ubb3c - Hurtowy Dystrybutor<\/title>\n<meta name=\"description\" content=\"\ubc1c\ud6a8 \uc0ac\uacfc \ucd94\ucd9c\ubb3c(INCI: Apple Ferment Extract)\uc740 \ubaa8\ub4e0 \ud53c\ubd80 \ud0c0\uc785 \uad00\ub9ac\ub97c \uc704\ud574 \uace0\uc548\ub41c \uace0\ud488\uc9c8 \ud65c\uc131 \uc131\ubd84\uc785\ub2c8\ub2e4.\" \/>\n<meta name=\"robots\" content=\"index, follow, max-snippet:-1, max-image-preview:large, max-video-preview:-1\" \/>\n<link rel=\"canonical\" href=\"https:\/\/naturalpoland.com\/ko\/je-pum\/hwa-jang-pum-won-ryo\/bal-hyo-chu-chul-mul\/%eb%b0%9c%ed%9a%a8-%ec%82%ac%ea%b3%bc-%ec%b6%94%ec%b6%9c%eb%ac%bc\/\" \/>\n<meta property=\"og:locale\" content=\"ko_KR\" \/>\n<meta property=\"og:type\" content=\"article\" \/>\n<meta property=\"og:title\" content=\"\ubc1c\ud6a8 \uc0ac\uacfc \ucd94\ucd9c\ubb3c - Hurtowy Dystrybutor\" \/>\n<meta property=\"og:description\" content=\"\ubc1c\ud6a8 \uc0ac\uacfc \ucd94\ucd9c\ubb3c(INCI: Apple Ferment Extract)\uc740 \ubaa8\ub4e0 \ud53c\ubd80 \ud0c0\uc785 \uad00\ub9ac\ub97c \uc704\ud574 \uace0\uc548\ub41c \uace0\ud488\uc9c8 \ud65c\uc131 \uc131\ubd84\uc785\ub2c8\ub2e4.\" \/>\n<meta property=\"og:url\" content=\"https:\/\/naturalpoland.com\/ko\/je-pum\/hwa-jang-pum-won-ryo\/bal-hyo-chu-chul-mul\/%eb%b0%9c%ed%9a%a8-%ec%82%ac%ea%b3%bc-%ec%b6%94%ec%b6%9c%eb%ac%bc\/\" \/>\n<meta property=\"og:site_name\" content=\"NATURAL POLAND - Hurtowy Dystrybutor Surowc\u00f3w\" \/>\n<meta property=\"article:publisher\" content=\"https:\/\/www.facebook.com\/naturalpoland.b2b\" \/>\n<meta property=\"article:modified_time\" content=\"2025-09-26T14:19:40+00:00\" \/>\n<meta property=\"og:image\" content=\"https:\/\/naturalpoland.com\/wp-content\/uploads\/fermentowany-ekstrakt-z-jablka.jpg\" \/>\n\t<meta property=\"og:image:width\" content=\"590\" \/>\n\t<meta property=\"og:image:height\" content=\"590\" \/>\n\t<meta property=\"og:image:type\" content=\"image\/jpeg\" \/>\n<script type=\"application\/ld+json\" class=\"yoast-schema-graph\">{\"@context\":\"https:\\\/\\\/schema.org\",\"@graph\":[{\"@type\":\"WebPage\",\"@id\":\"https:\\\/\\\/naturalpoland.com\\\/ko\\\/je-pum\\\/hwa-jang-pum-won-ryo\\\/bal-hyo-chu-chul-mul\\\/%eb%b0%9c%ed%9a%a8-%ec%82%ac%ea%b3%bc-%ec%b6%94%ec%b6%9c%eb%ac%bc\\\/\",\"url\":\"https:\\\/\\\/naturalpoland.com\\\/ko\\\/je-pum\\\/hwa-jang-pum-won-ryo\\\/bal-hyo-chu-chul-mul\\\/%eb%b0%9c%ed%9a%a8-%ec%82%ac%ea%b3%bc-%ec%b6%94%ec%b6%9c%eb%ac%bc\\\/\",\"name\":\"\ubc1c\ud6a8 \uc0ac\uacfc \ucd94\ucd9c\ubb3c - Hurtowy Dystrybutor\",\"isPartOf\":{\"@id\":\"https:\\\/\\\/naturalpoland.com\\\/ko\\\/#website\"},\"primaryImageOfPage\":{\"@id\":\"https:\\\/\\\/naturalpoland.com\\\/ko\\\/je-pum\\\/hwa-jang-pum-won-ryo\\\/bal-hyo-chu-chul-mul\\\/%eb%b0%9c%ed%9a%a8-%ec%82%ac%ea%b3%bc-%ec%b6%94%ec%b6%9c%eb%ac%bc\\\/#primaryimage\"},\"image\":{\"@id\":\"https:\\\/\\\/naturalpoland.com\\\/ko\\\/je-pum\\\/hwa-jang-pum-won-ryo\\\/bal-hyo-chu-chul-mul\\\/%eb%b0%9c%ed%9a%a8-%ec%82%ac%ea%b3%bc-%ec%b6%94%ec%b6%9c%eb%ac%bc\\\/#primaryimage\"},\"thumbnailUrl\":\"https:\\\/\\\/naturalpoland.com\\\/wp-content\\\/uploads\\\/fermentowany-ekstrakt-z-jablka.jpg\",\"datePublished\":\"2023-10-06T07:52:28+00:00\",\"dateModified\":\"2025-09-26T14:19:40+00:00\",\"description\":\"\ubc1c\ud6a8 \uc0ac\uacfc \ucd94\ucd9c\ubb3c(INCI: Apple Ferment Extract)\uc740 \ubaa8\ub4e0 \ud53c\ubd80 \ud0c0\uc785 \uad00\ub9ac\ub97c \uc704\ud574 \uace0\uc548\ub41c \uace0\ud488\uc9c8 \ud65c\uc131 \uc131\ubd84\uc785\ub2c8\ub2e4.\",\"breadcrumb\":{\"@id\":\"https:\\\/\\\/naturalpoland.com\\\/ko\\\/je-pum\\\/hwa-jang-pum-won-ryo\\\/bal-hyo-chu-chul-mul\\\/%eb%b0%9c%ed%9a%a8-%ec%82%ac%ea%b3%bc-%ec%b6%94%ec%b6%9c%eb%ac%bc\\\/#breadcrumb\"},\"inLanguage\":\"ko-KR\",\"potentialAction\":[{\"@type\":\"ReadAction\",\"target\":[\"https:\\\/\\\/naturalpoland.com\\\/ko\\\/je-pum\\\/hwa-jang-pum-won-ryo\\\/bal-hyo-chu-chul-mul\\\/%eb%b0%9c%ed%9a%a8-%ec%82%ac%ea%b3%bc-%ec%b6%94%ec%b6%9c%eb%ac%bc\\\/\"]}]},{\"@type\":\"ImageObject\",\"inLanguage\":\"ko-KR\",\"@id\":\"https:\\\/\\\/naturalpoland.com\\\/ko\\\/je-pum\\\/hwa-jang-pum-won-ryo\\\/bal-hyo-chu-chul-mul\\\/%eb%b0%9c%ed%9a%a8-%ec%82%ac%ea%b3%bc-%ec%b6%94%ec%b6%9c%eb%ac%bc\\\/#primaryimage\",\"url\":\"https:\\\/\\\/naturalpoland.com\\\/wp-content\\\/uploads\\\/fermentowany-ekstrakt-z-jablka.jpg\",\"contentUrl\":\"https:\\\/\\\/naturalpoland.com\\\/wp-content\\\/uploads\\\/fermentowany-ekstrakt-z-jablka.jpg\",\"width\":590,\"height\":590,\"caption\":\"\ubc1c\ud6a8 \uc0ac\uacfc \ucd94\ucd9c\ubb3c\"},{\"@type\":\"BreadcrumbList\",\"@id\":\"https:\\\/\\\/naturalpoland.com\\\/ko\\\/je-pum\\\/hwa-jang-pum-won-ryo\\\/bal-hyo-chu-chul-mul\\\/%eb%b0%9c%ed%9a%a8-%ec%82%ac%ea%b3%bc-%ec%b6%94%ec%b6%9c%eb%ac%bc\\\/#breadcrumb\",\"itemListElement\":[{\"@type\":\"ListItem\",\"position\":1,\"name\":\"\ud648\",\"item\":\"https:\\\/\\\/naturalpoland.com\\\/ko\\\/\"},{\"@type\":\"ListItem\",\"position\":2,\"name\":\"\uc81c\ud488\",\"item\":\"https:\\\/\\\/naturalpoland.com\\\/ko\\\/%ec%a0%9c%ed%92%88\\\/\"},{\"@type\":\"ListItem\",\"position\":3,\"name\":\"\ubc1c\ud6a8 \uc0ac\uacfc \ucd94\ucd9c\ubb3c\"}]},{\"@type\":\"WebSite\",\"@id\":\"https:\\\/\\\/naturalpoland.com\\\/ko\\\/#website\",\"url\":\"https:\\\/\\\/naturalpoland.com\\\/ko\\\/\",\"name\":\"NATURAL POLAND - Hurtowy Dystrybutor Surowc\u00f3w\",\"description\":\"Surowce dla przemys\u0142u spo\u017cywczego, kosmetycznego i farmaceutycznego\",\"publisher\":{\"@id\":\"https:\\\/\\\/naturalpoland.com\\\/ko\\\/#organization\"},\"potentialAction\":[{\"@type\":\"SearchAction\",\"target\":{\"@type\":\"EntryPoint\",\"urlTemplate\":\"https:\\\/\\\/naturalpoland.com\\\/ko\\\/?s={search_term_string}\"},\"query-input\":{\"@type\":\"PropertyValueSpecification\",\"valueRequired\":true,\"valueName\":\"search_term_string\"}}],\"inLanguage\":\"ko-KR\"},{\"@type\":\"Organization\",\"@id\":\"https:\\\/\\\/naturalpoland.com\\\/ko\\\/#organization\",\"name\":\"Natural Poland\",\"url\":\"https:\\\/\\\/naturalpoland.com\\\/ko\\\/\",\"logo\":{\"@type\":\"ImageObject\",\"inLanguage\":\"ko-KR\",\"@id\":\"https:\\\/\\\/naturalpoland.com\\\/ko\\\/#\\\/schema\\\/logo\\\/image\\\/\",\"url\":\"https:\\\/\\\/naturalpoland.com\\\/wp-content\\\/uploads\\\/2021\\\/05\\\/natural-poland-icon.png\",\"contentUrl\":\"https:\\\/\\\/naturalpoland.com\\\/wp-content\\\/uploads\\\/2021\\\/05\\\/natural-poland-icon.png\",\"width\":512,\"height\":512,\"caption\":\"Natural Poland\"},\"image\":{\"@id\":\"https:\\\/\\\/naturalpoland.com\\\/ko\\\/#\\\/schema\\\/logo\\\/image\\\/\"},\"sameAs\":[\"https:\\\/\\\/www.facebook.com\\\/naturalpoland.b2b\",\"https:\\\/\\\/pl.linkedin.com\\\/company\\\/natural-poland\",\"https:\\\/\\\/www.youtube.com\\\/channel\\\/UCgeGGkvOMahZo-xu_MSEWxg\"]}]}<\/script>\n<!-- \/ Yoast SEO plugin. -->","yoast_head_json":{"title":"\ubc1c\ud6a8 \uc0ac\uacfc \ucd94\ucd9c\ubb3c - Hurtowy Dystrybutor","description":"\ubc1c\ud6a8 \uc0ac\uacfc \ucd94\ucd9c\ubb3c(INCI: Apple Ferment Extract)\uc740 \ubaa8\ub4e0 \ud53c\ubd80 \ud0c0\uc785 \uad00\ub9ac\ub97c \uc704\ud574 \uace0\uc548\ub41c \uace0\ud488\uc9c8 \ud65c\uc131 \uc131\ubd84\uc785\ub2c8\ub2e4.","robots":{"index":"index","follow":"follow","max-snippet":"max-snippet:-1","max-image-preview":"max-image-preview:large","max-video-preview":"max-video-preview:-1"},"canonical":"https:\/\/naturalpoland.com\/ko\/je-pum\/hwa-jang-pum-won-ryo\/bal-hyo-chu-chul-mul\/%eb%b0%9c%ed%9a%a8-%ec%82%ac%ea%b3%bc-%ec%b6%94%ec%b6%9c%eb%ac%bc\/","og_locale":"ko_KR","og_type":"article","og_title":"\ubc1c\ud6a8 \uc0ac\uacfc \ucd94\ucd9c\ubb3c - Hurtowy Dystrybutor","og_description":"\ubc1c\ud6a8 \uc0ac\uacfc \ucd94\ucd9c\ubb3c(INCI: Apple Ferment Extract)\uc740 \ubaa8\ub4e0 \ud53c\ubd80 \ud0c0\uc785 \uad00\ub9ac\ub97c \uc704\ud574 \uace0\uc548\ub41c \uace0\ud488\uc9c8 \ud65c\uc131 \uc131\ubd84\uc785\ub2c8\ub2e4.","og_url":"https:\/\/naturalpoland.com\/ko\/je-pum\/hwa-jang-pum-won-ryo\/bal-hyo-chu-chul-mul\/%eb%b0%9c%ed%9a%a8-%ec%82%ac%ea%b3%bc-%ec%b6%94%ec%b6%9c%eb%ac%bc\/","og_site_name":"NATURAL POLAND - Hurtowy Dystrybutor Surowc\u00f3w","article_publisher":"https:\/\/www.facebook.com\/naturalpoland.b2b","article_modified_time":"2025-09-26T14:19:40+00:00","og_image":[{"width":590,"height":590,"url":"https:\/\/naturalpoland.com\/wp-content\/uploads\/fermentowany-ekstrakt-z-jablka.jpg","type":"image\/jpeg"}],"schema":{"@context":"https:\/\/schema.org","@graph":[{"@type":"WebPage","@id":"https:\/\/naturalpoland.com\/ko\/je-pum\/hwa-jang-pum-won-ryo\/bal-hyo-chu-chul-mul\/%eb%b0%9c%ed%9a%a8-%ec%82%ac%ea%b3%bc-%ec%b6%94%ec%b6%9c%eb%ac%bc\/","url":"https:\/\/naturalpoland.com\/ko\/je-pum\/hwa-jang-pum-won-ryo\/bal-hyo-chu-chul-mul\/%eb%b0%9c%ed%9a%a8-%ec%82%ac%ea%b3%bc-%ec%b6%94%ec%b6%9c%eb%ac%bc\/","name":"\ubc1c\ud6a8 \uc0ac\uacfc \ucd94\ucd9c\ubb3c - Hurtowy Dystrybutor","isPartOf":{"@id":"https:\/\/naturalpoland.com\/ko\/#website"},"primaryImageOfPage":{"@id":"https:\/\/naturalpoland.com\/ko\/je-pum\/hwa-jang-pum-won-ryo\/bal-hyo-chu-chul-mul\/%eb%b0%9c%ed%9a%a8-%ec%82%ac%ea%b3%bc-%ec%b6%94%ec%b6%9c%eb%ac%bc\/#primaryimage"},"image":{"@id":"https:\/\/naturalpoland.com\/ko\/je-pum\/hwa-jang-pum-won-ryo\/bal-hyo-chu-chul-mul\/%eb%b0%9c%ed%9a%a8-%ec%82%ac%ea%b3%bc-%ec%b6%94%ec%b6%9c%eb%ac%bc\/#primaryimage"},"thumbnailUrl":"https:\/\/naturalpoland.com\/wp-content\/uploads\/fermentowany-ekstrakt-z-jablka.jpg","datePublished":"2023-10-06T07:52:28+00:00","dateModified":"2025-09-26T14:19:40+00:00","description":"\ubc1c\ud6a8 \uc0ac\uacfc \ucd94\ucd9c\ubb3c(INCI: Apple Ferment Extract)\uc740 \ubaa8\ub4e0 \ud53c\ubd80 \ud0c0\uc785 \uad00\ub9ac\ub97c \uc704\ud574 \uace0\uc548\ub41c \uace0\ud488\uc9c8 \ud65c\uc131 \uc131\ubd84\uc785\ub2c8\ub2e4.","breadcrumb":{"@id":"https:\/\/naturalpoland.com\/ko\/je-pum\/hwa-jang-pum-won-ryo\/bal-hyo-chu-chul-mul\/%eb%b0%9c%ed%9a%a8-%ec%82%ac%ea%b3%bc-%ec%b6%94%ec%b6%9c%eb%ac%bc\/#breadcrumb"},"inLanguage":"ko-KR","potentialAction":[{"@type":"ReadAction","target":["https:\/\/naturalpoland.com\/ko\/je-pum\/hwa-jang-pum-won-ryo\/bal-hyo-chu-chul-mul\/%eb%b0%9c%ed%9a%a8-%ec%82%ac%ea%b3%bc-%ec%b6%94%ec%b6%9c%eb%ac%bc\/"]}]},{"@type":"ImageObject","inLanguage":"ko-KR","@id":"https:\/\/naturalpoland.com\/ko\/je-pum\/hwa-jang-pum-won-ryo\/bal-hyo-chu-chul-mul\/%eb%b0%9c%ed%9a%a8-%ec%82%ac%ea%b3%bc-%ec%b6%94%ec%b6%9c%eb%ac%bc\/#primaryimage","url":"https:\/\/naturalpoland.com\/wp-content\/uploads\/fermentowany-ekstrakt-z-jablka.jpg","contentUrl":"https:\/\/naturalpoland.com\/wp-content\/uploads\/fermentowany-ekstrakt-z-jablka.jpg","width":590,"height":590,"caption":"\ubc1c\ud6a8 \uc0ac\uacfc \ucd94\ucd9c\ubb3c"},{"@type":"BreadcrumbList","@id":"https:\/\/naturalpoland.com\/ko\/je-pum\/hwa-jang-pum-won-ryo\/bal-hyo-chu-chul-mul\/%eb%b0%9c%ed%9a%a8-%ec%82%ac%ea%b3%bc-%ec%b6%94%ec%b6%9c%eb%ac%bc\/#breadcrumb","itemListElement":[{"@type":"ListItem","position":1,"name":"\ud648","item":"https:\/\/naturalpoland.com\/ko\/"},{"@type":"ListItem","position":2,"name":"\uc81c\ud488","item":"https:\/\/naturalpoland.com\/ko\/%ec%a0%9c%ed%92%88\/"},{"@type":"ListItem","position":3,"name":"\ubc1c\ud6a8 \uc0ac\uacfc \ucd94\ucd9c\ubb3c"}]},{"@type":"WebSite","@id":"https:\/\/naturalpoland.com\/ko\/#website","url":"https:\/\/naturalpoland.com\/ko\/","name":"NATURAL POLAND - Hurtowy Dystrybutor Surowc\u00f3w","description":"Surowce dla przemys\u0142u spo\u017cywczego, kosmetycznego i farmaceutycznego","publisher":{"@id":"https:\/\/naturalpoland.com\/ko\/#organization"},"potentialAction":[{"@type":"SearchAction","target":{"@type":"EntryPoint","urlTemplate":"https:\/\/naturalpoland.com\/ko\/?s={search_term_string}"},"query-input":{"@type":"PropertyValueSpecification","valueRequired":true,"valueName":"search_term_string"}}],"inLanguage":"ko-KR"},{"@type":"Organization","@id":"https:\/\/naturalpoland.com\/ko\/#organization","name":"Natural Poland","url":"https:\/\/naturalpoland.com\/ko\/","logo":{"@type":"ImageObject","inLanguage":"ko-KR","@id":"https:\/\/naturalpoland.com\/ko\/#\/schema\/logo\/image\/","url":"https:\/\/naturalpoland.com\/wp-content\/uploads\/2021\/05\/natural-poland-icon.png","contentUrl":"https:\/\/naturalpoland.com\/wp-content\/uploads\/2021\/05\/natural-poland-icon.png","width":512,"height":512,"caption":"Natural Poland"},"image":{"@id":"https:\/\/naturalpoland.com\/ko\/#\/schema\/logo\/image\/"},"sameAs":["https:\/\/www.facebook.com\/naturalpoland.b2b","https:\/\/pl.linkedin.com\/company\/natural-poland","https:\/\/www.youtube.com\/channel\/UCgeGGkvOMahZo-xu_MSEWxg"]}]}},"_links":{"self":[{"href":"https:\/\/naturalpoland.com\/ko\/wp-json\/wp\/v2\/product\/43465","targetHints":{"allow":["GET"]}}],"collection":[{"href":"https:\/\/naturalpoland.com\/ko\/wp-json\/wp\/v2\/product"}],"about":[{"href":"https:\/\/naturalpoland.com\/ko\/wp-json\/wp\/v2\/types\/product"}],"wp:featuredmedia":[{"embeddable":true,"href":"https:\/\/naturalpoland.com\/ko\/wp-json\/wp\/v2\/media\/43466"}],"wp:attachment":[{"href":"https:\/\/naturalpoland.com\/ko\/wp-json\/wp\/v2\/media?parent=43465"}],"wp:term":[{"taxonomy":"product_brand","embeddable":true,"href":"https:\/\/naturalpoland.com\/ko\/wp-json\/wp\/v2\/product_brand?post=43465"},{"taxonomy":"product_cat","embeddable":true,"href":"https:\/\/naturalpoland.com\/ko\/wp-json\/wp\/v2\/product_cat?post=43465"},{"taxonomy":"product_tag","embeddable":true,"href":"https:\/\/naturalpoland.com\/ko\/wp-json\/wp\/v2\/product_tag?post=43465"}],"curies":[{"name":"wp","href":"https:\/\/api.w.org\/{rel}","templated":true}]}}