{"id":43467,"date":"2024-10-09T10:38:58","date_gmt":"2024-10-09T08:38:58","guid":{"rendered":"https:\/\/naturalpoland.com\/produkty\/uncategorized\/%ed%83%80%ec%9e%84-%ec%98%a4%ec%9d%bc\/"},"modified":"2025-09-30T11:47:21","modified_gmt":"2025-09-30T09:47:21","slug":"%ed%83%80%ec%9e%84-%ec%98%a4%ec%9d%bc","status":"publish","type":"product","link":"https:\/\/naturalpoland.com\/ko\/je-pum\/hwa-jang-pum-won-ryo\/e-sen-syeol-o-il\/%ed%83%80%ec%9e%84-%ec%98%a4%ec%9d%bc\/","title":{"rendered":"\ud0c0\uc784 \uc624\uc77c"},"content":{"rendered":"<h2>\ud6a8\ub2a5 \ubc0f \ud65c\uc6a9<\/h2>\n<p>\ud0c0\uc784 \uc5d0\uc13c\uc15c \uc624\uc77c\uc740 \uac15\ub82c\ud558\uace0 \ub9e4\ucf64\ud55c \ud5a5\uc744 \ud2b9\uc9d5\uc73c\ub85c \ud558\uba70, \ud65c\ub825\uc744 \uc8fc\uace0 \uc5d0\ub108\uc9c0\ub97c \ubd81\ub3cb\ub294 \ud6a8\ub2a5\uc774 \uc788\uc2b5\ub2c8\ub2e4. \uc774 \uc624\uc77c\uc740 \ud56d\uade0, \ud56d\ubc14\uc774\ub7ec\uc2a4, \ud56d\uc9c4\uade0 \ud2b9\uc131\uc774 \uc785\uc99d\ub41c \ucc9c\uc5f0 \ubc29\ubd80\uc81c\uc778 \ud2f0\ubab0\uacfc \uce74\ub974\ubc14\ud06c\ub864\uc774 \ud48d\ubd80\ud569\ub2c8\ub2e4. \uc774\ub7ec\ud55c \uc774\uc720\ub85c, \uc774 \uc624\uc77c\uc740 \ubb38\uc81c\uc131 \ud53c\ubd80 \uad00\ub9ac\uc5d0 \ud6a8\uacfc\uc801\uc774\uba70, \ud53c\ubd80 \uc815\ud654\uc640 \ud53c\uc9c0 \uc870\uc808\uc744 \ub3d5\uc2b5\ub2c8\ub2e4.  <\/p>\n<p>\uc774 \uc624\uc77c\uc740 \uc544\ub85c\ub9c8\ud14c\ub77c\ud53c\uc5d0 \ud0c1\uc6d4\ud569\ub2c8\ub2e4. \uc624\uc77c\uc744 \uc0ac\uc6a9\ud55c \ud761\uc785\uc740 \ud638\ud761\uae30\ub97c \uc815\ud654\ud558\uc5ec \uac10\uae30\ub098 \uac10\uc5fc \uc2dc \ud638\ud761\uc744 \uc6a9\uc774\ud558\uac8c \ud569\ub2c8\ub2e4. \ub610\ud55c, \ub530\ub73b\ud55c \uc131\uc9c8\uc740 \ud53c\ub85c, \uadfc\uc721 \uae34\uc7a5, \ub958\uba38\ud2f0\uc998 \uc644\ud654\ub97c \uc704\ud55c \ubaa9\uc695 \ubc0f \ub9c8\uc0ac\uc9c0\uc5d0 \uc774\uc0c1\uc801\uc778 \uc131\ubd84\uc785\ub2c8\ub2e4. \ud761\uc785 \uc2dc \uc9d1\uc911\ub825\uc744 \ub192\uc774\uace0 \uc815\uc2e0\uc744 \ub9d1\uac8c \ud574\uc90d\ub2c8\ub2e4.   <\/p>\n<p>\ud0c0\uc784 \uc624\uc77c\uc740 \uac15\ub825\ud55c \ud6a8\ub2a5\uc744 \uc9c0\ub2cc \uc624\uc77c\uc774\ubbc0\ub85c \ud56d\uc0c1 \ud76c\uc11d\ud558\uc5ec \uc0ac\uc6a9\ud574\uc57c \ud569\ub2c8\ub2e4. \ud53c\ubd80\uc5d0 \uc6d0\uc561 \uadf8\ub300\ub85c \uc0ac\uc6a9\ud558\uc9c0 \uc54a\ub294 \uac83\uc774 \uc88b\uc73c\uba70, \uc774\ub294 \uc790\uadf9\uc744 \uc720\ubc1c\ud560 \uc218 \uc788\uc2b5\ub2c8\ub2e4. <\/p>\n","protected":false},"excerpt":{"rendered":"<p>\ud0c0\uc784 \uc624\uc77c\uc740 \uc2a4\ud398\uc778\uacfc \uc778\ub3c4\uc5d0\uc11c \uc7ac\ubc30\ub418\ub294 \uac1c\ud654\ud55c \uc77c\ubc18 \ud0c0\uc784(Thymus vulgaris) \ud5c8\ube0c\ub97c \uc218\uc99d\uae30 \uc99d\ub958\ubc95\uc73c\ub85c \ucd94\ucd9c\ud558\uc5ec \uc5bb\uc740 100% \ucc9c\uc5f0 \uc2dd\ubb3c \ucd94\ucd9c\ubb3c\uc785\ub2c8\ub2e4.<\/p>\n","protected":false},"featured_media":43468,"template":"","meta":[],"product_brand":[],"product_cat":[8155],"product_tag":[],"class_list":{"0":"post-43467","1":"product","2":"type-product","3":"status-publish","4":"has-post-thumbnail","6":"product_cat-e-sen-syeol-o-il","8":"first","9":"instock","10":"shipping-taxable","11":"product-type-simple"},"yoast_head":"<!-- This site is optimized with the Yoast SEO plugin v27.3 - https:\/\/yoast.com\/product\/yoast-seo-wordpress\/ -->\n<title>NATURAL POLAND &#8211; Hurtowy Dystrybutor Surowc\u00f3w<\/title>\n<meta name=\"description\" content=\"\ud0c0\uc784 \uc624\uc77c\uc740 \uac1c\ud654\ud55c \uc77c\ubc18 \ud0c0\uc784(Thymus vulgaris) \ud5c8\ube0c\ub97c \uc218\uc99d\uae30 \uc99d\ub958\ubc95\uc73c\ub85c \ucd94\ucd9c\ud558\uc5ec \uc5bb\uc740 100% \ucc9c\uc5f0 \uc2dd\ubb3c \ucd94\ucd9c\ubb3c\uc785\ub2c8\ub2e4.\" \/>\n<meta name=\"robots\" content=\"index, follow, max-snippet:-1, max-image-preview:large, max-video-preview:-1\" \/>\n<link rel=\"canonical\" href=\"https:\/\/naturalpoland.com\/ko\/je-pum\/hwa-jang-pum-won-ryo\/e-sen-syeol-o-il\/%ed%83%80%ec%9e%84-%ec%98%a4%ec%9d%bc\/\" \/>\n<meta property=\"og:locale\" content=\"ko_KR\" \/>\n<meta property=\"og:type\" content=\"article\" \/>\n<meta property=\"og:description\" content=\"\ud0c0\uc784 \uc624\uc77c\uc740 \uac1c\ud654\ud55c \uc77c\ubc18 \ud0c0\uc784(Thymus vulgaris) \ud5c8\ube0c\ub97c \uc218\uc99d\uae30 \uc99d\ub958\ubc95\uc73c\ub85c \ucd94\ucd9c\ud558\uc5ec \uc5bb\uc740 100% \ucc9c\uc5f0 \uc2dd\ubb3c \ucd94\ucd9c\ubb3c\uc785\ub2c8\ub2e4.\" \/>\n<meta property=\"og:url\" content=\"https:\/\/naturalpoland.com\/ko\/je-pum\/hwa-jang-pum-won-ryo\/e-sen-syeol-o-il\/%ed%83%80%ec%9e%84-%ec%98%a4%ec%9d%bc\/\" \/>\n<meta property=\"og:site_name\" content=\"NATURAL POLAND - Hurtowy Dystrybutor Surowc\u00f3w\" \/>\n<meta property=\"article:publisher\" content=\"https:\/\/www.facebook.com\/naturalpoland.b2b\" \/>\n<meta property=\"article:modified_time\" content=\"2025-09-30T09:47:21+00:00\" \/>\n<meta property=\"og:image\" content=\"https:\/\/naturalpoland.com\/wp-content\/uploads\/olejek-tymiankowy.webp\" \/>\n\t<meta property=\"og:image:width\" content=\"700\" \/>\n\t<meta property=\"og:image:height\" content=\"700\" \/>\n\t<meta property=\"og:image:type\" content=\"image\/webp\" \/>\n<script type=\"application\/ld+json\" class=\"yoast-schema-graph\">{\"@context\":\"https:\\\/\\\/schema.org\",\"@graph\":[{\"@type\":\"WebPage\",\"@id\":\"https:\\\/\\\/naturalpoland.com\\\/ko\\\/je-pum\\\/hwa-jang-pum-won-ryo\\\/e-sen-syeol-o-il\\\/%ed%83%80%ec%9e%84-%ec%98%a4%ec%9d%bc\\\/\",\"url\":\"https:\\\/\\\/naturalpoland.com\\\/ko\\\/je-pum\\\/hwa-jang-pum-won-ryo\\\/e-sen-syeol-o-il\\\/%ed%83%80%ec%9e%84-%ec%98%a4%ec%9d%bc\\\/\",\"name\":\"\",\"isPartOf\":{\"@id\":\"https:\\\/\\\/naturalpoland.com\\\/ko\\\/#website\"},\"primaryImageOfPage\":{\"@id\":\"https:\\\/\\\/naturalpoland.com\\\/ko\\\/je-pum\\\/hwa-jang-pum-won-ryo\\\/e-sen-syeol-o-il\\\/%ed%83%80%ec%9e%84-%ec%98%a4%ec%9d%bc\\\/#primaryimage\"},\"image\":{\"@id\":\"https:\\\/\\\/naturalpoland.com\\\/ko\\\/je-pum\\\/hwa-jang-pum-won-ryo\\\/e-sen-syeol-o-il\\\/%ed%83%80%ec%9e%84-%ec%98%a4%ec%9d%bc\\\/#primaryimage\"},\"thumbnailUrl\":\"https:\\\/\\\/naturalpoland.com\\\/wp-content\\\/uploads\\\/olejek-tymiankowy.webp\",\"datePublished\":\"2024-10-09T08:38:58+00:00\",\"dateModified\":\"2025-09-30T09:47:21+00:00\",\"description\":\"\ud0c0\uc784 \uc624\uc77c\uc740 \uac1c\ud654\ud55c \uc77c\ubc18 \ud0c0\uc784(Thymus vulgaris) \ud5c8\ube0c\ub97c \uc218\uc99d\uae30 \uc99d\ub958\ubc95\uc73c\ub85c \ucd94\ucd9c\ud558\uc5ec \uc5bb\uc740 100% \ucc9c\uc5f0 \uc2dd\ubb3c \ucd94\ucd9c\ubb3c\uc785\ub2c8\ub2e4.\",\"breadcrumb\":{\"@id\":\"https:\\\/\\\/naturalpoland.com\\\/ko\\\/je-pum\\\/hwa-jang-pum-won-ryo\\\/e-sen-syeol-o-il\\\/%ed%83%80%ec%9e%84-%ec%98%a4%ec%9d%bc\\\/#breadcrumb\"},\"inLanguage\":\"ko-KR\",\"potentialAction\":[{\"@type\":\"ReadAction\",\"target\":[\"https:\\\/\\\/naturalpoland.com\\\/ko\\\/je-pum\\\/hwa-jang-pum-won-ryo\\\/e-sen-syeol-o-il\\\/%ed%83%80%ec%9e%84-%ec%98%a4%ec%9d%bc\\\/\"]}]},{\"@type\":\"ImageObject\",\"inLanguage\":\"ko-KR\",\"@id\":\"https:\\\/\\\/naturalpoland.com\\\/ko\\\/je-pum\\\/hwa-jang-pum-won-ryo\\\/e-sen-syeol-o-il\\\/%ed%83%80%ec%9e%84-%ec%98%a4%ec%9d%bc\\\/#primaryimage\",\"url\":\"https:\\\/\\\/naturalpoland.com\\\/wp-content\\\/uploads\\\/olejek-tymiankowy.webp\",\"contentUrl\":\"https:\\\/\\\/naturalpoland.com\\\/wp-content\\\/uploads\\\/olejek-tymiankowy.webp\",\"width\":700,\"height\":700,\"caption\":\"\ud0c0\uc784 \uc624\uc77c\"},{\"@type\":\"BreadcrumbList\",\"@id\":\"https:\\\/\\\/naturalpoland.com\\\/ko\\\/je-pum\\\/hwa-jang-pum-won-ryo\\\/e-sen-syeol-o-il\\\/%ed%83%80%ec%9e%84-%ec%98%a4%ec%9d%bc\\\/#breadcrumb\",\"itemListElement\":[{\"@type\":\"ListItem\",\"position\":1,\"name\":\"\ud648\",\"item\":\"https:\\\/\\\/naturalpoland.com\\\/ko\\\/\"},{\"@type\":\"ListItem\",\"position\":2,\"name\":\"\uc81c\ud488\",\"item\":\"https:\\\/\\\/naturalpoland.com\\\/ko\\\/%ec%a0%9c%ed%92%88\\\/\"},{\"@type\":\"ListItem\",\"position\":3,\"name\":\"\ud0c0\uc784 \uc624\uc77c\"}]},{\"@type\":\"WebSite\",\"@id\":\"https:\\\/\\\/naturalpoland.com\\\/ko\\\/#website\",\"url\":\"https:\\\/\\\/naturalpoland.com\\\/ko\\\/\",\"name\":\"NATURAL POLAND - Hurtowy Dystrybutor Surowc\u00f3w\",\"description\":\"Surowce dla przemys\u0142u spo\u017cywczego, kosmetycznego i farmaceutycznego\",\"publisher\":{\"@id\":\"https:\\\/\\\/naturalpoland.com\\\/ko\\\/#organization\"},\"potentialAction\":[{\"@type\":\"SearchAction\",\"target\":{\"@type\":\"EntryPoint\",\"urlTemplate\":\"https:\\\/\\\/naturalpoland.com\\\/ko\\\/?s={search_term_string}\"},\"query-input\":{\"@type\":\"PropertyValueSpecification\",\"valueRequired\":true,\"valueName\":\"search_term_string\"}}],\"inLanguage\":\"ko-KR\"},{\"@type\":\"Organization\",\"@id\":\"https:\\\/\\\/naturalpoland.com\\\/ko\\\/#organization\",\"name\":\"Natural Poland\",\"url\":\"https:\\\/\\\/naturalpoland.com\\\/ko\\\/\",\"logo\":{\"@type\":\"ImageObject\",\"inLanguage\":\"ko-KR\",\"@id\":\"https:\\\/\\\/naturalpoland.com\\\/ko\\\/#\\\/schema\\\/logo\\\/image\\\/\",\"url\":\"https:\\\/\\\/naturalpoland.com\\\/wp-content\\\/uploads\\\/2021\\\/05\\\/natural-poland-icon.png\",\"contentUrl\":\"https:\\\/\\\/naturalpoland.com\\\/wp-content\\\/uploads\\\/2021\\\/05\\\/natural-poland-icon.png\",\"width\":512,\"height\":512,\"caption\":\"Natural Poland\"},\"image\":{\"@id\":\"https:\\\/\\\/naturalpoland.com\\\/ko\\\/#\\\/schema\\\/logo\\\/image\\\/\"},\"sameAs\":[\"https:\\\/\\\/www.facebook.com\\\/naturalpoland.b2b\",\"https:\\\/\\\/pl.linkedin.com\\\/company\\\/natural-poland\",\"https:\\\/\\\/www.youtube.com\\\/channel\\\/UCgeGGkvOMahZo-xu_MSEWxg\"]}]}<\/script>\n<!-- \/ Yoast SEO plugin. -->","yoast_head_json":{"title":"NATURAL POLAND &#8211; Hurtowy Dystrybutor Surowc\u00f3w","description":"\ud0c0\uc784 \uc624\uc77c\uc740 \uac1c\ud654\ud55c \uc77c\ubc18 \ud0c0\uc784(Thymus vulgaris) \ud5c8\ube0c\ub97c \uc218\uc99d\uae30 \uc99d\ub958\ubc95\uc73c\ub85c \ucd94\ucd9c\ud558\uc5ec \uc5bb\uc740 100% \ucc9c\uc5f0 \uc2dd\ubb3c \ucd94\ucd9c\ubb3c\uc785\ub2c8\ub2e4.","robots":{"index":"index","follow":"follow","max-snippet":"max-snippet:-1","max-image-preview":"max-image-preview:large","max-video-preview":"max-video-preview:-1"},"canonical":"https:\/\/naturalpoland.com\/ko\/je-pum\/hwa-jang-pum-won-ryo\/e-sen-syeol-o-il\/%ed%83%80%ec%9e%84-%ec%98%a4%ec%9d%bc\/","og_locale":"ko_KR","og_type":"article","og_description":"\ud0c0\uc784 \uc624\uc77c\uc740 \uac1c\ud654\ud55c \uc77c\ubc18 \ud0c0\uc784(Thymus vulgaris) \ud5c8\ube0c\ub97c \uc218\uc99d\uae30 \uc99d\ub958\ubc95\uc73c\ub85c \ucd94\ucd9c\ud558\uc5ec \uc5bb\uc740 100% \ucc9c\uc5f0 \uc2dd\ubb3c \ucd94\ucd9c\ubb3c\uc785\ub2c8\ub2e4.","og_url":"https:\/\/naturalpoland.com\/ko\/je-pum\/hwa-jang-pum-won-ryo\/e-sen-syeol-o-il\/%ed%83%80%ec%9e%84-%ec%98%a4%ec%9d%bc\/","og_site_name":"NATURAL POLAND - Hurtowy Dystrybutor Surowc\u00f3w","article_publisher":"https:\/\/www.facebook.com\/naturalpoland.b2b","article_modified_time":"2025-09-30T09:47:21+00:00","og_image":[{"width":700,"height":700,"url":"https:\/\/naturalpoland.com\/wp-content\/uploads\/olejek-tymiankowy.webp","type":"image\/webp"}],"schema":{"@context":"https:\/\/schema.org","@graph":[{"@type":"WebPage","@id":"https:\/\/naturalpoland.com\/ko\/je-pum\/hwa-jang-pum-won-ryo\/e-sen-syeol-o-il\/%ed%83%80%ec%9e%84-%ec%98%a4%ec%9d%bc\/","url":"https:\/\/naturalpoland.com\/ko\/je-pum\/hwa-jang-pum-won-ryo\/e-sen-syeol-o-il\/%ed%83%80%ec%9e%84-%ec%98%a4%ec%9d%bc\/","name":"","isPartOf":{"@id":"https:\/\/naturalpoland.com\/ko\/#website"},"primaryImageOfPage":{"@id":"https:\/\/naturalpoland.com\/ko\/je-pum\/hwa-jang-pum-won-ryo\/e-sen-syeol-o-il\/%ed%83%80%ec%9e%84-%ec%98%a4%ec%9d%bc\/#primaryimage"},"image":{"@id":"https:\/\/naturalpoland.com\/ko\/je-pum\/hwa-jang-pum-won-ryo\/e-sen-syeol-o-il\/%ed%83%80%ec%9e%84-%ec%98%a4%ec%9d%bc\/#primaryimage"},"thumbnailUrl":"https:\/\/naturalpoland.com\/wp-content\/uploads\/olejek-tymiankowy.webp","datePublished":"2024-10-09T08:38:58+00:00","dateModified":"2025-09-30T09:47:21+00:00","description":"\ud0c0\uc784 \uc624\uc77c\uc740 \uac1c\ud654\ud55c \uc77c\ubc18 \ud0c0\uc784(Thymus vulgaris) \ud5c8\ube0c\ub97c \uc218\uc99d\uae30 \uc99d\ub958\ubc95\uc73c\ub85c \ucd94\ucd9c\ud558\uc5ec \uc5bb\uc740 100% \ucc9c\uc5f0 \uc2dd\ubb3c \ucd94\ucd9c\ubb3c\uc785\ub2c8\ub2e4.","breadcrumb":{"@id":"https:\/\/naturalpoland.com\/ko\/je-pum\/hwa-jang-pum-won-ryo\/e-sen-syeol-o-il\/%ed%83%80%ec%9e%84-%ec%98%a4%ec%9d%bc\/#breadcrumb"},"inLanguage":"ko-KR","potentialAction":[{"@type":"ReadAction","target":["https:\/\/naturalpoland.com\/ko\/je-pum\/hwa-jang-pum-won-ryo\/e-sen-syeol-o-il\/%ed%83%80%ec%9e%84-%ec%98%a4%ec%9d%bc\/"]}]},{"@type":"ImageObject","inLanguage":"ko-KR","@id":"https:\/\/naturalpoland.com\/ko\/je-pum\/hwa-jang-pum-won-ryo\/e-sen-syeol-o-il\/%ed%83%80%ec%9e%84-%ec%98%a4%ec%9d%bc\/#primaryimage","url":"https:\/\/naturalpoland.com\/wp-content\/uploads\/olejek-tymiankowy.webp","contentUrl":"https:\/\/naturalpoland.com\/wp-content\/uploads\/olejek-tymiankowy.webp","width":700,"height":700,"caption":"\ud0c0\uc784 \uc624\uc77c"},{"@type":"BreadcrumbList","@id":"https:\/\/naturalpoland.com\/ko\/je-pum\/hwa-jang-pum-won-ryo\/e-sen-syeol-o-il\/%ed%83%80%ec%9e%84-%ec%98%a4%ec%9d%bc\/#breadcrumb","itemListElement":[{"@type":"ListItem","position":1,"name":"\ud648","item":"https:\/\/naturalpoland.com\/ko\/"},{"@type":"ListItem","position":2,"name":"\uc81c\ud488","item":"https:\/\/naturalpoland.com\/ko\/%ec%a0%9c%ed%92%88\/"},{"@type":"ListItem","position":3,"name":"\ud0c0\uc784 \uc624\uc77c"}]},{"@type":"WebSite","@id":"https:\/\/naturalpoland.com\/ko\/#website","url":"https:\/\/naturalpoland.com\/ko\/","name":"NATURAL POLAND - Hurtowy Dystrybutor Surowc\u00f3w","description":"Surowce dla przemys\u0142u spo\u017cywczego, kosmetycznego i farmaceutycznego","publisher":{"@id":"https:\/\/naturalpoland.com\/ko\/#organization"},"potentialAction":[{"@type":"SearchAction","target":{"@type":"EntryPoint","urlTemplate":"https:\/\/naturalpoland.com\/ko\/?s={search_term_string}"},"query-input":{"@type":"PropertyValueSpecification","valueRequired":true,"valueName":"search_term_string"}}],"inLanguage":"ko-KR"},{"@type":"Organization","@id":"https:\/\/naturalpoland.com\/ko\/#organization","name":"Natural Poland","url":"https:\/\/naturalpoland.com\/ko\/","logo":{"@type":"ImageObject","inLanguage":"ko-KR","@id":"https:\/\/naturalpoland.com\/ko\/#\/schema\/logo\/image\/","url":"https:\/\/naturalpoland.com\/wp-content\/uploads\/2021\/05\/natural-poland-icon.png","contentUrl":"https:\/\/naturalpoland.com\/wp-content\/uploads\/2021\/05\/natural-poland-icon.png","width":512,"height":512,"caption":"Natural Poland"},"image":{"@id":"https:\/\/naturalpoland.com\/ko\/#\/schema\/logo\/image\/"},"sameAs":["https:\/\/www.facebook.com\/naturalpoland.b2b","https:\/\/pl.linkedin.com\/company\/natural-poland","https:\/\/www.youtube.com\/channel\/UCgeGGkvOMahZo-xu_MSEWxg"]}]}},"_links":{"self":[{"href":"https:\/\/naturalpoland.com\/ko\/wp-json\/wp\/v2\/product\/43467","targetHints":{"allow":["GET"]}}],"collection":[{"href":"https:\/\/naturalpoland.com\/ko\/wp-json\/wp\/v2\/product"}],"about":[{"href":"https:\/\/naturalpoland.com\/ko\/wp-json\/wp\/v2\/types\/product"}],"wp:featuredmedia":[{"embeddable":true,"href":"https:\/\/naturalpoland.com\/ko\/wp-json\/wp\/v2\/media\/43468"}],"wp:attachment":[{"href":"https:\/\/naturalpoland.com\/ko\/wp-json\/wp\/v2\/media?parent=43467"}],"wp:term":[{"taxonomy":"product_brand","embeddable":true,"href":"https:\/\/naturalpoland.com\/ko\/wp-json\/wp\/v2\/product_brand?post=43467"},{"taxonomy":"product_cat","embeddable":true,"href":"https:\/\/naturalpoland.com\/ko\/wp-json\/wp\/v2\/product_cat?post=43467"},{"taxonomy":"product_tag","embeddable":true,"href":"https:\/\/naturalpoland.com\/ko\/wp-json\/wp\/v2\/product_tag?post=43467"}],"curies":[{"name":"wp","href":"https:\/\/api.w.org\/{rel}","templated":true}]}}