{"id":43473,"date":"2024-10-08T12:53:27","date_gmt":"2024-10-08T10:53:27","guid":{"rendered":"https:\/\/naturalpoland.com\/produkty\/uncategorized\/%eb%9d%bc%eb%b2%a4%eb%8d%94-%ec%98%a4%ec%9d%bc\/"},"modified":"2025-09-30T11:47:46","modified_gmt":"2025-09-30T09:47:46","slug":"%eb%9d%bc%eb%b2%a4%eb%8d%94-%ec%98%a4%ec%9d%bc","status":"publish","type":"product","link":"https:\/\/naturalpoland.com\/ko\/je-pum\/hwa-jang-pum-won-ryo\/e-sen-syeol-o-il\/%eb%9d%bc%eb%b2%a4%eb%8d%94-%ec%98%a4%ec%9d%bc\/","title":{"rendered":"\ub77c\ubca4\ub354 \uc624\uc77c"},"content":{"rendered":"<h2>\ub77c\ubca4\ub354 \uc624\uc77c\uc758 \ud2b9\uc131<\/h2>\n<p>\uc774 \uc624\uc77c\uc740 \ub192\uc740 \ud568\ub7c9\uc758 <strong>\ub9ac\ub0a0\ub8f0<\/strong>\uacfc <strong>\ub9ac\ub0a0\ub9b4 \uc544\uc138\ud14c\uc774\ud2b8<\/strong>\ub97c \ud2b9\uc9d5\uc73c\ub85c \ud558\uba70, \uc774\ub294 \uce58\ub8cc\uc801 \ud2b9\uc131\uc744 \ub2f4\ub2f9\ud569\ub2c8\ub2e4. \ub9ac\ub0a0\ub8f0\uc740 \ud53c\ubd80\ub97c \uc9c4\uc815\uc2dc\ud0a4\uace0 \uc7ac\uc0dd \uacfc\uc815\uc744 \ub3d5\ub294 \ubc18\uba74, \ub9ac\ub0a0\ub9b4 \uc544\uc138\ud14c\uc774\ud2b8\ub294 \uac15\ub825\ud55c \uc774\uc644 \ud6a8\uacfc\ub97c \ub098\ud0c0\ub0c5\ub2c8\ub2e4. <\/p>\n<h2>\uc544\ub85c\ub9c8\ud14c\ub77c\ud53c\uc5d0\uc11c\uc758 \ud65c\uc6a9<\/h2>\n<p>\ub77c\ubca4\ub354 \uc624\uc77c\uc758 \uce58\ub8cc\uc801 \uc791\uc6a9\uc740 \uc9c4\uc815\uacfc \uc774\uc644\uc5d0 \uc788\uc2b5\ub2c8\ub2e4. \ub77c\ubca4\ub354 \uc624\uc77c \ud761\uc785\uc740 \uc2a4\ud2b8\ub808\uc2a4\uc640 \uc2e0\uacbd \uae34\uc7a5\uc744 \uc904\uc774\uace0, \uc218\uba74\uc758 \uc9c8\uc744 \ud5a5\uc0c1\uc2dc\ucf1c \uc219\uba74\uc744 \ub3d5\uc2b5\ub2c8\ub2e4. \ubaa9\uc695 \uc2dc \ucca8\uac00\ud558\uac70\ub098 \ub514\ud4e8\uc800 \ubc0f \uc544\ub85c\ub9c8 \ub7a8\ud504\uc5d0 \uc0ac\uc6a9\ud558\uba74 \ub77c\ubca4\ub354 \uc624\uc77c\uc740 \ud3c9\uc628\ud568\uacfc \ud734\uc2dd\uc744 \ucd09\uc9c4\ud558\ub294 \ubd84\uc704\uae30\ub97c \uc870\uc131\ud569\ub2c8\ub2e4. \ub610\ud55c \ucc9c\uc5f0 \uacf5\uae30 \uccad\uc815\uc81c\ub85c\ub3c4 \ud6cc\ub96d\ud558\uac8c \ud65c\uc6a9\ub420 \uc218 \uc788\uc2b5\ub2c8\ub2e4.   <\/p>\n<p>\ub77c\ubca4\ub354 \uc624\uc77c\uc740 \uc815\uc11c\uc801 \uac74\uac15\uc744 \uc704\ud55c \uc9c0\uc6d0 \uc5ed\ud560\ub3c4 \ud569\ub2c8\ub2e4. \uc790\uc5f0 \uc758\ud559\uc5d0\uc11c\ub294 \ubd88\uc548 \ubc0f \uc815\uc2e0\uc801 \uae34\uc7a5 \uc99d\uc0c1\uc744 \uc644\ud654\ud558\ub294 \uc218\ub2e8\uc73c\ub85c \uc0ac\uc6a9\ub429\ub2c8\ub2e4. \uadf8 \ub3c5\ud2b9\ud55c \ud5a5\uc740 \uc2e0\uacbd\uc744 \uc9c4\uc815\uc2dc\ud0a4\ub294 \ub370 \ub3c4\uc6c0\uc744 \uc8fc\uc5b4 \uc2a4\ud2b8\ub808\uc2a4\uc640 \uacfc\ub85c\uc758 \uc21c\uac04\uc5d0 \uc774\uc0c1\uc801\uc778 \ub3d9\ubc18\uc790\uac00 \ub429\ub2c8\ub2e4. \uce90\ub9ac\uc5b4 \uc624\uc77c\uacfc \ud568\uaed8 \uc0ac\uc6a9\ud558\uba74 \ubab8\uc744 \uc774\uc644\uc2dc\ud0ac \ubfd0\ub9cc \uc544\ub2c8\ub77c \uc9c0\uce5c \uadfc\uc721\uc744 \uc7ac\uc0dd\uc2dc\ud0a4\ub294 \ub9c8\uc0ac\uc9c0\uc5d0 \ud65c\uc6a9\ub420 \uc218 \uc788\uc2b5\ub2c8\ub2e4.   <\/p>\n<h2>\ud654\uc7a5\ud488 \uc18d \ub77c\ubca4\ub354 \uc624\uc77c<\/h2>\n<p>\ud654\uc7a5\ud488 \ubd84\uc57c\uc5d0\uc11c \ub77c\ubca4\ub354 \uc624\uc77c\uc740 \ud56d\uade0, \ud56d\uc5fc, \ud56d\uc9c4\uade0 \ud2b9\uc131\uc73c\ub85c \ub192\uc774 \ud3c9\uac00\ub429\ub2c8\ub2e4. \ubb38\uc81c\uc131 \ud53c\ubd80 \uad00\ub9ac\uc5d0 \ub3c4\uc6c0\uc744 \uc8fc\uba70, \uc5fc\uc99d\uc744 \uc644\ud654\ud558\uace0, \uc791\uc740 \uc0c1\ucc98\uc758 \uce58\uc720 \uacfc\uc815\uc744 \ub3d5\uace0, \ud654\uc0c1\uc758 \uc601\ud5a5\uc744 \uc9c4\uc815\uc2dc\ud0b5\ub2c8\ub2e4. \ub192\uc740 \ud56d\uc0b0\ud654\uc81c \ud568\ub7c9 \ub355\ubd84\uc5d0 \ub77c\ubca4\ub354 \uc624\uc77c\uc740 \uc790\uc720 \ub77c\ub514\uce7c\uc758 \uc791\uc6a9\uc73c\ub85c\ubd80\ud130 \ud53c\ubd80\ub97c \ubcf4\ud638\ud569\ub2c8\ub2e4.  <\/p>\n","protected":false},"excerpt":{"rendered":"<p><strong>\ub77c\ubca4\ub354 \uc624\uc77c<\/strong>\uc740 \uc881\uc740\uc78e \ub77c\ubca4\ub354(<em>Lavandula angustifolia<\/em>) \ub610\ub294 \uc2a4\ud398\uc778 \uc881\uc740\uc78e \ub77c\ubca4\ub354(<em>Lavandula stoechas<\/em>) \uaf43\uc758 \uc218\uc99d\uae30 \uc99d\ub958 \uacfc\uc815\uc744 \ud1b5\ud574 \uc5bb\uc5b4\uc9c0\ub294 100% \ucc9c\uc5f0 \uc81c\ud488\uc785\ub2c8\ub2e4. \uc12c\uc138\ud55c \uaf43\ud5a5\uae30\uc640 \uc57d\uac04 \ub178\ub780\uc0c9\uc744 \ub760\uace0 \uc788\uc2b5\ub2c8\ub2e4. \ud654\uc7a5\ud488, \uc544\ub85c\ub9c8\ud14c\ub77c\ud53c \ubc0f \uc790\uc5f0 \uc758\ud559 \ubd84\uc57c\uc5d0\uc11c \uc0ac\uc6a9\ud558\ub3c4\ub85d \uace0\uc548\ub418\uc5c8\uc2b5\ub2c8\ub2e4.  <\/p>\n","protected":false},"featured_media":43474,"template":"","meta":[],"product_brand":[],"product_cat":[8155],"product_tag":[],"class_list":{"0":"post-43473","1":"product","2":"type-product","3":"status-publish","4":"has-post-thumbnail","6":"product_cat-e-sen-syeol-o-il","8":"first","9":"instock","10":"shipping-taxable","11":"product-type-simple"},"yoast_head":"<!-- This site is optimized with the Yoast SEO plugin v27.3 - https:\/\/yoast.com\/product\/yoast-seo-wordpress\/ -->\n<title>NATURAL POLAND &#8211; Hurtowy Dystrybutor Surowc\u00f3w<\/title>\n<meta name=\"description\" content=\"\ub77c\ubca4\ub354 \uc624\uc77c\uc740 \uc9c4\uc815 \ud6a8\uacfc\uac00 \uc788\ub294 \uaf43\ud5a5\uae30\ub97c \uc9c0\ub2c8\uace0 \uc788\uc5b4 \ud654\uc7a5\ud488 \ubc0f \uc544\ub85c\ub9c8\ud14c\ub77c\ud53c \uc6a9\ub3c4 \ubaa8\ub450\ub97c \uc704\ud574 \uc18c\uc7a5\ud560 \uac00\uce58\uac00 \uc788\uc2b5\ub2c8\ub2e4.\" \/>\n<meta name=\"robots\" content=\"index, follow, max-snippet:-1, max-image-preview:large, max-video-preview:-1\" \/>\n<link rel=\"canonical\" href=\"https:\/\/naturalpoland.com\/ko\/je-pum\/hwa-jang-pum-won-ryo\/e-sen-syeol-o-il\/%eb%9d%bc%eb%b2%a4%eb%8d%94-%ec%98%a4%ec%9d%bc\/\" \/>\n<meta property=\"og:locale\" content=\"ko_KR\" \/>\n<meta property=\"og:type\" content=\"article\" \/>\n<meta property=\"og:description\" content=\"\ub77c\ubca4\ub354 \uc624\uc77c\uc740 \uc9c4\uc815 \ud6a8\uacfc\uac00 \uc788\ub294 \uaf43\ud5a5\uae30\ub97c \uc9c0\ub2c8\uace0 \uc788\uc5b4 \ud654\uc7a5\ud488 \ubc0f \uc544\ub85c\ub9c8\ud14c\ub77c\ud53c \uc6a9\ub3c4 \ubaa8\ub450\ub97c \uc704\ud574 \uc18c\uc7a5\ud560 \uac00\uce58\uac00 \uc788\uc2b5\ub2c8\ub2e4.\" \/>\n<meta property=\"og:url\" content=\"https:\/\/naturalpoland.com\/ko\/je-pum\/hwa-jang-pum-won-ryo\/e-sen-syeol-o-il\/%eb%9d%bc%eb%b2%a4%eb%8d%94-%ec%98%a4%ec%9d%bc\/\" \/>\n<meta property=\"og:site_name\" content=\"NATURAL POLAND - Hurtowy Dystrybutor Surowc\u00f3w\" \/>\n<meta property=\"article:publisher\" content=\"https:\/\/www.facebook.com\/naturalpoland.b2b\" \/>\n<meta property=\"article:modified_time\" content=\"2025-09-30T09:47:46+00:00\" \/>\n<meta property=\"og:image\" content=\"https:\/\/naturalpoland.com\/wp-content\/uploads\/olejek-lawendowy.webp\" \/>\n\t<meta property=\"og:image:width\" content=\"700\" \/>\n\t<meta property=\"og:image:height\" content=\"700\" \/>\n\t<meta property=\"og:image:type\" content=\"image\/webp\" \/>\n<script type=\"application\/ld+json\" class=\"yoast-schema-graph\">{\"@context\":\"https:\\\/\\\/schema.org\",\"@graph\":[{\"@type\":\"WebPage\",\"@id\":\"https:\\\/\\\/naturalpoland.com\\\/ko\\\/je-pum\\\/hwa-jang-pum-won-ryo\\\/e-sen-syeol-o-il\\\/%eb%9d%bc%eb%b2%a4%eb%8d%94-%ec%98%a4%ec%9d%bc\\\/\",\"url\":\"https:\\\/\\\/naturalpoland.com\\\/ko\\\/je-pum\\\/hwa-jang-pum-won-ryo\\\/e-sen-syeol-o-il\\\/%eb%9d%bc%eb%b2%a4%eb%8d%94-%ec%98%a4%ec%9d%bc\\\/\",\"name\":\"\",\"isPartOf\":{\"@id\":\"https:\\\/\\\/naturalpoland.com\\\/ko\\\/#website\"},\"primaryImageOfPage\":{\"@id\":\"https:\\\/\\\/naturalpoland.com\\\/ko\\\/je-pum\\\/hwa-jang-pum-won-ryo\\\/e-sen-syeol-o-il\\\/%eb%9d%bc%eb%b2%a4%eb%8d%94-%ec%98%a4%ec%9d%bc\\\/#primaryimage\"},\"image\":{\"@id\":\"https:\\\/\\\/naturalpoland.com\\\/ko\\\/je-pum\\\/hwa-jang-pum-won-ryo\\\/e-sen-syeol-o-il\\\/%eb%9d%bc%eb%b2%a4%eb%8d%94-%ec%98%a4%ec%9d%bc\\\/#primaryimage\"},\"thumbnailUrl\":\"https:\\\/\\\/naturalpoland.com\\\/wp-content\\\/uploads\\\/olejek-lawendowy.webp\",\"datePublished\":\"2024-10-08T10:53:27+00:00\",\"dateModified\":\"2025-09-30T09:47:46+00:00\",\"description\":\"\ub77c\ubca4\ub354 \uc624\uc77c\uc740 \uc9c4\uc815 \ud6a8\uacfc\uac00 \uc788\ub294 \uaf43\ud5a5\uae30\ub97c \uc9c0\ub2c8\uace0 \uc788\uc5b4 \ud654\uc7a5\ud488 \ubc0f \uc544\ub85c\ub9c8\ud14c\ub77c\ud53c \uc6a9\ub3c4 \ubaa8\ub450\ub97c \uc704\ud574 \uc18c\uc7a5\ud560 \uac00\uce58\uac00 \uc788\uc2b5\ub2c8\ub2e4.\",\"breadcrumb\":{\"@id\":\"https:\\\/\\\/naturalpoland.com\\\/ko\\\/je-pum\\\/hwa-jang-pum-won-ryo\\\/e-sen-syeol-o-il\\\/%eb%9d%bc%eb%b2%a4%eb%8d%94-%ec%98%a4%ec%9d%bc\\\/#breadcrumb\"},\"inLanguage\":\"ko-KR\",\"potentialAction\":[{\"@type\":\"ReadAction\",\"target\":[\"https:\\\/\\\/naturalpoland.com\\\/ko\\\/je-pum\\\/hwa-jang-pum-won-ryo\\\/e-sen-syeol-o-il\\\/%eb%9d%bc%eb%b2%a4%eb%8d%94-%ec%98%a4%ec%9d%bc\\\/\"]}]},{\"@type\":\"ImageObject\",\"inLanguage\":\"ko-KR\",\"@id\":\"https:\\\/\\\/naturalpoland.com\\\/ko\\\/je-pum\\\/hwa-jang-pum-won-ryo\\\/e-sen-syeol-o-il\\\/%eb%9d%bc%eb%b2%a4%eb%8d%94-%ec%98%a4%ec%9d%bc\\\/#primaryimage\",\"url\":\"https:\\\/\\\/naturalpoland.com\\\/wp-content\\\/uploads\\\/olejek-lawendowy.webp\",\"contentUrl\":\"https:\\\/\\\/naturalpoland.com\\\/wp-content\\\/uploads\\\/olejek-lawendowy.webp\",\"width\":700,\"height\":700,\"caption\":\"\ub77c\ubca4\ub354 \uc5d0\uc13c\uc15c \uc624\uc77c\"},{\"@type\":\"BreadcrumbList\",\"@id\":\"https:\\\/\\\/naturalpoland.com\\\/ko\\\/je-pum\\\/hwa-jang-pum-won-ryo\\\/e-sen-syeol-o-il\\\/%eb%9d%bc%eb%b2%a4%eb%8d%94-%ec%98%a4%ec%9d%bc\\\/#breadcrumb\",\"itemListElement\":[{\"@type\":\"ListItem\",\"position\":1,\"name\":\"\ud648\",\"item\":\"https:\\\/\\\/naturalpoland.com\\\/ko\\\/\"},{\"@type\":\"ListItem\",\"position\":2,\"name\":\"\uc81c\ud488\",\"item\":\"https:\\\/\\\/naturalpoland.com\\\/ko\\\/%ec%a0%9c%ed%92%88\\\/\"},{\"@type\":\"ListItem\",\"position\":3,\"name\":\"\ub77c\ubca4\ub354 \uc624\uc77c\"}]},{\"@type\":\"WebSite\",\"@id\":\"https:\\\/\\\/naturalpoland.com\\\/ko\\\/#website\",\"url\":\"https:\\\/\\\/naturalpoland.com\\\/ko\\\/\",\"name\":\"NATURAL POLAND - Hurtowy Dystrybutor Surowc\u00f3w\",\"description\":\"Surowce dla przemys\u0142u spo\u017cywczego, kosmetycznego i farmaceutycznego\",\"publisher\":{\"@id\":\"https:\\\/\\\/naturalpoland.com\\\/ko\\\/#organization\"},\"potentialAction\":[{\"@type\":\"SearchAction\",\"target\":{\"@type\":\"EntryPoint\",\"urlTemplate\":\"https:\\\/\\\/naturalpoland.com\\\/ko\\\/?s={search_term_string}\"},\"query-input\":{\"@type\":\"PropertyValueSpecification\",\"valueRequired\":true,\"valueName\":\"search_term_string\"}}],\"inLanguage\":\"ko-KR\"},{\"@type\":\"Organization\",\"@id\":\"https:\\\/\\\/naturalpoland.com\\\/ko\\\/#organization\",\"name\":\"Natural Poland\",\"url\":\"https:\\\/\\\/naturalpoland.com\\\/ko\\\/\",\"logo\":{\"@type\":\"ImageObject\",\"inLanguage\":\"ko-KR\",\"@id\":\"https:\\\/\\\/naturalpoland.com\\\/ko\\\/#\\\/schema\\\/logo\\\/image\\\/\",\"url\":\"https:\\\/\\\/naturalpoland.com\\\/wp-content\\\/uploads\\\/2021\\\/05\\\/natural-poland-icon.png\",\"contentUrl\":\"https:\\\/\\\/naturalpoland.com\\\/wp-content\\\/uploads\\\/2021\\\/05\\\/natural-poland-icon.png\",\"width\":512,\"height\":512,\"caption\":\"Natural Poland\"},\"image\":{\"@id\":\"https:\\\/\\\/naturalpoland.com\\\/ko\\\/#\\\/schema\\\/logo\\\/image\\\/\"},\"sameAs\":[\"https:\\\/\\\/www.facebook.com\\\/naturalpoland.b2b\",\"https:\\\/\\\/pl.linkedin.com\\\/company\\\/natural-poland\",\"https:\\\/\\\/www.youtube.com\\\/channel\\\/UCgeGGkvOMahZo-xu_MSEWxg\"]}]}<\/script>\n<!-- \/ Yoast SEO plugin. -->","yoast_head_json":{"title":"NATURAL POLAND &#8211; Hurtowy Dystrybutor Surowc\u00f3w","description":"\ub77c\ubca4\ub354 \uc624\uc77c\uc740 \uc9c4\uc815 \ud6a8\uacfc\uac00 \uc788\ub294 \uaf43\ud5a5\uae30\ub97c \uc9c0\ub2c8\uace0 \uc788\uc5b4 \ud654\uc7a5\ud488 \ubc0f \uc544\ub85c\ub9c8\ud14c\ub77c\ud53c \uc6a9\ub3c4 \ubaa8\ub450\ub97c \uc704\ud574 \uc18c\uc7a5\ud560 \uac00\uce58\uac00 \uc788\uc2b5\ub2c8\ub2e4.","robots":{"index":"index","follow":"follow","max-snippet":"max-snippet:-1","max-image-preview":"max-image-preview:large","max-video-preview":"max-video-preview:-1"},"canonical":"https:\/\/naturalpoland.com\/ko\/je-pum\/hwa-jang-pum-won-ryo\/e-sen-syeol-o-il\/%eb%9d%bc%eb%b2%a4%eb%8d%94-%ec%98%a4%ec%9d%bc\/","og_locale":"ko_KR","og_type":"article","og_description":"\ub77c\ubca4\ub354 \uc624\uc77c\uc740 \uc9c4\uc815 \ud6a8\uacfc\uac00 \uc788\ub294 \uaf43\ud5a5\uae30\ub97c \uc9c0\ub2c8\uace0 \uc788\uc5b4 \ud654\uc7a5\ud488 \ubc0f \uc544\ub85c\ub9c8\ud14c\ub77c\ud53c \uc6a9\ub3c4 \ubaa8\ub450\ub97c \uc704\ud574 \uc18c\uc7a5\ud560 \uac00\uce58\uac00 \uc788\uc2b5\ub2c8\ub2e4.","og_url":"https:\/\/naturalpoland.com\/ko\/je-pum\/hwa-jang-pum-won-ryo\/e-sen-syeol-o-il\/%eb%9d%bc%eb%b2%a4%eb%8d%94-%ec%98%a4%ec%9d%bc\/","og_site_name":"NATURAL POLAND - Hurtowy Dystrybutor Surowc\u00f3w","article_publisher":"https:\/\/www.facebook.com\/naturalpoland.b2b","article_modified_time":"2025-09-30T09:47:46+00:00","og_image":[{"width":700,"height":700,"url":"https:\/\/naturalpoland.com\/wp-content\/uploads\/olejek-lawendowy.webp","type":"image\/webp"}],"schema":{"@context":"https:\/\/schema.org","@graph":[{"@type":"WebPage","@id":"https:\/\/naturalpoland.com\/ko\/je-pum\/hwa-jang-pum-won-ryo\/e-sen-syeol-o-il\/%eb%9d%bc%eb%b2%a4%eb%8d%94-%ec%98%a4%ec%9d%bc\/","url":"https:\/\/naturalpoland.com\/ko\/je-pum\/hwa-jang-pum-won-ryo\/e-sen-syeol-o-il\/%eb%9d%bc%eb%b2%a4%eb%8d%94-%ec%98%a4%ec%9d%bc\/","name":"","isPartOf":{"@id":"https:\/\/naturalpoland.com\/ko\/#website"},"primaryImageOfPage":{"@id":"https:\/\/naturalpoland.com\/ko\/je-pum\/hwa-jang-pum-won-ryo\/e-sen-syeol-o-il\/%eb%9d%bc%eb%b2%a4%eb%8d%94-%ec%98%a4%ec%9d%bc\/#primaryimage"},"image":{"@id":"https:\/\/naturalpoland.com\/ko\/je-pum\/hwa-jang-pum-won-ryo\/e-sen-syeol-o-il\/%eb%9d%bc%eb%b2%a4%eb%8d%94-%ec%98%a4%ec%9d%bc\/#primaryimage"},"thumbnailUrl":"https:\/\/naturalpoland.com\/wp-content\/uploads\/olejek-lawendowy.webp","datePublished":"2024-10-08T10:53:27+00:00","dateModified":"2025-09-30T09:47:46+00:00","description":"\ub77c\ubca4\ub354 \uc624\uc77c\uc740 \uc9c4\uc815 \ud6a8\uacfc\uac00 \uc788\ub294 \uaf43\ud5a5\uae30\ub97c \uc9c0\ub2c8\uace0 \uc788\uc5b4 \ud654\uc7a5\ud488 \ubc0f \uc544\ub85c\ub9c8\ud14c\ub77c\ud53c \uc6a9\ub3c4 \ubaa8\ub450\ub97c \uc704\ud574 \uc18c\uc7a5\ud560 \uac00\uce58\uac00 \uc788\uc2b5\ub2c8\ub2e4.","breadcrumb":{"@id":"https:\/\/naturalpoland.com\/ko\/je-pum\/hwa-jang-pum-won-ryo\/e-sen-syeol-o-il\/%eb%9d%bc%eb%b2%a4%eb%8d%94-%ec%98%a4%ec%9d%bc\/#breadcrumb"},"inLanguage":"ko-KR","potentialAction":[{"@type":"ReadAction","target":["https:\/\/naturalpoland.com\/ko\/je-pum\/hwa-jang-pum-won-ryo\/e-sen-syeol-o-il\/%eb%9d%bc%eb%b2%a4%eb%8d%94-%ec%98%a4%ec%9d%bc\/"]}]},{"@type":"ImageObject","inLanguage":"ko-KR","@id":"https:\/\/naturalpoland.com\/ko\/je-pum\/hwa-jang-pum-won-ryo\/e-sen-syeol-o-il\/%eb%9d%bc%eb%b2%a4%eb%8d%94-%ec%98%a4%ec%9d%bc\/#primaryimage","url":"https:\/\/naturalpoland.com\/wp-content\/uploads\/olejek-lawendowy.webp","contentUrl":"https:\/\/naturalpoland.com\/wp-content\/uploads\/olejek-lawendowy.webp","width":700,"height":700,"caption":"\ub77c\ubca4\ub354 \uc5d0\uc13c\uc15c \uc624\uc77c"},{"@type":"BreadcrumbList","@id":"https:\/\/naturalpoland.com\/ko\/je-pum\/hwa-jang-pum-won-ryo\/e-sen-syeol-o-il\/%eb%9d%bc%eb%b2%a4%eb%8d%94-%ec%98%a4%ec%9d%bc\/#breadcrumb","itemListElement":[{"@type":"ListItem","position":1,"name":"\ud648","item":"https:\/\/naturalpoland.com\/ko\/"},{"@type":"ListItem","position":2,"name":"\uc81c\ud488","item":"https:\/\/naturalpoland.com\/ko\/%ec%a0%9c%ed%92%88\/"},{"@type":"ListItem","position":3,"name":"\ub77c\ubca4\ub354 \uc624\uc77c"}]},{"@type":"WebSite","@id":"https:\/\/naturalpoland.com\/ko\/#website","url":"https:\/\/naturalpoland.com\/ko\/","name":"NATURAL POLAND - Hurtowy Dystrybutor Surowc\u00f3w","description":"Surowce dla przemys\u0142u spo\u017cywczego, kosmetycznego i farmaceutycznego","publisher":{"@id":"https:\/\/naturalpoland.com\/ko\/#organization"},"potentialAction":[{"@type":"SearchAction","target":{"@type":"EntryPoint","urlTemplate":"https:\/\/naturalpoland.com\/ko\/?s={search_term_string}"},"query-input":{"@type":"PropertyValueSpecification","valueRequired":true,"valueName":"search_term_string"}}],"inLanguage":"ko-KR"},{"@type":"Organization","@id":"https:\/\/naturalpoland.com\/ko\/#organization","name":"Natural Poland","url":"https:\/\/naturalpoland.com\/ko\/","logo":{"@type":"ImageObject","inLanguage":"ko-KR","@id":"https:\/\/naturalpoland.com\/ko\/#\/schema\/logo\/image\/","url":"https:\/\/naturalpoland.com\/wp-content\/uploads\/2021\/05\/natural-poland-icon.png","contentUrl":"https:\/\/naturalpoland.com\/wp-content\/uploads\/2021\/05\/natural-poland-icon.png","width":512,"height":512,"caption":"Natural Poland"},"image":{"@id":"https:\/\/naturalpoland.com\/ko\/#\/schema\/logo\/image\/"},"sameAs":["https:\/\/www.facebook.com\/naturalpoland.b2b","https:\/\/pl.linkedin.com\/company\/natural-poland","https:\/\/www.youtube.com\/channel\/UCgeGGkvOMahZo-xu_MSEWxg"]}]}},"_links":{"self":[{"href":"https:\/\/naturalpoland.com\/ko\/wp-json\/wp\/v2\/product\/43473","targetHints":{"allow":["GET"]}}],"collection":[{"href":"https:\/\/naturalpoland.com\/ko\/wp-json\/wp\/v2\/product"}],"about":[{"href":"https:\/\/naturalpoland.com\/ko\/wp-json\/wp\/v2\/types\/product"}],"wp:featuredmedia":[{"embeddable":true,"href":"https:\/\/naturalpoland.com\/ko\/wp-json\/wp\/v2\/media\/43474"}],"wp:attachment":[{"href":"https:\/\/naturalpoland.com\/ko\/wp-json\/wp\/v2\/media?parent=43473"}],"wp:term":[{"taxonomy":"product_brand","embeddable":true,"href":"https:\/\/naturalpoland.com\/ko\/wp-json\/wp\/v2\/product_brand?post=43473"},{"taxonomy":"product_cat","embeddable":true,"href":"https:\/\/naturalpoland.com\/ko\/wp-json\/wp\/v2\/product_cat?post=43473"},{"taxonomy":"product_tag","embeddable":true,"href":"https:\/\/naturalpoland.com\/ko\/wp-json\/wp\/v2\/product_tag?post=43473"}],"curies":[{"name":"wp","href":"https:\/\/api.w.org\/{rel}","templated":true}]}}