{"id":43475,"date":"2024-10-08T15:03:54","date_gmt":"2024-10-08T13:03:54","guid":{"rendered":"https:\/\/naturalpoland.com\/produkty\/uncategorized\/%eb%b8%94%eb%a3%a8-%ed%83%84%ec%a7%80-%ec%98%a4%ec%9d%bc\/"},"modified":"2025-09-30T11:47:50","modified_gmt":"2025-09-30T09:47:50","slug":"%eb%b8%94%eb%a3%a8-%ed%83%84%ec%a7%80-%ec%98%a4%ec%9d%bc","status":"publish","type":"product","link":"https:\/\/naturalpoland.com\/ko\/je-pum\/hwa-jang-pum-won-ryo\/e-sen-syeol-o-il\/%eb%b8%94%eb%a3%a8-%ed%83%84%ec%a7%80-%ec%98%a4%ec%9d%bc\/","title":{"rendered":"\ube14\ub8e8 \ud0c4\uc9c0 \uc624\uc77c"},"content":{"rendered":"<h2>\ube14\ub8e8 \ud0c4\uc9c0 \uc624\uc77c\uc758 \ud6a8\ub2a5<\/h2>\n<p>\ube14\ub8e8 \ud0c4\uc9c0 \uc624\uc77c\uc740 \uce74\ub9c8\uc904\ub80c \ubc0f \uae30\ud0c0 \ud56d\ud788\uc2a4\ud0c0\ubbfc \ud654\ud569\ubb3c \ud568\uc720\ub85c \ud56d\uc5fc \ubc0f \ud56d\uc54c\ub808\ub974\uae30 \uc791\uc6a9\uc744 \ud569\ub2c8\ub2e4. \ubd89\uc740 \uae30\uc640 \ubc1c\uc9c4 \uc644\ud654\uc5d0 \ub3c4\uc6c0\uc744 \uc8fc\uba70, \uc2b5\uc9c4\uc774\ub098 \ud587\ubcd5\uc5d0 \ud0c4 \ud53c\ubd80\uc5d0\ub3c4 \uc801\ud569\ud569\ub2c8\ub2e4. <\/p>\n<p>\uc774 \uc624\uc77c\uc740 \uc544\ub85c\ub9c8\ud14c\ub77c\ud53c \ud6a8\ub2a5\ub3c4 \uac00\uc9c0\uace0 \uc788\uc2b5\ub2c8\ub2e4. \uc740\uc740\ud558\uace0 \ub2ec\ucf64\ud55c \uc0ac\uacfc \ud5a5\uc774 \uac00\ubbf8\ub41c \uac15\ub82c\ud55c \ud5c8\ube0c \ud5a5\uc744 \uc9c0\ub2c8\uace0 \uc788\uc2b5\ub2c8\ub2e4. \uc815\uc11c\uc801 \uae34\uc7a5\uc744 \uc644\ud654\ud558\uace0 \uc815\uc2e0\uc801 \uade0\ud615\uc744 \uc9c0\uc6d0\ud558\uba70, \uc2a4\ud2b8\ub808\uc2a4\uc640 \uc9dc\uc99d\uc744 \uc904\uc774\uace0 \uc9d1\uc911\ub825\uc744 \ud5a5\uc0c1\uc2dc\ud0b5\ub2c8\ub2e4. \ub530\ub77c\uc11c \ub85c\uc158, \ud5a5\ucd08, \ub514\ud4e8\uc800 \ube14\ub80c\ub4dc\uc640 \uac19\uc774 \ud734\uc2dd \ubc0f \uc815\uc11c\uc801 \uc9c0\uc6d0\uc744 \uc704\ud55c \uc81c\ud488\uc5d0 \uc0ac\uc6a9\uc774 \uad8c\uc7a5\ub429\ub2c8\ub2e4.   <\/p>\n<h2>\uc801\uc6a9<\/h2>\n<p>\uc774 \uc81c\ud488\uc740 \ud06c\ub9bc, \ud398\uc774\uc2a4 \uc138\ub7fc, \ub9c8\uc2a4\ud06c\ud329 \ubc0f \ud53c\ubd80 \ud074\ub80c\uc9d5 \uc81c\ud488\uc5d0 \ud6cc\ub96d\ud55c \ucca8\uac00\uc81c\uc785\ub2c8\ub2e4. \ubd89\uc740 \uae30\uc640 \uc790\uadf9 \uc644\ud654\uc81c\ub97c \ud3ec\ud568\ud558\uc5ec \ubb38\uc81c\uc131 \ud53c\ubd80 \uad00\ub9ac\ub97c \uc704\ud55c \ud654\uc7a5\ud488\uc5d0 \ud6a8\uacfc\uc801\uc785\ub2c8\ub2e4. \ub610\ud55c \ubcf4\uc2b5 \ub85c\uc158, \uc548\ud2f0\uc5d0\uc774\uc9d5 \uc81c\ud488, \uadf8\ub9ac\uace0 \ud587\ubcd5\uc5d0 \ud0c4 \ud53c\ubd80\ub97c \uc9c4\uc815\uc2dc\ud0a4\ub294 \uc560\ud504\ud130 \uc120 \ucf00\uc5b4 \uc81c\ud488\uc5d0\ub3c4 \uc0ac\uc6a9\ub420 \uc218 \uc788\uc2b5\ub2c8\ub2e4.  <\/p>\n<p>\uc624\uc77c\uc758 \uac15\ub3c4 \ub54c\ubb38\uc5d0 \ud53c\ubd80\uc5d0 \uc0ac\uc6a9\ud558\uae30 \uc804\uc5d0 \ud638\ud638\ubc14 \ub610\ub294 \uc2a4\uc704\ud2b8 \uc544\ubaac\ub4dc \uc624\uc77c\uacfc \uac19\uc740 \uce90\ub9ac\uc5b4 \uc624\uc77c\uc5d0 \ud76c\uc11d\ud558\ub294 \uac83\uc774 \uc88b\uc2b5\ub2c8\ub2e4. \ube14\ub8e8 \ud0c4\uc9c0\ub294 \uc18c\ub7c9\uc73c\ub85c \ub9e4\uc77c \uc0ac\uc6a9\ud560 \uc218 \uc788\uc9c0\ub9cc, \ud56d\uc0c1 \uc2e0\uc911\ud558\uac8c \uc0ac\uc6a9\ud574\uc57c \ud569\ub2c8\ub2e4. \ub108\ubb34 \ub9ce\uc740 \uc591\uc740 \uc790\uadf9\uc744 \uc720\ubc1c\ud560 \uc218 \uc788\uc2b5\ub2c8\ub2e4. <\/p>\n<h3><\/h3>\n","protected":false},"excerpt":{"rendered":"<p><strong>\ube14\ub8e8 \ud0c4\uc9c0 \uc5d0\uc13c\uc15c \uc624\uc77c<\/strong>\uc740 \ub610\ud55c <strong>\ubaa8\ub85c\ucf54 \uc465 \uc624\uc77c<\/strong>\ub85c\ub3c4 \uc54c\ub824\uc838 \uc788\uc2b5\ub2c8\ub2e4. \uc120\uba85\ud55c \uc9d9\uc740 \ud30c\ub780\uc0c9\uc744 \ub760\uba70 \ub192\uc740 \ud568\ub7c9\uc758 <strong>\uce74\ub9c8\uc904\ub80c<\/strong>\uc744 \ud568\uc720\ud558\uace0 \uc788\uc2b5\ub2c8\ub2e4 \u2013 \uc774\ub294 \ud56d\uc5fc \ubc0f \uc9c4\uc815 \uc791\uc6a9\uc744 \ud569\ub2c8\ub2e4. \ubaa8\ub85c\ucf54\uc5d0\uc11c \uc790\ub77c\ub294 \ube14\ub8e8 \ud0e0\uc2dc \uaf43\uc5d0\uc11c \ucd94\ucd9c\ub418\uba70, \uce90\ubaa8\ub9c8\uc77c\uacfc \ubc00\uc811\ud55c \uad00\ub828\uc774 \uc788\uc2b5\ub2c8\ub2e4.  <\/p>\n","protected":false},"featured_media":43476,"template":"","meta":[],"product_brand":[],"product_cat":[8155],"product_tag":[],"class_list":{"0":"post-43475","1":"product","2":"type-product","3":"status-publish","4":"has-post-thumbnail","6":"product_cat-e-sen-syeol-o-il","8":"first","9":"instock","10":"shipping-taxable","11":"product-type-simple"},"yoast_head":"<!-- This site is optimized with the Yoast SEO plugin v27.3 - https:\/\/yoast.com\/product\/yoast-seo-wordpress\/ -->\n<title>NATURAL POLAND &#8211; Hurtowy Dystrybutor Surowc\u00f3w<\/title>\n<meta name=\"description\" content=\"\ube14\ub8e8 \ud0c4\uc9c0 \uc624\uc77c\uc740 \uc785\uc99d\ub41c \ud6a8\ub2a5\uc744 \uc9c0\ub2cc \ub3c5\ud2b9\ud55c \uc131\ubd84\uc744 \ucc3e\ub294 \ud654\uc7a5\ud488 \ubc0f \uc6f0\ub2c8\uc2a4 \uc0b0\uc5c5 \uc804\ubb38\uac00\ub4e4\uc744 \uc704\ud55c \ud0c1\uc6d4\ud55c \uc120\ud0dd\uc785\ub2c8\ub2e4.\" \/>\n<meta name=\"robots\" content=\"index, follow, max-snippet:-1, max-image-preview:large, max-video-preview:-1\" \/>\n<link rel=\"canonical\" href=\"https:\/\/naturalpoland.com\/ko\/je-pum\/hwa-jang-pum-won-ryo\/e-sen-syeol-o-il\/%eb%b8%94%eb%a3%a8-%ed%83%84%ec%a7%80-%ec%98%a4%ec%9d%bc\/\" \/>\n<meta property=\"og:locale\" content=\"ko_KR\" \/>\n<meta property=\"og:type\" content=\"article\" \/>\n<meta property=\"og:description\" content=\"\ube14\ub8e8 \ud0c4\uc9c0 \uc624\uc77c\uc740 \uc785\uc99d\ub41c \ud6a8\ub2a5\uc744 \uc9c0\ub2cc \ub3c5\ud2b9\ud55c \uc131\ubd84\uc744 \ucc3e\ub294 \ud654\uc7a5\ud488 \ubc0f \uc6f0\ub2c8\uc2a4 \uc0b0\uc5c5 \uc804\ubb38\uac00\ub4e4\uc744 \uc704\ud55c \ud0c1\uc6d4\ud55c \uc120\ud0dd\uc785\ub2c8\ub2e4.\" \/>\n<meta property=\"og:url\" content=\"https:\/\/naturalpoland.com\/ko\/je-pum\/hwa-jang-pum-won-ryo\/e-sen-syeol-o-il\/%eb%b8%94%eb%a3%a8-%ed%83%84%ec%a7%80-%ec%98%a4%ec%9d%bc\/\" \/>\n<meta property=\"og:site_name\" content=\"NATURAL POLAND - Hurtowy Dystrybutor Surowc\u00f3w\" \/>\n<meta property=\"article:publisher\" content=\"https:\/\/www.facebook.com\/naturalpoland.b2b\" \/>\n<meta property=\"article:modified_time\" content=\"2025-09-30T09:47:50+00:00\" \/>\n<meta property=\"og:image\" content=\"https:\/\/naturalpoland.com\/wp-content\/uploads\/olejek-blue-tansy.webp\" \/>\n\t<meta property=\"og:image:width\" content=\"1024\" \/>\n\t<meta property=\"og:image:height\" content=\"1024\" \/>\n\t<meta property=\"og:image:type\" content=\"image\/webp\" \/>\n<script type=\"application\/ld+json\" class=\"yoast-schema-graph\">{\"@context\":\"https:\\\/\\\/schema.org\",\"@graph\":[{\"@type\":\"WebPage\",\"@id\":\"https:\\\/\\\/naturalpoland.com\\\/ko\\\/je-pum\\\/hwa-jang-pum-won-ryo\\\/e-sen-syeol-o-il\\\/%eb%b8%94%eb%a3%a8-%ed%83%84%ec%a7%80-%ec%98%a4%ec%9d%bc\\\/\",\"url\":\"https:\\\/\\\/naturalpoland.com\\\/ko\\\/je-pum\\\/hwa-jang-pum-won-ryo\\\/e-sen-syeol-o-il\\\/%eb%b8%94%eb%a3%a8-%ed%83%84%ec%a7%80-%ec%98%a4%ec%9d%bc\\\/\",\"name\":\"\",\"isPartOf\":{\"@id\":\"https:\\\/\\\/naturalpoland.com\\\/ko\\\/#website\"},\"primaryImageOfPage\":{\"@id\":\"https:\\\/\\\/naturalpoland.com\\\/ko\\\/je-pum\\\/hwa-jang-pum-won-ryo\\\/e-sen-syeol-o-il\\\/%eb%b8%94%eb%a3%a8-%ed%83%84%ec%a7%80-%ec%98%a4%ec%9d%bc\\\/#primaryimage\"},\"image\":{\"@id\":\"https:\\\/\\\/naturalpoland.com\\\/ko\\\/je-pum\\\/hwa-jang-pum-won-ryo\\\/e-sen-syeol-o-il\\\/%eb%b8%94%eb%a3%a8-%ed%83%84%ec%a7%80-%ec%98%a4%ec%9d%bc\\\/#primaryimage\"},\"thumbnailUrl\":\"https:\\\/\\\/naturalpoland.com\\\/wp-content\\\/uploads\\\/olejek-blue-tansy.webp\",\"datePublished\":\"2024-10-08T13:03:54+00:00\",\"dateModified\":\"2025-09-30T09:47:50+00:00\",\"description\":\"\ube14\ub8e8 \ud0c4\uc9c0 \uc624\uc77c\uc740 \uc785\uc99d\ub41c \ud6a8\ub2a5\uc744 \uc9c0\ub2cc \ub3c5\ud2b9\ud55c \uc131\ubd84\uc744 \ucc3e\ub294 \ud654\uc7a5\ud488 \ubc0f \uc6f0\ub2c8\uc2a4 \uc0b0\uc5c5 \uc804\ubb38\uac00\ub4e4\uc744 \uc704\ud55c \ud0c1\uc6d4\ud55c \uc120\ud0dd\uc785\ub2c8\ub2e4.\",\"breadcrumb\":{\"@id\":\"https:\\\/\\\/naturalpoland.com\\\/ko\\\/je-pum\\\/hwa-jang-pum-won-ryo\\\/e-sen-syeol-o-il\\\/%eb%b8%94%eb%a3%a8-%ed%83%84%ec%a7%80-%ec%98%a4%ec%9d%bc\\\/#breadcrumb\"},\"inLanguage\":\"ko-KR\",\"potentialAction\":[{\"@type\":\"ReadAction\",\"target\":[\"https:\\\/\\\/naturalpoland.com\\\/ko\\\/je-pum\\\/hwa-jang-pum-won-ryo\\\/e-sen-syeol-o-il\\\/%eb%b8%94%eb%a3%a8-%ed%83%84%ec%a7%80-%ec%98%a4%ec%9d%bc\\\/\"]}]},{\"@type\":\"ImageObject\",\"inLanguage\":\"ko-KR\",\"@id\":\"https:\\\/\\\/naturalpoland.com\\\/ko\\\/je-pum\\\/hwa-jang-pum-won-ryo\\\/e-sen-syeol-o-il\\\/%eb%b8%94%eb%a3%a8-%ed%83%84%ec%a7%80-%ec%98%a4%ec%9d%bc\\\/#primaryimage\",\"url\":\"https:\\\/\\\/naturalpoland.com\\\/wp-content\\\/uploads\\\/olejek-blue-tansy.webp\",\"contentUrl\":\"https:\\\/\\\/naturalpoland.com\\\/wp-content\\\/uploads\\\/olejek-blue-tansy.webp\",\"width\":1024,\"height\":1024,\"caption\":\"\ube14\ub8e8 \ud0c4\uc9c0 \uc624\uc77c\"},{\"@type\":\"BreadcrumbList\",\"@id\":\"https:\\\/\\\/naturalpoland.com\\\/ko\\\/je-pum\\\/hwa-jang-pum-won-ryo\\\/e-sen-syeol-o-il\\\/%eb%b8%94%eb%a3%a8-%ed%83%84%ec%a7%80-%ec%98%a4%ec%9d%bc\\\/#breadcrumb\",\"itemListElement\":[{\"@type\":\"ListItem\",\"position\":1,\"name\":\"\ud648\",\"item\":\"https:\\\/\\\/naturalpoland.com\\\/ko\\\/\"},{\"@type\":\"ListItem\",\"position\":2,\"name\":\"\uc81c\ud488\",\"item\":\"https:\\\/\\\/naturalpoland.com\\\/ko\\\/%ec%a0%9c%ed%92%88\\\/\"},{\"@type\":\"ListItem\",\"position\":3,\"name\":\"\ube14\ub8e8 \ud0c4\uc9c0 \uc624\uc77c\"}]},{\"@type\":\"WebSite\",\"@id\":\"https:\\\/\\\/naturalpoland.com\\\/ko\\\/#website\",\"url\":\"https:\\\/\\\/naturalpoland.com\\\/ko\\\/\",\"name\":\"NATURAL POLAND - Hurtowy Dystrybutor Surowc\u00f3w\",\"description\":\"Surowce dla przemys\u0142u spo\u017cywczego, kosmetycznego i farmaceutycznego\",\"publisher\":{\"@id\":\"https:\\\/\\\/naturalpoland.com\\\/ko\\\/#organization\"},\"potentialAction\":[{\"@type\":\"SearchAction\",\"target\":{\"@type\":\"EntryPoint\",\"urlTemplate\":\"https:\\\/\\\/naturalpoland.com\\\/ko\\\/?s={search_term_string}\"},\"query-input\":{\"@type\":\"PropertyValueSpecification\",\"valueRequired\":true,\"valueName\":\"search_term_string\"}}],\"inLanguage\":\"ko-KR\"},{\"@type\":\"Organization\",\"@id\":\"https:\\\/\\\/naturalpoland.com\\\/ko\\\/#organization\",\"name\":\"Natural Poland\",\"url\":\"https:\\\/\\\/naturalpoland.com\\\/ko\\\/\",\"logo\":{\"@type\":\"ImageObject\",\"inLanguage\":\"ko-KR\",\"@id\":\"https:\\\/\\\/naturalpoland.com\\\/ko\\\/#\\\/schema\\\/logo\\\/image\\\/\",\"url\":\"https:\\\/\\\/naturalpoland.com\\\/wp-content\\\/uploads\\\/2021\\\/05\\\/natural-poland-icon.png\",\"contentUrl\":\"https:\\\/\\\/naturalpoland.com\\\/wp-content\\\/uploads\\\/2021\\\/05\\\/natural-poland-icon.png\",\"width\":512,\"height\":512,\"caption\":\"Natural Poland\"},\"image\":{\"@id\":\"https:\\\/\\\/naturalpoland.com\\\/ko\\\/#\\\/schema\\\/logo\\\/image\\\/\"},\"sameAs\":[\"https:\\\/\\\/www.facebook.com\\\/naturalpoland.b2b\",\"https:\\\/\\\/pl.linkedin.com\\\/company\\\/natural-poland\",\"https:\\\/\\\/www.youtube.com\\\/channel\\\/UCgeGGkvOMahZo-xu_MSEWxg\"]}]}<\/script>\n<!-- \/ Yoast SEO plugin. -->","yoast_head_json":{"title":"NATURAL POLAND &#8211; Hurtowy Dystrybutor Surowc\u00f3w","description":"\ube14\ub8e8 \ud0c4\uc9c0 \uc624\uc77c\uc740 \uc785\uc99d\ub41c \ud6a8\ub2a5\uc744 \uc9c0\ub2cc \ub3c5\ud2b9\ud55c \uc131\ubd84\uc744 \ucc3e\ub294 \ud654\uc7a5\ud488 \ubc0f \uc6f0\ub2c8\uc2a4 \uc0b0\uc5c5 \uc804\ubb38\uac00\ub4e4\uc744 \uc704\ud55c \ud0c1\uc6d4\ud55c \uc120\ud0dd\uc785\ub2c8\ub2e4.","robots":{"index":"index","follow":"follow","max-snippet":"max-snippet:-1","max-image-preview":"max-image-preview:large","max-video-preview":"max-video-preview:-1"},"canonical":"https:\/\/naturalpoland.com\/ko\/je-pum\/hwa-jang-pum-won-ryo\/e-sen-syeol-o-il\/%eb%b8%94%eb%a3%a8-%ed%83%84%ec%a7%80-%ec%98%a4%ec%9d%bc\/","og_locale":"ko_KR","og_type":"article","og_description":"\ube14\ub8e8 \ud0c4\uc9c0 \uc624\uc77c\uc740 \uc785\uc99d\ub41c \ud6a8\ub2a5\uc744 \uc9c0\ub2cc \ub3c5\ud2b9\ud55c \uc131\ubd84\uc744 \ucc3e\ub294 \ud654\uc7a5\ud488 \ubc0f \uc6f0\ub2c8\uc2a4 \uc0b0\uc5c5 \uc804\ubb38\uac00\ub4e4\uc744 \uc704\ud55c \ud0c1\uc6d4\ud55c \uc120\ud0dd\uc785\ub2c8\ub2e4.","og_url":"https:\/\/naturalpoland.com\/ko\/je-pum\/hwa-jang-pum-won-ryo\/e-sen-syeol-o-il\/%eb%b8%94%eb%a3%a8-%ed%83%84%ec%a7%80-%ec%98%a4%ec%9d%bc\/","og_site_name":"NATURAL POLAND - Hurtowy Dystrybutor Surowc\u00f3w","article_publisher":"https:\/\/www.facebook.com\/naturalpoland.b2b","article_modified_time":"2025-09-30T09:47:50+00:00","og_image":[{"width":1024,"height":1024,"url":"https:\/\/naturalpoland.com\/wp-content\/uploads\/olejek-blue-tansy.webp","type":"image\/webp"}],"schema":{"@context":"https:\/\/schema.org","@graph":[{"@type":"WebPage","@id":"https:\/\/naturalpoland.com\/ko\/je-pum\/hwa-jang-pum-won-ryo\/e-sen-syeol-o-il\/%eb%b8%94%eb%a3%a8-%ed%83%84%ec%a7%80-%ec%98%a4%ec%9d%bc\/","url":"https:\/\/naturalpoland.com\/ko\/je-pum\/hwa-jang-pum-won-ryo\/e-sen-syeol-o-il\/%eb%b8%94%eb%a3%a8-%ed%83%84%ec%a7%80-%ec%98%a4%ec%9d%bc\/","name":"","isPartOf":{"@id":"https:\/\/naturalpoland.com\/ko\/#website"},"primaryImageOfPage":{"@id":"https:\/\/naturalpoland.com\/ko\/je-pum\/hwa-jang-pum-won-ryo\/e-sen-syeol-o-il\/%eb%b8%94%eb%a3%a8-%ed%83%84%ec%a7%80-%ec%98%a4%ec%9d%bc\/#primaryimage"},"image":{"@id":"https:\/\/naturalpoland.com\/ko\/je-pum\/hwa-jang-pum-won-ryo\/e-sen-syeol-o-il\/%eb%b8%94%eb%a3%a8-%ed%83%84%ec%a7%80-%ec%98%a4%ec%9d%bc\/#primaryimage"},"thumbnailUrl":"https:\/\/naturalpoland.com\/wp-content\/uploads\/olejek-blue-tansy.webp","datePublished":"2024-10-08T13:03:54+00:00","dateModified":"2025-09-30T09:47:50+00:00","description":"\ube14\ub8e8 \ud0c4\uc9c0 \uc624\uc77c\uc740 \uc785\uc99d\ub41c \ud6a8\ub2a5\uc744 \uc9c0\ub2cc \ub3c5\ud2b9\ud55c \uc131\ubd84\uc744 \ucc3e\ub294 \ud654\uc7a5\ud488 \ubc0f \uc6f0\ub2c8\uc2a4 \uc0b0\uc5c5 \uc804\ubb38\uac00\ub4e4\uc744 \uc704\ud55c \ud0c1\uc6d4\ud55c \uc120\ud0dd\uc785\ub2c8\ub2e4.","breadcrumb":{"@id":"https:\/\/naturalpoland.com\/ko\/je-pum\/hwa-jang-pum-won-ryo\/e-sen-syeol-o-il\/%eb%b8%94%eb%a3%a8-%ed%83%84%ec%a7%80-%ec%98%a4%ec%9d%bc\/#breadcrumb"},"inLanguage":"ko-KR","potentialAction":[{"@type":"ReadAction","target":["https:\/\/naturalpoland.com\/ko\/je-pum\/hwa-jang-pum-won-ryo\/e-sen-syeol-o-il\/%eb%b8%94%eb%a3%a8-%ed%83%84%ec%a7%80-%ec%98%a4%ec%9d%bc\/"]}]},{"@type":"ImageObject","inLanguage":"ko-KR","@id":"https:\/\/naturalpoland.com\/ko\/je-pum\/hwa-jang-pum-won-ryo\/e-sen-syeol-o-il\/%eb%b8%94%eb%a3%a8-%ed%83%84%ec%a7%80-%ec%98%a4%ec%9d%bc\/#primaryimage","url":"https:\/\/naturalpoland.com\/wp-content\/uploads\/olejek-blue-tansy.webp","contentUrl":"https:\/\/naturalpoland.com\/wp-content\/uploads\/olejek-blue-tansy.webp","width":1024,"height":1024,"caption":"\ube14\ub8e8 \ud0c4\uc9c0 \uc624\uc77c"},{"@type":"BreadcrumbList","@id":"https:\/\/naturalpoland.com\/ko\/je-pum\/hwa-jang-pum-won-ryo\/e-sen-syeol-o-il\/%eb%b8%94%eb%a3%a8-%ed%83%84%ec%a7%80-%ec%98%a4%ec%9d%bc\/#breadcrumb","itemListElement":[{"@type":"ListItem","position":1,"name":"\ud648","item":"https:\/\/naturalpoland.com\/ko\/"},{"@type":"ListItem","position":2,"name":"\uc81c\ud488","item":"https:\/\/naturalpoland.com\/ko\/%ec%a0%9c%ed%92%88\/"},{"@type":"ListItem","position":3,"name":"\ube14\ub8e8 \ud0c4\uc9c0 \uc624\uc77c"}]},{"@type":"WebSite","@id":"https:\/\/naturalpoland.com\/ko\/#website","url":"https:\/\/naturalpoland.com\/ko\/","name":"NATURAL POLAND - Hurtowy Dystrybutor Surowc\u00f3w","description":"Surowce dla przemys\u0142u spo\u017cywczego, kosmetycznego i farmaceutycznego","publisher":{"@id":"https:\/\/naturalpoland.com\/ko\/#organization"},"potentialAction":[{"@type":"SearchAction","target":{"@type":"EntryPoint","urlTemplate":"https:\/\/naturalpoland.com\/ko\/?s={search_term_string}"},"query-input":{"@type":"PropertyValueSpecification","valueRequired":true,"valueName":"search_term_string"}}],"inLanguage":"ko-KR"},{"@type":"Organization","@id":"https:\/\/naturalpoland.com\/ko\/#organization","name":"Natural Poland","url":"https:\/\/naturalpoland.com\/ko\/","logo":{"@type":"ImageObject","inLanguage":"ko-KR","@id":"https:\/\/naturalpoland.com\/ko\/#\/schema\/logo\/image\/","url":"https:\/\/naturalpoland.com\/wp-content\/uploads\/2021\/05\/natural-poland-icon.png","contentUrl":"https:\/\/naturalpoland.com\/wp-content\/uploads\/2021\/05\/natural-poland-icon.png","width":512,"height":512,"caption":"Natural Poland"},"image":{"@id":"https:\/\/naturalpoland.com\/ko\/#\/schema\/logo\/image\/"},"sameAs":["https:\/\/www.facebook.com\/naturalpoland.b2b","https:\/\/pl.linkedin.com\/company\/natural-poland","https:\/\/www.youtube.com\/channel\/UCgeGGkvOMahZo-xu_MSEWxg"]}]}},"_links":{"self":[{"href":"https:\/\/naturalpoland.com\/ko\/wp-json\/wp\/v2\/product\/43475","targetHints":{"allow":["GET"]}}],"collection":[{"href":"https:\/\/naturalpoland.com\/ko\/wp-json\/wp\/v2\/product"}],"about":[{"href":"https:\/\/naturalpoland.com\/ko\/wp-json\/wp\/v2\/types\/product"}],"wp:featuredmedia":[{"embeddable":true,"href":"https:\/\/naturalpoland.com\/ko\/wp-json\/wp\/v2\/media\/43476"}],"wp:attachment":[{"href":"https:\/\/naturalpoland.com\/ko\/wp-json\/wp\/v2\/media?parent=43475"}],"wp:term":[{"taxonomy":"product_brand","embeddable":true,"href":"https:\/\/naturalpoland.com\/ko\/wp-json\/wp\/v2\/product_brand?post=43475"},{"taxonomy":"product_cat","embeddable":true,"href":"https:\/\/naturalpoland.com\/ko\/wp-json\/wp\/v2\/product_cat?post=43475"},{"taxonomy":"product_tag","embeddable":true,"href":"https:\/\/naturalpoland.com\/ko\/wp-json\/wp\/v2\/product_tag?post=43475"}],"curies":[{"name":"wp","href":"https:\/\/api.w.org\/{rel}","templated":true}]}}