{"id":43477,"date":"2024-10-09T10:26:12","date_gmt":"2024-10-09T08:26:12","guid":{"rendered":"https:\/\/naturalpoland.com\/produkty\/uncategorized\/%eb%a1%9c%ec%a6%88%eb%a7%88%eb%a6%ac-%ec%98%a4%ec%9d%bc\/"},"modified":"2025-09-30T11:47:53","modified_gmt":"2025-09-30T09:47:53","slug":"%eb%a1%9c%ec%a6%88%eb%a7%88%eb%a6%ac-%ec%98%a4%ec%9d%bc","status":"publish","type":"product","link":"https:\/\/naturalpoland.com\/ko\/je-pum\/hwa-jang-pum-won-ryo\/e-sen-syeol-o-il\/%eb%a1%9c%ec%a6%88%eb%a7%88%eb%a6%ac-%ec%98%a4%ec%9d%bc\/","title":{"rendered":"\ub85c\uc988\ub9c8\ub9ac \uc624\uc77c"},"content":{"rendered":"<h2>\ub85c\uc988\ub9c8\ub9ac \uc624\uc77c\uc758 \ud2b9\uc131<\/h2>\n<p>\ub85c\uc988\ub9c8\ub9ac \uc624\uc77c\uc740 \ud56d\uade0, \ud56d\uc9c4\uade0 \ubc0f \ud56d\uc5fc\uc99d \ud2b9\uc131\uc744 \uac00\uc9c0\uace0 \uc788\uc2b5\ub2c8\ub2e4. \ud53c\ubd80\ub97c \uc815\ud654\ud558\uace0 \uacb0\uc810 \ubc1c\uc0dd\uc744 \uc608\ubc29\ud558\ub294 \ub370 \ub3c4\uc6c0\uc744 \uc90d\ub2c8\ub2e4. \ud608\uc561 \uc21c\ud658\uc744 \ucd09\uc9c4\ud558\uace0 \ud53c\ubd80\ub97c \ud0c4\ub825 \uc788\uac8c \ud558\uba70 \ud56d\uc0b0\ud654 \uc791\uc6a9\uc744 \ud569\ub2c8\ub2e4. \uc5ec\ub4dc\ub984 \ubc29\uc9c0, \ub178\ud654 \ubc29\uc9c0 \ubc0f \uc140\ub8f0\ub77c\uc774\ud2b8 \ubc29\uc9c0 \ud654\uc7a5\ud488 \uc81c\ud615\uc5d0 \uc0ac\uc6a9\ub429\ub2c8\ub2e4.   <\/p>\n<h2>\ubaa8\ubc1c\uc6a9 \ub85c\uc988\ub9c8\ub9ac \uc624\uc77c<\/h2>\n<p>\uc774 \uc624\uc77c\uc740 \ubaa8\ub0ad\uc744 \uac15\ud654\ud558\uace0 \uc790\uadf9\ud558\uba70, \ud0c8\ubaa8\ub97c \uc5b5\uc81c\ud558\uace0 \ubaa8\ubc1c \uc131\uc7a5\uc744 \ucd09\uc9c4\ud558\uba70, \ud53c\uc9c0\uc120 \uae30\ub2a5\uc744 \uc870\uc808\ud558\uc5ec \ub450\ud53c\uc758 \uc720\ubd84\uae30\ub97c \uc904\uc5ec\uc90d\ub2c8\ub2e4. \ub610\ud55c \ube44\ub4ec \ubc29\uc9c0 \ud6a8\uacfc\uac00 \uc788\uc73c\uba70 \uc0c8\uce58 \ubc1c\uc0dd\uc744 \uc5b5\uc81c\ud558\ub294 \ub370 \ub3c4\uc6c0\uc774 \ub429\ub2c8\ub2e4. \uafb8\uc900\ud788 \uc0ac\uc6a9\ud558\uba74 \ubaa8\ubc1c \uc0c1\ud0dc\ub97c \uac1c\uc120\ud558\uace0 \uac15\ud654\ud558\uba70 \uc548\ub4dc\ub85c\uac90\uc131 \ud0c8\ubaa8\uc99d\uacfc\uc758 \uc2f8\uc6c0\uc744 \ub3d5\uc2b5\ub2c8\ub2e4.  <\/p>\n<h2>\uc544\ub85c\ub9c8\ud14c\ub77c\ud53c\uc5d0\uc11c\uc758 \ud65c\uc6a9<\/h2>\n<p>\uc544\ub85c\ub9c8\ud14c\ub77c\ud53c\uc5d0\uc11c \ub85c\uc988\ub9c8\ub9ac \uc624\uc77c\uc740 \uc9d1\uc911\ub825\uc744 \ud5a5\uc0c1\uc2dc\ud0a4\uace0 \uc815\uc2e0\uc801 \ud53c\ub85c\ub97c \uc904\uc5ec\uc90d\ub2c8\ub2e4. \uac15\ub82c\ud55c \ud5a5\uc740 \ud65c\ub825\uc744 \ubd88\uc5b4\ub123\uace0 \uc0ac\uace0\uc758 \uba85\ud655\uc131\uc744 \uc9c0\uc6d0\ud558\uba70 \uae30\ubd84\uc744 \uc88b\uac8c \ud569\ub2c8\ub2e4. \uc774 \uc624\uc77c\uc740 \uac10\uae30, \ubd80\ube44\ub3d9\uc5fc \ub610\ub294 \ub3c5\uac10\uacfc \uac19\uc740 \uc0c1\uae30\ub3c4 \uac10\uc5fc \uc99d\uc0c1\uc744 \uc644\ud654\ud558\uae30 \uc704\ud574 \ud761\uc785 \ud615\ud0dc\ub85c \uc790\uc8fc \uc0ac\uc6a9\ub429\ub2c8\ub2e4. \ud5a5 \ubc84\ub108\ub098 \ub514\ud4e8\uc800\uc5d0 \ucca8\uac00\ud558\uba74 \uacf5\uae30\ub97c \uc815\ud654\ud558\uace0 \ud734\uc2dd\uacfc \uc9d1\uc911\uc744 \ub3d5\ub294 \ubd84\uc704\uae30\ub97c \uc870\uc131\ud569\ub2c8\ub2e4.   <\/p>\n<h3><\/h3>\n","protected":false},"excerpt":{"rendered":"<p><strong>\ub85c\uc988\ub9c8\ub9ac \uc5d0\uc13c\uc15c \uc624\uc77c<\/strong> (Rosmarinus officinalis)\uc740 \uaf43 \ud53c\ub294 \ub85c\uc988\ub9c8\ub9ac \ud5c8\ube0c\ub97c \uc218\uc99d\uae30 \uc99d\ub958\ud558\uc5ec \uc5bb\uc2b5\ub2c8\ub2e4. \uac15\ub82c\ud558\uace0 \uc2e0\uc120\ud558\uba70 \ud5c8\ube0c \ud5a5\uc774 \ub098\uace0 \uc740\uc740\ud55c \uc57d\uc6a9 \ud5a5\uc774 \ud2b9\uc9d5\uc785\ub2c8\ub2e4. <\/p>\n<h3><\/h3>\n","protected":false},"featured_media":43478,"template":"","meta":[],"product_brand":[],"product_cat":[8155],"product_tag":[],"class_list":{"0":"post-43477","1":"product","2":"type-product","3":"status-publish","4":"has-post-thumbnail","6":"product_cat-e-sen-syeol-o-il","8":"first","9":"instock","10":"shipping-taxable","11":"product-type-simple"},"yoast_head":"<!-- This site is optimized with the Yoast SEO plugin v27.4 - https:\/\/yoast.com\/product\/yoast-seo-wordpress\/ -->\n<title>NATURAL POLAND &#8211; Hurtowy Dystrybutor Surowc\u00f3w<\/title>\n<meta name=\"description\" content=\"\uaf43 \ud53c\ub294 \ub85c\uc988\ub9c8\ub9ac \ud5c8\ube0c\ub97c \uc218\uc99d\uae30 \uc99d\ub958\ud558\uc5ec \uc5bb\ub294 \ub85c\uc988\ub9c8\ub9ac \uc5d0\uc13c\uc15c \uc624\uc77c\uc740 \ud654\uc7a5\ud488 \uc0b0\uc5c5\uc5d0\uc11c \ub192\uc774 \ud3c9\uac00\ub429\ub2c8\ub2e4.\" \/>\n<meta name=\"robots\" content=\"index, follow, max-snippet:-1, max-image-preview:large, max-video-preview:-1\" \/>\n<link rel=\"canonical\" href=\"https:\/\/naturalpoland.com\/ko\/je-pum\/hwa-jang-pum-won-ryo\/e-sen-syeol-o-il\/%eb%a1%9c%ec%a6%88%eb%a7%88%eb%a6%ac-%ec%98%a4%ec%9d%bc\/\" \/>\n<meta property=\"og:locale\" content=\"ko_KR\" \/>\n<meta property=\"og:type\" content=\"article\" \/>\n<meta property=\"og:description\" content=\"\uaf43 \ud53c\ub294 \ub85c\uc988\ub9c8\ub9ac \ud5c8\ube0c\ub97c \uc218\uc99d\uae30 \uc99d\ub958\ud558\uc5ec \uc5bb\ub294 \ub85c\uc988\ub9c8\ub9ac \uc5d0\uc13c\uc15c \uc624\uc77c\uc740 \ud654\uc7a5\ud488 \uc0b0\uc5c5\uc5d0\uc11c \ub192\uc774 \ud3c9\uac00\ub429\ub2c8\ub2e4.\" \/>\n<meta property=\"og:url\" content=\"https:\/\/naturalpoland.com\/ko\/je-pum\/hwa-jang-pum-won-ryo\/e-sen-syeol-o-il\/%eb%a1%9c%ec%a6%88%eb%a7%88%eb%a6%ac-%ec%98%a4%ec%9d%bc\/\" \/>\n<meta property=\"og:site_name\" content=\"NATURAL POLAND - Hurtowy Dystrybutor Surowc\u00f3w\" \/>\n<meta property=\"article:publisher\" content=\"https:\/\/www.facebook.com\/naturalpoland.b2b\" \/>\n<meta property=\"article:modified_time\" content=\"2025-09-30T09:47:53+00:00\" \/>\n<meta property=\"og:image\" content=\"https:\/\/naturalpoland.com\/wp-content\/uploads\/olejek-rozmarynowy.webp\" \/>\n\t<meta property=\"og:image:width\" content=\"1024\" \/>\n\t<meta property=\"og:image:height\" content=\"1024\" \/>\n\t<meta property=\"og:image:type\" content=\"image\/webp\" \/>\n<script type=\"application\/ld+json\" class=\"yoast-schema-graph\">{\"@context\":\"https:\\\/\\\/schema.org\",\"@graph\":[{\"@type\":\"WebPage\",\"@id\":\"https:\\\/\\\/naturalpoland.com\\\/ko\\\/je-pum\\\/hwa-jang-pum-won-ryo\\\/e-sen-syeol-o-il\\\/%eb%a1%9c%ec%a6%88%eb%a7%88%eb%a6%ac-%ec%98%a4%ec%9d%bc\\\/\",\"url\":\"https:\\\/\\\/naturalpoland.com\\\/ko\\\/je-pum\\\/hwa-jang-pum-won-ryo\\\/e-sen-syeol-o-il\\\/%eb%a1%9c%ec%a6%88%eb%a7%88%eb%a6%ac-%ec%98%a4%ec%9d%bc\\\/\",\"name\":\"\",\"isPartOf\":{\"@id\":\"https:\\\/\\\/naturalpoland.com\\\/ko\\\/#website\"},\"primaryImageOfPage\":{\"@id\":\"https:\\\/\\\/naturalpoland.com\\\/ko\\\/je-pum\\\/hwa-jang-pum-won-ryo\\\/e-sen-syeol-o-il\\\/%eb%a1%9c%ec%a6%88%eb%a7%88%eb%a6%ac-%ec%98%a4%ec%9d%bc\\\/#primaryimage\"},\"image\":{\"@id\":\"https:\\\/\\\/naturalpoland.com\\\/ko\\\/je-pum\\\/hwa-jang-pum-won-ryo\\\/e-sen-syeol-o-il\\\/%eb%a1%9c%ec%a6%88%eb%a7%88%eb%a6%ac-%ec%98%a4%ec%9d%bc\\\/#primaryimage\"},\"thumbnailUrl\":\"https:\\\/\\\/naturalpoland.com\\\/wp-content\\\/uploads\\\/olejek-rozmarynowy.webp\",\"datePublished\":\"2024-10-09T08:26:12+00:00\",\"dateModified\":\"2025-09-30T09:47:53+00:00\",\"description\":\"\uaf43 \ud53c\ub294 \ub85c\uc988\ub9c8\ub9ac \ud5c8\ube0c\ub97c \uc218\uc99d\uae30 \uc99d\ub958\ud558\uc5ec \uc5bb\ub294 \ub85c\uc988\ub9c8\ub9ac \uc5d0\uc13c\uc15c \uc624\uc77c\uc740 \ud654\uc7a5\ud488 \uc0b0\uc5c5\uc5d0\uc11c \ub192\uc774 \ud3c9\uac00\ub429\ub2c8\ub2e4.\",\"breadcrumb\":{\"@id\":\"https:\\\/\\\/naturalpoland.com\\\/ko\\\/je-pum\\\/hwa-jang-pum-won-ryo\\\/e-sen-syeol-o-il\\\/%eb%a1%9c%ec%a6%88%eb%a7%88%eb%a6%ac-%ec%98%a4%ec%9d%bc\\\/#breadcrumb\"},\"inLanguage\":\"ko-KR\",\"potentialAction\":[{\"@type\":\"ReadAction\",\"target\":[\"https:\\\/\\\/naturalpoland.com\\\/ko\\\/je-pum\\\/hwa-jang-pum-won-ryo\\\/e-sen-syeol-o-il\\\/%eb%a1%9c%ec%a6%88%eb%a7%88%eb%a6%ac-%ec%98%a4%ec%9d%bc\\\/\"]}]},{\"@type\":\"ImageObject\",\"inLanguage\":\"ko-KR\",\"@id\":\"https:\\\/\\\/naturalpoland.com\\\/ko\\\/je-pum\\\/hwa-jang-pum-won-ryo\\\/e-sen-syeol-o-il\\\/%eb%a1%9c%ec%a6%88%eb%a7%88%eb%a6%ac-%ec%98%a4%ec%9d%bc\\\/#primaryimage\",\"url\":\"https:\\\/\\\/naturalpoland.com\\\/wp-content\\\/uploads\\\/olejek-rozmarynowy.webp\",\"contentUrl\":\"https:\\\/\\\/naturalpoland.com\\\/wp-content\\\/uploads\\\/olejek-rozmarynowy.webp\",\"width\":1024,\"height\":1024,\"caption\":\"\ub85c\uc988\ub9c8\ub9ac \uc624\uc77c\"},{\"@type\":\"BreadcrumbList\",\"@id\":\"https:\\\/\\\/naturalpoland.com\\\/ko\\\/je-pum\\\/hwa-jang-pum-won-ryo\\\/e-sen-syeol-o-il\\\/%eb%a1%9c%ec%a6%88%eb%a7%88%eb%a6%ac-%ec%98%a4%ec%9d%bc\\\/#breadcrumb\",\"itemListElement\":[{\"@type\":\"ListItem\",\"position\":1,\"name\":\"\ud648\",\"item\":\"https:\\\/\\\/naturalpoland.com\\\/ko\\\/\"},{\"@type\":\"ListItem\",\"position\":2,\"name\":\"\uc81c\ud488\",\"item\":\"https:\\\/\\\/naturalpoland.com\\\/ko\\\/%ec%a0%9c%ed%92%88\\\/\"},{\"@type\":\"ListItem\",\"position\":3,\"name\":\"\ub85c\uc988\ub9c8\ub9ac \uc624\uc77c\"}]},{\"@type\":\"WebSite\",\"@id\":\"https:\\\/\\\/naturalpoland.com\\\/ko\\\/#website\",\"url\":\"https:\\\/\\\/naturalpoland.com\\\/ko\\\/\",\"name\":\"NATURAL POLAND - Hurtowy Dystrybutor Surowc\u00f3w\",\"description\":\"Surowce dla przemys\u0142u spo\u017cywczego, kosmetycznego i farmaceutycznego\",\"publisher\":{\"@id\":\"https:\\\/\\\/naturalpoland.com\\\/ko\\\/#organization\"},\"potentialAction\":[{\"@type\":\"SearchAction\",\"target\":{\"@type\":\"EntryPoint\",\"urlTemplate\":\"https:\\\/\\\/naturalpoland.com\\\/ko\\\/?s={search_term_string}\"},\"query-input\":{\"@type\":\"PropertyValueSpecification\",\"valueRequired\":true,\"valueName\":\"search_term_string\"}}],\"inLanguage\":\"ko-KR\"},{\"@type\":\"Organization\",\"@id\":\"https:\\\/\\\/naturalpoland.com\\\/ko\\\/#organization\",\"name\":\"Natural Poland\",\"url\":\"https:\\\/\\\/naturalpoland.com\\\/ko\\\/\",\"logo\":{\"@type\":\"ImageObject\",\"inLanguage\":\"ko-KR\",\"@id\":\"https:\\\/\\\/naturalpoland.com\\\/ko\\\/#\\\/schema\\\/logo\\\/image\\\/\",\"url\":\"https:\\\/\\\/naturalpoland.com\\\/wp-content\\\/uploads\\\/2021\\\/05\\\/natural-poland-icon.png\",\"contentUrl\":\"https:\\\/\\\/naturalpoland.com\\\/wp-content\\\/uploads\\\/2021\\\/05\\\/natural-poland-icon.png\",\"width\":512,\"height\":512,\"caption\":\"Natural Poland\"},\"image\":{\"@id\":\"https:\\\/\\\/naturalpoland.com\\\/ko\\\/#\\\/schema\\\/logo\\\/image\\\/\"},\"sameAs\":[\"https:\\\/\\\/www.facebook.com\\\/naturalpoland.b2b\",\"https:\\\/\\\/pl.linkedin.com\\\/company\\\/natural-poland\",\"https:\\\/\\\/www.youtube.com\\\/channel\\\/UCgeGGkvOMahZo-xu_MSEWxg\"]}]}<\/script>\n<!-- \/ Yoast SEO plugin. -->","yoast_head_json":{"title":"NATURAL POLAND &#8211; Hurtowy Dystrybutor Surowc\u00f3w","description":"\uaf43 \ud53c\ub294 \ub85c\uc988\ub9c8\ub9ac \ud5c8\ube0c\ub97c \uc218\uc99d\uae30 \uc99d\ub958\ud558\uc5ec \uc5bb\ub294 \ub85c\uc988\ub9c8\ub9ac \uc5d0\uc13c\uc15c \uc624\uc77c\uc740 \ud654\uc7a5\ud488 \uc0b0\uc5c5\uc5d0\uc11c \ub192\uc774 \ud3c9\uac00\ub429\ub2c8\ub2e4.","robots":{"index":"index","follow":"follow","max-snippet":"max-snippet:-1","max-image-preview":"max-image-preview:large","max-video-preview":"max-video-preview:-1"},"canonical":"https:\/\/naturalpoland.com\/ko\/je-pum\/hwa-jang-pum-won-ryo\/e-sen-syeol-o-il\/%eb%a1%9c%ec%a6%88%eb%a7%88%eb%a6%ac-%ec%98%a4%ec%9d%bc\/","og_locale":"ko_KR","og_type":"article","og_description":"\uaf43 \ud53c\ub294 \ub85c\uc988\ub9c8\ub9ac \ud5c8\ube0c\ub97c \uc218\uc99d\uae30 \uc99d\ub958\ud558\uc5ec \uc5bb\ub294 \ub85c\uc988\ub9c8\ub9ac \uc5d0\uc13c\uc15c \uc624\uc77c\uc740 \ud654\uc7a5\ud488 \uc0b0\uc5c5\uc5d0\uc11c \ub192\uc774 \ud3c9\uac00\ub429\ub2c8\ub2e4.","og_url":"https:\/\/naturalpoland.com\/ko\/je-pum\/hwa-jang-pum-won-ryo\/e-sen-syeol-o-il\/%eb%a1%9c%ec%a6%88%eb%a7%88%eb%a6%ac-%ec%98%a4%ec%9d%bc\/","og_site_name":"NATURAL POLAND - Hurtowy Dystrybutor Surowc\u00f3w","article_publisher":"https:\/\/www.facebook.com\/naturalpoland.b2b","article_modified_time":"2025-09-30T09:47:53+00:00","og_image":[{"width":1024,"height":1024,"url":"https:\/\/naturalpoland.com\/wp-content\/uploads\/olejek-rozmarynowy.webp","type":"image\/webp"}],"schema":{"@context":"https:\/\/schema.org","@graph":[{"@type":"WebPage","@id":"https:\/\/naturalpoland.com\/ko\/je-pum\/hwa-jang-pum-won-ryo\/e-sen-syeol-o-il\/%eb%a1%9c%ec%a6%88%eb%a7%88%eb%a6%ac-%ec%98%a4%ec%9d%bc\/","url":"https:\/\/naturalpoland.com\/ko\/je-pum\/hwa-jang-pum-won-ryo\/e-sen-syeol-o-il\/%eb%a1%9c%ec%a6%88%eb%a7%88%eb%a6%ac-%ec%98%a4%ec%9d%bc\/","name":"","isPartOf":{"@id":"https:\/\/naturalpoland.com\/ko\/#website"},"primaryImageOfPage":{"@id":"https:\/\/naturalpoland.com\/ko\/je-pum\/hwa-jang-pum-won-ryo\/e-sen-syeol-o-il\/%eb%a1%9c%ec%a6%88%eb%a7%88%eb%a6%ac-%ec%98%a4%ec%9d%bc\/#primaryimage"},"image":{"@id":"https:\/\/naturalpoland.com\/ko\/je-pum\/hwa-jang-pum-won-ryo\/e-sen-syeol-o-il\/%eb%a1%9c%ec%a6%88%eb%a7%88%eb%a6%ac-%ec%98%a4%ec%9d%bc\/#primaryimage"},"thumbnailUrl":"https:\/\/naturalpoland.com\/wp-content\/uploads\/olejek-rozmarynowy.webp","datePublished":"2024-10-09T08:26:12+00:00","dateModified":"2025-09-30T09:47:53+00:00","description":"\uaf43 \ud53c\ub294 \ub85c\uc988\ub9c8\ub9ac \ud5c8\ube0c\ub97c \uc218\uc99d\uae30 \uc99d\ub958\ud558\uc5ec \uc5bb\ub294 \ub85c\uc988\ub9c8\ub9ac \uc5d0\uc13c\uc15c \uc624\uc77c\uc740 \ud654\uc7a5\ud488 \uc0b0\uc5c5\uc5d0\uc11c \ub192\uc774 \ud3c9\uac00\ub429\ub2c8\ub2e4.","breadcrumb":{"@id":"https:\/\/naturalpoland.com\/ko\/je-pum\/hwa-jang-pum-won-ryo\/e-sen-syeol-o-il\/%eb%a1%9c%ec%a6%88%eb%a7%88%eb%a6%ac-%ec%98%a4%ec%9d%bc\/#breadcrumb"},"inLanguage":"ko-KR","potentialAction":[{"@type":"ReadAction","target":["https:\/\/naturalpoland.com\/ko\/je-pum\/hwa-jang-pum-won-ryo\/e-sen-syeol-o-il\/%eb%a1%9c%ec%a6%88%eb%a7%88%eb%a6%ac-%ec%98%a4%ec%9d%bc\/"]}]},{"@type":"ImageObject","inLanguage":"ko-KR","@id":"https:\/\/naturalpoland.com\/ko\/je-pum\/hwa-jang-pum-won-ryo\/e-sen-syeol-o-il\/%eb%a1%9c%ec%a6%88%eb%a7%88%eb%a6%ac-%ec%98%a4%ec%9d%bc\/#primaryimage","url":"https:\/\/naturalpoland.com\/wp-content\/uploads\/olejek-rozmarynowy.webp","contentUrl":"https:\/\/naturalpoland.com\/wp-content\/uploads\/olejek-rozmarynowy.webp","width":1024,"height":1024,"caption":"\ub85c\uc988\ub9c8\ub9ac \uc624\uc77c"},{"@type":"BreadcrumbList","@id":"https:\/\/naturalpoland.com\/ko\/je-pum\/hwa-jang-pum-won-ryo\/e-sen-syeol-o-il\/%eb%a1%9c%ec%a6%88%eb%a7%88%eb%a6%ac-%ec%98%a4%ec%9d%bc\/#breadcrumb","itemListElement":[{"@type":"ListItem","position":1,"name":"\ud648","item":"https:\/\/naturalpoland.com\/ko\/"},{"@type":"ListItem","position":2,"name":"\uc81c\ud488","item":"https:\/\/naturalpoland.com\/ko\/%ec%a0%9c%ed%92%88\/"},{"@type":"ListItem","position":3,"name":"\ub85c\uc988\ub9c8\ub9ac \uc624\uc77c"}]},{"@type":"WebSite","@id":"https:\/\/naturalpoland.com\/ko\/#website","url":"https:\/\/naturalpoland.com\/ko\/","name":"NATURAL POLAND - Hurtowy Dystrybutor Surowc\u00f3w","description":"Surowce dla przemys\u0142u spo\u017cywczego, kosmetycznego i farmaceutycznego","publisher":{"@id":"https:\/\/naturalpoland.com\/ko\/#organization"},"potentialAction":[{"@type":"SearchAction","target":{"@type":"EntryPoint","urlTemplate":"https:\/\/naturalpoland.com\/ko\/?s={search_term_string}"},"query-input":{"@type":"PropertyValueSpecification","valueRequired":true,"valueName":"search_term_string"}}],"inLanguage":"ko-KR"},{"@type":"Organization","@id":"https:\/\/naturalpoland.com\/ko\/#organization","name":"Natural Poland","url":"https:\/\/naturalpoland.com\/ko\/","logo":{"@type":"ImageObject","inLanguage":"ko-KR","@id":"https:\/\/naturalpoland.com\/ko\/#\/schema\/logo\/image\/","url":"https:\/\/naturalpoland.com\/wp-content\/uploads\/2021\/05\/natural-poland-icon.png","contentUrl":"https:\/\/naturalpoland.com\/wp-content\/uploads\/2021\/05\/natural-poland-icon.png","width":512,"height":512,"caption":"Natural Poland"},"image":{"@id":"https:\/\/naturalpoland.com\/ko\/#\/schema\/logo\/image\/"},"sameAs":["https:\/\/www.facebook.com\/naturalpoland.b2b","https:\/\/pl.linkedin.com\/company\/natural-poland","https:\/\/www.youtube.com\/channel\/UCgeGGkvOMahZo-xu_MSEWxg"]}]}},"_links":{"self":[{"href":"https:\/\/naturalpoland.com\/ko\/wp-json\/wp\/v2\/product\/43477","targetHints":{"allow":["GET"]}}],"collection":[{"href":"https:\/\/naturalpoland.com\/ko\/wp-json\/wp\/v2\/product"}],"about":[{"href":"https:\/\/naturalpoland.com\/ko\/wp-json\/wp\/v2\/types\/product"}],"wp:featuredmedia":[{"embeddable":true,"href":"https:\/\/naturalpoland.com\/ko\/wp-json\/wp\/v2\/media\/43478"}],"wp:attachment":[{"href":"https:\/\/naturalpoland.com\/ko\/wp-json\/wp\/v2\/media?parent=43477"}],"wp:term":[{"taxonomy":"product_brand","embeddable":true,"href":"https:\/\/naturalpoland.com\/ko\/wp-json\/wp\/v2\/product_brand?post=43477"},{"taxonomy":"product_cat","embeddable":true,"href":"https:\/\/naturalpoland.com\/ko\/wp-json\/wp\/v2\/product_cat?post=43477"},{"taxonomy":"product_tag","embeddable":true,"href":"https:\/\/naturalpoland.com\/ko\/wp-json\/wp\/v2\/product_tag?post=43477"}],"curies":[{"name":"wp","href":"https:\/\/api.w.org\/{rel}","templated":true}]}}