{"id":43479,"date":"2024-10-09T10:49:28","date_gmt":"2024-10-09T08:49:28","guid":{"rendered":"https:\/\/naturalpoland.com\/produkty\/uncategorized\/%eb%b2%a0%eb%a5%b4%ea%b0%80%eb%aa%bb-%ec%98%a4%ec%9d%bc\/"},"modified":"2025-09-30T11:47:55","modified_gmt":"2025-09-30T09:47:55","slug":"%eb%b2%a0%eb%a5%b4%ea%b0%80%eb%aa%bb-%ec%98%a4%ec%9d%bc","status":"publish","type":"product","link":"https:\/\/naturalpoland.com\/ko\/je-pum\/hwa-jang-pum-won-ryo\/e-sen-syeol-o-il\/%eb%b2%a0%eb%a5%b4%ea%b0%80%eb%aa%bb-%ec%98%a4%ec%9d%bc\/","title":{"rendered":"\ubca0\ub974\uac00\ubabb \uc624\uc77c"},"content":{"rendered":"<p>\ubca0\ub974\uac00\ubabb \uc624\uc77c\uc740 \uc2a4\ud2b8\ub808\uc2a4\uc640 \ubd88\uba74\uc99d \ud574\uc18c\uc5d0 \ud65c\uc6a9\ub429\ub2c8\ub2e4. \uac15\ub825\ud55c \uc774\uc644 \ud6a8\uacfc\uc640 \uae30\ubd84 \uac1c\uc120 \ud6a8\uacfc\ub97c \ub098\ud0c0\ub0c5\ub2c8\ub2e4. \ub514\ud4e8\uc800\uc640 \uc544\ub85c\ub9c8 \ubc84\ub108 \ubaa8\ub450\uc5d0\uc11c \uc544\ub85c\ub9c8\ud14c\ub77c\ud53c\uc5d0 \uc790\uc8fc \uc0ac\uc6a9\ub429\ub2c8\ub2e4. \ud761\uc785 \uc2dc \ub1cc\uc758 \ubcc0\uc5f0\uacc4\ub97c \uc790\uadf9\ud558\uc5ec \uac10\uc815 \uc870\uc808\uc5d0 \uad00\uc5ec\ud558\uba70, \uc2a4\ud2b8\ub808\uc2a4 \uc218\uc900\uc744 \ub0ae\ucd94\uace0 \uc804\ubc18\uc801\uc778 \uae30\ubd84 \uac1c\uc120\uc5d0 \uae30\uc5ec\ud569\ub2c8\ub2e4.   <\/p>\n<p>\ub9ac\ubaa8\ub128\uacfc \ub9ac\ub0a0\ub9b4 \uc544\uc138\ud14c\uc774\ud2b8\uc640 \uac19\uc740 \uc131\ubd84 \ub355\ubd84\uc5d0 \ubca0\ub974\uac00\ubabb \uc624\uc77c\uc740 \uc9c4\uacbd\uc81c \ubc0f \uc9c4\ud1b5\uc81c \uc5ed\ud560\uc744 \ud569\ub2c8\ub2e4. \uc9c0\uc131 \ubc0f \uc5ec\ub4dc\ub984\uc131 \ud53c\ubd80\uc6a9 \ud654\uc7a5\ud488 \ucca8\uac00\uc81c\ub85c \uc0ac\uc6a9\ub420 \uc218 \uc788\uc2b5\ub2c8\ub2e4. <\/p>\n<h2>\uc801\uc6a9 \ubd84\uc57c:<\/h2>\n<ul>\n<li>\uc785\uc695\uc81c \ucca8\uac00\uc6a9<\/li>\n<li>\ub9b4\ub809\uc2f1 \ub9c8\uc0ac\uc9c0\uc5d0<\/li>\n<li>\uc544\ub85c\ub9c8\ud14c\ub77c\ud53c\uc6a9<\/li>\n<li>\ud654\uc7a5\ud488 \ucca8\uac00\uc6a9<\/li>\n<\/ul>\n<p>\ubca0\ub974\uac00\ubabb \uc624\uc77c\uc740 \ubca0\ub974\uac11\ud150 \ud568\uc720\ub85c \uc778\ud574 \uad11\ub3c5\uc131\uc774 \uc788\uc2b5\ub2c8\ub2e4. \ud53c\ubd80\uc5d0 \ubc14\ub978 \ud6c4\uc5d0\ub294 \uc790\uadf9 \ubc0f \ud654\uc0c1\uc744 \ubc29\uc9c0\ud558\uae30 \uc704\ud574 \ucd5c\uc18c 12\uc2dc\uac04 \ub3d9\uc548 \ud587\ube5b \ub178\ucd9c\uc744 \ud53c\ud558\ub294 \uac83\uc774 \uc88b\uc2b5\ub2c8\ub2e4. \ucc98\uc74c \uc0ac\uc6a9\ud558\uae30 \uc804\uc5d0 \uce90\ub9ac\uc5b4 \uc624\uc77c\uc5d0 \uc624\uc77c \uba87 \ubc29\uc6b8\uc744 \ud76c\uc11d\ud558\uc5ec \ud53c\ubd80\uc758 \uc791\uc740 \ubd80\uc704\uc5d0 \ubc14\ub974\ub294 \uc54c\ub808\ub974\uae30 \ud14c\uc2a4\ud2b8\ub97c \uc218\ud589\ud558\ub294 \uac83\uc774 \uc88b\uc2b5\ub2c8\ub2e4.  <\/p>\n<h3><\/h3>\n","protected":false},"excerpt":{"rendered":"<p><strong>\ubca0\ub974\uac00\ubabb \uc624\uc77c<\/strong>\uc740 \ubca0\ub974\uac00\ubabb \uc5f4\ub9e4\uc5d0\uc11c \ucd94\ucd9c\ub418\uba70 \uc2e0\uc120\ud558\uace0 \uc2dc\ud2b8\ub7ec\uc2a4 \ud5a5\uc774 \ub0a9\ub2c8\ub2e4. \ud56d\uade0 \ubc0f \ud56d\uc9c4\uade0 \ud2b9\uc131\uc744 \uac00\uc9c0\uace0 \uc788\uc2b5\ub2c8\ub2e4. \ubb38\uc81c\uc131 \ud53c\ubd80 \uad00\ub9ac\uc5d0 \uc0ac\uc6a9\ub429\ub2c8\ub2e4.  <\/p>\n<h3><\/h3>\n","protected":false},"featured_media":43480,"template":"","meta":[],"product_brand":[],"product_cat":[8155],"product_tag":[],"class_list":{"0":"post-43479","1":"product","2":"type-product","3":"status-publish","4":"has-post-thumbnail","6":"product_cat-e-sen-syeol-o-il","8":"first","9":"instock","10":"shipping-taxable","11":"product-type-simple"},"yoast_head":"<!-- This site is optimized with the Yoast SEO plugin v27.3 - https:\/\/yoast.com\/product\/yoast-seo-wordpress\/ -->\n<title>NATURAL POLAND &#8211; Hurtowy Dystrybutor Surowc\u00f3w<\/title>\n<meta name=\"description\" content=\"\ubca0\ub974\uac00\ubabb \uc624\uc77c\uc740 \ub2e8\uc21c\ud55c \ud5a5\uae30 \ucca8\uac00\uc81c\uac00 \uc544\ub2c8\ub77c \uad11\ubc94\uc704\ud558\uac8c \ud65c\uc6a9\ub418\ub294 \ucc9c\uc5f0 \uce58\ub8cc\uc81c\uc785\ub2c8\ub2e4.\" \/>\n<meta name=\"robots\" content=\"index, follow, max-snippet:-1, max-image-preview:large, max-video-preview:-1\" \/>\n<link rel=\"canonical\" href=\"https:\/\/naturalpoland.com\/ko\/je-pum\/hwa-jang-pum-won-ryo\/e-sen-syeol-o-il\/%eb%b2%a0%eb%a5%b4%ea%b0%80%eb%aa%bb-%ec%98%a4%ec%9d%bc\/\" \/>\n<meta property=\"og:locale\" content=\"ko_KR\" \/>\n<meta property=\"og:type\" content=\"article\" \/>\n<meta property=\"og:description\" content=\"\ubca0\ub974\uac00\ubabb \uc624\uc77c\uc740 \ub2e8\uc21c\ud55c \ud5a5\uae30 \ucca8\uac00\uc81c\uac00 \uc544\ub2c8\ub77c \uad11\ubc94\uc704\ud558\uac8c \ud65c\uc6a9\ub418\ub294 \ucc9c\uc5f0 \uce58\ub8cc\uc81c\uc785\ub2c8\ub2e4.\" \/>\n<meta property=\"og:url\" content=\"https:\/\/naturalpoland.com\/ko\/je-pum\/hwa-jang-pum-won-ryo\/e-sen-syeol-o-il\/%eb%b2%a0%eb%a5%b4%ea%b0%80%eb%aa%bb-%ec%98%a4%ec%9d%bc\/\" \/>\n<meta property=\"og:site_name\" content=\"NATURAL POLAND - Hurtowy Dystrybutor Surowc\u00f3w\" \/>\n<meta property=\"article:publisher\" content=\"https:\/\/www.facebook.com\/naturalpoland.b2b\" \/>\n<meta property=\"article:modified_time\" content=\"2025-09-30T09:47:55+00:00\" \/>\n<meta property=\"og:image\" content=\"https:\/\/naturalpoland.com\/wp-content\/uploads\/olejek-z-bergamotki.webp\" \/>\n\t<meta property=\"og:image:width\" content=\"1024\" \/>\n\t<meta property=\"og:image:height\" content=\"1024\" \/>\n\t<meta property=\"og:image:type\" content=\"image\/webp\" \/>\n<script type=\"application\/ld+json\" class=\"yoast-schema-graph\">{\"@context\":\"https:\\\/\\\/schema.org\",\"@graph\":[{\"@type\":\"WebPage\",\"@id\":\"https:\\\/\\\/naturalpoland.com\\\/ko\\\/je-pum\\\/hwa-jang-pum-won-ryo\\\/e-sen-syeol-o-il\\\/%eb%b2%a0%eb%a5%b4%ea%b0%80%eb%aa%bb-%ec%98%a4%ec%9d%bc\\\/\",\"url\":\"https:\\\/\\\/naturalpoland.com\\\/ko\\\/je-pum\\\/hwa-jang-pum-won-ryo\\\/e-sen-syeol-o-il\\\/%eb%b2%a0%eb%a5%b4%ea%b0%80%eb%aa%bb-%ec%98%a4%ec%9d%bc\\\/\",\"name\":\"\",\"isPartOf\":{\"@id\":\"https:\\\/\\\/naturalpoland.com\\\/ko\\\/#website\"},\"primaryImageOfPage\":{\"@id\":\"https:\\\/\\\/naturalpoland.com\\\/ko\\\/je-pum\\\/hwa-jang-pum-won-ryo\\\/e-sen-syeol-o-il\\\/%eb%b2%a0%eb%a5%b4%ea%b0%80%eb%aa%bb-%ec%98%a4%ec%9d%bc\\\/#primaryimage\"},\"image\":{\"@id\":\"https:\\\/\\\/naturalpoland.com\\\/ko\\\/je-pum\\\/hwa-jang-pum-won-ryo\\\/e-sen-syeol-o-il\\\/%eb%b2%a0%eb%a5%b4%ea%b0%80%eb%aa%bb-%ec%98%a4%ec%9d%bc\\\/#primaryimage\"},\"thumbnailUrl\":\"https:\\\/\\\/naturalpoland.com\\\/wp-content\\\/uploads\\\/olejek-z-bergamotki.webp\",\"datePublished\":\"2024-10-09T08:49:28+00:00\",\"dateModified\":\"2025-09-30T09:47:55+00:00\",\"description\":\"\ubca0\ub974\uac00\ubabb \uc624\uc77c\uc740 \ub2e8\uc21c\ud55c \ud5a5\uae30 \ucca8\uac00\uc81c\uac00 \uc544\ub2c8\ub77c \uad11\ubc94\uc704\ud558\uac8c \ud65c\uc6a9\ub418\ub294 \ucc9c\uc5f0 \uce58\ub8cc\uc81c\uc785\ub2c8\ub2e4.\",\"breadcrumb\":{\"@id\":\"https:\\\/\\\/naturalpoland.com\\\/ko\\\/je-pum\\\/hwa-jang-pum-won-ryo\\\/e-sen-syeol-o-il\\\/%eb%b2%a0%eb%a5%b4%ea%b0%80%eb%aa%bb-%ec%98%a4%ec%9d%bc\\\/#breadcrumb\"},\"inLanguage\":\"ko-KR\",\"potentialAction\":[{\"@type\":\"ReadAction\",\"target\":[\"https:\\\/\\\/naturalpoland.com\\\/ko\\\/je-pum\\\/hwa-jang-pum-won-ryo\\\/e-sen-syeol-o-il\\\/%eb%b2%a0%eb%a5%b4%ea%b0%80%eb%aa%bb-%ec%98%a4%ec%9d%bc\\\/\"]}]},{\"@type\":\"ImageObject\",\"inLanguage\":\"ko-KR\",\"@id\":\"https:\\\/\\\/naturalpoland.com\\\/ko\\\/je-pum\\\/hwa-jang-pum-won-ryo\\\/e-sen-syeol-o-il\\\/%eb%b2%a0%eb%a5%b4%ea%b0%80%eb%aa%bb-%ec%98%a4%ec%9d%bc\\\/#primaryimage\",\"url\":\"https:\\\/\\\/naturalpoland.com\\\/wp-content\\\/uploads\\\/olejek-z-bergamotki.webp\",\"contentUrl\":\"https:\\\/\\\/naturalpoland.com\\\/wp-content\\\/uploads\\\/olejek-z-bergamotki.webp\",\"width\":1024,\"height\":1024,\"caption\":\"\ubca0\ub974\uac00\ubabb \uc624\uc77c\"},{\"@type\":\"BreadcrumbList\",\"@id\":\"https:\\\/\\\/naturalpoland.com\\\/ko\\\/je-pum\\\/hwa-jang-pum-won-ryo\\\/e-sen-syeol-o-il\\\/%eb%b2%a0%eb%a5%b4%ea%b0%80%eb%aa%bb-%ec%98%a4%ec%9d%bc\\\/#breadcrumb\",\"itemListElement\":[{\"@type\":\"ListItem\",\"position\":1,\"name\":\"\ud648\",\"item\":\"https:\\\/\\\/naturalpoland.com\\\/ko\\\/\"},{\"@type\":\"ListItem\",\"position\":2,\"name\":\"\uc81c\ud488\",\"item\":\"https:\\\/\\\/naturalpoland.com\\\/ko\\\/%ec%a0%9c%ed%92%88\\\/\"},{\"@type\":\"ListItem\",\"position\":3,\"name\":\"\ubca0\ub974\uac00\ubabb \uc624\uc77c\"}]},{\"@type\":\"WebSite\",\"@id\":\"https:\\\/\\\/naturalpoland.com\\\/ko\\\/#website\",\"url\":\"https:\\\/\\\/naturalpoland.com\\\/ko\\\/\",\"name\":\"NATURAL POLAND - Hurtowy Dystrybutor Surowc\u00f3w\",\"description\":\"Surowce dla przemys\u0142u spo\u017cywczego, kosmetycznego i farmaceutycznego\",\"publisher\":{\"@id\":\"https:\\\/\\\/naturalpoland.com\\\/ko\\\/#organization\"},\"potentialAction\":[{\"@type\":\"SearchAction\",\"target\":{\"@type\":\"EntryPoint\",\"urlTemplate\":\"https:\\\/\\\/naturalpoland.com\\\/ko\\\/?s={search_term_string}\"},\"query-input\":{\"@type\":\"PropertyValueSpecification\",\"valueRequired\":true,\"valueName\":\"search_term_string\"}}],\"inLanguage\":\"ko-KR\"},{\"@type\":\"Organization\",\"@id\":\"https:\\\/\\\/naturalpoland.com\\\/ko\\\/#organization\",\"name\":\"Natural Poland\",\"url\":\"https:\\\/\\\/naturalpoland.com\\\/ko\\\/\",\"logo\":{\"@type\":\"ImageObject\",\"inLanguage\":\"ko-KR\",\"@id\":\"https:\\\/\\\/naturalpoland.com\\\/ko\\\/#\\\/schema\\\/logo\\\/image\\\/\",\"url\":\"https:\\\/\\\/naturalpoland.com\\\/wp-content\\\/uploads\\\/2021\\\/05\\\/natural-poland-icon.png\",\"contentUrl\":\"https:\\\/\\\/naturalpoland.com\\\/wp-content\\\/uploads\\\/2021\\\/05\\\/natural-poland-icon.png\",\"width\":512,\"height\":512,\"caption\":\"Natural Poland\"},\"image\":{\"@id\":\"https:\\\/\\\/naturalpoland.com\\\/ko\\\/#\\\/schema\\\/logo\\\/image\\\/\"},\"sameAs\":[\"https:\\\/\\\/www.facebook.com\\\/naturalpoland.b2b\",\"https:\\\/\\\/pl.linkedin.com\\\/company\\\/natural-poland\",\"https:\\\/\\\/www.youtube.com\\\/channel\\\/UCgeGGkvOMahZo-xu_MSEWxg\"]}]}<\/script>\n<!-- \/ Yoast SEO plugin. -->","yoast_head_json":{"title":"NATURAL POLAND &#8211; Hurtowy Dystrybutor Surowc\u00f3w","description":"\ubca0\ub974\uac00\ubabb \uc624\uc77c\uc740 \ub2e8\uc21c\ud55c \ud5a5\uae30 \ucca8\uac00\uc81c\uac00 \uc544\ub2c8\ub77c \uad11\ubc94\uc704\ud558\uac8c \ud65c\uc6a9\ub418\ub294 \ucc9c\uc5f0 \uce58\ub8cc\uc81c\uc785\ub2c8\ub2e4.","robots":{"index":"index","follow":"follow","max-snippet":"max-snippet:-1","max-image-preview":"max-image-preview:large","max-video-preview":"max-video-preview:-1"},"canonical":"https:\/\/naturalpoland.com\/ko\/je-pum\/hwa-jang-pum-won-ryo\/e-sen-syeol-o-il\/%eb%b2%a0%eb%a5%b4%ea%b0%80%eb%aa%bb-%ec%98%a4%ec%9d%bc\/","og_locale":"ko_KR","og_type":"article","og_description":"\ubca0\ub974\uac00\ubabb \uc624\uc77c\uc740 \ub2e8\uc21c\ud55c \ud5a5\uae30 \ucca8\uac00\uc81c\uac00 \uc544\ub2c8\ub77c \uad11\ubc94\uc704\ud558\uac8c \ud65c\uc6a9\ub418\ub294 \ucc9c\uc5f0 \uce58\ub8cc\uc81c\uc785\ub2c8\ub2e4.","og_url":"https:\/\/naturalpoland.com\/ko\/je-pum\/hwa-jang-pum-won-ryo\/e-sen-syeol-o-il\/%eb%b2%a0%eb%a5%b4%ea%b0%80%eb%aa%bb-%ec%98%a4%ec%9d%bc\/","og_site_name":"NATURAL POLAND - Hurtowy Dystrybutor Surowc\u00f3w","article_publisher":"https:\/\/www.facebook.com\/naturalpoland.b2b","article_modified_time":"2025-09-30T09:47:55+00:00","og_image":[{"width":1024,"height":1024,"url":"https:\/\/naturalpoland.com\/wp-content\/uploads\/olejek-z-bergamotki.webp","type":"image\/webp"}],"schema":{"@context":"https:\/\/schema.org","@graph":[{"@type":"WebPage","@id":"https:\/\/naturalpoland.com\/ko\/je-pum\/hwa-jang-pum-won-ryo\/e-sen-syeol-o-il\/%eb%b2%a0%eb%a5%b4%ea%b0%80%eb%aa%bb-%ec%98%a4%ec%9d%bc\/","url":"https:\/\/naturalpoland.com\/ko\/je-pum\/hwa-jang-pum-won-ryo\/e-sen-syeol-o-il\/%eb%b2%a0%eb%a5%b4%ea%b0%80%eb%aa%bb-%ec%98%a4%ec%9d%bc\/","name":"","isPartOf":{"@id":"https:\/\/naturalpoland.com\/ko\/#website"},"primaryImageOfPage":{"@id":"https:\/\/naturalpoland.com\/ko\/je-pum\/hwa-jang-pum-won-ryo\/e-sen-syeol-o-il\/%eb%b2%a0%eb%a5%b4%ea%b0%80%eb%aa%bb-%ec%98%a4%ec%9d%bc\/#primaryimage"},"image":{"@id":"https:\/\/naturalpoland.com\/ko\/je-pum\/hwa-jang-pum-won-ryo\/e-sen-syeol-o-il\/%eb%b2%a0%eb%a5%b4%ea%b0%80%eb%aa%bb-%ec%98%a4%ec%9d%bc\/#primaryimage"},"thumbnailUrl":"https:\/\/naturalpoland.com\/wp-content\/uploads\/olejek-z-bergamotki.webp","datePublished":"2024-10-09T08:49:28+00:00","dateModified":"2025-09-30T09:47:55+00:00","description":"\ubca0\ub974\uac00\ubabb \uc624\uc77c\uc740 \ub2e8\uc21c\ud55c \ud5a5\uae30 \ucca8\uac00\uc81c\uac00 \uc544\ub2c8\ub77c \uad11\ubc94\uc704\ud558\uac8c \ud65c\uc6a9\ub418\ub294 \ucc9c\uc5f0 \uce58\ub8cc\uc81c\uc785\ub2c8\ub2e4.","breadcrumb":{"@id":"https:\/\/naturalpoland.com\/ko\/je-pum\/hwa-jang-pum-won-ryo\/e-sen-syeol-o-il\/%eb%b2%a0%eb%a5%b4%ea%b0%80%eb%aa%bb-%ec%98%a4%ec%9d%bc\/#breadcrumb"},"inLanguage":"ko-KR","potentialAction":[{"@type":"ReadAction","target":["https:\/\/naturalpoland.com\/ko\/je-pum\/hwa-jang-pum-won-ryo\/e-sen-syeol-o-il\/%eb%b2%a0%eb%a5%b4%ea%b0%80%eb%aa%bb-%ec%98%a4%ec%9d%bc\/"]}]},{"@type":"ImageObject","inLanguage":"ko-KR","@id":"https:\/\/naturalpoland.com\/ko\/je-pum\/hwa-jang-pum-won-ryo\/e-sen-syeol-o-il\/%eb%b2%a0%eb%a5%b4%ea%b0%80%eb%aa%bb-%ec%98%a4%ec%9d%bc\/#primaryimage","url":"https:\/\/naturalpoland.com\/wp-content\/uploads\/olejek-z-bergamotki.webp","contentUrl":"https:\/\/naturalpoland.com\/wp-content\/uploads\/olejek-z-bergamotki.webp","width":1024,"height":1024,"caption":"\ubca0\ub974\uac00\ubabb \uc624\uc77c"},{"@type":"BreadcrumbList","@id":"https:\/\/naturalpoland.com\/ko\/je-pum\/hwa-jang-pum-won-ryo\/e-sen-syeol-o-il\/%eb%b2%a0%eb%a5%b4%ea%b0%80%eb%aa%bb-%ec%98%a4%ec%9d%bc\/#breadcrumb","itemListElement":[{"@type":"ListItem","position":1,"name":"\ud648","item":"https:\/\/naturalpoland.com\/ko\/"},{"@type":"ListItem","position":2,"name":"\uc81c\ud488","item":"https:\/\/naturalpoland.com\/ko\/%ec%a0%9c%ed%92%88\/"},{"@type":"ListItem","position":3,"name":"\ubca0\ub974\uac00\ubabb \uc624\uc77c"}]},{"@type":"WebSite","@id":"https:\/\/naturalpoland.com\/ko\/#website","url":"https:\/\/naturalpoland.com\/ko\/","name":"NATURAL POLAND - Hurtowy Dystrybutor Surowc\u00f3w","description":"Surowce dla przemys\u0142u spo\u017cywczego, kosmetycznego i farmaceutycznego","publisher":{"@id":"https:\/\/naturalpoland.com\/ko\/#organization"},"potentialAction":[{"@type":"SearchAction","target":{"@type":"EntryPoint","urlTemplate":"https:\/\/naturalpoland.com\/ko\/?s={search_term_string}"},"query-input":{"@type":"PropertyValueSpecification","valueRequired":true,"valueName":"search_term_string"}}],"inLanguage":"ko-KR"},{"@type":"Organization","@id":"https:\/\/naturalpoland.com\/ko\/#organization","name":"Natural Poland","url":"https:\/\/naturalpoland.com\/ko\/","logo":{"@type":"ImageObject","inLanguage":"ko-KR","@id":"https:\/\/naturalpoland.com\/ko\/#\/schema\/logo\/image\/","url":"https:\/\/naturalpoland.com\/wp-content\/uploads\/2021\/05\/natural-poland-icon.png","contentUrl":"https:\/\/naturalpoland.com\/wp-content\/uploads\/2021\/05\/natural-poland-icon.png","width":512,"height":512,"caption":"Natural Poland"},"image":{"@id":"https:\/\/naturalpoland.com\/ko\/#\/schema\/logo\/image\/"},"sameAs":["https:\/\/www.facebook.com\/naturalpoland.b2b","https:\/\/pl.linkedin.com\/company\/natural-poland","https:\/\/www.youtube.com\/channel\/UCgeGGkvOMahZo-xu_MSEWxg"]}]}},"_links":{"self":[{"href":"https:\/\/naturalpoland.com\/ko\/wp-json\/wp\/v2\/product\/43479","targetHints":{"allow":["GET"]}}],"collection":[{"href":"https:\/\/naturalpoland.com\/ko\/wp-json\/wp\/v2\/product"}],"about":[{"href":"https:\/\/naturalpoland.com\/ko\/wp-json\/wp\/v2\/types\/product"}],"wp:featuredmedia":[{"embeddable":true,"href":"https:\/\/naturalpoland.com\/ko\/wp-json\/wp\/v2\/media\/43480"}],"wp:attachment":[{"href":"https:\/\/naturalpoland.com\/ko\/wp-json\/wp\/v2\/media?parent=43479"}],"wp:term":[{"taxonomy":"product_brand","embeddable":true,"href":"https:\/\/naturalpoland.com\/ko\/wp-json\/wp\/v2\/product_brand?post=43479"},{"taxonomy":"product_cat","embeddable":true,"href":"https:\/\/naturalpoland.com\/ko\/wp-json\/wp\/v2\/product_cat?post=43479"},{"taxonomy":"product_tag","embeddable":true,"href":"https:\/\/naturalpoland.com\/ko\/wp-json\/wp\/v2\/product_tag?post=43479"}],"curies":[{"name":"wp","href":"https:\/\/api.w.org\/{rel}","templated":true}]}}