{"id":43481,"date":"2024-10-21T13:46:44","date_gmt":"2024-10-21T11:46:44","guid":{"rendered":"https:\/\/naturalpoland.com\/produkty\/uncategorized\/%ed%98%b8%ec%9a%b0%eb%93%9c-%ec%98%a4%ec%9d%bc\/"},"modified":"2025-09-30T12:06:49","modified_gmt":"2025-09-30T10:06:49","slug":"%ed%98%b8%ec%9a%b0%eb%93%9c-%ec%98%a4%ec%9d%bc","status":"publish","type":"product","link":"https:\/\/naturalpoland.com\/ko\/je-pum\/hwa-jang-pum-won-ryo\/e-sen-syeol-o-il\/%ed%98%b8%ec%9a%b0%eb%93%9c-%ec%98%a4%ec%9d%bc\/","title":{"rendered":"\ud638\uc6b0\ub4dc \uc624\uc77c"},"content":{"rendered":"<h2>\ub179\ub098\ubb34, \uc989 \ud638\uc6b0\ub4dc \ub098\ubb34<\/h2>\n<p>\ud638\uc6b0\ub4dc \ub098\ubb34(<em>Cinnamomum camphora<\/em>)\ub294 \uc544\uc2dc\uc544, \uc8fc\ub85c \uc911\uad6d\uacfc \ub300\ub9cc \ucd9c\uc2e0\uc774\uba70, \uadf8\uacf3\uc758 \uc790\uc5f0 \uc5f4\ub300\ub9bc\uc5d0\uc11c \uc790\ub78d\ub2c8\ub2e4. \uc5d0\uc13c\uc15c \uc624\uc77c\uc740 \ub098\ubb34\uaecd\uc9c8\uacfc \uac00\uc9c0\ub97c \uc218\uc99d\uae30 \uc99d\ub958\ud558\uc5ec \ucd94\ucd9c\ub429\ub2c8\ub2e4. \uc774 \uacfc\uc815\uc740 \ub9ac\ub0a0\ub8f0\uc758 \ub192\uc740 \ud568\ub7c9\uacfc \uac19\uc740 \ucc9c\uc5f0 \ud2b9\uc131\uc744 \ubcf4\uc874\ud560 \uc218 \uc788\uac8c \ud569\ub2c8\ub2e4.  <\/p>\n<p>\ubd80\ub4dc\ub7ec\uc6b4 \uaf43\ud5a5\uae30\uc640 \uc6b0\ub514\ud5a5 \ub54c\ubb38\uc5d0 \ud638\uc6b0\ub4dc \uc624\uc77c\uc740 \ud5a5\uc218 \uc81c\uc870\uc5d0 \uc778\uae30 \uc788\ub294 \uc131\ubd84\uc785\ub2c8\ub2e4. \ub85c\uc988\uc6b0\ub4dc \uc624\uc77c\uc758 \ub300\uccb4\uc81c\ub85c \uc0ac\uc6a9\ub418\uba70, \ud5a5\uc218 \uc870\uc131\ubb3c\uc5d0 \uc740\uc740\ud55c \ub2e8\ub9db\uacfc \uc6b0\uc544\ud568\uc744 \ub354\ud569\ub2c8\ub2e4. <\/p>\n<h3><\/h3>\n","protected":false},"excerpt":{"rendered":"<p><strong>\ud638\uc6b0\ub4dc \uc5d0\uc13c\uc15c \uc624\uc77c<\/strong>\uc740 \ub179\ub098\ubb34(C<em>innamomum camphora<\/em>)\uc758 \uac00\uc9c0\uc640 \uaecd\uc9c8\uc5d0\uc11c \ucd94\ucd9c\ub429\ub2c8\ub2e4. \uadf8 \ud5a5\uc740 \ub85c\uc988\uc6b0\ub4dc\uc640 \uc720\uc0ac\ud558\uba70, \ub354 \ube44\uc2fc \ub85c\uc988\uc6b0\ub4dc \uc624\uc77c\uc758 \ucc9c\uc5f0 \ub300\uccb4\uc81c\uc785\ub2c8\ub2e4. <\/p>\n","protected":false},"featured_media":43482,"template":"","meta":[],"product_brand":[],"product_cat":[8155],"product_tag":[],"class_list":{"0":"post-43481","1":"product","2":"type-product","3":"status-publish","4":"has-post-thumbnail","6":"product_cat-e-sen-syeol-o-il","8":"first","9":"instock","10":"shipping-taxable","11":"product-type-simple"},"yoast_head":"<!-- This site is optimized with the Yoast SEO plugin v27.3 - https:\/\/yoast.com\/product\/yoast-seo-wordpress\/ -->\n<title>NATURAL POLAND &#8211; Hurtowy Dystrybutor Surowc\u00f3w<\/title>\n<meta name=\"description\" content=\"\ubd80\ub4dc\ub7ec\uc6b4 \uaf43\ud5a5\uae30\uc640 \uc6b0\ub514\ud5a5 \ub54c\ubb38\uc5d0 \ud638\uc6b0\ub4dc \uc624\uc77c\uc740 \ud5a5\uc218 \uc81c\uc870\uc5d0 \uc778\uae30 \uc788\ub294 \uc131\ubd84\uc774\uba70, \ub85c\uc988\uc6b0\ub4dc \uc624\uc77c\uc758 \ub300\uccb4\uc81c\ub85c \uc0ac\uc6a9\ub429\ub2c8\ub2e4.\" \/>\n<meta name=\"robots\" content=\"index, follow, max-snippet:-1, max-image-preview:large, max-video-preview:-1\" \/>\n<link rel=\"canonical\" href=\"https:\/\/naturalpoland.com\/ko\/je-pum\/hwa-jang-pum-won-ryo\/e-sen-syeol-o-il\/%ed%98%b8%ec%9a%b0%eb%93%9c-%ec%98%a4%ec%9d%bc\/\" \/>\n<meta property=\"og:locale\" content=\"ko_KR\" \/>\n<meta property=\"og:type\" content=\"article\" \/>\n<meta property=\"og:description\" content=\"\ubd80\ub4dc\ub7ec\uc6b4 \uaf43\ud5a5\uae30\uc640 \uc6b0\ub514\ud5a5 \ub54c\ubb38\uc5d0 \ud638\uc6b0\ub4dc \uc624\uc77c\uc740 \ud5a5\uc218 \uc81c\uc870\uc5d0 \uc778\uae30 \uc788\ub294 \uc131\ubd84\uc774\uba70, \ub85c\uc988\uc6b0\ub4dc \uc624\uc77c\uc758 \ub300\uccb4\uc81c\ub85c \uc0ac\uc6a9\ub429\ub2c8\ub2e4.\" \/>\n<meta property=\"og:url\" content=\"https:\/\/naturalpoland.com\/ko\/je-pum\/hwa-jang-pum-won-ryo\/e-sen-syeol-o-il\/%ed%98%b8%ec%9a%b0%eb%93%9c-%ec%98%a4%ec%9d%bc\/\" \/>\n<meta property=\"og:site_name\" content=\"NATURAL POLAND - Hurtowy Dystrybutor Surowc\u00f3w\" \/>\n<meta property=\"article:publisher\" content=\"https:\/\/www.facebook.com\/naturalpoland.b2b\" \/>\n<meta property=\"article:modified_time\" content=\"2025-09-30T10:06:49+00:00\" \/>\n<meta property=\"og:image\" content=\"https:\/\/naturalpoland.com\/wp-content\/uploads\/olejek-z-drzewa-ho.webp\" \/>\n\t<meta property=\"og:image:width\" content=\"426\" \/>\n\t<meta property=\"og:image:height\" content=\"426\" \/>\n\t<meta property=\"og:image:type\" content=\"image\/webp\" \/>\n<script type=\"application\/ld+json\" class=\"yoast-schema-graph\">{\"@context\":\"https:\\\/\\\/schema.org\",\"@graph\":[{\"@type\":\"WebPage\",\"@id\":\"https:\\\/\\\/naturalpoland.com\\\/ko\\\/je-pum\\\/hwa-jang-pum-won-ryo\\\/e-sen-syeol-o-il\\\/%ed%98%b8%ec%9a%b0%eb%93%9c-%ec%98%a4%ec%9d%bc\\\/\",\"url\":\"https:\\\/\\\/naturalpoland.com\\\/ko\\\/je-pum\\\/hwa-jang-pum-won-ryo\\\/e-sen-syeol-o-il\\\/%ed%98%b8%ec%9a%b0%eb%93%9c-%ec%98%a4%ec%9d%bc\\\/\",\"name\":\"\",\"isPartOf\":{\"@id\":\"https:\\\/\\\/naturalpoland.com\\\/ko\\\/#website\"},\"primaryImageOfPage\":{\"@id\":\"https:\\\/\\\/naturalpoland.com\\\/ko\\\/je-pum\\\/hwa-jang-pum-won-ryo\\\/e-sen-syeol-o-il\\\/%ed%98%b8%ec%9a%b0%eb%93%9c-%ec%98%a4%ec%9d%bc\\\/#primaryimage\"},\"image\":{\"@id\":\"https:\\\/\\\/naturalpoland.com\\\/ko\\\/je-pum\\\/hwa-jang-pum-won-ryo\\\/e-sen-syeol-o-il\\\/%ed%98%b8%ec%9a%b0%eb%93%9c-%ec%98%a4%ec%9d%bc\\\/#primaryimage\"},\"thumbnailUrl\":\"https:\\\/\\\/naturalpoland.com\\\/wp-content\\\/uploads\\\/olejek-z-drzewa-ho.webp\",\"datePublished\":\"2024-10-21T11:46:44+00:00\",\"dateModified\":\"2025-09-30T10:06:49+00:00\",\"description\":\"\ubd80\ub4dc\ub7ec\uc6b4 \uaf43\ud5a5\uae30\uc640 \uc6b0\ub514\ud5a5 \ub54c\ubb38\uc5d0 \ud638\uc6b0\ub4dc \uc624\uc77c\uc740 \ud5a5\uc218 \uc81c\uc870\uc5d0 \uc778\uae30 \uc788\ub294 \uc131\ubd84\uc774\uba70, \ub85c\uc988\uc6b0\ub4dc \uc624\uc77c\uc758 \ub300\uccb4\uc81c\ub85c \uc0ac\uc6a9\ub429\ub2c8\ub2e4.\",\"breadcrumb\":{\"@id\":\"https:\\\/\\\/naturalpoland.com\\\/ko\\\/je-pum\\\/hwa-jang-pum-won-ryo\\\/e-sen-syeol-o-il\\\/%ed%98%b8%ec%9a%b0%eb%93%9c-%ec%98%a4%ec%9d%bc\\\/#breadcrumb\"},\"inLanguage\":\"ko-KR\",\"potentialAction\":[{\"@type\":\"ReadAction\",\"target\":[\"https:\\\/\\\/naturalpoland.com\\\/ko\\\/je-pum\\\/hwa-jang-pum-won-ryo\\\/e-sen-syeol-o-il\\\/%ed%98%b8%ec%9a%b0%eb%93%9c-%ec%98%a4%ec%9d%bc\\\/\"]}]},{\"@type\":\"ImageObject\",\"inLanguage\":\"ko-KR\",\"@id\":\"https:\\\/\\\/naturalpoland.com\\\/ko\\\/je-pum\\\/hwa-jang-pum-won-ryo\\\/e-sen-syeol-o-il\\\/%ed%98%b8%ec%9a%b0%eb%93%9c-%ec%98%a4%ec%9d%bc\\\/#primaryimage\",\"url\":\"https:\\\/\\\/naturalpoland.com\\\/wp-content\\\/uploads\\\/olejek-z-drzewa-ho.webp\",\"contentUrl\":\"https:\\\/\\\/naturalpoland.com\\\/wp-content\\\/uploads\\\/olejek-z-drzewa-ho.webp\",\"width\":426,\"height\":426,\"caption\":\"\ud638\uc6b0\ub4dc \uc5d0\uc13c\uc15c \uc624\uc77c\"},{\"@type\":\"BreadcrumbList\",\"@id\":\"https:\\\/\\\/naturalpoland.com\\\/ko\\\/je-pum\\\/hwa-jang-pum-won-ryo\\\/e-sen-syeol-o-il\\\/%ed%98%b8%ec%9a%b0%eb%93%9c-%ec%98%a4%ec%9d%bc\\\/#breadcrumb\",\"itemListElement\":[{\"@type\":\"ListItem\",\"position\":1,\"name\":\"\ud648\",\"item\":\"https:\\\/\\\/naturalpoland.com\\\/ko\\\/\"},{\"@type\":\"ListItem\",\"position\":2,\"name\":\"\uc81c\ud488\",\"item\":\"https:\\\/\\\/naturalpoland.com\\\/ko\\\/%ec%a0%9c%ed%92%88\\\/\"},{\"@type\":\"ListItem\",\"position\":3,\"name\":\"\ud638\uc6b0\ub4dc \uc624\uc77c\"}]},{\"@type\":\"WebSite\",\"@id\":\"https:\\\/\\\/naturalpoland.com\\\/ko\\\/#website\",\"url\":\"https:\\\/\\\/naturalpoland.com\\\/ko\\\/\",\"name\":\"NATURAL POLAND - Hurtowy Dystrybutor Surowc\u00f3w\",\"description\":\"Surowce dla przemys\u0142u spo\u017cywczego, kosmetycznego i farmaceutycznego\",\"publisher\":{\"@id\":\"https:\\\/\\\/naturalpoland.com\\\/ko\\\/#organization\"},\"potentialAction\":[{\"@type\":\"SearchAction\",\"target\":{\"@type\":\"EntryPoint\",\"urlTemplate\":\"https:\\\/\\\/naturalpoland.com\\\/ko\\\/?s={search_term_string}\"},\"query-input\":{\"@type\":\"PropertyValueSpecification\",\"valueRequired\":true,\"valueName\":\"search_term_string\"}}],\"inLanguage\":\"ko-KR\"},{\"@type\":\"Organization\",\"@id\":\"https:\\\/\\\/naturalpoland.com\\\/ko\\\/#organization\",\"name\":\"Natural Poland\",\"url\":\"https:\\\/\\\/naturalpoland.com\\\/ko\\\/\",\"logo\":{\"@type\":\"ImageObject\",\"inLanguage\":\"ko-KR\",\"@id\":\"https:\\\/\\\/naturalpoland.com\\\/ko\\\/#\\\/schema\\\/logo\\\/image\\\/\",\"url\":\"https:\\\/\\\/naturalpoland.com\\\/wp-content\\\/uploads\\\/2021\\\/05\\\/natural-poland-icon.png\",\"contentUrl\":\"https:\\\/\\\/naturalpoland.com\\\/wp-content\\\/uploads\\\/2021\\\/05\\\/natural-poland-icon.png\",\"width\":512,\"height\":512,\"caption\":\"Natural Poland\"},\"image\":{\"@id\":\"https:\\\/\\\/naturalpoland.com\\\/ko\\\/#\\\/schema\\\/logo\\\/image\\\/\"},\"sameAs\":[\"https:\\\/\\\/www.facebook.com\\\/naturalpoland.b2b\",\"https:\\\/\\\/pl.linkedin.com\\\/company\\\/natural-poland\",\"https:\\\/\\\/www.youtube.com\\\/channel\\\/UCgeGGkvOMahZo-xu_MSEWxg\"]}]}<\/script>\n<!-- \/ Yoast SEO plugin. -->","yoast_head_json":{"title":"NATURAL POLAND &#8211; Hurtowy Dystrybutor Surowc\u00f3w","description":"\ubd80\ub4dc\ub7ec\uc6b4 \uaf43\ud5a5\uae30\uc640 \uc6b0\ub514\ud5a5 \ub54c\ubb38\uc5d0 \ud638\uc6b0\ub4dc \uc624\uc77c\uc740 \ud5a5\uc218 \uc81c\uc870\uc5d0 \uc778\uae30 \uc788\ub294 \uc131\ubd84\uc774\uba70, \ub85c\uc988\uc6b0\ub4dc \uc624\uc77c\uc758 \ub300\uccb4\uc81c\ub85c \uc0ac\uc6a9\ub429\ub2c8\ub2e4.","robots":{"index":"index","follow":"follow","max-snippet":"max-snippet:-1","max-image-preview":"max-image-preview:large","max-video-preview":"max-video-preview:-1"},"canonical":"https:\/\/naturalpoland.com\/ko\/je-pum\/hwa-jang-pum-won-ryo\/e-sen-syeol-o-il\/%ed%98%b8%ec%9a%b0%eb%93%9c-%ec%98%a4%ec%9d%bc\/","og_locale":"ko_KR","og_type":"article","og_description":"\ubd80\ub4dc\ub7ec\uc6b4 \uaf43\ud5a5\uae30\uc640 \uc6b0\ub514\ud5a5 \ub54c\ubb38\uc5d0 \ud638\uc6b0\ub4dc \uc624\uc77c\uc740 \ud5a5\uc218 \uc81c\uc870\uc5d0 \uc778\uae30 \uc788\ub294 \uc131\ubd84\uc774\uba70, \ub85c\uc988\uc6b0\ub4dc \uc624\uc77c\uc758 \ub300\uccb4\uc81c\ub85c \uc0ac\uc6a9\ub429\ub2c8\ub2e4.","og_url":"https:\/\/naturalpoland.com\/ko\/je-pum\/hwa-jang-pum-won-ryo\/e-sen-syeol-o-il\/%ed%98%b8%ec%9a%b0%eb%93%9c-%ec%98%a4%ec%9d%bc\/","og_site_name":"NATURAL POLAND - Hurtowy Dystrybutor Surowc\u00f3w","article_publisher":"https:\/\/www.facebook.com\/naturalpoland.b2b","article_modified_time":"2025-09-30T10:06:49+00:00","og_image":[{"width":426,"height":426,"url":"https:\/\/naturalpoland.com\/wp-content\/uploads\/olejek-z-drzewa-ho.webp","type":"image\/webp"}],"schema":{"@context":"https:\/\/schema.org","@graph":[{"@type":"WebPage","@id":"https:\/\/naturalpoland.com\/ko\/je-pum\/hwa-jang-pum-won-ryo\/e-sen-syeol-o-il\/%ed%98%b8%ec%9a%b0%eb%93%9c-%ec%98%a4%ec%9d%bc\/","url":"https:\/\/naturalpoland.com\/ko\/je-pum\/hwa-jang-pum-won-ryo\/e-sen-syeol-o-il\/%ed%98%b8%ec%9a%b0%eb%93%9c-%ec%98%a4%ec%9d%bc\/","name":"","isPartOf":{"@id":"https:\/\/naturalpoland.com\/ko\/#website"},"primaryImageOfPage":{"@id":"https:\/\/naturalpoland.com\/ko\/je-pum\/hwa-jang-pum-won-ryo\/e-sen-syeol-o-il\/%ed%98%b8%ec%9a%b0%eb%93%9c-%ec%98%a4%ec%9d%bc\/#primaryimage"},"image":{"@id":"https:\/\/naturalpoland.com\/ko\/je-pum\/hwa-jang-pum-won-ryo\/e-sen-syeol-o-il\/%ed%98%b8%ec%9a%b0%eb%93%9c-%ec%98%a4%ec%9d%bc\/#primaryimage"},"thumbnailUrl":"https:\/\/naturalpoland.com\/wp-content\/uploads\/olejek-z-drzewa-ho.webp","datePublished":"2024-10-21T11:46:44+00:00","dateModified":"2025-09-30T10:06:49+00:00","description":"\ubd80\ub4dc\ub7ec\uc6b4 \uaf43\ud5a5\uae30\uc640 \uc6b0\ub514\ud5a5 \ub54c\ubb38\uc5d0 \ud638\uc6b0\ub4dc \uc624\uc77c\uc740 \ud5a5\uc218 \uc81c\uc870\uc5d0 \uc778\uae30 \uc788\ub294 \uc131\ubd84\uc774\uba70, \ub85c\uc988\uc6b0\ub4dc \uc624\uc77c\uc758 \ub300\uccb4\uc81c\ub85c \uc0ac\uc6a9\ub429\ub2c8\ub2e4.","breadcrumb":{"@id":"https:\/\/naturalpoland.com\/ko\/je-pum\/hwa-jang-pum-won-ryo\/e-sen-syeol-o-il\/%ed%98%b8%ec%9a%b0%eb%93%9c-%ec%98%a4%ec%9d%bc\/#breadcrumb"},"inLanguage":"ko-KR","potentialAction":[{"@type":"ReadAction","target":["https:\/\/naturalpoland.com\/ko\/je-pum\/hwa-jang-pum-won-ryo\/e-sen-syeol-o-il\/%ed%98%b8%ec%9a%b0%eb%93%9c-%ec%98%a4%ec%9d%bc\/"]}]},{"@type":"ImageObject","inLanguage":"ko-KR","@id":"https:\/\/naturalpoland.com\/ko\/je-pum\/hwa-jang-pum-won-ryo\/e-sen-syeol-o-il\/%ed%98%b8%ec%9a%b0%eb%93%9c-%ec%98%a4%ec%9d%bc\/#primaryimage","url":"https:\/\/naturalpoland.com\/wp-content\/uploads\/olejek-z-drzewa-ho.webp","contentUrl":"https:\/\/naturalpoland.com\/wp-content\/uploads\/olejek-z-drzewa-ho.webp","width":426,"height":426,"caption":"\ud638\uc6b0\ub4dc \uc5d0\uc13c\uc15c \uc624\uc77c"},{"@type":"BreadcrumbList","@id":"https:\/\/naturalpoland.com\/ko\/je-pum\/hwa-jang-pum-won-ryo\/e-sen-syeol-o-il\/%ed%98%b8%ec%9a%b0%eb%93%9c-%ec%98%a4%ec%9d%bc\/#breadcrumb","itemListElement":[{"@type":"ListItem","position":1,"name":"\ud648","item":"https:\/\/naturalpoland.com\/ko\/"},{"@type":"ListItem","position":2,"name":"\uc81c\ud488","item":"https:\/\/naturalpoland.com\/ko\/%ec%a0%9c%ed%92%88\/"},{"@type":"ListItem","position":3,"name":"\ud638\uc6b0\ub4dc \uc624\uc77c"}]},{"@type":"WebSite","@id":"https:\/\/naturalpoland.com\/ko\/#website","url":"https:\/\/naturalpoland.com\/ko\/","name":"NATURAL POLAND - Hurtowy Dystrybutor Surowc\u00f3w","description":"Surowce dla przemys\u0142u spo\u017cywczego, kosmetycznego i farmaceutycznego","publisher":{"@id":"https:\/\/naturalpoland.com\/ko\/#organization"},"potentialAction":[{"@type":"SearchAction","target":{"@type":"EntryPoint","urlTemplate":"https:\/\/naturalpoland.com\/ko\/?s={search_term_string}"},"query-input":{"@type":"PropertyValueSpecification","valueRequired":true,"valueName":"search_term_string"}}],"inLanguage":"ko-KR"},{"@type":"Organization","@id":"https:\/\/naturalpoland.com\/ko\/#organization","name":"Natural Poland","url":"https:\/\/naturalpoland.com\/ko\/","logo":{"@type":"ImageObject","inLanguage":"ko-KR","@id":"https:\/\/naturalpoland.com\/ko\/#\/schema\/logo\/image\/","url":"https:\/\/naturalpoland.com\/wp-content\/uploads\/2021\/05\/natural-poland-icon.png","contentUrl":"https:\/\/naturalpoland.com\/wp-content\/uploads\/2021\/05\/natural-poland-icon.png","width":512,"height":512,"caption":"Natural Poland"},"image":{"@id":"https:\/\/naturalpoland.com\/ko\/#\/schema\/logo\/image\/"},"sameAs":["https:\/\/www.facebook.com\/naturalpoland.b2b","https:\/\/pl.linkedin.com\/company\/natural-poland","https:\/\/www.youtube.com\/channel\/UCgeGGkvOMahZo-xu_MSEWxg"]}]}},"_links":{"self":[{"href":"https:\/\/naturalpoland.com\/ko\/wp-json\/wp\/v2\/product\/43481","targetHints":{"allow":["GET"]}}],"collection":[{"href":"https:\/\/naturalpoland.com\/ko\/wp-json\/wp\/v2\/product"}],"about":[{"href":"https:\/\/naturalpoland.com\/ko\/wp-json\/wp\/v2\/types\/product"}],"wp:featuredmedia":[{"embeddable":true,"href":"https:\/\/naturalpoland.com\/ko\/wp-json\/wp\/v2\/media\/43482"}],"wp:attachment":[{"href":"https:\/\/naturalpoland.com\/ko\/wp-json\/wp\/v2\/media?parent=43481"}],"wp:term":[{"taxonomy":"product_brand","embeddable":true,"href":"https:\/\/naturalpoland.com\/ko\/wp-json\/wp\/v2\/product_brand?post=43481"},{"taxonomy":"product_cat","embeddable":true,"href":"https:\/\/naturalpoland.com\/ko\/wp-json\/wp\/v2\/product_cat?post=43481"},{"taxonomy":"product_tag","embeddable":true,"href":"https:\/\/naturalpoland.com\/ko\/wp-json\/wp\/v2\/product_tag?post=43481"}],"curies":[{"name":"wp","href":"https:\/\/api.w.org\/{rel}","templated":true}]}}