{"id":43485,"date":"2025-02-26T16:12:12","date_gmt":"2025-02-26T15:12:12","guid":{"rendered":"https:\/\/naturalpoland.com\/produkty\/uncategorized\/%ec%8b%9c%eb%b2%a0%eb%a6%ac%ec%95%84-%ec%a0%84%eb%82%98%eb%ac%b4-%ec%98%a4%ec%9d%bc\/"},"modified":"2025-09-30T12:06:54","modified_gmt":"2025-09-30T10:06:54","slug":"%ec%8b%9c%eb%b2%a0%eb%a6%ac%ec%95%84-%ec%a0%84%eb%82%98%eb%ac%b4-%ec%98%a4%ec%9d%bc","status":"publish","type":"product","link":"https:\/\/naturalpoland.com\/ko\/je-pum\/hwa-jang-pum-won-ryo\/e-sen-syeol-o-il\/%ec%8b%9c%eb%b2%a0%eb%a6%ac%ec%95%84-%ec%a0%84%eb%82%98%eb%ac%b4-%ec%98%a4%ec%9d%bc\/","title":{"rendered":"\uc2dc\ubca0\ub9ac\uc544 \uc804\ub098\ubb34 \uc624\uc77c"},"content":{"rendered":"<p>\uc2dc\ubca0\ub9ac\uc544 \uc804\ub098\ubb34 \uc624\uc77c\uc740 \ud53c\ud1a4\uce58\ub4dc, \uce84\ud39c, \ub9ac\ubaa8\ub128, \ubcf4\ub974\ub2d0 \uc544\uc138\ud14c\uc774\ud2b8\uac00 \ud48d\ubd80\ud558\uc5ec \ud56d\uade0, \ud56d\ubc14\uc774\ub7ec\uc2a4 \ubc0f \uac70\ub2f4 \uc791\uc6a9\uc744 \ud569\ub2c8\ub2e4. \uc0c1\uae30\ub3c4 \uac10\uc5fc, \uae30\uce68, \ucf67\ubb3c \uce58\ub8cc\uc5d0 \uc0ac\uc6a9\ub429\ub2c8\ub2e4. \uc774 \uc624\uc77c\ub85c \ud761\uc785\ud558\uba74 \uba74\uc5ed\ub825\uc744 \ud5a5\uc0c1\uc2dc\ud0a4\uace0 \ud638\ud761\uc744 \ud3b8\uc548\ud558\uac8c \ud569\ub2c8\ub2e4.  <\/p>\n<p>\uc774 \uc624\uc77c\uc740 \ubb38\uc81c\uc131 \ud53c\ubd80, \uc9c0\uc131 \ud53c\ubd80, \uc5ec\ub4dc\ub984\uc131 \ud53c\ubd80\ub97c \uc704\ud55c \ud654\uc7a5\ud488\uc5d0\uc11c \ucc3e\uc544\ubcfc \uc218 \uc788\uc2b5\ub2c8\ub2e4. \uc774 \uc624\uc77c\uc744 \uc0ac\uc6a9\ud558\uba74 \ud53c\ubd80\ub97c \uc815\ud654\ud558\uace0 \ud53c\uc9c0 \ubd84\ube44\ub97c \uc904\uc774\uba70 \uc5ec\ub4dc\ub984 \ubcd1\ubcc0\uc758 \uce58\uc720\ub97c \ucd09\uc9c4\ud558\ub294 \ub370 \ub3c4\uc6c0\uc774 \ub429\ub2c8\ub2e4. <\/p>\n<p>\uc774 \uc81c\ud488\uc740 \uae34\uc7a5\uc744 \uc644\ud654\ud558\uace0 \ud608\uc561 \uc21c\ud658\uc744 \ucd09\uc9c4\ud558\uae30 \uc704\ud55c \ub9c8\uc0ac\uc9c0\uc5d0\ub3c4 \uc0ac\uc6a9\ub420 \uc218 \uc788\uc73c\uba70, \ubaa9\uc695, \ubca0\uc774\uc2a4 \uc624\uc77c, \ub514\ud4e8\uc800, \ud761\uc785\uc6a9\uc73c\ub85c\ub3c4 \ud65c\uc6a9\ub429\ub2c8\ub2e4.<\/p>\n","protected":false},"excerpt":{"rendered":"<p><strong>\uc2dc\ubca0\ub9ac\uc544 \uc804\ub098\ubb34 \uc624\uc77c<\/strong>\uc740 \uc2dc\ubca0\ub9ac\uc544 \uc804\ub098\ubb34(<strong><em>Abies sibirica<\/em><\/strong>)\uc758 \uc5b4\ub9b0 \uc0c8\uc2f9\uc5d0\uc11c \uc99d\ub958\ub429\ub2c8\ub2e4. \uc2e0\uc120\ud558\uace0 \uc232 \ud5a5\uc774 \ub098\uba70 \uc218\uc9c0 \uac19\uc740 \ud5a5\uc774 \ub0a9\ub2c8\ub2e4. <\/p>\n","protected":false},"featured_media":43486,"template":"","meta":[],"product_brand":[],"product_cat":[8155],"product_tag":[],"class_list":{"0":"post-43485","1":"product","2":"type-product","3":"status-publish","4":"has-post-thumbnail","6":"product_cat-e-sen-syeol-o-il","8":"first","9":"instock","10":"shipping-taxable","11":"product-type-simple"},"yoast_head":"<!-- This site is optimized with the Yoast SEO plugin v27.3 - https:\/\/yoast.com\/product\/yoast-seo-wordpress\/ -->\n<title>\uc2dc\ubca0\ub9ac\uc544 \uc804\ub098\ubb34 \uc624\uc77c - Hurtowy Dystrybutor<\/title>\n<meta name=\"description\" content=\"\uc2dc\ubca0\ub9ac\uc544 \uc804\ub098\ubb34 \uc624\uc77c\uc740 \uc2dc\ubca0\ub9ac\uc544 \uc804\ub098\ubb34(Abies sibirica)\uc758 \uc5b4\ub9b0 \uc0c8\uc2f9\uc5d0\uc11c \uc99d\ub958\ud55c \uc5d0\uc13c\uc2a4\ub85c, \uc2e0\uc120\ud558\uace0 \uc232 \ud5a5\uc774 \ub098\uba70 \uc218\uc9c0 \uac19\uc740 \uc544\ub85c\ub9c8\uac00 \ud2b9\uc9d5\uc785\ub2c8\ub2e4.\" \/>\n<meta name=\"robots\" content=\"index, follow, max-snippet:-1, max-image-preview:large, max-video-preview:-1\" \/>\n<link rel=\"canonical\" href=\"https:\/\/naturalpoland.com\/ko\/je-pum\/hwa-jang-pum-won-ryo\/e-sen-syeol-o-il\/%ec%8b%9c%eb%b2%a0%eb%a6%ac%ec%95%84-%ec%a0%84%eb%82%98%eb%ac%b4-%ec%98%a4%ec%9d%bc\/\" \/>\n<meta property=\"og:locale\" content=\"ko_KR\" \/>\n<meta property=\"og:type\" content=\"article\" \/>\n<meta property=\"og:title\" content=\"\uc2dc\ubca0\ub9ac\uc544 \uc804\ub098\ubb34 \uc624\uc77c - Hurtowy Dystrybutor\" \/>\n<meta property=\"og:description\" content=\"\uc2dc\ubca0\ub9ac\uc544 \uc804\ub098\ubb34 \uc624\uc77c\uc740 \uc2dc\ubca0\ub9ac\uc544 \uc804\ub098\ubb34(Abies sibirica)\uc758 \uc5b4\ub9b0 \uc0c8\uc2f9\uc5d0\uc11c \uc99d\ub958\ud55c \uc5d0\uc13c\uc2a4\ub85c, \uc2e0\uc120\ud558\uace0 \uc232 \ud5a5\uc774 \ub098\uba70 \uc218\uc9c0 \uac19\uc740 \uc544\ub85c\ub9c8\uac00 \ud2b9\uc9d5\uc785\ub2c8\ub2e4.\" \/>\n<meta property=\"og:url\" content=\"https:\/\/naturalpoland.com\/ko\/je-pum\/hwa-jang-pum-won-ryo\/e-sen-syeol-o-il\/%ec%8b%9c%eb%b2%a0%eb%a6%ac%ec%95%84-%ec%a0%84%eb%82%98%eb%ac%b4-%ec%98%a4%ec%9d%bc\/\" \/>\n<meta property=\"og:site_name\" content=\"NATURAL POLAND - Hurtowy Dystrybutor Surowc\u00f3w\" \/>\n<meta property=\"article:publisher\" content=\"https:\/\/www.facebook.com\/naturalpoland.b2b\" \/>\n<meta property=\"article:modified_time\" content=\"2025-09-30T10:06:54+00:00\" \/>\n<meta property=\"og:image\" content=\"https:\/\/naturalpoland.com\/wp-content\/uploads\/olejek-pichtowy.webp\" \/>\n\t<meta property=\"og:image:width\" content=\"821\" \/>\n\t<meta property=\"og:image:height\" content=\"821\" \/>\n\t<meta property=\"og:image:type\" content=\"image\/webp\" \/>\n<script type=\"application\/ld+json\" class=\"yoast-schema-graph\">{\"@context\":\"https:\\\/\\\/schema.org\",\"@graph\":[{\"@type\":\"WebPage\",\"@id\":\"https:\\\/\\\/naturalpoland.com\\\/ko\\\/je-pum\\\/hwa-jang-pum-won-ryo\\\/e-sen-syeol-o-il\\\/%ec%8b%9c%eb%b2%a0%eb%a6%ac%ec%95%84-%ec%a0%84%eb%82%98%eb%ac%b4-%ec%98%a4%ec%9d%bc\\\/\",\"url\":\"https:\\\/\\\/naturalpoland.com\\\/ko\\\/je-pum\\\/hwa-jang-pum-won-ryo\\\/e-sen-syeol-o-il\\\/%ec%8b%9c%eb%b2%a0%eb%a6%ac%ec%95%84-%ec%a0%84%eb%82%98%eb%ac%b4-%ec%98%a4%ec%9d%bc\\\/\",\"name\":\"\uc2dc\ubca0\ub9ac\uc544 \uc804\ub098\ubb34 \uc624\uc77c - Hurtowy Dystrybutor\",\"isPartOf\":{\"@id\":\"https:\\\/\\\/naturalpoland.com\\\/ko\\\/#website\"},\"primaryImageOfPage\":{\"@id\":\"https:\\\/\\\/naturalpoland.com\\\/ko\\\/je-pum\\\/hwa-jang-pum-won-ryo\\\/e-sen-syeol-o-il\\\/%ec%8b%9c%eb%b2%a0%eb%a6%ac%ec%95%84-%ec%a0%84%eb%82%98%eb%ac%b4-%ec%98%a4%ec%9d%bc\\\/#primaryimage\"},\"image\":{\"@id\":\"https:\\\/\\\/naturalpoland.com\\\/ko\\\/je-pum\\\/hwa-jang-pum-won-ryo\\\/e-sen-syeol-o-il\\\/%ec%8b%9c%eb%b2%a0%eb%a6%ac%ec%95%84-%ec%a0%84%eb%82%98%eb%ac%b4-%ec%98%a4%ec%9d%bc\\\/#primaryimage\"},\"thumbnailUrl\":\"https:\\\/\\\/naturalpoland.com\\\/wp-content\\\/uploads\\\/olejek-pichtowy.webp\",\"datePublished\":\"2025-02-26T15:12:12+00:00\",\"dateModified\":\"2025-09-30T10:06:54+00:00\",\"description\":\"\uc2dc\ubca0\ub9ac\uc544 \uc804\ub098\ubb34 \uc624\uc77c\uc740 \uc2dc\ubca0\ub9ac\uc544 \uc804\ub098\ubb34(Abies sibirica)\uc758 \uc5b4\ub9b0 \uc0c8\uc2f9\uc5d0\uc11c \uc99d\ub958\ud55c \uc5d0\uc13c\uc2a4\ub85c, \uc2e0\uc120\ud558\uace0 \uc232 \ud5a5\uc774 \ub098\uba70 \uc218\uc9c0 \uac19\uc740 \uc544\ub85c\ub9c8\uac00 \ud2b9\uc9d5\uc785\ub2c8\ub2e4.\",\"breadcrumb\":{\"@id\":\"https:\\\/\\\/naturalpoland.com\\\/ko\\\/je-pum\\\/hwa-jang-pum-won-ryo\\\/e-sen-syeol-o-il\\\/%ec%8b%9c%eb%b2%a0%eb%a6%ac%ec%95%84-%ec%a0%84%eb%82%98%eb%ac%b4-%ec%98%a4%ec%9d%bc\\\/#breadcrumb\"},\"inLanguage\":\"ko-KR\",\"potentialAction\":[{\"@type\":\"ReadAction\",\"target\":[\"https:\\\/\\\/naturalpoland.com\\\/ko\\\/je-pum\\\/hwa-jang-pum-won-ryo\\\/e-sen-syeol-o-il\\\/%ec%8b%9c%eb%b2%a0%eb%a6%ac%ec%95%84-%ec%a0%84%eb%82%98%eb%ac%b4-%ec%98%a4%ec%9d%bc\\\/\"]}]},{\"@type\":\"ImageObject\",\"inLanguage\":\"ko-KR\",\"@id\":\"https:\\\/\\\/naturalpoland.com\\\/ko\\\/je-pum\\\/hwa-jang-pum-won-ryo\\\/e-sen-syeol-o-il\\\/%ec%8b%9c%eb%b2%a0%eb%a6%ac%ec%95%84-%ec%a0%84%eb%82%98%eb%ac%b4-%ec%98%a4%ec%9d%bc\\\/#primaryimage\",\"url\":\"https:\\\/\\\/naturalpoland.com\\\/wp-content\\\/uploads\\\/olejek-pichtowy.webp\",\"contentUrl\":\"https:\\\/\\\/naturalpoland.com\\\/wp-content\\\/uploads\\\/olejek-pichtowy.webp\",\"width\":821,\"height\":821,\"caption\":\"\uc2dc\ubca0\ub9ac\uc544 \uc804\ub098\ubb34 \uc624\uc77c\"},{\"@type\":\"BreadcrumbList\",\"@id\":\"https:\\\/\\\/naturalpoland.com\\\/ko\\\/je-pum\\\/hwa-jang-pum-won-ryo\\\/e-sen-syeol-o-il\\\/%ec%8b%9c%eb%b2%a0%eb%a6%ac%ec%95%84-%ec%a0%84%eb%82%98%eb%ac%b4-%ec%98%a4%ec%9d%bc\\\/#breadcrumb\",\"itemListElement\":[{\"@type\":\"ListItem\",\"position\":1,\"name\":\"\ud648\",\"item\":\"https:\\\/\\\/naturalpoland.com\\\/ko\\\/\"},{\"@type\":\"ListItem\",\"position\":2,\"name\":\"\uc81c\ud488\",\"item\":\"https:\\\/\\\/naturalpoland.com\\\/ko\\\/%ec%a0%9c%ed%92%88\\\/\"},{\"@type\":\"ListItem\",\"position\":3,\"name\":\"\uc2dc\ubca0\ub9ac\uc544 \uc804\ub098\ubb34 \uc624\uc77c\"}]},{\"@type\":\"WebSite\",\"@id\":\"https:\\\/\\\/naturalpoland.com\\\/ko\\\/#website\",\"url\":\"https:\\\/\\\/naturalpoland.com\\\/ko\\\/\",\"name\":\"NATURAL POLAND - Hurtowy Dystrybutor Surowc\u00f3w\",\"description\":\"Surowce dla przemys\u0142u spo\u017cywczego, kosmetycznego i farmaceutycznego\",\"publisher\":{\"@id\":\"https:\\\/\\\/naturalpoland.com\\\/ko\\\/#organization\"},\"potentialAction\":[{\"@type\":\"SearchAction\",\"target\":{\"@type\":\"EntryPoint\",\"urlTemplate\":\"https:\\\/\\\/naturalpoland.com\\\/ko\\\/?s={search_term_string}\"},\"query-input\":{\"@type\":\"PropertyValueSpecification\",\"valueRequired\":true,\"valueName\":\"search_term_string\"}}],\"inLanguage\":\"ko-KR\"},{\"@type\":\"Organization\",\"@id\":\"https:\\\/\\\/naturalpoland.com\\\/ko\\\/#organization\",\"name\":\"Natural Poland\",\"url\":\"https:\\\/\\\/naturalpoland.com\\\/ko\\\/\",\"logo\":{\"@type\":\"ImageObject\",\"inLanguage\":\"ko-KR\",\"@id\":\"https:\\\/\\\/naturalpoland.com\\\/ko\\\/#\\\/schema\\\/logo\\\/image\\\/\",\"url\":\"https:\\\/\\\/naturalpoland.com\\\/wp-content\\\/uploads\\\/2021\\\/05\\\/natural-poland-icon.png\",\"contentUrl\":\"https:\\\/\\\/naturalpoland.com\\\/wp-content\\\/uploads\\\/2021\\\/05\\\/natural-poland-icon.png\",\"width\":512,\"height\":512,\"caption\":\"Natural Poland\"},\"image\":{\"@id\":\"https:\\\/\\\/naturalpoland.com\\\/ko\\\/#\\\/schema\\\/logo\\\/image\\\/\"},\"sameAs\":[\"https:\\\/\\\/www.facebook.com\\\/naturalpoland.b2b\",\"https:\\\/\\\/pl.linkedin.com\\\/company\\\/natural-poland\",\"https:\\\/\\\/www.youtube.com\\\/channel\\\/UCgeGGkvOMahZo-xu_MSEWxg\"]}]}<\/script>\n<!-- \/ Yoast SEO plugin. -->","yoast_head_json":{"title":"\uc2dc\ubca0\ub9ac\uc544 \uc804\ub098\ubb34 \uc624\uc77c - Hurtowy Dystrybutor","description":"\uc2dc\ubca0\ub9ac\uc544 \uc804\ub098\ubb34 \uc624\uc77c\uc740 \uc2dc\ubca0\ub9ac\uc544 \uc804\ub098\ubb34(Abies sibirica)\uc758 \uc5b4\ub9b0 \uc0c8\uc2f9\uc5d0\uc11c \uc99d\ub958\ud55c \uc5d0\uc13c\uc2a4\ub85c, \uc2e0\uc120\ud558\uace0 \uc232 \ud5a5\uc774 \ub098\uba70 \uc218\uc9c0 \uac19\uc740 \uc544\ub85c\ub9c8\uac00 \ud2b9\uc9d5\uc785\ub2c8\ub2e4.","robots":{"index":"index","follow":"follow","max-snippet":"max-snippet:-1","max-image-preview":"max-image-preview:large","max-video-preview":"max-video-preview:-1"},"canonical":"https:\/\/naturalpoland.com\/ko\/je-pum\/hwa-jang-pum-won-ryo\/e-sen-syeol-o-il\/%ec%8b%9c%eb%b2%a0%eb%a6%ac%ec%95%84-%ec%a0%84%eb%82%98%eb%ac%b4-%ec%98%a4%ec%9d%bc\/","og_locale":"ko_KR","og_type":"article","og_title":"\uc2dc\ubca0\ub9ac\uc544 \uc804\ub098\ubb34 \uc624\uc77c - Hurtowy Dystrybutor","og_description":"\uc2dc\ubca0\ub9ac\uc544 \uc804\ub098\ubb34 \uc624\uc77c\uc740 \uc2dc\ubca0\ub9ac\uc544 \uc804\ub098\ubb34(Abies sibirica)\uc758 \uc5b4\ub9b0 \uc0c8\uc2f9\uc5d0\uc11c \uc99d\ub958\ud55c \uc5d0\uc13c\uc2a4\ub85c, \uc2e0\uc120\ud558\uace0 \uc232 \ud5a5\uc774 \ub098\uba70 \uc218\uc9c0 \uac19\uc740 \uc544\ub85c\ub9c8\uac00 \ud2b9\uc9d5\uc785\ub2c8\ub2e4.","og_url":"https:\/\/naturalpoland.com\/ko\/je-pum\/hwa-jang-pum-won-ryo\/e-sen-syeol-o-il\/%ec%8b%9c%eb%b2%a0%eb%a6%ac%ec%95%84-%ec%a0%84%eb%82%98%eb%ac%b4-%ec%98%a4%ec%9d%bc\/","og_site_name":"NATURAL POLAND - Hurtowy Dystrybutor Surowc\u00f3w","article_publisher":"https:\/\/www.facebook.com\/naturalpoland.b2b","article_modified_time":"2025-09-30T10:06:54+00:00","og_image":[{"width":821,"height":821,"url":"https:\/\/naturalpoland.com\/wp-content\/uploads\/olejek-pichtowy.webp","type":"image\/webp"}],"schema":{"@context":"https:\/\/schema.org","@graph":[{"@type":"WebPage","@id":"https:\/\/naturalpoland.com\/ko\/je-pum\/hwa-jang-pum-won-ryo\/e-sen-syeol-o-il\/%ec%8b%9c%eb%b2%a0%eb%a6%ac%ec%95%84-%ec%a0%84%eb%82%98%eb%ac%b4-%ec%98%a4%ec%9d%bc\/","url":"https:\/\/naturalpoland.com\/ko\/je-pum\/hwa-jang-pum-won-ryo\/e-sen-syeol-o-il\/%ec%8b%9c%eb%b2%a0%eb%a6%ac%ec%95%84-%ec%a0%84%eb%82%98%eb%ac%b4-%ec%98%a4%ec%9d%bc\/","name":"\uc2dc\ubca0\ub9ac\uc544 \uc804\ub098\ubb34 \uc624\uc77c - Hurtowy Dystrybutor","isPartOf":{"@id":"https:\/\/naturalpoland.com\/ko\/#website"},"primaryImageOfPage":{"@id":"https:\/\/naturalpoland.com\/ko\/je-pum\/hwa-jang-pum-won-ryo\/e-sen-syeol-o-il\/%ec%8b%9c%eb%b2%a0%eb%a6%ac%ec%95%84-%ec%a0%84%eb%82%98%eb%ac%b4-%ec%98%a4%ec%9d%bc\/#primaryimage"},"image":{"@id":"https:\/\/naturalpoland.com\/ko\/je-pum\/hwa-jang-pum-won-ryo\/e-sen-syeol-o-il\/%ec%8b%9c%eb%b2%a0%eb%a6%ac%ec%95%84-%ec%a0%84%eb%82%98%eb%ac%b4-%ec%98%a4%ec%9d%bc\/#primaryimage"},"thumbnailUrl":"https:\/\/naturalpoland.com\/wp-content\/uploads\/olejek-pichtowy.webp","datePublished":"2025-02-26T15:12:12+00:00","dateModified":"2025-09-30T10:06:54+00:00","description":"\uc2dc\ubca0\ub9ac\uc544 \uc804\ub098\ubb34 \uc624\uc77c\uc740 \uc2dc\ubca0\ub9ac\uc544 \uc804\ub098\ubb34(Abies sibirica)\uc758 \uc5b4\ub9b0 \uc0c8\uc2f9\uc5d0\uc11c \uc99d\ub958\ud55c \uc5d0\uc13c\uc2a4\ub85c, \uc2e0\uc120\ud558\uace0 \uc232 \ud5a5\uc774 \ub098\uba70 \uc218\uc9c0 \uac19\uc740 \uc544\ub85c\ub9c8\uac00 \ud2b9\uc9d5\uc785\ub2c8\ub2e4.","breadcrumb":{"@id":"https:\/\/naturalpoland.com\/ko\/je-pum\/hwa-jang-pum-won-ryo\/e-sen-syeol-o-il\/%ec%8b%9c%eb%b2%a0%eb%a6%ac%ec%95%84-%ec%a0%84%eb%82%98%eb%ac%b4-%ec%98%a4%ec%9d%bc\/#breadcrumb"},"inLanguage":"ko-KR","potentialAction":[{"@type":"ReadAction","target":["https:\/\/naturalpoland.com\/ko\/je-pum\/hwa-jang-pum-won-ryo\/e-sen-syeol-o-il\/%ec%8b%9c%eb%b2%a0%eb%a6%ac%ec%95%84-%ec%a0%84%eb%82%98%eb%ac%b4-%ec%98%a4%ec%9d%bc\/"]}]},{"@type":"ImageObject","inLanguage":"ko-KR","@id":"https:\/\/naturalpoland.com\/ko\/je-pum\/hwa-jang-pum-won-ryo\/e-sen-syeol-o-il\/%ec%8b%9c%eb%b2%a0%eb%a6%ac%ec%95%84-%ec%a0%84%eb%82%98%eb%ac%b4-%ec%98%a4%ec%9d%bc\/#primaryimage","url":"https:\/\/naturalpoland.com\/wp-content\/uploads\/olejek-pichtowy.webp","contentUrl":"https:\/\/naturalpoland.com\/wp-content\/uploads\/olejek-pichtowy.webp","width":821,"height":821,"caption":"\uc2dc\ubca0\ub9ac\uc544 \uc804\ub098\ubb34 \uc624\uc77c"},{"@type":"BreadcrumbList","@id":"https:\/\/naturalpoland.com\/ko\/je-pum\/hwa-jang-pum-won-ryo\/e-sen-syeol-o-il\/%ec%8b%9c%eb%b2%a0%eb%a6%ac%ec%95%84-%ec%a0%84%eb%82%98%eb%ac%b4-%ec%98%a4%ec%9d%bc\/#breadcrumb","itemListElement":[{"@type":"ListItem","position":1,"name":"\ud648","item":"https:\/\/naturalpoland.com\/ko\/"},{"@type":"ListItem","position":2,"name":"\uc81c\ud488","item":"https:\/\/naturalpoland.com\/ko\/%ec%a0%9c%ed%92%88\/"},{"@type":"ListItem","position":3,"name":"\uc2dc\ubca0\ub9ac\uc544 \uc804\ub098\ubb34 \uc624\uc77c"}]},{"@type":"WebSite","@id":"https:\/\/naturalpoland.com\/ko\/#website","url":"https:\/\/naturalpoland.com\/ko\/","name":"NATURAL POLAND - Hurtowy Dystrybutor Surowc\u00f3w","description":"Surowce dla przemys\u0142u spo\u017cywczego, kosmetycznego i farmaceutycznego","publisher":{"@id":"https:\/\/naturalpoland.com\/ko\/#organization"},"potentialAction":[{"@type":"SearchAction","target":{"@type":"EntryPoint","urlTemplate":"https:\/\/naturalpoland.com\/ko\/?s={search_term_string}"},"query-input":{"@type":"PropertyValueSpecification","valueRequired":true,"valueName":"search_term_string"}}],"inLanguage":"ko-KR"},{"@type":"Organization","@id":"https:\/\/naturalpoland.com\/ko\/#organization","name":"Natural Poland","url":"https:\/\/naturalpoland.com\/ko\/","logo":{"@type":"ImageObject","inLanguage":"ko-KR","@id":"https:\/\/naturalpoland.com\/ko\/#\/schema\/logo\/image\/","url":"https:\/\/naturalpoland.com\/wp-content\/uploads\/2021\/05\/natural-poland-icon.png","contentUrl":"https:\/\/naturalpoland.com\/wp-content\/uploads\/2021\/05\/natural-poland-icon.png","width":512,"height":512,"caption":"Natural Poland"},"image":{"@id":"https:\/\/naturalpoland.com\/ko\/#\/schema\/logo\/image\/"},"sameAs":["https:\/\/www.facebook.com\/naturalpoland.b2b","https:\/\/pl.linkedin.com\/company\/natural-poland","https:\/\/www.youtube.com\/channel\/UCgeGGkvOMahZo-xu_MSEWxg"]}]}},"_links":{"self":[{"href":"https:\/\/naturalpoland.com\/ko\/wp-json\/wp\/v2\/product\/43485","targetHints":{"allow":["GET"]}}],"collection":[{"href":"https:\/\/naturalpoland.com\/ko\/wp-json\/wp\/v2\/product"}],"about":[{"href":"https:\/\/naturalpoland.com\/ko\/wp-json\/wp\/v2\/types\/product"}],"wp:featuredmedia":[{"embeddable":true,"href":"https:\/\/naturalpoland.com\/ko\/wp-json\/wp\/v2\/media\/43486"}],"wp:attachment":[{"href":"https:\/\/naturalpoland.com\/ko\/wp-json\/wp\/v2\/media?parent=43485"}],"wp:term":[{"taxonomy":"product_brand","embeddable":true,"href":"https:\/\/naturalpoland.com\/ko\/wp-json\/wp\/v2\/product_brand?post=43485"},{"taxonomy":"product_cat","embeddable":true,"href":"https:\/\/naturalpoland.com\/ko\/wp-json\/wp\/v2\/product_cat?post=43485"},{"taxonomy":"product_tag","embeddable":true,"href":"https:\/\/naturalpoland.com\/ko\/wp-json\/wp\/v2\/product_tag?post=43485"}],"curies":[{"name":"wp","href":"https:\/\/api.w.org\/{rel}","templated":true}]}}