{"id":43487,"date":"2025-02-26T16:31:24","date_gmt":"2025-02-26T15:31:24","guid":{"rendered":"https:\/\/naturalpoland.com\/produkty\/uncategorized\/%ec%86%8c%eb%82%98%eb%ac%b4-%ec%98%a4%ec%9d%bc\/"},"modified":"2025-09-30T12:06:56","modified_gmt":"2025-09-30T10:06:56","slug":"%ec%86%8c%eb%82%98%eb%ac%b4-%ec%98%a4%ec%9d%bc","status":"publish","type":"product","link":"https:\/\/naturalpoland.com\/ko\/je-pum\/hwa-jang-pum-won-ryo\/e-sen-syeol-o-il\/%ec%86%8c%eb%82%98%eb%ac%b4-%ec%98%a4%ec%9d%bc\/","title":{"rendered":"\uc18c\ub098\ubb34 \uc624\uc77c"},"content":{"rendered":"<p>\uc18c\ub098\ubb34 \uc624\uc77c\uc758 \uc8fc\uc694 \uc131\ubd84\uc740 \uc54c\ud30c-\ud53c\ub128, \ubca0\ud0c0-\ud53c\ub128, \ub9ac\ubaa8\ub128, \ubcf4\ub974\ub124\uc62c\uc785\ub2c8\ub2e4. \uc774 \uc131\ubd84\ub4e4\uc740 \uc624\uc77c\uc5d0 \uc0b4\uade0, \uac70\ub2f4, \ud56d\uc5fc\uc99d \ud2b9\uc131\uc744 \ubd80\uc5ec\ud569\ub2c8\ub2e4. \uc774\ub7ec\ud55c \uc774\uc720\ub85c \uc774 \uc624\uc77c\uc740 \ud2b9\ud788 \uc0c1\uae30\ub3c4 \uac10\uc5fc, \ubd80\ube44\ub3d9 \ubb38\uc81c \ubc0f \uae30\uce68 \uc2dc \ud761\uc785 \uc694\ubc95\uc5d0 \uc790\uc8fc \uc0ac\uc6a9\ub429\ub2c8\ub2e4. \ub610\ud55c \ud53c\ubd80\uc5d0 \uc801\uc6a9\ud558\uba74 \ud53c\uc9c0 \ubd84\ube44\ub97c \uc870\uc808\ud558\uace0 \ud56d\uade0 \uc791\uc6a9\uc744 \ud569\ub2c8\ub2e4.   <\/p>\n<p>\uc18c\ub098\ubb34 \uc624\uc77c\uc740 <strong>\uc720\uce7c\ub9bd\ud22c\uc2a4 \uc624\uc77c<\/strong>, <strong>\ub77c\ubca4\ub354 \uc624\uc77c<\/strong>, <strong>\ub808\ubaac \uc624\uc77c<\/strong>\uacfc \uac19\uc740 \ub2e4\ub978 \uc5d0\uc13c\uc15c \uc624\uc77c\uacfc \ud568\uaed8 \uc790\uc8fc \uc0ac\uc6a9\ub429\ub2c8\ub2e4.<\/p>\n<p>\uac15\ud55c \ud6a8\ub2a5\uc73c\ub85c \uc778\ud574 \uc18c\ub098\ubb34 \uc624\uc77c\uc740 \uc801\uc808\ud55c \ud76c\uc11d \ube44\uc728\ub85c \uc0ac\uc6a9\ud574\uc57c \ud569\ub2c8\ub2e4. \ub514\ud4e8\uc800, \ub9c8\uc0ac\uc9c0 \uc624\uc77c, \ubaa9\uc695\uc81c, \uadf8\ub9ac\uace0 \uc0c1\ucf8c\ud558\uace0 \uc815\ud654\ud558\ub294 \ud6a8\uacfc\uac00 \uc788\ub294 \ud654\uc7a5\ud488\uc5d0 \ucca8\uac00\ud560 \uc218 \uc788\uc2b5\ub2c8\ub2e4. <\/p>\n","protected":false},"excerpt":{"rendered":"<p><strong>\uc18c\ub098\ubb34 \uc624\uc77c<\/strong>\uc740 \uc18c\ub098\ubb34(<strong><em>Pinus sylvestris<\/em><\/strong>)\uc758 \uc78e\uacfc \uc794\uac00\uc9c0\uc5d0\uc11c \ucd94\ucd9c\ub429\ub2c8\ub2e4. \uadf8 \ud5a5\uc740 \uc2e0\uc120\ud558\uace0 \uc218\uc9c0\ud5a5\uc774 \ub098\uba70 \ub098\ubb34 \ud5a5\uc774 \ub098\uace0 \uc0c1\ucf8c\ud558\ub2e4\uace0 \ubb18\uc0ac\ub429\ub2c8\ub2e4. <\/p>\n","protected":false},"featured_media":43488,"template":"","meta":[],"product_brand":[],"product_cat":[8155],"product_tag":[],"class_list":{"0":"post-43487","1":"product","2":"type-product","3":"status-publish","4":"has-post-thumbnail","6":"product_cat-e-sen-syeol-o-il","8":"first","9":"instock","10":"shipping-taxable","11":"product-type-simple"},"yoast_head":"<!-- This site is optimized with the Yoast SEO plugin v27.3 - https:\/\/yoast.com\/product\/yoast-seo-wordpress\/ -->\n<title>\uc18c\ub098\ubb34 \uc624\uc77c - Hurtowy Dystrybutor<\/title>\n<meta name=\"description\" content=\"\uc18c\ub098\ubb34 \uc624\uc77c\uc740 \uc18c\ub098\ubb34\uc758 \uc78e\uacfc \uc794\uac00\uc9c0\uc5d0\uc11c \ucd94\ucd9c\ud55c \ud5a5\uae30\ub85c\uc6b4 \uc5d0\uc13c\uc2a4\uc785\ub2c8\ub2e4. \uc2e0\uc120\ud558\uace0 \uc218\uc9c0\ud5a5\uc774 \ub098\uba70 \ub098\ubb34 \ud5a5\uc774 \ud2b9\uc9d5\uc785\ub2c8\ub2e4.\" \/>\n<meta name=\"robots\" content=\"index, follow, max-snippet:-1, max-image-preview:large, max-video-preview:-1\" \/>\n<link rel=\"canonical\" href=\"https:\/\/naturalpoland.com\/ko\/je-pum\/hwa-jang-pum-won-ryo\/e-sen-syeol-o-il\/%ec%86%8c%eb%82%98%eb%ac%b4-%ec%98%a4%ec%9d%bc\/\" \/>\n<meta property=\"og:locale\" content=\"ko_KR\" \/>\n<meta property=\"og:type\" content=\"article\" \/>\n<meta property=\"og:title\" content=\"\uc18c\ub098\ubb34 \uc624\uc77c - Hurtowy Dystrybutor\" \/>\n<meta property=\"og:description\" content=\"\uc18c\ub098\ubb34 \uc624\uc77c\uc740 \uc18c\ub098\ubb34\uc758 \uc78e\uacfc \uc794\uac00\uc9c0\uc5d0\uc11c \ucd94\ucd9c\ud55c \ud5a5\uae30\ub85c\uc6b4 \uc5d0\uc13c\uc2a4\uc785\ub2c8\ub2e4. \uc2e0\uc120\ud558\uace0 \uc218\uc9c0\ud5a5\uc774 \ub098\uba70 \ub098\ubb34 \ud5a5\uc774 \ud2b9\uc9d5\uc785\ub2c8\ub2e4.\" \/>\n<meta property=\"og:url\" content=\"https:\/\/naturalpoland.com\/ko\/je-pum\/hwa-jang-pum-won-ryo\/e-sen-syeol-o-il\/%ec%86%8c%eb%82%98%eb%ac%b4-%ec%98%a4%ec%9d%bc\/\" \/>\n<meta property=\"og:site_name\" content=\"NATURAL POLAND - Hurtowy Dystrybutor Surowc\u00f3w\" \/>\n<meta property=\"article:publisher\" content=\"https:\/\/www.facebook.com\/naturalpoland.b2b\" \/>\n<meta property=\"article:modified_time\" content=\"2025-09-30T10:06:56+00:00\" \/>\n<meta property=\"og:image\" content=\"https:\/\/naturalpoland.com\/wp-content\/uploads\/olejek-sosnowy.webp\" \/>\n\t<meta property=\"og:image:width\" content=\"821\" \/>\n\t<meta property=\"og:image:height\" content=\"821\" \/>\n\t<meta property=\"og:image:type\" content=\"image\/webp\" \/>\n<script type=\"application\/ld+json\" class=\"yoast-schema-graph\">{\"@context\":\"https:\\\/\\\/schema.org\",\"@graph\":[{\"@type\":\"WebPage\",\"@id\":\"https:\\\/\\\/naturalpoland.com\\\/ko\\\/je-pum\\\/hwa-jang-pum-won-ryo\\\/e-sen-syeol-o-il\\\/%ec%86%8c%eb%82%98%eb%ac%b4-%ec%98%a4%ec%9d%bc\\\/\",\"url\":\"https:\\\/\\\/naturalpoland.com\\\/ko\\\/je-pum\\\/hwa-jang-pum-won-ryo\\\/e-sen-syeol-o-il\\\/%ec%86%8c%eb%82%98%eb%ac%b4-%ec%98%a4%ec%9d%bc\\\/\",\"name\":\"\uc18c\ub098\ubb34 \uc624\uc77c - Hurtowy Dystrybutor\",\"isPartOf\":{\"@id\":\"https:\\\/\\\/naturalpoland.com\\\/ko\\\/#website\"},\"primaryImageOfPage\":{\"@id\":\"https:\\\/\\\/naturalpoland.com\\\/ko\\\/je-pum\\\/hwa-jang-pum-won-ryo\\\/e-sen-syeol-o-il\\\/%ec%86%8c%eb%82%98%eb%ac%b4-%ec%98%a4%ec%9d%bc\\\/#primaryimage\"},\"image\":{\"@id\":\"https:\\\/\\\/naturalpoland.com\\\/ko\\\/je-pum\\\/hwa-jang-pum-won-ryo\\\/e-sen-syeol-o-il\\\/%ec%86%8c%eb%82%98%eb%ac%b4-%ec%98%a4%ec%9d%bc\\\/#primaryimage\"},\"thumbnailUrl\":\"https:\\\/\\\/naturalpoland.com\\\/wp-content\\\/uploads\\\/olejek-sosnowy.webp\",\"datePublished\":\"2025-02-26T15:31:24+00:00\",\"dateModified\":\"2025-09-30T10:06:56+00:00\",\"description\":\"\uc18c\ub098\ubb34 \uc624\uc77c\uc740 \uc18c\ub098\ubb34\uc758 \uc78e\uacfc \uc794\uac00\uc9c0\uc5d0\uc11c \ucd94\ucd9c\ud55c \ud5a5\uae30\ub85c\uc6b4 \uc5d0\uc13c\uc2a4\uc785\ub2c8\ub2e4. \uc2e0\uc120\ud558\uace0 \uc218\uc9c0\ud5a5\uc774 \ub098\uba70 \ub098\ubb34 \ud5a5\uc774 \ud2b9\uc9d5\uc785\ub2c8\ub2e4.\",\"breadcrumb\":{\"@id\":\"https:\\\/\\\/naturalpoland.com\\\/ko\\\/je-pum\\\/hwa-jang-pum-won-ryo\\\/e-sen-syeol-o-il\\\/%ec%86%8c%eb%82%98%eb%ac%b4-%ec%98%a4%ec%9d%bc\\\/#breadcrumb\"},\"inLanguage\":\"ko-KR\",\"potentialAction\":[{\"@type\":\"ReadAction\",\"target\":[\"https:\\\/\\\/naturalpoland.com\\\/ko\\\/je-pum\\\/hwa-jang-pum-won-ryo\\\/e-sen-syeol-o-il\\\/%ec%86%8c%eb%82%98%eb%ac%b4-%ec%98%a4%ec%9d%bc\\\/\"]}]},{\"@type\":\"ImageObject\",\"inLanguage\":\"ko-KR\",\"@id\":\"https:\\\/\\\/naturalpoland.com\\\/ko\\\/je-pum\\\/hwa-jang-pum-won-ryo\\\/e-sen-syeol-o-il\\\/%ec%86%8c%eb%82%98%eb%ac%b4-%ec%98%a4%ec%9d%bc\\\/#primaryimage\",\"url\":\"https:\\\/\\\/naturalpoland.com\\\/wp-content\\\/uploads\\\/olejek-sosnowy.webp\",\"contentUrl\":\"https:\\\/\\\/naturalpoland.com\\\/wp-content\\\/uploads\\\/olejek-sosnowy.webp\",\"width\":821,\"height\":821,\"caption\":\"\uc18c\ub098\ubb34 \uc624\uc77c\"},{\"@type\":\"BreadcrumbList\",\"@id\":\"https:\\\/\\\/naturalpoland.com\\\/ko\\\/je-pum\\\/hwa-jang-pum-won-ryo\\\/e-sen-syeol-o-il\\\/%ec%86%8c%eb%82%98%eb%ac%b4-%ec%98%a4%ec%9d%bc\\\/#breadcrumb\",\"itemListElement\":[{\"@type\":\"ListItem\",\"position\":1,\"name\":\"\ud648\",\"item\":\"https:\\\/\\\/naturalpoland.com\\\/ko\\\/\"},{\"@type\":\"ListItem\",\"position\":2,\"name\":\"\uc81c\ud488\",\"item\":\"https:\\\/\\\/naturalpoland.com\\\/ko\\\/%ec%a0%9c%ed%92%88\\\/\"},{\"@type\":\"ListItem\",\"position\":3,\"name\":\"\uc18c\ub098\ubb34 \uc624\uc77c\"}]},{\"@type\":\"WebSite\",\"@id\":\"https:\\\/\\\/naturalpoland.com\\\/ko\\\/#website\",\"url\":\"https:\\\/\\\/naturalpoland.com\\\/ko\\\/\",\"name\":\"NATURAL POLAND - Hurtowy Dystrybutor Surowc\u00f3w\",\"description\":\"Surowce dla przemys\u0142u spo\u017cywczego, kosmetycznego i farmaceutycznego\",\"publisher\":{\"@id\":\"https:\\\/\\\/naturalpoland.com\\\/ko\\\/#organization\"},\"potentialAction\":[{\"@type\":\"SearchAction\",\"target\":{\"@type\":\"EntryPoint\",\"urlTemplate\":\"https:\\\/\\\/naturalpoland.com\\\/ko\\\/?s={search_term_string}\"},\"query-input\":{\"@type\":\"PropertyValueSpecification\",\"valueRequired\":true,\"valueName\":\"search_term_string\"}}],\"inLanguage\":\"ko-KR\"},{\"@type\":\"Organization\",\"@id\":\"https:\\\/\\\/naturalpoland.com\\\/ko\\\/#organization\",\"name\":\"Natural Poland\",\"url\":\"https:\\\/\\\/naturalpoland.com\\\/ko\\\/\",\"logo\":{\"@type\":\"ImageObject\",\"inLanguage\":\"ko-KR\",\"@id\":\"https:\\\/\\\/naturalpoland.com\\\/ko\\\/#\\\/schema\\\/logo\\\/image\\\/\",\"url\":\"https:\\\/\\\/naturalpoland.com\\\/wp-content\\\/uploads\\\/2021\\\/05\\\/natural-poland-icon.png\",\"contentUrl\":\"https:\\\/\\\/naturalpoland.com\\\/wp-content\\\/uploads\\\/2021\\\/05\\\/natural-poland-icon.png\",\"width\":512,\"height\":512,\"caption\":\"Natural Poland\"},\"image\":{\"@id\":\"https:\\\/\\\/naturalpoland.com\\\/ko\\\/#\\\/schema\\\/logo\\\/image\\\/\"},\"sameAs\":[\"https:\\\/\\\/www.facebook.com\\\/naturalpoland.b2b\",\"https:\\\/\\\/pl.linkedin.com\\\/company\\\/natural-poland\",\"https:\\\/\\\/www.youtube.com\\\/channel\\\/UCgeGGkvOMahZo-xu_MSEWxg\"]}]}<\/script>\n<!-- \/ Yoast SEO plugin. -->","yoast_head_json":{"title":"\uc18c\ub098\ubb34 \uc624\uc77c - Hurtowy Dystrybutor","description":"\uc18c\ub098\ubb34 \uc624\uc77c\uc740 \uc18c\ub098\ubb34\uc758 \uc78e\uacfc \uc794\uac00\uc9c0\uc5d0\uc11c \ucd94\ucd9c\ud55c \ud5a5\uae30\ub85c\uc6b4 \uc5d0\uc13c\uc2a4\uc785\ub2c8\ub2e4. \uc2e0\uc120\ud558\uace0 \uc218\uc9c0\ud5a5\uc774 \ub098\uba70 \ub098\ubb34 \ud5a5\uc774 \ud2b9\uc9d5\uc785\ub2c8\ub2e4.","robots":{"index":"index","follow":"follow","max-snippet":"max-snippet:-1","max-image-preview":"max-image-preview:large","max-video-preview":"max-video-preview:-1"},"canonical":"https:\/\/naturalpoland.com\/ko\/je-pum\/hwa-jang-pum-won-ryo\/e-sen-syeol-o-il\/%ec%86%8c%eb%82%98%eb%ac%b4-%ec%98%a4%ec%9d%bc\/","og_locale":"ko_KR","og_type":"article","og_title":"\uc18c\ub098\ubb34 \uc624\uc77c - Hurtowy Dystrybutor","og_description":"\uc18c\ub098\ubb34 \uc624\uc77c\uc740 \uc18c\ub098\ubb34\uc758 \uc78e\uacfc \uc794\uac00\uc9c0\uc5d0\uc11c \ucd94\ucd9c\ud55c \ud5a5\uae30\ub85c\uc6b4 \uc5d0\uc13c\uc2a4\uc785\ub2c8\ub2e4. \uc2e0\uc120\ud558\uace0 \uc218\uc9c0\ud5a5\uc774 \ub098\uba70 \ub098\ubb34 \ud5a5\uc774 \ud2b9\uc9d5\uc785\ub2c8\ub2e4.","og_url":"https:\/\/naturalpoland.com\/ko\/je-pum\/hwa-jang-pum-won-ryo\/e-sen-syeol-o-il\/%ec%86%8c%eb%82%98%eb%ac%b4-%ec%98%a4%ec%9d%bc\/","og_site_name":"NATURAL POLAND - Hurtowy Dystrybutor Surowc\u00f3w","article_publisher":"https:\/\/www.facebook.com\/naturalpoland.b2b","article_modified_time":"2025-09-30T10:06:56+00:00","og_image":[{"width":821,"height":821,"url":"https:\/\/naturalpoland.com\/wp-content\/uploads\/olejek-sosnowy.webp","type":"image\/webp"}],"schema":{"@context":"https:\/\/schema.org","@graph":[{"@type":"WebPage","@id":"https:\/\/naturalpoland.com\/ko\/je-pum\/hwa-jang-pum-won-ryo\/e-sen-syeol-o-il\/%ec%86%8c%eb%82%98%eb%ac%b4-%ec%98%a4%ec%9d%bc\/","url":"https:\/\/naturalpoland.com\/ko\/je-pum\/hwa-jang-pum-won-ryo\/e-sen-syeol-o-il\/%ec%86%8c%eb%82%98%eb%ac%b4-%ec%98%a4%ec%9d%bc\/","name":"\uc18c\ub098\ubb34 \uc624\uc77c - Hurtowy Dystrybutor","isPartOf":{"@id":"https:\/\/naturalpoland.com\/ko\/#website"},"primaryImageOfPage":{"@id":"https:\/\/naturalpoland.com\/ko\/je-pum\/hwa-jang-pum-won-ryo\/e-sen-syeol-o-il\/%ec%86%8c%eb%82%98%eb%ac%b4-%ec%98%a4%ec%9d%bc\/#primaryimage"},"image":{"@id":"https:\/\/naturalpoland.com\/ko\/je-pum\/hwa-jang-pum-won-ryo\/e-sen-syeol-o-il\/%ec%86%8c%eb%82%98%eb%ac%b4-%ec%98%a4%ec%9d%bc\/#primaryimage"},"thumbnailUrl":"https:\/\/naturalpoland.com\/wp-content\/uploads\/olejek-sosnowy.webp","datePublished":"2025-02-26T15:31:24+00:00","dateModified":"2025-09-30T10:06:56+00:00","description":"\uc18c\ub098\ubb34 \uc624\uc77c\uc740 \uc18c\ub098\ubb34\uc758 \uc78e\uacfc \uc794\uac00\uc9c0\uc5d0\uc11c \ucd94\ucd9c\ud55c \ud5a5\uae30\ub85c\uc6b4 \uc5d0\uc13c\uc2a4\uc785\ub2c8\ub2e4. \uc2e0\uc120\ud558\uace0 \uc218\uc9c0\ud5a5\uc774 \ub098\uba70 \ub098\ubb34 \ud5a5\uc774 \ud2b9\uc9d5\uc785\ub2c8\ub2e4.","breadcrumb":{"@id":"https:\/\/naturalpoland.com\/ko\/je-pum\/hwa-jang-pum-won-ryo\/e-sen-syeol-o-il\/%ec%86%8c%eb%82%98%eb%ac%b4-%ec%98%a4%ec%9d%bc\/#breadcrumb"},"inLanguage":"ko-KR","potentialAction":[{"@type":"ReadAction","target":["https:\/\/naturalpoland.com\/ko\/je-pum\/hwa-jang-pum-won-ryo\/e-sen-syeol-o-il\/%ec%86%8c%eb%82%98%eb%ac%b4-%ec%98%a4%ec%9d%bc\/"]}]},{"@type":"ImageObject","inLanguage":"ko-KR","@id":"https:\/\/naturalpoland.com\/ko\/je-pum\/hwa-jang-pum-won-ryo\/e-sen-syeol-o-il\/%ec%86%8c%eb%82%98%eb%ac%b4-%ec%98%a4%ec%9d%bc\/#primaryimage","url":"https:\/\/naturalpoland.com\/wp-content\/uploads\/olejek-sosnowy.webp","contentUrl":"https:\/\/naturalpoland.com\/wp-content\/uploads\/olejek-sosnowy.webp","width":821,"height":821,"caption":"\uc18c\ub098\ubb34 \uc624\uc77c"},{"@type":"BreadcrumbList","@id":"https:\/\/naturalpoland.com\/ko\/je-pum\/hwa-jang-pum-won-ryo\/e-sen-syeol-o-il\/%ec%86%8c%eb%82%98%eb%ac%b4-%ec%98%a4%ec%9d%bc\/#breadcrumb","itemListElement":[{"@type":"ListItem","position":1,"name":"\ud648","item":"https:\/\/naturalpoland.com\/ko\/"},{"@type":"ListItem","position":2,"name":"\uc81c\ud488","item":"https:\/\/naturalpoland.com\/ko\/%ec%a0%9c%ed%92%88\/"},{"@type":"ListItem","position":3,"name":"\uc18c\ub098\ubb34 \uc624\uc77c"}]},{"@type":"WebSite","@id":"https:\/\/naturalpoland.com\/ko\/#website","url":"https:\/\/naturalpoland.com\/ko\/","name":"NATURAL POLAND - Hurtowy Dystrybutor Surowc\u00f3w","description":"Surowce dla przemys\u0142u spo\u017cywczego, kosmetycznego i farmaceutycznego","publisher":{"@id":"https:\/\/naturalpoland.com\/ko\/#organization"},"potentialAction":[{"@type":"SearchAction","target":{"@type":"EntryPoint","urlTemplate":"https:\/\/naturalpoland.com\/ko\/?s={search_term_string}"},"query-input":{"@type":"PropertyValueSpecification","valueRequired":true,"valueName":"search_term_string"}}],"inLanguage":"ko-KR"},{"@type":"Organization","@id":"https:\/\/naturalpoland.com\/ko\/#organization","name":"Natural Poland","url":"https:\/\/naturalpoland.com\/ko\/","logo":{"@type":"ImageObject","inLanguage":"ko-KR","@id":"https:\/\/naturalpoland.com\/ko\/#\/schema\/logo\/image\/","url":"https:\/\/naturalpoland.com\/wp-content\/uploads\/2021\/05\/natural-poland-icon.png","contentUrl":"https:\/\/naturalpoland.com\/wp-content\/uploads\/2021\/05\/natural-poland-icon.png","width":512,"height":512,"caption":"Natural Poland"},"image":{"@id":"https:\/\/naturalpoland.com\/ko\/#\/schema\/logo\/image\/"},"sameAs":["https:\/\/www.facebook.com\/naturalpoland.b2b","https:\/\/pl.linkedin.com\/company\/natural-poland","https:\/\/www.youtube.com\/channel\/UCgeGGkvOMahZo-xu_MSEWxg"]}]}},"_links":{"self":[{"href":"https:\/\/naturalpoland.com\/ko\/wp-json\/wp\/v2\/product\/43487","targetHints":{"allow":["GET"]}}],"collection":[{"href":"https:\/\/naturalpoland.com\/ko\/wp-json\/wp\/v2\/product"}],"about":[{"href":"https:\/\/naturalpoland.com\/ko\/wp-json\/wp\/v2\/types\/product"}],"wp:featuredmedia":[{"embeddable":true,"href":"https:\/\/naturalpoland.com\/ko\/wp-json\/wp\/v2\/media\/43488"}],"wp:attachment":[{"href":"https:\/\/naturalpoland.com\/ko\/wp-json\/wp\/v2\/media?parent=43487"}],"wp:term":[{"taxonomy":"product_brand","embeddable":true,"href":"https:\/\/naturalpoland.com\/ko\/wp-json\/wp\/v2\/product_brand?post=43487"},{"taxonomy":"product_cat","embeddable":true,"href":"https:\/\/naturalpoland.com\/ko\/wp-json\/wp\/v2\/product_cat?post=43487"},{"taxonomy":"product_tag","embeddable":true,"href":"https:\/\/naturalpoland.com\/ko\/wp-json\/wp\/v2\/product_tag?post=43487"}],"curies":[{"name":"wp","href":"https:\/\/api.w.org\/{rel}","templated":true}]}}