{"id":43489,"date":"2024-10-21T14:02:07","date_gmt":"2024-10-21T12:02:07","guid":{"rendered":"https:\/\/naturalpoland.com\/produkty\/uncategorized\/%eb%8b%a4%eb%a7%88%ec%8a%a4%ed%81%ac-%ec%9e%a5%eb%af%b8-%ec%98%a4%ec%9d%bc\/"},"modified":"2025-09-30T12:07:13","modified_gmt":"2025-09-30T10:07:13","slug":"%eb%8b%a4%eb%a7%88%ec%8a%a4%ed%81%ac-%ec%9e%a5%eb%af%b8-%ec%98%a4%ec%9d%bc","status":"publish","type":"product","link":"https:\/\/naturalpoland.com\/ko\/je-pum\/hwa-jang-pum-won-ryo\/e-sen-syeol-o-il\/%eb%8b%a4%eb%a7%88%ec%8a%a4%ed%81%ac-%ec%9e%a5%eb%af%b8-%ec%98%a4%ec%9d%bc\/","title":{"rendered":"\ub2e4\ub9c8\uc2a4\ud06c \uc7a5\ubbf8 \uc624\uc77c"},"content":{"rendered":"<h2>\uc624\uc77c \ucd94\ucd9c<\/h2>\n<p>\uc7a5\ubbf8 \uc624\uc77c\uc740 \uc190\uc73c\ub85c \uc9c1\uc811 \uc218\ud655\ud55c \ub2e4\ub9c8\uc2a4\ud06c \uc7a5\ubbf8 \uaf43\uc5d0\uc11c \ucd94\ucd9c\ub418\uba70, \uaf43\uc774 \uac00\uc7a5 \uac15\ub82c\ud55c \ud5a5\uc744 \ub0b4\ub294 \uc9e7\uc740 \ub9cc\uac1c \uae30\uac04 \ub3d9\uc548 \uc99d\ub958\ub429\ub2c8\ub2e4. \uc0dd\uc0b0 \uacfc\uc815\uc774 \ub9e4\uc6b0 \ubcf5\uc7a1\ud558\uae30 \ub54c\ubb38\uc5d0 \uc7a5\ubbf8 \uc624\uc77c\uc740 \uac00\uc7a5 \ube44\uc2fc \uc5d0\uc13c\uc15c \uc624\uc77c \uc911 \ud558\ub098\uc785\ub2c8\ub2e4. \uc624\uc77c 1kg\uc744 \uc0dd\uc0b0\ud558\ub824\uba74 \ubb34\ub824 5\ud1a4\uc758 \uaf43\uc78e\uc774 \ud544\uc694\ud569\ub2c8\ub2e4. <\/p>\n<h2>\ud2b9\uc131<\/h2>\n<p><strong>\uc544\ub85c\ub9c8\ud14c\ub77c\ud53c\uc5d0\uc11c<\/strong> \uc7a5\ubbf8 \uc624\uc77c\uc740 \uae30\ubd84 \uac1c\uc120 \ubc0f \uc2a4\ud2b8\ub808\uc2a4 \uac10\uc18c\uc5d0 \ud6a8\uacfc\uc801\uc778 \uac83\uc73c\ub85c \uc54c\ub824\uc838 \uc788\uc2b5\ub2c8\ub2e4. \uc12c\uc138\ud558\uace0 \uaf43\ud5a5\uae30 \ub098\ub294 \uc544\ub85c\ub9c8\ub294 \uc2e0\uacbd\uacc4\ub97c \uc9c4\uc815\uc2dc\ud0a4\uace0 \uae34\uc7a5\uc744 \uc644\ud654\ud558\uba70 \uc6b0\uc6b8\uc99d, \ubd88\uc548 \ubc0f \ubd88\uba74\uc99d \ud1f4\uce58\uc5d0 \ub3c4\uc6c0\uc744 \uc90d\ub2c8\ub2e4. \ub610\ud55c \ub0ad\ub9cc\uc801\uc778 \ubd84\uc704\uae30\ub97c \uc870\uc131\ud558\uace0 \uc815\uc11c\uc801 \uc720\ub300\uac10\uc744 \uac15\ud654\ud558\ub294 \ucd5c\uc74c\uc81c\ub85c\ub3c4 \uc0ac\uc6a9\ub429\ub2c8\ub2e4.  <\/p>\n<p>\uc7a5\ubbf8 \uc624\uc77c\uc740 \uac10\uc815\uacfc \uae30\uc5b5\uc744 \ub2f4\ub2f9\ud558\ub294 \ubcc0\uc5f0\uacc4\uc5d0 \uc601\ud5a5\uc744 \ubbf8\uce58\ub294 \ub2a5\ub825\uc73c\ub85c \ub192\uc774 \ud3c9\uac00\ub429\ub2c8\ub2e4. \uadf8 \ud5a5\uae30\ub294 \uc2a4\ud2b8\ub808\uc2a4, \ubd88\uc548 \ubc0f \uc2ac\ud514\uc744 \uc904\uc774\ub294 \ub370 \ub3c4\uc6c0\uc774 \ub429\ub2c8\ub2e4. <\/p>\n<p><strong>\ud654\uc7a5\ud488\uc5d0\uc11c<\/strong> \ub2e4\ub9c8\uc2a4\ud06c \uc7a5\ubbf8 \uc624\uc77c\uc740 \ud2b9\ud788 \uc131\uc219\ud558\uace0 \ubbfc\uac10\ud558\uba70 \uac74\uc870\ud55c \ud53c\ubd80 \uad00\ub9ac\uc5d0 \ud0c1\uc6d4\ud569\ub2c8\ub2e4. \uc7ac\uc0dd \ud6a8\uacfc\uac00 \uc788\uc73c\uba70 \ud53c\ubd80 \ub178\ud654\ub97c \ubc29\uc9c0\ud558\uace0 \ud608\uad00\uc744 \uac15\ud654\ud558\uba70 \ubd89\uc740 \uae30\uc640 \uc790\uadf9\uc744 \uc904\uc774\ub294 \ub370 \ub3c4\uc6c0\uc744 \uc90d\ub2c8\ub2e4. \ube44\ud0c0\ubbfc C\uc640 \uc9c0\ubc29\uc0b0\uacfc \uac19\uc740 \ud568\uc720\ub41c \ud654\ud569\ubb3c\uc740 \ud45c\ud53c \uc7ac\uc0dd, \uc0c9\uc18c \uce68\ucc29 \uc644\ud654 \ubc0f \ud53c\ubd80 \ud1a4 \uade0\uc77c\ud654\uc5d0 \uae30\uc5ec\ud569\ub2c8\ub2e4. \ub610\ud55c \uc5ec\ub4dc\ub984 \uacbd\ud5a5\uc774 \uc788\ub294 \ubb38\uc81c\uc131 \ud53c\ubd80\ub97c \uc704\ud55c \ud654\uc7a5\ud488\uc758 \uc774\uc0c1\uc801\uc778 \uc131\ubd84\uc785\ub2c8\ub2e4. \ubd80\ub4dc\ub7fd\uc9c0\ub9cc \ud6a8\uacfc\uc801\uc778 \uc791\uc6a9\uc73c\ub85c \uc5fc\uc99d\uc744 \uc644\ud654\ud558\uace0 \ud53c\uc9c0 \ubd84\ube44\ub97c \uc904\uc774\uba70 \uce58\uc720\ub97c \ub3d5\uc2b5\ub2c8\ub2e4.    <\/p>\n<p>\ub2e4\ub9c8\uc2a4\ud06c \uc7a5\ubbf8 \uc624\uc77c\uc740 \uace0\uae09 \ud53c\ubd80 \ubc0f \ud5e4\uc5b4 \ucf00\uc5b4 \ud654\uc7a5\ud488\uc758 \uac00\uc7a5 \uc911\uc694\ud55c \uc131\ubd84 \uc911 \ud558\ub098\uc785\ub2c8\ub2e4.<\/p>\n","protected":false},"excerpt":{"rendered":"<p><strong>\ub2e4\ub9c8\uc2a4\ud06c \uc7a5\ubbf8 (<em>Rosa damascena<\/em>) \uc5d0\uc13c\uc15c \uc624\uc77c<\/strong>\uc740 \uc138\uacc4\uc5d0\uc11c \uac00\uc7a5 \uadc0\ud558\uace0 \uace0\uae09\uc2a4\ub7ec\uc6b4 \uc5d0\uc13c\uc15c \uc624\uc77c \uc911 \ud558\ub098\uc785\ub2c8\ub2e4. \uc8fc\ub85c \ubd88\uac00\ub9ac\uc544\uc758 \uc720\uba85\ud55c \ub85c\uc988 \ubc38\ub9ac\uc5d0\uc11c \uc7ac\ubc30\ub418\ub294 \ub2e4\ub9c8\uc2a4\ud06c \uc7a5\ubbf8 \uaf43\uc78e\uc5d0\uc11c \ucd94\ucd9c\ub418\uba70, \uc774 \uc624\uc77c\uc740 \uc99d\uae30 \uc99d\ub958 \ubc29\uc2dd\uc73c\ub85c \uc5bb\uc5b4\uc9d1\ub2c8\ub2e4. <\/p>\n","protected":false},"featured_media":43490,"template":"","meta":[],"product_brand":[],"product_cat":[8155],"product_tag":[],"class_list":{"0":"post-43489","1":"product","2":"type-product","3":"status-publish","4":"has-post-thumbnail","6":"product_cat-e-sen-syeol-o-il","7":"pa_metoda-pozyskiwania-8221","9":"first","10":"instock","11":"shipping-taxable","12":"product-type-simple"},"yoast_head":"<!-- This site is optimized with the Yoast SEO plugin v27.3 - https:\/\/yoast.com\/product\/yoast-seo-wordpress\/ -->\n<title>NATURAL POLAND &#8211; Hurtowy Dystrybutor Surowc\u00f3w<\/title>\n<meta name=\"description\" content=\"\ub2e4\ub9c8\uc2a4\ud06c \uc7a5\ubbf8 (Rosa damascena) \uc5d0\uc13c\uc15c \uc624\uc77c\uc740 \ub3c5\ud2b9\ud55c \ud5a5\uc73c\ub85c \uc778\ud574 \uc544\ub85c\ub9c8\ud14c\ub77c\ud53c \ubc0f \ud654\uc7a5\ud488 \ubd84\uc57c\uc5d0\uc11c \uc9c4\uc815\ud55c \uace0\uae09\ud488\uc73c\ub85c \uc5ec\uaca8\uc9d1\ub2c8\ub2e4.\" \/>\n<meta name=\"robots\" content=\"index, follow, max-snippet:-1, max-image-preview:large, max-video-preview:-1\" \/>\n<link rel=\"canonical\" href=\"https:\/\/naturalpoland.com\/ko\/je-pum\/hwa-jang-pum-won-ryo\/e-sen-syeol-o-il\/%eb%8b%a4%eb%a7%88%ec%8a%a4%ed%81%ac-%ec%9e%a5%eb%af%b8-%ec%98%a4%ec%9d%bc\/\" \/>\n<meta property=\"og:locale\" content=\"ko_KR\" \/>\n<meta property=\"og:type\" content=\"article\" \/>\n<meta property=\"og:description\" content=\"\ub2e4\ub9c8\uc2a4\ud06c \uc7a5\ubbf8 (Rosa damascena) \uc5d0\uc13c\uc15c \uc624\uc77c\uc740 \ub3c5\ud2b9\ud55c \ud5a5\uc73c\ub85c \uc778\ud574 \uc544\ub85c\ub9c8\ud14c\ub77c\ud53c \ubc0f \ud654\uc7a5\ud488 \ubd84\uc57c\uc5d0\uc11c \uc9c4\uc815\ud55c \uace0\uae09\ud488\uc73c\ub85c \uc5ec\uaca8\uc9d1\ub2c8\ub2e4.\" \/>\n<meta property=\"og:url\" content=\"https:\/\/naturalpoland.com\/ko\/je-pum\/hwa-jang-pum-won-ryo\/e-sen-syeol-o-il\/%eb%8b%a4%eb%a7%88%ec%8a%a4%ed%81%ac-%ec%9e%a5%eb%af%b8-%ec%98%a4%ec%9d%bc\/\" \/>\n<meta property=\"og:site_name\" content=\"NATURAL POLAND - Hurtowy Dystrybutor Surowc\u00f3w\" \/>\n<meta property=\"article:publisher\" content=\"https:\/\/www.facebook.com\/naturalpoland.b2b\" \/>\n<meta property=\"article:modified_time\" content=\"2025-09-30T10:07:13+00:00\" \/>\n<meta property=\"og:image\" content=\"https:\/\/naturalpoland.com\/wp-content\/uploads\/olejek-z-rozy-damascenskiej.webp\" \/>\n\t<meta property=\"og:image:width\" content=\"426\" \/>\n\t<meta property=\"og:image:height\" content=\"426\" \/>\n\t<meta property=\"og:image:type\" content=\"image\/webp\" \/>\n<script type=\"application\/ld+json\" class=\"yoast-schema-graph\">{\"@context\":\"https:\\\/\\\/schema.org\",\"@graph\":[{\"@type\":\"WebPage\",\"@id\":\"https:\\\/\\\/naturalpoland.com\\\/ko\\\/je-pum\\\/hwa-jang-pum-won-ryo\\\/e-sen-syeol-o-il\\\/%eb%8b%a4%eb%a7%88%ec%8a%a4%ed%81%ac-%ec%9e%a5%eb%af%b8-%ec%98%a4%ec%9d%bc\\\/\",\"url\":\"https:\\\/\\\/naturalpoland.com\\\/ko\\\/je-pum\\\/hwa-jang-pum-won-ryo\\\/e-sen-syeol-o-il\\\/%eb%8b%a4%eb%a7%88%ec%8a%a4%ed%81%ac-%ec%9e%a5%eb%af%b8-%ec%98%a4%ec%9d%bc\\\/\",\"name\":\"\",\"isPartOf\":{\"@id\":\"https:\\\/\\\/naturalpoland.com\\\/ko\\\/#website\"},\"primaryImageOfPage\":{\"@id\":\"https:\\\/\\\/naturalpoland.com\\\/ko\\\/je-pum\\\/hwa-jang-pum-won-ryo\\\/e-sen-syeol-o-il\\\/%eb%8b%a4%eb%a7%88%ec%8a%a4%ed%81%ac-%ec%9e%a5%eb%af%b8-%ec%98%a4%ec%9d%bc\\\/#primaryimage\"},\"image\":{\"@id\":\"https:\\\/\\\/naturalpoland.com\\\/ko\\\/je-pum\\\/hwa-jang-pum-won-ryo\\\/e-sen-syeol-o-il\\\/%eb%8b%a4%eb%a7%88%ec%8a%a4%ed%81%ac-%ec%9e%a5%eb%af%b8-%ec%98%a4%ec%9d%bc\\\/#primaryimage\"},\"thumbnailUrl\":\"https:\\\/\\\/naturalpoland.com\\\/wp-content\\\/uploads\\\/olejek-z-rozy-damascenskiej.webp\",\"datePublished\":\"2024-10-21T12:02:07+00:00\",\"dateModified\":\"2025-09-30T10:07:13+00:00\",\"description\":\"\ub2e4\ub9c8\uc2a4\ud06c \uc7a5\ubbf8 (Rosa damascena) \uc5d0\uc13c\uc15c \uc624\uc77c\uc740 \ub3c5\ud2b9\ud55c \ud5a5\uc73c\ub85c \uc778\ud574 \uc544\ub85c\ub9c8\ud14c\ub77c\ud53c \ubc0f \ud654\uc7a5\ud488 \ubd84\uc57c\uc5d0\uc11c \uc9c4\uc815\ud55c \uace0\uae09\ud488\uc73c\ub85c \uc5ec\uaca8\uc9d1\ub2c8\ub2e4.\",\"breadcrumb\":{\"@id\":\"https:\\\/\\\/naturalpoland.com\\\/ko\\\/je-pum\\\/hwa-jang-pum-won-ryo\\\/e-sen-syeol-o-il\\\/%eb%8b%a4%eb%a7%88%ec%8a%a4%ed%81%ac-%ec%9e%a5%eb%af%b8-%ec%98%a4%ec%9d%bc\\\/#breadcrumb\"},\"inLanguage\":\"ko-KR\",\"potentialAction\":[{\"@type\":\"ReadAction\",\"target\":[\"https:\\\/\\\/naturalpoland.com\\\/ko\\\/je-pum\\\/hwa-jang-pum-won-ryo\\\/e-sen-syeol-o-il\\\/%eb%8b%a4%eb%a7%88%ec%8a%a4%ed%81%ac-%ec%9e%a5%eb%af%b8-%ec%98%a4%ec%9d%bc\\\/\"]}]},{\"@type\":\"ImageObject\",\"inLanguage\":\"ko-KR\",\"@id\":\"https:\\\/\\\/naturalpoland.com\\\/ko\\\/je-pum\\\/hwa-jang-pum-won-ryo\\\/e-sen-syeol-o-il\\\/%eb%8b%a4%eb%a7%88%ec%8a%a4%ed%81%ac-%ec%9e%a5%eb%af%b8-%ec%98%a4%ec%9d%bc\\\/#primaryimage\",\"url\":\"https:\\\/\\\/naturalpoland.com\\\/wp-content\\\/uploads\\\/olejek-z-rozy-damascenskiej.webp\",\"contentUrl\":\"https:\\\/\\\/naturalpoland.com\\\/wp-content\\\/uploads\\\/olejek-z-rozy-damascenskiej.webp\",\"width\":426,\"height\":426,\"caption\":\"\ub2e4\ub9c8\uc2a4\ud06c \uc7a5\ubbf8 (Rosa damascena) \uc5d0\uc13c\uc15c \uc624\uc77c\"},{\"@type\":\"BreadcrumbList\",\"@id\":\"https:\\\/\\\/naturalpoland.com\\\/ko\\\/je-pum\\\/hwa-jang-pum-won-ryo\\\/e-sen-syeol-o-il\\\/%eb%8b%a4%eb%a7%88%ec%8a%a4%ed%81%ac-%ec%9e%a5%eb%af%b8-%ec%98%a4%ec%9d%bc\\\/#breadcrumb\",\"itemListElement\":[{\"@type\":\"ListItem\",\"position\":1,\"name\":\"\ud648\",\"item\":\"https:\\\/\\\/naturalpoland.com\\\/ko\\\/\"},{\"@type\":\"ListItem\",\"position\":2,\"name\":\"\uc81c\ud488\",\"item\":\"https:\\\/\\\/naturalpoland.com\\\/ko\\\/%ec%a0%9c%ed%92%88\\\/\"},{\"@type\":\"ListItem\",\"position\":3,\"name\":\"\ub2e4\ub9c8\uc2a4\ud06c \uc7a5\ubbf8 \uc624\uc77c\"}]},{\"@type\":\"WebSite\",\"@id\":\"https:\\\/\\\/naturalpoland.com\\\/ko\\\/#website\",\"url\":\"https:\\\/\\\/naturalpoland.com\\\/ko\\\/\",\"name\":\"NATURAL POLAND - Hurtowy Dystrybutor Surowc\u00f3w\",\"description\":\"Surowce dla przemys\u0142u spo\u017cywczego, kosmetycznego i farmaceutycznego\",\"publisher\":{\"@id\":\"https:\\\/\\\/naturalpoland.com\\\/ko\\\/#organization\"},\"potentialAction\":[{\"@type\":\"SearchAction\",\"target\":{\"@type\":\"EntryPoint\",\"urlTemplate\":\"https:\\\/\\\/naturalpoland.com\\\/ko\\\/?s={search_term_string}\"},\"query-input\":{\"@type\":\"PropertyValueSpecification\",\"valueRequired\":true,\"valueName\":\"search_term_string\"}}],\"inLanguage\":\"ko-KR\"},{\"@type\":\"Organization\",\"@id\":\"https:\\\/\\\/naturalpoland.com\\\/ko\\\/#organization\",\"name\":\"Natural Poland\",\"url\":\"https:\\\/\\\/naturalpoland.com\\\/ko\\\/\",\"logo\":{\"@type\":\"ImageObject\",\"inLanguage\":\"ko-KR\",\"@id\":\"https:\\\/\\\/naturalpoland.com\\\/ko\\\/#\\\/schema\\\/logo\\\/image\\\/\",\"url\":\"https:\\\/\\\/naturalpoland.com\\\/wp-content\\\/uploads\\\/2021\\\/05\\\/natural-poland-icon.png\",\"contentUrl\":\"https:\\\/\\\/naturalpoland.com\\\/wp-content\\\/uploads\\\/2021\\\/05\\\/natural-poland-icon.png\",\"width\":512,\"height\":512,\"caption\":\"Natural Poland\"},\"image\":{\"@id\":\"https:\\\/\\\/naturalpoland.com\\\/ko\\\/#\\\/schema\\\/logo\\\/image\\\/\"},\"sameAs\":[\"https:\\\/\\\/www.facebook.com\\\/naturalpoland.b2b\",\"https:\\\/\\\/pl.linkedin.com\\\/company\\\/natural-poland\",\"https:\\\/\\\/www.youtube.com\\\/channel\\\/UCgeGGkvOMahZo-xu_MSEWxg\"]}]}<\/script>\n<!-- \/ Yoast SEO plugin. -->","yoast_head_json":{"title":"NATURAL POLAND &#8211; Hurtowy Dystrybutor Surowc\u00f3w","description":"\ub2e4\ub9c8\uc2a4\ud06c \uc7a5\ubbf8 (Rosa damascena) \uc5d0\uc13c\uc15c \uc624\uc77c\uc740 \ub3c5\ud2b9\ud55c \ud5a5\uc73c\ub85c \uc778\ud574 \uc544\ub85c\ub9c8\ud14c\ub77c\ud53c \ubc0f \ud654\uc7a5\ud488 \ubd84\uc57c\uc5d0\uc11c \uc9c4\uc815\ud55c \uace0\uae09\ud488\uc73c\ub85c \uc5ec\uaca8\uc9d1\ub2c8\ub2e4.","robots":{"index":"index","follow":"follow","max-snippet":"max-snippet:-1","max-image-preview":"max-image-preview:large","max-video-preview":"max-video-preview:-1"},"canonical":"https:\/\/naturalpoland.com\/ko\/je-pum\/hwa-jang-pum-won-ryo\/e-sen-syeol-o-il\/%eb%8b%a4%eb%a7%88%ec%8a%a4%ed%81%ac-%ec%9e%a5%eb%af%b8-%ec%98%a4%ec%9d%bc\/","og_locale":"ko_KR","og_type":"article","og_description":"\ub2e4\ub9c8\uc2a4\ud06c \uc7a5\ubbf8 (Rosa damascena) \uc5d0\uc13c\uc15c \uc624\uc77c\uc740 \ub3c5\ud2b9\ud55c \ud5a5\uc73c\ub85c \uc778\ud574 \uc544\ub85c\ub9c8\ud14c\ub77c\ud53c \ubc0f \ud654\uc7a5\ud488 \ubd84\uc57c\uc5d0\uc11c \uc9c4\uc815\ud55c \uace0\uae09\ud488\uc73c\ub85c \uc5ec\uaca8\uc9d1\ub2c8\ub2e4.","og_url":"https:\/\/naturalpoland.com\/ko\/je-pum\/hwa-jang-pum-won-ryo\/e-sen-syeol-o-il\/%eb%8b%a4%eb%a7%88%ec%8a%a4%ed%81%ac-%ec%9e%a5%eb%af%b8-%ec%98%a4%ec%9d%bc\/","og_site_name":"NATURAL POLAND - Hurtowy Dystrybutor Surowc\u00f3w","article_publisher":"https:\/\/www.facebook.com\/naturalpoland.b2b","article_modified_time":"2025-09-30T10:07:13+00:00","og_image":[{"width":426,"height":426,"url":"https:\/\/naturalpoland.com\/wp-content\/uploads\/olejek-z-rozy-damascenskiej.webp","type":"image\/webp"}],"schema":{"@context":"https:\/\/schema.org","@graph":[{"@type":"WebPage","@id":"https:\/\/naturalpoland.com\/ko\/je-pum\/hwa-jang-pum-won-ryo\/e-sen-syeol-o-il\/%eb%8b%a4%eb%a7%88%ec%8a%a4%ed%81%ac-%ec%9e%a5%eb%af%b8-%ec%98%a4%ec%9d%bc\/","url":"https:\/\/naturalpoland.com\/ko\/je-pum\/hwa-jang-pum-won-ryo\/e-sen-syeol-o-il\/%eb%8b%a4%eb%a7%88%ec%8a%a4%ed%81%ac-%ec%9e%a5%eb%af%b8-%ec%98%a4%ec%9d%bc\/","name":"","isPartOf":{"@id":"https:\/\/naturalpoland.com\/ko\/#website"},"primaryImageOfPage":{"@id":"https:\/\/naturalpoland.com\/ko\/je-pum\/hwa-jang-pum-won-ryo\/e-sen-syeol-o-il\/%eb%8b%a4%eb%a7%88%ec%8a%a4%ed%81%ac-%ec%9e%a5%eb%af%b8-%ec%98%a4%ec%9d%bc\/#primaryimage"},"image":{"@id":"https:\/\/naturalpoland.com\/ko\/je-pum\/hwa-jang-pum-won-ryo\/e-sen-syeol-o-il\/%eb%8b%a4%eb%a7%88%ec%8a%a4%ed%81%ac-%ec%9e%a5%eb%af%b8-%ec%98%a4%ec%9d%bc\/#primaryimage"},"thumbnailUrl":"https:\/\/naturalpoland.com\/wp-content\/uploads\/olejek-z-rozy-damascenskiej.webp","datePublished":"2024-10-21T12:02:07+00:00","dateModified":"2025-09-30T10:07:13+00:00","description":"\ub2e4\ub9c8\uc2a4\ud06c \uc7a5\ubbf8 (Rosa damascena) \uc5d0\uc13c\uc15c \uc624\uc77c\uc740 \ub3c5\ud2b9\ud55c \ud5a5\uc73c\ub85c \uc778\ud574 \uc544\ub85c\ub9c8\ud14c\ub77c\ud53c \ubc0f \ud654\uc7a5\ud488 \ubd84\uc57c\uc5d0\uc11c \uc9c4\uc815\ud55c \uace0\uae09\ud488\uc73c\ub85c \uc5ec\uaca8\uc9d1\ub2c8\ub2e4.","breadcrumb":{"@id":"https:\/\/naturalpoland.com\/ko\/je-pum\/hwa-jang-pum-won-ryo\/e-sen-syeol-o-il\/%eb%8b%a4%eb%a7%88%ec%8a%a4%ed%81%ac-%ec%9e%a5%eb%af%b8-%ec%98%a4%ec%9d%bc\/#breadcrumb"},"inLanguage":"ko-KR","potentialAction":[{"@type":"ReadAction","target":["https:\/\/naturalpoland.com\/ko\/je-pum\/hwa-jang-pum-won-ryo\/e-sen-syeol-o-il\/%eb%8b%a4%eb%a7%88%ec%8a%a4%ed%81%ac-%ec%9e%a5%eb%af%b8-%ec%98%a4%ec%9d%bc\/"]}]},{"@type":"ImageObject","inLanguage":"ko-KR","@id":"https:\/\/naturalpoland.com\/ko\/je-pum\/hwa-jang-pum-won-ryo\/e-sen-syeol-o-il\/%eb%8b%a4%eb%a7%88%ec%8a%a4%ed%81%ac-%ec%9e%a5%eb%af%b8-%ec%98%a4%ec%9d%bc\/#primaryimage","url":"https:\/\/naturalpoland.com\/wp-content\/uploads\/olejek-z-rozy-damascenskiej.webp","contentUrl":"https:\/\/naturalpoland.com\/wp-content\/uploads\/olejek-z-rozy-damascenskiej.webp","width":426,"height":426,"caption":"\ub2e4\ub9c8\uc2a4\ud06c \uc7a5\ubbf8 (Rosa damascena) \uc5d0\uc13c\uc15c \uc624\uc77c"},{"@type":"BreadcrumbList","@id":"https:\/\/naturalpoland.com\/ko\/je-pum\/hwa-jang-pum-won-ryo\/e-sen-syeol-o-il\/%eb%8b%a4%eb%a7%88%ec%8a%a4%ed%81%ac-%ec%9e%a5%eb%af%b8-%ec%98%a4%ec%9d%bc\/#breadcrumb","itemListElement":[{"@type":"ListItem","position":1,"name":"\ud648","item":"https:\/\/naturalpoland.com\/ko\/"},{"@type":"ListItem","position":2,"name":"\uc81c\ud488","item":"https:\/\/naturalpoland.com\/ko\/%ec%a0%9c%ed%92%88\/"},{"@type":"ListItem","position":3,"name":"\ub2e4\ub9c8\uc2a4\ud06c \uc7a5\ubbf8 \uc624\uc77c"}]},{"@type":"WebSite","@id":"https:\/\/naturalpoland.com\/ko\/#website","url":"https:\/\/naturalpoland.com\/ko\/","name":"NATURAL POLAND - Hurtowy Dystrybutor Surowc\u00f3w","description":"Surowce dla przemys\u0142u spo\u017cywczego, kosmetycznego i farmaceutycznego","publisher":{"@id":"https:\/\/naturalpoland.com\/ko\/#organization"},"potentialAction":[{"@type":"SearchAction","target":{"@type":"EntryPoint","urlTemplate":"https:\/\/naturalpoland.com\/ko\/?s={search_term_string}"},"query-input":{"@type":"PropertyValueSpecification","valueRequired":true,"valueName":"search_term_string"}}],"inLanguage":"ko-KR"},{"@type":"Organization","@id":"https:\/\/naturalpoland.com\/ko\/#organization","name":"Natural Poland","url":"https:\/\/naturalpoland.com\/ko\/","logo":{"@type":"ImageObject","inLanguage":"ko-KR","@id":"https:\/\/naturalpoland.com\/ko\/#\/schema\/logo\/image\/","url":"https:\/\/naturalpoland.com\/wp-content\/uploads\/2021\/05\/natural-poland-icon.png","contentUrl":"https:\/\/naturalpoland.com\/wp-content\/uploads\/2021\/05\/natural-poland-icon.png","width":512,"height":512,"caption":"Natural Poland"},"image":{"@id":"https:\/\/naturalpoland.com\/ko\/#\/schema\/logo\/image\/"},"sameAs":["https:\/\/www.facebook.com\/naturalpoland.b2b","https:\/\/pl.linkedin.com\/company\/natural-poland","https:\/\/www.youtube.com\/channel\/UCgeGGkvOMahZo-xu_MSEWxg"]}]}},"_links":{"self":[{"href":"https:\/\/naturalpoland.com\/ko\/wp-json\/wp\/v2\/product\/43489","targetHints":{"allow":["GET"]}}],"collection":[{"href":"https:\/\/naturalpoland.com\/ko\/wp-json\/wp\/v2\/product"}],"about":[{"href":"https:\/\/naturalpoland.com\/ko\/wp-json\/wp\/v2\/types\/product"}],"wp:featuredmedia":[{"embeddable":true,"href":"https:\/\/naturalpoland.com\/ko\/wp-json\/wp\/v2\/media\/43490"}],"wp:attachment":[{"href":"https:\/\/naturalpoland.com\/ko\/wp-json\/wp\/v2\/media?parent=43489"}],"wp:term":[{"taxonomy":"product_brand","embeddable":true,"href":"https:\/\/naturalpoland.com\/ko\/wp-json\/wp\/v2\/product_brand?post=43489"},{"taxonomy":"product_cat","embeddable":true,"href":"https:\/\/naturalpoland.com\/ko\/wp-json\/wp\/v2\/product_cat?post=43489"},{"taxonomy":"product_tag","embeddable":true,"href":"https:\/\/naturalpoland.com\/ko\/wp-json\/wp\/v2\/product_tag?post=43489"}],"curies":[{"name":"wp","href":"https:\/\/api.w.org\/{rel}","templated":true}]}}