{"id":43491,"date":"2025-02-26T14:14:18","date_gmt":"2025-02-26T13:14:18","guid":{"rendered":"https:\/\/naturalpoland.com\/produkty\/uncategorized\/%ec%98%a4%eb%a0%88%ea%b0%80%eb%85%b8-%ec%98%a4%ec%9d%bc\/"},"modified":"2025-09-30T12:07:16","modified_gmt":"2025-09-30T10:07:16","slug":"%ec%98%a4%eb%a0%88%ea%b0%80%eb%85%b8-%ec%98%a4%ec%9d%bc","status":"publish","type":"product","link":"https:\/\/naturalpoland.com\/ko\/je-pum\/hwa-jang-pum-won-ryo\/e-sen-syeol-o-il\/%ec%98%a4%eb%a0%88%ea%b0%80%eb%85%b8-%ec%98%a4%ec%9d%bc\/","title":{"rendered":"\uc624\ub808\uac00\ub178 \uc624\uc77c"},"content":{"rendered":"<p>\uc624\ub808\uac00\ub178 \uc5d0\uc13c\uc15c \uc624\uc77c\uc740 \uac15\ub825\ud55c \ud56d\uade0, \ud56d\ubc14\uc774\ub7ec\uc2a4 \ubc0f \ud56d\uc9c4\uade0 \ud2b9\uc131\uc73c\ub85c \uc798 \uc54c\ub824\uc838 \uc788\uc2b5\ub2c8\ub2e4. \ub192\uc740 <strong>\uce74\ub974\ubc14\ud06c\ub864<\/strong>\uacfc <strong>\ud2f0\ubab0<\/strong> \ud568\ub7c9 \ub355\ubd84\uc5d0 \ucc9c\uc5f0 \ud56d\uc0dd\uc81c\ub85c \uac04\uc8fc\ub429\ub2c8\ub2e4. \uc544\ub85c\ub9c8\ud14c\ub77c\ud53c \ubc0f \ud761\uc785\uc5d0 \uc0ac\uc6a9\ub420 \uacbd\uc6b0 \ud638\ud761\uae30 \uac10\uc5fc \ubc0f \uc18c\ud654 \ubb38\uc81c\uc5d0 \ub300\ud55c \ud56d\uc5fc \ubc0f \uce58\ub8cc \ud6a8\uacfc\uac00 \uc788\uc2b5\ub2c8\ub2e4. \ub610\ud55c \uac10\uae30, \uae30\uce68 \ubc0f \uc778\ud6c4\ud1b5 \uc99d\uc0c1 \uc644\ud654\uc5d0\ub3c4 \ud6a8\uacfc\uc801\uc785\ub2c8\ub2e4.   <\/p>\n<p>\ud654\uc7a5\ud488 \uc0b0\uc5c5\uc5d0\uc11c \uc624\ub808\uac00\ub178 \uc624\uc77c\uc740 \uc5ec\ub4dc\ub984, \uc5fc\uc99d \ubc0f \uc2ec\uc9c0\uc5b4 \ud53c\ubd80 \uc9c4\uade0\uc99d \uce58\ub8cc\uc6a9 \ud654\uc7a5\ud488\uc758 \uc815\ud654 \ubc0f \uc0b4\uade0\uc81c\ub85c \uc0ac\uc6a9\ub429\ub2c8\ub2e4.<\/p>\n<p>\ud65c\uc131 \uc131\ubd84\uc758 \ub18d\ub3c4\uac00 \ub192\uc73c\ubbc0\ub85c \uc624\ub808\uac00\ub178 \uc624\uc77c\uc740 \ud76c\uc11d\ud558\uc5ec \uc0ac\uc6a9\ud574\uc57c \ud569\ub2c8\ub2e4. \ud53c\ubd80 \uad00\ub9ac\ub97c \uc704\ud55c \ubca0\uc774\uc2a4 \uc624\uc77c\uc5d0 \ucca8\uac00\ud558\uac70\ub098 \ud638\ud761\uae30 \uc2dc\uc2a4\ud15c \uc9c0\uc6d0\uc744 \uc704\ud574 \ud761\uc785 \ubc0f \ud655\uc0b0\uc5d0 \uc0ac\uc6a9\ud560 \uc218 \uc788\uc2b5\ub2c8\ub2e4. <\/p>\n","protected":false},"excerpt":{"rendered":"<p><strong>\uc624\ub808\uac00\ub178 \uc5d0\uc13c\uc15c \uc624\uc77c<\/strong>\uc740 \uc624\ub808\uac00\ub178(<em><strong data-start=\"28\" data-end=\"48\">Origanum vulgare<\/strong><\/em>)\uc758 \uc78e\uacfc \uaf43\uc5d0\uc11c \uc99d\uae30 \uc99d\ub958\ubc95\uc73c\ub85c \ucd94\ucd9c\ub429\ub2c8\ub2e4. \uac15\ub82c\ud558\uace0 \ud5c8\ube0c\ud5a5\uc774 \ub098\uba70 \uc57d\uac04 \ub9e4\uc6b4 \ud5a5\uc774 \ub098\uba70 \uc2dc\uc911\uc5d0\uc11c \uad6c\ud560 \uc218 \uc788\ub294 \uac00\uc7a5 \uac15\ub825\ud55c \ucc9c\uc5f0 \uc624\uc77c \uc911 \ud558\ub098\uc785\ub2c8\ub2e4. <\/p>\n","protected":false},"featured_media":43492,"template":"","meta":[],"product_brand":[],"product_cat":[8155],"product_tag":[],"class_list":{"0":"post-43491","1":"product","2":"type-product","3":"status-publish","4":"has-post-thumbnail","6":"product_cat-e-sen-syeol-o-il","8":"first","9":"instock","10":"shipping-taxable","11":"product-type-simple"},"yoast_head":"<!-- This site is optimized with the Yoast SEO plugin v27.3 - https:\/\/yoast.com\/product\/yoast-seo-wordpress\/ -->\n<title>\uc624\ub808\uac00\ub178 \uc624\uc77c - Hurtowy Dystrybutor<\/title>\n<meta name=\"description\" content=\"\uc624\ub808\uac00\ub178 \uc5d0\uc13c\uc15c \uc624\uc77c\uc740 \ud56d\uade0, \ud56d\ubc14\uc774\ub7ec\uc2a4 \ubc0f \ud56d\uc9c4\uade0 \ud2b9\uc131\uc744 \uc9c0\ub2cc \uac00\uc7a5 \uac15\ub825\ud55c \ucc9c\uc5f0 \uc624\uc77c \uc911 \ud558\ub098\uc785\ub2c8\ub2e4.\" \/>\n<meta name=\"robots\" content=\"index, follow, max-snippet:-1, max-image-preview:large, max-video-preview:-1\" \/>\n<link rel=\"canonical\" href=\"https:\/\/naturalpoland.com\/ko\/je-pum\/hwa-jang-pum-won-ryo\/e-sen-syeol-o-il\/%ec%98%a4%eb%a0%88%ea%b0%80%eb%85%b8-%ec%98%a4%ec%9d%bc\/\" \/>\n<meta property=\"og:locale\" content=\"ko_KR\" \/>\n<meta property=\"og:type\" content=\"article\" \/>\n<meta property=\"og:title\" content=\"\uc624\ub808\uac00\ub178 \uc624\uc77c - Hurtowy Dystrybutor\" \/>\n<meta property=\"og:description\" content=\"\uc624\ub808\uac00\ub178 \uc5d0\uc13c\uc15c \uc624\uc77c\uc740 \ud56d\uade0, \ud56d\ubc14\uc774\ub7ec\uc2a4 \ubc0f \ud56d\uc9c4\uade0 \ud2b9\uc131\uc744 \uc9c0\ub2cc \uac00\uc7a5 \uac15\ub825\ud55c \ucc9c\uc5f0 \uc624\uc77c \uc911 \ud558\ub098\uc785\ub2c8\ub2e4.\" \/>\n<meta property=\"og:url\" content=\"https:\/\/naturalpoland.com\/ko\/je-pum\/hwa-jang-pum-won-ryo\/e-sen-syeol-o-il\/%ec%98%a4%eb%a0%88%ea%b0%80%eb%85%b8-%ec%98%a4%ec%9d%bc\/\" \/>\n<meta property=\"og:site_name\" content=\"NATURAL POLAND - Hurtowy Dystrybutor Surowc\u00f3w\" \/>\n<meta property=\"article:publisher\" content=\"https:\/\/www.facebook.com\/naturalpoland.b2b\" \/>\n<meta property=\"article:modified_time\" content=\"2025-09-30T10:07:16+00:00\" \/>\n<meta property=\"og:image\" content=\"https:\/\/naturalpoland.com\/wp-content\/uploads\/olejek-eteryczny-z-oregano.webp\" \/>\n\t<meta property=\"og:image:width\" content=\"826\" \/>\n\t<meta property=\"og:image:height\" content=\"826\" \/>\n\t<meta property=\"og:image:type\" content=\"image\/webp\" \/>\n<script type=\"application\/ld+json\" class=\"yoast-schema-graph\">{\"@context\":\"https:\\\/\\\/schema.org\",\"@graph\":[{\"@type\":\"WebPage\",\"@id\":\"https:\\\/\\\/naturalpoland.com\\\/ko\\\/je-pum\\\/hwa-jang-pum-won-ryo\\\/e-sen-syeol-o-il\\\/%ec%98%a4%eb%a0%88%ea%b0%80%eb%85%b8-%ec%98%a4%ec%9d%bc\\\/\",\"url\":\"https:\\\/\\\/naturalpoland.com\\\/ko\\\/je-pum\\\/hwa-jang-pum-won-ryo\\\/e-sen-syeol-o-il\\\/%ec%98%a4%eb%a0%88%ea%b0%80%eb%85%b8-%ec%98%a4%ec%9d%bc\\\/\",\"name\":\"\uc624\ub808\uac00\ub178 \uc624\uc77c - Hurtowy Dystrybutor\",\"isPartOf\":{\"@id\":\"https:\\\/\\\/naturalpoland.com\\\/ko\\\/#website\"},\"primaryImageOfPage\":{\"@id\":\"https:\\\/\\\/naturalpoland.com\\\/ko\\\/je-pum\\\/hwa-jang-pum-won-ryo\\\/e-sen-syeol-o-il\\\/%ec%98%a4%eb%a0%88%ea%b0%80%eb%85%b8-%ec%98%a4%ec%9d%bc\\\/#primaryimage\"},\"image\":{\"@id\":\"https:\\\/\\\/naturalpoland.com\\\/ko\\\/je-pum\\\/hwa-jang-pum-won-ryo\\\/e-sen-syeol-o-il\\\/%ec%98%a4%eb%a0%88%ea%b0%80%eb%85%b8-%ec%98%a4%ec%9d%bc\\\/#primaryimage\"},\"thumbnailUrl\":\"https:\\\/\\\/naturalpoland.com\\\/wp-content\\\/uploads\\\/olejek-eteryczny-z-oregano.webp\",\"datePublished\":\"2025-02-26T13:14:18+00:00\",\"dateModified\":\"2025-09-30T10:07:16+00:00\",\"description\":\"\uc624\ub808\uac00\ub178 \uc5d0\uc13c\uc15c \uc624\uc77c\uc740 \ud56d\uade0, \ud56d\ubc14\uc774\ub7ec\uc2a4 \ubc0f \ud56d\uc9c4\uade0 \ud2b9\uc131\uc744 \uc9c0\ub2cc \uac00\uc7a5 \uac15\ub825\ud55c \ucc9c\uc5f0 \uc624\uc77c \uc911 \ud558\ub098\uc785\ub2c8\ub2e4.\",\"breadcrumb\":{\"@id\":\"https:\\\/\\\/naturalpoland.com\\\/ko\\\/je-pum\\\/hwa-jang-pum-won-ryo\\\/e-sen-syeol-o-il\\\/%ec%98%a4%eb%a0%88%ea%b0%80%eb%85%b8-%ec%98%a4%ec%9d%bc\\\/#breadcrumb\"},\"inLanguage\":\"ko-KR\",\"potentialAction\":[{\"@type\":\"ReadAction\",\"target\":[\"https:\\\/\\\/naturalpoland.com\\\/ko\\\/je-pum\\\/hwa-jang-pum-won-ryo\\\/e-sen-syeol-o-il\\\/%ec%98%a4%eb%a0%88%ea%b0%80%eb%85%b8-%ec%98%a4%ec%9d%bc\\\/\"]}]},{\"@type\":\"ImageObject\",\"inLanguage\":\"ko-KR\",\"@id\":\"https:\\\/\\\/naturalpoland.com\\\/ko\\\/je-pum\\\/hwa-jang-pum-won-ryo\\\/e-sen-syeol-o-il\\\/%ec%98%a4%eb%a0%88%ea%b0%80%eb%85%b8-%ec%98%a4%ec%9d%bc\\\/#primaryimage\",\"url\":\"https:\\\/\\\/naturalpoland.com\\\/wp-content\\\/uploads\\\/olejek-eteryczny-z-oregano.webp\",\"contentUrl\":\"https:\\\/\\\/naturalpoland.com\\\/wp-content\\\/uploads\\\/olejek-eteryczny-z-oregano.webp\",\"width\":826,\"height\":826,\"caption\":\"\uc624\ub808\uac00\ub178 \uc5d0\uc13c\uc15c \uc624\uc77c\"},{\"@type\":\"BreadcrumbList\",\"@id\":\"https:\\\/\\\/naturalpoland.com\\\/ko\\\/je-pum\\\/hwa-jang-pum-won-ryo\\\/e-sen-syeol-o-il\\\/%ec%98%a4%eb%a0%88%ea%b0%80%eb%85%b8-%ec%98%a4%ec%9d%bc\\\/#breadcrumb\",\"itemListElement\":[{\"@type\":\"ListItem\",\"position\":1,\"name\":\"\ud648\",\"item\":\"https:\\\/\\\/naturalpoland.com\\\/ko\\\/\"},{\"@type\":\"ListItem\",\"position\":2,\"name\":\"\uc81c\ud488\",\"item\":\"https:\\\/\\\/naturalpoland.com\\\/ko\\\/%ec%a0%9c%ed%92%88\\\/\"},{\"@type\":\"ListItem\",\"position\":3,\"name\":\"\uc624\ub808\uac00\ub178 \uc624\uc77c\"}]},{\"@type\":\"WebSite\",\"@id\":\"https:\\\/\\\/naturalpoland.com\\\/ko\\\/#website\",\"url\":\"https:\\\/\\\/naturalpoland.com\\\/ko\\\/\",\"name\":\"NATURAL POLAND - Hurtowy Dystrybutor Surowc\u00f3w\",\"description\":\"Surowce dla przemys\u0142u spo\u017cywczego, kosmetycznego i farmaceutycznego\",\"publisher\":{\"@id\":\"https:\\\/\\\/naturalpoland.com\\\/ko\\\/#organization\"},\"potentialAction\":[{\"@type\":\"SearchAction\",\"target\":{\"@type\":\"EntryPoint\",\"urlTemplate\":\"https:\\\/\\\/naturalpoland.com\\\/ko\\\/?s={search_term_string}\"},\"query-input\":{\"@type\":\"PropertyValueSpecification\",\"valueRequired\":true,\"valueName\":\"search_term_string\"}}],\"inLanguage\":\"ko-KR\"},{\"@type\":\"Organization\",\"@id\":\"https:\\\/\\\/naturalpoland.com\\\/ko\\\/#organization\",\"name\":\"Natural Poland\",\"url\":\"https:\\\/\\\/naturalpoland.com\\\/ko\\\/\",\"logo\":{\"@type\":\"ImageObject\",\"inLanguage\":\"ko-KR\",\"@id\":\"https:\\\/\\\/naturalpoland.com\\\/ko\\\/#\\\/schema\\\/logo\\\/image\\\/\",\"url\":\"https:\\\/\\\/naturalpoland.com\\\/wp-content\\\/uploads\\\/2021\\\/05\\\/natural-poland-icon.png\",\"contentUrl\":\"https:\\\/\\\/naturalpoland.com\\\/wp-content\\\/uploads\\\/2021\\\/05\\\/natural-poland-icon.png\",\"width\":512,\"height\":512,\"caption\":\"Natural Poland\"},\"image\":{\"@id\":\"https:\\\/\\\/naturalpoland.com\\\/ko\\\/#\\\/schema\\\/logo\\\/image\\\/\"},\"sameAs\":[\"https:\\\/\\\/www.facebook.com\\\/naturalpoland.b2b\",\"https:\\\/\\\/pl.linkedin.com\\\/company\\\/natural-poland\",\"https:\\\/\\\/www.youtube.com\\\/channel\\\/UCgeGGkvOMahZo-xu_MSEWxg\"]}]}<\/script>\n<!-- \/ Yoast SEO plugin. -->","yoast_head_json":{"title":"\uc624\ub808\uac00\ub178 \uc624\uc77c - Hurtowy Dystrybutor","description":"\uc624\ub808\uac00\ub178 \uc5d0\uc13c\uc15c \uc624\uc77c\uc740 \ud56d\uade0, \ud56d\ubc14\uc774\ub7ec\uc2a4 \ubc0f \ud56d\uc9c4\uade0 \ud2b9\uc131\uc744 \uc9c0\ub2cc \uac00\uc7a5 \uac15\ub825\ud55c \ucc9c\uc5f0 \uc624\uc77c \uc911 \ud558\ub098\uc785\ub2c8\ub2e4.","robots":{"index":"index","follow":"follow","max-snippet":"max-snippet:-1","max-image-preview":"max-image-preview:large","max-video-preview":"max-video-preview:-1"},"canonical":"https:\/\/naturalpoland.com\/ko\/je-pum\/hwa-jang-pum-won-ryo\/e-sen-syeol-o-il\/%ec%98%a4%eb%a0%88%ea%b0%80%eb%85%b8-%ec%98%a4%ec%9d%bc\/","og_locale":"ko_KR","og_type":"article","og_title":"\uc624\ub808\uac00\ub178 \uc624\uc77c - Hurtowy Dystrybutor","og_description":"\uc624\ub808\uac00\ub178 \uc5d0\uc13c\uc15c \uc624\uc77c\uc740 \ud56d\uade0, \ud56d\ubc14\uc774\ub7ec\uc2a4 \ubc0f \ud56d\uc9c4\uade0 \ud2b9\uc131\uc744 \uc9c0\ub2cc \uac00\uc7a5 \uac15\ub825\ud55c \ucc9c\uc5f0 \uc624\uc77c \uc911 \ud558\ub098\uc785\ub2c8\ub2e4.","og_url":"https:\/\/naturalpoland.com\/ko\/je-pum\/hwa-jang-pum-won-ryo\/e-sen-syeol-o-il\/%ec%98%a4%eb%a0%88%ea%b0%80%eb%85%b8-%ec%98%a4%ec%9d%bc\/","og_site_name":"NATURAL POLAND - Hurtowy Dystrybutor Surowc\u00f3w","article_publisher":"https:\/\/www.facebook.com\/naturalpoland.b2b","article_modified_time":"2025-09-30T10:07:16+00:00","og_image":[{"width":826,"height":826,"url":"https:\/\/naturalpoland.com\/wp-content\/uploads\/olejek-eteryczny-z-oregano.webp","type":"image\/webp"}],"schema":{"@context":"https:\/\/schema.org","@graph":[{"@type":"WebPage","@id":"https:\/\/naturalpoland.com\/ko\/je-pum\/hwa-jang-pum-won-ryo\/e-sen-syeol-o-il\/%ec%98%a4%eb%a0%88%ea%b0%80%eb%85%b8-%ec%98%a4%ec%9d%bc\/","url":"https:\/\/naturalpoland.com\/ko\/je-pum\/hwa-jang-pum-won-ryo\/e-sen-syeol-o-il\/%ec%98%a4%eb%a0%88%ea%b0%80%eb%85%b8-%ec%98%a4%ec%9d%bc\/","name":"\uc624\ub808\uac00\ub178 \uc624\uc77c - Hurtowy Dystrybutor","isPartOf":{"@id":"https:\/\/naturalpoland.com\/ko\/#website"},"primaryImageOfPage":{"@id":"https:\/\/naturalpoland.com\/ko\/je-pum\/hwa-jang-pum-won-ryo\/e-sen-syeol-o-il\/%ec%98%a4%eb%a0%88%ea%b0%80%eb%85%b8-%ec%98%a4%ec%9d%bc\/#primaryimage"},"image":{"@id":"https:\/\/naturalpoland.com\/ko\/je-pum\/hwa-jang-pum-won-ryo\/e-sen-syeol-o-il\/%ec%98%a4%eb%a0%88%ea%b0%80%eb%85%b8-%ec%98%a4%ec%9d%bc\/#primaryimage"},"thumbnailUrl":"https:\/\/naturalpoland.com\/wp-content\/uploads\/olejek-eteryczny-z-oregano.webp","datePublished":"2025-02-26T13:14:18+00:00","dateModified":"2025-09-30T10:07:16+00:00","description":"\uc624\ub808\uac00\ub178 \uc5d0\uc13c\uc15c \uc624\uc77c\uc740 \ud56d\uade0, \ud56d\ubc14\uc774\ub7ec\uc2a4 \ubc0f \ud56d\uc9c4\uade0 \ud2b9\uc131\uc744 \uc9c0\ub2cc \uac00\uc7a5 \uac15\ub825\ud55c \ucc9c\uc5f0 \uc624\uc77c \uc911 \ud558\ub098\uc785\ub2c8\ub2e4.","breadcrumb":{"@id":"https:\/\/naturalpoland.com\/ko\/je-pum\/hwa-jang-pum-won-ryo\/e-sen-syeol-o-il\/%ec%98%a4%eb%a0%88%ea%b0%80%eb%85%b8-%ec%98%a4%ec%9d%bc\/#breadcrumb"},"inLanguage":"ko-KR","potentialAction":[{"@type":"ReadAction","target":["https:\/\/naturalpoland.com\/ko\/je-pum\/hwa-jang-pum-won-ryo\/e-sen-syeol-o-il\/%ec%98%a4%eb%a0%88%ea%b0%80%eb%85%b8-%ec%98%a4%ec%9d%bc\/"]}]},{"@type":"ImageObject","inLanguage":"ko-KR","@id":"https:\/\/naturalpoland.com\/ko\/je-pum\/hwa-jang-pum-won-ryo\/e-sen-syeol-o-il\/%ec%98%a4%eb%a0%88%ea%b0%80%eb%85%b8-%ec%98%a4%ec%9d%bc\/#primaryimage","url":"https:\/\/naturalpoland.com\/wp-content\/uploads\/olejek-eteryczny-z-oregano.webp","contentUrl":"https:\/\/naturalpoland.com\/wp-content\/uploads\/olejek-eteryczny-z-oregano.webp","width":826,"height":826,"caption":"\uc624\ub808\uac00\ub178 \uc5d0\uc13c\uc15c \uc624\uc77c"},{"@type":"BreadcrumbList","@id":"https:\/\/naturalpoland.com\/ko\/je-pum\/hwa-jang-pum-won-ryo\/e-sen-syeol-o-il\/%ec%98%a4%eb%a0%88%ea%b0%80%eb%85%b8-%ec%98%a4%ec%9d%bc\/#breadcrumb","itemListElement":[{"@type":"ListItem","position":1,"name":"\ud648","item":"https:\/\/naturalpoland.com\/ko\/"},{"@type":"ListItem","position":2,"name":"\uc81c\ud488","item":"https:\/\/naturalpoland.com\/ko\/%ec%a0%9c%ed%92%88\/"},{"@type":"ListItem","position":3,"name":"\uc624\ub808\uac00\ub178 \uc624\uc77c"}]},{"@type":"WebSite","@id":"https:\/\/naturalpoland.com\/ko\/#website","url":"https:\/\/naturalpoland.com\/ko\/","name":"NATURAL POLAND - Hurtowy Dystrybutor Surowc\u00f3w","description":"Surowce dla przemys\u0142u spo\u017cywczego, kosmetycznego i farmaceutycznego","publisher":{"@id":"https:\/\/naturalpoland.com\/ko\/#organization"},"potentialAction":[{"@type":"SearchAction","target":{"@type":"EntryPoint","urlTemplate":"https:\/\/naturalpoland.com\/ko\/?s={search_term_string}"},"query-input":{"@type":"PropertyValueSpecification","valueRequired":true,"valueName":"search_term_string"}}],"inLanguage":"ko-KR"},{"@type":"Organization","@id":"https:\/\/naturalpoland.com\/ko\/#organization","name":"Natural Poland","url":"https:\/\/naturalpoland.com\/ko\/","logo":{"@type":"ImageObject","inLanguage":"ko-KR","@id":"https:\/\/naturalpoland.com\/ko\/#\/schema\/logo\/image\/","url":"https:\/\/naturalpoland.com\/wp-content\/uploads\/2021\/05\/natural-poland-icon.png","contentUrl":"https:\/\/naturalpoland.com\/wp-content\/uploads\/2021\/05\/natural-poland-icon.png","width":512,"height":512,"caption":"Natural Poland"},"image":{"@id":"https:\/\/naturalpoland.com\/ko\/#\/schema\/logo\/image\/"},"sameAs":["https:\/\/www.facebook.com\/naturalpoland.b2b","https:\/\/pl.linkedin.com\/company\/natural-poland","https:\/\/www.youtube.com\/channel\/UCgeGGkvOMahZo-xu_MSEWxg"]}]}},"_links":{"self":[{"href":"https:\/\/naturalpoland.com\/ko\/wp-json\/wp\/v2\/product\/43491","targetHints":{"allow":["GET"]}}],"collection":[{"href":"https:\/\/naturalpoland.com\/ko\/wp-json\/wp\/v2\/product"}],"about":[{"href":"https:\/\/naturalpoland.com\/ko\/wp-json\/wp\/v2\/types\/product"}],"wp:featuredmedia":[{"embeddable":true,"href":"https:\/\/naturalpoland.com\/ko\/wp-json\/wp\/v2\/media\/43492"}],"wp:attachment":[{"href":"https:\/\/naturalpoland.com\/ko\/wp-json\/wp\/v2\/media?parent=43491"}],"wp:term":[{"taxonomy":"product_brand","embeddable":true,"href":"https:\/\/naturalpoland.com\/ko\/wp-json\/wp\/v2\/product_brand?post=43491"},{"taxonomy":"product_cat","embeddable":true,"href":"https:\/\/naturalpoland.com\/ko\/wp-json\/wp\/v2\/product_cat?post=43491"},{"taxonomy":"product_tag","embeddable":true,"href":"https:\/\/naturalpoland.com\/ko\/wp-json\/wp\/v2\/product_tag?post=43491"}],"curies":[{"name":"wp","href":"https:\/\/api.w.org\/{rel}","templated":true}]}}