{"id":43493,"date":"2024-10-21T13:13:31","date_gmt":"2024-10-21T11:13:31","guid":{"rendered":"https:\/\/naturalpoland.com\/produkty\/uncategorized\/%ec%8a%a4%ec%9c%84%ed%8a%b8-%ec%98%a4%eb%a0%8c%ec%a7%80-%ec%98%a4%ec%9d%bc\/"},"modified":"2025-09-30T14:16:20","modified_gmt":"2025-09-30T12:16:20","slug":"%ec%8a%a4%ec%9c%84%ed%8a%b8-%ec%98%a4%eb%a0%8c%ec%a7%80-%ec%98%a4%ec%9d%bc","status":"publish","type":"product","link":"https:\/\/naturalpoland.com\/ko\/je-pum\/hwa-jang-pum-won-ryo\/e-sen-syeol-o-il\/%ec%8a%a4%ec%9c%84%ed%8a%b8-%ec%98%a4%eb%a0%8c%ec%a7%80-%ec%98%a4%ec%9d%bc\/","title":{"rendered":"\uc2a4\uc704\ud2b8 \uc624\ub80c\uc9c0 \uc624\uc77c"},"content":{"rendered":"<p>\uc2a4\uc704\ud2b8 \uc624\ub80c\uc9c0\ub294 \ud788\ub9d0\ub77c\uc57c\uc640 \uc911\uad6d \uc0ac\uc774 \uc9c0\uc5ed\uc774 \uc6d0\uc0b0\uc9c0\uc774\uba70, 15\uc138\uae30 \ud3ec\ub974\ud22c\uac08 \uc0c1\uc778\ub4e4\uc5d0 \uc758\ud574 \uc720\ub7fd\uc73c\ub85c \uc804\ud574\uc84c\uc2b5\ub2c8\ub2e4. \ud604\uc7ac\ub294 \uc804 \uc138\uacc4\uc801\uc73c\ub85c \ub110\ub9ac \uc7ac\ubc30\ub418\uace0 \uc788\uc73c\uba70, \uc8fc\ub85c \uacfc\uc77c\ubfd0\ub9cc \uc544\ub2c8\ub77c \ub2e4\uc591\ud55c \ubd84\uc57c\uc5d0\uc11c \ud65c\uc6a9\ub418\ub294 \uadc0\uc911\ud55c \uc5d0\uc13c\uc15c \uc624\uc77c\uc744 \uc5bb\uae30 \uc704\ud574 \uc7ac\ubc30\ub429\ub2c8\ub2e4. <\/p>\n<p>\uc544\ub85c\ub9c8\ud14c\ub77c\ud53c\ub294 \uc774 \uc624\uc77c\uc758 \ud65c\uc6a9 \ubd84\uc57c \uc911 \ud558\ub098\ub85c, \uac15\ub825\ud55c \uc9c4\uc815 \ubc0f \uc774\uc644 \ud6a8\uacfc\uac00 \uc788\uc2b5\ub2c8\ub2e4. \uc2e0\uacbd \uae34\uc7a5, \uc2a4\ud2b8\ub808\uc2a4, \ud53c\ub85c\ub97c \uc904\uc774\ub294 \ub370 \ub3c4\uc6c0\uc744 \uc90d\ub2c8\ub2e4. <\/p>\n<p>\uc2a4\uc704\ud2b8 \uc624\ub80c\uc9c0 \uc624\uc77c\uc740 \ud56d\uade0 \ubc0f \uc0b4\uade0 \ud2b9\uc131 \ub355\ubd84\uc5d0 \uc18c\ub3c5\uc81c \ubc0f \ud45c\uba74 \uc0b4\uade0\uc81c\uc5d0 \uc0ac\uc6a9\ub420 \uc218 \uc788\uc2b5\ub2c8\ub2e4. \ub610\ud55c \uacf5\uae30\ub97c \uc0c1\ucf8c\ud558\uac8c \ud558\uace0 \ubc15\ud14c\ub9ac\uc544, \ubc14\uc774\ub7ec\uc2a4 \ubc0f \uacf0\ud321\uc774\ub97c \uc911\ud654\ud558\ub294 \ub370 \ud6a8\uacfc\uc801\uc785\ub2c8\ub2e4. <\/p>\n<p>\ud654\uc7a5\ud488 \ubd84\uc57c\uc5d0\uc11c \uc624\ub80c\uc9c0 \uc624\uc77c\uc740 \ud53c\ubd80\uc5d0 \uc218\ub834 \ubc0f \ud1a0\ub2dd \ud6a8\uacfc\ub97c \uc81c\uacf5\ud569\ub2c8\ub2e4. \uacb0\ud569 \uc870\uc9c1\uc744 \uac15\ud654\ud558\uace0 \ud53c\ubd80 \uc7ac\uc0dd \uacfc\uc815\uc744 \ub3d5\uace0 \ud53c\ubd80\ub97c \ud0c4\ub825 \uc788\uac8c \ub9cc\ub4e4\uc5b4 \uc140\ub8f0\ub77c\uc774\ud2b8 \ud1f4\uce58\uc6a9 \ud654\uc7a5\ud488\uc5d0 \uc0ac\uc6a9\ub429\ub2c8\ub2e4. \ub610\ud55c \uc774 \uc624\uc77c\uc740 \ud56d\uc5fc \uc791\uc6a9\uc744 \ud558\uc5ec \uc0c1\ucc98\uc640 \ubc8c\ub808 \ubb3c\ub9b0 \uacf3\uc758 \uce58\uc720\ub97c \ucd09\uc9c4\ud569\ub2c8\ub2e4.  <\/p>\n<p>\ub9c8\uc0ac\uc9c0 \uc624\uc77c\uc5d0 \uc0ac\uc6a9\ub418\ub294 \uc624\ub80c\uc9c0 \uc624\uc77c\uc740 \uadfc\uc721 \uc774\uc644, \uacbd\ub828 \ubc0f \ud1b5\uc99d \uc644\ud654\uc5d0 \ub3c4\uc6c0\uc744 \uc8fc\uba70, \ubd80\ub4dc\ub7ec\uc6b4 \ubcf5\ubd80 \ub9c8\uc0ac\uc9c0\ub97c \ud1b5\ud574 \uc18c\ud654\ub97c \ub3d5\uc2b5\ub2c8\ub2e4.<\/p>\n<h3><\/h3>\n","protected":false},"excerpt":{"rendered":"<p><strong>\uc2a4\uc704\ud2b8 \uc624\ub80c\uc9c0 \uc5d0\uc13c\uc15c \uc624\uc77c<\/strong>(<em>Citrus sinensis<\/em>)\uc740 \uc2e0\uc120\ud55c \uc624\ub80c\uc9c0 \uaecd\uc9c8\uc744 \ub0c9\uc555\ucc29 \ubc29\uc2dd\uc73c\ub85c \ucd94\ucd9c\ud558\uc5ec \uc5bb\uc2b5\ub2c8\ub2e4. \ub2ec\ucf64\ud558\uace0 \uc2dc\ud2b8\ub7ec\uc2a4 \ud5a5\uc774 \ub098\uba70, \uc774 \ud5a5\uc740 \uae34\uc7a5\uc744 \uc644\ud654\ud558\uace0 \uae30\ubd84\uc744 \uc88b\uac8c \ud558\uba70 \uc0c1\ucf8c\ud568\uc744 \uc120\uc0ac\ud569\ub2c8\ub2e4. <\/p>\n<h3><\/h3>\n","protected":false},"featured_media":43495,"template":"","meta":[],"product_brand":[],"product_cat":[8155],"product_tag":[],"class_list":{"0":"post-43493","1":"product","2":"type-product","3":"status-publish","4":"has-post-thumbnail","6":"product_cat-e-sen-syeol-o-il","8":"first","9":"instock","10":"shipping-taxable","11":"product-type-simple"},"yoast_head":"<!-- This site is optimized with the Yoast SEO plugin v27.3 - https:\/\/yoast.com\/product\/yoast-seo-wordpress\/ -->\n<title>NATURAL POLAND &#8211; Hurtowy Dystrybutor Surowc\u00f3w<\/title>\n<meta name=\"description\" content=\"\uc2a4\uc704\ud2b8 \uc624\ub80c\uc9c0 \uc5d0\uc13c\uc15c \uc624\uc77c(Citrus sinensis)\uc740 \uac74\uac15 \ubc0f \ubbf8\uc6a9\uc5d0 \ub2e4\uc591\ud55c \uc774\uc810\uc744 \uc81c\uacf5\ud558\ub294 \ub2e4\uc6a9\ub3c4 \uc81c\ud488\uc785\ub2c8\ub2e4.\" \/>\n<meta name=\"robots\" content=\"index, follow, max-snippet:-1, max-image-preview:large, max-video-preview:-1\" \/>\n<link rel=\"canonical\" href=\"https:\/\/naturalpoland.com\/ko\/je-pum\/hwa-jang-pum-won-ryo\/e-sen-syeol-o-il\/%ec%8a%a4%ec%9c%84%ed%8a%b8-%ec%98%a4%eb%a0%8c%ec%a7%80-%ec%98%a4%ec%9d%bc\/\" \/>\n<meta property=\"og:locale\" content=\"ko_KR\" \/>\n<meta property=\"og:type\" content=\"article\" \/>\n<meta property=\"og:description\" content=\"\uc2a4\uc704\ud2b8 \uc624\ub80c\uc9c0 \uc5d0\uc13c\uc15c \uc624\uc77c(Citrus sinensis)\uc740 \uac74\uac15 \ubc0f \ubbf8\uc6a9\uc5d0 \ub2e4\uc591\ud55c \uc774\uc810\uc744 \uc81c\uacf5\ud558\ub294 \ub2e4\uc6a9\ub3c4 \uc81c\ud488\uc785\ub2c8\ub2e4.\" \/>\n<meta property=\"og:url\" content=\"https:\/\/naturalpoland.com\/ko\/je-pum\/hwa-jang-pum-won-ryo\/e-sen-syeol-o-il\/%ec%8a%a4%ec%9c%84%ed%8a%b8-%ec%98%a4%eb%a0%8c%ec%a7%80-%ec%98%a4%ec%9d%bc\/\" \/>\n<meta property=\"og:site_name\" content=\"NATURAL POLAND - Hurtowy Dystrybutor Surowc\u00f3w\" \/>\n<meta property=\"article:publisher\" content=\"https:\/\/www.facebook.com\/naturalpoland.b2b\" \/>\n<meta property=\"article:modified_time\" content=\"2025-09-30T12:16:20+00:00\" \/>\n<meta property=\"og:image\" content=\"https:\/\/naturalpoland.com\/wp-content\/uploads\/olejek-z-pomaranczy-chinskiej.webp\" \/>\n\t<meta property=\"og:image:width\" content=\"426\" \/>\n\t<meta property=\"og:image:height\" content=\"426\" \/>\n\t<meta property=\"og:image:type\" content=\"image\/webp\" \/>\n<script type=\"application\/ld+json\" class=\"yoast-schema-graph\">{\"@context\":\"https:\\\/\\\/schema.org\",\"@graph\":[{\"@type\":\"WebPage\",\"@id\":\"https:\\\/\\\/naturalpoland.com\\\/ko\\\/je-pum\\\/hwa-jang-pum-won-ryo\\\/e-sen-syeol-o-il\\\/%ec%8a%a4%ec%9c%84%ed%8a%b8-%ec%98%a4%eb%a0%8c%ec%a7%80-%ec%98%a4%ec%9d%bc\\\/\",\"url\":\"https:\\\/\\\/naturalpoland.com\\\/ko\\\/je-pum\\\/hwa-jang-pum-won-ryo\\\/e-sen-syeol-o-il\\\/%ec%8a%a4%ec%9c%84%ed%8a%b8-%ec%98%a4%eb%a0%8c%ec%a7%80-%ec%98%a4%ec%9d%bc\\\/\",\"name\":\"\",\"isPartOf\":{\"@id\":\"https:\\\/\\\/naturalpoland.com\\\/ko\\\/#website\"},\"primaryImageOfPage\":{\"@id\":\"https:\\\/\\\/naturalpoland.com\\\/ko\\\/je-pum\\\/hwa-jang-pum-won-ryo\\\/e-sen-syeol-o-il\\\/%ec%8a%a4%ec%9c%84%ed%8a%b8-%ec%98%a4%eb%a0%8c%ec%a7%80-%ec%98%a4%ec%9d%bc\\\/#primaryimage\"},\"image\":{\"@id\":\"https:\\\/\\\/naturalpoland.com\\\/ko\\\/je-pum\\\/hwa-jang-pum-won-ryo\\\/e-sen-syeol-o-il\\\/%ec%8a%a4%ec%9c%84%ed%8a%b8-%ec%98%a4%eb%a0%8c%ec%a7%80-%ec%98%a4%ec%9d%bc\\\/#primaryimage\"},\"thumbnailUrl\":\"https:\\\/\\\/naturalpoland.com\\\/wp-content\\\/uploads\\\/olejek-z-pomaranczy-chinskiej.webp\",\"datePublished\":\"2024-10-21T11:13:31+00:00\",\"dateModified\":\"2025-09-30T12:16:20+00:00\",\"description\":\"\uc2a4\uc704\ud2b8 \uc624\ub80c\uc9c0 \uc5d0\uc13c\uc15c \uc624\uc77c(Citrus sinensis)\uc740 \uac74\uac15 \ubc0f \ubbf8\uc6a9\uc5d0 \ub2e4\uc591\ud55c \uc774\uc810\uc744 \uc81c\uacf5\ud558\ub294 \ub2e4\uc6a9\ub3c4 \uc81c\ud488\uc785\ub2c8\ub2e4.\",\"breadcrumb\":{\"@id\":\"https:\\\/\\\/naturalpoland.com\\\/ko\\\/je-pum\\\/hwa-jang-pum-won-ryo\\\/e-sen-syeol-o-il\\\/%ec%8a%a4%ec%9c%84%ed%8a%b8-%ec%98%a4%eb%a0%8c%ec%a7%80-%ec%98%a4%ec%9d%bc\\\/#breadcrumb\"},\"inLanguage\":\"ko-KR\",\"potentialAction\":[{\"@type\":\"ReadAction\",\"target\":[\"https:\\\/\\\/naturalpoland.com\\\/ko\\\/je-pum\\\/hwa-jang-pum-won-ryo\\\/e-sen-syeol-o-il\\\/%ec%8a%a4%ec%9c%84%ed%8a%b8-%ec%98%a4%eb%a0%8c%ec%a7%80-%ec%98%a4%ec%9d%bc\\\/\"]}]},{\"@type\":\"ImageObject\",\"inLanguage\":\"ko-KR\",\"@id\":\"https:\\\/\\\/naturalpoland.com\\\/ko\\\/je-pum\\\/hwa-jang-pum-won-ryo\\\/e-sen-syeol-o-il\\\/%ec%8a%a4%ec%9c%84%ed%8a%b8-%ec%98%a4%eb%a0%8c%ec%a7%80-%ec%98%a4%ec%9d%bc\\\/#primaryimage\",\"url\":\"https:\\\/\\\/naturalpoland.com\\\/wp-content\\\/uploads\\\/olejek-z-pomaranczy-chinskiej.webp\",\"contentUrl\":\"https:\\\/\\\/naturalpoland.com\\\/wp-content\\\/uploads\\\/olejek-z-pomaranczy-chinskiej.webp\",\"width\":426,\"height\":426,\"caption\":\"\uc2a4\uc704\ud2b8 \uc624\ub80c\uc9c0 \uc5d0\uc13c\uc15c \uc624\uc77c(Citrus sinensis)\"},{\"@type\":\"BreadcrumbList\",\"@id\":\"https:\\\/\\\/naturalpoland.com\\\/ko\\\/je-pum\\\/hwa-jang-pum-won-ryo\\\/e-sen-syeol-o-il\\\/%ec%8a%a4%ec%9c%84%ed%8a%b8-%ec%98%a4%eb%a0%8c%ec%a7%80-%ec%98%a4%ec%9d%bc\\\/#breadcrumb\",\"itemListElement\":[{\"@type\":\"ListItem\",\"position\":1,\"name\":\"\ud648\",\"item\":\"https:\\\/\\\/naturalpoland.com\\\/ko\\\/\"},{\"@type\":\"ListItem\",\"position\":2,\"name\":\"\uc81c\ud488\",\"item\":\"https:\\\/\\\/naturalpoland.com\\\/ko\\\/%ec%a0%9c%ed%92%88\\\/\"},{\"@type\":\"ListItem\",\"position\":3,\"name\":\"\uc2a4\uc704\ud2b8 \uc624\ub80c\uc9c0 \uc624\uc77c\"}]},{\"@type\":\"WebSite\",\"@id\":\"https:\\\/\\\/naturalpoland.com\\\/ko\\\/#website\",\"url\":\"https:\\\/\\\/naturalpoland.com\\\/ko\\\/\",\"name\":\"NATURAL POLAND - Hurtowy Dystrybutor Surowc\u00f3w\",\"description\":\"Surowce dla przemys\u0142u spo\u017cywczego, kosmetycznego i farmaceutycznego\",\"publisher\":{\"@id\":\"https:\\\/\\\/naturalpoland.com\\\/ko\\\/#organization\"},\"potentialAction\":[{\"@type\":\"SearchAction\",\"target\":{\"@type\":\"EntryPoint\",\"urlTemplate\":\"https:\\\/\\\/naturalpoland.com\\\/ko\\\/?s={search_term_string}\"},\"query-input\":{\"@type\":\"PropertyValueSpecification\",\"valueRequired\":true,\"valueName\":\"search_term_string\"}}],\"inLanguage\":\"ko-KR\"},{\"@type\":\"Organization\",\"@id\":\"https:\\\/\\\/naturalpoland.com\\\/ko\\\/#organization\",\"name\":\"Natural Poland\",\"url\":\"https:\\\/\\\/naturalpoland.com\\\/ko\\\/\",\"logo\":{\"@type\":\"ImageObject\",\"inLanguage\":\"ko-KR\",\"@id\":\"https:\\\/\\\/naturalpoland.com\\\/ko\\\/#\\\/schema\\\/logo\\\/image\\\/\",\"url\":\"https:\\\/\\\/naturalpoland.com\\\/wp-content\\\/uploads\\\/2021\\\/05\\\/natural-poland-icon.png\",\"contentUrl\":\"https:\\\/\\\/naturalpoland.com\\\/wp-content\\\/uploads\\\/2021\\\/05\\\/natural-poland-icon.png\",\"width\":512,\"height\":512,\"caption\":\"Natural Poland\"},\"image\":{\"@id\":\"https:\\\/\\\/naturalpoland.com\\\/ko\\\/#\\\/schema\\\/logo\\\/image\\\/\"},\"sameAs\":[\"https:\\\/\\\/www.facebook.com\\\/naturalpoland.b2b\",\"https:\\\/\\\/pl.linkedin.com\\\/company\\\/natural-poland\",\"https:\\\/\\\/www.youtube.com\\\/channel\\\/UCgeGGkvOMahZo-xu_MSEWxg\"]}]}<\/script>\n<!-- \/ Yoast SEO plugin. -->","yoast_head_json":{"title":"NATURAL POLAND &#8211; Hurtowy Dystrybutor Surowc\u00f3w","description":"\uc2a4\uc704\ud2b8 \uc624\ub80c\uc9c0 \uc5d0\uc13c\uc15c \uc624\uc77c(Citrus sinensis)\uc740 \uac74\uac15 \ubc0f \ubbf8\uc6a9\uc5d0 \ub2e4\uc591\ud55c \uc774\uc810\uc744 \uc81c\uacf5\ud558\ub294 \ub2e4\uc6a9\ub3c4 \uc81c\ud488\uc785\ub2c8\ub2e4.","robots":{"index":"index","follow":"follow","max-snippet":"max-snippet:-1","max-image-preview":"max-image-preview:large","max-video-preview":"max-video-preview:-1"},"canonical":"https:\/\/naturalpoland.com\/ko\/je-pum\/hwa-jang-pum-won-ryo\/e-sen-syeol-o-il\/%ec%8a%a4%ec%9c%84%ed%8a%b8-%ec%98%a4%eb%a0%8c%ec%a7%80-%ec%98%a4%ec%9d%bc\/","og_locale":"ko_KR","og_type":"article","og_description":"\uc2a4\uc704\ud2b8 \uc624\ub80c\uc9c0 \uc5d0\uc13c\uc15c \uc624\uc77c(Citrus sinensis)\uc740 \uac74\uac15 \ubc0f \ubbf8\uc6a9\uc5d0 \ub2e4\uc591\ud55c \uc774\uc810\uc744 \uc81c\uacf5\ud558\ub294 \ub2e4\uc6a9\ub3c4 \uc81c\ud488\uc785\ub2c8\ub2e4.","og_url":"https:\/\/naturalpoland.com\/ko\/je-pum\/hwa-jang-pum-won-ryo\/e-sen-syeol-o-il\/%ec%8a%a4%ec%9c%84%ed%8a%b8-%ec%98%a4%eb%a0%8c%ec%a7%80-%ec%98%a4%ec%9d%bc\/","og_site_name":"NATURAL POLAND - Hurtowy Dystrybutor Surowc\u00f3w","article_publisher":"https:\/\/www.facebook.com\/naturalpoland.b2b","article_modified_time":"2025-09-30T12:16:20+00:00","og_image":[{"width":426,"height":426,"url":"https:\/\/naturalpoland.com\/wp-content\/uploads\/olejek-z-pomaranczy-chinskiej.webp","type":"image\/webp"}],"schema":{"@context":"https:\/\/schema.org","@graph":[{"@type":"WebPage","@id":"https:\/\/naturalpoland.com\/ko\/je-pum\/hwa-jang-pum-won-ryo\/e-sen-syeol-o-il\/%ec%8a%a4%ec%9c%84%ed%8a%b8-%ec%98%a4%eb%a0%8c%ec%a7%80-%ec%98%a4%ec%9d%bc\/","url":"https:\/\/naturalpoland.com\/ko\/je-pum\/hwa-jang-pum-won-ryo\/e-sen-syeol-o-il\/%ec%8a%a4%ec%9c%84%ed%8a%b8-%ec%98%a4%eb%a0%8c%ec%a7%80-%ec%98%a4%ec%9d%bc\/","name":"","isPartOf":{"@id":"https:\/\/naturalpoland.com\/ko\/#website"},"primaryImageOfPage":{"@id":"https:\/\/naturalpoland.com\/ko\/je-pum\/hwa-jang-pum-won-ryo\/e-sen-syeol-o-il\/%ec%8a%a4%ec%9c%84%ed%8a%b8-%ec%98%a4%eb%a0%8c%ec%a7%80-%ec%98%a4%ec%9d%bc\/#primaryimage"},"image":{"@id":"https:\/\/naturalpoland.com\/ko\/je-pum\/hwa-jang-pum-won-ryo\/e-sen-syeol-o-il\/%ec%8a%a4%ec%9c%84%ed%8a%b8-%ec%98%a4%eb%a0%8c%ec%a7%80-%ec%98%a4%ec%9d%bc\/#primaryimage"},"thumbnailUrl":"https:\/\/naturalpoland.com\/wp-content\/uploads\/olejek-z-pomaranczy-chinskiej.webp","datePublished":"2024-10-21T11:13:31+00:00","dateModified":"2025-09-30T12:16:20+00:00","description":"\uc2a4\uc704\ud2b8 \uc624\ub80c\uc9c0 \uc5d0\uc13c\uc15c \uc624\uc77c(Citrus sinensis)\uc740 \uac74\uac15 \ubc0f \ubbf8\uc6a9\uc5d0 \ub2e4\uc591\ud55c \uc774\uc810\uc744 \uc81c\uacf5\ud558\ub294 \ub2e4\uc6a9\ub3c4 \uc81c\ud488\uc785\ub2c8\ub2e4.","breadcrumb":{"@id":"https:\/\/naturalpoland.com\/ko\/je-pum\/hwa-jang-pum-won-ryo\/e-sen-syeol-o-il\/%ec%8a%a4%ec%9c%84%ed%8a%b8-%ec%98%a4%eb%a0%8c%ec%a7%80-%ec%98%a4%ec%9d%bc\/#breadcrumb"},"inLanguage":"ko-KR","potentialAction":[{"@type":"ReadAction","target":["https:\/\/naturalpoland.com\/ko\/je-pum\/hwa-jang-pum-won-ryo\/e-sen-syeol-o-il\/%ec%8a%a4%ec%9c%84%ed%8a%b8-%ec%98%a4%eb%a0%8c%ec%a7%80-%ec%98%a4%ec%9d%bc\/"]}]},{"@type":"ImageObject","inLanguage":"ko-KR","@id":"https:\/\/naturalpoland.com\/ko\/je-pum\/hwa-jang-pum-won-ryo\/e-sen-syeol-o-il\/%ec%8a%a4%ec%9c%84%ed%8a%b8-%ec%98%a4%eb%a0%8c%ec%a7%80-%ec%98%a4%ec%9d%bc\/#primaryimage","url":"https:\/\/naturalpoland.com\/wp-content\/uploads\/olejek-z-pomaranczy-chinskiej.webp","contentUrl":"https:\/\/naturalpoland.com\/wp-content\/uploads\/olejek-z-pomaranczy-chinskiej.webp","width":426,"height":426,"caption":"\uc2a4\uc704\ud2b8 \uc624\ub80c\uc9c0 \uc5d0\uc13c\uc15c \uc624\uc77c(Citrus sinensis)"},{"@type":"BreadcrumbList","@id":"https:\/\/naturalpoland.com\/ko\/je-pum\/hwa-jang-pum-won-ryo\/e-sen-syeol-o-il\/%ec%8a%a4%ec%9c%84%ed%8a%b8-%ec%98%a4%eb%a0%8c%ec%a7%80-%ec%98%a4%ec%9d%bc\/#breadcrumb","itemListElement":[{"@type":"ListItem","position":1,"name":"\ud648","item":"https:\/\/naturalpoland.com\/ko\/"},{"@type":"ListItem","position":2,"name":"\uc81c\ud488","item":"https:\/\/naturalpoland.com\/ko\/%ec%a0%9c%ed%92%88\/"},{"@type":"ListItem","position":3,"name":"\uc2a4\uc704\ud2b8 \uc624\ub80c\uc9c0 \uc624\uc77c"}]},{"@type":"WebSite","@id":"https:\/\/naturalpoland.com\/ko\/#website","url":"https:\/\/naturalpoland.com\/ko\/","name":"NATURAL POLAND - Hurtowy Dystrybutor Surowc\u00f3w","description":"Surowce dla przemys\u0142u spo\u017cywczego, kosmetycznego i farmaceutycznego","publisher":{"@id":"https:\/\/naturalpoland.com\/ko\/#organization"},"potentialAction":[{"@type":"SearchAction","target":{"@type":"EntryPoint","urlTemplate":"https:\/\/naturalpoland.com\/ko\/?s={search_term_string}"},"query-input":{"@type":"PropertyValueSpecification","valueRequired":true,"valueName":"search_term_string"}}],"inLanguage":"ko-KR"},{"@type":"Organization","@id":"https:\/\/naturalpoland.com\/ko\/#organization","name":"Natural Poland","url":"https:\/\/naturalpoland.com\/ko\/","logo":{"@type":"ImageObject","inLanguage":"ko-KR","@id":"https:\/\/naturalpoland.com\/ko\/#\/schema\/logo\/image\/","url":"https:\/\/naturalpoland.com\/wp-content\/uploads\/2021\/05\/natural-poland-icon.png","contentUrl":"https:\/\/naturalpoland.com\/wp-content\/uploads\/2021\/05\/natural-poland-icon.png","width":512,"height":512,"caption":"Natural Poland"},"image":{"@id":"https:\/\/naturalpoland.com\/ko\/#\/schema\/logo\/image\/"},"sameAs":["https:\/\/www.facebook.com\/naturalpoland.b2b","https:\/\/pl.linkedin.com\/company\/natural-poland","https:\/\/www.youtube.com\/channel\/UCgeGGkvOMahZo-xu_MSEWxg"]}]}},"_links":{"self":[{"href":"https:\/\/naturalpoland.com\/ko\/wp-json\/wp\/v2\/product\/43493","targetHints":{"allow":["GET"]}}],"collection":[{"href":"https:\/\/naturalpoland.com\/ko\/wp-json\/wp\/v2\/product"}],"about":[{"href":"https:\/\/naturalpoland.com\/ko\/wp-json\/wp\/v2\/types\/product"}],"wp:featuredmedia":[{"embeddable":true,"href":"https:\/\/naturalpoland.com\/ko\/wp-json\/wp\/v2\/media\/43495"}],"wp:attachment":[{"href":"https:\/\/naturalpoland.com\/ko\/wp-json\/wp\/v2\/media?parent=43493"}],"wp:term":[{"taxonomy":"product_brand","embeddable":true,"href":"https:\/\/naturalpoland.com\/ko\/wp-json\/wp\/v2\/product_brand?post=43493"},{"taxonomy":"product_cat","embeddable":true,"href":"https:\/\/naturalpoland.com\/ko\/wp-json\/wp\/v2\/product_cat?post=43493"},{"taxonomy":"product_tag","embeddable":true,"href":"https:\/\/naturalpoland.com\/ko\/wp-json\/wp\/v2\/product_tag?post=43493"}],"curies":[{"name":"wp","href":"https:\/\/api.w.org\/{rel}","templated":true}]}}