{"id":43494,"date":"2024-10-17T15:10:33","date_gmt":"2024-10-17T13:10:33","guid":{"rendered":"https:\/\/naturalpoland.com\/produkty\/uncategorized\/%ec%8b%9c%eb%8d%94%ec%9a%b0%eb%93%9c-%ec%98%a4%ec%9d%bc\/"},"modified":"2025-09-30T14:16:20","modified_gmt":"2025-09-30T12:16:20","slug":"%ec%8b%9c%eb%8d%94%ec%9a%b0%eb%93%9c-%ec%98%a4%ec%9d%bc","status":"publish","type":"product","link":"https:\/\/naturalpoland.com\/ko\/je-pum\/hwa-jang-pum-won-ryo\/e-sen-syeol-o-il\/%ec%8b%9c%eb%8d%94%ec%9a%b0%eb%93%9c-%ec%98%a4%ec%9d%bc\/","title":{"rendered":"\uc2dc\ub354\uc6b0\ub4dc \uc624\uc77c"},"content":{"rendered":"<h2>\ud654\uc7a5\ud488\uc5d0\uc11c\uc758 \uc801\uc6a9:<\/h2>\n<p>\uc2dc\ub354\uc6b0\ub4dc \uc624\uc77c\uc740 \uc218\ub834 \uc791\uc6a9\uc744 \ud558\ub294 \uc9c0\uc131 \ubc0f \uc5ec\ub4dc\ub984\uc131 \ud53c\ubd80\uc6a9 \ud654\uc7a5\ud488\uc5d0 \uc0ac\uc6a9\ub429\ub2c8\ub2e4. \ud53c\uc9c0 \ubd84\ube44\ub97c \uc870\uc808\ud558\uace0 \ud53c\ubd80\uc758 \uc720\ubd84 \uacfc\ub2e4\ub97c \ubc29\uc9c0\ud558\ub294 \ub370 \ub3c4\uc6c0\uc744 \uc90d\ub2c8\ub2e4. <\/p>\n<p>\ud5e4\uc5b4 \uc81c\ud488\uc5d0\uc11c\ub294 \ubaa8\ubc1c \uac15\ud654 \ubc0f \ud0c8\ubaa8 \uc608\ubc29\uc5d0 \ud6a8\uacfc\uc801\uc785\ub2c8\ub2e4. \uc0f4\ud478\uc5d0 \ucca8\uac00\ud558\uac70\ub098 \ud638\ud638\ubc14 \uc624\uc77c \uae30\ubc18\uc758 \ud5e4\uc5b4 \uc624\uc77c \ud615\ud0dc\ub85c \ub450\ud53c\uc5d0 \ubc14\ub97c \uc218 \uc788\uc2b5\ub2c8\ub2e4. <\/p>\n<h2>\uc544\ub85c\ub9c8\ud14c\ub77c\ud53c\uc5d0\uc11c\uc758 \ud65c\uc6a9:<\/h2>\n<p>\uc2dc\ub354\uc6b0\ub4dc \uc624\uc77c\uc740 \uc9c4\uc815 \ud6a8\uacfc\uac00 \uc788\uc5b4 \uc2a4\ud2b8\ub808\uc2a4\uc640 \uc2e0\uacbd \uae34\uc7a5\uc744 \uc644\ud654\ud558\uace0 \uc9d1\uc911\ub825\uc744 \ud5a5\uc0c1\uc2dc\ud0b5\ub2c8\ub2e4. \uc2dc\ud2b8\ub7ec\uc2a4 \uc624\uc77c\uacfc \uc798 \uc5b4\uc6b8\ub9bd\ub2c8\ub2e4. <\/p>\n<p>\uc774 \uc624\uc77c\uc740 \ubaa8\uae30, \uc9c4\ub4dc\uae30 \ubc0f \uae30\ud0c0 \uace4\ucda9\uc5d0 \ub300\ud55c \ud6a8\uacfc\uc801\uc778 \ucc9c\uc5f0 \uae30\ud53c\uc81c\uc774\uae30\ub3c4 \ud569\ub2c8\ub2e4. \ubca0\uc774\uc2a4 \uc624\uc77c\uc5d0 \ud76c\uc11d\ud558\uac70\ub098 <a href=\"https:\/\/naturalpoland.com\/produkty\/produkty-dla-przemyslu-kosmetycznego\/olejki-eteryczne\/olejek-eukaliptusowy\/\">\uc720\uce7c\ub9bd\ud22c\uc2a4 \uc624\uc77c<\/a> \ubc0f <a href=\"https:\/\/naturalpoland.com\/produkty\/produkty-dla-przemyslu-kosmetycznego\/olejki-eteryczne\/olejek-cytrynowy\/\">\ub808\ubaac \uc624\uc77c<\/a>\uacfc \ud63c\ud569\ud558\uc5ec \ub178\ucd9c\ub41c \uc2e0\uccb4 \ubd80\uc704\uc5d0 \uc0ac\uc6a9\ud560 \uc218 \uc788\uc2b5\ub2c8\ub2e4. <\/p>\n","protected":false},"excerpt":{"rendered":"<p><strong>\uc544\ud2c0\ub77c\uc2a4 \uc2dc\ub354\uc6b0\ub4dc \uc624\uc77c<\/strong>\uc740 \ubaa8\ub85c\ucf54 \uc544\ud2c0\ub77c\uc2a4 \uc0b0\ub9e5\uc5d0\uc11c \uc790\uc0dd\ud558\ub294 \uc2dc\ub354\uc6b0\ub4dc \ub098\ubb34\uc5d0\uc11c \ucd94\ucd9c\ub429\ub2c8\ub2e4. \uae4a\uace0 \uc6b0\ub514\ud558\uba70 \ubc1c\uc0bc \ud5a5\uc774 \ub098\ub294 \uc774 \uc624\uc77c\uc740 \uace0\ub300\ubd80\ud130 \uadc0\ud558\uac8c \uc5ec\uaca8\uc84c\ub358 \uce58\ub8cc\uc801 \ud2b9\uc131\uc744 \uac00\uc9c0\uace0 \uc788\uc2b5\ub2c8\ub2e4. \ud5a5\uc218, \ubc24 \uc81c\uc870 \ubc0f \uace4\ucda9 \ud1f4\uce58\uc6a9\uc73c\ub85c \uc0ac\uc6a9\ub418\uc5c8\uc2b5\ub2c8\ub2e4.  <\/p>\n","protected":false},"featured_media":43496,"template":"","meta":[],"product_brand":[],"product_cat":[8155],"product_tag":[],"class_list":{"0":"post-43494","1":"product","2":"type-product","3":"status-publish","4":"has-post-thumbnail","6":"product_cat-e-sen-syeol-o-il","8":"first","9":"instock","10":"shipping-taxable","11":"product-type-simple"},"yoast_head":"<!-- This site is optimized with the Yoast SEO plugin v27.3 - https:\/\/yoast.com\/product\/yoast-seo-wordpress\/ -->\n<title>NATURAL POLAND &#8211; Hurtowy Dystrybutor Surowc\u00f3w<\/title>\n<meta name=\"description\" content=\"\uc544\ud2c0\ub77c\uc2a4 \uc2dc\ub354\uc6b0\ub4dc \uc624\uc77c\uc740 \ubaa8\ub85c\ucf54 \uc544\ud2c0\ub77c\uc2a4 \uc0b0\ub9e5\uc5d0\uc11c \uc790\uc0dd\ud558\ub294 \uc2dc\ub354\uc6b0\ub4dc \ub098\ubb34\uc5d0\uc11c \ucd94\ucd9c\ub429\ub2c8\ub2e4. \uae4a\uace0 \uc6b0\ub514\ud558\uba70 \ubc1c\uc0bc \ud5a5\uc774 \ub098\ub294 \uac83\uc73c\ub85c \uc798 \uc54c\ub824\uc838 \uc788\uc2b5\ub2c8\ub2e4.\" \/>\n<meta name=\"robots\" content=\"index, follow, max-snippet:-1, max-image-preview:large, max-video-preview:-1\" \/>\n<link rel=\"canonical\" href=\"https:\/\/naturalpoland.com\/ko\/je-pum\/hwa-jang-pum-won-ryo\/e-sen-syeol-o-il\/%ec%8b%9c%eb%8d%94%ec%9a%b0%eb%93%9c-%ec%98%a4%ec%9d%bc\/\" \/>\n<meta property=\"og:locale\" content=\"ko_KR\" \/>\n<meta property=\"og:type\" content=\"article\" \/>\n<meta property=\"og:description\" content=\"\uc544\ud2c0\ub77c\uc2a4 \uc2dc\ub354\uc6b0\ub4dc \uc624\uc77c\uc740 \ubaa8\ub85c\ucf54 \uc544\ud2c0\ub77c\uc2a4 \uc0b0\ub9e5\uc5d0\uc11c \uc790\uc0dd\ud558\ub294 \uc2dc\ub354\uc6b0\ub4dc \ub098\ubb34\uc5d0\uc11c \ucd94\ucd9c\ub429\ub2c8\ub2e4. \uae4a\uace0 \uc6b0\ub514\ud558\uba70 \ubc1c\uc0bc \ud5a5\uc774 \ub098\ub294 \uac83\uc73c\ub85c \uc798 \uc54c\ub824\uc838 \uc788\uc2b5\ub2c8\ub2e4.\" \/>\n<meta property=\"og:url\" content=\"https:\/\/naturalpoland.com\/ko\/je-pum\/hwa-jang-pum-won-ryo\/e-sen-syeol-o-il\/%ec%8b%9c%eb%8d%94%ec%9a%b0%eb%93%9c-%ec%98%a4%ec%9d%bc\/\" \/>\n<meta property=\"og:site_name\" content=\"NATURAL POLAND - Hurtowy Dystrybutor Surowc\u00f3w\" \/>\n<meta property=\"article:publisher\" content=\"https:\/\/www.facebook.com\/naturalpoland.b2b\" \/>\n<meta property=\"article:modified_time\" content=\"2025-09-30T12:16:20+00:00\" \/>\n<meta property=\"og:image\" content=\"https:\/\/naturalpoland.com\/wp-content\/uploads\/olejek-cedrowy.webp\" \/>\n\t<meta property=\"og:image:width\" content=\"619\" \/>\n\t<meta property=\"og:image:height\" content=\"619\" \/>\n\t<meta property=\"og:image:type\" content=\"image\/webp\" \/>\n<script type=\"application\/ld+json\" class=\"yoast-schema-graph\">{\"@context\":\"https:\\\/\\\/schema.org\",\"@graph\":[{\"@type\":\"WebPage\",\"@id\":\"https:\\\/\\\/naturalpoland.com\\\/ko\\\/je-pum\\\/hwa-jang-pum-won-ryo\\\/e-sen-syeol-o-il\\\/%ec%8b%9c%eb%8d%94%ec%9a%b0%eb%93%9c-%ec%98%a4%ec%9d%bc\\\/\",\"url\":\"https:\\\/\\\/naturalpoland.com\\\/ko\\\/je-pum\\\/hwa-jang-pum-won-ryo\\\/e-sen-syeol-o-il\\\/%ec%8b%9c%eb%8d%94%ec%9a%b0%eb%93%9c-%ec%98%a4%ec%9d%bc\\\/\",\"name\":\"\",\"isPartOf\":{\"@id\":\"https:\\\/\\\/naturalpoland.com\\\/ko\\\/#website\"},\"primaryImageOfPage\":{\"@id\":\"https:\\\/\\\/naturalpoland.com\\\/ko\\\/je-pum\\\/hwa-jang-pum-won-ryo\\\/e-sen-syeol-o-il\\\/%ec%8b%9c%eb%8d%94%ec%9a%b0%eb%93%9c-%ec%98%a4%ec%9d%bc\\\/#primaryimage\"},\"image\":{\"@id\":\"https:\\\/\\\/naturalpoland.com\\\/ko\\\/je-pum\\\/hwa-jang-pum-won-ryo\\\/e-sen-syeol-o-il\\\/%ec%8b%9c%eb%8d%94%ec%9a%b0%eb%93%9c-%ec%98%a4%ec%9d%bc\\\/#primaryimage\"},\"thumbnailUrl\":\"https:\\\/\\\/naturalpoland.com\\\/wp-content\\\/uploads\\\/olejek-cedrowy.webp\",\"datePublished\":\"2024-10-17T13:10:33+00:00\",\"dateModified\":\"2025-09-30T12:16:20+00:00\",\"description\":\"\uc544\ud2c0\ub77c\uc2a4 \uc2dc\ub354\uc6b0\ub4dc \uc624\uc77c\uc740 \ubaa8\ub85c\ucf54 \uc544\ud2c0\ub77c\uc2a4 \uc0b0\ub9e5\uc5d0\uc11c \uc790\uc0dd\ud558\ub294 \uc2dc\ub354\uc6b0\ub4dc \ub098\ubb34\uc5d0\uc11c \ucd94\ucd9c\ub429\ub2c8\ub2e4. \uae4a\uace0 \uc6b0\ub514\ud558\uba70 \ubc1c\uc0bc \ud5a5\uc774 \ub098\ub294 \uac83\uc73c\ub85c \uc798 \uc54c\ub824\uc838 \uc788\uc2b5\ub2c8\ub2e4.\",\"breadcrumb\":{\"@id\":\"https:\\\/\\\/naturalpoland.com\\\/ko\\\/je-pum\\\/hwa-jang-pum-won-ryo\\\/e-sen-syeol-o-il\\\/%ec%8b%9c%eb%8d%94%ec%9a%b0%eb%93%9c-%ec%98%a4%ec%9d%bc\\\/#breadcrumb\"},\"inLanguage\":\"ko-KR\",\"potentialAction\":[{\"@type\":\"ReadAction\",\"target\":[\"https:\\\/\\\/naturalpoland.com\\\/ko\\\/je-pum\\\/hwa-jang-pum-won-ryo\\\/e-sen-syeol-o-il\\\/%ec%8b%9c%eb%8d%94%ec%9a%b0%eb%93%9c-%ec%98%a4%ec%9d%bc\\\/\"]}]},{\"@type\":\"ImageObject\",\"inLanguage\":\"ko-KR\",\"@id\":\"https:\\\/\\\/naturalpoland.com\\\/ko\\\/je-pum\\\/hwa-jang-pum-won-ryo\\\/e-sen-syeol-o-il\\\/%ec%8b%9c%eb%8d%94%ec%9a%b0%eb%93%9c-%ec%98%a4%ec%9d%bc\\\/#primaryimage\",\"url\":\"https:\\\/\\\/naturalpoland.com\\\/wp-content\\\/uploads\\\/olejek-cedrowy.webp\",\"contentUrl\":\"https:\\\/\\\/naturalpoland.com\\\/wp-content\\\/uploads\\\/olejek-cedrowy.webp\",\"width\":619,\"height\":619,\"caption\":\"\uc544\ud2c0\ub77c\uc2a4 \uc2dc\ub354\uc6b0\ub4dc \uc5d0\uc13c\uc15c \uc624\uc77c\"},{\"@type\":\"BreadcrumbList\",\"@id\":\"https:\\\/\\\/naturalpoland.com\\\/ko\\\/je-pum\\\/hwa-jang-pum-won-ryo\\\/e-sen-syeol-o-il\\\/%ec%8b%9c%eb%8d%94%ec%9a%b0%eb%93%9c-%ec%98%a4%ec%9d%bc\\\/#breadcrumb\",\"itemListElement\":[{\"@type\":\"ListItem\",\"position\":1,\"name\":\"\ud648\",\"item\":\"https:\\\/\\\/naturalpoland.com\\\/ko\\\/\"},{\"@type\":\"ListItem\",\"position\":2,\"name\":\"\uc81c\ud488\",\"item\":\"https:\\\/\\\/naturalpoland.com\\\/ko\\\/%ec%a0%9c%ed%92%88\\\/\"},{\"@type\":\"ListItem\",\"position\":3,\"name\":\"\uc2dc\ub354\uc6b0\ub4dc \uc624\uc77c\"}]},{\"@type\":\"WebSite\",\"@id\":\"https:\\\/\\\/naturalpoland.com\\\/ko\\\/#website\",\"url\":\"https:\\\/\\\/naturalpoland.com\\\/ko\\\/\",\"name\":\"NATURAL POLAND - Hurtowy Dystrybutor Surowc\u00f3w\",\"description\":\"Surowce dla przemys\u0142u spo\u017cywczego, kosmetycznego i farmaceutycznego\",\"publisher\":{\"@id\":\"https:\\\/\\\/naturalpoland.com\\\/ko\\\/#organization\"},\"potentialAction\":[{\"@type\":\"SearchAction\",\"target\":{\"@type\":\"EntryPoint\",\"urlTemplate\":\"https:\\\/\\\/naturalpoland.com\\\/ko\\\/?s={search_term_string}\"},\"query-input\":{\"@type\":\"PropertyValueSpecification\",\"valueRequired\":true,\"valueName\":\"search_term_string\"}}],\"inLanguage\":\"ko-KR\"},{\"@type\":\"Organization\",\"@id\":\"https:\\\/\\\/naturalpoland.com\\\/ko\\\/#organization\",\"name\":\"Natural Poland\",\"url\":\"https:\\\/\\\/naturalpoland.com\\\/ko\\\/\",\"logo\":{\"@type\":\"ImageObject\",\"inLanguage\":\"ko-KR\",\"@id\":\"https:\\\/\\\/naturalpoland.com\\\/ko\\\/#\\\/schema\\\/logo\\\/image\\\/\",\"url\":\"https:\\\/\\\/naturalpoland.com\\\/wp-content\\\/uploads\\\/2021\\\/05\\\/natural-poland-icon.png\",\"contentUrl\":\"https:\\\/\\\/naturalpoland.com\\\/wp-content\\\/uploads\\\/2021\\\/05\\\/natural-poland-icon.png\",\"width\":512,\"height\":512,\"caption\":\"Natural Poland\"},\"image\":{\"@id\":\"https:\\\/\\\/naturalpoland.com\\\/ko\\\/#\\\/schema\\\/logo\\\/image\\\/\"},\"sameAs\":[\"https:\\\/\\\/www.facebook.com\\\/naturalpoland.b2b\",\"https:\\\/\\\/pl.linkedin.com\\\/company\\\/natural-poland\",\"https:\\\/\\\/www.youtube.com\\\/channel\\\/UCgeGGkvOMahZo-xu_MSEWxg\"]}]}<\/script>\n<!-- \/ Yoast SEO plugin. -->","yoast_head_json":{"title":"NATURAL POLAND &#8211; Hurtowy Dystrybutor Surowc\u00f3w","description":"\uc544\ud2c0\ub77c\uc2a4 \uc2dc\ub354\uc6b0\ub4dc \uc624\uc77c\uc740 \ubaa8\ub85c\ucf54 \uc544\ud2c0\ub77c\uc2a4 \uc0b0\ub9e5\uc5d0\uc11c \uc790\uc0dd\ud558\ub294 \uc2dc\ub354\uc6b0\ub4dc \ub098\ubb34\uc5d0\uc11c \ucd94\ucd9c\ub429\ub2c8\ub2e4. \uae4a\uace0 \uc6b0\ub514\ud558\uba70 \ubc1c\uc0bc \ud5a5\uc774 \ub098\ub294 \uac83\uc73c\ub85c \uc798 \uc54c\ub824\uc838 \uc788\uc2b5\ub2c8\ub2e4.","robots":{"index":"index","follow":"follow","max-snippet":"max-snippet:-1","max-image-preview":"max-image-preview:large","max-video-preview":"max-video-preview:-1"},"canonical":"https:\/\/naturalpoland.com\/ko\/je-pum\/hwa-jang-pum-won-ryo\/e-sen-syeol-o-il\/%ec%8b%9c%eb%8d%94%ec%9a%b0%eb%93%9c-%ec%98%a4%ec%9d%bc\/","og_locale":"ko_KR","og_type":"article","og_description":"\uc544\ud2c0\ub77c\uc2a4 \uc2dc\ub354\uc6b0\ub4dc \uc624\uc77c\uc740 \ubaa8\ub85c\ucf54 \uc544\ud2c0\ub77c\uc2a4 \uc0b0\ub9e5\uc5d0\uc11c \uc790\uc0dd\ud558\ub294 \uc2dc\ub354\uc6b0\ub4dc \ub098\ubb34\uc5d0\uc11c \ucd94\ucd9c\ub429\ub2c8\ub2e4. \uae4a\uace0 \uc6b0\ub514\ud558\uba70 \ubc1c\uc0bc \ud5a5\uc774 \ub098\ub294 \uac83\uc73c\ub85c \uc798 \uc54c\ub824\uc838 \uc788\uc2b5\ub2c8\ub2e4.","og_url":"https:\/\/naturalpoland.com\/ko\/je-pum\/hwa-jang-pum-won-ryo\/e-sen-syeol-o-il\/%ec%8b%9c%eb%8d%94%ec%9a%b0%eb%93%9c-%ec%98%a4%ec%9d%bc\/","og_site_name":"NATURAL POLAND - Hurtowy Dystrybutor Surowc\u00f3w","article_publisher":"https:\/\/www.facebook.com\/naturalpoland.b2b","article_modified_time":"2025-09-30T12:16:20+00:00","og_image":[{"width":619,"height":619,"url":"https:\/\/naturalpoland.com\/wp-content\/uploads\/olejek-cedrowy.webp","type":"image\/webp"}],"schema":{"@context":"https:\/\/schema.org","@graph":[{"@type":"WebPage","@id":"https:\/\/naturalpoland.com\/ko\/je-pum\/hwa-jang-pum-won-ryo\/e-sen-syeol-o-il\/%ec%8b%9c%eb%8d%94%ec%9a%b0%eb%93%9c-%ec%98%a4%ec%9d%bc\/","url":"https:\/\/naturalpoland.com\/ko\/je-pum\/hwa-jang-pum-won-ryo\/e-sen-syeol-o-il\/%ec%8b%9c%eb%8d%94%ec%9a%b0%eb%93%9c-%ec%98%a4%ec%9d%bc\/","name":"","isPartOf":{"@id":"https:\/\/naturalpoland.com\/ko\/#website"},"primaryImageOfPage":{"@id":"https:\/\/naturalpoland.com\/ko\/je-pum\/hwa-jang-pum-won-ryo\/e-sen-syeol-o-il\/%ec%8b%9c%eb%8d%94%ec%9a%b0%eb%93%9c-%ec%98%a4%ec%9d%bc\/#primaryimage"},"image":{"@id":"https:\/\/naturalpoland.com\/ko\/je-pum\/hwa-jang-pum-won-ryo\/e-sen-syeol-o-il\/%ec%8b%9c%eb%8d%94%ec%9a%b0%eb%93%9c-%ec%98%a4%ec%9d%bc\/#primaryimage"},"thumbnailUrl":"https:\/\/naturalpoland.com\/wp-content\/uploads\/olejek-cedrowy.webp","datePublished":"2024-10-17T13:10:33+00:00","dateModified":"2025-09-30T12:16:20+00:00","description":"\uc544\ud2c0\ub77c\uc2a4 \uc2dc\ub354\uc6b0\ub4dc \uc624\uc77c\uc740 \ubaa8\ub85c\ucf54 \uc544\ud2c0\ub77c\uc2a4 \uc0b0\ub9e5\uc5d0\uc11c \uc790\uc0dd\ud558\ub294 \uc2dc\ub354\uc6b0\ub4dc \ub098\ubb34\uc5d0\uc11c \ucd94\ucd9c\ub429\ub2c8\ub2e4. \uae4a\uace0 \uc6b0\ub514\ud558\uba70 \ubc1c\uc0bc \ud5a5\uc774 \ub098\ub294 \uac83\uc73c\ub85c \uc798 \uc54c\ub824\uc838 \uc788\uc2b5\ub2c8\ub2e4.","breadcrumb":{"@id":"https:\/\/naturalpoland.com\/ko\/je-pum\/hwa-jang-pum-won-ryo\/e-sen-syeol-o-il\/%ec%8b%9c%eb%8d%94%ec%9a%b0%eb%93%9c-%ec%98%a4%ec%9d%bc\/#breadcrumb"},"inLanguage":"ko-KR","potentialAction":[{"@type":"ReadAction","target":["https:\/\/naturalpoland.com\/ko\/je-pum\/hwa-jang-pum-won-ryo\/e-sen-syeol-o-il\/%ec%8b%9c%eb%8d%94%ec%9a%b0%eb%93%9c-%ec%98%a4%ec%9d%bc\/"]}]},{"@type":"ImageObject","inLanguage":"ko-KR","@id":"https:\/\/naturalpoland.com\/ko\/je-pum\/hwa-jang-pum-won-ryo\/e-sen-syeol-o-il\/%ec%8b%9c%eb%8d%94%ec%9a%b0%eb%93%9c-%ec%98%a4%ec%9d%bc\/#primaryimage","url":"https:\/\/naturalpoland.com\/wp-content\/uploads\/olejek-cedrowy.webp","contentUrl":"https:\/\/naturalpoland.com\/wp-content\/uploads\/olejek-cedrowy.webp","width":619,"height":619,"caption":"\uc544\ud2c0\ub77c\uc2a4 \uc2dc\ub354\uc6b0\ub4dc \uc5d0\uc13c\uc15c \uc624\uc77c"},{"@type":"BreadcrumbList","@id":"https:\/\/naturalpoland.com\/ko\/je-pum\/hwa-jang-pum-won-ryo\/e-sen-syeol-o-il\/%ec%8b%9c%eb%8d%94%ec%9a%b0%eb%93%9c-%ec%98%a4%ec%9d%bc\/#breadcrumb","itemListElement":[{"@type":"ListItem","position":1,"name":"\ud648","item":"https:\/\/naturalpoland.com\/ko\/"},{"@type":"ListItem","position":2,"name":"\uc81c\ud488","item":"https:\/\/naturalpoland.com\/ko\/%ec%a0%9c%ed%92%88\/"},{"@type":"ListItem","position":3,"name":"\uc2dc\ub354\uc6b0\ub4dc \uc624\uc77c"}]},{"@type":"WebSite","@id":"https:\/\/naturalpoland.com\/ko\/#website","url":"https:\/\/naturalpoland.com\/ko\/","name":"NATURAL POLAND - Hurtowy Dystrybutor Surowc\u00f3w","description":"Surowce dla przemys\u0142u spo\u017cywczego, kosmetycznego i farmaceutycznego","publisher":{"@id":"https:\/\/naturalpoland.com\/ko\/#organization"},"potentialAction":[{"@type":"SearchAction","target":{"@type":"EntryPoint","urlTemplate":"https:\/\/naturalpoland.com\/ko\/?s={search_term_string}"},"query-input":{"@type":"PropertyValueSpecification","valueRequired":true,"valueName":"search_term_string"}}],"inLanguage":"ko-KR"},{"@type":"Organization","@id":"https:\/\/naturalpoland.com\/ko\/#organization","name":"Natural Poland","url":"https:\/\/naturalpoland.com\/ko\/","logo":{"@type":"ImageObject","inLanguage":"ko-KR","@id":"https:\/\/naturalpoland.com\/ko\/#\/schema\/logo\/image\/","url":"https:\/\/naturalpoland.com\/wp-content\/uploads\/2021\/05\/natural-poland-icon.png","contentUrl":"https:\/\/naturalpoland.com\/wp-content\/uploads\/2021\/05\/natural-poland-icon.png","width":512,"height":512,"caption":"Natural Poland"},"image":{"@id":"https:\/\/naturalpoland.com\/ko\/#\/schema\/logo\/image\/"},"sameAs":["https:\/\/www.facebook.com\/naturalpoland.b2b","https:\/\/pl.linkedin.com\/company\/natural-poland","https:\/\/www.youtube.com\/channel\/UCgeGGkvOMahZo-xu_MSEWxg"]}]}},"_links":{"self":[{"href":"https:\/\/naturalpoland.com\/ko\/wp-json\/wp\/v2\/product\/43494","targetHints":{"allow":["GET"]}}],"collection":[{"href":"https:\/\/naturalpoland.com\/ko\/wp-json\/wp\/v2\/product"}],"about":[{"href":"https:\/\/naturalpoland.com\/ko\/wp-json\/wp\/v2\/types\/product"}],"wp:featuredmedia":[{"embeddable":true,"href":"https:\/\/naturalpoland.com\/ko\/wp-json\/wp\/v2\/media\/43496"}],"wp:attachment":[{"href":"https:\/\/naturalpoland.com\/ko\/wp-json\/wp\/v2\/media?parent=43494"}],"wp:term":[{"taxonomy":"product_brand","embeddable":true,"href":"https:\/\/naturalpoland.com\/ko\/wp-json\/wp\/v2\/product_brand?post=43494"},{"taxonomy":"product_cat","embeddable":true,"href":"https:\/\/naturalpoland.com\/ko\/wp-json\/wp\/v2\/product_cat?post=43494"},{"taxonomy":"product_tag","embeddable":true,"href":"https:\/\/naturalpoland.com\/ko\/wp-json\/wp\/v2\/product_tag?post=43494"}],"curies":[{"name":"wp","href":"https:\/\/api.w.org\/{rel}","templated":true}]}}