{"id":43497,"date":"2024-10-17T15:31:29","date_gmt":"2024-10-17T13:31:29","guid":{"rendered":"https:\/\/naturalpoland.com\/produkty\/uncategorized\/%ed%8c%a8%ec%b6%9c%eb%a6%ac-%ec%98%a4%ec%9d%bc\/"},"modified":"2025-09-30T14:16:23","modified_gmt":"2025-09-30T12:16:23","slug":"%ed%8c%a8%ec%b6%9c%eb%a6%ac-%ec%98%a4%ec%9d%bc","status":"publish","type":"product","link":"https:\/\/naturalpoland.com\/ko\/je-pum\/hwa-jang-pum-won-ryo\/e-sen-syeol-o-il\/%ed%8c%a8%ec%b6%9c%eb%a6%ac-%ec%98%a4%ec%9d%bc\/","title":{"rendered":"\ud328\ucd9c\ub9ac \uc624\uc77c"},"content":{"rendered":"<h2>\uc544\ub85c\ub9c8\ud14c\ub77c\ud53c\uc5d0\uc11c\uc758 \ud65c\uc6a9:<\/h2>\n<p>\ud328\ucd9c\ub9ac\ub294 \ucc9c\uc5f0 \ucd5c\uc74c\uc81c\ub85c \uc5ec\uaca8\uc9d1\ub2c8\ub2e4. \uadf8 \ud5a5\uc740 \uac10\uac01\uc744 \uc790\uadf9\ud558\uace0 \uae30\ubd84\uc744 \uc88b\uac8c \ud558\uba70, \uc2e0\uacbd \uae34\uc7a5\uc744 \uc644\ud654\ud558\uc5ec \ud3c9\uc628\ud568\uacfc \uc815\uc11c\uc801 \uade0\ud615\uac10\uc744 \uac00\uc838\ub2e4\uc90d\ub2c8\ub2e4. <\/p>\n<p>\ud5a5\uc218\uc5d0\uc11c \ud328\ucd9c\ub9ac \uc624\uc77c\uc740 \ub2e4\ub978 \ud5a5\uc5d0 \uae4a\uc774\uc640 \uc9c0\uc18d\ub825\uc744 \ubd80\uc5ec\ud558\ub294 \ucc9c\uc5f0 \uace0\uc815\uc81c\uc785\ub2c8\ub2e4. \uc0cc\ub2ec\uc6b0\ub4dc, \ubca0\ub974\uac00\ubabb, \uc7a5\ubbf8 \ud5a5\uacfc \ud568\uaed8 \uc0ac\uc6a9\ub418\ub294 \ud5a5\uc218 \uc870\ud569\uc5d0\uc11c \ud2b9\ud788 \uc778\uae30\uac00 \ub9ce\uc2b5\ub2c8\ub2e4. \uc2a4\ud30c\uc774\uc2dc, \ud759\ub0b4\uc74c, \ud50c\ub85c\ub7f4 \ub178\ud2b8\uc640 \uc644\ubcbd\ud558\uac8c \uc5b4\uc6b0\ub7ec\uc9d1\ub2c8\ub2e4.  <\/p>\n<p>\uc774 \uc624\uc77c\uc740 \ube44\ub204, \ub85c\uc158, \ub370\uc624\ub3c4\ub780\ud2b8\uc640 \uac19\uc740 \uace0\uae09 \ud5a5\uc218 \ubc0f \ud654\uc7a5\ud488 \uc0dd\uc0b0\uc5d0 \ud544\uc218\uc801\uc785\ub2c8\ub2e4. \uadf8 \ud5a5\uc740 \ub9e4\uc6b0 \uc624\ub798 \uc9c0\uc18d\ub429\ub2c8\ub2e4. <\/p>\n","protected":false},"excerpt":{"rendered":"<p><strong>\ud328\ucd9c\ub9ac \uc5d0\uc13c\uc15c \uc624\uc77c<\/strong>\uc740 \ube7d\ube7d\ud55c \uc904\uae30\uc640 \uc791\uc740 \ubd84\ud64d\uc0c9 \uaf43\uc73c\ub85c \uc54c\ub824\uc9c4 <em>\ud3ec\uace0\uc2a4\ud14c\ubaac \uce74\ube14\ub9b0<\/em> \uc2dd\ubb3c\uc758 \uc78e\uc5d0\uc11c \ucd94\ucd9c\ub429\ub2c8\ub2e4. \uc0ac\ud5a5 \uac19\uace0 \ucd5c\uba74\uc801\uc778 \ud5a5\uc774 \ud2b9\uc9d5\uc785\ub2c8\ub2e4. \ud328\ucd9c\ub9ac\ub294 \ub3d9\ub0a8\uc544\uc2dc\uc544\uc758 \uc5f4\ub300 \uc9c0\uc5ed\uc774 \uc6d0\uc0b0\uc9c0\uc774\uba70 \uc544\ub85c\ub9c8\ud14c\ub77c\ud53c\uc640 \ud5a5\uc218 \uc0b0\uc5c5\uc5d0\uc11c \ud65c\uc6a9\ub429\ub2c8\ub2e4.  <\/p>\n","protected":false},"featured_media":43498,"template":"","meta":[],"product_brand":[],"product_cat":[8155],"product_tag":[],"class_list":{"0":"post-43497","1":"product","2":"type-product","3":"status-publish","4":"has-post-thumbnail","6":"product_cat-e-sen-syeol-o-il","8":"first","9":"instock","10":"shipping-taxable","11":"product-type-simple"},"yoast_head":"<!-- This site is optimized with the Yoast SEO plugin v27.3 - https:\/\/yoast.com\/product\/yoast-seo-wordpress\/ -->\n<title>NATURAL POLAND &#8211; Hurtowy Dystrybutor Surowc\u00f3w<\/title>\n<meta name=\"description\" content=\"\ud328\ucd9c\ub9ac \uc624\uc77c\uc740 \ud53c\ubd80, \uac10\uc815, \uac10\uac01\uc5d0 \uad11\ubc94\uc704\ud558\uac8c \uc791\uc6a9\ud558\ub294 \uc81c\ud488\uc785\ub2c8\ub2e4. \uae30\ubd84\uacfc \ubbf8\uc6a9\uc744 \uac1c\uc120\ud558\ub294 \uc790\uc5f0\uc801\uc778 \ubc29\ubc95 \uc911 \ud558\ub098\uc785\ub2c8\ub2e4.\" \/>\n<meta name=\"robots\" content=\"index, follow, max-snippet:-1, max-image-preview:large, max-video-preview:-1\" \/>\n<link rel=\"canonical\" href=\"https:\/\/naturalpoland.com\/ko\/je-pum\/hwa-jang-pum-won-ryo\/e-sen-syeol-o-il\/%ed%8c%a8%ec%b6%9c%eb%a6%ac-%ec%98%a4%ec%9d%bc\/\" \/>\n<meta property=\"og:locale\" content=\"ko_KR\" \/>\n<meta property=\"og:type\" content=\"article\" \/>\n<meta property=\"og:description\" content=\"\ud328\ucd9c\ub9ac \uc624\uc77c\uc740 \ud53c\ubd80, \uac10\uc815, \uac10\uac01\uc5d0 \uad11\ubc94\uc704\ud558\uac8c \uc791\uc6a9\ud558\ub294 \uc81c\ud488\uc785\ub2c8\ub2e4. \uae30\ubd84\uacfc \ubbf8\uc6a9\uc744 \uac1c\uc120\ud558\ub294 \uc790\uc5f0\uc801\uc778 \ubc29\ubc95 \uc911 \ud558\ub098\uc785\ub2c8\ub2e4.\" \/>\n<meta property=\"og:url\" content=\"https:\/\/naturalpoland.com\/ko\/je-pum\/hwa-jang-pum-won-ryo\/e-sen-syeol-o-il\/%ed%8c%a8%ec%b6%9c%eb%a6%ac-%ec%98%a4%ec%9d%bc\/\" \/>\n<meta property=\"og:site_name\" content=\"NATURAL POLAND - Hurtowy Dystrybutor Surowc\u00f3w\" \/>\n<meta property=\"article:publisher\" content=\"https:\/\/www.facebook.com\/naturalpoland.b2b\" \/>\n<meta property=\"article:modified_time\" content=\"2025-09-30T12:16:23+00:00\" \/>\n<meta property=\"og:image\" content=\"https:\/\/naturalpoland.com\/wp-content\/uploads\/olejek-eteryczny-z-paczuli.webp\" \/>\n\t<meta property=\"og:image:width\" content=\"619\" \/>\n\t<meta property=\"og:image:height\" content=\"619\" \/>\n\t<meta property=\"og:image:type\" content=\"image\/webp\" \/>\n<script type=\"application\/ld+json\" class=\"yoast-schema-graph\">{\"@context\":\"https:\\\/\\\/schema.org\",\"@graph\":[{\"@type\":\"WebPage\",\"@id\":\"https:\\\/\\\/naturalpoland.com\\\/ko\\\/je-pum\\\/hwa-jang-pum-won-ryo\\\/e-sen-syeol-o-il\\\/%ed%8c%a8%ec%b6%9c%eb%a6%ac-%ec%98%a4%ec%9d%bc\\\/\",\"url\":\"https:\\\/\\\/naturalpoland.com\\\/ko\\\/je-pum\\\/hwa-jang-pum-won-ryo\\\/e-sen-syeol-o-il\\\/%ed%8c%a8%ec%b6%9c%eb%a6%ac-%ec%98%a4%ec%9d%bc\\\/\",\"name\":\"\",\"isPartOf\":{\"@id\":\"https:\\\/\\\/naturalpoland.com\\\/ko\\\/#website\"},\"primaryImageOfPage\":{\"@id\":\"https:\\\/\\\/naturalpoland.com\\\/ko\\\/je-pum\\\/hwa-jang-pum-won-ryo\\\/e-sen-syeol-o-il\\\/%ed%8c%a8%ec%b6%9c%eb%a6%ac-%ec%98%a4%ec%9d%bc\\\/#primaryimage\"},\"image\":{\"@id\":\"https:\\\/\\\/naturalpoland.com\\\/ko\\\/je-pum\\\/hwa-jang-pum-won-ryo\\\/e-sen-syeol-o-il\\\/%ed%8c%a8%ec%b6%9c%eb%a6%ac-%ec%98%a4%ec%9d%bc\\\/#primaryimage\"},\"thumbnailUrl\":\"https:\\\/\\\/naturalpoland.com\\\/wp-content\\\/uploads\\\/olejek-eteryczny-z-paczuli.webp\",\"datePublished\":\"2024-10-17T13:31:29+00:00\",\"dateModified\":\"2025-09-30T12:16:23+00:00\",\"description\":\"\ud328\ucd9c\ub9ac \uc624\uc77c\uc740 \ud53c\ubd80, \uac10\uc815, \uac10\uac01\uc5d0 \uad11\ubc94\uc704\ud558\uac8c \uc791\uc6a9\ud558\ub294 \uc81c\ud488\uc785\ub2c8\ub2e4. \uae30\ubd84\uacfc \ubbf8\uc6a9\uc744 \uac1c\uc120\ud558\ub294 \uc790\uc5f0\uc801\uc778 \ubc29\ubc95 \uc911 \ud558\ub098\uc785\ub2c8\ub2e4.\",\"breadcrumb\":{\"@id\":\"https:\\\/\\\/naturalpoland.com\\\/ko\\\/je-pum\\\/hwa-jang-pum-won-ryo\\\/e-sen-syeol-o-il\\\/%ed%8c%a8%ec%b6%9c%eb%a6%ac-%ec%98%a4%ec%9d%bc\\\/#breadcrumb\"},\"inLanguage\":\"ko-KR\",\"potentialAction\":[{\"@type\":\"ReadAction\",\"target\":[\"https:\\\/\\\/naturalpoland.com\\\/ko\\\/je-pum\\\/hwa-jang-pum-won-ryo\\\/e-sen-syeol-o-il\\\/%ed%8c%a8%ec%b6%9c%eb%a6%ac-%ec%98%a4%ec%9d%bc\\\/\"]}]},{\"@type\":\"ImageObject\",\"inLanguage\":\"ko-KR\",\"@id\":\"https:\\\/\\\/naturalpoland.com\\\/ko\\\/je-pum\\\/hwa-jang-pum-won-ryo\\\/e-sen-syeol-o-il\\\/%ed%8c%a8%ec%b6%9c%eb%a6%ac-%ec%98%a4%ec%9d%bc\\\/#primaryimage\",\"url\":\"https:\\\/\\\/naturalpoland.com\\\/wp-content\\\/uploads\\\/olejek-eteryczny-z-paczuli.webp\",\"contentUrl\":\"https:\\\/\\\/naturalpoland.com\\\/wp-content\\\/uploads\\\/olejek-eteryczny-z-paczuli.webp\",\"width\":619,\"height\":619,\"caption\":\"\ud328\ucd9c\ub9ac \uc5d0\uc13c\uc15c \uc624\uc77c\"},{\"@type\":\"BreadcrumbList\",\"@id\":\"https:\\\/\\\/naturalpoland.com\\\/ko\\\/je-pum\\\/hwa-jang-pum-won-ryo\\\/e-sen-syeol-o-il\\\/%ed%8c%a8%ec%b6%9c%eb%a6%ac-%ec%98%a4%ec%9d%bc\\\/#breadcrumb\",\"itemListElement\":[{\"@type\":\"ListItem\",\"position\":1,\"name\":\"\ud648\",\"item\":\"https:\\\/\\\/naturalpoland.com\\\/ko\\\/\"},{\"@type\":\"ListItem\",\"position\":2,\"name\":\"\uc81c\ud488\",\"item\":\"https:\\\/\\\/naturalpoland.com\\\/ko\\\/%ec%a0%9c%ed%92%88\\\/\"},{\"@type\":\"ListItem\",\"position\":3,\"name\":\"\ud328\ucd9c\ub9ac \uc624\uc77c\"}]},{\"@type\":\"WebSite\",\"@id\":\"https:\\\/\\\/naturalpoland.com\\\/ko\\\/#website\",\"url\":\"https:\\\/\\\/naturalpoland.com\\\/ko\\\/\",\"name\":\"NATURAL POLAND - Hurtowy Dystrybutor Surowc\u00f3w\",\"description\":\"Surowce dla przemys\u0142u spo\u017cywczego, kosmetycznego i farmaceutycznego\",\"publisher\":{\"@id\":\"https:\\\/\\\/naturalpoland.com\\\/ko\\\/#organization\"},\"potentialAction\":[{\"@type\":\"SearchAction\",\"target\":{\"@type\":\"EntryPoint\",\"urlTemplate\":\"https:\\\/\\\/naturalpoland.com\\\/ko\\\/?s={search_term_string}\"},\"query-input\":{\"@type\":\"PropertyValueSpecification\",\"valueRequired\":true,\"valueName\":\"search_term_string\"}}],\"inLanguage\":\"ko-KR\"},{\"@type\":\"Organization\",\"@id\":\"https:\\\/\\\/naturalpoland.com\\\/ko\\\/#organization\",\"name\":\"Natural Poland\",\"url\":\"https:\\\/\\\/naturalpoland.com\\\/ko\\\/\",\"logo\":{\"@type\":\"ImageObject\",\"inLanguage\":\"ko-KR\",\"@id\":\"https:\\\/\\\/naturalpoland.com\\\/ko\\\/#\\\/schema\\\/logo\\\/image\\\/\",\"url\":\"https:\\\/\\\/naturalpoland.com\\\/wp-content\\\/uploads\\\/2021\\\/05\\\/natural-poland-icon.png\",\"contentUrl\":\"https:\\\/\\\/naturalpoland.com\\\/wp-content\\\/uploads\\\/2021\\\/05\\\/natural-poland-icon.png\",\"width\":512,\"height\":512,\"caption\":\"Natural Poland\"},\"image\":{\"@id\":\"https:\\\/\\\/naturalpoland.com\\\/ko\\\/#\\\/schema\\\/logo\\\/image\\\/\"},\"sameAs\":[\"https:\\\/\\\/www.facebook.com\\\/naturalpoland.b2b\",\"https:\\\/\\\/pl.linkedin.com\\\/company\\\/natural-poland\",\"https:\\\/\\\/www.youtube.com\\\/channel\\\/UCgeGGkvOMahZo-xu_MSEWxg\"]}]}<\/script>\n<!-- \/ Yoast SEO plugin. -->","yoast_head_json":{"title":"NATURAL POLAND &#8211; Hurtowy Dystrybutor Surowc\u00f3w","description":"\ud328\ucd9c\ub9ac \uc624\uc77c\uc740 \ud53c\ubd80, \uac10\uc815, \uac10\uac01\uc5d0 \uad11\ubc94\uc704\ud558\uac8c \uc791\uc6a9\ud558\ub294 \uc81c\ud488\uc785\ub2c8\ub2e4. \uae30\ubd84\uacfc \ubbf8\uc6a9\uc744 \uac1c\uc120\ud558\ub294 \uc790\uc5f0\uc801\uc778 \ubc29\ubc95 \uc911 \ud558\ub098\uc785\ub2c8\ub2e4.","robots":{"index":"index","follow":"follow","max-snippet":"max-snippet:-1","max-image-preview":"max-image-preview:large","max-video-preview":"max-video-preview:-1"},"canonical":"https:\/\/naturalpoland.com\/ko\/je-pum\/hwa-jang-pum-won-ryo\/e-sen-syeol-o-il\/%ed%8c%a8%ec%b6%9c%eb%a6%ac-%ec%98%a4%ec%9d%bc\/","og_locale":"ko_KR","og_type":"article","og_description":"\ud328\ucd9c\ub9ac \uc624\uc77c\uc740 \ud53c\ubd80, \uac10\uc815, \uac10\uac01\uc5d0 \uad11\ubc94\uc704\ud558\uac8c \uc791\uc6a9\ud558\ub294 \uc81c\ud488\uc785\ub2c8\ub2e4. \uae30\ubd84\uacfc \ubbf8\uc6a9\uc744 \uac1c\uc120\ud558\ub294 \uc790\uc5f0\uc801\uc778 \ubc29\ubc95 \uc911 \ud558\ub098\uc785\ub2c8\ub2e4.","og_url":"https:\/\/naturalpoland.com\/ko\/je-pum\/hwa-jang-pum-won-ryo\/e-sen-syeol-o-il\/%ed%8c%a8%ec%b6%9c%eb%a6%ac-%ec%98%a4%ec%9d%bc\/","og_site_name":"NATURAL POLAND - Hurtowy Dystrybutor Surowc\u00f3w","article_publisher":"https:\/\/www.facebook.com\/naturalpoland.b2b","article_modified_time":"2025-09-30T12:16:23+00:00","og_image":[{"width":619,"height":619,"url":"https:\/\/naturalpoland.com\/wp-content\/uploads\/olejek-eteryczny-z-paczuli.webp","type":"image\/webp"}],"schema":{"@context":"https:\/\/schema.org","@graph":[{"@type":"WebPage","@id":"https:\/\/naturalpoland.com\/ko\/je-pum\/hwa-jang-pum-won-ryo\/e-sen-syeol-o-il\/%ed%8c%a8%ec%b6%9c%eb%a6%ac-%ec%98%a4%ec%9d%bc\/","url":"https:\/\/naturalpoland.com\/ko\/je-pum\/hwa-jang-pum-won-ryo\/e-sen-syeol-o-il\/%ed%8c%a8%ec%b6%9c%eb%a6%ac-%ec%98%a4%ec%9d%bc\/","name":"","isPartOf":{"@id":"https:\/\/naturalpoland.com\/ko\/#website"},"primaryImageOfPage":{"@id":"https:\/\/naturalpoland.com\/ko\/je-pum\/hwa-jang-pum-won-ryo\/e-sen-syeol-o-il\/%ed%8c%a8%ec%b6%9c%eb%a6%ac-%ec%98%a4%ec%9d%bc\/#primaryimage"},"image":{"@id":"https:\/\/naturalpoland.com\/ko\/je-pum\/hwa-jang-pum-won-ryo\/e-sen-syeol-o-il\/%ed%8c%a8%ec%b6%9c%eb%a6%ac-%ec%98%a4%ec%9d%bc\/#primaryimage"},"thumbnailUrl":"https:\/\/naturalpoland.com\/wp-content\/uploads\/olejek-eteryczny-z-paczuli.webp","datePublished":"2024-10-17T13:31:29+00:00","dateModified":"2025-09-30T12:16:23+00:00","description":"\ud328\ucd9c\ub9ac \uc624\uc77c\uc740 \ud53c\ubd80, \uac10\uc815, \uac10\uac01\uc5d0 \uad11\ubc94\uc704\ud558\uac8c \uc791\uc6a9\ud558\ub294 \uc81c\ud488\uc785\ub2c8\ub2e4. \uae30\ubd84\uacfc \ubbf8\uc6a9\uc744 \uac1c\uc120\ud558\ub294 \uc790\uc5f0\uc801\uc778 \ubc29\ubc95 \uc911 \ud558\ub098\uc785\ub2c8\ub2e4.","breadcrumb":{"@id":"https:\/\/naturalpoland.com\/ko\/je-pum\/hwa-jang-pum-won-ryo\/e-sen-syeol-o-il\/%ed%8c%a8%ec%b6%9c%eb%a6%ac-%ec%98%a4%ec%9d%bc\/#breadcrumb"},"inLanguage":"ko-KR","potentialAction":[{"@type":"ReadAction","target":["https:\/\/naturalpoland.com\/ko\/je-pum\/hwa-jang-pum-won-ryo\/e-sen-syeol-o-il\/%ed%8c%a8%ec%b6%9c%eb%a6%ac-%ec%98%a4%ec%9d%bc\/"]}]},{"@type":"ImageObject","inLanguage":"ko-KR","@id":"https:\/\/naturalpoland.com\/ko\/je-pum\/hwa-jang-pum-won-ryo\/e-sen-syeol-o-il\/%ed%8c%a8%ec%b6%9c%eb%a6%ac-%ec%98%a4%ec%9d%bc\/#primaryimage","url":"https:\/\/naturalpoland.com\/wp-content\/uploads\/olejek-eteryczny-z-paczuli.webp","contentUrl":"https:\/\/naturalpoland.com\/wp-content\/uploads\/olejek-eteryczny-z-paczuli.webp","width":619,"height":619,"caption":"\ud328\ucd9c\ub9ac \uc5d0\uc13c\uc15c \uc624\uc77c"},{"@type":"BreadcrumbList","@id":"https:\/\/naturalpoland.com\/ko\/je-pum\/hwa-jang-pum-won-ryo\/e-sen-syeol-o-il\/%ed%8c%a8%ec%b6%9c%eb%a6%ac-%ec%98%a4%ec%9d%bc\/#breadcrumb","itemListElement":[{"@type":"ListItem","position":1,"name":"\ud648","item":"https:\/\/naturalpoland.com\/ko\/"},{"@type":"ListItem","position":2,"name":"\uc81c\ud488","item":"https:\/\/naturalpoland.com\/ko\/%ec%a0%9c%ed%92%88\/"},{"@type":"ListItem","position":3,"name":"\ud328\ucd9c\ub9ac \uc624\uc77c"}]},{"@type":"WebSite","@id":"https:\/\/naturalpoland.com\/ko\/#website","url":"https:\/\/naturalpoland.com\/ko\/","name":"NATURAL POLAND - Hurtowy Dystrybutor Surowc\u00f3w","description":"Surowce dla przemys\u0142u spo\u017cywczego, kosmetycznego i farmaceutycznego","publisher":{"@id":"https:\/\/naturalpoland.com\/ko\/#organization"},"potentialAction":[{"@type":"SearchAction","target":{"@type":"EntryPoint","urlTemplate":"https:\/\/naturalpoland.com\/ko\/?s={search_term_string}"},"query-input":{"@type":"PropertyValueSpecification","valueRequired":true,"valueName":"search_term_string"}}],"inLanguage":"ko-KR"},{"@type":"Organization","@id":"https:\/\/naturalpoland.com\/ko\/#organization","name":"Natural Poland","url":"https:\/\/naturalpoland.com\/ko\/","logo":{"@type":"ImageObject","inLanguage":"ko-KR","@id":"https:\/\/naturalpoland.com\/ko\/#\/schema\/logo\/image\/","url":"https:\/\/naturalpoland.com\/wp-content\/uploads\/2021\/05\/natural-poland-icon.png","contentUrl":"https:\/\/naturalpoland.com\/wp-content\/uploads\/2021\/05\/natural-poland-icon.png","width":512,"height":512,"caption":"Natural Poland"},"image":{"@id":"https:\/\/naturalpoland.com\/ko\/#\/schema\/logo\/image\/"},"sameAs":["https:\/\/www.facebook.com\/naturalpoland.b2b","https:\/\/pl.linkedin.com\/company\/natural-poland","https:\/\/www.youtube.com\/channel\/UCgeGGkvOMahZo-xu_MSEWxg"]}]}},"_links":{"self":[{"href":"https:\/\/naturalpoland.com\/ko\/wp-json\/wp\/v2\/product\/43497","targetHints":{"allow":["GET"]}}],"collection":[{"href":"https:\/\/naturalpoland.com\/ko\/wp-json\/wp\/v2\/product"}],"about":[{"href":"https:\/\/naturalpoland.com\/ko\/wp-json\/wp\/v2\/types\/product"}],"wp:featuredmedia":[{"embeddable":true,"href":"https:\/\/naturalpoland.com\/ko\/wp-json\/wp\/v2\/media\/43498"}],"wp:attachment":[{"href":"https:\/\/naturalpoland.com\/ko\/wp-json\/wp\/v2\/media?parent=43497"}],"wp:term":[{"taxonomy":"product_brand","embeddable":true,"href":"https:\/\/naturalpoland.com\/ko\/wp-json\/wp\/v2\/product_brand?post=43497"},{"taxonomy":"product_cat","embeddable":true,"href":"https:\/\/naturalpoland.com\/ko\/wp-json\/wp\/v2\/product_cat?post=43497"},{"taxonomy":"product_tag","embeddable":true,"href":"https:\/\/naturalpoland.com\/ko\/wp-json\/wp\/v2\/product_tag?post=43497"}],"curies":[{"name":"wp","href":"https:\/\/api.w.org\/{rel}","templated":true}]}}