{"id":43501,"date":"2024-10-18T10:54:55","date_gmt":"2024-10-18T08:54:55","guid":{"rendered":"https:\/\/naturalpoland.com\/produkty\/uncategorized\/%ec%8a%a4%ed%94%bc%ec%96%b4%eb%af%bc%ed%8a%b8-%ec%98%a4%ec%9d%bc\/"},"modified":"2025-09-30T14:16:28","modified_gmt":"2025-09-30T12:16:28","slug":"%ec%8a%a4%ed%94%bc%ec%96%b4%eb%af%bc%ed%8a%b8-%ec%98%a4%ec%9d%bc","status":"publish","type":"product","link":"https:\/\/naturalpoland.com\/ko\/je-pum\/hwa-jang-pum-won-ryo\/e-sen-syeol-o-il\/%ec%8a%a4%ed%94%bc%ec%96%b4%eb%af%bc%ed%8a%b8-%ec%98%a4%ec%9d%bc\/","title":{"rendered":"\uc2a4\ud53c\uc5b4\ubbfc\ud2b8 \uc624\uc77c"},"content":{"rendered":"<h2>\ud2b9\uc131<\/h2>\n<p>\uc2a4\ud53c\uc5b4\ubbfc\ud2b8\ub294 <strong>\ub450\ud1b5 \uc644\ud654<\/strong>, \uadfc\uc721 \uae34\uc7a5 \ubc0f \ud53c\ub85c \ud574\uc18c\uc5d0 \ud6a8\uacfc\uc801\uc778 \uac83\uc73c\ub85c \uc54c\ub824\uc838 \uc788\uc2b5\ub2c8\ub2e4. \ub9c8\uc0ac\uc9c0\uc5d0 \uc0ac\uc6a9\ud558\uba74 <strong>\uadfc\uc721\uc744 \uc774\uc644<\/strong>\uc2dc\ud0a4\uace0 \uaca9\ub82c\ud55c \uc2e0\uccb4 \ud65c\ub3d9 \ud6c4 \ud53c\ub85c\ub97c \ud480\uc5b4\uc8fc\ub294 \ub370 \ub3c4\uc6c0\uc774 \ub429\ub2c8\ub2e4. <\/p>\n<p>\uc2a4\ud53c\uc5b4\ubbfc\ud2b8 \uc624\uc77c\uc740 \ub610\ud55c <strong>\ud56d\uade0<\/strong> \ubc0f <strong>\ud56d\uc5fc<\/strong> \ud2b9\uc131\uc744 \ub098\ud0c0\ub0c5\ub2c8\ub2e4. \ud654\uc7a5\ud488 \ucca8\uac00\uc81c\ub85c \uc0ac\uc6a9\ud558\uba74 \ud53c\ubd80 \uc5fc\uc99d, \uc790\uadf9 \ubc0f \uacbd\ubbf8\ud55c \uac10\uc5fc\uc744 \uc644\ud654\ud558\ub294 \ub370 \ub3c4\uc6c0\uc774 \ub429\ub2c8\ub2e4. <\/p>\n<p>\uc2a4\ud53c\uc5b4\ubbfc\ud2b8 \uc624\uc77c\uc740 \ub77c\ubca4\ub354, \uc720\uce7c\ub9bd\ud22c\uc2a4, \ub85c\uc988\ub9c8\ub9ac \ub610\ub294 \ubc14\uc9c8\uacfc \uac19\uc740 \ub2e4\ub978 \uc5d0\uc13c\uc15c \uc624\uc77c\uacfc \uc644\ubcbd\ud558\uac8c \uc870\ud654\ub97c \uc774\ub8f9\ub2c8\ub2e4.<\/p>\n<p>&nbsp;<\/p>\n","protected":false},"excerpt":{"rendered":"<p><strong>\uc2a4\ud53c\uc5b4\ubbfc\ud2b8 \uc5d0\uc13c\uc15c \uc624\uc77c<\/strong>\uc740 <em>\uba58\ud0c0 \uc2a4\ud53c\uce74\ud0c0(Mentha spicata)<\/em> \uc2dd\ubb3c\uc758 \uc78e\uc5d0\uc11c \ucd94\ucd9c\ub429\ub2c8\ub2e4. \uc544\ub85c\ub9c8\ud14c\ub77c\ud53c\uc640 \uc77c\uc0c1\uc801\uc778 \uad00\ub9ac\uc5d0 \ubaa8\ub450 \uc0ac\uc6a9\ub429\ub2c8\ub2e4. \ud398\ud37c\ubbfc\ud2b8\ubcf4\ub2e4 \uc21c\ud558\uac8c \uc791\uc6a9\ud558\ubbc0\ub85c \ubbfc\uac10\uc131 \ud53c\ubd80\ub97c \uac00\uc9c4 \uc0ac\ub78c\ub4e4\ub3c4 \uc0ac\uc6a9\ud560 \uc218 \uc788\uc2b5\ub2c8\ub2e4.  <\/p>\n<h3><\/h3>\n","protected":false},"featured_media":43502,"template":"","meta":[],"product_brand":[],"product_cat":[8155],"product_tag":[],"class_list":{"0":"post-43501","1":"product","2":"type-product","3":"status-publish","4":"has-post-thumbnail","6":"product_cat-e-sen-syeol-o-il","7":"pa_czesc-rosliny-8186","9":"first","10":"instock","11":"shipping-taxable","12":"product-type-simple"},"yoast_head":"<!-- This site is optimized with the Yoast SEO plugin v27.3 - https:\/\/yoast.com\/product\/yoast-seo-wordpress\/ -->\n<title>NATURAL POLAND &#8211; Hurtowy Dystrybutor Surowc\u00f3w<\/title>\n<meta name=\"description\" content=\"\uba58\ud0c0 \uc2a4\ud53c\uce74\ud0c0(Mentha spicata) \uc2dd\ubb3c\uc758 \uc78e\uc5d0\uc11c \ucd94\ucd9c\ud55c \uc2a4\ud53c\uc5b4\ubbfc\ud2b8 \uc5d0\uc13c\uc15c \uc624\uc77c\uc740 \uc544\ub85c\ub9c8\ud14c\ub77c\ud53c\uc640 \uc77c\uc0c1\uc801\uc778 \uad00\ub9ac\uc5d0 \ubaa8\ub450 \uc0ac\uc6a9\ub429\ub2c8\ub2e4.\" \/>\n<meta name=\"robots\" content=\"index, follow, max-snippet:-1, max-image-preview:large, max-video-preview:-1\" \/>\n<link rel=\"canonical\" href=\"https:\/\/naturalpoland.com\/ko\/je-pum\/hwa-jang-pum-won-ryo\/e-sen-syeol-o-il\/%ec%8a%a4%ed%94%bc%ec%96%b4%eb%af%bc%ed%8a%b8-%ec%98%a4%ec%9d%bc\/\" \/>\n<meta property=\"og:locale\" content=\"ko_KR\" \/>\n<meta property=\"og:type\" content=\"article\" \/>\n<meta property=\"og:description\" content=\"\uba58\ud0c0 \uc2a4\ud53c\uce74\ud0c0(Mentha spicata) \uc2dd\ubb3c\uc758 \uc78e\uc5d0\uc11c \ucd94\ucd9c\ud55c \uc2a4\ud53c\uc5b4\ubbfc\ud2b8 \uc5d0\uc13c\uc15c \uc624\uc77c\uc740 \uc544\ub85c\ub9c8\ud14c\ub77c\ud53c\uc640 \uc77c\uc0c1\uc801\uc778 \uad00\ub9ac\uc5d0 \ubaa8\ub450 \uc0ac\uc6a9\ub429\ub2c8\ub2e4.\" \/>\n<meta property=\"og:url\" content=\"https:\/\/naturalpoland.com\/ko\/je-pum\/hwa-jang-pum-won-ryo\/e-sen-syeol-o-il\/%ec%8a%a4%ed%94%bc%ec%96%b4%eb%af%bc%ed%8a%b8-%ec%98%a4%ec%9d%bc\/\" \/>\n<meta property=\"og:site_name\" content=\"NATURAL POLAND - Hurtowy Dystrybutor Surowc\u00f3w\" \/>\n<meta property=\"article:publisher\" content=\"https:\/\/www.facebook.com\/naturalpoland.b2b\" \/>\n<meta property=\"article:modified_time\" content=\"2025-09-30T12:16:28+00:00\" \/>\n<meta property=\"og:image\" content=\"https:\/\/naturalpoland.com\/wp-content\/uploads\/olejek-z-miety-zielonej.webp\" \/>\n\t<meta property=\"og:image:width\" content=\"619\" \/>\n\t<meta property=\"og:image:height\" content=\"619\" \/>\n\t<meta property=\"og:image:type\" content=\"image\/webp\" \/>\n<script type=\"application\/ld+json\" class=\"yoast-schema-graph\">{\"@context\":\"https:\\\/\\\/schema.org\",\"@graph\":[{\"@type\":\"WebPage\",\"@id\":\"https:\\\/\\\/naturalpoland.com\\\/ko\\\/je-pum\\\/hwa-jang-pum-won-ryo\\\/e-sen-syeol-o-il\\\/%ec%8a%a4%ed%94%bc%ec%96%b4%eb%af%bc%ed%8a%b8-%ec%98%a4%ec%9d%bc\\\/\",\"url\":\"https:\\\/\\\/naturalpoland.com\\\/ko\\\/je-pum\\\/hwa-jang-pum-won-ryo\\\/e-sen-syeol-o-il\\\/%ec%8a%a4%ed%94%bc%ec%96%b4%eb%af%bc%ed%8a%b8-%ec%98%a4%ec%9d%bc\\\/\",\"name\":\"\",\"isPartOf\":{\"@id\":\"https:\\\/\\\/naturalpoland.com\\\/ko\\\/#website\"},\"primaryImageOfPage\":{\"@id\":\"https:\\\/\\\/naturalpoland.com\\\/ko\\\/je-pum\\\/hwa-jang-pum-won-ryo\\\/e-sen-syeol-o-il\\\/%ec%8a%a4%ed%94%bc%ec%96%b4%eb%af%bc%ed%8a%b8-%ec%98%a4%ec%9d%bc\\\/#primaryimage\"},\"image\":{\"@id\":\"https:\\\/\\\/naturalpoland.com\\\/ko\\\/je-pum\\\/hwa-jang-pum-won-ryo\\\/e-sen-syeol-o-il\\\/%ec%8a%a4%ed%94%bc%ec%96%b4%eb%af%bc%ed%8a%b8-%ec%98%a4%ec%9d%bc\\\/#primaryimage\"},\"thumbnailUrl\":\"https:\\\/\\\/naturalpoland.com\\\/wp-content\\\/uploads\\\/olejek-z-miety-zielonej.webp\",\"datePublished\":\"2024-10-18T08:54:55+00:00\",\"dateModified\":\"2025-09-30T12:16:28+00:00\",\"description\":\"\uba58\ud0c0 \uc2a4\ud53c\uce74\ud0c0(Mentha spicata) \uc2dd\ubb3c\uc758 \uc78e\uc5d0\uc11c \ucd94\ucd9c\ud55c \uc2a4\ud53c\uc5b4\ubbfc\ud2b8 \uc5d0\uc13c\uc15c \uc624\uc77c\uc740 \uc544\ub85c\ub9c8\ud14c\ub77c\ud53c\uc640 \uc77c\uc0c1\uc801\uc778 \uad00\ub9ac\uc5d0 \ubaa8\ub450 \uc0ac\uc6a9\ub429\ub2c8\ub2e4.\",\"breadcrumb\":{\"@id\":\"https:\\\/\\\/naturalpoland.com\\\/ko\\\/je-pum\\\/hwa-jang-pum-won-ryo\\\/e-sen-syeol-o-il\\\/%ec%8a%a4%ed%94%bc%ec%96%b4%eb%af%bc%ed%8a%b8-%ec%98%a4%ec%9d%bc\\\/#breadcrumb\"},\"inLanguage\":\"ko-KR\",\"potentialAction\":[{\"@type\":\"ReadAction\",\"target\":[\"https:\\\/\\\/naturalpoland.com\\\/ko\\\/je-pum\\\/hwa-jang-pum-won-ryo\\\/e-sen-syeol-o-il\\\/%ec%8a%a4%ed%94%bc%ec%96%b4%eb%af%bc%ed%8a%b8-%ec%98%a4%ec%9d%bc\\\/\"]}]},{\"@type\":\"ImageObject\",\"inLanguage\":\"ko-KR\",\"@id\":\"https:\\\/\\\/naturalpoland.com\\\/ko\\\/je-pum\\\/hwa-jang-pum-won-ryo\\\/e-sen-syeol-o-il\\\/%ec%8a%a4%ed%94%bc%ec%96%b4%eb%af%bc%ed%8a%b8-%ec%98%a4%ec%9d%bc\\\/#primaryimage\",\"url\":\"https:\\\/\\\/naturalpoland.com\\\/wp-content\\\/uploads\\\/olejek-z-miety-zielonej.webp\",\"contentUrl\":\"https:\\\/\\\/naturalpoland.com\\\/wp-content\\\/uploads\\\/olejek-z-miety-zielonej.webp\",\"width\":619,\"height\":619,\"caption\":\"\uc2a4\ud53c\uc5b4\ubbfc\ud2b8 \uc5d0\uc13c\uc15c \uc624\uc77c\"},{\"@type\":\"BreadcrumbList\",\"@id\":\"https:\\\/\\\/naturalpoland.com\\\/ko\\\/je-pum\\\/hwa-jang-pum-won-ryo\\\/e-sen-syeol-o-il\\\/%ec%8a%a4%ed%94%bc%ec%96%b4%eb%af%bc%ed%8a%b8-%ec%98%a4%ec%9d%bc\\\/#breadcrumb\",\"itemListElement\":[{\"@type\":\"ListItem\",\"position\":1,\"name\":\"\ud648\",\"item\":\"https:\\\/\\\/naturalpoland.com\\\/ko\\\/\"},{\"@type\":\"ListItem\",\"position\":2,\"name\":\"\uc81c\ud488\",\"item\":\"https:\\\/\\\/naturalpoland.com\\\/ko\\\/%ec%a0%9c%ed%92%88\\\/\"},{\"@type\":\"ListItem\",\"position\":3,\"name\":\"\uc2a4\ud53c\uc5b4\ubbfc\ud2b8 \uc624\uc77c\"}]},{\"@type\":\"WebSite\",\"@id\":\"https:\\\/\\\/naturalpoland.com\\\/ko\\\/#website\",\"url\":\"https:\\\/\\\/naturalpoland.com\\\/ko\\\/\",\"name\":\"NATURAL POLAND - Hurtowy Dystrybutor Surowc\u00f3w\",\"description\":\"Surowce dla przemys\u0142u spo\u017cywczego, kosmetycznego i farmaceutycznego\",\"publisher\":{\"@id\":\"https:\\\/\\\/naturalpoland.com\\\/ko\\\/#organization\"},\"potentialAction\":[{\"@type\":\"SearchAction\",\"target\":{\"@type\":\"EntryPoint\",\"urlTemplate\":\"https:\\\/\\\/naturalpoland.com\\\/ko\\\/?s={search_term_string}\"},\"query-input\":{\"@type\":\"PropertyValueSpecification\",\"valueRequired\":true,\"valueName\":\"search_term_string\"}}],\"inLanguage\":\"ko-KR\"},{\"@type\":\"Organization\",\"@id\":\"https:\\\/\\\/naturalpoland.com\\\/ko\\\/#organization\",\"name\":\"Natural Poland\",\"url\":\"https:\\\/\\\/naturalpoland.com\\\/ko\\\/\",\"logo\":{\"@type\":\"ImageObject\",\"inLanguage\":\"ko-KR\",\"@id\":\"https:\\\/\\\/naturalpoland.com\\\/ko\\\/#\\\/schema\\\/logo\\\/image\\\/\",\"url\":\"https:\\\/\\\/naturalpoland.com\\\/wp-content\\\/uploads\\\/2021\\\/05\\\/natural-poland-icon.png\",\"contentUrl\":\"https:\\\/\\\/naturalpoland.com\\\/wp-content\\\/uploads\\\/2021\\\/05\\\/natural-poland-icon.png\",\"width\":512,\"height\":512,\"caption\":\"Natural Poland\"},\"image\":{\"@id\":\"https:\\\/\\\/naturalpoland.com\\\/ko\\\/#\\\/schema\\\/logo\\\/image\\\/\"},\"sameAs\":[\"https:\\\/\\\/www.facebook.com\\\/naturalpoland.b2b\",\"https:\\\/\\\/pl.linkedin.com\\\/company\\\/natural-poland\",\"https:\\\/\\\/www.youtube.com\\\/channel\\\/UCgeGGkvOMahZo-xu_MSEWxg\"]}]}<\/script>\n<!-- \/ Yoast SEO plugin. -->","yoast_head_json":{"title":"NATURAL POLAND &#8211; Hurtowy Dystrybutor Surowc\u00f3w","description":"\uba58\ud0c0 \uc2a4\ud53c\uce74\ud0c0(Mentha spicata) \uc2dd\ubb3c\uc758 \uc78e\uc5d0\uc11c \ucd94\ucd9c\ud55c \uc2a4\ud53c\uc5b4\ubbfc\ud2b8 \uc5d0\uc13c\uc15c \uc624\uc77c\uc740 \uc544\ub85c\ub9c8\ud14c\ub77c\ud53c\uc640 \uc77c\uc0c1\uc801\uc778 \uad00\ub9ac\uc5d0 \ubaa8\ub450 \uc0ac\uc6a9\ub429\ub2c8\ub2e4.","robots":{"index":"index","follow":"follow","max-snippet":"max-snippet:-1","max-image-preview":"max-image-preview:large","max-video-preview":"max-video-preview:-1"},"canonical":"https:\/\/naturalpoland.com\/ko\/je-pum\/hwa-jang-pum-won-ryo\/e-sen-syeol-o-il\/%ec%8a%a4%ed%94%bc%ec%96%b4%eb%af%bc%ed%8a%b8-%ec%98%a4%ec%9d%bc\/","og_locale":"ko_KR","og_type":"article","og_description":"\uba58\ud0c0 \uc2a4\ud53c\uce74\ud0c0(Mentha spicata) \uc2dd\ubb3c\uc758 \uc78e\uc5d0\uc11c \ucd94\ucd9c\ud55c \uc2a4\ud53c\uc5b4\ubbfc\ud2b8 \uc5d0\uc13c\uc15c \uc624\uc77c\uc740 \uc544\ub85c\ub9c8\ud14c\ub77c\ud53c\uc640 \uc77c\uc0c1\uc801\uc778 \uad00\ub9ac\uc5d0 \ubaa8\ub450 \uc0ac\uc6a9\ub429\ub2c8\ub2e4.","og_url":"https:\/\/naturalpoland.com\/ko\/je-pum\/hwa-jang-pum-won-ryo\/e-sen-syeol-o-il\/%ec%8a%a4%ed%94%bc%ec%96%b4%eb%af%bc%ed%8a%b8-%ec%98%a4%ec%9d%bc\/","og_site_name":"NATURAL POLAND - Hurtowy Dystrybutor Surowc\u00f3w","article_publisher":"https:\/\/www.facebook.com\/naturalpoland.b2b","article_modified_time":"2025-09-30T12:16:28+00:00","og_image":[{"width":619,"height":619,"url":"https:\/\/naturalpoland.com\/wp-content\/uploads\/olejek-z-miety-zielonej.webp","type":"image\/webp"}],"schema":{"@context":"https:\/\/schema.org","@graph":[{"@type":"WebPage","@id":"https:\/\/naturalpoland.com\/ko\/je-pum\/hwa-jang-pum-won-ryo\/e-sen-syeol-o-il\/%ec%8a%a4%ed%94%bc%ec%96%b4%eb%af%bc%ed%8a%b8-%ec%98%a4%ec%9d%bc\/","url":"https:\/\/naturalpoland.com\/ko\/je-pum\/hwa-jang-pum-won-ryo\/e-sen-syeol-o-il\/%ec%8a%a4%ed%94%bc%ec%96%b4%eb%af%bc%ed%8a%b8-%ec%98%a4%ec%9d%bc\/","name":"","isPartOf":{"@id":"https:\/\/naturalpoland.com\/ko\/#website"},"primaryImageOfPage":{"@id":"https:\/\/naturalpoland.com\/ko\/je-pum\/hwa-jang-pum-won-ryo\/e-sen-syeol-o-il\/%ec%8a%a4%ed%94%bc%ec%96%b4%eb%af%bc%ed%8a%b8-%ec%98%a4%ec%9d%bc\/#primaryimage"},"image":{"@id":"https:\/\/naturalpoland.com\/ko\/je-pum\/hwa-jang-pum-won-ryo\/e-sen-syeol-o-il\/%ec%8a%a4%ed%94%bc%ec%96%b4%eb%af%bc%ed%8a%b8-%ec%98%a4%ec%9d%bc\/#primaryimage"},"thumbnailUrl":"https:\/\/naturalpoland.com\/wp-content\/uploads\/olejek-z-miety-zielonej.webp","datePublished":"2024-10-18T08:54:55+00:00","dateModified":"2025-09-30T12:16:28+00:00","description":"\uba58\ud0c0 \uc2a4\ud53c\uce74\ud0c0(Mentha spicata) \uc2dd\ubb3c\uc758 \uc78e\uc5d0\uc11c \ucd94\ucd9c\ud55c \uc2a4\ud53c\uc5b4\ubbfc\ud2b8 \uc5d0\uc13c\uc15c \uc624\uc77c\uc740 \uc544\ub85c\ub9c8\ud14c\ub77c\ud53c\uc640 \uc77c\uc0c1\uc801\uc778 \uad00\ub9ac\uc5d0 \ubaa8\ub450 \uc0ac\uc6a9\ub429\ub2c8\ub2e4.","breadcrumb":{"@id":"https:\/\/naturalpoland.com\/ko\/je-pum\/hwa-jang-pum-won-ryo\/e-sen-syeol-o-il\/%ec%8a%a4%ed%94%bc%ec%96%b4%eb%af%bc%ed%8a%b8-%ec%98%a4%ec%9d%bc\/#breadcrumb"},"inLanguage":"ko-KR","potentialAction":[{"@type":"ReadAction","target":["https:\/\/naturalpoland.com\/ko\/je-pum\/hwa-jang-pum-won-ryo\/e-sen-syeol-o-il\/%ec%8a%a4%ed%94%bc%ec%96%b4%eb%af%bc%ed%8a%b8-%ec%98%a4%ec%9d%bc\/"]}]},{"@type":"ImageObject","inLanguage":"ko-KR","@id":"https:\/\/naturalpoland.com\/ko\/je-pum\/hwa-jang-pum-won-ryo\/e-sen-syeol-o-il\/%ec%8a%a4%ed%94%bc%ec%96%b4%eb%af%bc%ed%8a%b8-%ec%98%a4%ec%9d%bc\/#primaryimage","url":"https:\/\/naturalpoland.com\/wp-content\/uploads\/olejek-z-miety-zielonej.webp","contentUrl":"https:\/\/naturalpoland.com\/wp-content\/uploads\/olejek-z-miety-zielonej.webp","width":619,"height":619,"caption":"\uc2a4\ud53c\uc5b4\ubbfc\ud2b8 \uc5d0\uc13c\uc15c \uc624\uc77c"},{"@type":"BreadcrumbList","@id":"https:\/\/naturalpoland.com\/ko\/je-pum\/hwa-jang-pum-won-ryo\/e-sen-syeol-o-il\/%ec%8a%a4%ed%94%bc%ec%96%b4%eb%af%bc%ed%8a%b8-%ec%98%a4%ec%9d%bc\/#breadcrumb","itemListElement":[{"@type":"ListItem","position":1,"name":"\ud648","item":"https:\/\/naturalpoland.com\/ko\/"},{"@type":"ListItem","position":2,"name":"\uc81c\ud488","item":"https:\/\/naturalpoland.com\/ko\/%ec%a0%9c%ed%92%88\/"},{"@type":"ListItem","position":3,"name":"\uc2a4\ud53c\uc5b4\ubbfc\ud2b8 \uc624\uc77c"}]},{"@type":"WebSite","@id":"https:\/\/naturalpoland.com\/ko\/#website","url":"https:\/\/naturalpoland.com\/ko\/","name":"NATURAL POLAND - Hurtowy Dystrybutor Surowc\u00f3w","description":"Surowce dla przemys\u0142u spo\u017cywczego, kosmetycznego i farmaceutycznego","publisher":{"@id":"https:\/\/naturalpoland.com\/ko\/#organization"},"potentialAction":[{"@type":"SearchAction","target":{"@type":"EntryPoint","urlTemplate":"https:\/\/naturalpoland.com\/ko\/?s={search_term_string}"},"query-input":{"@type":"PropertyValueSpecification","valueRequired":true,"valueName":"search_term_string"}}],"inLanguage":"ko-KR"},{"@type":"Organization","@id":"https:\/\/naturalpoland.com\/ko\/#organization","name":"Natural Poland","url":"https:\/\/naturalpoland.com\/ko\/","logo":{"@type":"ImageObject","inLanguage":"ko-KR","@id":"https:\/\/naturalpoland.com\/ko\/#\/schema\/logo\/image\/","url":"https:\/\/naturalpoland.com\/wp-content\/uploads\/2021\/05\/natural-poland-icon.png","contentUrl":"https:\/\/naturalpoland.com\/wp-content\/uploads\/2021\/05\/natural-poland-icon.png","width":512,"height":512,"caption":"Natural Poland"},"image":{"@id":"https:\/\/naturalpoland.com\/ko\/#\/schema\/logo\/image\/"},"sameAs":["https:\/\/www.facebook.com\/naturalpoland.b2b","https:\/\/pl.linkedin.com\/company\/natural-poland","https:\/\/www.youtube.com\/channel\/UCgeGGkvOMahZo-xu_MSEWxg"]}]}},"_links":{"self":[{"href":"https:\/\/naturalpoland.com\/ko\/wp-json\/wp\/v2\/product\/43501","targetHints":{"allow":["GET"]}}],"collection":[{"href":"https:\/\/naturalpoland.com\/ko\/wp-json\/wp\/v2\/product"}],"about":[{"href":"https:\/\/naturalpoland.com\/ko\/wp-json\/wp\/v2\/types\/product"}],"wp:featuredmedia":[{"embeddable":true,"href":"https:\/\/naturalpoland.com\/ko\/wp-json\/wp\/v2\/media\/43502"}],"wp:attachment":[{"href":"https:\/\/naturalpoland.com\/ko\/wp-json\/wp\/v2\/media?parent=43501"}],"wp:term":[{"taxonomy":"product_brand","embeddable":true,"href":"https:\/\/naturalpoland.com\/ko\/wp-json\/wp\/v2\/product_brand?post=43501"},{"taxonomy":"product_cat","embeddable":true,"href":"https:\/\/naturalpoland.com\/ko\/wp-json\/wp\/v2\/product_cat?post=43501"},{"taxonomy":"product_tag","embeddable":true,"href":"https:\/\/naturalpoland.com\/ko\/wp-json\/wp\/v2\/product_tag?post=43501"}],"curies":[{"name":"wp","href":"https:\/\/api.w.org\/{rel}","templated":true}]}}