{"id":43503,"date":"2024-10-21T12:58:50","date_gmt":"2024-10-21T10:58:50","guid":{"rendered":"https:\/\/naturalpoland.com\/produkty\/uncategorized\/%eb%b9%84%ed%84%b0-%ec%98%a4%eb%a0%8c%ec%a7%80-%ec%98%a4%ec%9d%bc\/"},"modified":"2025-09-30T14:16:30","modified_gmt":"2025-09-30T12:16:30","slug":"%eb%b9%84%ed%84%b0-%ec%98%a4%eb%a0%8c%ec%a7%80-%ec%98%a4%ec%9d%bc","status":"publish","type":"product","link":"https:\/\/naturalpoland.com\/ko\/je-pum\/hwa-jang-pum-won-ryo\/e-sen-syeol-o-il\/%eb%b9%84%ed%84%b0-%ec%98%a4%eb%a0%8c%ec%a7%80-%ec%98%a4%ec%9d%bc\/","title":{"rendered":"\ube44\ud130 \uc624\ub80c\uc9c0 \uc624\uc77c"},"content":{"rendered":"<p>\ube44\ud130 \uc624\ub80c\uc9c0 \uc624\uc77c\uc740 \uc778\ub3c4, \uc2a4\ud398\uc778, \uc2dc\uce60\ub9ac\uc544, \ubaa8\ub85c\ucf54 \ubc0f \uce74\ub9ac\ube0c\ud574\uc640 \uac19\uc740 \ub530\ub73b\ud55c \uae30\ud6c4 \uc9c0\uc5ed\uc5d0\uc11c \uc7ac\ubc30\ub418\ub294 \uacfc\uc77c\uc758 \uaecd\uc9c8\uc744 \ub0c9\uc555\ucc29\ud558\uc5ec \uc5bb\uc2b5\ub2c8\ub2e4. \uc774 \uc624\uc77c\uc740 <strong>\ub9ac\ubaa8\ub128<\/strong>, <strong>\ub9ac\ub0a0\ub8f0<\/strong> \ubc0f <strong>\uc2dc\ud2b8\ub784<\/strong>\uacfc \uac19\uc740 \ud65c\uc131 \uc131\ubd84\uc774 \ud48d\ubd80\ud558\uba70, \uc774\ub294 \uce58\ub8cc \ud6a8\ub2a5\uc744 \ub2f4\ub2f9\ud569\ub2c8\ub2e4. <\/p>\n<p>\uc624\uc77c\uc5d0 \ud568\uc720\ub41c <strong>\ud50c\ub77c\ubcf4\ub178\uc774\ub4dc<\/strong>\ub294 \uba74\uc5ed \uccb4\uacc4\ub97c \uc9c0\uc6d0\ud558\uba70, \uc2e0\uccb4\uc758 \uc790\uc5f0 \ubc29\uc5b4 \uba54\ucee4\ub2c8\uc998\uc744 \uac15\ud654\ud569\ub2c8\ub2e4. \uac10\uae30 \ubc0f \ub3c5\uac10 \uc2dc\uc98c\uc5d0 \ub514\ud4e8\uc800\uc5d0 \uc624\uc77c\uc744 \uc0ac\uc6a9\ud558\uba74 \uc6d0\uce58 \uc54a\ub294 \uc138\uade0\uc73c\ub85c\ubd80\ud130 \uacf5\uae30\ub97c \uc815\ud654\ud558\ub294 \ub370 \ub3c4\uc6c0\uc774 \ub429\ub2c8\ub2e4. <\/p>\n<p>\uc774 \uc624\uc77c\uc740 \ub610\ud55c \uc18c\ud654\uae30 \uacc4\ud1b5\uc744 \uc9c0\uc6d0\ud558\ub294 \ud2b9\uc131\uc744 \uac00\uc9c0\uace0 \uc788\uc2b5\ub2c8\ub2e4. \uc18c\ud654 \ubd88\ub7c9, \uc18d \uc4f0\ub9bc \ubc0f \ud33d\ub9cc\uac10\uacfc \uad00\ub828\ub41c \ubb38\uc81c\ub97c \uc644\ud654\ud558\ub294 \ub370 \ub3c4\uc6c0\uc744 \uc8fc\uba70, \ub3d9\uc2dc\uc5d0 \uc2dd\uc695\uc744 \uc870\uc808\ud569\ub2c8\ub2e4. <\/p>\n<p>\uc0c1\ucf8c\ud558\uace0 \ud65c\ub825\uc744 \uc8fc\ub294 \ud5a5 \ub355\ubd84\uc5d0, \uc774 \uc81c\ud488\uc740 \uc2e0\uacbd\uacc4\uc5d0 \uc9c4\uc815 \ud6a8\uacfc\ub97c \uc8fc\uc5b4 \uc2a4\ud2b8\ub808\uc2a4, \uae34\uc7a5 \ubc0f \ubd88\uc548\uacfc \uc2f8\uc6b0\ub294 \ub370 \ub3c4\uc6c0\uc744 \uc90d\ub2c8\ub2e4. \uc544\ub85c\ub9c8\ud14c\ub77c\ud53c\uc5d0\uc11c\ub294 \uae30\ubd84 \uac1c\uc120, \uc6b0\uc6b8\uc99d \uc99d\uc0c1 \uc644\ud654 \ubc0f \uc774\uc644 \ucd09\uc9c4\uc5d0 \uc0ac\uc6a9\ub429\ub2c8\ub2e4. \ud761\uc785 \uc2dc \ud5a5\uae30\ub294 \uc815\uc2e0\uc744 \uc790\uadf9\ud558\uace0 \uc9d1\uc911\ub825\uc744 \ud5a5\uc0c1\uc2dc\ud0a4\uba70 \uc5d0\ub108\uc9c0\ub97c \ub354\ud574\uc90d\ub2c8\ub2e4.  <\/p>\n<p>\ud654\uc7a5\ud488 \uc131\ubd84\uc73c\ub85c\uc11c \ube44\ud130 \uc624\ub80c\uc9c0 \uc624\uc77c\uc740 \uc815\ud654, \ud1a0\ub2dd \ubc0f \ub178\ud654 \ubc29\uc9c0 \ud6a8\uacfc\ub97c \uc81c\uacf5\ud569\ub2c8\ub2e4. \ud06c\ub9bc, \uc138\ub7fc \ubc0f \ud1a0\ub108\uc5d0 \ucca8\uac00\ub420 \uc218 \uc788\uc73c\uba70, \uc9c0\uc131, \uc131\uc219 \ubc0f \ud2b8\ub7ec\ube14\uc131 \ud53c\ubd80\uc758 \uc0c1\ud0dc\ub97c \uac1c\uc120\ud569\ub2c8\ub2e4. <\/p>\n<p>\ube44\ud130 \uc624\ub80c\uc9c0 \uc624\uc77c\uc740 <strong>\uad11\ub3c5\uc131<\/strong>\uc774 \uc788\uc2b5\ub2c8\ub2e4. \uc774\ub294 \ud53c\ubd80\uc5d0 \ubc14\ub978 \ud6c4 \ucd5c\uc18c 18\uc2dc\uac04 \ub3d9\uc548 \uc9c1\uc0ac\uad11\uc120\uc5d0 \ub178\ucd9c\uc2dc\ud0a4\uc9c0 \uc54a\uc544\uc57c \ud568\uc744 \uc758\ubbf8\ud569\ub2c8\ub2e4. \uc81c\ud488\uc740 \uc8fc\uc758\ud574\uc11c \uc0ac\uc6a9\ud574\uc57c \ud558\uba70, \uc790\uadf9\uc744 \ud53c\ud558\uae30 \uc704\ud574 \ud56d\uc0c1 \uce90\ub9ac\uc5b4 \uc624\uc77c\uc5d0 \ud76c\uc11d\ud55c \ud6c4 \uc0ac\uc6a9\ud574\uc57c \ud569\ub2c8\ub2e4. <\/p>\n","protected":false},"excerpt":{"rendered":"<p><strong>\ube44\ud130 \uc624\ub80c\uc9c0 \uc5d0\uc13c\uc15c \uc624\uc77c<\/strong>\uc740 <em>Citrus aurantium<\/em> \uc5f4\ub9e4\uc5d0\uc11c \ucd94\ucd9c\ub429\ub2c8\ub2e4. \uc2e0\uc120\ud558\uace0 \uc2dc\ud2b8\ub7ec\uc2a4\ud55c \ud5a5\uacfc \uc740\uc740\ud55c \ub179\uc0c9 \ubc0f \uc6b0\ub514 \ub178\ud2b8\uac00 \ud2b9\uc9d5\uc785\ub2c8\ub2e4.<\/p>\n","protected":false},"featured_media":43504,"template":"","meta":[],"product_brand":[],"product_cat":[8155],"product_tag":[],"class_list":{"0":"post-43503","1":"product","2":"type-product","3":"status-publish","4":"has-post-thumbnail","6":"product_cat-e-sen-syeol-o-il","8":"first","9":"instock","10":"shipping-taxable","11":"product-type-simple"},"yoast_head":"<!-- This site is optimized with the Yoast SEO plugin v27.3 - https:\/\/yoast.com\/product\/yoast-seo-wordpress\/ -->\n<title>NATURAL POLAND &#8211; Hurtowy Dystrybutor Surowc\u00f3w<\/title>\n<meta name=\"description\" content=\"\ube44\ud130 \uc624\ub80c\uc9c0 \uc624\uc77c\uc740 \uc778\ub3c4, \uc2a4\ud398\uc778, \uc2dc\uce60\ub9ac\uc544\uc640 \uac19\uc740 \ub530\ub73b\ud55c \uae30\ud6c4 \uc9c0\uc5ed\uc5d0\uc11c \uc7ac\ubc30\ub418\ub294 \uacfc\uc77c\uc758 \uaecd\uc9c8\uc744 \ub0c9\uc555\ucc29\ud558\uc5ec \uc5bb\uc2b5\ub2c8\ub2e4.\" \/>\n<meta name=\"robots\" content=\"index, follow, max-snippet:-1, max-image-preview:large, max-video-preview:-1\" \/>\n<link rel=\"canonical\" href=\"https:\/\/naturalpoland.com\/ko\/je-pum\/hwa-jang-pum-won-ryo\/e-sen-syeol-o-il\/%eb%b9%84%ed%84%b0-%ec%98%a4%eb%a0%8c%ec%a7%80-%ec%98%a4%ec%9d%bc\/\" \/>\n<meta property=\"og:locale\" content=\"ko_KR\" \/>\n<meta property=\"og:type\" content=\"article\" \/>\n<meta property=\"og:description\" content=\"\ube44\ud130 \uc624\ub80c\uc9c0 \uc624\uc77c\uc740 \uc778\ub3c4, \uc2a4\ud398\uc778, \uc2dc\uce60\ub9ac\uc544\uc640 \uac19\uc740 \ub530\ub73b\ud55c \uae30\ud6c4 \uc9c0\uc5ed\uc5d0\uc11c \uc7ac\ubc30\ub418\ub294 \uacfc\uc77c\uc758 \uaecd\uc9c8\uc744 \ub0c9\uc555\ucc29\ud558\uc5ec \uc5bb\uc2b5\ub2c8\ub2e4.\" \/>\n<meta property=\"og:url\" content=\"https:\/\/naturalpoland.com\/ko\/je-pum\/hwa-jang-pum-won-ryo\/e-sen-syeol-o-il\/%eb%b9%84%ed%84%b0-%ec%98%a4%eb%a0%8c%ec%a7%80-%ec%98%a4%ec%9d%bc\/\" \/>\n<meta property=\"og:site_name\" content=\"NATURAL POLAND - Hurtowy Dystrybutor Surowc\u00f3w\" \/>\n<meta property=\"article:publisher\" content=\"https:\/\/www.facebook.com\/naturalpoland.b2b\" \/>\n<meta property=\"article:modified_time\" content=\"2025-09-30T12:16:30+00:00\" \/>\n<meta property=\"og:image\" content=\"https:\/\/naturalpoland.com\/wp-content\/uploads\/olejek-z-gorzkiej-pomaranczy.webp\" \/>\n\t<meta property=\"og:image:width\" content=\"426\" \/>\n\t<meta property=\"og:image:height\" content=\"426\" \/>\n\t<meta property=\"og:image:type\" content=\"image\/webp\" \/>\n<script type=\"application\/ld+json\" class=\"yoast-schema-graph\">{\"@context\":\"https:\\\/\\\/schema.org\",\"@graph\":[{\"@type\":\"WebPage\",\"@id\":\"https:\\\/\\\/naturalpoland.com\\\/ko\\\/je-pum\\\/hwa-jang-pum-won-ryo\\\/e-sen-syeol-o-il\\\/%eb%b9%84%ed%84%b0-%ec%98%a4%eb%a0%8c%ec%a7%80-%ec%98%a4%ec%9d%bc\\\/\",\"url\":\"https:\\\/\\\/naturalpoland.com\\\/ko\\\/je-pum\\\/hwa-jang-pum-won-ryo\\\/e-sen-syeol-o-il\\\/%eb%b9%84%ed%84%b0-%ec%98%a4%eb%a0%8c%ec%a7%80-%ec%98%a4%ec%9d%bc\\\/\",\"name\":\"\",\"isPartOf\":{\"@id\":\"https:\\\/\\\/naturalpoland.com\\\/ko\\\/#website\"},\"primaryImageOfPage\":{\"@id\":\"https:\\\/\\\/naturalpoland.com\\\/ko\\\/je-pum\\\/hwa-jang-pum-won-ryo\\\/e-sen-syeol-o-il\\\/%eb%b9%84%ed%84%b0-%ec%98%a4%eb%a0%8c%ec%a7%80-%ec%98%a4%ec%9d%bc\\\/#primaryimage\"},\"image\":{\"@id\":\"https:\\\/\\\/naturalpoland.com\\\/ko\\\/je-pum\\\/hwa-jang-pum-won-ryo\\\/e-sen-syeol-o-il\\\/%eb%b9%84%ed%84%b0-%ec%98%a4%eb%a0%8c%ec%a7%80-%ec%98%a4%ec%9d%bc\\\/#primaryimage\"},\"thumbnailUrl\":\"https:\\\/\\\/naturalpoland.com\\\/wp-content\\\/uploads\\\/olejek-z-gorzkiej-pomaranczy.webp\",\"datePublished\":\"2024-10-21T10:58:50+00:00\",\"dateModified\":\"2025-09-30T12:16:30+00:00\",\"description\":\"\ube44\ud130 \uc624\ub80c\uc9c0 \uc624\uc77c\uc740 \uc778\ub3c4, \uc2a4\ud398\uc778, \uc2dc\uce60\ub9ac\uc544\uc640 \uac19\uc740 \ub530\ub73b\ud55c \uae30\ud6c4 \uc9c0\uc5ed\uc5d0\uc11c \uc7ac\ubc30\ub418\ub294 \uacfc\uc77c\uc758 \uaecd\uc9c8\uc744 \ub0c9\uc555\ucc29\ud558\uc5ec \uc5bb\uc2b5\ub2c8\ub2e4.\",\"breadcrumb\":{\"@id\":\"https:\\\/\\\/naturalpoland.com\\\/ko\\\/je-pum\\\/hwa-jang-pum-won-ryo\\\/e-sen-syeol-o-il\\\/%eb%b9%84%ed%84%b0-%ec%98%a4%eb%a0%8c%ec%a7%80-%ec%98%a4%ec%9d%bc\\\/#breadcrumb\"},\"inLanguage\":\"ko-KR\",\"potentialAction\":[{\"@type\":\"ReadAction\",\"target\":[\"https:\\\/\\\/naturalpoland.com\\\/ko\\\/je-pum\\\/hwa-jang-pum-won-ryo\\\/e-sen-syeol-o-il\\\/%eb%b9%84%ed%84%b0-%ec%98%a4%eb%a0%8c%ec%a7%80-%ec%98%a4%ec%9d%bc\\\/\"]}]},{\"@type\":\"ImageObject\",\"inLanguage\":\"ko-KR\",\"@id\":\"https:\\\/\\\/naturalpoland.com\\\/ko\\\/je-pum\\\/hwa-jang-pum-won-ryo\\\/e-sen-syeol-o-il\\\/%eb%b9%84%ed%84%b0-%ec%98%a4%eb%a0%8c%ec%a7%80-%ec%98%a4%ec%9d%bc\\\/#primaryimage\",\"url\":\"https:\\\/\\\/naturalpoland.com\\\/wp-content\\\/uploads\\\/olejek-z-gorzkiej-pomaranczy.webp\",\"contentUrl\":\"https:\\\/\\\/naturalpoland.com\\\/wp-content\\\/uploads\\\/olejek-z-gorzkiej-pomaranczy.webp\",\"width\":426,\"height\":426,\"caption\":\"\ube44\ud130 \uc624\ub80c\uc9c0 \uc5d0\uc13c\uc15c \uc624\uc77c\"},{\"@type\":\"BreadcrumbList\",\"@id\":\"https:\\\/\\\/naturalpoland.com\\\/ko\\\/je-pum\\\/hwa-jang-pum-won-ryo\\\/e-sen-syeol-o-il\\\/%eb%b9%84%ed%84%b0-%ec%98%a4%eb%a0%8c%ec%a7%80-%ec%98%a4%ec%9d%bc\\\/#breadcrumb\",\"itemListElement\":[{\"@type\":\"ListItem\",\"position\":1,\"name\":\"\ud648\",\"item\":\"https:\\\/\\\/naturalpoland.com\\\/ko\\\/\"},{\"@type\":\"ListItem\",\"position\":2,\"name\":\"\uc81c\ud488\",\"item\":\"https:\\\/\\\/naturalpoland.com\\\/ko\\\/%ec%a0%9c%ed%92%88\\\/\"},{\"@type\":\"ListItem\",\"position\":3,\"name\":\"\ube44\ud130 \uc624\ub80c\uc9c0 \uc624\uc77c\"}]},{\"@type\":\"WebSite\",\"@id\":\"https:\\\/\\\/naturalpoland.com\\\/ko\\\/#website\",\"url\":\"https:\\\/\\\/naturalpoland.com\\\/ko\\\/\",\"name\":\"NATURAL POLAND - Hurtowy Dystrybutor Surowc\u00f3w\",\"description\":\"Surowce dla przemys\u0142u spo\u017cywczego, kosmetycznego i farmaceutycznego\",\"publisher\":{\"@id\":\"https:\\\/\\\/naturalpoland.com\\\/ko\\\/#organization\"},\"potentialAction\":[{\"@type\":\"SearchAction\",\"target\":{\"@type\":\"EntryPoint\",\"urlTemplate\":\"https:\\\/\\\/naturalpoland.com\\\/ko\\\/?s={search_term_string}\"},\"query-input\":{\"@type\":\"PropertyValueSpecification\",\"valueRequired\":true,\"valueName\":\"search_term_string\"}}],\"inLanguage\":\"ko-KR\"},{\"@type\":\"Organization\",\"@id\":\"https:\\\/\\\/naturalpoland.com\\\/ko\\\/#organization\",\"name\":\"Natural Poland\",\"url\":\"https:\\\/\\\/naturalpoland.com\\\/ko\\\/\",\"logo\":{\"@type\":\"ImageObject\",\"inLanguage\":\"ko-KR\",\"@id\":\"https:\\\/\\\/naturalpoland.com\\\/ko\\\/#\\\/schema\\\/logo\\\/image\\\/\",\"url\":\"https:\\\/\\\/naturalpoland.com\\\/wp-content\\\/uploads\\\/2021\\\/05\\\/natural-poland-icon.png\",\"contentUrl\":\"https:\\\/\\\/naturalpoland.com\\\/wp-content\\\/uploads\\\/2021\\\/05\\\/natural-poland-icon.png\",\"width\":512,\"height\":512,\"caption\":\"Natural Poland\"},\"image\":{\"@id\":\"https:\\\/\\\/naturalpoland.com\\\/ko\\\/#\\\/schema\\\/logo\\\/image\\\/\"},\"sameAs\":[\"https:\\\/\\\/www.facebook.com\\\/naturalpoland.b2b\",\"https:\\\/\\\/pl.linkedin.com\\\/company\\\/natural-poland\",\"https:\\\/\\\/www.youtube.com\\\/channel\\\/UCgeGGkvOMahZo-xu_MSEWxg\"]}]}<\/script>\n<!-- \/ Yoast SEO plugin. -->","yoast_head_json":{"title":"NATURAL POLAND &#8211; Hurtowy Dystrybutor Surowc\u00f3w","description":"\ube44\ud130 \uc624\ub80c\uc9c0 \uc624\uc77c\uc740 \uc778\ub3c4, \uc2a4\ud398\uc778, \uc2dc\uce60\ub9ac\uc544\uc640 \uac19\uc740 \ub530\ub73b\ud55c \uae30\ud6c4 \uc9c0\uc5ed\uc5d0\uc11c \uc7ac\ubc30\ub418\ub294 \uacfc\uc77c\uc758 \uaecd\uc9c8\uc744 \ub0c9\uc555\ucc29\ud558\uc5ec \uc5bb\uc2b5\ub2c8\ub2e4.","robots":{"index":"index","follow":"follow","max-snippet":"max-snippet:-1","max-image-preview":"max-image-preview:large","max-video-preview":"max-video-preview:-1"},"canonical":"https:\/\/naturalpoland.com\/ko\/je-pum\/hwa-jang-pum-won-ryo\/e-sen-syeol-o-il\/%eb%b9%84%ed%84%b0-%ec%98%a4%eb%a0%8c%ec%a7%80-%ec%98%a4%ec%9d%bc\/","og_locale":"ko_KR","og_type":"article","og_description":"\ube44\ud130 \uc624\ub80c\uc9c0 \uc624\uc77c\uc740 \uc778\ub3c4, \uc2a4\ud398\uc778, \uc2dc\uce60\ub9ac\uc544\uc640 \uac19\uc740 \ub530\ub73b\ud55c \uae30\ud6c4 \uc9c0\uc5ed\uc5d0\uc11c \uc7ac\ubc30\ub418\ub294 \uacfc\uc77c\uc758 \uaecd\uc9c8\uc744 \ub0c9\uc555\ucc29\ud558\uc5ec \uc5bb\uc2b5\ub2c8\ub2e4.","og_url":"https:\/\/naturalpoland.com\/ko\/je-pum\/hwa-jang-pum-won-ryo\/e-sen-syeol-o-il\/%eb%b9%84%ed%84%b0-%ec%98%a4%eb%a0%8c%ec%a7%80-%ec%98%a4%ec%9d%bc\/","og_site_name":"NATURAL POLAND - Hurtowy Dystrybutor Surowc\u00f3w","article_publisher":"https:\/\/www.facebook.com\/naturalpoland.b2b","article_modified_time":"2025-09-30T12:16:30+00:00","og_image":[{"width":426,"height":426,"url":"https:\/\/naturalpoland.com\/wp-content\/uploads\/olejek-z-gorzkiej-pomaranczy.webp","type":"image\/webp"}],"schema":{"@context":"https:\/\/schema.org","@graph":[{"@type":"WebPage","@id":"https:\/\/naturalpoland.com\/ko\/je-pum\/hwa-jang-pum-won-ryo\/e-sen-syeol-o-il\/%eb%b9%84%ed%84%b0-%ec%98%a4%eb%a0%8c%ec%a7%80-%ec%98%a4%ec%9d%bc\/","url":"https:\/\/naturalpoland.com\/ko\/je-pum\/hwa-jang-pum-won-ryo\/e-sen-syeol-o-il\/%eb%b9%84%ed%84%b0-%ec%98%a4%eb%a0%8c%ec%a7%80-%ec%98%a4%ec%9d%bc\/","name":"","isPartOf":{"@id":"https:\/\/naturalpoland.com\/ko\/#website"},"primaryImageOfPage":{"@id":"https:\/\/naturalpoland.com\/ko\/je-pum\/hwa-jang-pum-won-ryo\/e-sen-syeol-o-il\/%eb%b9%84%ed%84%b0-%ec%98%a4%eb%a0%8c%ec%a7%80-%ec%98%a4%ec%9d%bc\/#primaryimage"},"image":{"@id":"https:\/\/naturalpoland.com\/ko\/je-pum\/hwa-jang-pum-won-ryo\/e-sen-syeol-o-il\/%eb%b9%84%ed%84%b0-%ec%98%a4%eb%a0%8c%ec%a7%80-%ec%98%a4%ec%9d%bc\/#primaryimage"},"thumbnailUrl":"https:\/\/naturalpoland.com\/wp-content\/uploads\/olejek-z-gorzkiej-pomaranczy.webp","datePublished":"2024-10-21T10:58:50+00:00","dateModified":"2025-09-30T12:16:30+00:00","description":"\ube44\ud130 \uc624\ub80c\uc9c0 \uc624\uc77c\uc740 \uc778\ub3c4, \uc2a4\ud398\uc778, \uc2dc\uce60\ub9ac\uc544\uc640 \uac19\uc740 \ub530\ub73b\ud55c \uae30\ud6c4 \uc9c0\uc5ed\uc5d0\uc11c \uc7ac\ubc30\ub418\ub294 \uacfc\uc77c\uc758 \uaecd\uc9c8\uc744 \ub0c9\uc555\ucc29\ud558\uc5ec \uc5bb\uc2b5\ub2c8\ub2e4.","breadcrumb":{"@id":"https:\/\/naturalpoland.com\/ko\/je-pum\/hwa-jang-pum-won-ryo\/e-sen-syeol-o-il\/%eb%b9%84%ed%84%b0-%ec%98%a4%eb%a0%8c%ec%a7%80-%ec%98%a4%ec%9d%bc\/#breadcrumb"},"inLanguage":"ko-KR","potentialAction":[{"@type":"ReadAction","target":["https:\/\/naturalpoland.com\/ko\/je-pum\/hwa-jang-pum-won-ryo\/e-sen-syeol-o-il\/%eb%b9%84%ed%84%b0-%ec%98%a4%eb%a0%8c%ec%a7%80-%ec%98%a4%ec%9d%bc\/"]}]},{"@type":"ImageObject","inLanguage":"ko-KR","@id":"https:\/\/naturalpoland.com\/ko\/je-pum\/hwa-jang-pum-won-ryo\/e-sen-syeol-o-il\/%eb%b9%84%ed%84%b0-%ec%98%a4%eb%a0%8c%ec%a7%80-%ec%98%a4%ec%9d%bc\/#primaryimage","url":"https:\/\/naturalpoland.com\/wp-content\/uploads\/olejek-z-gorzkiej-pomaranczy.webp","contentUrl":"https:\/\/naturalpoland.com\/wp-content\/uploads\/olejek-z-gorzkiej-pomaranczy.webp","width":426,"height":426,"caption":"\ube44\ud130 \uc624\ub80c\uc9c0 \uc5d0\uc13c\uc15c \uc624\uc77c"},{"@type":"BreadcrumbList","@id":"https:\/\/naturalpoland.com\/ko\/je-pum\/hwa-jang-pum-won-ryo\/e-sen-syeol-o-il\/%eb%b9%84%ed%84%b0-%ec%98%a4%eb%a0%8c%ec%a7%80-%ec%98%a4%ec%9d%bc\/#breadcrumb","itemListElement":[{"@type":"ListItem","position":1,"name":"\ud648","item":"https:\/\/naturalpoland.com\/ko\/"},{"@type":"ListItem","position":2,"name":"\uc81c\ud488","item":"https:\/\/naturalpoland.com\/ko\/%ec%a0%9c%ed%92%88\/"},{"@type":"ListItem","position":3,"name":"\ube44\ud130 \uc624\ub80c\uc9c0 \uc624\uc77c"}]},{"@type":"WebSite","@id":"https:\/\/naturalpoland.com\/ko\/#website","url":"https:\/\/naturalpoland.com\/ko\/","name":"NATURAL POLAND - Hurtowy Dystrybutor Surowc\u00f3w","description":"Surowce dla przemys\u0142u spo\u017cywczego, kosmetycznego i farmaceutycznego","publisher":{"@id":"https:\/\/naturalpoland.com\/ko\/#organization"},"potentialAction":[{"@type":"SearchAction","target":{"@type":"EntryPoint","urlTemplate":"https:\/\/naturalpoland.com\/ko\/?s={search_term_string}"},"query-input":{"@type":"PropertyValueSpecification","valueRequired":true,"valueName":"search_term_string"}}],"inLanguage":"ko-KR"},{"@type":"Organization","@id":"https:\/\/naturalpoland.com\/ko\/#organization","name":"Natural Poland","url":"https:\/\/naturalpoland.com\/ko\/","logo":{"@type":"ImageObject","inLanguage":"ko-KR","@id":"https:\/\/naturalpoland.com\/ko\/#\/schema\/logo\/image\/","url":"https:\/\/naturalpoland.com\/wp-content\/uploads\/2021\/05\/natural-poland-icon.png","contentUrl":"https:\/\/naturalpoland.com\/wp-content\/uploads\/2021\/05\/natural-poland-icon.png","width":512,"height":512,"caption":"Natural Poland"},"image":{"@id":"https:\/\/naturalpoland.com\/ko\/#\/schema\/logo\/image\/"},"sameAs":["https:\/\/www.facebook.com\/naturalpoland.b2b","https:\/\/pl.linkedin.com\/company\/natural-poland","https:\/\/www.youtube.com\/channel\/UCgeGGkvOMahZo-xu_MSEWxg"]}]}},"_links":{"self":[{"href":"https:\/\/naturalpoland.com\/ko\/wp-json\/wp\/v2\/product\/43503","targetHints":{"allow":["GET"]}}],"collection":[{"href":"https:\/\/naturalpoland.com\/ko\/wp-json\/wp\/v2\/product"}],"about":[{"href":"https:\/\/naturalpoland.com\/ko\/wp-json\/wp\/v2\/types\/product"}],"wp:featuredmedia":[{"embeddable":true,"href":"https:\/\/naturalpoland.com\/ko\/wp-json\/wp\/v2\/media\/43504"}],"wp:attachment":[{"href":"https:\/\/naturalpoland.com\/ko\/wp-json\/wp\/v2\/media?parent=43503"}],"wp:term":[{"taxonomy":"product_brand","embeddable":true,"href":"https:\/\/naturalpoland.com\/ko\/wp-json\/wp\/v2\/product_brand?post=43503"},{"taxonomy":"product_cat","embeddable":true,"href":"https:\/\/naturalpoland.com\/ko\/wp-json\/wp\/v2\/product_cat?post=43503"},{"taxonomy":"product_tag","embeddable":true,"href":"https:\/\/naturalpoland.com\/ko\/wp-json\/wp\/v2\/product_tag?post=43503"}],"curies":[{"name":"wp","href":"https:\/\/api.w.org\/{rel}","templated":true}]}}