{"id":43505,"date":"2024-10-18T11:27:02","date_gmt":"2024-10-18T09:27:02","guid":{"rendered":"https:\/\/naturalpoland.com\/produkty\/uncategorized\/%ec%8b%9c%ed%8a%b8%eb%a1%9c%eb%84%ac%eb%9d%bc-%ec%98%a4%ec%9d%bc\/"},"modified":"2025-09-30T14:39:17","modified_gmt":"2025-09-30T12:39:17","slug":"%ec%8b%9c%ed%8a%b8%eb%a1%9c%eb%84%ac%eb%9d%bc-%ec%98%a4%ec%9d%bc","status":"publish","type":"product","link":"https:\/\/naturalpoland.com\/ko\/je-pum\/hwa-jang-pum-won-ryo\/e-sen-syeol-o-il\/%ec%8b%9c%ed%8a%b8%eb%a1%9c%eb%84%ac%eb%9d%bc-%ec%98%a4%ec%9d%bc\/","title":{"rendered":"\uc2dc\ud2b8\ub85c\ub12c\ub77c \uc624\uc77c"},"content":{"rendered":"<h2>\ud2b9\uc131<\/h2>\n<p>\uc2dc\ud2b8\ub85c\ub12c\ub77c \uc624\uc77c\uc740 \uc2e0\uc120\ud558\uace0 \uc2dc\ud2b8\ub7ec\uc2a4 \ud5a5\uc774 \ub098\uba70 \uc740\uc740\ud55c \ub098\ubb34 \ud5a5\uc774 \ud2b9\uc9d5\uc774\uba70, \ucc9c\uc5f0 \ubc29\ucda9\uc81c\uc77c \ubfd0\ub9cc \uc544\ub2c8\ub77c \uac74\uac15 \ubc0f \ubbf8\uc6a9 \uc6a9\ub3c4\uc5d0\uc11c \ud6a8\uacfc\uc801\uc778 \uce58\ub8cc\uc81c\ub85c\ub3c4 \uc791\uc6a9\ud569\ub2c8\ub2e4.<\/p>\n<p>\uc2dc\ud2b8\ub85c\ub12c\ub77c \uc624\uc77c\uc5d0 \ud568\uc720\ub41c \uc8fc\uc694 \ud65c\uc131 \uc131\ubd84<\/p>\n<ul>\n<li><strong>\uc2dc\ud2b8\ub85c\ub12c\ub784<\/strong><\/li>\n<li><strong>\uc2dc\ud2b8\ub85c\ub12c\ub864<\/strong><\/li>\n<li><strong>\uc81c\ub77c\ub2c8\uc62c<\/strong><\/li>\n<\/ul>\n<p>\uc774 \uc131\ubd84\ub4e4\uc740 \ud56d\uade0, \ud56d\uc9c4\uade0 \ubc0f \ud574\ucda9 \ud1f4\uce58 \uc791\uc6a9\uc744 \ub2f4\ub2f9\ud558\uba70, \ub610\ud55c \uc2e0\uc120\ud558\uace0 \ud65c\ub825\uc744 \uc8fc\ub294 \ud5a5\uc744 \ubd80\uc5ec\ud569\ub2c8\ub2e4.<\/p>\n<h2>\uc801\uc6a9 \ubd84\uc57c:<\/h2>\n<p>\uc2dc\ud2b8\ub85c\ub12c\ub77c \uc624\uc77c\uc740 \uac00\uc7a5 \uc778\uae30 \uc788\ub294 \ucc9c\uc5f0 <strong>\ud574\ucda9 \ud1f4\uce58\uc81c<\/strong> \uc911 \ud558\ub098\uc774\uba70, \ud2b9\ud788 \ubaa8\uae30 \ud1f4\uce58\uc5d0 \ud6a8\uacfc\uc801\uc785\ub2c8\ub2e4. \uac15\ub825\ud55c \ubc29\ucda9 \ud2b9\uc131 \ub355\ubd84\uc5d0 \uc591\ucd08, \uc2a4\ud504\ub808\uc774, \ub85c\uc158, \ubc14\ub514 \uc624\uc77c \ub4f1 \ub2e4\uc591\ud55c \uc81c\ud488\uc5d0 \uc0ac\uc6a9\ub418\uba70, \uc2e4\ub0b4\uc678\uc5d0\uc11c \ud6a8\uacfc\uc801\uc73c\ub85c \ud574\ucda9\uc744 \ud1f4\uce58\ud569\ub2c8\ub2e4. <\/p>\n<p>\ud56d\uade0 \ud2b9\uc131\uc73c\ub85c \uc778\ud574 \ubc15\ud14c\ub9ac\uc544\uc640 \uacf0\ud321\uc774 \ud1f4\uce58\uc5d0\ub3c4 \ud6a8\uacfc\uc801\uc785\ub2c8\ub2e4. <strong>\uc0c1\ucc98 \uc18c\ub3c5<\/strong>\uc5d0 \uc0ac\uc6a9\ub420 \uc218 \uc788\uc73c\uba70, \ubc15\ud14c\ub9ac\uc544 \ub610\ub294 \uacf0\ud321\uc774 \uac10\uc5fc\uc5d0 \ucde8\uc57d\ud55c <strong>\ud53c\ubd80 \uad00\ub9ac<\/strong> \uc81c\ud488\uc758 \uc131\ubd84\uc73c\ub85c\ub3c4 \uc0ac\uc6a9\ub429\ub2c8\ub2e4. \ub610\ud55c \uad6c\uac15 \uc704\uc0dd \uc81c\ud488\uc5d0\ub3c4 \uc0ac\uc6a9\ub418\uc5b4 \uc787\ubab8 \uac74\uac15\uc744 \ub3d5\uace0 \uad6c\ucde8\ub97c \uc0c1\ucf8c\ud558\uac8c \ud569\ub2c8\ub2e4.  <\/p>\n<p>\uc2dc\ud2b8\ub85c\ub12c\ub77c \uc624\uc77c\uc740 \uc801\uc808\ud55c \uce90\ub9ac\uc5b4 \uc624\uc77c\uc5d0 \ud76c\uc11d\ud55c \ud6c4 <strong>\ub9c8\uc0ac\uc9c0<\/strong> \ud615\ud0dc\ub85c\ub3c4 \uc0ac\uc6a9\ub420 \uc218 \uc788\uc73c\uba70, \uadfc\uc721 \uae34\uc7a5 \uc644\ud654 \ubc0f \ud608\uc561 \uc21c\ud658 \uac1c\uc120\uc744 \uc704\ud574 \uc0ac\uc6a9\ub429\ub2c8\ub2e4.<\/p>\n<p>\ubc18\uba74, \uc2dc\ud2b8\ub85c\ub12c\ub77c \uc624\uc77c\uc744 \uc774\uc6a9\ud55c <strong>\ud761\uc785<\/strong>\uc740 \ud638\ud761\uae30 \uc815\ud654\uc5d0 \ub3c4\uc6c0\uc744 \uc8fc\uc5b4 \uac10\uae30, \uae30\uce68 \ub610\ub294 \uc0c1\uae30\ub3c4 \uac10\uc5fc \uc99d\uc0c1\uc744 \uc644\ud654\ud569\ub2c8\ub2e4.<\/p>\n<p>\uc2dc\ud2b8\ub85c\ub12c\ub77c \uc624\uc77c\uc740 \ub2e4\ub978 \uace0\ub18d\ucd95 \uc5d0\uc13c\uc15c \uc624\uc77c\uacfc \ub9c8\ucc2c\uac00\uc9c0\ub85c \uc8fc\uc758\ud574\uc11c \uc0ac\uc6a9\ud574\uc57c \ud569\ub2c8\ub2e4. \ub208\uacfc \uc810\ub9c9\uc5d0 \ub2ff\uc9c0 \uc54a\ub3c4\ub85d \uc8fc\uc758\ud574\uc57c \ud569\ub2c8\ub2e4. \uc21c\uc218\ud55c \uc624\uc77c\uc744 \ud53c\ubd80\uc5d0 \uc9c1\uc811 \ubc14\ub974\uc9c0 \ub9c8\uc2ed\uc2dc\uc624. \ud56d\uc0c1 \uce90\ub9ac\uc5b4 \uc624\uc77c\uc5d0 \ud76c\uc11d\ud558\uc5ec \uc0ac\uc6a9\ud574\uc57c \ud569\ub2c8\ub2e4.  <\/p>\n","protected":false},"excerpt":{"rendered":"<p><strong>\uc2dc\ud2b8\ub85c\ub12c\ub77c \uc5d0\uc13c\uc15c \uc624\uc77c<\/strong> (<em>Cymbopogon winterianus<\/em>)\uc740 \uc2dc\ud2b8\ub85c\ub12c\ub77c \ud480 \uc624\uc77c\ub85c\ub3c4 \uc54c\ub824\uc838 \uc788\uc2b5\ub2c8\ub2e4. \uc774\ub294 \ud2b9\ud788 \uac15\ub825\ud55c \ud574\ucda9 \ud1f4\uce58 \ud2b9\uc131\uc73c\ub85c \uc778\ud574 \uac00\uc7a5 \ub2e4\uc7ac\ub2e4\ub2a5\ud558\uace0 \uac00\uce58 \uc788\ub294 \uc5d0\uc13c\uc15c \uc624\uc77c \uc911 \ud558\ub098\uc785\ub2c8\ub2e4. \uc2e0\uc120\ud55c \uc2dc\ud2b8\ub85c\ub12c\ub77c \ud480 \uc78e\uc744 \uc99d\uae30 \uc99d\ub958\ud558\uc5ec \uc5bb\uc2b5\ub2c8\ub2e4.  <\/p>\n","protected":false},"featured_media":43506,"template":"","meta":[],"product_brand":[],"product_cat":[8155],"product_tag":[],"class_list":{"0":"post-43505","1":"product","2":"type-product","3":"status-publish","4":"has-post-thumbnail","6":"product_cat-e-sen-syeol-o-il","8":"first","9":"instock","10":"shipping-taxable","11":"product-type-simple"},"yoast_head":"<!-- This site is optimized with the Yoast SEO plugin v27.3 - https:\/\/yoast.com\/product\/yoast-seo-wordpress\/ -->\n<title>NATURAL POLAND &#8211; Hurtowy Dystrybutor Surowc\u00f3w<\/title>\n<meta name=\"description\" content=\"\uc2dc\ud2b8\ub85c\ub12c\ub77c \uc624\uc77c\uc740 \uc2e0\uc120\ud558\uace0 \uc2dc\ud2b8\ub7ec\uc2a4 \ud5a5\uc774 \ub098\uba70 \uc740\uc740\ud55c \ub098\ubb34 \ud5a5\uc774 \ud2b9\uc9d5\uc774\uba70, \uac74\uac15 \uad00\ub828 \uc6a9\ub3c4\uc5d0\uc11c \uce58\ub8cc\uc81c\ub85c \uc791\uc6a9\ud569\ub2c8\ub2e4.\" \/>\n<meta name=\"robots\" content=\"index, follow, max-snippet:-1, max-image-preview:large, max-video-preview:-1\" \/>\n<link rel=\"canonical\" href=\"https:\/\/naturalpoland.com\/ko\/je-pum\/hwa-jang-pum-won-ryo\/e-sen-syeol-o-il\/%ec%8b%9c%ed%8a%b8%eb%a1%9c%eb%84%ac%eb%9d%bc-%ec%98%a4%ec%9d%bc\/\" \/>\n<meta property=\"og:locale\" content=\"ko_KR\" \/>\n<meta property=\"og:type\" content=\"article\" \/>\n<meta property=\"og:description\" content=\"\uc2dc\ud2b8\ub85c\ub12c\ub77c \uc624\uc77c\uc740 \uc2e0\uc120\ud558\uace0 \uc2dc\ud2b8\ub7ec\uc2a4 \ud5a5\uc774 \ub098\uba70 \uc740\uc740\ud55c \ub098\ubb34 \ud5a5\uc774 \ud2b9\uc9d5\uc774\uba70, \uac74\uac15 \uad00\ub828 \uc6a9\ub3c4\uc5d0\uc11c \uce58\ub8cc\uc81c\ub85c \uc791\uc6a9\ud569\ub2c8\ub2e4.\" \/>\n<meta property=\"og:url\" content=\"https:\/\/naturalpoland.com\/ko\/je-pum\/hwa-jang-pum-won-ryo\/e-sen-syeol-o-il\/%ec%8b%9c%ed%8a%b8%eb%a1%9c%eb%84%ac%eb%9d%bc-%ec%98%a4%ec%9d%bc\/\" \/>\n<meta property=\"og:site_name\" content=\"NATURAL POLAND - Hurtowy Dystrybutor Surowc\u00f3w\" \/>\n<meta property=\"article:publisher\" content=\"https:\/\/www.facebook.com\/naturalpoland.b2b\" \/>\n<meta property=\"article:modified_time\" content=\"2025-09-30T12:39:17+00:00\" \/>\n<meta property=\"og:image\" content=\"https:\/\/naturalpoland.com\/wp-content\/uploads\/olejek-eteryczny-citronella.webp\" \/>\n\t<meta property=\"og:image:width\" content=\"619\" \/>\n\t<meta property=\"og:image:height\" content=\"619\" \/>\n\t<meta property=\"og:image:type\" content=\"image\/webp\" \/>\n<script type=\"application\/ld+json\" class=\"yoast-schema-graph\">{\"@context\":\"https:\\\/\\\/schema.org\",\"@graph\":[{\"@type\":\"WebPage\",\"@id\":\"https:\\\/\\\/naturalpoland.com\\\/ko\\\/je-pum\\\/hwa-jang-pum-won-ryo\\\/e-sen-syeol-o-il\\\/%ec%8b%9c%ed%8a%b8%eb%a1%9c%eb%84%ac%eb%9d%bc-%ec%98%a4%ec%9d%bc\\\/\",\"url\":\"https:\\\/\\\/naturalpoland.com\\\/ko\\\/je-pum\\\/hwa-jang-pum-won-ryo\\\/e-sen-syeol-o-il\\\/%ec%8b%9c%ed%8a%b8%eb%a1%9c%eb%84%ac%eb%9d%bc-%ec%98%a4%ec%9d%bc\\\/\",\"name\":\"\",\"isPartOf\":{\"@id\":\"https:\\\/\\\/naturalpoland.com\\\/ko\\\/#website\"},\"primaryImageOfPage\":{\"@id\":\"https:\\\/\\\/naturalpoland.com\\\/ko\\\/je-pum\\\/hwa-jang-pum-won-ryo\\\/e-sen-syeol-o-il\\\/%ec%8b%9c%ed%8a%b8%eb%a1%9c%eb%84%ac%eb%9d%bc-%ec%98%a4%ec%9d%bc\\\/#primaryimage\"},\"image\":{\"@id\":\"https:\\\/\\\/naturalpoland.com\\\/ko\\\/je-pum\\\/hwa-jang-pum-won-ryo\\\/e-sen-syeol-o-il\\\/%ec%8b%9c%ed%8a%b8%eb%a1%9c%eb%84%ac%eb%9d%bc-%ec%98%a4%ec%9d%bc\\\/#primaryimage\"},\"thumbnailUrl\":\"https:\\\/\\\/naturalpoland.com\\\/wp-content\\\/uploads\\\/olejek-eteryczny-citronella.webp\",\"datePublished\":\"2024-10-18T09:27:02+00:00\",\"dateModified\":\"2025-09-30T12:39:17+00:00\",\"description\":\"\uc2dc\ud2b8\ub85c\ub12c\ub77c \uc624\uc77c\uc740 \uc2e0\uc120\ud558\uace0 \uc2dc\ud2b8\ub7ec\uc2a4 \ud5a5\uc774 \ub098\uba70 \uc740\uc740\ud55c \ub098\ubb34 \ud5a5\uc774 \ud2b9\uc9d5\uc774\uba70, \uac74\uac15 \uad00\ub828 \uc6a9\ub3c4\uc5d0\uc11c \uce58\ub8cc\uc81c\ub85c \uc791\uc6a9\ud569\ub2c8\ub2e4.\",\"breadcrumb\":{\"@id\":\"https:\\\/\\\/naturalpoland.com\\\/ko\\\/je-pum\\\/hwa-jang-pum-won-ryo\\\/e-sen-syeol-o-il\\\/%ec%8b%9c%ed%8a%b8%eb%a1%9c%eb%84%ac%eb%9d%bc-%ec%98%a4%ec%9d%bc\\\/#breadcrumb\"},\"inLanguage\":\"ko-KR\",\"potentialAction\":[{\"@type\":\"ReadAction\",\"target\":[\"https:\\\/\\\/naturalpoland.com\\\/ko\\\/je-pum\\\/hwa-jang-pum-won-ryo\\\/e-sen-syeol-o-il\\\/%ec%8b%9c%ed%8a%b8%eb%a1%9c%eb%84%ac%eb%9d%bc-%ec%98%a4%ec%9d%bc\\\/\"]}]},{\"@type\":\"ImageObject\",\"inLanguage\":\"ko-KR\",\"@id\":\"https:\\\/\\\/naturalpoland.com\\\/ko\\\/je-pum\\\/hwa-jang-pum-won-ryo\\\/e-sen-syeol-o-il\\\/%ec%8b%9c%ed%8a%b8%eb%a1%9c%eb%84%ac%eb%9d%bc-%ec%98%a4%ec%9d%bc\\\/#primaryimage\",\"url\":\"https:\\\/\\\/naturalpoland.com\\\/wp-content\\\/uploads\\\/olejek-eteryczny-citronella.webp\",\"contentUrl\":\"https:\\\/\\\/naturalpoland.com\\\/wp-content\\\/uploads\\\/olejek-eteryczny-citronella.webp\",\"width\":619,\"height\":619,\"caption\":\"\uc2dc\ud2b8\ub85c\ub12c\ub77c \uc5d0\uc13c\uc15c \uc624\uc77c\"},{\"@type\":\"BreadcrumbList\",\"@id\":\"https:\\\/\\\/naturalpoland.com\\\/ko\\\/je-pum\\\/hwa-jang-pum-won-ryo\\\/e-sen-syeol-o-il\\\/%ec%8b%9c%ed%8a%b8%eb%a1%9c%eb%84%ac%eb%9d%bc-%ec%98%a4%ec%9d%bc\\\/#breadcrumb\",\"itemListElement\":[{\"@type\":\"ListItem\",\"position\":1,\"name\":\"\ud648\",\"item\":\"https:\\\/\\\/naturalpoland.com\\\/ko\\\/\"},{\"@type\":\"ListItem\",\"position\":2,\"name\":\"\uc81c\ud488\",\"item\":\"https:\\\/\\\/naturalpoland.com\\\/ko\\\/%ec%a0%9c%ed%92%88\\\/\"},{\"@type\":\"ListItem\",\"position\":3,\"name\":\"\uc2dc\ud2b8\ub85c\ub12c\ub77c \uc624\uc77c\"}]},{\"@type\":\"WebSite\",\"@id\":\"https:\\\/\\\/naturalpoland.com\\\/ko\\\/#website\",\"url\":\"https:\\\/\\\/naturalpoland.com\\\/ko\\\/\",\"name\":\"NATURAL POLAND - Hurtowy Dystrybutor Surowc\u00f3w\",\"description\":\"Surowce dla przemys\u0142u spo\u017cywczego, kosmetycznego i farmaceutycznego\",\"publisher\":{\"@id\":\"https:\\\/\\\/naturalpoland.com\\\/ko\\\/#organization\"},\"potentialAction\":[{\"@type\":\"SearchAction\",\"target\":{\"@type\":\"EntryPoint\",\"urlTemplate\":\"https:\\\/\\\/naturalpoland.com\\\/ko\\\/?s={search_term_string}\"},\"query-input\":{\"@type\":\"PropertyValueSpecification\",\"valueRequired\":true,\"valueName\":\"search_term_string\"}}],\"inLanguage\":\"ko-KR\"},{\"@type\":\"Organization\",\"@id\":\"https:\\\/\\\/naturalpoland.com\\\/ko\\\/#organization\",\"name\":\"Natural Poland\",\"url\":\"https:\\\/\\\/naturalpoland.com\\\/ko\\\/\",\"logo\":{\"@type\":\"ImageObject\",\"inLanguage\":\"ko-KR\",\"@id\":\"https:\\\/\\\/naturalpoland.com\\\/ko\\\/#\\\/schema\\\/logo\\\/image\\\/\",\"url\":\"https:\\\/\\\/naturalpoland.com\\\/wp-content\\\/uploads\\\/2021\\\/05\\\/natural-poland-icon.png\",\"contentUrl\":\"https:\\\/\\\/naturalpoland.com\\\/wp-content\\\/uploads\\\/2021\\\/05\\\/natural-poland-icon.png\",\"width\":512,\"height\":512,\"caption\":\"Natural Poland\"},\"image\":{\"@id\":\"https:\\\/\\\/naturalpoland.com\\\/ko\\\/#\\\/schema\\\/logo\\\/image\\\/\"},\"sameAs\":[\"https:\\\/\\\/www.facebook.com\\\/naturalpoland.b2b\",\"https:\\\/\\\/pl.linkedin.com\\\/company\\\/natural-poland\",\"https:\\\/\\\/www.youtube.com\\\/channel\\\/UCgeGGkvOMahZo-xu_MSEWxg\"]}]}<\/script>\n<!-- \/ Yoast SEO plugin. -->","yoast_head_json":{"title":"NATURAL POLAND &#8211; Hurtowy Dystrybutor Surowc\u00f3w","description":"\uc2dc\ud2b8\ub85c\ub12c\ub77c \uc624\uc77c\uc740 \uc2e0\uc120\ud558\uace0 \uc2dc\ud2b8\ub7ec\uc2a4 \ud5a5\uc774 \ub098\uba70 \uc740\uc740\ud55c \ub098\ubb34 \ud5a5\uc774 \ud2b9\uc9d5\uc774\uba70, \uac74\uac15 \uad00\ub828 \uc6a9\ub3c4\uc5d0\uc11c \uce58\ub8cc\uc81c\ub85c \uc791\uc6a9\ud569\ub2c8\ub2e4.","robots":{"index":"index","follow":"follow","max-snippet":"max-snippet:-1","max-image-preview":"max-image-preview:large","max-video-preview":"max-video-preview:-1"},"canonical":"https:\/\/naturalpoland.com\/ko\/je-pum\/hwa-jang-pum-won-ryo\/e-sen-syeol-o-il\/%ec%8b%9c%ed%8a%b8%eb%a1%9c%eb%84%ac%eb%9d%bc-%ec%98%a4%ec%9d%bc\/","og_locale":"ko_KR","og_type":"article","og_description":"\uc2dc\ud2b8\ub85c\ub12c\ub77c \uc624\uc77c\uc740 \uc2e0\uc120\ud558\uace0 \uc2dc\ud2b8\ub7ec\uc2a4 \ud5a5\uc774 \ub098\uba70 \uc740\uc740\ud55c \ub098\ubb34 \ud5a5\uc774 \ud2b9\uc9d5\uc774\uba70, \uac74\uac15 \uad00\ub828 \uc6a9\ub3c4\uc5d0\uc11c \uce58\ub8cc\uc81c\ub85c \uc791\uc6a9\ud569\ub2c8\ub2e4.","og_url":"https:\/\/naturalpoland.com\/ko\/je-pum\/hwa-jang-pum-won-ryo\/e-sen-syeol-o-il\/%ec%8b%9c%ed%8a%b8%eb%a1%9c%eb%84%ac%eb%9d%bc-%ec%98%a4%ec%9d%bc\/","og_site_name":"NATURAL POLAND - Hurtowy Dystrybutor Surowc\u00f3w","article_publisher":"https:\/\/www.facebook.com\/naturalpoland.b2b","article_modified_time":"2025-09-30T12:39:17+00:00","og_image":[{"width":619,"height":619,"url":"https:\/\/naturalpoland.com\/wp-content\/uploads\/olejek-eteryczny-citronella.webp","type":"image\/webp"}],"schema":{"@context":"https:\/\/schema.org","@graph":[{"@type":"WebPage","@id":"https:\/\/naturalpoland.com\/ko\/je-pum\/hwa-jang-pum-won-ryo\/e-sen-syeol-o-il\/%ec%8b%9c%ed%8a%b8%eb%a1%9c%eb%84%ac%eb%9d%bc-%ec%98%a4%ec%9d%bc\/","url":"https:\/\/naturalpoland.com\/ko\/je-pum\/hwa-jang-pum-won-ryo\/e-sen-syeol-o-il\/%ec%8b%9c%ed%8a%b8%eb%a1%9c%eb%84%ac%eb%9d%bc-%ec%98%a4%ec%9d%bc\/","name":"","isPartOf":{"@id":"https:\/\/naturalpoland.com\/ko\/#website"},"primaryImageOfPage":{"@id":"https:\/\/naturalpoland.com\/ko\/je-pum\/hwa-jang-pum-won-ryo\/e-sen-syeol-o-il\/%ec%8b%9c%ed%8a%b8%eb%a1%9c%eb%84%ac%eb%9d%bc-%ec%98%a4%ec%9d%bc\/#primaryimage"},"image":{"@id":"https:\/\/naturalpoland.com\/ko\/je-pum\/hwa-jang-pum-won-ryo\/e-sen-syeol-o-il\/%ec%8b%9c%ed%8a%b8%eb%a1%9c%eb%84%ac%eb%9d%bc-%ec%98%a4%ec%9d%bc\/#primaryimage"},"thumbnailUrl":"https:\/\/naturalpoland.com\/wp-content\/uploads\/olejek-eteryczny-citronella.webp","datePublished":"2024-10-18T09:27:02+00:00","dateModified":"2025-09-30T12:39:17+00:00","description":"\uc2dc\ud2b8\ub85c\ub12c\ub77c \uc624\uc77c\uc740 \uc2e0\uc120\ud558\uace0 \uc2dc\ud2b8\ub7ec\uc2a4 \ud5a5\uc774 \ub098\uba70 \uc740\uc740\ud55c \ub098\ubb34 \ud5a5\uc774 \ud2b9\uc9d5\uc774\uba70, \uac74\uac15 \uad00\ub828 \uc6a9\ub3c4\uc5d0\uc11c \uce58\ub8cc\uc81c\ub85c \uc791\uc6a9\ud569\ub2c8\ub2e4.","breadcrumb":{"@id":"https:\/\/naturalpoland.com\/ko\/je-pum\/hwa-jang-pum-won-ryo\/e-sen-syeol-o-il\/%ec%8b%9c%ed%8a%b8%eb%a1%9c%eb%84%ac%eb%9d%bc-%ec%98%a4%ec%9d%bc\/#breadcrumb"},"inLanguage":"ko-KR","potentialAction":[{"@type":"ReadAction","target":["https:\/\/naturalpoland.com\/ko\/je-pum\/hwa-jang-pum-won-ryo\/e-sen-syeol-o-il\/%ec%8b%9c%ed%8a%b8%eb%a1%9c%eb%84%ac%eb%9d%bc-%ec%98%a4%ec%9d%bc\/"]}]},{"@type":"ImageObject","inLanguage":"ko-KR","@id":"https:\/\/naturalpoland.com\/ko\/je-pum\/hwa-jang-pum-won-ryo\/e-sen-syeol-o-il\/%ec%8b%9c%ed%8a%b8%eb%a1%9c%eb%84%ac%eb%9d%bc-%ec%98%a4%ec%9d%bc\/#primaryimage","url":"https:\/\/naturalpoland.com\/wp-content\/uploads\/olejek-eteryczny-citronella.webp","contentUrl":"https:\/\/naturalpoland.com\/wp-content\/uploads\/olejek-eteryczny-citronella.webp","width":619,"height":619,"caption":"\uc2dc\ud2b8\ub85c\ub12c\ub77c \uc5d0\uc13c\uc15c \uc624\uc77c"},{"@type":"BreadcrumbList","@id":"https:\/\/naturalpoland.com\/ko\/je-pum\/hwa-jang-pum-won-ryo\/e-sen-syeol-o-il\/%ec%8b%9c%ed%8a%b8%eb%a1%9c%eb%84%ac%eb%9d%bc-%ec%98%a4%ec%9d%bc\/#breadcrumb","itemListElement":[{"@type":"ListItem","position":1,"name":"\ud648","item":"https:\/\/naturalpoland.com\/ko\/"},{"@type":"ListItem","position":2,"name":"\uc81c\ud488","item":"https:\/\/naturalpoland.com\/ko\/%ec%a0%9c%ed%92%88\/"},{"@type":"ListItem","position":3,"name":"\uc2dc\ud2b8\ub85c\ub12c\ub77c \uc624\uc77c"}]},{"@type":"WebSite","@id":"https:\/\/naturalpoland.com\/ko\/#website","url":"https:\/\/naturalpoland.com\/ko\/","name":"NATURAL POLAND - Hurtowy Dystrybutor Surowc\u00f3w","description":"Surowce dla przemys\u0142u spo\u017cywczego, kosmetycznego i farmaceutycznego","publisher":{"@id":"https:\/\/naturalpoland.com\/ko\/#organization"},"potentialAction":[{"@type":"SearchAction","target":{"@type":"EntryPoint","urlTemplate":"https:\/\/naturalpoland.com\/ko\/?s={search_term_string}"},"query-input":{"@type":"PropertyValueSpecification","valueRequired":true,"valueName":"search_term_string"}}],"inLanguage":"ko-KR"},{"@type":"Organization","@id":"https:\/\/naturalpoland.com\/ko\/#organization","name":"Natural Poland","url":"https:\/\/naturalpoland.com\/ko\/","logo":{"@type":"ImageObject","inLanguage":"ko-KR","@id":"https:\/\/naturalpoland.com\/ko\/#\/schema\/logo\/image\/","url":"https:\/\/naturalpoland.com\/wp-content\/uploads\/2021\/05\/natural-poland-icon.png","contentUrl":"https:\/\/naturalpoland.com\/wp-content\/uploads\/2021\/05\/natural-poland-icon.png","width":512,"height":512,"caption":"Natural Poland"},"image":{"@id":"https:\/\/naturalpoland.com\/ko\/#\/schema\/logo\/image\/"},"sameAs":["https:\/\/www.facebook.com\/naturalpoland.b2b","https:\/\/pl.linkedin.com\/company\/natural-poland","https:\/\/www.youtube.com\/channel\/UCgeGGkvOMahZo-xu_MSEWxg"]}]}},"_links":{"self":[{"href":"https:\/\/naturalpoland.com\/ko\/wp-json\/wp\/v2\/product\/43505","targetHints":{"allow":["GET"]}}],"collection":[{"href":"https:\/\/naturalpoland.com\/ko\/wp-json\/wp\/v2\/product"}],"about":[{"href":"https:\/\/naturalpoland.com\/ko\/wp-json\/wp\/v2\/types\/product"}],"wp:featuredmedia":[{"embeddable":true,"href":"https:\/\/naturalpoland.com\/ko\/wp-json\/wp\/v2\/media\/43506"}],"wp:attachment":[{"href":"https:\/\/naturalpoland.com\/ko\/wp-json\/wp\/v2\/media?parent=43505"}],"wp:term":[{"taxonomy":"product_brand","embeddable":true,"href":"https:\/\/naturalpoland.com\/ko\/wp-json\/wp\/v2\/product_brand?post=43505"},{"taxonomy":"product_cat","embeddable":true,"href":"https:\/\/naturalpoland.com\/ko\/wp-json\/wp\/v2\/product_cat?post=43505"},{"taxonomy":"product_tag","embeddable":true,"href":"https:\/\/naturalpoland.com\/ko\/wp-json\/wp\/v2\/product_tag?post=43505"}],"curies":[{"name":"wp","href":"https:\/\/api.w.org\/{rel}","templated":true}]}}