{"id":43509,"date":"2024-10-15T12:27:30","date_gmt":"2024-10-15T10:27:30","guid":{"rendered":"https:\/\/naturalpoland.com\/produkty\/uncategorized\/%eb%85%b8%ea%b0%84%ec%a3%bc%eb%82%98%eb%ac%b4-%ec%98%a4%ec%9d%bc\/"},"modified":"2025-09-30T14:40:45","modified_gmt":"2025-09-30T12:40:45","slug":"%eb%85%b8%ea%b0%84%ec%a3%bc%eb%82%98%eb%ac%b4-%ec%98%a4%ec%9d%bc","status":"publish","type":"product","link":"https:\/\/naturalpoland.com\/ko\/je-pum\/hwa-jang-pum-won-ryo\/e-sen-syeol-o-il\/%eb%85%b8%ea%b0%84%ec%a3%bc%eb%82%98%eb%ac%b4-%ec%98%a4%ec%9d%bc\/","title":{"rendered":"\ub178\uac04\uc8fc\ub098\ubb34 \uc624\uc77c"},"content":{"rendered":"<h2>\ud6a8\ub2a5 \ubc0f \ud65c\uc6a9<\/h2>\n<p>\ub178\uac04\uc8fc\ub098\ubb34 \uc624\uc77c\uc740 \uc0b4\uade0, \ud56d\uade0 \ubc0f \ud56d\uc9c4\uade0 \uc791\uc6a9\uc744 \ud569\ub2c8\ub2e4. <strong>\ud654\uc7a5\ud488\uc5d0<\/strong> \uc0ac\uc6a9\ud558\uba74 \ud53c\ubd80\ub97c \uc815\ud654\ud558\uace0 \uc2b5\uc9c4 \ubc0f \uac74\uc120 \uc99d\uc0c1\uc744 \uc644\ud654\ud558\ub294 \ub370 \ub3c4\uc6c0\uc774 \ub429\ub2c8\ub2e4. \uc5ec\ub4dc\ub984 \ubc0f \ud53c\ubd80 \ubb38\uc81c\uc6a9 \ud654\uc7a5\ud488\uc5d0 \uc774\uc0c1\uc801\uc774\uba70, \ud06c\ub9bc, \ud1a0\ub108 \ub610\ub294 \ub9c8\uc2a4\ud06c\ud329\uc5d0 \uc0ac\uc6a9\ud560 \uc218 \uc788\uc2b5\ub2c8\ub2e4.  <\/p>\n<p>\ud574\ub3c5 \ubc0f \ud608\uc561 \uc21c\ud658 \uac1c\uc120 \ud2b9\uc131\uc73c\ub85c \uc778\ud574 <strong>\uc140\ub8f0\ub77c\uc774\ud2b8 \ub9c8\uc0ac\uc9c0<\/strong>\uc758 \uc131\ubd84\uc73c\ub85c \ud0c1\uc6d4\ud569\ub2c8\ub2e4. \ub610\ud55c \ud56d\uc5fc \ubc0f \uc9c4\ud1b5 \uc791\uc6a9\uc744 \ud558\ubbc0\ub85c \uadfc\uc721\ud1b5, \uad00\uc808\ud1b5, \ub958\uba38\ud2f0\uc998 \ubc0f \uad00\uc808\uc5fc \uc644\ud654\uc5d0\ub3c4 \uc0ac\uc6a9\ub429\ub2c8\ub2e4. <\/p>\n<p>\ubc18\uba74 <strong>\uc544\ub85c\ub9c8\ud14c\ub77c\ud53c\uc5d0\uc11c\ub294<\/strong> \ub178\uac04\uc8fc\ub098\ubb34 \uc624\uc77c\uc774 \uacf5\uae30\ub97c \uc815\ud654\ud558\ub294 \ub370 \ub3c4\uc6c0\uc744 \uc90d\ub2c8\ub2e4. \uac10\uae30 \ubc0f \ub3c5\uac10 \uc2dc \ud761\uc785\ud558\uba74 \ud638\ud761\uc744 \ud3b8\uc548\ud558\uac8c \ud558\uace0 \ud638\ud761\uae30 \uc815\ud654\ub97c \ub3d5\uc2b5\ub2c8\ub2e4. \ub610\ud55c \ud53c\ub85c, \uc2a4\ud2b8\ub808\uc2a4 \ubc0f \uae34\uc7a5\uc744 \uc644\ud654\ud569\ub2c8\ub2e4. \uc9c4\uc815 \ud6a8\uacfc\uac00 \uc788\uc73c\uba70 \ub3d9\uc2dc\uc5d0 \uc9d1\uc911\ub825\uc744 \ud5a5\uc0c1\uc2dc\ud0b5\ub2c8\ub2e4.   <\/p>\n<p>\ub178\uac04\uc8fc\ub098\ubb34 \uc624\uc77c\uc740 \uc2e0\uc911\ud558\uac8c \uc0ac\uc6a9\ud574\uc57c \ud569\ub2c8\ub2e4. \ud53c\ubd80\uc5d0 \ubc14\ub974\uae30 \uc804\uc5d0 \ud56d\uc0c1 \uce90\ub9ac\uc5b4 \uc624\uc77c\uc5d0 \ud76c\uc11d\ud558\uace0 \uc54c\ub808\ub974\uae30 \ud14c\uc2a4\ud2b8\ub97c \uc218\ud589\ud558\ub294 \uac83\uc774 \uc88b\uc2b5\ub2c8\ub2e4. <\/p>\n","protected":false},"excerpt":{"rendered":"<p>\ub178\uac04\uc8fc\ub098\ubb34(Juniperus communis) \ucc9c\uc5f0 \uc5d0\uc13c\uc15c \uc624\uc77c\uc740 \ub178\uac04\uc8fc\ub098\ubb34 \uc5f4\ub9e4\ub97c \uc99d\uae30 \uc99d\ub958\ud558\uc5ec \uc5bb\uc2b5\ub2c8\ub2e4. \uac15\ub82c\ud558\uace0 \uc2e0\uc120\ud558\uba70 \ub098\ubb34 \ud5a5\uacfc \uc2a4\ud30c\uc774\uc2dc\ud55c \ud5a5\uc774 \ub098\uba70 \uc740\uc740\ud55c \ub2e8\ub9db\uc774 \ud2b9\uc9d5\uc785\ub2c8\ub2e4. <\/p>\n<h3><\/h3>\n","protected":false},"featured_media":43510,"template":"","meta":[],"product_brand":[],"product_cat":[8155],"product_tag":[],"class_list":{"0":"post-43509","1":"product","2":"type-product","3":"status-publish","4":"has-post-thumbnail","6":"product_cat-e-sen-syeol-o-il","8":"first","9":"instock","10":"shipping-taxable","11":"product-type-simple"},"yoast_head":"<!-- This site is optimized with the Yoast SEO plugin v27.3 - https:\/\/yoast.com\/product\/yoast-seo-wordpress\/ -->\n<title>NATURAL POLAND &#8211; Hurtowy Dystrybutor Surowc\u00f3w<\/title>\n<meta name=\"description\" content=\"\ub178\uac04\uc8fc\ub098\ubb34(Juniperus communis) \ucc9c\uc5f0 \uc5d0\uc13c\uc15c \uc624\uc77c\uc740 \ub178\uac04\uc8fc\ub098\ubb34 \uc5f4\ub9e4\ub97c \uc99d\uae30 \uc99d\ub958\ud558\uc5ec \uc5bb\uc2b5\ub2c8\ub2e4.\" \/>\n<meta name=\"robots\" content=\"index, follow, max-snippet:-1, max-image-preview:large, max-video-preview:-1\" \/>\n<link rel=\"canonical\" href=\"https:\/\/naturalpoland.com\/ko\/je-pum\/hwa-jang-pum-won-ryo\/e-sen-syeol-o-il\/%eb%85%b8%ea%b0%84%ec%a3%bc%eb%82%98%eb%ac%b4-%ec%98%a4%ec%9d%bc\/\" \/>\n<meta property=\"og:locale\" content=\"ko_KR\" \/>\n<meta property=\"og:type\" content=\"article\" \/>\n<meta property=\"og:description\" content=\"\ub178\uac04\uc8fc\ub098\ubb34(Juniperus communis) \ucc9c\uc5f0 \uc5d0\uc13c\uc15c \uc624\uc77c\uc740 \ub178\uac04\uc8fc\ub098\ubb34 \uc5f4\ub9e4\ub97c \uc99d\uae30 \uc99d\ub958\ud558\uc5ec \uc5bb\uc2b5\ub2c8\ub2e4.\" \/>\n<meta property=\"og:url\" content=\"https:\/\/naturalpoland.com\/ko\/je-pum\/hwa-jang-pum-won-ryo\/e-sen-syeol-o-il\/%eb%85%b8%ea%b0%84%ec%a3%bc%eb%82%98%eb%ac%b4-%ec%98%a4%ec%9d%bc\/\" \/>\n<meta property=\"og:site_name\" content=\"NATURAL POLAND - Hurtowy Dystrybutor Surowc\u00f3w\" \/>\n<meta property=\"article:publisher\" content=\"https:\/\/www.facebook.com\/naturalpoland.b2b\" \/>\n<meta property=\"article:modified_time\" content=\"2025-09-30T12:40:45+00:00\" \/>\n<meta property=\"og:image\" content=\"https:\/\/naturalpoland.com\/wp-content\/uploads\/olejek-z-jalowca.webp\" \/>\n\t<meta property=\"og:image:width\" content=\"610\" \/>\n\t<meta property=\"og:image:height\" content=\"610\" \/>\n\t<meta property=\"og:image:type\" content=\"image\/webp\" \/>\n<script type=\"application\/ld+json\" class=\"yoast-schema-graph\">{\"@context\":\"https:\\\/\\\/schema.org\",\"@graph\":[{\"@type\":\"WebPage\",\"@id\":\"https:\\\/\\\/naturalpoland.com\\\/ko\\\/je-pum\\\/hwa-jang-pum-won-ryo\\\/e-sen-syeol-o-il\\\/%eb%85%b8%ea%b0%84%ec%a3%bc%eb%82%98%eb%ac%b4-%ec%98%a4%ec%9d%bc\\\/\",\"url\":\"https:\\\/\\\/naturalpoland.com\\\/ko\\\/je-pum\\\/hwa-jang-pum-won-ryo\\\/e-sen-syeol-o-il\\\/%eb%85%b8%ea%b0%84%ec%a3%bc%eb%82%98%eb%ac%b4-%ec%98%a4%ec%9d%bc\\\/\",\"name\":\"\",\"isPartOf\":{\"@id\":\"https:\\\/\\\/naturalpoland.com\\\/ko\\\/#website\"},\"primaryImageOfPage\":{\"@id\":\"https:\\\/\\\/naturalpoland.com\\\/ko\\\/je-pum\\\/hwa-jang-pum-won-ryo\\\/e-sen-syeol-o-il\\\/%eb%85%b8%ea%b0%84%ec%a3%bc%eb%82%98%eb%ac%b4-%ec%98%a4%ec%9d%bc\\\/#primaryimage\"},\"image\":{\"@id\":\"https:\\\/\\\/naturalpoland.com\\\/ko\\\/je-pum\\\/hwa-jang-pum-won-ryo\\\/e-sen-syeol-o-il\\\/%eb%85%b8%ea%b0%84%ec%a3%bc%eb%82%98%eb%ac%b4-%ec%98%a4%ec%9d%bc\\\/#primaryimage\"},\"thumbnailUrl\":\"https:\\\/\\\/naturalpoland.com\\\/wp-content\\\/uploads\\\/olejek-z-jalowca.webp\",\"datePublished\":\"2024-10-15T10:27:30+00:00\",\"dateModified\":\"2025-09-30T12:40:45+00:00\",\"description\":\"\ub178\uac04\uc8fc\ub098\ubb34(Juniperus communis) \ucc9c\uc5f0 \uc5d0\uc13c\uc15c \uc624\uc77c\uc740 \ub178\uac04\uc8fc\ub098\ubb34 \uc5f4\ub9e4\ub97c \uc99d\uae30 \uc99d\ub958\ud558\uc5ec \uc5bb\uc2b5\ub2c8\ub2e4.\",\"breadcrumb\":{\"@id\":\"https:\\\/\\\/naturalpoland.com\\\/ko\\\/je-pum\\\/hwa-jang-pum-won-ryo\\\/e-sen-syeol-o-il\\\/%eb%85%b8%ea%b0%84%ec%a3%bc%eb%82%98%eb%ac%b4-%ec%98%a4%ec%9d%bc\\\/#breadcrumb\"},\"inLanguage\":\"ko-KR\",\"potentialAction\":[{\"@type\":\"ReadAction\",\"target\":[\"https:\\\/\\\/naturalpoland.com\\\/ko\\\/je-pum\\\/hwa-jang-pum-won-ryo\\\/e-sen-syeol-o-il\\\/%eb%85%b8%ea%b0%84%ec%a3%bc%eb%82%98%eb%ac%b4-%ec%98%a4%ec%9d%bc\\\/\"]}]},{\"@type\":\"ImageObject\",\"inLanguage\":\"ko-KR\",\"@id\":\"https:\\\/\\\/naturalpoland.com\\\/ko\\\/je-pum\\\/hwa-jang-pum-won-ryo\\\/e-sen-syeol-o-il\\\/%eb%85%b8%ea%b0%84%ec%a3%bc%eb%82%98%eb%ac%b4-%ec%98%a4%ec%9d%bc\\\/#primaryimage\",\"url\":\"https:\\\/\\\/naturalpoland.com\\\/wp-content\\\/uploads\\\/olejek-z-jalowca.webp\",\"contentUrl\":\"https:\\\/\\\/naturalpoland.com\\\/wp-content\\\/uploads\\\/olejek-z-jalowca.webp\",\"width\":610,\"height\":610,\"caption\":\"\ub178\uac04\uc8fc\ub098\ubb34 \ucc9c\uc5f0 \uc5d0\uc13c\uc15c \uc624\uc77c\"},{\"@type\":\"BreadcrumbList\",\"@id\":\"https:\\\/\\\/naturalpoland.com\\\/ko\\\/je-pum\\\/hwa-jang-pum-won-ryo\\\/e-sen-syeol-o-il\\\/%eb%85%b8%ea%b0%84%ec%a3%bc%eb%82%98%eb%ac%b4-%ec%98%a4%ec%9d%bc\\\/#breadcrumb\",\"itemListElement\":[{\"@type\":\"ListItem\",\"position\":1,\"name\":\"\ud648\",\"item\":\"https:\\\/\\\/naturalpoland.com\\\/ko\\\/\"},{\"@type\":\"ListItem\",\"position\":2,\"name\":\"\uc81c\ud488\",\"item\":\"https:\\\/\\\/naturalpoland.com\\\/ko\\\/%ec%a0%9c%ed%92%88\\\/\"},{\"@type\":\"ListItem\",\"position\":3,\"name\":\"\ub178\uac04\uc8fc\ub098\ubb34 \uc624\uc77c\"}]},{\"@type\":\"WebSite\",\"@id\":\"https:\\\/\\\/naturalpoland.com\\\/ko\\\/#website\",\"url\":\"https:\\\/\\\/naturalpoland.com\\\/ko\\\/\",\"name\":\"NATURAL POLAND - Hurtowy Dystrybutor Surowc\u00f3w\",\"description\":\"Surowce dla przemys\u0142u spo\u017cywczego, kosmetycznego i farmaceutycznego\",\"publisher\":{\"@id\":\"https:\\\/\\\/naturalpoland.com\\\/ko\\\/#organization\"},\"potentialAction\":[{\"@type\":\"SearchAction\",\"target\":{\"@type\":\"EntryPoint\",\"urlTemplate\":\"https:\\\/\\\/naturalpoland.com\\\/ko\\\/?s={search_term_string}\"},\"query-input\":{\"@type\":\"PropertyValueSpecification\",\"valueRequired\":true,\"valueName\":\"search_term_string\"}}],\"inLanguage\":\"ko-KR\"},{\"@type\":\"Organization\",\"@id\":\"https:\\\/\\\/naturalpoland.com\\\/ko\\\/#organization\",\"name\":\"Natural Poland\",\"url\":\"https:\\\/\\\/naturalpoland.com\\\/ko\\\/\",\"logo\":{\"@type\":\"ImageObject\",\"inLanguage\":\"ko-KR\",\"@id\":\"https:\\\/\\\/naturalpoland.com\\\/ko\\\/#\\\/schema\\\/logo\\\/image\\\/\",\"url\":\"https:\\\/\\\/naturalpoland.com\\\/wp-content\\\/uploads\\\/2021\\\/05\\\/natural-poland-icon.png\",\"contentUrl\":\"https:\\\/\\\/naturalpoland.com\\\/wp-content\\\/uploads\\\/2021\\\/05\\\/natural-poland-icon.png\",\"width\":512,\"height\":512,\"caption\":\"Natural Poland\"},\"image\":{\"@id\":\"https:\\\/\\\/naturalpoland.com\\\/ko\\\/#\\\/schema\\\/logo\\\/image\\\/\"},\"sameAs\":[\"https:\\\/\\\/www.facebook.com\\\/naturalpoland.b2b\",\"https:\\\/\\\/pl.linkedin.com\\\/company\\\/natural-poland\",\"https:\\\/\\\/www.youtube.com\\\/channel\\\/UCgeGGkvOMahZo-xu_MSEWxg\"]}]}<\/script>\n<!-- \/ Yoast SEO plugin. -->","yoast_head_json":{"title":"NATURAL POLAND &#8211; Hurtowy Dystrybutor Surowc\u00f3w","description":"\ub178\uac04\uc8fc\ub098\ubb34(Juniperus communis) \ucc9c\uc5f0 \uc5d0\uc13c\uc15c \uc624\uc77c\uc740 \ub178\uac04\uc8fc\ub098\ubb34 \uc5f4\ub9e4\ub97c \uc99d\uae30 \uc99d\ub958\ud558\uc5ec \uc5bb\uc2b5\ub2c8\ub2e4.","robots":{"index":"index","follow":"follow","max-snippet":"max-snippet:-1","max-image-preview":"max-image-preview:large","max-video-preview":"max-video-preview:-1"},"canonical":"https:\/\/naturalpoland.com\/ko\/je-pum\/hwa-jang-pum-won-ryo\/e-sen-syeol-o-il\/%eb%85%b8%ea%b0%84%ec%a3%bc%eb%82%98%eb%ac%b4-%ec%98%a4%ec%9d%bc\/","og_locale":"ko_KR","og_type":"article","og_description":"\ub178\uac04\uc8fc\ub098\ubb34(Juniperus communis) \ucc9c\uc5f0 \uc5d0\uc13c\uc15c \uc624\uc77c\uc740 \ub178\uac04\uc8fc\ub098\ubb34 \uc5f4\ub9e4\ub97c \uc99d\uae30 \uc99d\ub958\ud558\uc5ec \uc5bb\uc2b5\ub2c8\ub2e4.","og_url":"https:\/\/naturalpoland.com\/ko\/je-pum\/hwa-jang-pum-won-ryo\/e-sen-syeol-o-il\/%eb%85%b8%ea%b0%84%ec%a3%bc%eb%82%98%eb%ac%b4-%ec%98%a4%ec%9d%bc\/","og_site_name":"NATURAL POLAND - Hurtowy Dystrybutor Surowc\u00f3w","article_publisher":"https:\/\/www.facebook.com\/naturalpoland.b2b","article_modified_time":"2025-09-30T12:40:45+00:00","og_image":[{"width":610,"height":610,"url":"https:\/\/naturalpoland.com\/wp-content\/uploads\/olejek-z-jalowca.webp","type":"image\/webp"}],"schema":{"@context":"https:\/\/schema.org","@graph":[{"@type":"WebPage","@id":"https:\/\/naturalpoland.com\/ko\/je-pum\/hwa-jang-pum-won-ryo\/e-sen-syeol-o-il\/%eb%85%b8%ea%b0%84%ec%a3%bc%eb%82%98%eb%ac%b4-%ec%98%a4%ec%9d%bc\/","url":"https:\/\/naturalpoland.com\/ko\/je-pum\/hwa-jang-pum-won-ryo\/e-sen-syeol-o-il\/%eb%85%b8%ea%b0%84%ec%a3%bc%eb%82%98%eb%ac%b4-%ec%98%a4%ec%9d%bc\/","name":"","isPartOf":{"@id":"https:\/\/naturalpoland.com\/ko\/#website"},"primaryImageOfPage":{"@id":"https:\/\/naturalpoland.com\/ko\/je-pum\/hwa-jang-pum-won-ryo\/e-sen-syeol-o-il\/%eb%85%b8%ea%b0%84%ec%a3%bc%eb%82%98%eb%ac%b4-%ec%98%a4%ec%9d%bc\/#primaryimage"},"image":{"@id":"https:\/\/naturalpoland.com\/ko\/je-pum\/hwa-jang-pum-won-ryo\/e-sen-syeol-o-il\/%eb%85%b8%ea%b0%84%ec%a3%bc%eb%82%98%eb%ac%b4-%ec%98%a4%ec%9d%bc\/#primaryimage"},"thumbnailUrl":"https:\/\/naturalpoland.com\/wp-content\/uploads\/olejek-z-jalowca.webp","datePublished":"2024-10-15T10:27:30+00:00","dateModified":"2025-09-30T12:40:45+00:00","description":"\ub178\uac04\uc8fc\ub098\ubb34(Juniperus communis) \ucc9c\uc5f0 \uc5d0\uc13c\uc15c \uc624\uc77c\uc740 \ub178\uac04\uc8fc\ub098\ubb34 \uc5f4\ub9e4\ub97c \uc99d\uae30 \uc99d\ub958\ud558\uc5ec \uc5bb\uc2b5\ub2c8\ub2e4.","breadcrumb":{"@id":"https:\/\/naturalpoland.com\/ko\/je-pum\/hwa-jang-pum-won-ryo\/e-sen-syeol-o-il\/%eb%85%b8%ea%b0%84%ec%a3%bc%eb%82%98%eb%ac%b4-%ec%98%a4%ec%9d%bc\/#breadcrumb"},"inLanguage":"ko-KR","potentialAction":[{"@type":"ReadAction","target":["https:\/\/naturalpoland.com\/ko\/je-pum\/hwa-jang-pum-won-ryo\/e-sen-syeol-o-il\/%eb%85%b8%ea%b0%84%ec%a3%bc%eb%82%98%eb%ac%b4-%ec%98%a4%ec%9d%bc\/"]}]},{"@type":"ImageObject","inLanguage":"ko-KR","@id":"https:\/\/naturalpoland.com\/ko\/je-pum\/hwa-jang-pum-won-ryo\/e-sen-syeol-o-il\/%eb%85%b8%ea%b0%84%ec%a3%bc%eb%82%98%eb%ac%b4-%ec%98%a4%ec%9d%bc\/#primaryimage","url":"https:\/\/naturalpoland.com\/wp-content\/uploads\/olejek-z-jalowca.webp","contentUrl":"https:\/\/naturalpoland.com\/wp-content\/uploads\/olejek-z-jalowca.webp","width":610,"height":610,"caption":"\ub178\uac04\uc8fc\ub098\ubb34 \ucc9c\uc5f0 \uc5d0\uc13c\uc15c \uc624\uc77c"},{"@type":"BreadcrumbList","@id":"https:\/\/naturalpoland.com\/ko\/je-pum\/hwa-jang-pum-won-ryo\/e-sen-syeol-o-il\/%eb%85%b8%ea%b0%84%ec%a3%bc%eb%82%98%eb%ac%b4-%ec%98%a4%ec%9d%bc\/#breadcrumb","itemListElement":[{"@type":"ListItem","position":1,"name":"\ud648","item":"https:\/\/naturalpoland.com\/ko\/"},{"@type":"ListItem","position":2,"name":"\uc81c\ud488","item":"https:\/\/naturalpoland.com\/ko\/%ec%a0%9c%ed%92%88\/"},{"@type":"ListItem","position":3,"name":"\ub178\uac04\uc8fc\ub098\ubb34 \uc624\uc77c"}]},{"@type":"WebSite","@id":"https:\/\/naturalpoland.com\/ko\/#website","url":"https:\/\/naturalpoland.com\/ko\/","name":"NATURAL POLAND - Hurtowy Dystrybutor Surowc\u00f3w","description":"Surowce dla przemys\u0142u spo\u017cywczego, kosmetycznego i farmaceutycznego","publisher":{"@id":"https:\/\/naturalpoland.com\/ko\/#organization"},"potentialAction":[{"@type":"SearchAction","target":{"@type":"EntryPoint","urlTemplate":"https:\/\/naturalpoland.com\/ko\/?s={search_term_string}"},"query-input":{"@type":"PropertyValueSpecification","valueRequired":true,"valueName":"search_term_string"}}],"inLanguage":"ko-KR"},{"@type":"Organization","@id":"https:\/\/naturalpoland.com\/ko\/#organization","name":"Natural Poland","url":"https:\/\/naturalpoland.com\/ko\/","logo":{"@type":"ImageObject","inLanguage":"ko-KR","@id":"https:\/\/naturalpoland.com\/ko\/#\/schema\/logo\/image\/","url":"https:\/\/naturalpoland.com\/wp-content\/uploads\/2021\/05\/natural-poland-icon.png","contentUrl":"https:\/\/naturalpoland.com\/wp-content\/uploads\/2021\/05\/natural-poland-icon.png","width":512,"height":512,"caption":"Natural Poland"},"image":{"@id":"https:\/\/naturalpoland.com\/ko\/#\/schema\/logo\/image\/"},"sameAs":["https:\/\/www.facebook.com\/naturalpoland.b2b","https:\/\/pl.linkedin.com\/company\/natural-poland","https:\/\/www.youtube.com\/channel\/UCgeGGkvOMahZo-xu_MSEWxg"]}]}},"_links":{"self":[{"href":"https:\/\/naturalpoland.com\/ko\/wp-json\/wp\/v2\/product\/43509","targetHints":{"allow":["GET"]}}],"collection":[{"href":"https:\/\/naturalpoland.com\/ko\/wp-json\/wp\/v2\/product"}],"about":[{"href":"https:\/\/naturalpoland.com\/ko\/wp-json\/wp\/v2\/types\/product"}],"wp:featuredmedia":[{"embeddable":true,"href":"https:\/\/naturalpoland.com\/ko\/wp-json\/wp\/v2\/media\/43510"}],"wp:attachment":[{"href":"https:\/\/naturalpoland.com\/ko\/wp-json\/wp\/v2\/media?parent=43509"}],"wp:term":[{"taxonomy":"product_brand","embeddable":true,"href":"https:\/\/naturalpoland.com\/ko\/wp-json\/wp\/v2\/product_brand?post=43509"},{"taxonomy":"product_cat","embeddable":true,"href":"https:\/\/naturalpoland.com\/ko\/wp-json\/wp\/v2\/product_cat?post=43509"},{"taxonomy":"product_tag","embeddable":true,"href":"https:\/\/naturalpoland.com\/ko\/wp-json\/wp\/v2\/product_tag?post=43509"}],"curies":[{"name":"wp","href":"https:\/\/api.w.org\/{rel}","templated":true}]}}