{"id":43513,"date":"2024-10-14T15:04:57","date_gmt":"2024-10-14T13:04:57","guid":{"rendered":"https:\/\/naturalpoland.com\/produkty\/uncategorized\/%ec%9c%a0%ec%b9%bc%eb%a6%bd%ed%88%ac%ec%8a%a4-%ec%98%a4%ec%9d%bc\/"},"modified":"2025-09-30T14:57:53","modified_gmt":"2025-09-30T12:57:53","slug":"%ec%9c%a0%ec%b9%bc%eb%a6%bd%ed%88%ac%ec%8a%a4-%ec%98%a4%ec%9d%bc","status":"publish","type":"product","link":"https:\/\/naturalpoland.com\/ko\/je-pum\/hwa-jang-pum-won-ryo\/e-sen-syeol-o-il\/%ec%9c%a0%ec%b9%bc%eb%a6%bd%ed%88%ac%ec%8a%a4-%ec%98%a4%ec%9d%bc\/","title":{"rendered":"\uc720\uce7c\ub9bd\ud22c\uc2a4 \uc624\uc77c"},"content":{"rendered":"<h2>\ud2b9\uc131<\/h2>\n<p>\uc720\uce7c\ub9bd\ud22c\uc2a4 \uc624\uc77c\uc740 \uc8fc\ub85c 1,8-\uc2dc\ub124\uc62c(\uc720\uce7c\ub9bd\ud1a8)\uc744 \ud568\uc720\ud558\uace0 \uc788\uc73c\uba70, \uc774\ub294 \ub2e4\uc74c\uacfc \uac19\uc740 \uac15\ub825\ud55c \uac74\uac15 \ud6a8\ub2a5\uc744 \ub2f4\ub2f9\ud569\ub2c8\ub2e4: <strong>\uc0b4\uade0<\/strong>, <strong>\ud56d\uc5fc<\/strong>, <strong>\ud56d\ubc14\uc774\ub7ec\uc2a4<\/strong> \ubc0f <strong>\ud56d\uade0<\/strong> \uc791\uc6a9. \ud638\ud761\uae30 \uc9c8\ud658 \uce58\ub8cc\uc5d0 \uc790\uc8fc \uc0ac\uc6a9\ub429\ub2c8\ub2e4. \uc815\uae30\uc801\uc73c\ub85c \uc0ac\uc6a9\ud558\uba74 \uac10\uae30, \ub3c5\uac10, \ucf54\ub9c9\ud798, \uae30\uce68 \uc99d\uc0c1 \uc644\ud654\uc5d0 \ub3c4\uc6c0\uc774 \ub420 \uc218 \uc788\uc2b5\ub2c8\ub2e4. \ub610\ud55c <strong>\uc9c4\ud1b5<\/strong> \ubc0f <strong>\uc628\uc5f4<\/strong> \ud6a8\uacfc\uac00 \uc788\uc5b4 \uadfc\uc721\ud1b5\uacfc \ub958\ub9c8\ud2f0\uc2a4 \ud1b5\uc99d\uc5d0 \uc0ac\uc6a9\ub429\ub2c8\ub2e4.    <\/p>\n<h2>\uc801\uc6a9<\/h2>\n<p>\uc720\uce7c\ub9bd\ud22c\uc2a4 \uc5d0\uc13c\uc15c \uc624\uc77c\uc740 \ub514\ud4e8\uc800\uc640 \ud761\uc785\uae30\uc5d0 \uc0ac\uc6a9\ub418\ub294 <strong>\uc544\ub85c\ub9c8\ud14c\ub77c\ud53c<\/strong>\uc5d0 \ud6a8\uacfc\uc801\uc774\uba70, \uadf8 \uc2e0\uc120\ud55c \ud5a5\uc774 \uacf5\uae30\ub97c \uc815\ud654\ud558\uace0 \ub354 \ub098\uc740 \ud638\ud761\uc744 \ub3d5\uc2b5\ub2c8\ub2e4. \ud761\uc785\ud558\uba74 \uac70\ub2f4 \uc791\uc6a9\uc744 \ud558\uc5ec \ub9c9\ud78c \ud638\ud761\uae30\uc5d0 \uc548\ub3c4\uac10\uc744 \uc90d\ub2c8\ub2e4. <\/p>\n<p>\uc774 \uc624\uc77c\uc740 \ud76c\uc11d\ud558\uc5ec \ud53c\ubd80\uc5d0 <strong>\ub85c\uc158 \ubc0f \ub9c8\uc0ac\uc9c0 \uc624\uc77c \ucca8\uac00\uc81c<\/strong>\ub85c \uc0ac\uc6a9\ud560 \uc218 \uc788\uc2b5\ub2c8\ub2e4. \uc790\uadf9\uc744 \uc644\ud654\ud558\uace0 \uc791\uc740 \uc0c1\ucc98\uc758 \uce58\uc720\ub97c \ucd09\uc9c4\ud558\uba70 \ubc8c\ub808 \ubb3c\ub9b0 \ud6c4 \uac00\ub824\uc6c0\uc99d\uc744 \uc904\uc774\ub294 \ub370 \ub3c4\uc6c0\uc774 \ub429\ub2c8\ub2e4. \uc678\ubd80 \uc0ac\uc6a9 \uc2dc \ubbf8\uc138 \uc21c\ud658\uc744 \uac1c\uc120\ud558\uace0 \ud53c\ubd80\ub97c \uc815\ud654\ud558\ub294 \ud6a8\uacfc\uac00 \uc788\uc2b5\ub2c8\ub2e4.  <\/p>\n<p>\uce90\ub9ac\uc5b4 \uc624\uc77c\uc5d0 \ud76c\uc11d\ud55c \uc720\uce7c\ub9bd\ud22c\uc2a4 \uc624\uc77c\uc740 \uadfc\uc721 \ubc0f \uad00\uc808 \ud1b5\uc99d <strong>\ub9c8\uc0ac\uc9c0<\/strong>\uc5d0 \ud6a8\uacfc\uc801\uc785\ub2c8\ub2e4. \ub610\ud55c \ubaa9\uc695\ubb3c\uc5d0 \ucca8\uac00\ud558\uc5ec \uae34 \ud558\ub8e8 \ud6c4 \ud68c\ubcf5\uc5d0 \ub3c4\uc6c0\uc774 \ub418\ub294 \ud3b8\uc548\ud55c \ubd84\uc704\uae30\ub97c \uc870\uc131\ud560 \uc218 \uc788\uc2b5\ub2c8\ub2e4. <\/p>\n<p>\uac15\ub825\ud55c \uc0b4\uade0 \ud2b9\uc131 \ub355\ubd84\uc5d0 \uc774 \uc624\uc77c\uc740 <strong>\uac00\uc815\uc6a9 \uc138\uc815\uc81c<\/strong> \ubc0f \ud56d\uade0 \uc81c\ud488\uc5d0 \uc774\uc0c1\uc801\uc778 \ucca8\uac00\uc81c\uc774\uba70, \uc774\ub4e4\uc758 \uc815\ud654 \uc791\uc6a9\uc744 \ub3d5\uc2b5\ub2c8\ub2e4.<\/p>\n<p>\uc720\uce7c\ub9bd\ud22c\uc2a4 \uc624\uc77c\uc740 \uace0\ub18d\ucd95 \uc81c\ud488\uc774\ubbc0\ub85c \uc8fc\uc758\ud558\uc5ec \uc0ac\uc6a9\ud574\uc57c \ud569\ub2c8\ub2e4.<\/p>\n","protected":false},"excerpt":{"rendered":"<p>\uc720\uce7c\ub9bd\ud22c\uc2a4 \uc5d0\uc13c\uc15c \uc624\uc77c(<em>Eucalyptus globulus<\/em>)\uc740 \uc544\ub85c\ub9c8\ud14c\ub77c\ud53c \ubc0f \uac74\uac15 \uad00\ub9ac\uc5d0 \uc0ac\uc6a9\ub418\ub294 \uc81c\ud488\uc785\ub2c8\ub2e4. \uac15\ub82c\ud558\uace0 \uc0c1\ucf8c\ud55c \ud5a5\uc774 \ud2b9\uc9d5\uc774\uba70, \uc989\uac01\uc801\uc778 \uc0c1\ucf8c\ud568\uacfc \uc815\ud654\uac10\uc744 \uc120\uc0ac\ud569\ub2c8\ub2e4. \uc720\uce7c\ub9bd\ud22c\uc2a4 \ub098\ubb34 \uc78e\uc744 \uc99d\uae30 \uc99d\ub958\ud558\uc5ec \uc5bb\uc2b5\ub2c8\ub2e4.  <\/p>\n","protected":false},"featured_media":43514,"template":"","meta":[],"product_brand":[],"product_cat":[8155],"product_tag":[],"class_list":{"0":"post-43513","1":"product","2":"type-product","3":"status-publish","4":"has-post-thumbnail","6":"product_cat-e-sen-syeol-o-il","7":"pa_czesc-rosliny-8186","9":"first","10":"instock","11":"shipping-taxable","12":"product-type-simple"},"yoast_head":"<!-- This site is optimized with the Yoast SEO plugin v27.3 - https:\/\/yoast.com\/product\/yoast-seo-wordpress\/ -->\n<title>NATURAL POLAND &#8211; Hurtowy Dystrybutor Surowc\u00f3w<\/title>\n<meta name=\"description\" content=\"\uc720\uce7c\ub9bd\ud22c\uc2a4 \uc624\uc77c\uc740 \uce58\ub8cc \ud6a8\uacfc, \ud56d\uade0 \uc791\uc6a9\uc774 \uc788\uc73c\uba70 \uc2e0\uc120\ud558\uace0 \uc815\ud654\ud558\ub294 \ud5a5\uc744 \uc9c0\ub2d9\ub2c8\ub2e4. \uc8fc\ub85c 1,8-\uc2dc\ub124\uc62c(\uc720\uce7c\ub9bd\ud1a8)\uc744 \ud568\uc720\ud558\uace0 \uc788\uc2b5\ub2c8\ub2e4.\" \/>\n<meta name=\"robots\" content=\"index, follow, max-snippet:-1, max-image-preview:large, max-video-preview:-1\" \/>\n<link rel=\"canonical\" href=\"https:\/\/naturalpoland.com\/ko\/je-pum\/hwa-jang-pum-won-ryo\/e-sen-syeol-o-il\/%ec%9c%a0%ec%b9%bc%eb%a6%bd%ed%88%ac%ec%8a%a4-%ec%98%a4%ec%9d%bc\/\" \/>\n<meta property=\"og:locale\" content=\"ko_KR\" \/>\n<meta property=\"og:type\" content=\"article\" \/>\n<meta property=\"og:description\" content=\"\uc720\uce7c\ub9bd\ud22c\uc2a4 \uc624\uc77c\uc740 \uce58\ub8cc \ud6a8\uacfc, \ud56d\uade0 \uc791\uc6a9\uc774 \uc788\uc73c\uba70 \uc2e0\uc120\ud558\uace0 \uc815\ud654\ud558\ub294 \ud5a5\uc744 \uc9c0\ub2d9\ub2c8\ub2e4. \uc8fc\ub85c 1,8-\uc2dc\ub124\uc62c(\uc720\uce7c\ub9bd\ud1a8)\uc744 \ud568\uc720\ud558\uace0 \uc788\uc2b5\ub2c8\ub2e4.\" \/>\n<meta property=\"og:url\" content=\"https:\/\/naturalpoland.com\/ko\/je-pum\/hwa-jang-pum-won-ryo\/e-sen-syeol-o-il\/%ec%9c%a0%ec%b9%bc%eb%a6%bd%ed%88%ac%ec%8a%a4-%ec%98%a4%ec%9d%bc\/\" \/>\n<meta property=\"og:site_name\" content=\"NATURAL POLAND - Hurtowy Dystrybutor Surowc\u00f3w\" \/>\n<meta property=\"article:publisher\" content=\"https:\/\/www.facebook.com\/naturalpoland.b2b\" \/>\n<meta property=\"article:modified_time\" content=\"2025-09-30T12:57:53+00:00\" \/>\n<meta property=\"og:image\" content=\"https:\/\/naturalpoland.com\/wp-content\/uploads\/olejek-eukaliptusowy.webp\" \/>\n\t<meta property=\"og:image:width\" content=\"610\" \/>\n\t<meta property=\"og:image:height\" content=\"610\" \/>\n\t<meta property=\"og:image:type\" content=\"image\/webp\" \/>\n<script type=\"application\/ld+json\" class=\"yoast-schema-graph\">{\"@context\":\"https:\\\/\\\/schema.org\",\"@graph\":[{\"@type\":\"WebPage\",\"@id\":\"https:\\\/\\\/naturalpoland.com\\\/ko\\\/je-pum\\\/hwa-jang-pum-won-ryo\\\/e-sen-syeol-o-il\\\/%ec%9c%a0%ec%b9%bc%eb%a6%bd%ed%88%ac%ec%8a%a4-%ec%98%a4%ec%9d%bc\\\/\",\"url\":\"https:\\\/\\\/naturalpoland.com\\\/ko\\\/je-pum\\\/hwa-jang-pum-won-ryo\\\/e-sen-syeol-o-il\\\/%ec%9c%a0%ec%b9%bc%eb%a6%bd%ed%88%ac%ec%8a%a4-%ec%98%a4%ec%9d%bc\\\/\",\"name\":\"\",\"isPartOf\":{\"@id\":\"https:\\\/\\\/naturalpoland.com\\\/ko\\\/#website\"},\"primaryImageOfPage\":{\"@id\":\"https:\\\/\\\/naturalpoland.com\\\/ko\\\/je-pum\\\/hwa-jang-pum-won-ryo\\\/e-sen-syeol-o-il\\\/%ec%9c%a0%ec%b9%bc%eb%a6%bd%ed%88%ac%ec%8a%a4-%ec%98%a4%ec%9d%bc\\\/#primaryimage\"},\"image\":{\"@id\":\"https:\\\/\\\/naturalpoland.com\\\/ko\\\/je-pum\\\/hwa-jang-pum-won-ryo\\\/e-sen-syeol-o-il\\\/%ec%9c%a0%ec%b9%bc%eb%a6%bd%ed%88%ac%ec%8a%a4-%ec%98%a4%ec%9d%bc\\\/#primaryimage\"},\"thumbnailUrl\":\"https:\\\/\\\/naturalpoland.com\\\/wp-content\\\/uploads\\\/olejek-eukaliptusowy.webp\",\"datePublished\":\"2024-10-14T13:04:57+00:00\",\"dateModified\":\"2025-09-30T12:57:53+00:00\",\"description\":\"\uc720\uce7c\ub9bd\ud22c\uc2a4 \uc624\uc77c\uc740 \uce58\ub8cc \ud6a8\uacfc, \ud56d\uade0 \uc791\uc6a9\uc774 \uc788\uc73c\uba70 \uc2e0\uc120\ud558\uace0 \uc815\ud654\ud558\ub294 \ud5a5\uc744 \uc9c0\ub2d9\ub2c8\ub2e4. \uc8fc\ub85c 1,8-\uc2dc\ub124\uc62c(\uc720\uce7c\ub9bd\ud1a8)\uc744 \ud568\uc720\ud558\uace0 \uc788\uc2b5\ub2c8\ub2e4.\",\"breadcrumb\":{\"@id\":\"https:\\\/\\\/naturalpoland.com\\\/ko\\\/je-pum\\\/hwa-jang-pum-won-ryo\\\/e-sen-syeol-o-il\\\/%ec%9c%a0%ec%b9%bc%eb%a6%bd%ed%88%ac%ec%8a%a4-%ec%98%a4%ec%9d%bc\\\/#breadcrumb\"},\"inLanguage\":\"ko-KR\",\"potentialAction\":[{\"@type\":\"ReadAction\",\"target\":[\"https:\\\/\\\/naturalpoland.com\\\/ko\\\/je-pum\\\/hwa-jang-pum-won-ryo\\\/e-sen-syeol-o-il\\\/%ec%9c%a0%ec%b9%bc%eb%a6%bd%ed%88%ac%ec%8a%a4-%ec%98%a4%ec%9d%bc\\\/\"]}]},{\"@type\":\"ImageObject\",\"inLanguage\":\"ko-KR\",\"@id\":\"https:\\\/\\\/naturalpoland.com\\\/ko\\\/je-pum\\\/hwa-jang-pum-won-ryo\\\/e-sen-syeol-o-il\\\/%ec%9c%a0%ec%b9%bc%eb%a6%bd%ed%88%ac%ec%8a%a4-%ec%98%a4%ec%9d%bc\\\/#primaryimage\",\"url\":\"https:\\\/\\\/naturalpoland.com\\\/wp-content\\\/uploads\\\/olejek-eukaliptusowy.webp\",\"contentUrl\":\"https:\\\/\\\/naturalpoland.com\\\/wp-content\\\/uploads\\\/olejek-eukaliptusowy.webp\",\"width\":610,\"height\":610,\"caption\":\"\uc720\uce7c\ub9bd\ud22c\uc2a4 \uc5d0\uc13c\uc15c \uc624\uc77c (Eucalyptus globulus)\"},{\"@type\":\"BreadcrumbList\",\"@id\":\"https:\\\/\\\/naturalpoland.com\\\/ko\\\/je-pum\\\/hwa-jang-pum-won-ryo\\\/e-sen-syeol-o-il\\\/%ec%9c%a0%ec%b9%bc%eb%a6%bd%ed%88%ac%ec%8a%a4-%ec%98%a4%ec%9d%bc\\\/#breadcrumb\",\"itemListElement\":[{\"@type\":\"ListItem\",\"position\":1,\"name\":\"\ud648\",\"item\":\"https:\\\/\\\/naturalpoland.com\\\/ko\\\/\"},{\"@type\":\"ListItem\",\"position\":2,\"name\":\"\uc81c\ud488\",\"item\":\"https:\\\/\\\/naturalpoland.com\\\/ko\\\/%ec%a0%9c%ed%92%88\\\/\"},{\"@type\":\"ListItem\",\"position\":3,\"name\":\"\uc720\uce7c\ub9bd\ud22c\uc2a4 \uc624\uc77c\"}]},{\"@type\":\"WebSite\",\"@id\":\"https:\\\/\\\/naturalpoland.com\\\/ko\\\/#website\",\"url\":\"https:\\\/\\\/naturalpoland.com\\\/ko\\\/\",\"name\":\"NATURAL POLAND - Hurtowy Dystrybutor Surowc\u00f3w\",\"description\":\"Surowce dla przemys\u0142u spo\u017cywczego, kosmetycznego i farmaceutycznego\",\"publisher\":{\"@id\":\"https:\\\/\\\/naturalpoland.com\\\/ko\\\/#organization\"},\"potentialAction\":[{\"@type\":\"SearchAction\",\"target\":{\"@type\":\"EntryPoint\",\"urlTemplate\":\"https:\\\/\\\/naturalpoland.com\\\/ko\\\/?s={search_term_string}\"},\"query-input\":{\"@type\":\"PropertyValueSpecification\",\"valueRequired\":true,\"valueName\":\"search_term_string\"}}],\"inLanguage\":\"ko-KR\"},{\"@type\":\"Organization\",\"@id\":\"https:\\\/\\\/naturalpoland.com\\\/ko\\\/#organization\",\"name\":\"Natural Poland\",\"url\":\"https:\\\/\\\/naturalpoland.com\\\/ko\\\/\",\"logo\":{\"@type\":\"ImageObject\",\"inLanguage\":\"ko-KR\",\"@id\":\"https:\\\/\\\/naturalpoland.com\\\/ko\\\/#\\\/schema\\\/logo\\\/image\\\/\",\"url\":\"https:\\\/\\\/naturalpoland.com\\\/wp-content\\\/uploads\\\/2021\\\/05\\\/natural-poland-icon.png\",\"contentUrl\":\"https:\\\/\\\/naturalpoland.com\\\/wp-content\\\/uploads\\\/2021\\\/05\\\/natural-poland-icon.png\",\"width\":512,\"height\":512,\"caption\":\"Natural Poland\"},\"image\":{\"@id\":\"https:\\\/\\\/naturalpoland.com\\\/ko\\\/#\\\/schema\\\/logo\\\/image\\\/\"},\"sameAs\":[\"https:\\\/\\\/www.facebook.com\\\/naturalpoland.b2b\",\"https:\\\/\\\/pl.linkedin.com\\\/company\\\/natural-poland\",\"https:\\\/\\\/www.youtube.com\\\/channel\\\/UCgeGGkvOMahZo-xu_MSEWxg\"]}]}<\/script>\n<!-- \/ Yoast SEO plugin. -->","yoast_head_json":{"title":"NATURAL POLAND &#8211; Hurtowy Dystrybutor Surowc\u00f3w","description":"\uc720\uce7c\ub9bd\ud22c\uc2a4 \uc624\uc77c\uc740 \uce58\ub8cc \ud6a8\uacfc, \ud56d\uade0 \uc791\uc6a9\uc774 \uc788\uc73c\uba70 \uc2e0\uc120\ud558\uace0 \uc815\ud654\ud558\ub294 \ud5a5\uc744 \uc9c0\ub2d9\ub2c8\ub2e4. \uc8fc\ub85c 1,8-\uc2dc\ub124\uc62c(\uc720\uce7c\ub9bd\ud1a8)\uc744 \ud568\uc720\ud558\uace0 \uc788\uc2b5\ub2c8\ub2e4.","robots":{"index":"index","follow":"follow","max-snippet":"max-snippet:-1","max-image-preview":"max-image-preview:large","max-video-preview":"max-video-preview:-1"},"canonical":"https:\/\/naturalpoland.com\/ko\/je-pum\/hwa-jang-pum-won-ryo\/e-sen-syeol-o-il\/%ec%9c%a0%ec%b9%bc%eb%a6%bd%ed%88%ac%ec%8a%a4-%ec%98%a4%ec%9d%bc\/","og_locale":"ko_KR","og_type":"article","og_description":"\uc720\uce7c\ub9bd\ud22c\uc2a4 \uc624\uc77c\uc740 \uce58\ub8cc \ud6a8\uacfc, \ud56d\uade0 \uc791\uc6a9\uc774 \uc788\uc73c\uba70 \uc2e0\uc120\ud558\uace0 \uc815\ud654\ud558\ub294 \ud5a5\uc744 \uc9c0\ub2d9\ub2c8\ub2e4. \uc8fc\ub85c 1,8-\uc2dc\ub124\uc62c(\uc720\uce7c\ub9bd\ud1a8)\uc744 \ud568\uc720\ud558\uace0 \uc788\uc2b5\ub2c8\ub2e4.","og_url":"https:\/\/naturalpoland.com\/ko\/je-pum\/hwa-jang-pum-won-ryo\/e-sen-syeol-o-il\/%ec%9c%a0%ec%b9%bc%eb%a6%bd%ed%88%ac%ec%8a%a4-%ec%98%a4%ec%9d%bc\/","og_site_name":"NATURAL POLAND - Hurtowy Dystrybutor Surowc\u00f3w","article_publisher":"https:\/\/www.facebook.com\/naturalpoland.b2b","article_modified_time":"2025-09-30T12:57:53+00:00","og_image":[{"width":610,"height":610,"url":"https:\/\/naturalpoland.com\/wp-content\/uploads\/olejek-eukaliptusowy.webp","type":"image\/webp"}],"schema":{"@context":"https:\/\/schema.org","@graph":[{"@type":"WebPage","@id":"https:\/\/naturalpoland.com\/ko\/je-pum\/hwa-jang-pum-won-ryo\/e-sen-syeol-o-il\/%ec%9c%a0%ec%b9%bc%eb%a6%bd%ed%88%ac%ec%8a%a4-%ec%98%a4%ec%9d%bc\/","url":"https:\/\/naturalpoland.com\/ko\/je-pum\/hwa-jang-pum-won-ryo\/e-sen-syeol-o-il\/%ec%9c%a0%ec%b9%bc%eb%a6%bd%ed%88%ac%ec%8a%a4-%ec%98%a4%ec%9d%bc\/","name":"","isPartOf":{"@id":"https:\/\/naturalpoland.com\/ko\/#website"},"primaryImageOfPage":{"@id":"https:\/\/naturalpoland.com\/ko\/je-pum\/hwa-jang-pum-won-ryo\/e-sen-syeol-o-il\/%ec%9c%a0%ec%b9%bc%eb%a6%bd%ed%88%ac%ec%8a%a4-%ec%98%a4%ec%9d%bc\/#primaryimage"},"image":{"@id":"https:\/\/naturalpoland.com\/ko\/je-pum\/hwa-jang-pum-won-ryo\/e-sen-syeol-o-il\/%ec%9c%a0%ec%b9%bc%eb%a6%bd%ed%88%ac%ec%8a%a4-%ec%98%a4%ec%9d%bc\/#primaryimage"},"thumbnailUrl":"https:\/\/naturalpoland.com\/wp-content\/uploads\/olejek-eukaliptusowy.webp","datePublished":"2024-10-14T13:04:57+00:00","dateModified":"2025-09-30T12:57:53+00:00","description":"\uc720\uce7c\ub9bd\ud22c\uc2a4 \uc624\uc77c\uc740 \uce58\ub8cc \ud6a8\uacfc, \ud56d\uade0 \uc791\uc6a9\uc774 \uc788\uc73c\uba70 \uc2e0\uc120\ud558\uace0 \uc815\ud654\ud558\ub294 \ud5a5\uc744 \uc9c0\ub2d9\ub2c8\ub2e4. \uc8fc\ub85c 1,8-\uc2dc\ub124\uc62c(\uc720\uce7c\ub9bd\ud1a8)\uc744 \ud568\uc720\ud558\uace0 \uc788\uc2b5\ub2c8\ub2e4.","breadcrumb":{"@id":"https:\/\/naturalpoland.com\/ko\/je-pum\/hwa-jang-pum-won-ryo\/e-sen-syeol-o-il\/%ec%9c%a0%ec%b9%bc%eb%a6%bd%ed%88%ac%ec%8a%a4-%ec%98%a4%ec%9d%bc\/#breadcrumb"},"inLanguage":"ko-KR","potentialAction":[{"@type":"ReadAction","target":["https:\/\/naturalpoland.com\/ko\/je-pum\/hwa-jang-pum-won-ryo\/e-sen-syeol-o-il\/%ec%9c%a0%ec%b9%bc%eb%a6%bd%ed%88%ac%ec%8a%a4-%ec%98%a4%ec%9d%bc\/"]}]},{"@type":"ImageObject","inLanguage":"ko-KR","@id":"https:\/\/naturalpoland.com\/ko\/je-pum\/hwa-jang-pum-won-ryo\/e-sen-syeol-o-il\/%ec%9c%a0%ec%b9%bc%eb%a6%bd%ed%88%ac%ec%8a%a4-%ec%98%a4%ec%9d%bc\/#primaryimage","url":"https:\/\/naturalpoland.com\/wp-content\/uploads\/olejek-eukaliptusowy.webp","contentUrl":"https:\/\/naturalpoland.com\/wp-content\/uploads\/olejek-eukaliptusowy.webp","width":610,"height":610,"caption":"\uc720\uce7c\ub9bd\ud22c\uc2a4 \uc5d0\uc13c\uc15c \uc624\uc77c (Eucalyptus globulus)"},{"@type":"BreadcrumbList","@id":"https:\/\/naturalpoland.com\/ko\/je-pum\/hwa-jang-pum-won-ryo\/e-sen-syeol-o-il\/%ec%9c%a0%ec%b9%bc%eb%a6%bd%ed%88%ac%ec%8a%a4-%ec%98%a4%ec%9d%bc\/#breadcrumb","itemListElement":[{"@type":"ListItem","position":1,"name":"\ud648","item":"https:\/\/naturalpoland.com\/ko\/"},{"@type":"ListItem","position":2,"name":"\uc81c\ud488","item":"https:\/\/naturalpoland.com\/ko\/%ec%a0%9c%ed%92%88\/"},{"@type":"ListItem","position":3,"name":"\uc720\uce7c\ub9bd\ud22c\uc2a4 \uc624\uc77c"}]},{"@type":"WebSite","@id":"https:\/\/naturalpoland.com\/ko\/#website","url":"https:\/\/naturalpoland.com\/ko\/","name":"NATURAL POLAND - Hurtowy Dystrybutor Surowc\u00f3w","description":"Surowce dla przemys\u0142u spo\u017cywczego, kosmetycznego i farmaceutycznego","publisher":{"@id":"https:\/\/naturalpoland.com\/ko\/#organization"},"potentialAction":[{"@type":"SearchAction","target":{"@type":"EntryPoint","urlTemplate":"https:\/\/naturalpoland.com\/ko\/?s={search_term_string}"},"query-input":{"@type":"PropertyValueSpecification","valueRequired":true,"valueName":"search_term_string"}}],"inLanguage":"ko-KR"},{"@type":"Organization","@id":"https:\/\/naturalpoland.com\/ko\/#organization","name":"Natural Poland","url":"https:\/\/naturalpoland.com\/ko\/","logo":{"@type":"ImageObject","inLanguage":"ko-KR","@id":"https:\/\/naturalpoland.com\/ko\/#\/schema\/logo\/image\/","url":"https:\/\/naturalpoland.com\/wp-content\/uploads\/2021\/05\/natural-poland-icon.png","contentUrl":"https:\/\/naturalpoland.com\/wp-content\/uploads\/2021\/05\/natural-poland-icon.png","width":512,"height":512,"caption":"Natural Poland"},"image":{"@id":"https:\/\/naturalpoland.com\/ko\/#\/schema\/logo\/image\/"},"sameAs":["https:\/\/www.facebook.com\/naturalpoland.b2b","https:\/\/pl.linkedin.com\/company\/natural-poland","https:\/\/www.youtube.com\/channel\/UCgeGGkvOMahZo-xu_MSEWxg"]}]}},"_links":{"self":[{"href":"https:\/\/naturalpoland.com\/ko\/wp-json\/wp\/v2\/product\/43513","targetHints":{"allow":["GET"]}}],"collection":[{"href":"https:\/\/naturalpoland.com\/ko\/wp-json\/wp\/v2\/product"}],"about":[{"href":"https:\/\/naturalpoland.com\/ko\/wp-json\/wp\/v2\/types\/product"}],"wp:featuredmedia":[{"embeddable":true,"href":"https:\/\/naturalpoland.com\/ko\/wp-json\/wp\/v2\/media\/43514"}],"wp:attachment":[{"href":"https:\/\/naturalpoland.com\/ko\/wp-json\/wp\/v2\/media?parent=43513"}],"wp:term":[{"taxonomy":"product_brand","embeddable":true,"href":"https:\/\/naturalpoland.com\/ko\/wp-json\/wp\/v2\/product_brand?post=43513"},{"taxonomy":"product_cat","embeddable":true,"href":"https:\/\/naturalpoland.com\/ko\/wp-json\/wp\/v2\/product_cat?post=43513"},{"taxonomy":"product_tag","embeddable":true,"href":"https:\/\/naturalpoland.com\/ko\/wp-json\/wp\/v2\/product_tag?post=43513"}],"curies":[{"name":"wp","href":"https:\/\/api.w.org\/{rel}","templated":true}]}}