{"id":43517,"date":"2024-10-17T14:56:25","date_gmt":"2024-10-17T12:56:25","guid":{"rendered":"https:\/\/naturalpoland.com\/produkty\/uncategorized\/%ed%8e%98%ed%8d%bc%eb%af%bc%ed%8a%b8-%ec%98%a4%ec%9d%bc\/"},"modified":"2025-09-30T14:57:59","modified_gmt":"2025-09-30T12:57:59","slug":"%ed%8e%98%ed%8d%bc%eb%af%bc%ed%8a%b8-%ec%98%a4%ec%9d%bc","status":"publish","type":"product","link":"https:\/\/naturalpoland.com\/ko\/je-pum\/hwa-jang-pum-won-ryo\/e-sen-syeol-o-il\/%ed%8e%98%ed%8d%bc%eb%af%bc%ed%8a%b8-%ec%98%a4%ec%9d%bc\/","title":{"rendered":"\ud398\ud37c\ubbfc\ud2b8 \uc624\uc77c"},"content":{"rendered":"<h2>\ud6a8\ub2a5 \ubc0f \ud65c\uc6a9<\/h2>\n<p><strong>\uc9c0\uc131 \ubc0f \uc5ec\ub4dc\ub984\uc131 \ud53c\ubd80 \uad00\ub9ac<\/strong>\uc5d0 \uc0ac\uc6a9\ub418\ub294 \ud398\ud37c\ubbfc\ud2b8 \uc624\uc77c\uc740 \uc0c1\ucf8c\ud558\uace0 \uc815\ud654\ud558\ub294 \ud6a8\uacfc\uac00 \uc788\uc2b5\ub2c8\ub2e4. \uacfc\ub3c4\ud55c \ud53c\uc9c0\ub97c \uc904\uc774\uace0 \uc5ec\ub4dc\ub984 \ubc0f \ube14\ub799\ud5e4\ub4dc\ub97c \uce58\ub8cc\ud558\ub294 \ub370 \ub3c4\uc6c0\uc774 \ub429\ub2c8\ub2e4. \ud06c\ub9bc, \ud1a0\ub108, \uc138\uc548\uc81c\uc5d0 \ucca8\uac00\uc81c\ub85c \uc0ac\uc6a9\ud560 \uc218 \uc788\uc2b5\ub2c8\ub2e4.  <\/p>\n<p><strong>\ubaa8\ubc1c<\/strong>\uc5d0 \uc0ac\uc6a9\ub418\ub294 \uc624\uc77c\uc740 \ubaa8\ub0ad\uc744 \uc790\uadf9\ud558\uc5ec \ubaa8\ubc1c \uc131\uc7a5\uc744 \ucd09\uc9c4\ud558\ub294 \ud2b9\uc131\uc744 \uac00\uc9c0\uace0 \uc788\uc2b5\ub2c8\ub2e4. \ud53c\uc9c0 \ubd84\ube44 \uc870\uc808 \ub355\ubd84\uc5d0 \ube44\ub4ec \uc0f4\ud478\uc5d0 \uc801\ud569\ud55c \uc131\ubd84\uc785\ub2c8\ub2e4. <\/p>\n<p>\ud398\ud37c\ubbfc\ud2b8 \uc624\uc77c\uc740 \ud53c\ubd80\ub97c \uc2dc\uc6d0\ud558\uac8c \ud574\uc8fc\uae30 \ub54c\ubb38\uc5d0 <strong>\uc560\ud504\ud130 \uc120 \ucf00\uc5b4 \ubc0f \uc81c\ubaa8 \ud6c4 \ud654\uc7a5\ud488<\/strong>\uc5d0\ub3c4 \ud0c1\uc6d4\ud569\ub2c8\ub2e4. \ub610\ud55c \ud53c\ub85c\ud55c \uadfc\uc721\uc744 \uc644\ud654\ud558\ub294 \ub9c8\uc0ac\uc9c0 \ubc24\uacfc \uc824\uc5d0\ub3c4 \uc790\uc8fc \uc0ac\uc6a9\ub429\ub2c8\ub2e4. <\/p>\n<p><strong>\uc544\ub85c\ub9c8\ud14c\ub77c\ud53c<\/strong>\uc5d0\uc11c \uc774 \uc624\uc77c\uc740 \uac15\ub82c\ud55c \ud5a5\uc744 \ud1b5\ud574 \uc790\uadf9\uc801\uc774\uace0 \ud65c\ub825\uc744 \uc8fc\ub294 \ud6a8\uacfc\ub97c \ubc1c\ud718\ud569\ub2c8\ub2e4. \uc624\ub80c\uc9c0 \ub610\ub294 \ub85c\uc988\ub9c8\ub9ac \uc624\uc77c\uacfc \uc798 \uc5b4\uc6b8\ub9bd\ub2c8\ub2e4. <\/p>\n<p><strong>\ud761\uc785<\/strong> \uc2dc \uc624\uc77c\uc740 \ud638\ud761\uae30\ub97c \uc815\ud654\ud558\uace0 \uac10\uae30, \ucf67\ubb3c, \ub450\ud1b5\uc5d0\ub3c4 \ub3c4\uc6c0\uc774 \ub429\ub2c8\ub2e4. \ud3b8\ub450\ud1b5 \ubc0f \uae34\uc7a5\uc131 \ub450\ud1b5\uc758 \uacbd\uc6b0 \uad00\uc790\ub180\uc774\uc5d0 \ubc14\ub974\uba74 \uc2dc\uc6d0\ud558\uace0 \ud3b8\uc548\ud55c \ud6a8\uacfc\ub97c \uc5bb\uc744 \uc218 \uc788\uc2b5\ub2c8\ub2e4. <\/p>\n<p>\ud398\ud37c\ubbfc\ud2b8 \uc624\uc77c\uc740 <strong>\ubaa8\uae30<\/strong>, \uac1c\ubbf8, \uac70\ubbf8\ub97c \ud1f4\uce58\ud558\ub294 \ucc9c\uc5f0 \uae30\ud53c\uc81c\uc774\uae30\ub3c4 \ud569\ub2c8\ub2e4. \ub514\ud4e8\uc800\ub098 \ubb3c\uc5d0 \uba87 \ubc29\uc6b8\uc744 \ub5a8\uc5b4\ub728\ub824 \uc9d1 \uc8fc\ubcc0\uc5d0 \ubfcc\ub824 \ud574\ucda9 \ud1f4\uce58\uc81c\ub85c \uc0ac\uc6a9\ud560 \uc218 \uc788\uc2b5\ub2c8\ub2e4. <\/p>\n<p>&nbsp;<\/p>\n","protected":false},"excerpt":{"rendered":"<p>\ud398\ud37c\ubbfc\ud2b8 \uc5d0\uc13c\uc15c \uc624\uc77c\uc740 \uba58\ud0c0 \ud53c\ud398\ub9ac\ud0c0(Mentha piperita) \uc78e\uc744 \uc99d\uae30 \uc99d\ub958\ud558\uc5ec \uc5bb\uc2b5\ub2c8\ub2e4. \uc624\uc77c\uc758 \uc8fc\uc694 \uc131\ubd84\uc740 \uba58\ud1a8, \uba58\ud1a4, 1,8-\uc2dc\ub124\uc62c\uc785\ub2c8\ub2e4. \uc774 \uc624\uc77c\uc740 \uac15\ub82c\ud558\uace0 \uc0c1\ucf8c\ud55c \ud5a5\uacfc \ud568\uaed8 \ub0c9\uac01, \uc0b4\uade0, \uc9c4\uc815 \ud2b9\uc131\uc744 \uac00\uc9c0\uace0 \uc788\uc2b5\ub2c8\ub2e4.  <\/p>\n","protected":false},"featured_media":43518,"template":"","meta":[],"product_brand":[],"product_cat":[8155],"product_tag":[],"class_list":{"0":"post-43517","1":"product","2":"type-product","3":"status-publish","4":"has-post-thumbnail","6":"product_cat-e-sen-syeol-o-il","8":"first","9":"instock","10":"shipping-taxable","11":"product-type-simple"},"yoast_head":"<!-- This site is optimized with the Yoast SEO plugin v27.3 - https:\/\/yoast.com\/product\/yoast-seo-wordpress\/ -->\n<title>NATURAL POLAND &#8211; Hurtowy Dystrybutor Surowc\u00f3w<\/title>\n<meta name=\"description\" content=\"\uba58\ud0c0 \ud53c\ud398\ub9ac\ud0c0(Mentha piperita) \uc78e\uc744 \uc99d\uae30 \uc99d\ub958\ud558\uc5ec \uc5bb\uc740 \ud398\ud37c\ubbfc\ud2b8 \uc5d0\uc13c\uc15c \uc624\uc77c\uc740 \uc2a4\ud0a8\ucf00\uc5b4 \ubc0f \uc544\ub85c\ub9c8\ud14c\ub77c\ud53c\uc5d0 \uc0ac\uc6a9\ub418\ub294 \uc6d0\ub8cc\uc785\ub2c8\ub2e4.\" \/>\n<meta name=\"robots\" content=\"index, follow, max-snippet:-1, max-image-preview:large, max-video-preview:-1\" \/>\n<link rel=\"canonical\" href=\"https:\/\/naturalpoland.com\/ko\/je-pum\/hwa-jang-pum-won-ryo\/e-sen-syeol-o-il\/%ed%8e%98%ed%8d%bc%eb%af%bc%ed%8a%b8-%ec%98%a4%ec%9d%bc\/\" \/>\n<meta property=\"og:locale\" content=\"ko_KR\" \/>\n<meta property=\"og:type\" content=\"article\" \/>\n<meta property=\"og:description\" content=\"\uba58\ud0c0 \ud53c\ud398\ub9ac\ud0c0(Mentha piperita) \uc78e\uc744 \uc99d\uae30 \uc99d\ub958\ud558\uc5ec \uc5bb\uc740 \ud398\ud37c\ubbfc\ud2b8 \uc5d0\uc13c\uc15c \uc624\uc77c\uc740 \uc2a4\ud0a8\ucf00\uc5b4 \ubc0f \uc544\ub85c\ub9c8\ud14c\ub77c\ud53c\uc5d0 \uc0ac\uc6a9\ub418\ub294 \uc6d0\ub8cc\uc785\ub2c8\ub2e4.\" \/>\n<meta property=\"og:url\" content=\"https:\/\/naturalpoland.com\/ko\/je-pum\/hwa-jang-pum-won-ryo\/e-sen-syeol-o-il\/%ed%8e%98%ed%8d%bc%eb%af%bc%ed%8a%b8-%ec%98%a4%ec%9d%bc\/\" \/>\n<meta property=\"og:site_name\" content=\"NATURAL POLAND - Hurtowy Dystrybutor Surowc\u00f3w\" \/>\n<meta property=\"article:publisher\" content=\"https:\/\/www.facebook.com\/naturalpoland.b2b\" \/>\n<meta property=\"article:modified_time\" content=\"2025-09-30T12:57:59+00:00\" \/>\n<meta property=\"og:image\" content=\"https:\/\/naturalpoland.com\/wp-content\/uploads\/olejek-eteryczny-z-miety-pieprzowej.webp\" \/>\n\t<meta property=\"og:image:width\" content=\"619\" \/>\n\t<meta property=\"og:image:height\" content=\"619\" \/>\n\t<meta property=\"og:image:type\" content=\"image\/webp\" \/>\n<script type=\"application\/ld+json\" class=\"yoast-schema-graph\">{\"@context\":\"https:\\\/\\\/schema.org\",\"@graph\":[{\"@type\":\"WebPage\",\"@id\":\"https:\\\/\\\/naturalpoland.com\\\/ko\\\/je-pum\\\/hwa-jang-pum-won-ryo\\\/e-sen-syeol-o-il\\\/%ed%8e%98%ed%8d%bc%eb%af%bc%ed%8a%b8-%ec%98%a4%ec%9d%bc\\\/\",\"url\":\"https:\\\/\\\/naturalpoland.com\\\/ko\\\/je-pum\\\/hwa-jang-pum-won-ryo\\\/e-sen-syeol-o-il\\\/%ed%8e%98%ed%8d%bc%eb%af%bc%ed%8a%b8-%ec%98%a4%ec%9d%bc\\\/\",\"name\":\"\",\"isPartOf\":{\"@id\":\"https:\\\/\\\/naturalpoland.com\\\/ko\\\/#website\"},\"primaryImageOfPage\":{\"@id\":\"https:\\\/\\\/naturalpoland.com\\\/ko\\\/je-pum\\\/hwa-jang-pum-won-ryo\\\/e-sen-syeol-o-il\\\/%ed%8e%98%ed%8d%bc%eb%af%bc%ed%8a%b8-%ec%98%a4%ec%9d%bc\\\/#primaryimage\"},\"image\":{\"@id\":\"https:\\\/\\\/naturalpoland.com\\\/ko\\\/je-pum\\\/hwa-jang-pum-won-ryo\\\/e-sen-syeol-o-il\\\/%ed%8e%98%ed%8d%bc%eb%af%bc%ed%8a%b8-%ec%98%a4%ec%9d%bc\\\/#primaryimage\"},\"thumbnailUrl\":\"https:\\\/\\\/naturalpoland.com\\\/wp-content\\\/uploads\\\/olejek-eteryczny-z-miety-pieprzowej.webp\",\"datePublished\":\"2024-10-17T12:56:25+00:00\",\"dateModified\":\"2025-09-30T12:57:59+00:00\",\"description\":\"\uba58\ud0c0 \ud53c\ud398\ub9ac\ud0c0(Mentha piperita) \uc78e\uc744 \uc99d\uae30 \uc99d\ub958\ud558\uc5ec \uc5bb\uc740 \ud398\ud37c\ubbfc\ud2b8 \uc5d0\uc13c\uc15c \uc624\uc77c\uc740 \uc2a4\ud0a8\ucf00\uc5b4 \ubc0f \uc544\ub85c\ub9c8\ud14c\ub77c\ud53c\uc5d0 \uc0ac\uc6a9\ub418\ub294 \uc6d0\ub8cc\uc785\ub2c8\ub2e4.\",\"breadcrumb\":{\"@id\":\"https:\\\/\\\/naturalpoland.com\\\/ko\\\/je-pum\\\/hwa-jang-pum-won-ryo\\\/e-sen-syeol-o-il\\\/%ed%8e%98%ed%8d%bc%eb%af%bc%ed%8a%b8-%ec%98%a4%ec%9d%bc\\\/#breadcrumb\"},\"inLanguage\":\"ko-KR\",\"potentialAction\":[{\"@type\":\"ReadAction\",\"target\":[\"https:\\\/\\\/naturalpoland.com\\\/ko\\\/je-pum\\\/hwa-jang-pum-won-ryo\\\/e-sen-syeol-o-il\\\/%ed%8e%98%ed%8d%bc%eb%af%bc%ed%8a%b8-%ec%98%a4%ec%9d%bc\\\/\"]}]},{\"@type\":\"ImageObject\",\"inLanguage\":\"ko-KR\",\"@id\":\"https:\\\/\\\/naturalpoland.com\\\/ko\\\/je-pum\\\/hwa-jang-pum-won-ryo\\\/e-sen-syeol-o-il\\\/%ed%8e%98%ed%8d%bc%eb%af%bc%ed%8a%b8-%ec%98%a4%ec%9d%bc\\\/#primaryimage\",\"url\":\"https:\\\/\\\/naturalpoland.com\\\/wp-content\\\/uploads\\\/olejek-eteryczny-z-miety-pieprzowej.webp\",\"contentUrl\":\"https:\\\/\\\/naturalpoland.com\\\/wp-content\\\/uploads\\\/olejek-eteryczny-z-miety-pieprzowej.webp\",\"width\":619,\"height\":619,\"caption\":\"\ud398\ud37c\ubbfc\ud2b8 \uc5d0\uc13c\uc15c \uc624\uc77c\"},{\"@type\":\"BreadcrumbList\",\"@id\":\"https:\\\/\\\/naturalpoland.com\\\/ko\\\/je-pum\\\/hwa-jang-pum-won-ryo\\\/e-sen-syeol-o-il\\\/%ed%8e%98%ed%8d%bc%eb%af%bc%ed%8a%b8-%ec%98%a4%ec%9d%bc\\\/#breadcrumb\",\"itemListElement\":[{\"@type\":\"ListItem\",\"position\":1,\"name\":\"\ud648\",\"item\":\"https:\\\/\\\/naturalpoland.com\\\/ko\\\/\"},{\"@type\":\"ListItem\",\"position\":2,\"name\":\"\uc81c\ud488\",\"item\":\"https:\\\/\\\/naturalpoland.com\\\/ko\\\/%ec%a0%9c%ed%92%88\\\/\"},{\"@type\":\"ListItem\",\"position\":3,\"name\":\"\ud398\ud37c\ubbfc\ud2b8 \uc624\uc77c\"}]},{\"@type\":\"WebSite\",\"@id\":\"https:\\\/\\\/naturalpoland.com\\\/ko\\\/#website\",\"url\":\"https:\\\/\\\/naturalpoland.com\\\/ko\\\/\",\"name\":\"NATURAL POLAND - Hurtowy Dystrybutor Surowc\u00f3w\",\"description\":\"Surowce dla przemys\u0142u spo\u017cywczego, kosmetycznego i farmaceutycznego\",\"publisher\":{\"@id\":\"https:\\\/\\\/naturalpoland.com\\\/ko\\\/#organization\"},\"potentialAction\":[{\"@type\":\"SearchAction\",\"target\":{\"@type\":\"EntryPoint\",\"urlTemplate\":\"https:\\\/\\\/naturalpoland.com\\\/ko\\\/?s={search_term_string}\"},\"query-input\":{\"@type\":\"PropertyValueSpecification\",\"valueRequired\":true,\"valueName\":\"search_term_string\"}}],\"inLanguage\":\"ko-KR\"},{\"@type\":\"Organization\",\"@id\":\"https:\\\/\\\/naturalpoland.com\\\/ko\\\/#organization\",\"name\":\"Natural Poland\",\"url\":\"https:\\\/\\\/naturalpoland.com\\\/ko\\\/\",\"logo\":{\"@type\":\"ImageObject\",\"inLanguage\":\"ko-KR\",\"@id\":\"https:\\\/\\\/naturalpoland.com\\\/ko\\\/#\\\/schema\\\/logo\\\/image\\\/\",\"url\":\"https:\\\/\\\/naturalpoland.com\\\/wp-content\\\/uploads\\\/2021\\\/05\\\/natural-poland-icon.png\",\"contentUrl\":\"https:\\\/\\\/naturalpoland.com\\\/wp-content\\\/uploads\\\/2021\\\/05\\\/natural-poland-icon.png\",\"width\":512,\"height\":512,\"caption\":\"Natural Poland\"},\"image\":{\"@id\":\"https:\\\/\\\/naturalpoland.com\\\/ko\\\/#\\\/schema\\\/logo\\\/image\\\/\"},\"sameAs\":[\"https:\\\/\\\/www.facebook.com\\\/naturalpoland.b2b\",\"https:\\\/\\\/pl.linkedin.com\\\/company\\\/natural-poland\",\"https:\\\/\\\/www.youtube.com\\\/channel\\\/UCgeGGkvOMahZo-xu_MSEWxg\"]}]}<\/script>\n<!-- \/ Yoast SEO plugin. -->","yoast_head_json":{"title":"NATURAL POLAND &#8211; Hurtowy Dystrybutor Surowc\u00f3w","description":"\uba58\ud0c0 \ud53c\ud398\ub9ac\ud0c0(Mentha piperita) \uc78e\uc744 \uc99d\uae30 \uc99d\ub958\ud558\uc5ec \uc5bb\uc740 \ud398\ud37c\ubbfc\ud2b8 \uc5d0\uc13c\uc15c \uc624\uc77c\uc740 \uc2a4\ud0a8\ucf00\uc5b4 \ubc0f \uc544\ub85c\ub9c8\ud14c\ub77c\ud53c\uc5d0 \uc0ac\uc6a9\ub418\ub294 \uc6d0\ub8cc\uc785\ub2c8\ub2e4.","robots":{"index":"index","follow":"follow","max-snippet":"max-snippet:-1","max-image-preview":"max-image-preview:large","max-video-preview":"max-video-preview:-1"},"canonical":"https:\/\/naturalpoland.com\/ko\/je-pum\/hwa-jang-pum-won-ryo\/e-sen-syeol-o-il\/%ed%8e%98%ed%8d%bc%eb%af%bc%ed%8a%b8-%ec%98%a4%ec%9d%bc\/","og_locale":"ko_KR","og_type":"article","og_description":"\uba58\ud0c0 \ud53c\ud398\ub9ac\ud0c0(Mentha piperita) \uc78e\uc744 \uc99d\uae30 \uc99d\ub958\ud558\uc5ec \uc5bb\uc740 \ud398\ud37c\ubbfc\ud2b8 \uc5d0\uc13c\uc15c \uc624\uc77c\uc740 \uc2a4\ud0a8\ucf00\uc5b4 \ubc0f \uc544\ub85c\ub9c8\ud14c\ub77c\ud53c\uc5d0 \uc0ac\uc6a9\ub418\ub294 \uc6d0\ub8cc\uc785\ub2c8\ub2e4.","og_url":"https:\/\/naturalpoland.com\/ko\/je-pum\/hwa-jang-pum-won-ryo\/e-sen-syeol-o-il\/%ed%8e%98%ed%8d%bc%eb%af%bc%ed%8a%b8-%ec%98%a4%ec%9d%bc\/","og_site_name":"NATURAL POLAND - Hurtowy Dystrybutor Surowc\u00f3w","article_publisher":"https:\/\/www.facebook.com\/naturalpoland.b2b","article_modified_time":"2025-09-30T12:57:59+00:00","og_image":[{"width":619,"height":619,"url":"https:\/\/naturalpoland.com\/wp-content\/uploads\/olejek-eteryczny-z-miety-pieprzowej.webp","type":"image\/webp"}],"schema":{"@context":"https:\/\/schema.org","@graph":[{"@type":"WebPage","@id":"https:\/\/naturalpoland.com\/ko\/je-pum\/hwa-jang-pum-won-ryo\/e-sen-syeol-o-il\/%ed%8e%98%ed%8d%bc%eb%af%bc%ed%8a%b8-%ec%98%a4%ec%9d%bc\/","url":"https:\/\/naturalpoland.com\/ko\/je-pum\/hwa-jang-pum-won-ryo\/e-sen-syeol-o-il\/%ed%8e%98%ed%8d%bc%eb%af%bc%ed%8a%b8-%ec%98%a4%ec%9d%bc\/","name":"","isPartOf":{"@id":"https:\/\/naturalpoland.com\/ko\/#website"},"primaryImageOfPage":{"@id":"https:\/\/naturalpoland.com\/ko\/je-pum\/hwa-jang-pum-won-ryo\/e-sen-syeol-o-il\/%ed%8e%98%ed%8d%bc%eb%af%bc%ed%8a%b8-%ec%98%a4%ec%9d%bc\/#primaryimage"},"image":{"@id":"https:\/\/naturalpoland.com\/ko\/je-pum\/hwa-jang-pum-won-ryo\/e-sen-syeol-o-il\/%ed%8e%98%ed%8d%bc%eb%af%bc%ed%8a%b8-%ec%98%a4%ec%9d%bc\/#primaryimage"},"thumbnailUrl":"https:\/\/naturalpoland.com\/wp-content\/uploads\/olejek-eteryczny-z-miety-pieprzowej.webp","datePublished":"2024-10-17T12:56:25+00:00","dateModified":"2025-09-30T12:57:59+00:00","description":"\uba58\ud0c0 \ud53c\ud398\ub9ac\ud0c0(Mentha piperita) \uc78e\uc744 \uc99d\uae30 \uc99d\ub958\ud558\uc5ec \uc5bb\uc740 \ud398\ud37c\ubbfc\ud2b8 \uc5d0\uc13c\uc15c \uc624\uc77c\uc740 \uc2a4\ud0a8\ucf00\uc5b4 \ubc0f \uc544\ub85c\ub9c8\ud14c\ub77c\ud53c\uc5d0 \uc0ac\uc6a9\ub418\ub294 \uc6d0\ub8cc\uc785\ub2c8\ub2e4.","breadcrumb":{"@id":"https:\/\/naturalpoland.com\/ko\/je-pum\/hwa-jang-pum-won-ryo\/e-sen-syeol-o-il\/%ed%8e%98%ed%8d%bc%eb%af%bc%ed%8a%b8-%ec%98%a4%ec%9d%bc\/#breadcrumb"},"inLanguage":"ko-KR","potentialAction":[{"@type":"ReadAction","target":["https:\/\/naturalpoland.com\/ko\/je-pum\/hwa-jang-pum-won-ryo\/e-sen-syeol-o-il\/%ed%8e%98%ed%8d%bc%eb%af%bc%ed%8a%b8-%ec%98%a4%ec%9d%bc\/"]}]},{"@type":"ImageObject","inLanguage":"ko-KR","@id":"https:\/\/naturalpoland.com\/ko\/je-pum\/hwa-jang-pum-won-ryo\/e-sen-syeol-o-il\/%ed%8e%98%ed%8d%bc%eb%af%bc%ed%8a%b8-%ec%98%a4%ec%9d%bc\/#primaryimage","url":"https:\/\/naturalpoland.com\/wp-content\/uploads\/olejek-eteryczny-z-miety-pieprzowej.webp","contentUrl":"https:\/\/naturalpoland.com\/wp-content\/uploads\/olejek-eteryczny-z-miety-pieprzowej.webp","width":619,"height":619,"caption":"\ud398\ud37c\ubbfc\ud2b8 \uc5d0\uc13c\uc15c \uc624\uc77c"},{"@type":"BreadcrumbList","@id":"https:\/\/naturalpoland.com\/ko\/je-pum\/hwa-jang-pum-won-ryo\/e-sen-syeol-o-il\/%ed%8e%98%ed%8d%bc%eb%af%bc%ed%8a%b8-%ec%98%a4%ec%9d%bc\/#breadcrumb","itemListElement":[{"@type":"ListItem","position":1,"name":"\ud648","item":"https:\/\/naturalpoland.com\/ko\/"},{"@type":"ListItem","position":2,"name":"\uc81c\ud488","item":"https:\/\/naturalpoland.com\/ko\/%ec%a0%9c%ed%92%88\/"},{"@type":"ListItem","position":3,"name":"\ud398\ud37c\ubbfc\ud2b8 \uc624\uc77c"}]},{"@type":"WebSite","@id":"https:\/\/naturalpoland.com\/ko\/#website","url":"https:\/\/naturalpoland.com\/ko\/","name":"NATURAL POLAND - Hurtowy Dystrybutor Surowc\u00f3w","description":"Surowce dla przemys\u0142u spo\u017cywczego, kosmetycznego i farmaceutycznego","publisher":{"@id":"https:\/\/naturalpoland.com\/ko\/#organization"},"potentialAction":[{"@type":"SearchAction","target":{"@type":"EntryPoint","urlTemplate":"https:\/\/naturalpoland.com\/ko\/?s={search_term_string}"},"query-input":{"@type":"PropertyValueSpecification","valueRequired":true,"valueName":"search_term_string"}}],"inLanguage":"ko-KR"},{"@type":"Organization","@id":"https:\/\/naturalpoland.com\/ko\/#organization","name":"Natural Poland","url":"https:\/\/naturalpoland.com\/ko\/","logo":{"@type":"ImageObject","inLanguage":"ko-KR","@id":"https:\/\/naturalpoland.com\/ko\/#\/schema\/logo\/image\/","url":"https:\/\/naturalpoland.com\/wp-content\/uploads\/2021\/05\/natural-poland-icon.png","contentUrl":"https:\/\/naturalpoland.com\/wp-content\/uploads\/2021\/05\/natural-poland-icon.png","width":512,"height":512,"caption":"Natural Poland"},"image":{"@id":"https:\/\/naturalpoland.com\/ko\/#\/schema\/logo\/image\/"},"sameAs":["https:\/\/www.facebook.com\/naturalpoland.b2b","https:\/\/pl.linkedin.com\/company\/natural-poland","https:\/\/www.youtube.com\/channel\/UCgeGGkvOMahZo-xu_MSEWxg"]}]}},"_links":{"self":[{"href":"https:\/\/naturalpoland.com\/ko\/wp-json\/wp\/v2\/product\/43517","targetHints":{"allow":["GET"]}}],"collection":[{"href":"https:\/\/naturalpoland.com\/ko\/wp-json\/wp\/v2\/product"}],"about":[{"href":"https:\/\/naturalpoland.com\/ko\/wp-json\/wp\/v2\/types\/product"}],"wp:featuredmedia":[{"embeddable":true,"href":"https:\/\/naturalpoland.com\/ko\/wp-json\/wp\/v2\/media\/43518"}],"wp:attachment":[{"href":"https:\/\/naturalpoland.com\/ko\/wp-json\/wp\/v2\/media?parent=43517"}],"wp:term":[{"taxonomy":"product_brand","embeddable":true,"href":"https:\/\/naturalpoland.com\/ko\/wp-json\/wp\/v2\/product_brand?post=43517"},{"taxonomy":"product_cat","embeddable":true,"href":"https:\/\/naturalpoland.com\/ko\/wp-json\/wp\/v2\/product_cat?post=43517"},{"taxonomy":"product_tag","embeddable":true,"href":"https:\/\/naturalpoland.com\/ko\/wp-json\/wp\/v2\/product_tag?post=43517"}],"curies":[{"name":"wp","href":"https:\/\/api.w.org\/{rel}","templated":true}]}}