{"id":43519,"date":"2024-10-11T13:35:59","date_gmt":"2024-10-11T11:35:59","guid":{"rendered":"https:\/\/naturalpoland.com\/produkty\/uncategorized\/%ec%8b%9c%eb%82%98%eb%aa%ac-%ec%98%a4%ec%9d%bc\/"},"modified":"2025-09-30T15:05:54","modified_gmt":"2025-09-30T13:05:54","slug":"%ec%8b%9c%eb%82%98%eb%aa%ac-%ec%98%a4%ec%9d%bc","status":"publish","type":"product","link":"https:\/\/naturalpoland.com\/ko\/je-pum\/hwa-jang-pum-won-ryo\/e-sen-syeol-o-il\/%ec%8b%9c%eb%82%98%eb%aa%ac-%ec%98%a4%ec%9d%bc\/","title":{"rendered":"\uc2dc\ub098\ubaac \uc624\uc77c"},"content":{"rendered":"<p>\uc2dc\ub098\ubaac \uc624\uc77c\uc740 \uc544\ub85c\ub9c8\ud14c\ub77c\ud53c\uc5d0\uc11c \uc778\uae30\uac00 \ub9ce\uc2b5\ub2c8\ub2e4. \uac15\ub82c\ud558\uace0 \uc2a4\ud30c\uc774\uc2dc\ud55c \ud5a5\uc740 \uc5d0\ub108\uc9c0 \uc218\uc900\uc744 \ub192\uc774\uace0 \uc9d1\uc911\ub825\uc744 \ud5a5\uc0c1\uc2dc\ud0b5\ub2c8\ub2e4. \uc2dc\ub098\ubaac \uc54c\ub370\ud558\uc774\ub4dc\uc640 \uac19\uc740 \ud56d\uade0 \uc131\ubd84\uc744 \ud568\uc720\ud558\uace0 \uc788\uc5b4, \uc5ec\ub4dc\ub984\uacfc \ubd88\uc21c\ubb3c\uc5d0 \ucde8\uc57d\ud55c \ubb38\uc81c\uc131 \ud53c\ubd80 \uad00\ub9ac\uc5d0 \ud6a8\uacfc\uc801\uc785\ub2c8\ub2e4. \uc774 \uc81c\ud488\uc740 \ub610\ud55c \uadfc\uc721\ud1b5\uc774\ub098 \uad00\uc808\ud1b5\uc774 \uc788\ub294 \uacbd\uc6b0 \ud2b9\ud788 \uc774\uc644 \ubc0f \uc628\uc5f4 \ub9c8\uc0ac\uc9c0\uc5d0 \uad6d\uc18c\uc801\uc73c\ub85c \uc0ac\uc6a9\ub429\ub2c8\ub2e4. \uc2dc\ub098\ubaac \uc624\uc77c\uc740 \ucc9c\uc5f0 \ud574\ucda9 \ud1f4\uce58\uc81c\ub85c\ub3c4 \ud65c\uc6a9\ub429\ub2c8\ub2e4.    <\/p>\n<p>\uc2dc\ub098\ubaac \uc624\uc77c\uc758 \ud65c\uc131 \uc131\ubd84:<\/p>\n<ul>\n<li>\uc2e0\ub0a8\uc54c\ub370\ud558\uc774\ub4dc<\/li>\n<li>\uc720\uc81c\ub180<\/li>\n<li>\ub9ac\ub0a0\ub8f0<\/li>\n<\/ul>\n","protected":false},"excerpt":{"rendered":"<p><strong>\uc2dc\ub098\ubaac \uc5d0\uc13c\uc15c \uc624\uc77c<\/strong>\uc740 \uacc4\ud53c\ub098\ubb34(<em>Cinnamomum zeylanicum<\/em>) \uaecd\uc9c8\uc5d0\uc11c \ucd94\ucd9c\ub429\ub2c8\ub2e4. \ud2b9\uc720\uc758 \ub530\ub73b\ud558\uace0 \uc2a4\ud30c\uc774\uc2dc\ud55c \ud5a5\uc744 \uc9c0\ub2c8\uba70, \ud56d\uade0, \ud56d\uc5fc, \ud56d\uc9c4\uade0 \ub4f1 \ub2e4\uc591\ud55c \uac74\uac15 \ud6a8\ub2a5\uc744 \uac00\uc9c0\uace0 \uc788\uc2b5\ub2c8\ub2e4. <\/p>\n","protected":false},"featured_media":43520,"template":"","meta":[],"product_brand":[],"product_cat":[8155],"product_tag":[],"class_list":{"0":"post-43519","1":"product","2":"type-product","3":"status-publish","4":"has-post-thumbnail","6":"product_cat-e-sen-syeol-o-il","7":"pa_skladnik-aktywny-9124","8":"pa_skladnik-aktywny-9122","9":"pa_skladnik-aktywny-9123","11":"first","12":"instock","13":"shipping-taxable","14":"product-type-simple"},"yoast_head":"<!-- This site is optimized with the Yoast SEO plugin v27.3 - https:\/\/yoast.com\/product\/yoast-seo-wordpress\/ -->\n<title>NATURAL POLAND &#8211; Hurtowy Dystrybutor Surowc\u00f3w<\/title>\n<meta name=\"description\" content=\"\uc2dc\ub098\ubaac \uc624\uc77c\uc740 \uac74\uac15, \uce58\ub8cc \ubc0f \ud53c\ubd80 \uad00\ub9ac \ud2b9\uc131\uc73c\ub85c \uc778\ud574 \uc778\uc815\uc744 \ubc1b\uc740 \ub2e4\uc6a9\ub3c4 \uc81c\ud488\uc785\ub2c8\ub2e4.\" \/>\n<meta name=\"robots\" content=\"index, follow, max-snippet:-1, max-image-preview:large, max-video-preview:-1\" \/>\n<link rel=\"canonical\" href=\"https:\/\/naturalpoland.com\/ko\/je-pum\/hwa-jang-pum-won-ryo\/e-sen-syeol-o-il\/%ec%8b%9c%eb%82%98%eb%aa%ac-%ec%98%a4%ec%9d%bc\/\" \/>\n<meta property=\"og:locale\" content=\"ko_KR\" \/>\n<meta property=\"og:type\" content=\"article\" \/>\n<meta property=\"og:description\" content=\"\uc2dc\ub098\ubaac \uc624\uc77c\uc740 \uac74\uac15, \uce58\ub8cc \ubc0f \ud53c\ubd80 \uad00\ub9ac \ud2b9\uc131\uc73c\ub85c \uc778\ud574 \uc778\uc815\uc744 \ubc1b\uc740 \ub2e4\uc6a9\ub3c4 \uc81c\ud488\uc785\ub2c8\ub2e4.\" \/>\n<meta property=\"og:url\" content=\"https:\/\/naturalpoland.com\/ko\/je-pum\/hwa-jang-pum-won-ryo\/e-sen-syeol-o-il\/%ec%8b%9c%eb%82%98%eb%aa%ac-%ec%98%a4%ec%9d%bc\/\" \/>\n<meta property=\"og:site_name\" content=\"NATURAL POLAND - Hurtowy Dystrybutor Surowc\u00f3w\" \/>\n<meta property=\"article:publisher\" content=\"https:\/\/www.facebook.com\/naturalpoland.b2b\" \/>\n<meta property=\"article:modified_time\" content=\"2025-09-30T13:05:54+00:00\" \/>\n<meta property=\"og:image\" content=\"https:\/\/naturalpoland.com\/wp-content\/uploads\/eteryczny-olejek-cynamonowy.webp\" \/>\n\t<meta property=\"og:image:width\" content=\"610\" \/>\n\t<meta property=\"og:image:height\" content=\"610\" \/>\n\t<meta property=\"og:image:type\" content=\"image\/webp\" \/>\n<script type=\"application\/ld+json\" class=\"yoast-schema-graph\">{\"@context\":\"https:\\\/\\\/schema.org\",\"@graph\":[{\"@type\":\"WebPage\",\"@id\":\"https:\\\/\\\/naturalpoland.com\\\/ko\\\/je-pum\\\/hwa-jang-pum-won-ryo\\\/e-sen-syeol-o-il\\\/%ec%8b%9c%eb%82%98%eb%aa%ac-%ec%98%a4%ec%9d%bc\\\/\",\"url\":\"https:\\\/\\\/naturalpoland.com\\\/ko\\\/je-pum\\\/hwa-jang-pum-won-ryo\\\/e-sen-syeol-o-il\\\/%ec%8b%9c%eb%82%98%eb%aa%ac-%ec%98%a4%ec%9d%bc\\\/\",\"name\":\"\",\"isPartOf\":{\"@id\":\"https:\\\/\\\/naturalpoland.com\\\/ko\\\/#website\"},\"primaryImageOfPage\":{\"@id\":\"https:\\\/\\\/naturalpoland.com\\\/ko\\\/je-pum\\\/hwa-jang-pum-won-ryo\\\/e-sen-syeol-o-il\\\/%ec%8b%9c%eb%82%98%eb%aa%ac-%ec%98%a4%ec%9d%bc\\\/#primaryimage\"},\"image\":{\"@id\":\"https:\\\/\\\/naturalpoland.com\\\/ko\\\/je-pum\\\/hwa-jang-pum-won-ryo\\\/e-sen-syeol-o-il\\\/%ec%8b%9c%eb%82%98%eb%aa%ac-%ec%98%a4%ec%9d%bc\\\/#primaryimage\"},\"thumbnailUrl\":\"https:\\\/\\\/naturalpoland.com\\\/wp-content\\\/uploads\\\/eteryczny-olejek-cynamonowy.webp\",\"datePublished\":\"2024-10-11T11:35:59+00:00\",\"dateModified\":\"2025-09-30T13:05:54+00:00\",\"description\":\"\uc2dc\ub098\ubaac \uc624\uc77c\uc740 \uac74\uac15, \uce58\ub8cc \ubc0f \ud53c\ubd80 \uad00\ub9ac \ud2b9\uc131\uc73c\ub85c \uc778\ud574 \uc778\uc815\uc744 \ubc1b\uc740 \ub2e4\uc6a9\ub3c4 \uc81c\ud488\uc785\ub2c8\ub2e4.\",\"breadcrumb\":{\"@id\":\"https:\\\/\\\/naturalpoland.com\\\/ko\\\/je-pum\\\/hwa-jang-pum-won-ryo\\\/e-sen-syeol-o-il\\\/%ec%8b%9c%eb%82%98%eb%aa%ac-%ec%98%a4%ec%9d%bc\\\/#breadcrumb\"},\"inLanguage\":\"ko-KR\",\"potentialAction\":[{\"@type\":\"ReadAction\",\"target\":[\"https:\\\/\\\/naturalpoland.com\\\/ko\\\/je-pum\\\/hwa-jang-pum-won-ryo\\\/e-sen-syeol-o-il\\\/%ec%8b%9c%eb%82%98%eb%aa%ac-%ec%98%a4%ec%9d%bc\\\/\"]}]},{\"@type\":\"ImageObject\",\"inLanguage\":\"ko-KR\",\"@id\":\"https:\\\/\\\/naturalpoland.com\\\/ko\\\/je-pum\\\/hwa-jang-pum-won-ryo\\\/e-sen-syeol-o-il\\\/%ec%8b%9c%eb%82%98%eb%aa%ac-%ec%98%a4%ec%9d%bc\\\/#primaryimage\",\"url\":\"https:\\\/\\\/naturalpoland.com\\\/wp-content\\\/uploads\\\/eteryczny-olejek-cynamonowy.webp\",\"contentUrl\":\"https:\\\/\\\/naturalpoland.com\\\/wp-content\\\/uploads\\\/eteryczny-olejek-cynamonowy.webp\",\"width\":610,\"height\":610,\"caption\":\"\uc2dc\ub098\ubaac \uc5d0\uc13c\uc15c \uc624\uc77c\"},{\"@type\":\"BreadcrumbList\",\"@id\":\"https:\\\/\\\/naturalpoland.com\\\/ko\\\/je-pum\\\/hwa-jang-pum-won-ryo\\\/e-sen-syeol-o-il\\\/%ec%8b%9c%eb%82%98%eb%aa%ac-%ec%98%a4%ec%9d%bc\\\/#breadcrumb\",\"itemListElement\":[{\"@type\":\"ListItem\",\"position\":1,\"name\":\"\ud648\",\"item\":\"https:\\\/\\\/naturalpoland.com\\\/ko\\\/\"},{\"@type\":\"ListItem\",\"position\":2,\"name\":\"\uc81c\ud488\",\"item\":\"https:\\\/\\\/naturalpoland.com\\\/ko\\\/%ec%a0%9c%ed%92%88\\\/\"},{\"@type\":\"ListItem\",\"position\":3,\"name\":\"\uc2dc\ub098\ubaac \uc624\uc77c\"}]},{\"@type\":\"WebSite\",\"@id\":\"https:\\\/\\\/naturalpoland.com\\\/ko\\\/#website\",\"url\":\"https:\\\/\\\/naturalpoland.com\\\/ko\\\/\",\"name\":\"NATURAL POLAND - Hurtowy Dystrybutor Surowc\u00f3w\",\"description\":\"Surowce dla przemys\u0142u spo\u017cywczego, kosmetycznego i farmaceutycznego\",\"publisher\":{\"@id\":\"https:\\\/\\\/naturalpoland.com\\\/ko\\\/#organization\"},\"potentialAction\":[{\"@type\":\"SearchAction\",\"target\":{\"@type\":\"EntryPoint\",\"urlTemplate\":\"https:\\\/\\\/naturalpoland.com\\\/ko\\\/?s={search_term_string}\"},\"query-input\":{\"@type\":\"PropertyValueSpecification\",\"valueRequired\":true,\"valueName\":\"search_term_string\"}}],\"inLanguage\":\"ko-KR\"},{\"@type\":\"Organization\",\"@id\":\"https:\\\/\\\/naturalpoland.com\\\/ko\\\/#organization\",\"name\":\"Natural Poland\",\"url\":\"https:\\\/\\\/naturalpoland.com\\\/ko\\\/\",\"logo\":{\"@type\":\"ImageObject\",\"inLanguage\":\"ko-KR\",\"@id\":\"https:\\\/\\\/naturalpoland.com\\\/ko\\\/#\\\/schema\\\/logo\\\/image\\\/\",\"url\":\"https:\\\/\\\/naturalpoland.com\\\/wp-content\\\/uploads\\\/2021\\\/05\\\/natural-poland-icon.png\",\"contentUrl\":\"https:\\\/\\\/naturalpoland.com\\\/wp-content\\\/uploads\\\/2021\\\/05\\\/natural-poland-icon.png\",\"width\":512,\"height\":512,\"caption\":\"Natural Poland\"},\"image\":{\"@id\":\"https:\\\/\\\/naturalpoland.com\\\/ko\\\/#\\\/schema\\\/logo\\\/image\\\/\"},\"sameAs\":[\"https:\\\/\\\/www.facebook.com\\\/naturalpoland.b2b\",\"https:\\\/\\\/pl.linkedin.com\\\/company\\\/natural-poland\",\"https:\\\/\\\/www.youtube.com\\\/channel\\\/UCgeGGkvOMahZo-xu_MSEWxg\"]}]}<\/script>\n<!-- \/ Yoast SEO plugin. -->","yoast_head_json":{"title":"NATURAL POLAND &#8211; Hurtowy Dystrybutor Surowc\u00f3w","description":"\uc2dc\ub098\ubaac \uc624\uc77c\uc740 \uac74\uac15, \uce58\ub8cc \ubc0f \ud53c\ubd80 \uad00\ub9ac \ud2b9\uc131\uc73c\ub85c \uc778\ud574 \uc778\uc815\uc744 \ubc1b\uc740 \ub2e4\uc6a9\ub3c4 \uc81c\ud488\uc785\ub2c8\ub2e4.","robots":{"index":"index","follow":"follow","max-snippet":"max-snippet:-1","max-image-preview":"max-image-preview:large","max-video-preview":"max-video-preview:-1"},"canonical":"https:\/\/naturalpoland.com\/ko\/je-pum\/hwa-jang-pum-won-ryo\/e-sen-syeol-o-il\/%ec%8b%9c%eb%82%98%eb%aa%ac-%ec%98%a4%ec%9d%bc\/","og_locale":"ko_KR","og_type":"article","og_description":"\uc2dc\ub098\ubaac \uc624\uc77c\uc740 \uac74\uac15, \uce58\ub8cc \ubc0f \ud53c\ubd80 \uad00\ub9ac \ud2b9\uc131\uc73c\ub85c \uc778\ud574 \uc778\uc815\uc744 \ubc1b\uc740 \ub2e4\uc6a9\ub3c4 \uc81c\ud488\uc785\ub2c8\ub2e4.","og_url":"https:\/\/naturalpoland.com\/ko\/je-pum\/hwa-jang-pum-won-ryo\/e-sen-syeol-o-il\/%ec%8b%9c%eb%82%98%eb%aa%ac-%ec%98%a4%ec%9d%bc\/","og_site_name":"NATURAL POLAND - Hurtowy Dystrybutor Surowc\u00f3w","article_publisher":"https:\/\/www.facebook.com\/naturalpoland.b2b","article_modified_time":"2025-09-30T13:05:54+00:00","og_image":[{"width":610,"height":610,"url":"https:\/\/naturalpoland.com\/wp-content\/uploads\/eteryczny-olejek-cynamonowy.webp","type":"image\/webp"}],"schema":{"@context":"https:\/\/schema.org","@graph":[{"@type":"WebPage","@id":"https:\/\/naturalpoland.com\/ko\/je-pum\/hwa-jang-pum-won-ryo\/e-sen-syeol-o-il\/%ec%8b%9c%eb%82%98%eb%aa%ac-%ec%98%a4%ec%9d%bc\/","url":"https:\/\/naturalpoland.com\/ko\/je-pum\/hwa-jang-pum-won-ryo\/e-sen-syeol-o-il\/%ec%8b%9c%eb%82%98%eb%aa%ac-%ec%98%a4%ec%9d%bc\/","name":"","isPartOf":{"@id":"https:\/\/naturalpoland.com\/ko\/#website"},"primaryImageOfPage":{"@id":"https:\/\/naturalpoland.com\/ko\/je-pum\/hwa-jang-pum-won-ryo\/e-sen-syeol-o-il\/%ec%8b%9c%eb%82%98%eb%aa%ac-%ec%98%a4%ec%9d%bc\/#primaryimage"},"image":{"@id":"https:\/\/naturalpoland.com\/ko\/je-pum\/hwa-jang-pum-won-ryo\/e-sen-syeol-o-il\/%ec%8b%9c%eb%82%98%eb%aa%ac-%ec%98%a4%ec%9d%bc\/#primaryimage"},"thumbnailUrl":"https:\/\/naturalpoland.com\/wp-content\/uploads\/eteryczny-olejek-cynamonowy.webp","datePublished":"2024-10-11T11:35:59+00:00","dateModified":"2025-09-30T13:05:54+00:00","description":"\uc2dc\ub098\ubaac \uc624\uc77c\uc740 \uac74\uac15, \uce58\ub8cc \ubc0f \ud53c\ubd80 \uad00\ub9ac \ud2b9\uc131\uc73c\ub85c \uc778\ud574 \uc778\uc815\uc744 \ubc1b\uc740 \ub2e4\uc6a9\ub3c4 \uc81c\ud488\uc785\ub2c8\ub2e4.","breadcrumb":{"@id":"https:\/\/naturalpoland.com\/ko\/je-pum\/hwa-jang-pum-won-ryo\/e-sen-syeol-o-il\/%ec%8b%9c%eb%82%98%eb%aa%ac-%ec%98%a4%ec%9d%bc\/#breadcrumb"},"inLanguage":"ko-KR","potentialAction":[{"@type":"ReadAction","target":["https:\/\/naturalpoland.com\/ko\/je-pum\/hwa-jang-pum-won-ryo\/e-sen-syeol-o-il\/%ec%8b%9c%eb%82%98%eb%aa%ac-%ec%98%a4%ec%9d%bc\/"]}]},{"@type":"ImageObject","inLanguage":"ko-KR","@id":"https:\/\/naturalpoland.com\/ko\/je-pum\/hwa-jang-pum-won-ryo\/e-sen-syeol-o-il\/%ec%8b%9c%eb%82%98%eb%aa%ac-%ec%98%a4%ec%9d%bc\/#primaryimage","url":"https:\/\/naturalpoland.com\/wp-content\/uploads\/eteryczny-olejek-cynamonowy.webp","contentUrl":"https:\/\/naturalpoland.com\/wp-content\/uploads\/eteryczny-olejek-cynamonowy.webp","width":610,"height":610,"caption":"\uc2dc\ub098\ubaac \uc5d0\uc13c\uc15c \uc624\uc77c"},{"@type":"BreadcrumbList","@id":"https:\/\/naturalpoland.com\/ko\/je-pum\/hwa-jang-pum-won-ryo\/e-sen-syeol-o-il\/%ec%8b%9c%eb%82%98%eb%aa%ac-%ec%98%a4%ec%9d%bc\/#breadcrumb","itemListElement":[{"@type":"ListItem","position":1,"name":"\ud648","item":"https:\/\/naturalpoland.com\/ko\/"},{"@type":"ListItem","position":2,"name":"\uc81c\ud488","item":"https:\/\/naturalpoland.com\/ko\/%ec%a0%9c%ed%92%88\/"},{"@type":"ListItem","position":3,"name":"\uc2dc\ub098\ubaac \uc624\uc77c"}]},{"@type":"WebSite","@id":"https:\/\/naturalpoland.com\/ko\/#website","url":"https:\/\/naturalpoland.com\/ko\/","name":"NATURAL POLAND - Hurtowy Dystrybutor Surowc\u00f3w","description":"Surowce dla przemys\u0142u spo\u017cywczego, kosmetycznego i farmaceutycznego","publisher":{"@id":"https:\/\/naturalpoland.com\/ko\/#organization"},"potentialAction":[{"@type":"SearchAction","target":{"@type":"EntryPoint","urlTemplate":"https:\/\/naturalpoland.com\/ko\/?s={search_term_string}"},"query-input":{"@type":"PropertyValueSpecification","valueRequired":true,"valueName":"search_term_string"}}],"inLanguage":"ko-KR"},{"@type":"Organization","@id":"https:\/\/naturalpoland.com\/ko\/#organization","name":"Natural Poland","url":"https:\/\/naturalpoland.com\/ko\/","logo":{"@type":"ImageObject","inLanguage":"ko-KR","@id":"https:\/\/naturalpoland.com\/ko\/#\/schema\/logo\/image\/","url":"https:\/\/naturalpoland.com\/wp-content\/uploads\/2021\/05\/natural-poland-icon.png","contentUrl":"https:\/\/naturalpoland.com\/wp-content\/uploads\/2021\/05\/natural-poland-icon.png","width":512,"height":512,"caption":"Natural Poland"},"image":{"@id":"https:\/\/naturalpoland.com\/ko\/#\/schema\/logo\/image\/"},"sameAs":["https:\/\/www.facebook.com\/naturalpoland.b2b","https:\/\/pl.linkedin.com\/company\/natural-poland","https:\/\/www.youtube.com\/channel\/UCgeGGkvOMahZo-xu_MSEWxg"]}]}},"_links":{"self":[{"href":"https:\/\/naturalpoland.com\/ko\/wp-json\/wp\/v2\/product\/43519","targetHints":{"allow":["GET"]}}],"collection":[{"href":"https:\/\/naturalpoland.com\/ko\/wp-json\/wp\/v2\/product"}],"about":[{"href":"https:\/\/naturalpoland.com\/ko\/wp-json\/wp\/v2\/types\/product"}],"wp:featuredmedia":[{"embeddable":true,"href":"https:\/\/naturalpoland.com\/ko\/wp-json\/wp\/v2\/media\/43520"}],"wp:attachment":[{"href":"https:\/\/naturalpoland.com\/ko\/wp-json\/wp\/v2\/media?parent=43519"}],"wp:term":[{"taxonomy":"product_brand","embeddable":true,"href":"https:\/\/naturalpoland.com\/ko\/wp-json\/wp\/v2\/product_brand?post=43519"},{"taxonomy":"product_cat","embeddable":true,"href":"https:\/\/naturalpoland.com\/ko\/wp-json\/wp\/v2\/product_cat?post=43519"},{"taxonomy":"product_tag","embeddable":true,"href":"https:\/\/naturalpoland.com\/ko\/wp-json\/wp\/v2\/product_tag?post=43519"}],"curies":[{"name":"wp","href":"https:\/\/api.w.org\/{rel}","templated":true}]}}