{"id":43523,"date":"2024-10-11T13:25:48","date_gmt":"2024-10-11T11:25:48","guid":{"rendered":"https:\/\/naturalpoland.com\/produkty\/uncategorized\/%ec%a0%95%ed%96%a5-%ec%98%a4%ec%9d%bc\/"},"modified":"2025-09-30T15:06:15","modified_gmt":"2025-09-30T13:06:15","slug":"%ec%a0%95%ed%96%a5-%ec%98%a4%ec%9d%bc","status":"publish","type":"product","link":"https:\/\/naturalpoland.com\/ko\/je-pum\/hwa-jang-pum-won-ryo\/e-sen-syeol-o-il\/%ec%a0%95%ed%96%a5-%ec%98%a4%ec%9d%bc\/","title":{"rendered":"\uc815\ud5a5 \uc624\uc77c"},"content":{"rendered":"<p>\uc815\ud5a5 \uc5d0\uc13c\uc15c \uc624\uc77c\uc740 \ud56d\uade0, \ud56d\uc5fc \ubc0f \ub9c8\ucde8 \uc791\uc6a9\uc744 \ud558\ub294 \ub192\uc740 \ud568\ub7c9\uc758 <strong>\uc720\uc81c\ub180<\/strong>\uacfc <strong>\ubca0\ud0c0-\uce74\ub9ac\uc624\ud544\ub80c<\/strong>\uc744 \ud568\uc720\ud558\uace0 \uc788\uc2b5\ub2c8\ub2e4. \uc774 \uc624\uc77c\uc740 \uc544\ub85c\ub9c8\ud14c\ub77c\ud53c\ubfd0\ub9cc \uc544\ub2c8\ub77c \uc2a4\ud0a8\ucf00\uc5b4 \ubc0f \uce58\ub8cc \uc81c\ud488\uc5d0\ub3c4 \ud65c\uc6a9\ub418\uba70, \uc8fc\ub85c \ud1b5\uc99d \uc644\ud654, \uc5fc\uc99d \uac10\uc18c \ubc0f \uc5ec\ub4dc\ub984 \uce58\ub8cc \uc9c0\uc6d0\uc744 \ubaa9\uc801\uc73c\ub85c \ud569\ub2c8\ub2e4. \ub610\ud55c, \uc18c\ub3c5 \ubc0f \uc0c1\ucf8c\ud55c \ud2b9\uc131\uc73c\ub85c \uc778\ud574 \uad6c\uac15 \uc704\uc0dd \uc81c\ud488\uc5d0\ub3c4 \uc0ac\uc6a9\ub429\ub2c8\ub2e4.  <\/p>\n<p>\uc815\ud5a5 \uc624\uc77c\uc740 \uc678\uc6a9\uc73c\ub85c\ub9cc \uc0ac\uc6a9\ud574\uc57c \ud558\uba70, \ud53c\ubd80\uc5d0 \uc9c1\uc811 \ub2ff\uc744 \uacbd\uc6b0 \uc801\uc808\ud788 \ud76c\uc11d\ud558\uc5ec \uc0ac\uc6a9\ud574\uc57c \ud569\ub2c8\ub2e4. \uc774 \uc624\uc77c\uc740 \ud53c\ubd80\uc640 \ub208\uc5d0 \uc790\uadf9\uc744 \uc720\ubc1c\ud560 \uc218 \uc788\uc73c\ubbc0\ub85c, \uc9c1\uc811\uc801\uc778 \uc811\ucd09\uc744 \ud53c\ud558\uace0 \uc0ac\uc6a9 \uc2dc \uac1c\uc778 \ubcf4\ud638 \uc7a5\ube44\ub97c \ucc29\uc6a9\ud558\ub294 \uac83\uc774 \uc88b\uc2b5\ub2c8\ub2e4. <\/p>\n<p>&nbsp;<\/p>\n","protected":false},"excerpt":{"rendered":"<p><strong>\uc815\ud5a5 \uc5d0\uc13c\uc15c \uc624\uc77c<\/strong>\uc740 <em>Eugenia caryophyllus<\/em> \uc2dd\ubb3c\uc758 \uc78e\uc5d0\uc11c \ucd94\ucd9c\ub429\ub2c8\ub2e4. \uac15\ub82c\ud558\uace0 \uc2a4\ud30c\uc774\uc2dc\ud55c \ud5a5\uc774 \ub0a9\ub2c8\ub2e4.<\/p>\n","protected":false},"featured_media":43524,"template":"","meta":[],"product_brand":[],"product_cat":[8155],"product_tag":[],"class_list":{"0":"post-43523","1":"product","2":"type-product","3":"status-publish","4":"has-post-thumbnail","6":"product_cat-e-sen-syeol-o-il","8":"first","9":"instock","10":"shipping-taxable","11":"product-type-simple"},"yoast_head":"<!-- This site is optimized with the Yoast SEO plugin v27.3 - https:\/\/yoast.com\/product\/yoast-seo-wordpress\/ -->\n<title>NATURAL POLAND &#8211; Hurtowy Dystrybutor Surowc\u00f3w<\/title>\n<meta name=\"description\" content=\"\uc815\ud5a5 \uc624\uc77c\uc740 \uc815\ud5a5\ub098\ubb34(Eugenia caryophyllus) \uc78e\uc5d0\uc11c \ucd94\ucd9c\ub418\uba70, \uac15\ub82c\ud558\uace0 \uc2a4\ud30c\uc774\uc2dc\ud55c \ud5a5\uacfc \ub192\uc740 \uc720\uc81c\ub180 \ud568\ub7c9\uc774 \ud2b9\uc9d5\uc785\ub2c8\ub2e4.\" \/>\n<meta name=\"robots\" content=\"index, follow, max-snippet:-1, max-image-preview:large, max-video-preview:-1\" \/>\n<link rel=\"canonical\" href=\"https:\/\/naturalpoland.com\/ko\/je-pum\/hwa-jang-pum-won-ryo\/e-sen-syeol-o-il\/%ec%a0%95%ed%96%a5-%ec%98%a4%ec%9d%bc\/\" \/>\n<meta property=\"og:locale\" content=\"ko_KR\" \/>\n<meta property=\"og:type\" content=\"article\" \/>\n<meta property=\"og:description\" content=\"\uc815\ud5a5 \uc624\uc77c\uc740 \uc815\ud5a5\ub098\ubb34(Eugenia caryophyllus) \uc78e\uc5d0\uc11c \ucd94\ucd9c\ub418\uba70, \uac15\ub82c\ud558\uace0 \uc2a4\ud30c\uc774\uc2dc\ud55c \ud5a5\uacfc \ub192\uc740 \uc720\uc81c\ub180 \ud568\ub7c9\uc774 \ud2b9\uc9d5\uc785\ub2c8\ub2e4.\" \/>\n<meta property=\"og:url\" content=\"https:\/\/naturalpoland.com\/ko\/je-pum\/hwa-jang-pum-won-ryo\/e-sen-syeol-o-il\/%ec%a0%95%ed%96%a5-%ec%98%a4%ec%9d%bc\/\" \/>\n<meta property=\"og:site_name\" content=\"NATURAL POLAND - Hurtowy Dystrybutor Surowc\u00f3w\" \/>\n<meta property=\"article:publisher\" content=\"https:\/\/www.facebook.com\/naturalpoland.b2b\" \/>\n<meta property=\"article:modified_time\" content=\"2025-09-30T13:06:15+00:00\" \/>\n<meta property=\"og:image\" content=\"https:\/\/naturalpoland.com\/wp-content\/uploads\/olejek-eteryczny-z-lisci-gozdzikow.webp\" \/>\n\t<meta property=\"og:image:width\" content=\"610\" \/>\n\t<meta property=\"og:image:height\" content=\"610\" \/>\n\t<meta property=\"og:image:type\" content=\"image\/webp\" \/>\n<script type=\"application\/ld+json\" class=\"yoast-schema-graph\">{\"@context\":\"https:\\\/\\\/schema.org\",\"@graph\":[{\"@type\":\"WebPage\",\"@id\":\"https:\\\/\\\/naturalpoland.com\\\/ko\\\/je-pum\\\/hwa-jang-pum-won-ryo\\\/e-sen-syeol-o-il\\\/%ec%a0%95%ed%96%a5-%ec%98%a4%ec%9d%bc\\\/\",\"url\":\"https:\\\/\\\/naturalpoland.com\\\/ko\\\/je-pum\\\/hwa-jang-pum-won-ryo\\\/e-sen-syeol-o-il\\\/%ec%a0%95%ed%96%a5-%ec%98%a4%ec%9d%bc\\\/\",\"name\":\"\",\"isPartOf\":{\"@id\":\"https:\\\/\\\/naturalpoland.com\\\/ko\\\/#website\"},\"primaryImageOfPage\":{\"@id\":\"https:\\\/\\\/naturalpoland.com\\\/ko\\\/je-pum\\\/hwa-jang-pum-won-ryo\\\/e-sen-syeol-o-il\\\/%ec%a0%95%ed%96%a5-%ec%98%a4%ec%9d%bc\\\/#primaryimage\"},\"image\":{\"@id\":\"https:\\\/\\\/naturalpoland.com\\\/ko\\\/je-pum\\\/hwa-jang-pum-won-ryo\\\/e-sen-syeol-o-il\\\/%ec%a0%95%ed%96%a5-%ec%98%a4%ec%9d%bc\\\/#primaryimage\"},\"thumbnailUrl\":\"https:\\\/\\\/naturalpoland.com\\\/wp-content\\\/uploads\\\/olejek-eteryczny-z-lisci-gozdzikow.webp\",\"datePublished\":\"2024-10-11T11:25:48+00:00\",\"dateModified\":\"2025-09-30T13:06:15+00:00\",\"description\":\"\uc815\ud5a5 \uc624\uc77c\uc740 \uc815\ud5a5\ub098\ubb34(Eugenia caryophyllus) \uc78e\uc5d0\uc11c \ucd94\ucd9c\ub418\uba70, \uac15\ub82c\ud558\uace0 \uc2a4\ud30c\uc774\uc2dc\ud55c \ud5a5\uacfc \ub192\uc740 \uc720\uc81c\ub180 \ud568\ub7c9\uc774 \ud2b9\uc9d5\uc785\ub2c8\ub2e4.\",\"breadcrumb\":{\"@id\":\"https:\\\/\\\/naturalpoland.com\\\/ko\\\/je-pum\\\/hwa-jang-pum-won-ryo\\\/e-sen-syeol-o-il\\\/%ec%a0%95%ed%96%a5-%ec%98%a4%ec%9d%bc\\\/#breadcrumb\"},\"inLanguage\":\"ko-KR\",\"potentialAction\":[{\"@type\":\"ReadAction\",\"target\":[\"https:\\\/\\\/naturalpoland.com\\\/ko\\\/je-pum\\\/hwa-jang-pum-won-ryo\\\/e-sen-syeol-o-il\\\/%ec%a0%95%ed%96%a5-%ec%98%a4%ec%9d%bc\\\/\"]}]},{\"@type\":\"ImageObject\",\"inLanguage\":\"ko-KR\",\"@id\":\"https:\\\/\\\/naturalpoland.com\\\/ko\\\/je-pum\\\/hwa-jang-pum-won-ryo\\\/e-sen-syeol-o-il\\\/%ec%a0%95%ed%96%a5-%ec%98%a4%ec%9d%bc\\\/#primaryimage\",\"url\":\"https:\\\/\\\/naturalpoland.com\\\/wp-content\\\/uploads\\\/olejek-eteryczny-z-lisci-gozdzikow.webp\",\"contentUrl\":\"https:\\\/\\\/naturalpoland.com\\\/wp-content\\\/uploads\\\/olejek-eteryczny-z-lisci-gozdzikow.webp\",\"width\":610,\"height\":610,\"caption\":\"\uc815\ud5a5 \uc78e \uc5d0\uc13c\uc15c \uc624\uc77c\"},{\"@type\":\"BreadcrumbList\",\"@id\":\"https:\\\/\\\/naturalpoland.com\\\/ko\\\/je-pum\\\/hwa-jang-pum-won-ryo\\\/e-sen-syeol-o-il\\\/%ec%a0%95%ed%96%a5-%ec%98%a4%ec%9d%bc\\\/#breadcrumb\",\"itemListElement\":[{\"@type\":\"ListItem\",\"position\":1,\"name\":\"\ud648\",\"item\":\"https:\\\/\\\/naturalpoland.com\\\/ko\\\/\"},{\"@type\":\"ListItem\",\"position\":2,\"name\":\"\uc81c\ud488\",\"item\":\"https:\\\/\\\/naturalpoland.com\\\/ko\\\/%ec%a0%9c%ed%92%88\\\/\"},{\"@type\":\"ListItem\",\"position\":3,\"name\":\"\uc815\ud5a5 \uc624\uc77c\"}]},{\"@type\":\"WebSite\",\"@id\":\"https:\\\/\\\/naturalpoland.com\\\/ko\\\/#website\",\"url\":\"https:\\\/\\\/naturalpoland.com\\\/ko\\\/\",\"name\":\"NATURAL POLAND - Hurtowy Dystrybutor Surowc\u00f3w\",\"description\":\"Surowce dla przemys\u0142u spo\u017cywczego, kosmetycznego i farmaceutycznego\",\"publisher\":{\"@id\":\"https:\\\/\\\/naturalpoland.com\\\/ko\\\/#organization\"},\"potentialAction\":[{\"@type\":\"SearchAction\",\"target\":{\"@type\":\"EntryPoint\",\"urlTemplate\":\"https:\\\/\\\/naturalpoland.com\\\/ko\\\/?s={search_term_string}\"},\"query-input\":{\"@type\":\"PropertyValueSpecification\",\"valueRequired\":true,\"valueName\":\"search_term_string\"}}],\"inLanguage\":\"ko-KR\"},{\"@type\":\"Organization\",\"@id\":\"https:\\\/\\\/naturalpoland.com\\\/ko\\\/#organization\",\"name\":\"Natural Poland\",\"url\":\"https:\\\/\\\/naturalpoland.com\\\/ko\\\/\",\"logo\":{\"@type\":\"ImageObject\",\"inLanguage\":\"ko-KR\",\"@id\":\"https:\\\/\\\/naturalpoland.com\\\/ko\\\/#\\\/schema\\\/logo\\\/image\\\/\",\"url\":\"https:\\\/\\\/naturalpoland.com\\\/wp-content\\\/uploads\\\/2021\\\/05\\\/natural-poland-icon.png\",\"contentUrl\":\"https:\\\/\\\/naturalpoland.com\\\/wp-content\\\/uploads\\\/2021\\\/05\\\/natural-poland-icon.png\",\"width\":512,\"height\":512,\"caption\":\"Natural Poland\"},\"image\":{\"@id\":\"https:\\\/\\\/naturalpoland.com\\\/ko\\\/#\\\/schema\\\/logo\\\/image\\\/\"},\"sameAs\":[\"https:\\\/\\\/www.facebook.com\\\/naturalpoland.b2b\",\"https:\\\/\\\/pl.linkedin.com\\\/company\\\/natural-poland\",\"https:\\\/\\\/www.youtube.com\\\/channel\\\/UCgeGGkvOMahZo-xu_MSEWxg\"]}]}<\/script>\n<!-- \/ Yoast SEO plugin. -->","yoast_head_json":{"title":"NATURAL POLAND &#8211; Hurtowy Dystrybutor Surowc\u00f3w","description":"\uc815\ud5a5 \uc624\uc77c\uc740 \uc815\ud5a5\ub098\ubb34(Eugenia caryophyllus) \uc78e\uc5d0\uc11c \ucd94\ucd9c\ub418\uba70, \uac15\ub82c\ud558\uace0 \uc2a4\ud30c\uc774\uc2dc\ud55c \ud5a5\uacfc \ub192\uc740 \uc720\uc81c\ub180 \ud568\ub7c9\uc774 \ud2b9\uc9d5\uc785\ub2c8\ub2e4.","robots":{"index":"index","follow":"follow","max-snippet":"max-snippet:-1","max-image-preview":"max-image-preview:large","max-video-preview":"max-video-preview:-1"},"canonical":"https:\/\/naturalpoland.com\/ko\/je-pum\/hwa-jang-pum-won-ryo\/e-sen-syeol-o-il\/%ec%a0%95%ed%96%a5-%ec%98%a4%ec%9d%bc\/","og_locale":"ko_KR","og_type":"article","og_description":"\uc815\ud5a5 \uc624\uc77c\uc740 \uc815\ud5a5\ub098\ubb34(Eugenia caryophyllus) \uc78e\uc5d0\uc11c \ucd94\ucd9c\ub418\uba70, \uac15\ub82c\ud558\uace0 \uc2a4\ud30c\uc774\uc2dc\ud55c \ud5a5\uacfc \ub192\uc740 \uc720\uc81c\ub180 \ud568\ub7c9\uc774 \ud2b9\uc9d5\uc785\ub2c8\ub2e4.","og_url":"https:\/\/naturalpoland.com\/ko\/je-pum\/hwa-jang-pum-won-ryo\/e-sen-syeol-o-il\/%ec%a0%95%ed%96%a5-%ec%98%a4%ec%9d%bc\/","og_site_name":"NATURAL POLAND - Hurtowy Dystrybutor Surowc\u00f3w","article_publisher":"https:\/\/www.facebook.com\/naturalpoland.b2b","article_modified_time":"2025-09-30T13:06:15+00:00","og_image":[{"width":610,"height":610,"url":"https:\/\/naturalpoland.com\/wp-content\/uploads\/olejek-eteryczny-z-lisci-gozdzikow.webp","type":"image\/webp"}],"schema":{"@context":"https:\/\/schema.org","@graph":[{"@type":"WebPage","@id":"https:\/\/naturalpoland.com\/ko\/je-pum\/hwa-jang-pum-won-ryo\/e-sen-syeol-o-il\/%ec%a0%95%ed%96%a5-%ec%98%a4%ec%9d%bc\/","url":"https:\/\/naturalpoland.com\/ko\/je-pum\/hwa-jang-pum-won-ryo\/e-sen-syeol-o-il\/%ec%a0%95%ed%96%a5-%ec%98%a4%ec%9d%bc\/","name":"","isPartOf":{"@id":"https:\/\/naturalpoland.com\/ko\/#website"},"primaryImageOfPage":{"@id":"https:\/\/naturalpoland.com\/ko\/je-pum\/hwa-jang-pum-won-ryo\/e-sen-syeol-o-il\/%ec%a0%95%ed%96%a5-%ec%98%a4%ec%9d%bc\/#primaryimage"},"image":{"@id":"https:\/\/naturalpoland.com\/ko\/je-pum\/hwa-jang-pum-won-ryo\/e-sen-syeol-o-il\/%ec%a0%95%ed%96%a5-%ec%98%a4%ec%9d%bc\/#primaryimage"},"thumbnailUrl":"https:\/\/naturalpoland.com\/wp-content\/uploads\/olejek-eteryczny-z-lisci-gozdzikow.webp","datePublished":"2024-10-11T11:25:48+00:00","dateModified":"2025-09-30T13:06:15+00:00","description":"\uc815\ud5a5 \uc624\uc77c\uc740 \uc815\ud5a5\ub098\ubb34(Eugenia caryophyllus) \uc78e\uc5d0\uc11c \ucd94\ucd9c\ub418\uba70, \uac15\ub82c\ud558\uace0 \uc2a4\ud30c\uc774\uc2dc\ud55c \ud5a5\uacfc \ub192\uc740 \uc720\uc81c\ub180 \ud568\ub7c9\uc774 \ud2b9\uc9d5\uc785\ub2c8\ub2e4.","breadcrumb":{"@id":"https:\/\/naturalpoland.com\/ko\/je-pum\/hwa-jang-pum-won-ryo\/e-sen-syeol-o-il\/%ec%a0%95%ed%96%a5-%ec%98%a4%ec%9d%bc\/#breadcrumb"},"inLanguage":"ko-KR","potentialAction":[{"@type":"ReadAction","target":["https:\/\/naturalpoland.com\/ko\/je-pum\/hwa-jang-pum-won-ryo\/e-sen-syeol-o-il\/%ec%a0%95%ed%96%a5-%ec%98%a4%ec%9d%bc\/"]}]},{"@type":"ImageObject","inLanguage":"ko-KR","@id":"https:\/\/naturalpoland.com\/ko\/je-pum\/hwa-jang-pum-won-ryo\/e-sen-syeol-o-il\/%ec%a0%95%ed%96%a5-%ec%98%a4%ec%9d%bc\/#primaryimage","url":"https:\/\/naturalpoland.com\/wp-content\/uploads\/olejek-eteryczny-z-lisci-gozdzikow.webp","contentUrl":"https:\/\/naturalpoland.com\/wp-content\/uploads\/olejek-eteryczny-z-lisci-gozdzikow.webp","width":610,"height":610,"caption":"\uc815\ud5a5 \uc78e \uc5d0\uc13c\uc15c \uc624\uc77c"},{"@type":"BreadcrumbList","@id":"https:\/\/naturalpoland.com\/ko\/je-pum\/hwa-jang-pum-won-ryo\/e-sen-syeol-o-il\/%ec%a0%95%ed%96%a5-%ec%98%a4%ec%9d%bc\/#breadcrumb","itemListElement":[{"@type":"ListItem","position":1,"name":"\ud648","item":"https:\/\/naturalpoland.com\/ko\/"},{"@type":"ListItem","position":2,"name":"\uc81c\ud488","item":"https:\/\/naturalpoland.com\/ko\/%ec%a0%9c%ed%92%88\/"},{"@type":"ListItem","position":3,"name":"\uc815\ud5a5 \uc624\uc77c"}]},{"@type":"WebSite","@id":"https:\/\/naturalpoland.com\/ko\/#website","url":"https:\/\/naturalpoland.com\/ko\/","name":"NATURAL POLAND - Hurtowy Dystrybutor Surowc\u00f3w","description":"Surowce dla przemys\u0142u spo\u017cywczego, kosmetycznego i farmaceutycznego","publisher":{"@id":"https:\/\/naturalpoland.com\/ko\/#organization"},"potentialAction":[{"@type":"SearchAction","target":{"@type":"EntryPoint","urlTemplate":"https:\/\/naturalpoland.com\/ko\/?s={search_term_string}"},"query-input":{"@type":"PropertyValueSpecification","valueRequired":true,"valueName":"search_term_string"}}],"inLanguage":"ko-KR"},{"@type":"Organization","@id":"https:\/\/naturalpoland.com\/ko\/#organization","name":"Natural Poland","url":"https:\/\/naturalpoland.com\/ko\/","logo":{"@type":"ImageObject","inLanguage":"ko-KR","@id":"https:\/\/naturalpoland.com\/ko\/#\/schema\/logo\/image\/","url":"https:\/\/naturalpoland.com\/wp-content\/uploads\/2021\/05\/natural-poland-icon.png","contentUrl":"https:\/\/naturalpoland.com\/wp-content\/uploads\/2021\/05\/natural-poland-icon.png","width":512,"height":512,"caption":"Natural Poland"},"image":{"@id":"https:\/\/naturalpoland.com\/ko\/#\/schema\/logo\/image\/"},"sameAs":["https:\/\/www.facebook.com\/naturalpoland.b2b","https:\/\/pl.linkedin.com\/company\/natural-poland","https:\/\/www.youtube.com\/channel\/UCgeGGkvOMahZo-xu_MSEWxg"]}]}},"_links":{"self":[{"href":"https:\/\/naturalpoland.com\/ko\/wp-json\/wp\/v2\/product\/43523","targetHints":{"allow":["GET"]}}],"collection":[{"href":"https:\/\/naturalpoland.com\/ko\/wp-json\/wp\/v2\/product"}],"about":[{"href":"https:\/\/naturalpoland.com\/ko\/wp-json\/wp\/v2\/types\/product"}],"wp:featuredmedia":[{"embeddable":true,"href":"https:\/\/naturalpoland.com\/ko\/wp-json\/wp\/v2\/media\/43524"}],"wp:attachment":[{"href":"https:\/\/naturalpoland.com\/ko\/wp-json\/wp\/v2\/media?parent=43523"}],"wp:term":[{"taxonomy":"product_brand","embeddable":true,"href":"https:\/\/naturalpoland.com\/ko\/wp-json\/wp\/v2\/product_brand?post=43523"},{"taxonomy":"product_cat","embeddable":true,"href":"https:\/\/naturalpoland.com\/ko\/wp-json\/wp\/v2\/product_cat?post=43523"},{"taxonomy":"product_tag","embeddable":true,"href":"https:\/\/naturalpoland.com\/ko\/wp-json\/wp\/v2\/product_tag?post=43523"}],"curies":[{"name":"wp","href":"https:\/\/api.w.org\/{rel}","templated":true}]}}