{"id":43625,"date":"2025-10-06T14:30:36","date_gmt":"2025-10-06T12:30:36","guid":{"rendered":"https:\/\/naturalpoland.com\/produkty\/uncategorized\/%ed%99%a9%ec%82%b0%ec%95%94%eb%aa%a8%eb%8a%84\/"},"modified":"2025-10-22T10:06:32","modified_gmt":"2025-10-22T08:06:32","slug":"%ed%99%a9%ec%82%b0%ec%95%94%eb%aa%a8%eb%8a%84","status":"publish","type":"product","link":"https:\/\/naturalpoland.com\/ko\/je-pum\/hwa-jang-pum-won-ryo\/hwa-jang-pum-won-ryo-ko\/%ed%99%a9%ec%82%b0%ec%95%94%eb%aa%a8%eb%8a%84\/","title":{"rendered":"\ud669\uc0b0\uc554\ubaa8\ub284"},"content":{"rendered":"<h2>\ud2b9\uc131 \ubc0f \uc791\uc6a9<\/h2>\n<ul>\n<li><strong>\uc548\uc815\ud654 \ubc0f pH \uc870\uc808<\/strong> \u2013 \ud654\uc7a5\ud488 \ubc0f \uc138\uc81c\uc5d0\uc11c \ud669\uc0b0\uc554\ubaa8\ub284\uc740 \uc548\uc815\uc81c \ubc0f \uc0b0\ub3c4 \uc870\uc808\uc81c \uc5ed\ud560\uc744 \ud558\uc5ec \uc81c\ud488\uc758 \uc548\uc815\uc131\uacfc \uade0\uc77c\uc131\uc744 \ud5a5\uc0c1\uc2dc\ud0b5\ub2c8\ub2e4.<\/li>\n<li><strong>\uc644\ucda9 \uae30\ub2a5<\/strong> \u2013 \uacc4\uba74\ud65c\uc131\uc81c \ubc0f \ud65c\uc131 \uc131\ubd84\uc758 \uc791\uc6a9\uc744 \uc704\ud55c \ucd5c\uc801\uc758 \ud658\uacbd\uc744 \uc720\uc9c0\ud569\ub2c8\ub2e4.<\/li>\n<li><strong>\uc9c8\uc18c \uacf5\uae09\uc6d0<\/strong> \u2013 \uc0b0\uc5c5 \ubc0f \uc0dd\uba85\uacf5\ud559 \ubd84\uc57c\uc5d0\uc11c \ubc1c\ud6a8 \uacfc\uc815 \ubc0f \ub2e8\ubc31\uc9c8 \ud569\uc131\uc5d0 \ud544\uc218\uc801\uc778 \uc27d\uac8c \ud761\uc218\ub418\ub294 \uc9c8\uc18c\ub97c \uacf5\uae09\ud569\ub2c8\ub2e4.<\/li>\n<li><strong>\ucee8\ub514\uc154\ub2dd \uc791\uc6a9<\/strong> \u2013 \ub0ae\uc740 \ub18d\ub3c4\uc5d0\uc11c \uc138\uc815 \uc81c\ud615\uc758 \uac70\ud488 \ud615\uc131 \ubc0f \uc138\uc815 \ud2b9\uc131\uc744 \uc9c0\uc6d0\ud569\ub2c8\ub2e4.<\/li>\n<\/ul>\n<h2>\uc801\uc6a9<\/h2>\n<p><strong>\ud654\uc7a5\ud488 \ubc0f \uc138\uc81c\uc5d0\uc11c:<\/strong><\/p>\n<ul>\n<li>\uc138\uc815 \ubc0f \uc138\ucc99\uc81c (\uc0f4\ud478, \uc824, \ubaa9\uc695\uc561),<\/li>\n<li>\ubaa8\ubc1c \ubc0f \ud53c\ubd80 \uad00\ub9ac \uc81c\ud488,<\/li>\n<li>\uc644\ucda9 \ubc0f \uc548\uc815\ud654 \uc791\uc6a9\uc744 \ud558\ub294 \uae30\uc220 \uc81c\uc81c,<\/li>\n<li>pH \uc870\uc808\uc774 \ud544\uc694\ud55c \uc804\ubb38 \ud654\uc7a5\ud488.<\/li>\n<\/ul>\n<p><strong>\uc0b0\uc5c5 \ubd84\uc57c\uc5d0\uc11c:<\/strong><\/p>\n<ul>\n<li>\uad11\ubb3c \ube44\ub8cc \u2013 \uc9c8\uc18c \ubc0f \ud669 \uacf5\uae09\uc6d0,<\/li>\n<li>\ubbf8\uc0dd\ubb3c \ubc0f \uc0dd\uba85\uacf5\ud559 \uacf5\uc815,<\/li>\n<li>\ud654\ud559 \ubc0f \uc81c\uc57d \uc0b0\uc5c5\uc758 \ubcf4\uc870\uc81c,<\/li>\n<li>\uc0b0\uc5c5\uc6a9 \uc138\uc81c \ubc0f \uae30\uc220 \uc81c\ud488 \uc0dd\uc0b0\uc758 \uad6c\uc131 \uc694\uc18c.<\/li>\n<\/ul>\n","protected":false},"excerpt":{"rendered":"<p><strong>\ud669\uc0b0\uc554\ubaa8\ub284<\/strong>\uc740 (NH\u2084)\u2082SO\u2084 \ud654\ud559\uc2dd\uc744 \uac00\uc9c4 \ubb34\uae30 \ud654\ud569\ubb3c\ub85c, \ud669\uc0b0\uc744 \uc554\ubaa8\ub2c8\uc544\ub85c \uc911\ud654\ud558\ub294 \uacf5\uc815\uc744 \ud1b5\ud574 \uc0b0\uc5c5\uc801\uc73c\ub85c \uc5bb\uc5b4\uc9d1\ub2c8\ub2e4. \ub192\uc740 \uc21c\ub3c4\uc640 \ubb3c\ub9ac\ud654\ud559\uc801 \uc548\uc815\uc131\uc744 \ud2b9\uc9d5\uc73c\ub85c \ud558\uba70, \uc774\ub85c \uc778\ud574 \ud654\ud559, \ud654\uc7a5\ud488 \ubc0f \uae30\uc220 \uc0b0\uc5c5\uc5d0\uc11c \uad11\ubc94\uc704\ud558\uac8c \uc0ac\uc6a9\ub429\ub2c8\ub2e4. <\/p>\n","protected":false},"featured_media":43628,"template":"","meta":{"_acf_changed":false},"product_brand":[],"product_cat":[8160],"product_tag":[],"class_list":{"0":"post-43625","1":"product","2":"type-product","3":"status-publish","4":"has-post-thumbnail","6":"product_cat-hwa-jang-pum-won-ryo-ko","8":"first","9":"instock","10":"shipping-taxable","11":"product-type-simple"},"acf":[],"yoast_head":"<!-- This site is optimized with the Yoast SEO plugin v27.4 - https:\/\/yoast.com\/product\/yoast-seo-wordpress\/ -->\n<title>\ud669\uc0b0\uc554\ubaa8\ub284 - Hurtowy Dystrybutor<\/title>\n<meta name=\"description\" content=\"\ud669\uc0b0\uc554\ubaa8\ub284 (Ammonium Sulfate)\uc740 pH \uc870\uc808\uc81c, \uc548\uc815\uc81c \ubc0f \uc9c8\uc18c \uacf5\uae09\uc6d0\uc73c\ub85c \ud654\uc7a5\ud488\uc5d0 \uc0ac\uc6a9\ub418\ub294 \ud654\ud559 \ubc0f \ud654\uc7a5\ud488 \uc6d0\ub8cc\uc785\ub2c8\ub2e4.\" \/>\n<meta name=\"robots\" content=\"index, follow, max-snippet:-1, max-image-preview:large, max-video-preview:-1\" \/>\n<link rel=\"canonical\" href=\"https:\/\/naturalpoland.com\/ko\/je-pum\/hwa-jang-pum-won-ryo\/hwa-jang-pum-won-ryo-ko\/%ed%99%a9%ec%82%b0%ec%95%94%eb%aa%a8%eb%8a%84\/\" \/>\n<meta property=\"og:locale\" content=\"ko_KR\" \/>\n<meta property=\"og:type\" content=\"article\" \/>\n<meta property=\"og:title\" content=\"\ud669\uc0b0\uc554\ubaa8\ub284 - Hurtowy Dystrybutor\" \/>\n<meta property=\"og:description\" content=\"\ud669\uc0b0\uc554\ubaa8\ub284 (Ammonium Sulfate)\uc740 pH \uc870\uc808\uc81c, \uc548\uc815\uc81c \ubc0f \uc9c8\uc18c \uacf5\uae09\uc6d0\uc73c\ub85c \ud654\uc7a5\ud488\uc5d0 \uc0ac\uc6a9\ub418\ub294 \ud654\ud559 \ubc0f \ud654\uc7a5\ud488 \uc6d0\ub8cc\uc785\ub2c8\ub2e4.\" \/>\n<meta property=\"og:url\" content=\"https:\/\/naturalpoland.com\/ko\/je-pum\/hwa-jang-pum-won-ryo\/hwa-jang-pum-won-ryo-ko\/%ed%99%a9%ec%82%b0%ec%95%94%eb%aa%a8%eb%8a%84\/\" \/>\n<meta property=\"og:site_name\" content=\"NATURAL POLAND - Hurtowy Dystrybutor Surowc\u00f3w\" \/>\n<meta property=\"article:publisher\" content=\"https:\/\/www.facebook.com\/naturalpoland.b2b\" \/>\n<meta property=\"article:modified_time\" content=\"2025-10-22T08:06:32+00:00\" \/>\n<meta property=\"og:image\" content=\"https:\/\/naturalpoland.com\/wp-content\/uploads\/siarczan-amonu.webp\" \/>\n\t<meta property=\"og:image:width\" content=\"1024\" \/>\n\t<meta property=\"og:image:height\" content=\"1024\" \/>\n\t<meta property=\"og:image:type\" content=\"image\/webp\" \/>\n<script type=\"application\/ld+json\" class=\"yoast-schema-graph\">{\"@context\":\"https:\\\/\\\/schema.org\",\"@graph\":[{\"@type\":\"WebPage\",\"@id\":\"https:\\\/\\\/naturalpoland.com\\\/ko\\\/je-pum\\\/hwa-jang-pum-won-ryo\\\/hwa-jang-pum-won-ryo-ko\\\/%ed%99%a9%ec%82%b0%ec%95%94%eb%aa%a8%eb%8a%84\\\/\",\"url\":\"https:\\\/\\\/naturalpoland.com\\\/ko\\\/je-pum\\\/hwa-jang-pum-won-ryo\\\/hwa-jang-pum-won-ryo-ko\\\/%ed%99%a9%ec%82%b0%ec%95%94%eb%aa%a8%eb%8a%84\\\/\",\"name\":\"\ud669\uc0b0\uc554\ubaa8\ub284 - Hurtowy Dystrybutor\",\"isPartOf\":{\"@id\":\"https:\\\/\\\/naturalpoland.com\\\/ko\\\/#website\"},\"primaryImageOfPage\":{\"@id\":\"https:\\\/\\\/naturalpoland.com\\\/ko\\\/je-pum\\\/hwa-jang-pum-won-ryo\\\/hwa-jang-pum-won-ryo-ko\\\/%ed%99%a9%ec%82%b0%ec%95%94%eb%aa%a8%eb%8a%84\\\/#primaryimage\"},\"image\":{\"@id\":\"https:\\\/\\\/naturalpoland.com\\\/ko\\\/je-pum\\\/hwa-jang-pum-won-ryo\\\/hwa-jang-pum-won-ryo-ko\\\/%ed%99%a9%ec%82%b0%ec%95%94%eb%aa%a8%eb%8a%84\\\/#primaryimage\"},\"thumbnailUrl\":\"https:\\\/\\\/naturalpoland.com\\\/wp-content\\\/uploads\\\/siarczan-amonu.webp\",\"datePublished\":\"2025-10-06T12:30:36+00:00\",\"dateModified\":\"2025-10-22T08:06:32+00:00\",\"description\":\"\ud669\uc0b0\uc554\ubaa8\ub284 (Ammonium Sulfate)\uc740 pH \uc870\uc808\uc81c, \uc548\uc815\uc81c \ubc0f \uc9c8\uc18c \uacf5\uae09\uc6d0\uc73c\ub85c \ud654\uc7a5\ud488\uc5d0 \uc0ac\uc6a9\ub418\ub294 \ud654\ud559 \ubc0f \ud654\uc7a5\ud488 \uc6d0\ub8cc\uc785\ub2c8\ub2e4.\",\"breadcrumb\":{\"@id\":\"https:\\\/\\\/naturalpoland.com\\\/ko\\\/je-pum\\\/hwa-jang-pum-won-ryo\\\/hwa-jang-pum-won-ryo-ko\\\/%ed%99%a9%ec%82%b0%ec%95%94%eb%aa%a8%eb%8a%84\\\/#breadcrumb\"},\"inLanguage\":\"ko-KR\",\"potentialAction\":[{\"@type\":\"ReadAction\",\"target\":[\"https:\\\/\\\/naturalpoland.com\\\/ko\\\/je-pum\\\/hwa-jang-pum-won-ryo\\\/hwa-jang-pum-won-ryo-ko\\\/%ed%99%a9%ec%82%b0%ec%95%94%eb%aa%a8%eb%8a%84\\\/\"]}]},{\"@type\":\"ImageObject\",\"inLanguage\":\"ko-KR\",\"@id\":\"https:\\\/\\\/naturalpoland.com\\\/ko\\\/je-pum\\\/hwa-jang-pum-won-ryo\\\/hwa-jang-pum-won-ryo-ko\\\/%ed%99%a9%ec%82%b0%ec%95%94%eb%aa%a8%eb%8a%84\\\/#primaryimage\",\"url\":\"https:\\\/\\\/naturalpoland.com\\\/wp-content\\\/uploads\\\/siarczan-amonu.webp\",\"contentUrl\":\"https:\\\/\\\/naturalpoland.com\\\/wp-content\\\/uploads\\\/siarczan-amonu.webp\",\"width\":1024,\"height\":1024,\"caption\":\"\ud669\uc0b0\uc554\ubaa8\ub284\"},{\"@type\":\"BreadcrumbList\",\"@id\":\"https:\\\/\\\/naturalpoland.com\\\/ko\\\/je-pum\\\/hwa-jang-pum-won-ryo\\\/hwa-jang-pum-won-ryo-ko\\\/%ed%99%a9%ec%82%b0%ec%95%94%eb%aa%a8%eb%8a%84\\\/#breadcrumb\",\"itemListElement\":[{\"@type\":\"ListItem\",\"position\":1,\"name\":\"\ud648\",\"item\":\"https:\\\/\\\/naturalpoland.com\\\/ko\\\/\"},{\"@type\":\"ListItem\",\"position\":2,\"name\":\"\uc81c\ud488\",\"item\":\"https:\\\/\\\/naturalpoland.com\\\/ko\\\/%ec%a0%9c%ed%92%88\\\/\"},{\"@type\":\"ListItem\",\"position\":3,\"name\":\"\ud669\uc0b0\uc554\ubaa8\ub284\"}]},{\"@type\":\"WebSite\",\"@id\":\"https:\\\/\\\/naturalpoland.com\\\/ko\\\/#website\",\"url\":\"https:\\\/\\\/naturalpoland.com\\\/ko\\\/\",\"name\":\"NATURAL POLAND - Hurtowy Dystrybutor Surowc\u00f3w\",\"description\":\"Surowce dla przemys\u0142u spo\u017cywczego, kosmetycznego i farmaceutycznego\",\"publisher\":{\"@id\":\"https:\\\/\\\/naturalpoland.com\\\/ko\\\/#organization\"},\"potentialAction\":[{\"@type\":\"SearchAction\",\"target\":{\"@type\":\"EntryPoint\",\"urlTemplate\":\"https:\\\/\\\/naturalpoland.com\\\/ko\\\/?s={search_term_string}\"},\"query-input\":{\"@type\":\"PropertyValueSpecification\",\"valueRequired\":true,\"valueName\":\"search_term_string\"}}],\"inLanguage\":\"ko-KR\"},{\"@type\":\"Organization\",\"@id\":\"https:\\\/\\\/naturalpoland.com\\\/ko\\\/#organization\",\"name\":\"Natural Poland\",\"url\":\"https:\\\/\\\/naturalpoland.com\\\/ko\\\/\",\"logo\":{\"@type\":\"ImageObject\",\"inLanguage\":\"ko-KR\",\"@id\":\"https:\\\/\\\/naturalpoland.com\\\/ko\\\/#\\\/schema\\\/logo\\\/image\\\/\",\"url\":\"https:\\\/\\\/naturalpoland.com\\\/wp-content\\\/uploads\\\/2021\\\/05\\\/natural-poland-icon.png\",\"contentUrl\":\"https:\\\/\\\/naturalpoland.com\\\/wp-content\\\/uploads\\\/2021\\\/05\\\/natural-poland-icon.png\",\"width\":512,\"height\":512,\"caption\":\"Natural Poland\"},\"image\":{\"@id\":\"https:\\\/\\\/naturalpoland.com\\\/ko\\\/#\\\/schema\\\/logo\\\/image\\\/\"},\"sameAs\":[\"https:\\\/\\\/www.facebook.com\\\/naturalpoland.b2b\",\"https:\\\/\\\/pl.linkedin.com\\\/company\\\/natural-poland\",\"https:\\\/\\\/www.youtube.com\\\/channel\\\/UCgeGGkvOMahZo-xu_MSEWxg\"]}]}<\/script>\n<!-- \/ Yoast SEO plugin. -->","yoast_head_json":{"title":"\ud669\uc0b0\uc554\ubaa8\ub284 - Hurtowy Dystrybutor","description":"\ud669\uc0b0\uc554\ubaa8\ub284 (Ammonium Sulfate)\uc740 pH \uc870\uc808\uc81c, \uc548\uc815\uc81c \ubc0f \uc9c8\uc18c \uacf5\uae09\uc6d0\uc73c\ub85c \ud654\uc7a5\ud488\uc5d0 \uc0ac\uc6a9\ub418\ub294 \ud654\ud559 \ubc0f \ud654\uc7a5\ud488 \uc6d0\ub8cc\uc785\ub2c8\ub2e4.","robots":{"index":"index","follow":"follow","max-snippet":"max-snippet:-1","max-image-preview":"max-image-preview:large","max-video-preview":"max-video-preview:-1"},"canonical":"https:\/\/naturalpoland.com\/ko\/je-pum\/hwa-jang-pum-won-ryo\/hwa-jang-pum-won-ryo-ko\/%ed%99%a9%ec%82%b0%ec%95%94%eb%aa%a8%eb%8a%84\/","og_locale":"ko_KR","og_type":"article","og_title":"\ud669\uc0b0\uc554\ubaa8\ub284 - Hurtowy Dystrybutor","og_description":"\ud669\uc0b0\uc554\ubaa8\ub284 (Ammonium Sulfate)\uc740 pH \uc870\uc808\uc81c, \uc548\uc815\uc81c \ubc0f \uc9c8\uc18c \uacf5\uae09\uc6d0\uc73c\ub85c \ud654\uc7a5\ud488\uc5d0 \uc0ac\uc6a9\ub418\ub294 \ud654\ud559 \ubc0f \ud654\uc7a5\ud488 \uc6d0\ub8cc\uc785\ub2c8\ub2e4.","og_url":"https:\/\/naturalpoland.com\/ko\/je-pum\/hwa-jang-pum-won-ryo\/hwa-jang-pum-won-ryo-ko\/%ed%99%a9%ec%82%b0%ec%95%94%eb%aa%a8%eb%8a%84\/","og_site_name":"NATURAL POLAND - Hurtowy Dystrybutor Surowc\u00f3w","article_publisher":"https:\/\/www.facebook.com\/naturalpoland.b2b","article_modified_time":"2025-10-22T08:06:32+00:00","og_image":[{"width":1024,"height":1024,"url":"https:\/\/naturalpoland.com\/wp-content\/uploads\/siarczan-amonu.webp","type":"image\/webp"}],"schema":{"@context":"https:\/\/schema.org","@graph":[{"@type":"WebPage","@id":"https:\/\/naturalpoland.com\/ko\/je-pum\/hwa-jang-pum-won-ryo\/hwa-jang-pum-won-ryo-ko\/%ed%99%a9%ec%82%b0%ec%95%94%eb%aa%a8%eb%8a%84\/","url":"https:\/\/naturalpoland.com\/ko\/je-pum\/hwa-jang-pum-won-ryo\/hwa-jang-pum-won-ryo-ko\/%ed%99%a9%ec%82%b0%ec%95%94%eb%aa%a8%eb%8a%84\/","name":"\ud669\uc0b0\uc554\ubaa8\ub284 - Hurtowy Dystrybutor","isPartOf":{"@id":"https:\/\/naturalpoland.com\/ko\/#website"},"primaryImageOfPage":{"@id":"https:\/\/naturalpoland.com\/ko\/je-pum\/hwa-jang-pum-won-ryo\/hwa-jang-pum-won-ryo-ko\/%ed%99%a9%ec%82%b0%ec%95%94%eb%aa%a8%eb%8a%84\/#primaryimage"},"image":{"@id":"https:\/\/naturalpoland.com\/ko\/je-pum\/hwa-jang-pum-won-ryo\/hwa-jang-pum-won-ryo-ko\/%ed%99%a9%ec%82%b0%ec%95%94%eb%aa%a8%eb%8a%84\/#primaryimage"},"thumbnailUrl":"https:\/\/naturalpoland.com\/wp-content\/uploads\/siarczan-amonu.webp","datePublished":"2025-10-06T12:30:36+00:00","dateModified":"2025-10-22T08:06:32+00:00","description":"\ud669\uc0b0\uc554\ubaa8\ub284 (Ammonium Sulfate)\uc740 pH \uc870\uc808\uc81c, \uc548\uc815\uc81c \ubc0f \uc9c8\uc18c \uacf5\uae09\uc6d0\uc73c\ub85c \ud654\uc7a5\ud488\uc5d0 \uc0ac\uc6a9\ub418\ub294 \ud654\ud559 \ubc0f \ud654\uc7a5\ud488 \uc6d0\ub8cc\uc785\ub2c8\ub2e4.","breadcrumb":{"@id":"https:\/\/naturalpoland.com\/ko\/je-pum\/hwa-jang-pum-won-ryo\/hwa-jang-pum-won-ryo-ko\/%ed%99%a9%ec%82%b0%ec%95%94%eb%aa%a8%eb%8a%84\/#breadcrumb"},"inLanguage":"ko-KR","potentialAction":[{"@type":"ReadAction","target":["https:\/\/naturalpoland.com\/ko\/je-pum\/hwa-jang-pum-won-ryo\/hwa-jang-pum-won-ryo-ko\/%ed%99%a9%ec%82%b0%ec%95%94%eb%aa%a8%eb%8a%84\/"]}]},{"@type":"ImageObject","inLanguage":"ko-KR","@id":"https:\/\/naturalpoland.com\/ko\/je-pum\/hwa-jang-pum-won-ryo\/hwa-jang-pum-won-ryo-ko\/%ed%99%a9%ec%82%b0%ec%95%94%eb%aa%a8%eb%8a%84\/#primaryimage","url":"https:\/\/naturalpoland.com\/wp-content\/uploads\/siarczan-amonu.webp","contentUrl":"https:\/\/naturalpoland.com\/wp-content\/uploads\/siarczan-amonu.webp","width":1024,"height":1024,"caption":"\ud669\uc0b0\uc554\ubaa8\ub284"},{"@type":"BreadcrumbList","@id":"https:\/\/naturalpoland.com\/ko\/je-pum\/hwa-jang-pum-won-ryo\/hwa-jang-pum-won-ryo-ko\/%ed%99%a9%ec%82%b0%ec%95%94%eb%aa%a8%eb%8a%84\/#breadcrumb","itemListElement":[{"@type":"ListItem","position":1,"name":"\ud648","item":"https:\/\/naturalpoland.com\/ko\/"},{"@type":"ListItem","position":2,"name":"\uc81c\ud488","item":"https:\/\/naturalpoland.com\/ko\/%ec%a0%9c%ed%92%88\/"},{"@type":"ListItem","position":3,"name":"\ud669\uc0b0\uc554\ubaa8\ub284"}]},{"@type":"WebSite","@id":"https:\/\/naturalpoland.com\/ko\/#website","url":"https:\/\/naturalpoland.com\/ko\/","name":"NATURAL POLAND - Hurtowy Dystrybutor Surowc\u00f3w","description":"Surowce dla przemys\u0142u spo\u017cywczego, kosmetycznego i farmaceutycznego","publisher":{"@id":"https:\/\/naturalpoland.com\/ko\/#organization"},"potentialAction":[{"@type":"SearchAction","target":{"@type":"EntryPoint","urlTemplate":"https:\/\/naturalpoland.com\/ko\/?s={search_term_string}"},"query-input":{"@type":"PropertyValueSpecification","valueRequired":true,"valueName":"search_term_string"}}],"inLanguage":"ko-KR"},{"@type":"Organization","@id":"https:\/\/naturalpoland.com\/ko\/#organization","name":"Natural Poland","url":"https:\/\/naturalpoland.com\/ko\/","logo":{"@type":"ImageObject","inLanguage":"ko-KR","@id":"https:\/\/naturalpoland.com\/ko\/#\/schema\/logo\/image\/","url":"https:\/\/naturalpoland.com\/wp-content\/uploads\/2021\/05\/natural-poland-icon.png","contentUrl":"https:\/\/naturalpoland.com\/wp-content\/uploads\/2021\/05\/natural-poland-icon.png","width":512,"height":512,"caption":"Natural Poland"},"image":{"@id":"https:\/\/naturalpoland.com\/ko\/#\/schema\/logo\/image\/"},"sameAs":["https:\/\/www.facebook.com\/naturalpoland.b2b","https:\/\/pl.linkedin.com\/company\/natural-poland","https:\/\/www.youtube.com\/channel\/UCgeGGkvOMahZo-xu_MSEWxg"]}]}},"_links":{"self":[{"href":"https:\/\/naturalpoland.com\/ko\/wp-json\/wp\/v2\/product\/43625","targetHints":{"allow":["GET"]}}],"collection":[{"href":"https:\/\/naturalpoland.com\/ko\/wp-json\/wp\/v2\/product"}],"about":[{"href":"https:\/\/naturalpoland.com\/ko\/wp-json\/wp\/v2\/types\/product"}],"wp:featuredmedia":[{"embeddable":true,"href":"https:\/\/naturalpoland.com\/ko\/wp-json\/wp\/v2\/media\/43628"}],"wp:attachment":[{"href":"https:\/\/naturalpoland.com\/ko\/wp-json\/wp\/v2\/media?parent=43625"}],"wp:term":[{"taxonomy":"product_brand","embeddable":true,"href":"https:\/\/naturalpoland.com\/ko\/wp-json\/wp\/v2\/product_brand?post=43625"},{"taxonomy":"product_cat","embeddable":true,"href":"https:\/\/naturalpoland.com\/ko\/wp-json\/wp\/v2\/product_cat?post=43625"},{"taxonomy":"product_tag","embeddable":true,"href":"https:\/\/naturalpoland.com\/ko\/wp-json\/wp\/v2\/product_tag?post=43625"}],"curies":[{"name":"wp","href":"https:\/\/api.w.org\/{rel}","templated":true}]}}