{"id":43645,"date":"2025-10-06T14:42:02","date_gmt":"2025-10-06T12:42:02","guid":{"rendered":"https:\/\/naturalpoland.com\/produkty\/uncategorized\/%ed%99%a9%ec%82%b0-%eb%a7%88%ea%b7%b8%eb%84%a4%ec%8a%98\/"},"modified":"2025-10-22T10:07:01","modified_gmt":"2025-10-22T08:07:01","slug":"%ed%99%a9%ec%82%b0-%eb%a7%88%ea%b7%b8%eb%84%a4%ec%8a%98","status":"publish","type":"product","link":"https:\/\/naturalpoland.com\/ko\/je-pum\/hwa-jang-pum-won-ryo\/hwa-jang-pum-won-ryo-ko\/%ed%99%a9%ec%82%b0-%eb%a7%88%ea%b7%b8%eb%84%a4%ec%8a%98\/","title":{"rendered":"\ud669\uc0b0 \ub9c8\uadf8\ub124\uc298"},"content":{"rendered":"<p>\ud669\uc0b0 \ub9c8\uadf8\ub124\uc298\uc740 \ubcf4\uc2b5, \uc9c4\uc815 \ubc0f \ud574\ub3c5 \ud2b9\uc131 \ub355\ubd84\uc5d0 \uc2a4\ud0a8\ucf00\uc5b4 \ud654\uc7a5\ud488, \uc2a4\ud30c \uc81c\ud488, \uc758\uc57d\ud488 \ubc0f \uae30\uc220 \uc81c\ud615\uc5d0 \ub110\ub9ac \uc0ac\uc6a9\ub429\ub2c8\ub2e4.<\/p>\n<h2>\ud2b9\uc131 \ubc0f \uc791\uc6a9<\/h2>\n<ul>\n<li><strong>\uc7ac\uad11\ud654 \ubc0f \uc601\uc591 \uacf5\uae09<\/strong> \u2013 \ud53c\ubd80 \uc138\ud3ec\uc758 \uc815\uc0c1\uc801\uc778 \uae30\ub2a5\uc5d0 \ud544\uc218\uc801\uc778 \uc694\uc18c\uc778 \ub9c8\uadf8\ub124\uc298\uc744 \uacf5\uae09\ud569\ub2c8\ub2e4.<\/li>\n<li><strong>\uc9c4\uc815 \ubc0f \uc774\uc644<\/strong> \u2013 \uc5e1\uc19c\uc5fc\uc744 \ucca8\uac00\ud55c \ubaa9\uc695\uc740 \uadfc\uc721 \uc7ac\uc0dd\uc744 \ub3d5\uace0 \uae34\uc7a5\uacfc \uc2a4\ud2b8\ub808\uc2a4\ub97c \uc904\uc5ec\uc90d\ub2c8\ub2e4.<\/li>\n<li><strong>\uc815\ud654 \ubc0f \ud574\ub3c5<\/strong> \u2013 \ud53c\ubd80\ub97c \ud1b5\ud55c \ub3c5\uc18c \uc81c\uac70 \uacfc\uc815\uc744 \uc9c0\uc6d0\ud558\uc5ec \ud53c\ubd80 \uc0c1\ud0dc\ub97c \uac1c\uc120\ud569\ub2c8\ub2e4.<\/li>\n<li><strong>\ub9e4\ub044\ub7fd\uac8c \ud558\uace0 \uad00\ub9ac<\/strong> \u2013 \ubbf8\ub124\ub784 \ud544\ub9c1\uc5d0\uc11c \ubbf8\uc138 \uc21c\ud658\uc744 \uac1c\uc120\ud558\uace0 \uc8fd\uc740 \ud53c\ubd80 \uc138\ud3ec\ub97c \uc81c\uac70\ud569\ub2c8\ub2e4.<\/li>\n<li><strong>pH \ubc0f \uc774\uc628 \uc548\uc815\ud654<\/strong> \u2013 \ud654\uc7a5\ud488\uc5d0\uc11c \uc804\ud574\uc9c8 \uade0\ud615 \uc870\uc808\uc81c\ub85c \uc791\uc6a9\ud558\uc5ec \uc81c\ud488\uc758 \uc9c8\uac10\uacfc \uac10\uac01\uc801 \ud2b9\uc131\uc5d0 \uc601\ud5a5\uc744 \ubbf8\uce69\ub2c8\ub2e4.<\/li>\n<\/ul>\n<h2>\ud654\uc7a5\ud488\uc5d0\uc11c\uc758 \uc801\uc6a9<\/h2>\n<p>\ud669\uc0b0 \ub9c8\uadf8\ub124\uc298\uc740 \ub2e4\uc74c \uc81c\ud615\uc5d0 \uc0ac\uc6a9\ub429\ub2c8\ub2e4:<\/p>\n<ul>\n<li>\ubaa9\uc695 \uc18c\uae08 \ubc0f \uc774\uc644 \ubaa9\uc695 \uc81c\ud488,<\/li>\n<li>\ubbf8\ub124\ub784 \ubc0f \ud574\ub3c5 \ud544\ub9c1,<\/li>\n<li>\ubc14\ub514 \ub9c8\uc2a4\ud06c \ubc0f \ub7a9,<\/li>\n<li>\uc7ac\uad11\ud654 \ud06c\ub9bc \ubc0f \uc2a4\ud30c \uc81c\ud488,<\/li>\n<li>\ubc1c \ubc0f \uc190 \uad00\ub9ac \uc81c\ud488,<\/li>\n<li>\ubb38\uc81c\uc131 \ud53c\ubd80\ub97c \uc704\ud55c \ud074\ub80c\uc9d5 \ubc0f \uc9c4\uc815 \ud654\uc7a5\ud488.<\/li>\n<\/ul>\n","protected":false},"excerpt":{"rendered":"<p><strong>\uce60\uc218\ud654 \ud669\uc0b0 \ub9c8\uadf8\ub124\uc298<\/strong>\uc740 \uc5e1\uc19c\uc5fc\uc73c\ub85c\ub3c4 \uc54c\ub824\uc838 \uc788\uc73c\uba70, <strong data-start=\"683\" data-end=\"707\">\ub9c8\uadf8\ub124\uc298 \uc774\uc628 (Mg\u00b2\u207a)<\/strong>\uacfc <strong data-start=\"710\" data-end=\"735\">\ud669\uc0b0 \uc774\uc628 (SO\u2084\u00b2\u207b)<\/strong>\uc758 \uacf5\uae09\uc6d0\uc778 \ucc9c\uc5f0 \ubb34\uae30 \ubbf8\ub124\ub784\uc785\ub2c8\ub2e4. \ubb3c\uc5d0 \uc644\uc804\ud788 \uc6a9\ud574\ub418\uba70 \ub9e4\uc6b0 \ub192\uc740 \uc21c\ub3c4\uc640 \ubb3c\ub9ac\ud654\ud559\uc801 \uc548\uc815\uc131\uc744 \ud2b9\uc9d5\uc73c\ub85c \ud569\ub2c8\ub2e4. <\/p>\n","protected":false},"featured_media":43648,"template":"","meta":{"_acf_changed":false},"product_brand":[],"product_cat":[8160],"product_tag":[],"class_list":{"0":"post-43645","1":"product","2":"type-product","3":"status-publish","4":"has-post-thumbnail","6":"product_cat-hwa-jang-pum-won-ryo-ko","8":"first","9":"instock","10":"shipping-taxable","11":"product-type-simple"},"acf":[],"yoast_head":"<!-- This site is optimized with the Yoast SEO plugin v27.4 - https:\/\/yoast.com\/product\/yoast-seo-wordpress\/ -->\n<title>\ud669\uc0b0 \ub9c8\uadf8\ub124\uc298 - Hurtowy Dystrybutor<\/title>\n<meta name=\"description\" content=\"\uce60\uc218\ud654 \ud669\uc0b0 \ub9c8\uadf8\ub124\uc298 (\ud669\uc0b0 \ub9c8\uadf8\ub124\uc298, \uc5e1\uc19c\uc5fc) \u2013 \uc7ac\uad11\ud654, \uc9c4\uc815 \ubc0f \ud574\ub3c5 \ud6a8\uacfc\uac00 \uc788\ub294 \uc21c\uc218 \ud654\uc7a5\ud488 \uc6d0\ub8cc\uc785\ub2c8\ub2e4.\" \/>\n<meta name=\"robots\" content=\"index, follow, max-snippet:-1, max-image-preview:large, max-video-preview:-1\" \/>\n<link rel=\"canonical\" href=\"https:\/\/naturalpoland.com\/ko\/je-pum\/hwa-jang-pum-won-ryo\/hwa-jang-pum-won-ryo-ko\/%ed%99%a9%ec%82%b0-%eb%a7%88%ea%b7%b8%eb%84%a4%ec%8a%98\/\" \/>\n<meta property=\"og:locale\" content=\"ko_KR\" \/>\n<meta property=\"og:type\" content=\"article\" \/>\n<meta property=\"og:title\" content=\"\ud669\uc0b0 \ub9c8\uadf8\ub124\uc298 - Hurtowy Dystrybutor\" \/>\n<meta property=\"og:description\" content=\"\uce60\uc218\ud654 \ud669\uc0b0 \ub9c8\uadf8\ub124\uc298 (\ud669\uc0b0 \ub9c8\uadf8\ub124\uc298, \uc5e1\uc19c\uc5fc) \u2013 \uc7ac\uad11\ud654, \uc9c4\uc815 \ubc0f \ud574\ub3c5 \ud6a8\uacfc\uac00 \uc788\ub294 \uc21c\uc218 \ud654\uc7a5\ud488 \uc6d0\ub8cc\uc785\ub2c8\ub2e4.\" \/>\n<meta property=\"og:url\" content=\"https:\/\/naturalpoland.com\/ko\/je-pum\/hwa-jang-pum-won-ryo\/hwa-jang-pum-won-ryo-ko\/%ed%99%a9%ec%82%b0-%eb%a7%88%ea%b7%b8%eb%84%a4%ec%8a%98\/\" \/>\n<meta property=\"og:site_name\" content=\"NATURAL POLAND - Hurtowy Dystrybutor Surowc\u00f3w\" \/>\n<meta property=\"article:publisher\" content=\"https:\/\/www.facebook.com\/naturalpoland.b2b\" \/>\n<meta property=\"article:modified_time\" content=\"2025-10-22T08:07:01+00:00\" \/>\n<meta property=\"og:image\" content=\"https:\/\/naturalpoland.com\/wp-content\/uploads\/siarczan-magnezu.webp\" \/>\n\t<meta property=\"og:image:width\" content=\"350\" \/>\n\t<meta property=\"og:image:height\" content=\"350\" \/>\n\t<meta property=\"og:image:type\" content=\"image\/webp\" \/>\n<script type=\"application\/ld+json\" class=\"yoast-schema-graph\">{\"@context\":\"https:\\\/\\\/schema.org\",\"@graph\":[{\"@type\":\"WebPage\",\"@id\":\"https:\\\/\\\/naturalpoland.com\\\/ko\\\/je-pum\\\/hwa-jang-pum-won-ryo\\\/hwa-jang-pum-won-ryo-ko\\\/%ed%99%a9%ec%82%b0-%eb%a7%88%ea%b7%b8%eb%84%a4%ec%8a%98\\\/\",\"url\":\"https:\\\/\\\/naturalpoland.com\\\/ko\\\/je-pum\\\/hwa-jang-pum-won-ryo\\\/hwa-jang-pum-won-ryo-ko\\\/%ed%99%a9%ec%82%b0-%eb%a7%88%ea%b7%b8%eb%84%a4%ec%8a%98\\\/\",\"name\":\"\ud669\uc0b0 \ub9c8\uadf8\ub124\uc298 - Hurtowy Dystrybutor\",\"isPartOf\":{\"@id\":\"https:\\\/\\\/naturalpoland.com\\\/ko\\\/#website\"},\"primaryImageOfPage\":{\"@id\":\"https:\\\/\\\/naturalpoland.com\\\/ko\\\/je-pum\\\/hwa-jang-pum-won-ryo\\\/hwa-jang-pum-won-ryo-ko\\\/%ed%99%a9%ec%82%b0-%eb%a7%88%ea%b7%b8%eb%84%a4%ec%8a%98\\\/#primaryimage\"},\"image\":{\"@id\":\"https:\\\/\\\/naturalpoland.com\\\/ko\\\/je-pum\\\/hwa-jang-pum-won-ryo\\\/hwa-jang-pum-won-ryo-ko\\\/%ed%99%a9%ec%82%b0-%eb%a7%88%ea%b7%b8%eb%84%a4%ec%8a%98\\\/#primaryimage\"},\"thumbnailUrl\":\"https:\\\/\\\/naturalpoland.com\\\/wp-content\\\/uploads\\\/siarczan-magnezu.webp\",\"datePublished\":\"2025-10-06T12:42:02+00:00\",\"dateModified\":\"2025-10-22T08:07:01+00:00\",\"description\":\"\uce60\uc218\ud654 \ud669\uc0b0 \ub9c8\uadf8\ub124\uc298 (\ud669\uc0b0 \ub9c8\uadf8\ub124\uc298, \uc5e1\uc19c\uc5fc) \u2013 \uc7ac\uad11\ud654, \uc9c4\uc815 \ubc0f \ud574\ub3c5 \ud6a8\uacfc\uac00 \uc788\ub294 \uc21c\uc218 \ud654\uc7a5\ud488 \uc6d0\ub8cc\uc785\ub2c8\ub2e4.\",\"breadcrumb\":{\"@id\":\"https:\\\/\\\/naturalpoland.com\\\/ko\\\/je-pum\\\/hwa-jang-pum-won-ryo\\\/hwa-jang-pum-won-ryo-ko\\\/%ed%99%a9%ec%82%b0-%eb%a7%88%ea%b7%b8%eb%84%a4%ec%8a%98\\\/#breadcrumb\"},\"inLanguage\":\"ko-KR\",\"potentialAction\":[{\"@type\":\"ReadAction\",\"target\":[\"https:\\\/\\\/naturalpoland.com\\\/ko\\\/je-pum\\\/hwa-jang-pum-won-ryo\\\/hwa-jang-pum-won-ryo-ko\\\/%ed%99%a9%ec%82%b0-%eb%a7%88%ea%b7%b8%eb%84%a4%ec%8a%98\\\/\"]}]},{\"@type\":\"ImageObject\",\"inLanguage\":\"ko-KR\",\"@id\":\"https:\\\/\\\/naturalpoland.com\\\/ko\\\/je-pum\\\/hwa-jang-pum-won-ryo\\\/hwa-jang-pum-won-ryo-ko\\\/%ed%99%a9%ec%82%b0-%eb%a7%88%ea%b7%b8%eb%84%a4%ec%8a%98\\\/#primaryimage\",\"url\":\"https:\\\/\\\/naturalpoland.com\\\/wp-content\\\/uploads\\\/siarczan-magnezu.webp\",\"contentUrl\":\"https:\\\/\\\/naturalpoland.com\\\/wp-content\\\/uploads\\\/siarczan-magnezu.webp\",\"width\":350,\"height\":350,\"caption\":\"\ud669\uc0b0 \ub9c8\uadf8\ub124\uc298\"},{\"@type\":\"BreadcrumbList\",\"@id\":\"https:\\\/\\\/naturalpoland.com\\\/ko\\\/je-pum\\\/hwa-jang-pum-won-ryo\\\/hwa-jang-pum-won-ryo-ko\\\/%ed%99%a9%ec%82%b0-%eb%a7%88%ea%b7%b8%eb%84%a4%ec%8a%98\\\/#breadcrumb\",\"itemListElement\":[{\"@type\":\"ListItem\",\"position\":1,\"name\":\"\ud648\",\"item\":\"https:\\\/\\\/naturalpoland.com\\\/ko\\\/\"},{\"@type\":\"ListItem\",\"position\":2,\"name\":\"\uc81c\ud488\",\"item\":\"https:\\\/\\\/naturalpoland.com\\\/ko\\\/%ec%a0%9c%ed%92%88\\\/\"},{\"@type\":\"ListItem\",\"position\":3,\"name\":\"\ud669\uc0b0 \ub9c8\uadf8\ub124\uc298\"}]},{\"@type\":\"WebSite\",\"@id\":\"https:\\\/\\\/naturalpoland.com\\\/ko\\\/#website\",\"url\":\"https:\\\/\\\/naturalpoland.com\\\/ko\\\/\",\"name\":\"NATURAL POLAND - Hurtowy Dystrybutor Surowc\u00f3w\",\"description\":\"Surowce dla przemys\u0142u spo\u017cywczego, kosmetycznego i farmaceutycznego\",\"publisher\":{\"@id\":\"https:\\\/\\\/naturalpoland.com\\\/ko\\\/#organization\"},\"potentialAction\":[{\"@type\":\"SearchAction\",\"target\":{\"@type\":\"EntryPoint\",\"urlTemplate\":\"https:\\\/\\\/naturalpoland.com\\\/ko\\\/?s={search_term_string}\"},\"query-input\":{\"@type\":\"PropertyValueSpecification\",\"valueRequired\":true,\"valueName\":\"search_term_string\"}}],\"inLanguage\":\"ko-KR\"},{\"@type\":\"Organization\",\"@id\":\"https:\\\/\\\/naturalpoland.com\\\/ko\\\/#organization\",\"name\":\"Natural Poland\",\"url\":\"https:\\\/\\\/naturalpoland.com\\\/ko\\\/\",\"logo\":{\"@type\":\"ImageObject\",\"inLanguage\":\"ko-KR\",\"@id\":\"https:\\\/\\\/naturalpoland.com\\\/ko\\\/#\\\/schema\\\/logo\\\/image\\\/\",\"url\":\"https:\\\/\\\/naturalpoland.com\\\/wp-content\\\/uploads\\\/2021\\\/05\\\/natural-poland-icon.png\",\"contentUrl\":\"https:\\\/\\\/naturalpoland.com\\\/wp-content\\\/uploads\\\/2021\\\/05\\\/natural-poland-icon.png\",\"width\":512,\"height\":512,\"caption\":\"Natural Poland\"},\"image\":{\"@id\":\"https:\\\/\\\/naturalpoland.com\\\/ko\\\/#\\\/schema\\\/logo\\\/image\\\/\"},\"sameAs\":[\"https:\\\/\\\/www.facebook.com\\\/naturalpoland.b2b\",\"https:\\\/\\\/pl.linkedin.com\\\/company\\\/natural-poland\",\"https:\\\/\\\/www.youtube.com\\\/channel\\\/UCgeGGkvOMahZo-xu_MSEWxg\"]}]}<\/script>\n<!-- \/ Yoast SEO plugin. -->","yoast_head_json":{"title":"\ud669\uc0b0 \ub9c8\uadf8\ub124\uc298 - Hurtowy Dystrybutor","description":"\uce60\uc218\ud654 \ud669\uc0b0 \ub9c8\uadf8\ub124\uc298 (\ud669\uc0b0 \ub9c8\uadf8\ub124\uc298, \uc5e1\uc19c\uc5fc) \u2013 \uc7ac\uad11\ud654, \uc9c4\uc815 \ubc0f \ud574\ub3c5 \ud6a8\uacfc\uac00 \uc788\ub294 \uc21c\uc218 \ud654\uc7a5\ud488 \uc6d0\ub8cc\uc785\ub2c8\ub2e4.","robots":{"index":"index","follow":"follow","max-snippet":"max-snippet:-1","max-image-preview":"max-image-preview:large","max-video-preview":"max-video-preview:-1"},"canonical":"https:\/\/naturalpoland.com\/ko\/je-pum\/hwa-jang-pum-won-ryo\/hwa-jang-pum-won-ryo-ko\/%ed%99%a9%ec%82%b0-%eb%a7%88%ea%b7%b8%eb%84%a4%ec%8a%98\/","og_locale":"ko_KR","og_type":"article","og_title":"\ud669\uc0b0 \ub9c8\uadf8\ub124\uc298 - Hurtowy Dystrybutor","og_description":"\uce60\uc218\ud654 \ud669\uc0b0 \ub9c8\uadf8\ub124\uc298 (\ud669\uc0b0 \ub9c8\uadf8\ub124\uc298, \uc5e1\uc19c\uc5fc) \u2013 \uc7ac\uad11\ud654, \uc9c4\uc815 \ubc0f \ud574\ub3c5 \ud6a8\uacfc\uac00 \uc788\ub294 \uc21c\uc218 \ud654\uc7a5\ud488 \uc6d0\ub8cc\uc785\ub2c8\ub2e4.","og_url":"https:\/\/naturalpoland.com\/ko\/je-pum\/hwa-jang-pum-won-ryo\/hwa-jang-pum-won-ryo-ko\/%ed%99%a9%ec%82%b0-%eb%a7%88%ea%b7%b8%eb%84%a4%ec%8a%98\/","og_site_name":"NATURAL POLAND - Hurtowy Dystrybutor Surowc\u00f3w","article_publisher":"https:\/\/www.facebook.com\/naturalpoland.b2b","article_modified_time":"2025-10-22T08:07:01+00:00","og_image":[{"width":350,"height":350,"url":"https:\/\/naturalpoland.com\/wp-content\/uploads\/siarczan-magnezu.webp","type":"image\/webp"}],"schema":{"@context":"https:\/\/schema.org","@graph":[{"@type":"WebPage","@id":"https:\/\/naturalpoland.com\/ko\/je-pum\/hwa-jang-pum-won-ryo\/hwa-jang-pum-won-ryo-ko\/%ed%99%a9%ec%82%b0-%eb%a7%88%ea%b7%b8%eb%84%a4%ec%8a%98\/","url":"https:\/\/naturalpoland.com\/ko\/je-pum\/hwa-jang-pum-won-ryo\/hwa-jang-pum-won-ryo-ko\/%ed%99%a9%ec%82%b0-%eb%a7%88%ea%b7%b8%eb%84%a4%ec%8a%98\/","name":"\ud669\uc0b0 \ub9c8\uadf8\ub124\uc298 - Hurtowy Dystrybutor","isPartOf":{"@id":"https:\/\/naturalpoland.com\/ko\/#website"},"primaryImageOfPage":{"@id":"https:\/\/naturalpoland.com\/ko\/je-pum\/hwa-jang-pum-won-ryo\/hwa-jang-pum-won-ryo-ko\/%ed%99%a9%ec%82%b0-%eb%a7%88%ea%b7%b8%eb%84%a4%ec%8a%98\/#primaryimage"},"image":{"@id":"https:\/\/naturalpoland.com\/ko\/je-pum\/hwa-jang-pum-won-ryo\/hwa-jang-pum-won-ryo-ko\/%ed%99%a9%ec%82%b0-%eb%a7%88%ea%b7%b8%eb%84%a4%ec%8a%98\/#primaryimage"},"thumbnailUrl":"https:\/\/naturalpoland.com\/wp-content\/uploads\/siarczan-magnezu.webp","datePublished":"2025-10-06T12:42:02+00:00","dateModified":"2025-10-22T08:07:01+00:00","description":"\uce60\uc218\ud654 \ud669\uc0b0 \ub9c8\uadf8\ub124\uc298 (\ud669\uc0b0 \ub9c8\uadf8\ub124\uc298, \uc5e1\uc19c\uc5fc) \u2013 \uc7ac\uad11\ud654, \uc9c4\uc815 \ubc0f \ud574\ub3c5 \ud6a8\uacfc\uac00 \uc788\ub294 \uc21c\uc218 \ud654\uc7a5\ud488 \uc6d0\ub8cc\uc785\ub2c8\ub2e4.","breadcrumb":{"@id":"https:\/\/naturalpoland.com\/ko\/je-pum\/hwa-jang-pum-won-ryo\/hwa-jang-pum-won-ryo-ko\/%ed%99%a9%ec%82%b0-%eb%a7%88%ea%b7%b8%eb%84%a4%ec%8a%98\/#breadcrumb"},"inLanguage":"ko-KR","potentialAction":[{"@type":"ReadAction","target":["https:\/\/naturalpoland.com\/ko\/je-pum\/hwa-jang-pum-won-ryo\/hwa-jang-pum-won-ryo-ko\/%ed%99%a9%ec%82%b0-%eb%a7%88%ea%b7%b8%eb%84%a4%ec%8a%98\/"]}]},{"@type":"ImageObject","inLanguage":"ko-KR","@id":"https:\/\/naturalpoland.com\/ko\/je-pum\/hwa-jang-pum-won-ryo\/hwa-jang-pum-won-ryo-ko\/%ed%99%a9%ec%82%b0-%eb%a7%88%ea%b7%b8%eb%84%a4%ec%8a%98\/#primaryimage","url":"https:\/\/naturalpoland.com\/wp-content\/uploads\/siarczan-magnezu.webp","contentUrl":"https:\/\/naturalpoland.com\/wp-content\/uploads\/siarczan-magnezu.webp","width":350,"height":350,"caption":"\ud669\uc0b0 \ub9c8\uadf8\ub124\uc298"},{"@type":"BreadcrumbList","@id":"https:\/\/naturalpoland.com\/ko\/je-pum\/hwa-jang-pum-won-ryo\/hwa-jang-pum-won-ryo-ko\/%ed%99%a9%ec%82%b0-%eb%a7%88%ea%b7%b8%eb%84%a4%ec%8a%98\/#breadcrumb","itemListElement":[{"@type":"ListItem","position":1,"name":"\ud648","item":"https:\/\/naturalpoland.com\/ko\/"},{"@type":"ListItem","position":2,"name":"\uc81c\ud488","item":"https:\/\/naturalpoland.com\/ko\/%ec%a0%9c%ed%92%88\/"},{"@type":"ListItem","position":3,"name":"\ud669\uc0b0 \ub9c8\uadf8\ub124\uc298"}]},{"@type":"WebSite","@id":"https:\/\/naturalpoland.com\/ko\/#website","url":"https:\/\/naturalpoland.com\/ko\/","name":"NATURAL POLAND - Hurtowy Dystrybutor Surowc\u00f3w","description":"Surowce dla przemys\u0142u spo\u017cywczego, kosmetycznego i farmaceutycznego","publisher":{"@id":"https:\/\/naturalpoland.com\/ko\/#organization"},"potentialAction":[{"@type":"SearchAction","target":{"@type":"EntryPoint","urlTemplate":"https:\/\/naturalpoland.com\/ko\/?s={search_term_string}"},"query-input":{"@type":"PropertyValueSpecification","valueRequired":true,"valueName":"search_term_string"}}],"inLanguage":"ko-KR"},{"@type":"Organization","@id":"https:\/\/naturalpoland.com\/ko\/#organization","name":"Natural Poland","url":"https:\/\/naturalpoland.com\/ko\/","logo":{"@type":"ImageObject","inLanguage":"ko-KR","@id":"https:\/\/naturalpoland.com\/ko\/#\/schema\/logo\/image\/","url":"https:\/\/naturalpoland.com\/wp-content\/uploads\/2021\/05\/natural-poland-icon.png","contentUrl":"https:\/\/naturalpoland.com\/wp-content\/uploads\/2021\/05\/natural-poland-icon.png","width":512,"height":512,"caption":"Natural Poland"},"image":{"@id":"https:\/\/naturalpoland.com\/ko\/#\/schema\/logo\/image\/"},"sameAs":["https:\/\/www.facebook.com\/naturalpoland.b2b","https:\/\/pl.linkedin.com\/company\/natural-poland","https:\/\/www.youtube.com\/channel\/UCgeGGkvOMahZo-xu_MSEWxg"]}]}},"_links":{"self":[{"href":"https:\/\/naturalpoland.com\/ko\/wp-json\/wp\/v2\/product\/43645","targetHints":{"allow":["GET"]}}],"collection":[{"href":"https:\/\/naturalpoland.com\/ko\/wp-json\/wp\/v2\/product"}],"about":[{"href":"https:\/\/naturalpoland.com\/ko\/wp-json\/wp\/v2\/types\/product"}],"wp:featuredmedia":[{"embeddable":true,"href":"https:\/\/naturalpoland.com\/ko\/wp-json\/wp\/v2\/media\/43648"}],"wp:attachment":[{"href":"https:\/\/naturalpoland.com\/ko\/wp-json\/wp\/v2\/media?parent=43645"}],"wp:term":[{"taxonomy":"product_brand","embeddable":true,"href":"https:\/\/naturalpoland.com\/ko\/wp-json\/wp\/v2\/product_brand?post=43645"},{"taxonomy":"product_cat","embeddable":true,"href":"https:\/\/naturalpoland.com\/ko\/wp-json\/wp\/v2\/product_cat?post=43645"},{"taxonomy":"product_tag","embeddable":true,"href":"https:\/\/naturalpoland.com\/ko\/wp-json\/wp\/v2\/product_tag?post=43645"}],"curies":[{"name":"wp","href":"https:\/\/api.w.org\/{rel}","templated":true}]}}