{"id":43662,"date":"2022-01-13T14:59:16","date_gmt":"2022-01-13T13:59:16","guid":{"rendered":"https:\/\/naturalpoland.com\/produkty\/uncategorized\/%ec%82%ac%ed%95%b4-%ec%86%8c%ea%b8%88\/"},"modified":"2025-10-22T10:30:51","modified_gmt":"2025-10-22T08:30:51","slug":"%ec%82%ac%ed%95%b4-%ec%86%8c%ea%b8%88","status":"publish","type":"product","link":"https:\/\/naturalpoland.com\/ko\/je-pum\/hwa-jang-pum-won-ryo\/hwa-jang-pum-won-ryo-ko\/%ec%82%ac%ed%95%b4-%ec%86%8c%ea%b8%88\/","title":{"rendered":"\uc0ac\ud574 \uc18c\uae08"},"content":{"rendered":"<h2>\uc0ac\ud574 \uc18c\uae08\uc758 \ud2b9\uc131 \ubc0f \ud65c\uc6a9:<\/h2>\n<ol>\n<li>\uc18c\uae08\uc5d0 \ud568\uc720\ub41c \ubbf8\ub124\ub784\uc740 <strong>\ud53c\ubd80\uc5d0 \uce58\ub8cc \ud6a8\uacfc\ub97c \uc81c\uacf5\ud569\ub2c8\ub2e4<\/strong>. \ud53c\ubd80 \uc7ac\uc0dd\uacfc \ubcf4\uc2b5\uc744 \ucd09\uc9c4\ud558\uace0, \uac74\uc870\ud568\uacfc \ubd89\uc740 \uae30 \uc99d\uc0c1\uc744 \uc644\ud654\ud558\uba70, \uc7ac\uc0dd \uacfc\uc815\uc744 \uc9c0\uc6d0\ud569\ub2c8\ub2e4. \uc18c\uae08 \ubaa9\uc695\uc740 \uc5fc\uc99d\uc744 \uc904\uc774\uace0 \uac74\uc120 \ubc0f \uc2b5\uc9c4 \uce58\ub8cc\uc5d0 \ub3c4\uc6c0\uc744 \uc90d\ub2c8\ub2e4.  <\/li>\n<li><strong>\uc18c\uae08 \ubaa9\uc695\uc740 \ud734\uc2dd\uc744 \ub3d5\uace0<\/strong>, \uadfc\uc721\ud1b5, \ub958\uba38\ud2f0\uc998, \ubd80\uc885 \uc644\ud654\uc5d0 \ub3c4\uc6c0\uc744 \uc90d\ub2c8\ub2e4. \uc695\uc870\uc5d0 \uc18c\uae08\uc744 \ub179\uc774\uba74 \ubbf8\ub124\ub784\uc774 \ud48d\ubd80\ud55c \uc6a9\uc561\uc774 \uc0dd\uc131\ub418\uc5b4 \ubab8\uc744 \uc774\uc644\uc2dc\ud0a4\uace0 \ud608\uc555\uc744 \ub0ae\ucd94\uba70, \uc2e0\uccb4 \ud65c\ub3d9 \ud6c4 \ud68c\ubcf5\uc744 \uc9c0\uc6d0\ud569\ub2c8\ub2e4. <\/li>\n<li>\uc0ac\ud574 \uc18c\uae08\uc740 <strong>\ubaa8\ubc1c \uad00\ub9ac \uc2dc<\/strong> \ub450\ud53c\uc758 \uacfc\ub3c4\ud55c \uc720\ubd84\uae30\ub97c \uc904\uc774\uace0, \uc8fd\uc740 \uac01\uc9c8\uacfc \ubd88\uc21c\ubb3c \uc81c\uac70\ub97c \ub3c4\uc6b0\uba70, \ubaa8\uadfc\uc744 \uac15\ud654\ud569\ub2c8\ub2e4.<\/li>\n<li>\uc774 \uc18c\uae08\uc740 \ucc9c\uc5f0 <strong>\uc5bc\uad74 \ubc0f \ubc14\ub514 \uc2a4\ud06c\ub7fd<\/strong>\uc73c\ub85c \uc0ac\uc6a9\ub420 \uc218 \uc788\uc2b5\ub2c8\ub2e4. \uc8fd\uc740 \uac01\uc9c8 \uc138\ud3ec\ub97c \uc81c\uac70\ud558\uace0, \ubaa8\uacf5\uc744 \ub9c9\ud78c \uac83\uc744 \ub6ab\uc5b4\uc8fc\uba70, \ud53c\ubd80\uc5d0 \ub9e4\ub044\ub7ec\uc6c0\uacfc \uad11\ucc44\ub97c \ubd80\uc5ec\ud558\ub294 \ub370 \ub3c4\uc6c0\uc744 \uc90d\ub2c8\ub2e4. <\/li>\n<li>\uc18c\uae08\uc744 \ucca8\uac00\ud55c <strong>\ubc1c \ub2f4\uadf8\uae30\ub294<\/strong> \ud56d\uade0, \uc0b4\uade0 \uc791\uc6a9\uc744 \ud558\uba70 \uc190\ud1b1\uc744 \uac15\ud654\ud569\ub2c8\ub2e4. \ub610\ud55c, \uc774\ub7ec\ud55c \ubaa9\uc695\uc740 \uc9c0\uce5c \ubc1c\uc5d0 \ud3b8\uc548\ud568\uc744 \uc81c\uacf5\ud569\ub2c8\ub2e4. <\/li>\n<\/ol>\n<p>\ucc9c\uc5f0 \uc0ac\ud574 \uc18c\uae08\uc740 53%\uc758 \uc5fc\ud654\ub9c8\uadf8\ub124\uc298\uacfc 37%\uc758 \uc5fc\ud654\uce7c\ub968\uc744 \ud568\uc720\ud558\uace0 \uc788\uc73c\uba70, \uc2e0\uacbd\uacc4\ub97c \uc9c4\uc815\uc2dc\ud0a4\uace0 \uae30\ubd84 \uc804\ud658\uc5d0 \ub3c4\uc6c0\uc744 \uc8fc\ub294 \ube0c\ub86c\ud654\ubb3c\ub3c4 \ud3ec\ud568\ub418\uc5b4 \uc788\uc2b5\ub2c8\ub2e4. \uc5f0\uad6c\uc5d0 \ub530\ub974\uba74 \uc18c\uae08 \ubaa9\uc695\uc740 \ud53c\ubd80 \ubcf4\ud638 \uc7a5\ubcbd\uc744 \uac15\ud654\ud558\uace0 \uac01\uc9c8\uce35\uc758 \uc218\ubd84 \uacf5\uae09\uc744 \uc99d\uac00\uc2dc\ud0a4\ub294 \uac83\uc73c\ub85c \ud655\uc778\ub418\uc5c8\uc2b5\ub2c8\ub2e4. <\/p>\n","protected":false},"excerpt":{"rendered":"<p><strong>\uc0ac\ud574 \uc18c\uae08\uc740<\/strong> \uce7c\uc298, \ub9c8\uadf8\ub124\uc298, \uce7c\ub968, \ucca0, \ub9dd\uac04, \uc544\uc5f0\uacfc \uac19\uc740 \uadc0\uc911\ud55c \ubbf8\ub124\ub784\uc774 \ud48d\ubd80\ud55c \ucc9c\uc5f0\uc758 \uc815\uc81c\ub418\uc9c0 \uc54a\uc740 \uc81c\ud488\uc785\ub2c8\ub2e4. \uc774\ub7ec\ud55c \ubbf8\ub124\ub784\uc740 \ud45c\ud53c\ub97c \uac15\ud654\ud558\uace0 \uac74\uc120, \uc2b5\uc9c4, \uc5ec\ub4dc\ub984 \ub610\ub294 \uacfc\ub3c4\ud55c \ud53c\uc9c0 \ubd84\ube44\uc640 \uac19\uc740 \ud53c\ubd80\uacfc \ubb38\uc81c\ub97c \uc644\ud654\ud558\ub294 \ub370 \ub3c4\uc6c0\uc744 \uc90d\ub2c8\ub2e4. \uc0ac\ud574 \uc18c\uae08\uc5d0 \ud568\uc720\ub41c \ub192\uc740 \ub18d\ub3c4\uc758 \uc5fc\ud654\ub9c8\uadf8\ub124\uc298\uc740 \uac15\ub825\ud55c \uc815\ud654 \ubc0f \ud56d\uade0 \ud2b9\uc131\uc744 \uac00\uc9c0\uace0 \uc788\uc2b5\ub2c8\ub2e4.  <\/p>\n","protected":false},"featured_media":43663,"template":"","meta":{"_acf_changed":false},"product_brand":[],"product_cat":[8137,8160],"product_tag":[],"class_list":{"0":"post-43662","1":"product","2":"type-product","3":"status-publish","4":"has-post-thumbnail","6":"product_cat-wan-je-pum","7":"product_cat-hwa-jang-pum-won-ryo-ko","9":"first","10":"instock","11":"shipping-taxable","12":"product-type-simple"},"acf":[],"yoast_head":"<!-- This site is optimized with the Yoast SEO plugin v27.4 - https:\/\/yoast.com\/product\/yoast-seo-wordpress\/ -->\n<title>NATURAL POLAND &#8211; Hurtowy Dystrybutor Surowc\u00f3w<\/title>\n<meta name=\"description\" content=\"\uc0ac\ud574 \uc18c\uae08\uc740 \ud3b8\uc548\ud55c \ubaa9\uc695, \ud654\uc7a5\ud488, \uadf8\ub9ac\uace0 \ubb38\uc81c\uc131 \ud53c\ubd80 \uad00\ub9ac\ub97c \uc704\ud55c \uc131\ubd84\uc73c\ub85c \uc0ac\uc6a9\ub429\ub2c8\ub2e4.\" \/>\n<meta name=\"robots\" content=\"index, follow, max-snippet:-1, max-image-preview:large, max-video-preview:-1\" \/>\n<link rel=\"canonical\" href=\"https:\/\/naturalpoland.com\/ko\/je-pum\/hwa-jang-pum-won-ryo\/hwa-jang-pum-won-ryo-ko\/%ec%82%ac%ed%95%b4-%ec%86%8c%ea%b8%88\/\" \/>\n<meta property=\"og:locale\" content=\"ko_KR\" \/>\n<meta property=\"og:type\" content=\"article\" \/>\n<meta property=\"og:description\" content=\"\uc0ac\ud574 \uc18c\uae08\uc740 \ud3b8\uc548\ud55c \ubaa9\uc695, \ud654\uc7a5\ud488, \uadf8\ub9ac\uace0 \ubb38\uc81c\uc131 \ud53c\ubd80 \uad00\ub9ac\ub97c \uc704\ud55c \uc131\ubd84\uc73c\ub85c \uc0ac\uc6a9\ub429\ub2c8\ub2e4.\" \/>\n<meta property=\"og:url\" content=\"https:\/\/naturalpoland.com\/ko\/je-pum\/hwa-jang-pum-won-ryo\/hwa-jang-pum-won-ryo-ko\/%ec%82%ac%ed%95%b4-%ec%86%8c%ea%b8%88\/\" \/>\n<meta property=\"og:site_name\" content=\"NATURAL POLAND - Hurtowy Dystrybutor Surowc\u00f3w\" \/>\n<meta property=\"article:publisher\" content=\"https:\/\/www.facebook.com\/naturalpoland.b2b\" \/>\n<meta property=\"article:modified_time\" content=\"2025-10-22T08:30:51+00:00\" \/>\n<meta property=\"og:image\" content=\"https:\/\/naturalpoland.com\/wp-content\/uploads\/sol-z-morza-martwego.jpg\" \/>\n\t<meta property=\"og:image:width\" content=\"650\" \/>\n\t<meta property=\"og:image:height\" content=\"650\" \/>\n\t<meta property=\"og:image:type\" content=\"image\/jpeg\" \/>\n<script type=\"application\/ld+json\" class=\"yoast-schema-graph\">{\"@context\":\"https:\\\/\\\/schema.org\",\"@graph\":[{\"@type\":\"WebPage\",\"@id\":\"https:\\\/\\\/naturalpoland.com\\\/ko\\\/je-pum\\\/hwa-jang-pum-won-ryo\\\/hwa-jang-pum-won-ryo-ko\\\/%ec%82%ac%ed%95%b4-%ec%86%8c%ea%b8%88\\\/\",\"url\":\"https:\\\/\\\/naturalpoland.com\\\/ko\\\/je-pum\\\/hwa-jang-pum-won-ryo\\\/hwa-jang-pum-won-ryo-ko\\\/%ec%82%ac%ed%95%b4-%ec%86%8c%ea%b8%88\\\/\",\"name\":\"\",\"isPartOf\":{\"@id\":\"https:\\\/\\\/naturalpoland.com\\\/ko\\\/#website\"},\"primaryImageOfPage\":{\"@id\":\"https:\\\/\\\/naturalpoland.com\\\/ko\\\/je-pum\\\/hwa-jang-pum-won-ryo\\\/hwa-jang-pum-won-ryo-ko\\\/%ec%82%ac%ed%95%b4-%ec%86%8c%ea%b8%88\\\/#primaryimage\"},\"image\":{\"@id\":\"https:\\\/\\\/naturalpoland.com\\\/ko\\\/je-pum\\\/hwa-jang-pum-won-ryo\\\/hwa-jang-pum-won-ryo-ko\\\/%ec%82%ac%ed%95%b4-%ec%86%8c%ea%b8%88\\\/#primaryimage\"},\"thumbnailUrl\":\"https:\\\/\\\/naturalpoland.com\\\/wp-content\\\/uploads\\\/sol-z-morza-martwego.jpg\",\"datePublished\":\"2022-01-13T13:59:16+00:00\",\"dateModified\":\"2025-10-22T08:30:51+00:00\",\"description\":\"\uc0ac\ud574 \uc18c\uae08\uc740 \ud3b8\uc548\ud55c \ubaa9\uc695, \ud654\uc7a5\ud488, \uadf8\ub9ac\uace0 \ubb38\uc81c\uc131 \ud53c\ubd80 \uad00\ub9ac\ub97c \uc704\ud55c \uc131\ubd84\uc73c\ub85c \uc0ac\uc6a9\ub429\ub2c8\ub2e4.\",\"breadcrumb\":{\"@id\":\"https:\\\/\\\/naturalpoland.com\\\/ko\\\/je-pum\\\/hwa-jang-pum-won-ryo\\\/hwa-jang-pum-won-ryo-ko\\\/%ec%82%ac%ed%95%b4-%ec%86%8c%ea%b8%88\\\/#breadcrumb\"},\"inLanguage\":\"ko-KR\",\"potentialAction\":[{\"@type\":\"ReadAction\",\"target\":[\"https:\\\/\\\/naturalpoland.com\\\/ko\\\/je-pum\\\/hwa-jang-pum-won-ryo\\\/hwa-jang-pum-won-ryo-ko\\\/%ec%82%ac%ed%95%b4-%ec%86%8c%ea%b8%88\\\/\"]}]},{\"@type\":\"ImageObject\",\"inLanguage\":\"ko-KR\",\"@id\":\"https:\\\/\\\/naturalpoland.com\\\/ko\\\/je-pum\\\/hwa-jang-pum-won-ryo\\\/hwa-jang-pum-won-ryo-ko\\\/%ec%82%ac%ed%95%b4-%ec%86%8c%ea%b8%88\\\/#primaryimage\",\"url\":\"https:\\\/\\\/naturalpoland.com\\\/wp-content\\\/uploads\\\/sol-z-morza-martwego.jpg\",\"contentUrl\":\"https:\\\/\\\/naturalpoland.com\\\/wp-content\\\/uploads\\\/sol-z-morza-martwego.jpg\",\"width\":650,\"height\":650,\"caption\":\"\uc0ac\ud574 \uc18c\uae08\"},{\"@type\":\"BreadcrumbList\",\"@id\":\"https:\\\/\\\/naturalpoland.com\\\/ko\\\/je-pum\\\/hwa-jang-pum-won-ryo\\\/hwa-jang-pum-won-ryo-ko\\\/%ec%82%ac%ed%95%b4-%ec%86%8c%ea%b8%88\\\/#breadcrumb\",\"itemListElement\":[{\"@type\":\"ListItem\",\"position\":1,\"name\":\"\ud648\",\"item\":\"https:\\\/\\\/naturalpoland.com\\\/ko\\\/\"},{\"@type\":\"ListItem\",\"position\":2,\"name\":\"\uc81c\ud488\",\"item\":\"https:\\\/\\\/naturalpoland.com\\\/ko\\\/%ec%a0%9c%ed%92%88\\\/\"},{\"@type\":\"ListItem\",\"position\":3,\"name\":\"\uc0ac\ud574 \uc18c\uae08\"}]},{\"@type\":\"WebSite\",\"@id\":\"https:\\\/\\\/naturalpoland.com\\\/ko\\\/#website\",\"url\":\"https:\\\/\\\/naturalpoland.com\\\/ko\\\/\",\"name\":\"NATURAL POLAND - Hurtowy Dystrybutor Surowc\u00f3w\",\"description\":\"Surowce dla przemys\u0142u spo\u017cywczego, kosmetycznego i farmaceutycznego\",\"publisher\":{\"@id\":\"https:\\\/\\\/naturalpoland.com\\\/ko\\\/#organization\"},\"potentialAction\":[{\"@type\":\"SearchAction\",\"target\":{\"@type\":\"EntryPoint\",\"urlTemplate\":\"https:\\\/\\\/naturalpoland.com\\\/ko\\\/?s={search_term_string}\"},\"query-input\":{\"@type\":\"PropertyValueSpecification\",\"valueRequired\":true,\"valueName\":\"search_term_string\"}}],\"inLanguage\":\"ko-KR\"},{\"@type\":\"Organization\",\"@id\":\"https:\\\/\\\/naturalpoland.com\\\/ko\\\/#organization\",\"name\":\"Natural Poland\",\"url\":\"https:\\\/\\\/naturalpoland.com\\\/ko\\\/\",\"logo\":{\"@type\":\"ImageObject\",\"inLanguage\":\"ko-KR\",\"@id\":\"https:\\\/\\\/naturalpoland.com\\\/ko\\\/#\\\/schema\\\/logo\\\/image\\\/\",\"url\":\"https:\\\/\\\/naturalpoland.com\\\/wp-content\\\/uploads\\\/2021\\\/05\\\/natural-poland-icon.png\",\"contentUrl\":\"https:\\\/\\\/naturalpoland.com\\\/wp-content\\\/uploads\\\/2021\\\/05\\\/natural-poland-icon.png\",\"width\":512,\"height\":512,\"caption\":\"Natural Poland\"},\"image\":{\"@id\":\"https:\\\/\\\/naturalpoland.com\\\/ko\\\/#\\\/schema\\\/logo\\\/image\\\/\"},\"sameAs\":[\"https:\\\/\\\/www.facebook.com\\\/naturalpoland.b2b\",\"https:\\\/\\\/pl.linkedin.com\\\/company\\\/natural-poland\",\"https:\\\/\\\/www.youtube.com\\\/channel\\\/UCgeGGkvOMahZo-xu_MSEWxg\"]}]}<\/script>\n<!-- \/ Yoast SEO plugin. -->","yoast_head_json":{"title":"NATURAL POLAND &#8211; Hurtowy Dystrybutor Surowc\u00f3w","description":"\uc0ac\ud574 \uc18c\uae08\uc740 \ud3b8\uc548\ud55c \ubaa9\uc695, \ud654\uc7a5\ud488, \uadf8\ub9ac\uace0 \ubb38\uc81c\uc131 \ud53c\ubd80 \uad00\ub9ac\ub97c \uc704\ud55c \uc131\ubd84\uc73c\ub85c \uc0ac\uc6a9\ub429\ub2c8\ub2e4.","robots":{"index":"index","follow":"follow","max-snippet":"max-snippet:-1","max-image-preview":"max-image-preview:large","max-video-preview":"max-video-preview:-1"},"canonical":"https:\/\/naturalpoland.com\/ko\/je-pum\/hwa-jang-pum-won-ryo\/hwa-jang-pum-won-ryo-ko\/%ec%82%ac%ed%95%b4-%ec%86%8c%ea%b8%88\/","og_locale":"ko_KR","og_type":"article","og_description":"\uc0ac\ud574 \uc18c\uae08\uc740 \ud3b8\uc548\ud55c \ubaa9\uc695, \ud654\uc7a5\ud488, \uadf8\ub9ac\uace0 \ubb38\uc81c\uc131 \ud53c\ubd80 \uad00\ub9ac\ub97c \uc704\ud55c \uc131\ubd84\uc73c\ub85c \uc0ac\uc6a9\ub429\ub2c8\ub2e4.","og_url":"https:\/\/naturalpoland.com\/ko\/je-pum\/hwa-jang-pum-won-ryo\/hwa-jang-pum-won-ryo-ko\/%ec%82%ac%ed%95%b4-%ec%86%8c%ea%b8%88\/","og_site_name":"NATURAL POLAND - Hurtowy Dystrybutor Surowc\u00f3w","article_publisher":"https:\/\/www.facebook.com\/naturalpoland.b2b","article_modified_time":"2025-10-22T08:30:51+00:00","og_image":[{"width":650,"height":650,"url":"https:\/\/naturalpoland.com\/wp-content\/uploads\/sol-z-morza-martwego.jpg","type":"image\/jpeg"}],"schema":{"@context":"https:\/\/schema.org","@graph":[{"@type":"WebPage","@id":"https:\/\/naturalpoland.com\/ko\/je-pum\/hwa-jang-pum-won-ryo\/hwa-jang-pum-won-ryo-ko\/%ec%82%ac%ed%95%b4-%ec%86%8c%ea%b8%88\/","url":"https:\/\/naturalpoland.com\/ko\/je-pum\/hwa-jang-pum-won-ryo\/hwa-jang-pum-won-ryo-ko\/%ec%82%ac%ed%95%b4-%ec%86%8c%ea%b8%88\/","name":"","isPartOf":{"@id":"https:\/\/naturalpoland.com\/ko\/#website"},"primaryImageOfPage":{"@id":"https:\/\/naturalpoland.com\/ko\/je-pum\/hwa-jang-pum-won-ryo\/hwa-jang-pum-won-ryo-ko\/%ec%82%ac%ed%95%b4-%ec%86%8c%ea%b8%88\/#primaryimage"},"image":{"@id":"https:\/\/naturalpoland.com\/ko\/je-pum\/hwa-jang-pum-won-ryo\/hwa-jang-pum-won-ryo-ko\/%ec%82%ac%ed%95%b4-%ec%86%8c%ea%b8%88\/#primaryimage"},"thumbnailUrl":"https:\/\/naturalpoland.com\/wp-content\/uploads\/sol-z-morza-martwego.jpg","datePublished":"2022-01-13T13:59:16+00:00","dateModified":"2025-10-22T08:30:51+00:00","description":"\uc0ac\ud574 \uc18c\uae08\uc740 \ud3b8\uc548\ud55c \ubaa9\uc695, \ud654\uc7a5\ud488, \uadf8\ub9ac\uace0 \ubb38\uc81c\uc131 \ud53c\ubd80 \uad00\ub9ac\ub97c \uc704\ud55c \uc131\ubd84\uc73c\ub85c \uc0ac\uc6a9\ub429\ub2c8\ub2e4.","breadcrumb":{"@id":"https:\/\/naturalpoland.com\/ko\/je-pum\/hwa-jang-pum-won-ryo\/hwa-jang-pum-won-ryo-ko\/%ec%82%ac%ed%95%b4-%ec%86%8c%ea%b8%88\/#breadcrumb"},"inLanguage":"ko-KR","potentialAction":[{"@type":"ReadAction","target":["https:\/\/naturalpoland.com\/ko\/je-pum\/hwa-jang-pum-won-ryo\/hwa-jang-pum-won-ryo-ko\/%ec%82%ac%ed%95%b4-%ec%86%8c%ea%b8%88\/"]}]},{"@type":"ImageObject","inLanguage":"ko-KR","@id":"https:\/\/naturalpoland.com\/ko\/je-pum\/hwa-jang-pum-won-ryo\/hwa-jang-pum-won-ryo-ko\/%ec%82%ac%ed%95%b4-%ec%86%8c%ea%b8%88\/#primaryimage","url":"https:\/\/naturalpoland.com\/wp-content\/uploads\/sol-z-morza-martwego.jpg","contentUrl":"https:\/\/naturalpoland.com\/wp-content\/uploads\/sol-z-morza-martwego.jpg","width":650,"height":650,"caption":"\uc0ac\ud574 \uc18c\uae08"},{"@type":"BreadcrumbList","@id":"https:\/\/naturalpoland.com\/ko\/je-pum\/hwa-jang-pum-won-ryo\/hwa-jang-pum-won-ryo-ko\/%ec%82%ac%ed%95%b4-%ec%86%8c%ea%b8%88\/#breadcrumb","itemListElement":[{"@type":"ListItem","position":1,"name":"\ud648","item":"https:\/\/naturalpoland.com\/ko\/"},{"@type":"ListItem","position":2,"name":"\uc81c\ud488","item":"https:\/\/naturalpoland.com\/ko\/%ec%a0%9c%ed%92%88\/"},{"@type":"ListItem","position":3,"name":"\uc0ac\ud574 \uc18c\uae08"}]},{"@type":"WebSite","@id":"https:\/\/naturalpoland.com\/ko\/#website","url":"https:\/\/naturalpoland.com\/ko\/","name":"NATURAL POLAND - Hurtowy Dystrybutor Surowc\u00f3w","description":"Surowce dla przemys\u0142u spo\u017cywczego, kosmetycznego i farmaceutycznego","publisher":{"@id":"https:\/\/naturalpoland.com\/ko\/#organization"},"potentialAction":[{"@type":"SearchAction","target":{"@type":"EntryPoint","urlTemplate":"https:\/\/naturalpoland.com\/ko\/?s={search_term_string}"},"query-input":{"@type":"PropertyValueSpecification","valueRequired":true,"valueName":"search_term_string"}}],"inLanguage":"ko-KR"},{"@type":"Organization","@id":"https:\/\/naturalpoland.com\/ko\/#organization","name":"Natural Poland","url":"https:\/\/naturalpoland.com\/ko\/","logo":{"@type":"ImageObject","inLanguage":"ko-KR","@id":"https:\/\/naturalpoland.com\/ko\/#\/schema\/logo\/image\/","url":"https:\/\/naturalpoland.com\/wp-content\/uploads\/2021\/05\/natural-poland-icon.png","contentUrl":"https:\/\/naturalpoland.com\/wp-content\/uploads\/2021\/05\/natural-poland-icon.png","width":512,"height":512,"caption":"Natural Poland"},"image":{"@id":"https:\/\/naturalpoland.com\/ko\/#\/schema\/logo\/image\/"},"sameAs":["https:\/\/www.facebook.com\/naturalpoland.b2b","https:\/\/pl.linkedin.com\/company\/natural-poland","https:\/\/www.youtube.com\/channel\/UCgeGGkvOMahZo-xu_MSEWxg"]}]}},"_links":{"self":[{"href":"https:\/\/naturalpoland.com\/ko\/wp-json\/wp\/v2\/product\/43662","targetHints":{"allow":["GET"]}}],"collection":[{"href":"https:\/\/naturalpoland.com\/ko\/wp-json\/wp\/v2\/product"}],"about":[{"href":"https:\/\/naturalpoland.com\/ko\/wp-json\/wp\/v2\/types\/product"}],"wp:featuredmedia":[{"embeddable":true,"href":"https:\/\/naturalpoland.com\/ko\/wp-json\/wp\/v2\/media\/43663"}],"wp:attachment":[{"href":"https:\/\/naturalpoland.com\/ko\/wp-json\/wp\/v2\/media?parent=43662"}],"wp:term":[{"taxonomy":"product_brand","embeddable":true,"href":"https:\/\/naturalpoland.com\/ko\/wp-json\/wp\/v2\/product_brand?post=43662"},{"taxonomy":"product_cat","embeddable":true,"href":"https:\/\/naturalpoland.com\/ko\/wp-json\/wp\/v2\/product_cat?post=43662"},{"taxonomy":"product_tag","embeddable":true,"href":"https:\/\/naturalpoland.com\/ko\/wp-json\/wp\/v2\/product_tag?post=43662"}],"curies":[{"name":"wp","href":"https:\/\/api.w.org\/{rel}","templated":true}]}}