{"id":43765,"date":"2023-02-15T14:55:21","date_gmt":"2023-02-15T13:55:21","guid":{"rendered":"https:\/\/naturalpoland.com\/produkty\/uncategorized\/%ec%95%84%ec%8a%88%ec%99%80%ea%b0%84%eb%8b%a4-%ec%b9%a8%ec%b6%9c%ec%95%a1\/"},"modified":"2025-11-03T14:16:18","modified_gmt":"2025-11-03T13:16:18","slug":"%ec%95%84%ec%8a%88%ec%99%80%ea%b0%84%eb%8b%a4-%ec%b9%a8%ec%b6%9c%ec%95%a1","status":"publish","type":"product","link":"https:\/\/naturalpoland.com\/ko\/je-pum\/sig-pum-won-ryo\/saeng-san-yong-won-ryo\/%ec%95%84%ec%8a%88%ec%99%80%ea%b0%84%eb%8b%a4-%ec%b9%a8%ec%b6%9c%ec%95%a1\/","title":{"rendered":"\uc544\uc288\uc640\uac04\ub2e4 \uce68\ucd9c\uc561"},"content":{"rendered":"<p>\uc544\uc288\uc640\uac04\ub2e4 \uce68\ucd9c\uc561\uc740 \uce68\uc5f0\ubc95\uc73c\ub85c \ucd94\ucd9c\ub429\ub2c8\ub2e4. \uc624\uc77c \ubca0\uc774\uc2a4\ub294 \uac00\ubcbc\uc6b4 \uc9c8\uac10, \uc548\uc815\uc131 \ubc0f \ud53c\ubd80\uc640\uc758 \ub6f0\uc5b4\ub09c \uc0dd\uccb4 \uc801\ud569\uc131\uc73c\ub85c \ub192\uc774 \ud3c9\uac00\ub418\ub294 \ubd84\ubcc4 \ucf54\ucf54\ub11b \uc624\uc77c(\uce74\ud504\ub9b4\ub9ad\/\uce74\ud504\ub9ad \ud2b8\ub77c\uc774\uae00\ub9ac\uc138\ub77c\uc774\ub4dc)\uc785\ub2c8\ub2e4. <\/p>\n<p>\uc774 \uce68\ucd9c\uc561\uc740 \uc605\uc740 \uac08\uc0c9\uc758 \uc57d\uac04 \ud750\ub9b0 \uc0c9\uc0c1\uacfc \uc790\uc5f0\uc801\uc774\uace0 \ud2b9\uc9d5\uc801\uc778 \ud5a5\uc744 \uac00\uc9c0\uace0 \uc788\uc2b5\ub2c8\ub2e4. C8:0(\uce74\ud504\ub9b4\uc0b0) \ubc0f C10:0(\uce74\ud504\ub974\uc0b0) \uc9c0\ubc29\uc0b0\uc774 \ud48d\ubd80\ud569\ub2c8\ub2e4. \ub2e4\ub978 \uc2dd\ubb3c\uc5d0\uc11c\ub294 \ucc3e\uc544\ubcf4\uae30 \ud798\ub4e0 \uc704\ud0c0\ub180\ub77c\uc774\ub4dc, \uae00\ub9ac\ucf54\uc704\ud0c0\ub180\ub77c\uc774\ub4dc, \uc704\ud0c0\ub178\uc0ac\uc774\ub4dc \ub4f1\uc744 \ud3ec\ud568\ud55c \ub3c5\ud2b9\ud55c \ud654\ud559 \uc131\ubd84\uc740 \uc2a4\ud2b8\ub808\uc2a4\uc758 \ubd80\uc815\uc801\uc778 \uc601\ud5a5\uc73c\ub85c\ubd80\ud130 \uc2e0\uccb4\ub97c \ubcf4\ud638\ud558\ub294 \uc2dd\ubb3c\uc131 \ubb3c\uc9c8\uc778 \uac00\uc7a5 \uc778\uae30 \uc788\ub294 \uc544\ub2f5\ud1a0\uc820 \uc911 \ud558\ub098\ub85c \ub9cc\ub4ed\ub2c8\ub2e4.   <\/p>\n<h2>\uc6a9\ub3c4 \ubc0f \ud2b9\uc131<\/h2>\n<p>\uc544\uc288\uc640\uac04\ub2e4 \uce68\ucd9c\uc561\uc740 \uc2a4\ud2b8\ub808\uc2a4\uc640 \ud53c\ub85c\uc5d0 \ub9de\uc11c \uc2e0\uccb4\ub97c \uc9c0\uc6d0\ud558\uace0, \uba74\uc5ed\ub825, \uc9d1\uc911\ub825, \uc218\uba74\uc758 \uc9c8, \uc804\ubc18\uc801\uc778 \uc2e0\uccb4 \ubc0f \uc815\uc2e0\uc801 \uc131\ub2a5\uc744 \ud5a5\uc0c1\uc2dc\ud0b5\ub2c8\ub2e4. \uc704\ud0c0\ub180\ub77c\uc774\ub4dc\uc640 \uc704\ud0c0\ub178\uc0ac\uc774\ub4dc \ud568\ub7c9 \ub355\ubd84\uc5d0 \uc9c0\uc18d\uc801\uc778 \uae34\uc7a5 \uc0c1\ud0dc\uc5d0 \uc788\ub294 \uc0ac\ub78c\ub4e4\uacfc \uc2e0\uacbd\uacc4\uc5d0 \ub300\ud55c \uc790\uc5f0\uc801\uc778 \uc9c0\uc6d0\uc744 \ucc3e\ub294 \uc0ac\ub78c\ub4e4\uc744 \uc704\ud55c \uac74\uac15 \ubcf4\uc870 \uc2dd\ud488\uc5d0 \uc0ac\uc6a9\ub429\ub2c8\ub2e4. <\/p>\n<p>\ud654\uc7a5\ud488 \ubd84\uc57c\uc5d0\uc11c\ub294 \ub9c8\uc0ac\uc9c0 \uc624\uc77c, \uc548\ud2f0\uc5d0\uc774\uc9d5 \ud654\uc7a5\ud488 \ubc0f \uc7ac\uc0dd \uc81c\ud488\uc5d0 \ud0c1\uc6d4\ud558\uac8c \uc0ac\uc6a9\ub429\ub2c8\ub2e4. \uc601\uc591 \uacf5\uae09, \ud56d\uc0b0\ud654 \ubc0f \uc9c4\uc815 \ud6a8\uacfc\uac00 \uc788\uc5b4 \uc131\uc219\ud558\uace0 \uac74\uc870\ud558\uba70 \uc9c0\uce5c \ud53c\ubd80 \uad00\ub9ac\uc5d0 \ub3c4\uc6c0\uc744 \uc90d\ub2c8\ub2e4. MCT \uc624\uc77c \ub355\ubd84\uc5d0 \ube60\ub974\uac8c \ud761\uc218\ub418\uc5b4 \ub048\uc801\uc784 \uc5c6\uc774 \ud06c\ub9bc, \ub85c\uc158, \ub9c8\uc2a4\ud06c\ud329, \uc2a4\ud30c \ubc0f \uc544\ub85c\ub9c8\ud14c\ub77c\ud53c \ud654\uc7a5\ud488\uc758 \ub2e4\uc6a9\ub3c4 \uc131\ubd84\uc73c\ub85c \ud65c\uc6a9\ub429\ub2c8\ub2e4.  <\/p>\n<h2>\uc9c0\ubc29\uc0b0 \ud504\ub85c\ud544:<\/h2>\n<table>\n<tbody>\n<tr>\n<td>\uc0b0 \uc774\ub984<\/td>\n<td>C-\uc0ac\uc2ac<\/td>\n<td>\ubc94\uc704 %<\/td>\n<\/tr>\n<tr>\n<td>CAPROIC<\/td>\n<td>C6:0<\/td>\n<td>&lt;2.0<\/td>\n<\/tr>\n<tr>\n<td>CAPRYLIC<\/td>\n<td>C8:0<\/td>\n<td>50.0 &#8211; 80.0<\/td>\n<\/tr>\n<tr>\n<td>CAPRIC<\/td>\n<td>C10:0<\/td>\n<td>20.0 &#8211; 50.0<\/td>\n<\/tr>\n<tr>\n<td>LAURIC<\/td>\n<td>C12:0<\/td>\n<td>&lt;3.0<\/td>\n<\/tr>\n<\/tbody>\n<\/table>\n","protected":false},"excerpt":{"rendered":"<p><strong>\uc544\uc288\uc640\uac04\ub2e4 \uce68\ucd9c\uc561<\/strong> (<em><strong>Withania somnifera<\/strong><\/em>) MCT \ucf54\ucf54\ub11b \uc624\uc77c \ubca0\uc774\uc2a4\ub294 \uac00\uc7a5 \uc911\uc694\ud55c \uc544\uc720\ub974\ubca0\ub2e4 \uc544\ub2f5\ud1a0\uc820 \uc911 \ud558\ub098\uc758 \ud2b9\uc131\uacfc \uc911\uc1c4 \ud2b8\ub9ac\uae00\ub9ac\uc138\ub9ac\ub4dc\uc758 \uc7a5\uc810\uc744 \uacb0\ud569\ud569\ub2c8\ub2e4.<\/p>\n","protected":false},"featured_media":43766,"template":"","meta":[],"product_brand":[],"product_cat":[8175,8152],"product_tag":[],"class_list":{"0":"post-43765","1":"product","2":"type-product","3":"status-publish","4":"has-post-thumbnail","6":"product_cat-saeng-san-yong-won-ryo","7":"product_cat-ma-se-re-i-teu","8":"pa_metoda-pozyskiwania-8341","10":"first","11":"instock","12":"shipping-taxable","13":"product-type-simple"},"yoast_head":"<!-- This site is optimized with the Yoast SEO plugin v27.3 - https:\/\/yoast.com\/product\/yoast-seo-wordpress\/ -->\n<title>\uc544\uc288\uc640\uac04\ub2e4 \uce68\ucd9c\uc561 - Hurtowy Dystrybutor<\/title>\n<meta name=\"description\" content=\"\uc544\uc288\uc640\uac04\ub2e4 \uce68\ucd9c\uc561\uc740 \uc810\ucc28 \uad00\uc2ec\uc774 \ub192\uc544\uc9c0\uace0 \uc788\ub294 \uc804\ud1b5 \uc544\uc720\ub974\ubca0\ub2e4 \uc758\ud559\uc5d0\uc11c \uac00\uc7a5 \uc911\uc694\ud55c \uc57d\uc7ac \uc911 \ud558\ub098\uc785\ub2c8\ub2e4.\" \/>\n<meta name=\"robots\" content=\"index, follow, max-snippet:-1, max-image-preview:large, max-video-preview:-1\" \/>\n<link rel=\"canonical\" href=\"https:\/\/naturalpoland.com\/ko\/je-pum\/sig-pum-won-ryo\/saeng-san-yong-won-ryo\/%ec%95%84%ec%8a%88%ec%99%80%ea%b0%84%eb%8b%a4-%ec%b9%a8%ec%b6%9c%ec%95%a1\/\" \/>\n<meta property=\"og:locale\" content=\"ko_KR\" \/>\n<meta property=\"og:type\" content=\"article\" \/>\n<meta property=\"og:title\" content=\"\uc544\uc288\uc640\uac04\ub2e4 \uce68\ucd9c\uc561 - Hurtowy Dystrybutor\" \/>\n<meta property=\"og:description\" content=\"\uc544\uc288\uc640\uac04\ub2e4 \uce68\ucd9c\uc561\uc740 \uc810\ucc28 \uad00\uc2ec\uc774 \ub192\uc544\uc9c0\uace0 \uc788\ub294 \uc804\ud1b5 \uc544\uc720\ub974\ubca0\ub2e4 \uc758\ud559\uc5d0\uc11c \uac00\uc7a5 \uc911\uc694\ud55c \uc57d\uc7ac \uc911 \ud558\ub098\uc785\ub2c8\ub2e4.\" \/>\n<meta property=\"og:url\" content=\"https:\/\/naturalpoland.com\/ko\/je-pum\/sig-pum-won-ryo\/saeng-san-yong-won-ryo\/%ec%95%84%ec%8a%88%ec%99%80%ea%b0%84%eb%8b%a4-%ec%b9%a8%ec%b6%9c%ec%95%a1\/\" \/>\n<meta property=\"og:site_name\" content=\"NATURAL POLAND - Hurtowy Dystrybutor Surowc\u00f3w\" \/>\n<meta property=\"article:publisher\" content=\"https:\/\/www.facebook.com\/naturalpoland.b2b\" \/>\n<meta property=\"article:modified_time\" content=\"2025-11-03T13:16:18+00:00\" \/>\n<meta property=\"og:image\" content=\"https:\/\/naturalpoland.com\/wp-content\/uploads\/Ashwagandha-White-Cherry\u2013-macerat.jpg\" \/>\n\t<meta property=\"og:image:width\" content=\"600\" \/>\n\t<meta property=\"og:image:height\" content=\"600\" \/>\n\t<meta property=\"og:image:type\" content=\"image\/jpeg\" \/>\n<script type=\"application\/ld+json\" class=\"yoast-schema-graph\">{\"@context\":\"https:\\\/\\\/schema.org\",\"@graph\":[{\"@type\":\"WebPage\",\"@id\":\"https:\\\/\\\/naturalpoland.com\\\/ko\\\/je-pum\\\/sig-pum-won-ryo\\\/saeng-san-yong-won-ryo\\\/%ec%95%84%ec%8a%88%ec%99%80%ea%b0%84%eb%8b%a4-%ec%b9%a8%ec%b6%9c%ec%95%a1\\\/\",\"url\":\"https:\\\/\\\/naturalpoland.com\\\/ko\\\/je-pum\\\/sig-pum-won-ryo\\\/saeng-san-yong-won-ryo\\\/%ec%95%84%ec%8a%88%ec%99%80%ea%b0%84%eb%8b%a4-%ec%b9%a8%ec%b6%9c%ec%95%a1\\\/\",\"name\":\"\uc544\uc288\uc640\uac04\ub2e4 \uce68\ucd9c\uc561 - Hurtowy Dystrybutor\",\"isPartOf\":{\"@id\":\"https:\\\/\\\/naturalpoland.com\\\/ko\\\/#website\"},\"primaryImageOfPage\":{\"@id\":\"https:\\\/\\\/naturalpoland.com\\\/ko\\\/je-pum\\\/sig-pum-won-ryo\\\/saeng-san-yong-won-ryo\\\/%ec%95%84%ec%8a%88%ec%99%80%ea%b0%84%eb%8b%a4-%ec%b9%a8%ec%b6%9c%ec%95%a1\\\/#primaryimage\"},\"image\":{\"@id\":\"https:\\\/\\\/naturalpoland.com\\\/ko\\\/je-pum\\\/sig-pum-won-ryo\\\/saeng-san-yong-won-ryo\\\/%ec%95%84%ec%8a%88%ec%99%80%ea%b0%84%eb%8b%a4-%ec%b9%a8%ec%b6%9c%ec%95%a1\\\/#primaryimage\"},\"thumbnailUrl\":\"https:\\\/\\\/naturalpoland.com\\\/wp-content\\\/uploads\\\/Ashwagandha-White-Cherry\u2013-macerat.jpg\",\"datePublished\":\"2023-02-15T13:55:21+00:00\",\"dateModified\":\"2025-11-03T13:16:18+00:00\",\"description\":\"\uc544\uc288\uc640\uac04\ub2e4 \uce68\ucd9c\uc561\uc740 \uc810\ucc28 \uad00\uc2ec\uc774 \ub192\uc544\uc9c0\uace0 \uc788\ub294 \uc804\ud1b5 \uc544\uc720\ub974\ubca0\ub2e4 \uc758\ud559\uc5d0\uc11c \uac00\uc7a5 \uc911\uc694\ud55c \uc57d\uc7ac \uc911 \ud558\ub098\uc785\ub2c8\ub2e4.\",\"breadcrumb\":{\"@id\":\"https:\\\/\\\/naturalpoland.com\\\/ko\\\/je-pum\\\/sig-pum-won-ryo\\\/saeng-san-yong-won-ryo\\\/%ec%95%84%ec%8a%88%ec%99%80%ea%b0%84%eb%8b%a4-%ec%b9%a8%ec%b6%9c%ec%95%a1\\\/#breadcrumb\"},\"inLanguage\":\"ko-KR\",\"potentialAction\":[{\"@type\":\"ReadAction\",\"target\":[\"https:\\\/\\\/naturalpoland.com\\\/ko\\\/je-pum\\\/sig-pum-won-ryo\\\/saeng-san-yong-won-ryo\\\/%ec%95%84%ec%8a%88%ec%99%80%ea%b0%84%eb%8b%a4-%ec%b9%a8%ec%b6%9c%ec%95%a1\\\/\"]}]},{\"@type\":\"ImageObject\",\"inLanguage\":\"ko-KR\",\"@id\":\"https:\\\/\\\/naturalpoland.com\\\/ko\\\/je-pum\\\/sig-pum-won-ryo\\\/saeng-san-yong-won-ryo\\\/%ec%95%84%ec%8a%88%ec%99%80%ea%b0%84%eb%8b%a4-%ec%b9%a8%ec%b6%9c%ec%95%a1\\\/#primaryimage\",\"url\":\"https:\\\/\\\/naturalpoland.com\\\/wp-content\\\/uploads\\\/Ashwagandha-White-Cherry\u2013-macerat.jpg\",\"contentUrl\":\"https:\\\/\\\/naturalpoland.com\\\/wp-content\\\/uploads\\\/Ashwagandha-White-Cherry\u2013-macerat.jpg\",\"width\":600,\"height\":600,\"caption\":\"\uc544\uc288\uc640\uac04\ub2e4 (\ud654\uc774\ud2b8 \uccb4\ub9ac) \u2013 \uce68\ucd9c\uc561\"},{\"@type\":\"BreadcrumbList\",\"@id\":\"https:\\\/\\\/naturalpoland.com\\\/ko\\\/je-pum\\\/sig-pum-won-ryo\\\/saeng-san-yong-won-ryo\\\/%ec%95%84%ec%8a%88%ec%99%80%ea%b0%84%eb%8b%a4-%ec%b9%a8%ec%b6%9c%ec%95%a1\\\/#breadcrumb\",\"itemListElement\":[{\"@type\":\"ListItem\",\"position\":1,\"name\":\"\ud648\",\"item\":\"https:\\\/\\\/naturalpoland.com\\\/ko\\\/\"},{\"@type\":\"ListItem\",\"position\":2,\"name\":\"\uc81c\ud488\",\"item\":\"https:\\\/\\\/naturalpoland.com\\\/ko\\\/%ec%a0%9c%ed%92%88\\\/\"},{\"@type\":\"ListItem\",\"position\":3,\"name\":\"\uc544\uc288\uc640\uac04\ub2e4 \uce68\ucd9c\uc561\"}]},{\"@type\":\"WebSite\",\"@id\":\"https:\\\/\\\/naturalpoland.com\\\/ko\\\/#website\",\"url\":\"https:\\\/\\\/naturalpoland.com\\\/ko\\\/\",\"name\":\"NATURAL POLAND - Hurtowy Dystrybutor Surowc\u00f3w\",\"description\":\"Surowce dla przemys\u0142u spo\u017cywczego, kosmetycznego i farmaceutycznego\",\"publisher\":{\"@id\":\"https:\\\/\\\/naturalpoland.com\\\/ko\\\/#organization\"},\"potentialAction\":[{\"@type\":\"SearchAction\",\"target\":{\"@type\":\"EntryPoint\",\"urlTemplate\":\"https:\\\/\\\/naturalpoland.com\\\/ko\\\/?s={search_term_string}\"},\"query-input\":{\"@type\":\"PropertyValueSpecification\",\"valueRequired\":true,\"valueName\":\"search_term_string\"}}],\"inLanguage\":\"ko-KR\"},{\"@type\":\"Organization\",\"@id\":\"https:\\\/\\\/naturalpoland.com\\\/ko\\\/#organization\",\"name\":\"Natural Poland\",\"url\":\"https:\\\/\\\/naturalpoland.com\\\/ko\\\/\",\"logo\":{\"@type\":\"ImageObject\",\"inLanguage\":\"ko-KR\",\"@id\":\"https:\\\/\\\/naturalpoland.com\\\/ko\\\/#\\\/schema\\\/logo\\\/image\\\/\",\"url\":\"https:\\\/\\\/naturalpoland.com\\\/wp-content\\\/uploads\\\/2021\\\/05\\\/natural-poland-icon.png\",\"contentUrl\":\"https:\\\/\\\/naturalpoland.com\\\/wp-content\\\/uploads\\\/2021\\\/05\\\/natural-poland-icon.png\",\"width\":512,\"height\":512,\"caption\":\"Natural Poland\"},\"image\":{\"@id\":\"https:\\\/\\\/naturalpoland.com\\\/ko\\\/#\\\/schema\\\/logo\\\/image\\\/\"},\"sameAs\":[\"https:\\\/\\\/www.facebook.com\\\/naturalpoland.b2b\",\"https:\\\/\\\/pl.linkedin.com\\\/company\\\/natural-poland\",\"https:\\\/\\\/www.youtube.com\\\/channel\\\/UCgeGGkvOMahZo-xu_MSEWxg\"]}]}<\/script>\n<!-- \/ Yoast SEO plugin. -->","yoast_head_json":{"title":"\uc544\uc288\uc640\uac04\ub2e4 \uce68\ucd9c\uc561 - Hurtowy Dystrybutor","description":"\uc544\uc288\uc640\uac04\ub2e4 \uce68\ucd9c\uc561\uc740 \uc810\ucc28 \uad00\uc2ec\uc774 \ub192\uc544\uc9c0\uace0 \uc788\ub294 \uc804\ud1b5 \uc544\uc720\ub974\ubca0\ub2e4 \uc758\ud559\uc5d0\uc11c \uac00\uc7a5 \uc911\uc694\ud55c \uc57d\uc7ac \uc911 \ud558\ub098\uc785\ub2c8\ub2e4.","robots":{"index":"index","follow":"follow","max-snippet":"max-snippet:-1","max-image-preview":"max-image-preview:large","max-video-preview":"max-video-preview:-1"},"canonical":"https:\/\/naturalpoland.com\/ko\/je-pum\/sig-pum-won-ryo\/saeng-san-yong-won-ryo\/%ec%95%84%ec%8a%88%ec%99%80%ea%b0%84%eb%8b%a4-%ec%b9%a8%ec%b6%9c%ec%95%a1\/","og_locale":"ko_KR","og_type":"article","og_title":"\uc544\uc288\uc640\uac04\ub2e4 \uce68\ucd9c\uc561 - Hurtowy Dystrybutor","og_description":"\uc544\uc288\uc640\uac04\ub2e4 \uce68\ucd9c\uc561\uc740 \uc810\ucc28 \uad00\uc2ec\uc774 \ub192\uc544\uc9c0\uace0 \uc788\ub294 \uc804\ud1b5 \uc544\uc720\ub974\ubca0\ub2e4 \uc758\ud559\uc5d0\uc11c \uac00\uc7a5 \uc911\uc694\ud55c \uc57d\uc7ac \uc911 \ud558\ub098\uc785\ub2c8\ub2e4.","og_url":"https:\/\/naturalpoland.com\/ko\/je-pum\/sig-pum-won-ryo\/saeng-san-yong-won-ryo\/%ec%95%84%ec%8a%88%ec%99%80%ea%b0%84%eb%8b%a4-%ec%b9%a8%ec%b6%9c%ec%95%a1\/","og_site_name":"NATURAL POLAND - Hurtowy Dystrybutor Surowc\u00f3w","article_publisher":"https:\/\/www.facebook.com\/naturalpoland.b2b","article_modified_time":"2025-11-03T13:16:18+00:00","og_image":[{"width":600,"height":600,"url":"https:\/\/naturalpoland.com\/wp-content\/uploads\/Ashwagandha-White-Cherry\u2013-macerat.jpg","type":"image\/jpeg"}],"schema":{"@context":"https:\/\/schema.org","@graph":[{"@type":"WebPage","@id":"https:\/\/naturalpoland.com\/ko\/je-pum\/sig-pum-won-ryo\/saeng-san-yong-won-ryo\/%ec%95%84%ec%8a%88%ec%99%80%ea%b0%84%eb%8b%a4-%ec%b9%a8%ec%b6%9c%ec%95%a1\/","url":"https:\/\/naturalpoland.com\/ko\/je-pum\/sig-pum-won-ryo\/saeng-san-yong-won-ryo\/%ec%95%84%ec%8a%88%ec%99%80%ea%b0%84%eb%8b%a4-%ec%b9%a8%ec%b6%9c%ec%95%a1\/","name":"\uc544\uc288\uc640\uac04\ub2e4 \uce68\ucd9c\uc561 - Hurtowy Dystrybutor","isPartOf":{"@id":"https:\/\/naturalpoland.com\/ko\/#website"},"primaryImageOfPage":{"@id":"https:\/\/naturalpoland.com\/ko\/je-pum\/sig-pum-won-ryo\/saeng-san-yong-won-ryo\/%ec%95%84%ec%8a%88%ec%99%80%ea%b0%84%eb%8b%a4-%ec%b9%a8%ec%b6%9c%ec%95%a1\/#primaryimage"},"image":{"@id":"https:\/\/naturalpoland.com\/ko\/je-pum\/sig-pum-won-ryo\/saeng-san-yong-won-ryo\/%ec%95%84%ec%8a%88%ec%99%80%ea%b0%84%eb%8b%a4-%ec%b9%a8%ec%b6%9c%ec%95%a1\/#primaryimage"},"thumbnailUrl":"https:\/\/naturalpoland.com\/wp-content\/uploads\/Ashwagandha-White-Cherry\u2013-macerat.jpg","datePublished":"2023-02-15T13:55:21+00:00","dateModified":"2025-11-03T13:16:18+00:00","description":"\uc544\uc288\uc640\uac04\ub2e4 \uce68\ucd9c\uc561\uc740 \uc810\ucc28 \uad00\uc2ec\uc774 \ub192\uc544\uc9c0\uace0 \uc788\ub294 \uc804\ud1b5 \uc544\uc720\ub974\ubca0\ub2e4 \uc758\ud559\uc5d0\uc11c \uac00\uc7a5 \uc911\uc694\ud55c \uc57d\uc7ac \uc911 \ud558\ub098\uc785\ub2c8\ub2e4.","breadcrumb":{"@id":"https:\/\/naturalpoland.com\/ko\/je-pum\/sig-pum-won-ryo\/saeng-san-yong-won-ryo\/%ec%95%84%ec%8a%88%ec%99%80%ea%b0%84%eb%8b%a4-%ec%b9%a8%ec%b6%9c%ec%95%a1\/#breadcrumb"},"inLanguage":"ko-KR","potentialAction":[{"@type":"ReadAction","target":["https:\/\/naturalpoland.com\/ko\/je-pum\/sig-pum-won-ryo\/saeng-san-yong-won-ryo\/%ec%95%84%ec%8a%88%ec%99%80%ea%b0%84%eb%8b%a4-%ec%b9%a8%ec%b6%9c%ec%95%a1\/"]}]},{"@type":"ImageObject","inLanguage":"ko-KR","@id":"https:\/\/naturalpoland.com\/ko\/je-pum\/sig-pum-won-ryo\/saeng-san-yong-won-ryo\/%ec%95%84%ec%8a%88%ec%99%80%ea%b0%84%eb%8b%a4-%ec%b9%a8%ec%b6%9c%ec%95%a1\/#primaryimage","url":"https:\/\/naturalpoland.com\/wp-content\/uploads\/Ashwagandha-White-Cherry\u2013-macerat.jpg","contentUrl":"https:\/\/naturalpoland.com\/wp-content\/uploads\/Ashwagandha-White-Cherry\u2013-macerat.jpg","width":600,"height":600,"caption":"\uc544\uc288\uc640\uac04\ub2e4 (\ud654\uc774\ud2b8 \uccb4\ub9ac) \u2013 \uce68\ucd9c\uc561"},{"@type":"BreadcrumbList","@id":"https:\/\/naturalpoland.com\/ko\/je-pum\/sig-pum-won-ryo\/saeng-san-yong-won-ryo\/%ec%95%84%ec%8a%88%ec%99%80%ea%b0%84%eb%8b%a4-%ec%b9%a8%ec%b6%9c%ec%95%a1\/#breadcrumb","itemListElement":[{"@type":"ListItem","position":1,"name":"\ud648","item":"https:\/\/naturalpoland.com\/ko\/"},{"@type":"ListItem","position":2,"name":"\uc81c\ud488","item":"https:\/\/naturalpoland.com\/ko\/%ec%a0%9c%ed%92%88\/"},{"@type":"ListItem","position":3,"name":"\uc544\uc288\uc640\uac04\ub2e4 \uce68\ucd9c\uc561"}]},{"@type":"WebSite","@id":"https:\/\/naturalpoland.com\/ko\/#website","url":"https:\/\/naturalpoland.com\/ko\/","name":"NATURAL POLAND - Hurtowy Dystrybutor Surowc\u00f3w","description":"Surowce dla przemys\u0142u spo\u017cywczego, kosmetycznego i farmaceutycznego","publisher":{"@id":"https:\/\/naturalpoland.com\/ko\/#organization"},"potentialAction":[{"@type":"SearchAction","target":{"@type":"EntryPoint","urlTemplate":"https:\/\/naturalpoland.com\/ko\/?s={search_term_string}"},"query-input":{"@type":"PropertyValueSpecification","valueRequired":true,"valueName":"search_term_string"}}],"inLanguage":"ko-KR"},{"@type":"Organization","@id":"https:\/\/naturalpoland.com\/ko\/#organization","name":"Natural Poland","url":"https:\/\/naturalpoland.com\/ko\/","logo":{"@type":"ImageObject","inLanguage":"ko-KR","@id":"https:\/\/naturalpoland.com\/ko\/#\/schema\/logo\/image\/","url":"https:\/\/naturalpoland.com\/wp-content\/uploads\/2021\/05\/natural-poland-icon.png","contentUrl":"https:\/\/naturalpoland.com\/wp-content\/uploads\/2021\/05\/natural-poland-icon.png","width":512,"height":512,"caption":"Natural Poland"},"image":{"@id":"https:\/\/naturalpoland.com\/ko\/#\/schema\/logo\/image\/"},"sameAs":["https:\/\/www.facebook.com\/naturalpoland.b2b","https:\/\/pl.linkedin.com\/company\/natural-poland","https:\/\/www.youtube.com\/channel\/UCgeGGkvOMahZo-xu_MSEWxg"]}]}},"_links":{"self":[{"href":"https:\/\/naturalpoland.com\/ko\/wp-json\/wp\/v2\/product\/43765","targetHints":{"allow":["GET"]}}],"collection":[{"href":"https:\/\/naturalpoland.com\/ko\/wp-json\/wp\/v2\/product"}],"about":[{"href":"https:\/\/naturalpoland.com\/ko\/wp-json\/wp\/v2\/types\/product"}],"wp:featuredmedia":[{"embeddable":true,"href":"https:\/\/naturalpoland.com\/ko\/wp-json\/wp\/v2\/media\/43766"}],"wp:attachment":[{"href":"https:\/\/naturalpoland.com\/ko\/wp-json\/wp\/v2\/media?parent=43765"}],"wp:term":[{"taxonomy":"product_brand","embeddable":true,"href":"https:\/\/naturalpoland.com\/ko\/wp-json\/wp\/v2\/product_brand?post=43765"},{"taxonomy":"product_cat","embeddable":true,"href":"https:\/\/naturalpoland.com\/ko\/wp-json\/wp\/v2\/product_cat?post=43765"},{"taxonomy":"product_tag","embeddable":true,"href":"https:\/\/naturalpoland.com\/ko\/wp-json\/wp\/v2\/product_tag?post=43765"}],"curies":[{"name":"wp","href":"https:\/\/api.w.org\/{rel}","templated":true}]}}