{"id":43794,"date":"2025-10-30T15:27:08","date_gmt":"2025-10-30T14:27:08","guid":{"rendered":"https:\/\/naturalpoland.com\/produkty\/uncategorized\/%ec%ba%90%eb%a1%ad-%ed%8c%8c%ec%9a%b0%eb%8d%94\/"},"modified":"2025-11-05T14:16:07","modified_gmt":"2025-11-05T13:16:07","slug":"%ec%ba%90%eb%a1%ad-%ed%8c%8c%ec%9a%b0%eb%8d%94","status":"publish","type":"product","link":"https:\/\/naturalpoland.com\/ko\/je-pum\/sig-pum-won-ryo\/saeng-san-yong-won-ryo\/%ec%ba%90%eb%a1%ad-%ed%8c%8c%ec%9a%b0%eb%8d%94\/","title":{"rendered":"\uce90\ub86d \ud30c\uc6b0\ub354"},"content":{"rendered":"<p>\ub2f9\uc0ac\ub294 \uac08\uc0c9\uc744 \ub760\uace0 \ud2b9\uc720\uc758 \uc740\uc740\ud55c \ub2e8\ub9db\uc774 \ub098\ub294 \ubbf8\uc138\ud558\uac8c \ubd84\uc1c4\ub41c \ubd84\ub9d0 \ud615\ud0dc\ub85c \uc774 \uc81c\ud488\uc744 \uc81c\uacf5\ud569\ub2c8\ub2e4. \uc2dd\ud488 \ubc0f \ubcf4\ucda9\uc81c \uc0b0\uc5c5\uc5d0\uc11c \uc0ac\uc6a9\ud558\ub3c4\ub85d \uace0\uc548\ub418\uc5c8\uc2b5\ub2c8\ub2e4. \uc785\uc790 \ud06c\uae30\ub294 80\uba54\uc26c \ud45c\uc900\uc744 \ucda9\uc871\ud558\uc5ec \uc6b0\uc218\ud55c \uc720\ub3d9\uc131\uacfc \ub2e4\ub978 \uc131\ubd84\uacfc\uc758 \uc26c\uc6b4 \ud63c\ud569\uc131\uc744 \ubcf4\uc7a5\ud569\ub2c8\ub2e4.  <\/p>\n<p>\uc774 \uc81c\ud488\uc740 \ub0ae\uc740 \uc218\ubd84 \ubc0f \ud68c\ubd84 \ud568\ub7c9\uc744 \ud2b9\uc9d5\uc73c\ub85c \ud569\ub2c8\ub2e4. \ub610\ud55c, \ubbf8\uc0dd\ubb3c\ud559\uc801 \ud45c\uc900 \uc900\uc218\ub3c4 \ud14c\uc2a4\ud2b8\ub97c \ud1b5\ud574 \ud655\uc778\ub418\uc5c8\uc2b5\ub2c8\ub2e4. <\/p>\n<h2>\uc801\uc6a9<\/h2>\n<p>\uce90\ub86d \ud30c\uc6b0\ub354\ub294 \uae30\ub2a5\uc131 \uc2dd\ud488, \ubc14, \uac74\uac15 \ubcf4\uc870 \uc2dd\ud488 \ubc0f \uac74\uac15\ud55c \ucf54\ucf54\uc544 \ub300\uccb4\ud488 \uc0dd\uc0b0\uc5d0 \ucc9c\uc5f0 \uc131\ubd84\uc73c\ub85c \ub110\ub9ac \uc0ac\uc6a9\ub429\ub2c8\ub2e4. \uadf8 \uad00\ub2a5\uc801 \ud2b9\uc131\uacfc \ubbf8\uc0dd\ubb3c\ud559\uc801 \uc548\uc815\uc131 \ub355\ubd84\uc5d0 <strong>\uac74\uc870 \ud615\ud0dc<\/strong>(\ucea1\uc290, \ubd84\ub9d0)\uc640 <strong>\uc6b0\uc218\ud55c \uc6a9\ud574\ub3c4 \ubc0f \uade0\uc77c\ud55c \ubd84\uc0b0<\/strong>\uc774 \uc694\uad6c\ub418\ub294 \ub808\uc2dc\ud53c \ubaa8\ub450\uc5d0 \uc0ac\uc6a9\ub420 \uc218 \uc788\uc2b5\ub2c8\ub2e4. <\/p>\n<p>\uce90\ub86d\uc5d0 \ud568\uc720\ub41c <strong>\ucc9c\uc5f0 \uc124\ud0d5\uacfc \uc12c\uc720\uc9c8<\/strong>\uc740 \uc18c\ud654\uae30 \uacc4\ud1b5\uc758 \uae30\ub2a5\uc744 \uc9c0\uc6d0\ud569\ub2c8\ub2e4. \uc21c\ud55c \ub9db \ub355\ubd84\uc5d0 <strong>\uc5b4\ub9b0\uc774 \ubc0f \ubbfc\uac10\ud55c \uc0ac\ub78c\ub4e4\uc744 \uc704\ud55c<\/strong> \uc81c\ud488\uc5d0\ub3c4 \uc0ac\uc6a9\ud560 \uc218 \uc788\uc2b5\ub2c8\ub2e4. <\/p>\n","protected":false},"excerpt":{"rendered":"<p><strong>\uce90\ub86d<\/strong>\uc740 <strong>\ub85c\ucee4\uc2a4\ud2b8\ucf69 \uac80<\/strong>\uc73c\ub85c\ub3c4 \uc54c\ub824\uc838 \uc788\uc73c\uba70, <em>Ceratonia siliqua L<\/em> \ub098\ubb34\uc758 \uaf2c\ud22c\ub9ac \uc528\uc557\uc5d0\uc11c \uc5bb\uc5b4\uc9c0\ub294 \ucc9c\uc5f0 \uc2dd\ubb3c\uc131 \uc81c\ud488\uc785\ub2c8\ub2e4.<\/p>\n","protected":false},"featured_media":43797,"template":"","meta":{"_acf_changed":false},"product_brand":[],"product_cat":[8175],"product_tag":[],"class_list":{"0":"post-43794","1":"product","2":"type-product","3":"status-publish","4":"has-post-thumbnail","6":"product_cat-saeng-san-yong-won-ryo","7":"pa_czesc-rosliny-8177","9":"first","10":"instock","11":"shipping-taxable","12":"product-type-simple"},"acf":[],"yoast_head":"<!-- This site is optimized with the Yoast SEO plugin v27.5 - https:\/\/yoast.com\/product\/yoast-seo-wordpress\/ -->\n<title>\uce90\ub86d \ud30c\uc6b0\ub354 - Hurtowy Dystrybutor<\/title>\n<meta name=\"description\" content=\"\uce90\ub86d \ud30c\uc6b0\ub354(Ceratonia siliqua)\ub294 \ubbf8\uc138\ud55c \uac08\uc0c9 \ubd84\ub9d0 \ud615\ud0dc\uc758 \ucc9c\uc5f0 \uc2dd\ud488 \uc131\ubd84\uc785\ub2c8\ub2e4. \ubcf4\ucda9\uc81c \ubc0f \uae30\ub2a5\uc131 \uc2dd\ud488\uc5d0 \uc0ac\uc6a9\ub429\ub2c8\ub2e4.\" \/>\n<meta name=\"robots\" content=\"index, follow, max-snippet:-1, max-image-preview:large, max-video-preview:-1\" \/>\n<link rel=\"canonical\" href=\"https:\/\/naturalpoland.com\/ko\/je-pum\/sig-pum-won-ryo\/saeng-san-yong-won-ryo\/%ec%ba%90%eb%a1%ad-%ed%8c%8c%ec%9a%b0%eb%8d%94\/\" \/>\n<meta property=\"og:locale\" content=\"ko_KR\" \/>\n<meta property=\"og:type\" content=\"article\" \/>\n<meta property=\"og:title\" content=\"\uce90\ub86d \ud30c\uc6b0\ub354 - Hurtowy Dystrybutor\" \/>\n<meta property=\"og:description\" content=\"\uce90\ub86d \ud30c\uc6b0\ub354(Ceratonia siliqua)\ub294 \ubbf8\uc138\ud55c \uac08\uc0c9 \ubd84\ub9d0 \ud615\ud0dc\uc758 \ucc9c\uc5f0 \uc2dd\ud488 \uc131\ubd84\uc785\ub2c8\ub2e4. \ubcf4\ucda9\uc81c \ubc0f \uae30\ub2a5\uc131 \uc2dd\ud488\uc5d0 \uc0ac\uc6a9\ub429\ub2c8\ub2e4.\" \/>\n<meta property=\"og:url\" content=\"https:\/\/naturalpoland.com\/ko\/je-pum\/sig-pum-won-ryo\/saeng-san-yong-won-ryo\/%ec%ba%90%eb%a1%ad-%ed%8c%8c%ec%9a%b0%eb%8d%94\/\" \/>\n<meta property=\"og:site_name\" content=\"NATURAL POLAND - Hurtowy Dystrybutor Surowc\u00f3w\" \/>\n<meta property=\"article:publisher\" content=\"https:\/\/www.facebook.com\/naturalpoland.b2b\" \/>\n<meta property=\"article:modified_time\" content=\"2025-11-05T13:16:07+00:00\" \/>\n<meta property=\"og:image\" content=\"https:\/\/naturalpoland.com\/wp-content\/uploads\/karob-w-proszku.webp\" \/>\n\t<meta property=\"og:image:width\" content=\"1024\" \/>\n\t<meta property=\"og:image:height\" content=\"1024\" \/>\n\t<meta property=\"og:image:type\" content=\"image\/webp\" \/>\n<script type=\"application\/ld+json\" class=\"yoast-schema-graph\">{\"@context\":\"https:\\\/\\\/schema.org\",\"@graph\":[{\"@type\":\"WebPage\",\"@id\":\"https:\\\/\\\/naturalpoland.com\\\/ko\\\/je-pum\\\/sig-pum-won-ryo\\\/saeng-san-yong-won-ryo\\\/%ec%ba%90%eb%a1%ad-%ed%8c%8c%ec%9a%b0%eb%8d%94\\\/\",\"url\":\"https:\\\/\\\/naturalpoland.com\\\/ko\\\/je-pum\\\/sig-pum-won-ryo\\\/saeng-san-yong-won-ryo\\\/%ec%ba%90%eb%a1%ad-%ed%8c%8c%ec%9a%b0%eb%8d%94\\\/\",\"name\":\"\uce90\ub86d \ud30c\uc6b0\ub354 - Hurtowy Dystrybutor\",\"isPartOf\":{\"@id\":\"https:\\\/\\\/naturalpoland.com\\\/ko\\\/#website\"},\"primaryImageOfPage\":{\"@id\":\"https:\\\/\\\/naturalpoland.com\\\/ko\\\/je-pum\\\/sig-pum-won-ryo\\\/saeng-san-yong-won-ryo\\\/%ec%ba%90%eb%a1%ad-%ed%8c%8c%ec%9a%b0%eb%8d%94\\\/#primaryimage\"},\"image\":{\"@id\":\"https:\\\/\\\/naturalpoland.com\\\/ko\\\/je-pum\\\/sig-pum-won-ryo\\\/saeng-san-yong-won-ryo\\\/%ec%ba%90%eb%a1%ad-%ed%8c%8c%ec%9a%b0%eb%8d%94\\\/#primaryimage\"},\"thumbnailUrl\":\"https:\\\/\\\/naturalpoland.com\\\/wp-content\\\/uploads\\\/karob-w-proszku.webp\",\"datePublished\":\"2025-10-30T14:27:08+00:00\",\"dateModified\":\"2025-11-05T13:16:07+00:00\",\"description\":\"\uce90\ub86d \ud30c\uc6b0\ub354(Ceratonia siliqua)\ub294 \ubbf8\uc138\ud55c \uac08\uc0c9 \ubd84\ub9d0 \ud615\ud0dc\uc758 \ucc9c\uc5f0 \uc2dd\ud488 \uc131\ubd84\uc785\ub2c8\ub2e4. \ubcf4\ucda9\uc81c \ubc0f \uae30\ub2a5\uc131 \uc2dd\ud488\uc5d0 \uc0ac\uc6a9\ub429\ub2c8\ub2e4.\",\"breadcrumb\":{\"@id\":\"https:\\\/\\\/naturalpoland.com\\\/ko\\\/je-pum\\\/sig-pum-won-ryo\\\/saeng-san-yong-won-ryo\\\/%ec%ba%90%eb%a1%ad-%ed%8c%8c%ec%9a%b0%eb%8d%94\\\/#breadcrumb\"},\"inLanguage\":\"ko-KR\",\"potentialAction\":[{\"@type\":\"ReadAction\",\"target\":[\"https:\\\/\\\/naturalpoland.com\\\/ko\\\/je-pum\\\/sig-pum-won-ryo\\\/saeng-san-yong-won-ryo\\\/%ec%ba%90%eb%a1%ad-%ed%8c%8c%ec%9a%b0%eb%8d%94\\\/\"]}]},{\"@type\":\"ImageObject\",\"inLanguage\":\"ko-KR\",\"@id\":\"https:\\\/\\\/naturalpoland.com\\\/ko\\\/je-pum\\\/sig-pum-won-ryo\\\/saeng-san-yong-won-ryo\\\/%ec%ba%90%eb%a1%ad-%ed%8c%8c%ec%9a%b0%eb%8d%94\\\/#primaryimage\",\"url\":\"https:\\\/\\\/naturalpoland.com\\\/wp-content\\\/uploads\\\/karob-w-proszku.webp\",\"contentUrl\":\"https:\\\/\\\/naturalpoland.com\\\/wp-content\\\/uploads\\\/karob-w-proszku.webp\",\"width\":1024,\"height\":1024,\"caption\":\"\uce90\ub86d \ud30c\uc6b0\ub354\"},{\"@type\":\"BreadcrumbList\",\"@id\":\"https:\\\/\\\/naturalpoland.com\\\/ko\\\/je-pum\\\/sig-pum-won-ryo\\\/saeng-san-yong-won-ryo\\\/%ec%ba%90%eb%a1%ad-%ed%8c%8c%ec%9a%b0%eb%8d%94\\\/#breadcrumb\",\"itemListElement\":[{\"@type\":\"ListItem\",\"position\":1,\"name\":\"\ud648\",\"item\":\"https:\\\/\\\/naturalpoland.com\\\/ko\\\/\"},{\"@type\":\"ListItem\",\"position\":2,\"name\":\"\uc81c\ud488\",\"item\":\"https:\\\/\\\/naturalpoland.com\\\/ko\\\/%ec%a0%9c%ed%92%88\\\/\"},{\"@type\":\"ListItem\",\"position\":3,\"name\":\"\uce90\ub86d \ud30c\uc6b0\ub354\"}]},{\"@type\":\"WebSite\",\"@id\":\"https:\\\/\\\/naturalpoland.com\\\/ko\\\/#website\",\"url\":\"https:\\\/\\\/naturalpoland.com\\\/ko\\\/\",\"name\":\"NATURAL POLAND - Hurtowy Dystrybutor Surowc\u00f3w\",\"description\":\"Surowce dla przemys\u0142u spo\u017cywczego, kosmetycznego i farmaceutycznego\",\"publisher\":{\"@id\":\"https:\\\/\\\/naturalpoland.com\\\/ko\\\/#organization\"},\"potentialAction\":[{\"@type\":\"SearchAction\",\"target\":{\"@type\":\"EntryPoint\",\"urlTemplate\":\"https:\\\/\\\/naturalpoland.com\\\/ko\\\/?s={search_term_string}\"},\"query-input\":{\"@type\":\"PropertyValueSpecification\",\"valueRequired\":true,\"valueName\":\"search_term_string\"}}],\"inLanguage\":\"ko-KR\"},{\"@type\":\"Organization\",\"@id\":\"https:\\\/\\\/naturalpoland.com\\\/ko\\\/#organization\",\"name\":\"Natural Poland\",\"url\":\"https:\\\/\\\/naturalpoland.com\\\/ko\\\/\",\"logo\":{\"@type\":\"ImageObject\",\"inLanguage\":\"ko-KR\",\"@id\":\"https:\\\/\\\/naturalpoland.com\\\/ko\\\/#\\\/schema\\\/logo\\\/image\\\/\",\"url\":\"https:\\\/\\\/naturalpoland.com\\\/wp-content\\\/uploads\\\/2021\\\/05\\\/natural-poland-icon.png\",\"contentUrl\":\"https:\\\/\\\/naturalpoland.com\\\/wp-content\\\/uploads\\\/2021\\\/05\\\/natural-poland-icon.png\",\"width\":512,\"height\":512,\"caption\":\"Natural Poland\"},\"image\":{\"@id\":\"https:\\\/\\\/naturalpoland.com\\\/ko\\\/#\\\/schema\\\/logo\\\/image\\\/\"},\"sameAs\":[\"https:\\\/\\\/www.facebook.com\\\/naturalpoland.b2b\",\"https:\\\/\\\/pl.linkedin.com\\\/company\\\/natural-poland\",\"https:\\\/\\\/www.youtube.com\\\/channel\\\/UCgeGGkvOMahZo-xu_MSEWxg\"]}]}<\/script>\n<!-- \/ Yoast SEO plugin. -->","yoast_head_json":{"title":"\uce90\ub86d \ud30c\uc6b0\ub354 - Hurtowy Dystrybutor","description":"\uce90\ub86d \ud30c\uc6b0\ub354(Ceratonia siliqua)\ub294 \ubbf8\uc138\ud55c \uac08\uc0c9 \ubd84\ub9d0 \ud615\ud0dc\uc758 \ucc9c\uc5f0 \uc2dd\ud488 \uc131\ubd84\uc785\ub2c8\ub2e4. \ubcf4\ucda9\uc81c \ubc0f \uae30\ub2a5\uc131 \uc2dd\ud488\uc5d0 \uc0ac\uc6a9\ub429\ub2c8\ub2e4.","robots":{"index":"index","follow":"follow","max-snippet":"max-snippet:-1","max-image-preview":"max-image-preview:large","max-video-preview":"max-video-preview:-1"},"canonical":"https:\/\/naturalpoland.com\/ko\/je-pum\/sig-pum-won-ryo\/saeng-san-yong-won-ryo\/%ec%ba%90%eb%a1%ad-%ed%8c%8c%ec%9a%b0%eb%8d%94\/","og_locale":"ko_KR","og_type":"article","og_title":"\uce90\ub86d \ud30c\uc6b0\ub354 - Hurtowy Dystrybutor","og_description":"\uce90\ub86d \ud30c\uc6b0\ub354(Ceratonia siliqua)\ub294 \ubbf8\uc138\ud55c \uac08\uc0c9 \ubd84\ub9d0 \ud615\ud0dc\uc758 \ucc9c\uc5f0 \uc2dd\ud488 \uc131\ubd84\uc785\ub2c8\ub2e4. \ubcf4\ucda9\uc81c \ubc0f \uae30\ub2a5\uc131 \uc2dd\ud488\uc5d0 \uc0ac\uc6a9\ub429\ub2c8\ub2e4.","og_url":"https:\/\/naturalpoland.com\/ko\/je-pum\/sig-pum-won-ryo\/saeng-san-yong-won-ryo\/%ec%ba%90%eb%a1%ad-%ed%8c%8c%ec%9a%b0%eb%8d%94\/","og_site_name":"NATURAL POLAND - Hurtowy Dystrybutor Surowc\u00f3w","article_publisher":"https:\/\/www.facebook.com\/naturalpoland.b2b","article_modified_time":"2025-11-05T13:16:07+00:00","og_image":[{"width":1024,"height":1024,"url":"https:\/\/naturalpoland.com\/wp-content\/uploads\/karob-w-proszku.webp","type":"image\/webp"}],"schema":{"@context":"https:\/\/schema.org","@graph":[{"@type":"WebPage","@id":"https:\/\/naturalpoland.com\/ko\/je-pum\/sig-pum-won-ryo\/saeng-san-yong-won-ryo\/%ec%ba%90%eb%a1%ad-%ed%8c%8c%ec%9a%b0%eb%8d%94\/","url":"https:\/\/naturalpoland.com\/ko\/je-pum\/sig-pum-won-ryo\/saeng-san-yong-won-ryo\/%ec%ba%90%eb%a1%ad-%ed%8c%8c%ec%9a%b0%eb%8d%94\/","name":"\uce90\ub86d \ud30c\uc6b0\ub354 - Hurtowy Dystrybutor","isPartOf":{"@id":"https:\/\/naturalpoland.com\/ko\/#website"},"primaryImageOfPage":{"@id":"https:\/\/naturalpoland.com\/ko\/je-pum\/sig-pum-won-ryo\/saeng-san-yong-won-ryo\/%ec%ba%90%eb%a1%ad-%ed%8c%8c%ec%9a%b0%eb%8d%94\/#primaryimage"},"image":{"@id":"https:\/\/naturalpoland.com\/ko\/je-pum\/sig-pum-won-ryo\/saeng-san-yong-won-ryo\/%ec%ba%90%eb%a1%ad-%ed%8c%8c%ec%9a%b0%eb%8d%94\/#primaryimage"},"thumbnailUrl":"https:\/\/naturalpoland.com\/wp-content\/uploads\/karob-w-proszku.webp","datePublished":"2025-10-30T14:27:08+00:00","dateModified":"2025-11-05T13:16:07+00:00","description":"\uce90\ub86d \ud30c\uc6b0\ub354(Ceratonia siliqua)\ub294 \ubbf8\uc138\ud55c \uac08\uc0c9 \ubd84\ub9d0 \ud615\ud0dc\uc758 \ucc9c\uc5f0 \uc2dd\ud488 \uc131\ubd84\uc785\ub2c8\ub2e4. \ubcf4\ucda9\uc81c \ubc0f \uae30\ub2a5\uc131 \uc2dd\ud488\uc5d0 \uc0ac\uc6a9\ub429\ub2c8\ub2e4.","breadcrumb":{"@id":"https:\/\/naturalpoland.com\/ko\/je-pum\/sig-pum-won-ryo\/saeng-san-yong-won-ryo\/%ec%ba%90%eb%a1%ad-%ed%8c%8c%ec%9a%b0%eb%8d%94\/#breadcrumb"},"inLanguage":"ko-KR","potentialAction":[{"@type":"ReadAction","target":["https:\/\/naturalpoland.com\/ko\/je-pum\/sig-pum-won-ryo\/saeng-san-yong-won-ryo\/%ec%ba%90%eb%a1%ad-%ed%8c%8c%ec%9a%b0%eb%8d%94\/"]}]},{"@type":"ImageObject","inLanguage":"ko-KR","@id":"https:\/\/naturalpoland.com\/ko\/je-pum\/sig-pum-won-ryo\/saeng-san-yong-won-ryo\/%ec%ba%90%eb%a1%ad-%ed%8c%8c%ec%9a%b0%eb%8d%94\/#primaryimage","url":"https:\/\/naturalpoland.com\/wp-content\/uploads\/karob-w-proszku.webp","contentUrl":"https:\/\/naturalpoland.com\/wp-content\/uploads\/karob-w-proszku.webp","width":1024,"height":1024,"caption":"\uce90\ub86d \ud30c\uc6b0\ub354"},{"@type":"BreadcrumbList","@id":"https:\/\/naturalpoland.com\/ko\/je-pum\/sig-pum-won-ryo\/saeng-san-yong-won-ryo\/%ec%ba%90%eb%a1%ad-%ed%8c%8c%ec%9a%b0%eb%8d%94\/#breadcrumb","itemListElement":[{"@type":"ListItem","position":1,"name":"\ud648","item":"https:\/\/naturalpoland.com\/ko\/"},{"@type":"ListItem","position":2,"name":"\uc81c\ud488","item":"https:\/\/naturalpoland.com\/ko\/%ec%a0%9c%ed%92%88\/"},{"@type":"ListItem","position":3,"name":"\uce90\ub86d \ud30c\uc6b0\ub354"}]},{"@type":"WebSite","@id":"https:\/\/naturalpoland.com\/ko\/#website","url":"https:\/\/naturalpoland.com\/ko\/","name":"NATURAL POLAND - Hurtowy Dystrybutor Surowc\u00f3w","description":"Surowce dla przemys\u0142u spo\u017cywczego, kosmetycznego i farmaceutycznego","publisher":{"@id":"https:\/\/naturalpoland.com\/ko\/#organization"},"potentialAction":[{"@type":"SearchAction","target":{"@type":"EntryPoint","urlTemplate":"https:\/\/naturalpoland.com\/ko\/?s={search_term_string}"},"query-input":{"@type":"PropertyValueSpecification","valueRequired":true,"valueName":"search_term_string"}}],"inLanguage":"ko-KR"},{"@type":"Organization","@id":"https:\/\/naturalpoland.com\/ko\/#organization","name":"Natural Poland","url":"https:\/\/naturalpoland.com\/ko\/","logo":{"@type":"ImageObject","inLanguage":"ko-KR","@id":"https:\/\/naturalpoland.com\/ko\/#\/schema\/logo\/image\/","url":"https:\/\/naturalpoland.com\/wp-content\/uploads\/2021\/05\/natural-poland-icon.png","contentUrl":"https:\/\/naturalpoland.com\/wp-content\/uploads\/2021\/05\/natural-poland-icon.png","width":512,"height":512,"caption":"Natural Poland"},"image":{"@id":"https:\/\/naturalpoland.com\/ko\/#\/schema\/logo\/image\/"},"sameAs":["https:\/\/www.facebook.com\/naturalpoland.b2b","https:\/\/pl.linkedin.com\/company\/natural-poland","https:\/\/www.youtube.com\/channel\/UCgeGGkvOMahZo-xu_MSEWxg"]}]}},"_links":{"self":[{"href":"https:\/\/naturalpoland.com\/ko\/wp-json\/wp\/v2\/product\/43794","targetHints":{"allow":["GET"]}}],"collection":[{"href":"https:\/\/naturalpoland.com\/ko\/wp-json\/wp\/v2\/product"}],"about":[{"href":"https:\/\/naturalpoland.com\/ko\/wp-json\/wp\/v2\/types\/product"}],"wp:featuredmedia":[{"embeddable":true,"href":"https:\/\/naturalpoland.com\/ko\/wp-json\/wp\/v2\/media\/43797"}],"wp:attachment":[{"href":"https:\/\/naturalpoland.com\/ko\/wp-json\/wp\/v2\/media?parent=43794"}],"wp:term":[{"taxonomy":"product_brand","embeddable":true,"href":"https:\/\/naturalpoland.com\/ko\/wp-json\/wp\/v2\/product_brand?post=43794"},{"taxonomy":"product_cat","embeddable":true,"href":"https:\/\/naturalpoland.com\/ko\/wp-json\/wp\/v2\/product_cat?post=43794"},{"taxonomy":"product_tag","embeddable":true,"href":"https:\/\/naturalpoland.com\/ko\/wp-json\/wp\/v2\/product_tag?post=43794"}],"curies":[{"name":"wp","href":"https:\/\/api.w.org\/{rel}","templated":true}]}}