{"id":43872,"date":"2025-10-30T15:49:27","date_gmt":"2025-10-30T14:49:27","guid":{"rendered":"https:\/\/naturalpoland.com\/produkty\/uncategorized\/%ed%98%b8%eb%b0%95%ec%94%a8-%eb%b6%84%eb%a7%90\/"},"modified":"2025-11-05T15:11:04","modified_gmt":"2025-11-05T14:11:04","slug":"%ed%98%b8%eb%b0%95%ec%94%a8-%eb%b6%84%eb%a7%90","status":"publish","type":"product","link":"https:\/\/naturalpoland.com\/ko\/je-pum\/sig-pum-won-ryo\/saeng-san-yong-won-ryo\/%ed%98%b8%eb%b0%95%ec%94%a8-%eb%b6%84%eb%a7%90\/","title":{"rendered":"\ud638\ubc15\uc528 \ubd84\ub9d0"},"content":{"rendered":"<h2>\ud2b9\uc131<\/h2>\n<p>\ud638\ubc15\uc528 \ubd84\ub9d0\uc740 \uc0c1\ub2f9\ub7c9\uc758 <strong>\uc2dd\ubb3c\uc131 \ub2e8\ubc31\uc9c8<\/strong>, <strong>\uc12c\uc720\uc9c8<\/strong> \ubc0f <strong>\ud53c\ud1a0\uc2a4\ud14c\ub864<\/strong>\uacfc \uac19\uc740 \ucc9c\uc5f0 \ud654\ud569\ubb3c, \uadf8\ub9ac\uace0 \uc544\uc5f0, \uce7c\ub968, \ub9c8\uadf8\ub124\uc298\uacfc \uac19\uc740 <strong>\uc6d0\uc18c<\/strong>\ub97c \ud568\uc720\ud558\uace0 \uc788\uc2b5\ub2c8\ub2e4. \uc9c0\ubc29 \ud568\ub7c9\uc774 \uc81c\ud55c\uc801\uc774\uc5b4\uc11c \uce7c\ub85c\ub9ac\uac00 \ub0ae\uc544 \uc2dd\uc774 \uc694\ubc95 \ub808\uc2dc\ud53c\uc5d0 \uc801\uc6a9\ud560 \uc218 \uc788\ub294 \uac00\ub2a5\uc131\uc774 \ub192\uc544\uc9d1\ub2c8\ub2e4. \uc81c\ud488\uc758 \uc218\ubd84 \ud568\ub7c9\uc740 12%\ub97c \ucd08\uacfc\ud558\uc9c0 \uc54a\uc73c\uba70, \ubb3c\ub9ac\uc801 \ubc0f \ubbf8\uc0dd\ubb3c\ud559\uc801 \ub9e4\uac1c\ubcc0\uc218\ub294 \uc2dd\ud488 \uc6d0\ub8cc\uc5d0 \ub300\ud55c \ud604\uc7ac \uc694\uad6c \uc0ac\ud56d\uc744 \ucda9\uc871\ud569\ub2c8\ub2e4. \uc774 \uc81c\ud488\uc740 \ucca8\uac00\ubb3c, \ucc29\uc0c9\ub8cc \ub610\ub294 \ubc29\ubd80\uc81c\ub97c \ud3ec\ud568\ud558\uc9c0 \uc54a\uc2b5\ub2c8\ub2e4.   <\/p>\n<h2>\uc2dd\ud488 \ubd84\uc57c \uc801\uc6a9<\/h2>\n<p>\ud638\ubc15\uc528 \ubd84\ub9d0\uc740 \ubca0\uc774\ud0b9 \ubbf9\uc2a4, \ubba4\uc990\ub9ac, \uadf8\ub798\ub180\ub77c, \ub2e8\ubc31\uc9c8 \ubc14 \ubc0f \uac74\uac15 \ubcf4\uc870 \uc2dd\ud488\uc5d0\uc11c \uc601\uc591 \uac00\uce58\ub97c \ub192\uc774\ub294 \uc131\ubd84\uc73c\ub85c \uc0ac\uc6a9\ub429\ub2c8\ub2e4. \ube44\uac74 \uc81c\ud488\uc5d0\uc11c\ub294 \uace1\ubb3c \uac00\ub8e8 \ubc0f \uae30\ud0c0 \ub3d9\ubb3c\uc131 \ub2e8\ubc31\uc9c8 \uc131\ubd84\uc744 \ub300\uccb4\ud560 \uc218 \uc788\uc2b5\ub2c8\ub2e4. \ub610\ud55c \uccb4\uc911 \uac10\ub7c9 \uc2dd\ub2e8 \ubc0f \ube44\ub1e8\uae30\uacc4 \uc9c0\uc6d0 \uc2dd\ub2e8\uc744 \ud3ec\ud568\ud55c \ud2b9\uc218 \ubaa9\uc801 \uc2dd\ud488\uc5d0\ub3c4 \uc801\ud569\ud569\ub2c8\ub2e4.  <\/p>\n<h2>\ud654\uc7a5\ud488\uc5d0\uc11c\uc758 \ud65c\uc6a9<\/h2>\n<p>\ucc9c\uc5f0 \ud654\uc7a5\ud488\uc5d0\uc11c \uc774 \uc81c\ud488\uc740 \uc5bc\uad74 \ubc0f \ubc14\ub514 \ud544\ub9c1 \uc81c\ud488\uc758 \uc21c\ud55c \uc5f0\ub9c8 \uc131\ubd84\uc73c\ub85c \uc0ac\uc6a9\ub420 \uc218 \uc788\uc2b5\ub2c8\ub2e4. \ubd84\uc1c4\ub41c \uc528\uc557\uc758 \uad6c\uc870\ub294 \ud53c\ubd80 \uc790\uadf9 \uc5c6\uc774 \ubd80\ub4dc\ub7fd\uace0 \uae30\uacc4\uc801\uc73c\ub85c \uc8fd\uc740 \ud53c\ubd80 \uc138\ud3ec\ub97c \uc81c\uac70\ud560 \uc218 \uc788\ub3c4\ub85d \ud569\ub2c8\ub2e4. \ud2b9\ud788 \uc77c\ubc18 \ud53c\ubd80, \uac74\uc131 \ud53c\ubd80 \ubc0f \ubbfc\uac10\uc131 \ud53c\ubd80\uc6a9 \uc81c\ud488\uc5d0 \uad8c\uc7a5\ub429\ub2c8\ub2e4. \uc644\uc81c\ud488 \ud544\ub9c1\ubfd0\ub9cc \uc544\ub2c8\ub77c DIY \ub610\ub294 \uc2a4\ud30c\ud615 \ud3ec\ubbac\ub7ec\uc5d0\ub3c4 \ud65c\uc6a9\ub420 \uc218 \uc788\uc2b5\ub2c8\ub2e4.   <\/p>\n<p>&nbsp;<\/p>\n","protected":false},"excerpt":{"rendered":"<p><strong>\ud638\ubc15\uc528 \ubd84\ub9d0<\/strong>\uc740 \ud3f4\ub780\ub4dc\uc5d0\uc11c \uc7ac\ubc30\ub41c \uc77c\ubc18 \ud638\ubc15(<em>Cucurbita pepo<\/em>)\uc5d0\uc11c \uc720\ub798\ud55c \uc6d0\ub8cc\ub85c, \ubbf8\uc138\ud55c \uad6c\uc870\uc640 \ub179\uc0c9\uc744 \ub760\ub294 \ud0c8\uc9c0 \ubd84\ub9d0 \ud615\ud0dc\ub85c \uac00\uacf5\ub429\ub2c8\ub2e4. \ubd80\ubd84\uc801\uc73c\ub85c \ud0c8\uc9c0\ub41c \ud6c4 \uac74\uc870 \ubc0f \ubd84\uc1c4\ub418\uc5b4 \uc6d0\ub8cc\uc758 \uc804\ud615\uc801\uc778 \ud5a5\uacfc \ub9db\uc744 \uc720\uc9c0\ud558\ub294 \uace0\ud488\uc9c8 \uc528\uc557\uc73c\ub85c \ub9cc\ub4e4\uc5b4\uc9d1\ub2c8\ub2e4. <\/p>\n","protected":false},"featured_media":43874,"template":"","meta":{"_acf_changed":false},"product_brand":[],"product_cat":[8175,8156],"product_tag":[],"class_list":{"0":"post-43872","1":"product","2":"type-product","3":"status-publish","4":"has-post-thumbnail","6":"product_cat-saeng-san-yong-won-ryo","7":"product_cat-pil-ling-je","9":"first","10":"instock","11":"shipping-taxable","12":"product-type-simple"},"acf":[],"yoast_head":"<!-- This site is optimized with the Yoast SEO plugin v27.5 - https:\/\/yoast.com\/product\/yoast-seo-wordpress\/ -->\n<title>\ud638\ubc15\uc528 \ubd84\ub9d0 - Hurtowy Dystrybutor<\/title>\n<meta name=\"description\" content=\"\ud638\ubc15\uc528 \ubd84\ub9d0 \u2013 \uc77c\ubc18 \ud638\ubc15\uc528\uc758 \ud0c8\uc9c0\ub41c \uc528\uc557\uc73c\ub85c \ub9cc\ub4e0 \ub179\uc0c9 \ubd84\ub9d0\uc785\ub2c8\ub2e4. \ub2e8\ubc31\uc9c8\uacfc \uc12c\uc720\uc9c8 \ud568\ub7c9\uc774 \ub192\uc2b5\ub2c8\ub2e4.\" \/>\n<meta name=\"robots\" content=\"index, follow, max-snippet:-1, max-image-preview:large, max-video-preview:-1\" \/>\n<link rel=\"canonical\" href=\"https:\/\/naturalpoland.com\/ko\/je-pum\/sig-pum-won-ryo\/saeng-san-yong-won-ryo\/%ed%98%b8%eb%b0%95%ec%94%a8-%eb%b6%84%eb%a7%90\/\" \/>\n<meta property=\"og:locale\" content=\"ko_KR\" \/>\n<meta property=\"og:type\" content=\"article\" \/>\n<meta property=\"og:title\" content=\"\ud638\ubc15\uc528 \ubd84\ub9d0 - Hurtowy Dystrybutor\" \/>\n<meta property=\"og:description\" content=\"\ud638\ubc15\uc528 \ubd84\ub9d0 \u2013 \uc77c\ubc18 \ud638\ubc15\uc528\uc758 \ud0c8\uc9c0\ub41c \uc528\uc557\uc73c\ub85c \ub9cc\ub4e0 \ub179\uc0c9 \ubd84\ub9d0\uc785\ub2c8\ub2e4. \ub2e8\ubc31\uc9c8\uacfc \uc12c\uc720\uc9c8 \ud568\ub7c9\uc774 \ub192\uc2b5\ub2c8\ub2e4.\" \/>\n<meta property=\"og:url\" content=\"https:\/\/naturalpoland.com\/ko\/je-pum\/sig-pum-won-ryo\/saeng-san-yong-won-ryo\/%ed%98%b8%eb%b0%95%ec%94%a8-%eb%b6%84%eb%a7%90\/\" \/>\n<meta property=\"og:site_name\" content=\"NATURAL POLAND - Hurtowy Dystrybutor Surowc\u00f3w\" \/>\n<meta property=\"article:publisher\" content=\"https:\/\/www.facebook.com\/naturalpoland.b2b\" \/>\n<meta property=\"article:modified_time\" content=\"2025-11-05T14:11:04+00:00\" \/>\n<meta property=\"og:image\" content=\"https:\/\/naturalpoland.com\/wp-content\/uploads\/mielona-pestka-dyni.webp\" \/>\n\t<meta property=\"og:image:width\" content=\"1024\" \/>\n\t<meta property=\"og:image:height\" content=\"1024\" \/>\n\t<meta property=\"og:image:type\" content=\"image\/webp\" \/>\n<script type=\"application\/ld+json\" class=\"yoast-schema-graph\">{\"@context\":\"https:\\\/\\\/schema.org\",\"@graph\":[{\"@type\":\"WebPage\",\"@id\":\"https:\\\/\\\/naturalpoland.com\\\/ko\\\/je-pum\\\/sig-pum-won-ryo\\\/saeng-san-yong-won-ryo\\\/%ed%98%b8%eb%b0%95%ec%94%a8-%eb%b6%84%eb%a7%90\\\/\",\"url\":\"https:\\\/\\\/naturalpoland.com\\\/ko\\\/je-pum\\\/sig-pum-won-ryo\\\/saeng-san-yong-won-ryo\\\/%ed%98%b8%eb%b0%95%ec%94%a8-%eb%b6%84%eb%a7%90\\\/\",\"name\":\"\ud638\ubc15\uc528 \ubd84\ub9d0 - Hurtowy Dystrybutor\",\"isPartOf\":{\"@id\":\"https:\\\/\\\/naturalpoland.com\\\/ko\\\/#website\"},\"primaryImageOfPage\":{\"@id\":\"https:\\\/\\\/naturalpoland.com\\\/ko\\\/je-pum\\\/sig-pum-won-ryo\\\/saeng-san-yong-won-ryo\\\/%ed%98%b8%eb%b0%95%ec%94%a8-%eb%b6%84%eb%a7%90\\\/#primaryimage\"},\"image\":{\"@id\":\"https:\\\/\\\/naturalpoland.com\\\/ko\\\/je-pum\\\/sig-pum-won-ryo\\\/saeng-san-yong-won-ryo\\\/%ed%98%b8%eb%b0%95%ec%94%a8-%eb%b6%84%eb%a7%90\\\/#primaryimage\"},\"thumbnailUrl\":\"https:\\\/\\\/naturalpoland.com\\\/wp-content\\\/uploads\\\/mielona-pestka-dyni.webp\",\"datePublished\":\"2025-10-30T14:49:27+00:00\",\"dateModified\":\"2025-11-05T14:11:04+00:00\",\"description\":\"\ud638\ubc15\uc528 \ubd84\ub9d0 \u2013 \uc77c\ubc18 \ud638\ubc15\uc528\uc758 \ud0c8\uc9c0\ub41c \uc528\uc557\uc73c\ub85c \ub9cc\ub4e0 \ub179\uc0c9 \ubd84\ub9d0\uc785\ub2c8\ub2e4. \ub2e8\ubc31\uc9c8\uacfc \uc12c\uc720\uc9c8 \ud568\ub7c9\uc774 \ub192\uc2b5\ub2c8\ub2e4.\",\"breadcrumb\":{\"@id\":\"https:\\\/\\\/naturalpoland.com\\\/ko\\\/je-pum\\\/sig-pum-won-ryo\\\/saeng-san-yong-won-ryo\\\/%ed%98%b8%eb%b0%95%ec%94%a8-%eb%b6%84%eb%a7%90\\\/#breadcrumb\"},\"inLanguage\":\"ko-KR\",\"potentialAction\":[{\"@type\":\"ReadAction\",\"target\":[\"https:\\\/\\\/naturalpoland.com\\\/ko\\\/je-pum\\\/sig-pum-won-ryo\\\/saeng-san-yong-won-ryo\\\/%ed%98%b8%eb%b0%95%ec%94%a8-%eb%b6%84%eb%a7%90\\\/\"]}]},{\"@type\":\"ImageObject\",\"inLanguage\":\"ko-KR\",\"@id\":\"https:\\\/\\\/naturalpoland.com\\\/ko\\\/je-pum\\\/sig-pum-won-ryo\\\/saeng-san-yong-won-ryo\\\/%ed%98%b8%eb%b0%95%ec%94%a8-%eb%b6%84%eb%a7%90\\\/#primaryimage\",\"url\":\"https:\\\/\\\/naturalpoland.com\\\/wp-content\\\/uploads\\\/mielona-pestka-dyni.webp\",\"contentUrl\":\"https:\\\/\\\/naturalpoland.com\\\/wp-content\\\/uploads\\\/mielona-pestka-dyni.webp\",\"width\":1024,\"height\":1024,\"caption\":\"\ud638\ubc15\uc528 \ubd84\ub9d0\"},{\"@type\":\"BreadcrumbList\",\"@id\":\"https:\\\/\\\/naturalpoland.com\\\/ko\\\/je-pum\\\/sig-pum-won-ryo\\\/saeng-san-yong-won-ryo\\\/%ed%98%b8%eb%b0%95%ec%94%a8-%eb%b6%84%eb%a7%90\\\/#breadcrumb\",\"itemListElement\":[{\"@type\":\"ListItem\",\"position\":1,\"name\":\"\ud648\",\"item\":\"https:\\\/\\\/naturalpoland.com\\\/ko\\\/\"},{\"@type\":\"ListItem\",\"position\":2,\"name\":\"\uc81c\ud488\",\"item\":\"https:\\\/\\\/naturalpoland.com\\\/ko\\\/%ec%a0%9c%ed%92%88\\\/\"},{\"@type\":\"ListItem\",\"position\":3,\"name\":\"\ud638\ubc15\uc528 \ubd84\ub9d0\"}]},{\"@type\":\"WebSite\",\"@id\":\"https:\\\/\\\/naturalpoland.com\\\/ko\\\/#website\",\"url\":\"https:\\\/\\\/naturalpoland.com\\\/ko\\\/\",\"name\":\"NATURAL POLAND - Hurtowy Dystrybutor Surowc\u00f3w\",\"description\":\"Surowce dla przemys\u0142u spo\u017cywczego, kosmetycznego i farmaceutycznego\",\"publisher\":{\"@id\":\"https:\\\/\\\/naturalpoland.com\\\/ko\\\/#organization\"},\"potentialAction\":[{\"@type\":\"SearchAction\",\"target\":{\"@type\":\"EntryPoint\",\"urlTemplate\":\"https:\\\/\\\/naturalpoland.com\\\/ko\\\/?s={search_term_string}\"},\"query-input\":{\"@type\":\"PropertyValueSpecification\",\"valueRequired\":true,\"valueName\":\"search_term_string\"}}],\"inLanguage\":\"ko-KR\"},{\"@type\":\"Organization\",\"@id\":\"https:\\\/\\\/naturalpoland.com\\\/ko\\\/#organization\",\"name\":\"Natural Poland\",\"url\":\"https:\\\/\\\/naturalpoland.com\\\/ko\\\/\",\"logo\":{\"@type\":\"ImageObject\",\"inLanguage\":\"ko-KR\",\"@id\":\"https:\\\/\\\/naturalpoland.com\\\/ko\\\/#\\\/schema\\\/logo\\\/image\\\/\",\"url\":\"https:\\\/\\\/naturalpoland.com\\\/wp-content\\\/uploads\\\/2021\\\/05\\\/natural-poland-icon.png\",\"contentUrl\":\"https:\\\/\\\/naturalpoland.com\\\/wp-content\\\/uploads\\\/2021\\\/05\\\/natural-poland-icon.png\",\"width\":512,\"height\":512,\"caption\":\"Natural Poland\"},\"image\":{\"@id\":\"https:\\\/\\\/naturalpoland.com\\\/ko\\\/#\\\/schema\\\/logo\\\/image\\\/\"},\"sameAs\":[\"https:\\\/\\\/www.facebook.com\\\/naturalpoland.b2b\",\"https:\\\/\\\/pl.linkedin.com\\\/company\\\/natural-poland\",\"https:\\\/\\\/www.youtube.com\\\/channel\\\/UCgeGGkvOMahZo-xu_MSEWxg\"]}]}<\/script>\n<!-- \/ Yoast SEO plugin. -->","yoast_head_json":{"title":"\ud638\ubc15\uc528 \ubd84\ub9d0 - Hurtowy Dystrybutor","description":"\ud638\ubc15\uc528 \ubd84\ub9d0 \u2013 \uc77c\ubc18 \ud638\ubc15\uc528\uc758 \ud0c8\uc9c0\ub41c \uc528\uc557\uc73c\ub85c \ub9cc\ub4e0 \ub179\uc0c9 \ubd84\ub9d0\uc785\ub2c8\ub2e4. \ub2e8\ubc31\uc9c8\uacfc \uc12c\uc720\uc9c8 \ud568\ub7c9\uc774 \ub192\uc2b5\ub2c8\ub2e4.","robots":{"index":"index","follow":"follow","max-snippet":"max-snippet:-1","max-image-preview":"max-image-preview:large","max-video-preview":"max-video-preview:-1"},"canonical":"https:\/\/naturalpoland.com\/ko\/je-pum\/sig-pum-won-ryo\/saeng-san-yong-won-ryo\/%ed%98%b8%eb%b0%95%ec%94%a8-%eb%b6%84%eb%a7%90\/","og_locale":"ko_KR","og_type":"article","og_title":"\ud638\ubc15\uc528 \ubd84\ub9d0 - Hurtowy Dystrybutor","og_description":"\ud638\ubc15\uc528 \ubd84\ub9d0 \u2013 \uc77c\ubc18 \ud638\ubc15\uc528\uc758 \ud0c8\uc9c0\ub41c \uc528\uc557\uc73c\ub85c \ub9cc\ub4e0 \ub179\uc0c9 \ubd84\ub9d0\uc785\ub2c8\ub2e4. \ub2e8\ubc31\uc9c8\uacfc \uc12c\uc720\uc9c8 \ud568\ub7c9\uc774 \ub192\uc2b5\ub2c8\ub2e4.","og_url":"https:\/\/naturalpoland.com\/ko\/je-pum\/sig-pum-won-ryo\/saeng-san-yong-won-ryo\/%ed%98%b8%eb%b0%95%ec%94%a8-%eb%b6%84%eb%a7%90\/","og_site_name":"NATURAL POLAND - Hurtowy Dystrybutor Surowc\u00f3w","article_publisher":"https:\/\/www.facebook.com\/naturalpoland.b2b","article_modified_time":"2025-11-05T14:11:04+00:00","og_image":[{"width":1024,"height":1024,"url":"https:\/\/naturalpoland.com\/wp-content\/uploads\/mielona-pestka-dyni.webp","type":"image\/webp"}],"schema":{"@context":"https:\/\/schema.org","@graph":[{"@type":"WebPage","@id":"https:\/\/naturalpoland.com\/ko\/je-pum\/sig-pum-won-ryo\/saeng-san-yong-won-ryo\/%ed%98%b8%eb%b0%95%ec%94%a8-%eb%b6%84%eb%a7%90\/","url":"https:\/\/naturalpoland.com\/ko\/je-pum\/sig-pum-won-ryo\/saeng-san-yong-won-ryo\/%ed%98%b8%eb%b0%95%ec%94%a8-%eb%b6%84%eb%a7%90\/","name":"\ud638\ubc15\uc528 \ubd84\ub9d0 - Hurtowy Dystrybutor","isPartOf":{"@id":"https:\/\/naturalpoland.com\/ko\/#website"},"primaryImageOfPage":{"@id":"https:\/\/naturalpoland.com\/ko\/je-pum\/sig-pum-won-ryo\/saeng-san-yong-won-ryo\/%ed%98%b8%eb%b0%95%ec%94%a8-%eb%b6%84%eb%a7%90\/#primaryimage"},"image":{"@id":"https:\/\/naturalpoland.com\/ko\/je-pum\/sig-pum-won-ryo\/saeng-san-yong-won-ryo\/%ed%98%b8%eb%b0%95%ec%94%a8-%eb%b6%84%eb%a7%90\/#primaryimage"},"thumbnailUrl":"https:\/\/naturalpoland.com\/wp-content\/uploads\/mielona-pestka-dyni.webp","datePublished":"2025-10-30T14:49:27+00:00","dateModified":"2025-11-05T14:11:04+00:00","description":"\ud638\ubc15\uc528 \ubd84\ub9d0 \u2013 \uc77c\ubc18 \ud638\ubc15\uc528\uc758 \ud0c8\uc9c0\ub41c \uc528\uc557\uc73c\ub85c \ub9cc\ub4e0 \ub179\uc0c9 \ubd84\ub9d0\uc785\ub2c8\ub2e4. \ub2e8\ubc31\uc9c8\uacfc \uc12c\uc720\uc9c8 \ud568\ub7c9\uc774 \ub192\uc2b5\ub2c8\ub2e4.","breadcrumb":{"@id":"https:\/\/naturalpoland.com\/ko\/je-pum\/sig-pum-won-ryo\/saeng-san-yong-won-ryo\/%ed%98%b8%eb%b0%95%ec%94%a8-%eb%b6%84%eb%a7%90\/#breadcrumb"},"inLanguage":"ko-KR","potentialAction":[{"@type":"ReadAction","target":["https:\/\/naturalpoland.com\/ko\/je-pum\/sig-pum-won-ryo\/saeng-san-yong-won-ryo\/%ed%98%b8%eb%b0%95%ec%94%a8-%eb%b6%84%eb%a7%90\/"]}]},{"@type":"ImageObject","inLanguage":"ko-KR","@id":"https:\/\/naturalpoland.com\/ko\/je-pum\/sig-pum-won-ryo\/saeng-san-yong-won-ryo\/%ed%98%b8%eb%b0%95%ec%94%a8-%eb%b6%84%eb%a7%90\/#primaryimage","url":"https:\/\/naturalpoland.com\/wp-content\/uploads\/mielona-pestka-dyni.webp","contentUrl":"https:\/\/naturalpoland.com\/wp-content\/uploads\/mielona-pestka-dyni.webp","width":1024,"height":1024,"caption":"\ud638\ubc15\uc528 \ubd84\ub9d0"},{"@type":"BreadcrumbList","@id":"https:\/\/naturalpoland.com\/ko\/je-pum\/sig-pum-won-ryo\/saeng-san-yong-won-ryo\/%ed%98%b8%eb%b0%95%ec%94%a8-%eb%b6%84%eb%a7%90\/#breadcrumb","itemListElement":[{"@type":"ListItem","position":1,"name":"\ud648","item":"https:\/\/naturalpoland.com\/ko\/"},{"@type":"ListItem","position":2,"name":"\uc81c\ud488","item":"https:\/\/naturalpoland.com\/ko\/%ec%a0%9c%ed%92%88\/"},{"@type":"ListItem","position":3,"name":"\ud638\ubc15\uc528 \ubd84\ub9d0"}]},{"@type":"WebSite","@id":"https:\/\/naturalpoland.com\/ko\/#website","url":"https:\/\/naturalpoland.com\/ko\/","name":"NATURAL POLAND - Hurtowy Dystrybutor Surowc\u00f3w","description":"Surowce dla przemys\u0142u spo\u017cywczego, kosmetycznego i farmaceutycznego","publisher":{"@id":"https:\/\/naturalpoland.com\/ko\/#organization"},"potentialAction":[{"@type":"SearchAction","target":{"@type":"EntryPoint","urlTemplate":"https:\/\/naturalpoland.com\/ko\/?s={search_term_string}"},"query-input":{"@type":"PropertyValueSpecification","valueRequired":true,"valueName":"search_term_string"}}],"inLanguage":"ko-KR"},{"@type":"Organization","@id":"https:\/\/naturalpoland.com\/ko\/#organization","name":"Natural Poland","url":"https:\/\/naturalpoland.com\/ko\/","logo":{"@type":"ImageObject","inLanguage":"ko-KR","@id":"https:\/\/naturalpoland.com\/ko\/#\/schema\/logo\/image\/","url":"https:\/\/naturalpoland.com\/wp-content\/uploads\/2021\/05\/natural-poland-icon.png","contentUrl":"https:\/\/naturalpoland.com\/wp-content\/uploads\/2021\/05\/natural-poland-icon.png","width":512,"height":512,"caption":"Natural Poland"},"image":{"@id":"https:\/\/naturalpoland.com\/ko\/#\/schema\/logo\/image\/"},"sameAs":["https:\/\/www.facebook.com\/naturalpoland.b2b","https:\/\/pl.linkedin.com\/company\/natural-poland","https:\/\/www.youtube.com\/channel\/UCgeGGkvOMahZo-xu_MSEWxg"]}]}},"_links":{"self":[{"href":"https:\/\/naturalpoland.com\/ko\/wp-json\/wp\/v2\/product\/43872","targetHints":{"allow":["GET"]}}],"collection":[{"href":"https:\/\/naturalpoland.com\/ko\/wp-json\/wp\/v2\/product"}],"about":[{"href":"https:\/\/naturalpoland.com\/ko\/wp-json\/wp\/v2\/types\/product"}],"wp:featuredmedia":[{"embeddable":true,"href":"https:\/\/naturalpoland.com\/ko\/wp-json\/wp\/v2\/media\/43874"}],"wp:attachment":[{"href":"https:\/\/naturalpoland.com\/ko\/wp-json\/wp\/v2\/media?parent=43872"}],"wp:term":[{"taxonomy":"product_brand","embeddable":true,"href":"https:\/\/naturalpoland.com\/ko\/wp-json\/wp\/v2\/product_brand?post=43872"},{"taxonomy":"product_cat","embeddable":true,"href":"https:\/\/naturalpoland.com\/ko\/wp-json\/wp\/v2\/product_cat?post=43872"},{"taxonomy":"product_tag","embeddable":true,"href":"https:\/\/naturalpoland.com\/ko\/wp-json\/wp\/v2\/product_tag?post=43872"}],"curies":[{"name":"wp","href":"https:\/\/api.w.org\/{rel}","templated":true}]}}