{"id":43921,"date":"2021-07-29T14:05:36","date_gmt":"2021-07-29T12:05:36","guid":{"rendered":"https:\/\/naturalpoland.com\/produkty\/uncategorized\/%eb%a1%9c%ec%a6%88%ed%9e%99-%ec%94%a8-%ec%98%a4%ec%9d%bc\/"},"modified":"2025-11-27T15:03:17","modified_gmt":"2025-11-27T14:03:17","slug":"%eb%a1%9c%ec%a6%88%ed%9e%99-%ec%94%a8-%ec%98%a4%ec%9d%bc","status":"publish","type":"product","link":"https:\/\/naturalpoland.com\/ko\/je-pum\/hwa-jang-pum-won-ryo\/hwa-jang-pum-o-il\/%eb%a1%9c%ec%a6%88%ed%9e%99-%ec%94%a8-%ec%98%a4%ec%9d%bc\/","title":{"rendered":"\ub85c\uc988\ud799 \uc528 \uc624\uc77c"},"content":{"rendered":"<h2>\uc81c\ud488 \ud2b9\uc9d5:<\/h2>\n<p>\ub85c\uc988\ud799 \uc528 \uc624\uc77c\uc740 <strong>\ub0c9\uc555\ucc29<\/strong> \ubc29\uc2dd\uc73c\ub85c \ucd94\ucd9c\ub429\ub2c8\ub2e4. \ud53c\ubd80\uc758 \uc218\ubd84 \uc9c0\uc9c8 \uc7a5\ubcbd \uae30\ub2a5\uc5d0 \ud2b9\ud788 \uc911\uc694\ud55c \ubd88\ud3ec\ud654 \ub9ac\ub180\ub808\uc0b0\uacfc \ub9ac\ub180\ub80c\uc0b0\uc758 \ub192\uc740 \ud568\ub7c9\uc744 \ud3ec\ud568\ud55c \ucc9c\uc5f0 \uc9c0\ubc29\uc0b0 \ud504\ub85c\ud544\uc744 \uac00\uc9c0\uace0 \uc788\uc2b5\ub2c8\ub2e4. \uc774 \uc6d0\ub8cc\ub294 \ud2b9\uc720\uc758 \ud5a5\uc744 \uc9c0\ub2cc \ubd88\ud22c\uba85\ud55c \uc8fc\ud669\uc0c9 \uc561\uccb4 \ud615\ud0dc\uc785\ub2c8\ub2e4. \ube44\uc815\uc81c \ud615\ud0dc \ub355\ubd84\uc5d0 \ub192\uc740 \uc0dd\uccb4 \ud65c\uc131\uc744 \uc9c0\ub2cc \uc131\ubd84\uc73c\ub85c, \ud504\ub9ac\ubbf8\uc5c4 \ud398\uc774\uc2a4 \ubc0f \ubc14\ub514 \ucf00\uc5b4 \uc81c\ud488\uc5d0 \ub110\ub9ac \uc0ac\uc6a9\ub429\ub2c8\ub2e4.  <\/p>\n<h2>\ub85c\uc988\ud799 \uc528 \uc624\uc77c\uc758 \ud2b9\uc131 \ubc0f \ud6a8\ub2a5:<\/h2>\n<p>\uc774 \uc624\uc77c\uc740 \ud53c\ubd80\uc5d0 \uc911\uc694\ud55c \ubd88\ud3ec\ud654 \uc9c0\ubc29\uc0b0\uc758 \ud48d\ubd80\ud55c \ud504\ub85c\ud544\uc744 \uac00\uc9c0\uace0 \uc788\uc2b5\ub2c8\ub2e4:<\/p>\n<ul>\n<li><strong>\ub9ac\ub180\ub808\uc0b0 (C18:2) \u2013 35%<\/strong> &#8211; \ud45c\ud53c \uc7ac\uc0dd \uacfc\uc815\uc744 \uc9c0\uc6d0\ud558\uace0, \ubcf4\ud638 \uc7a5\ubcbd \uae30\ub2a5\uc744 \uac1c\uc120\ud558\uba70, \uacbd\ud53c \uc218\ubd84 \uc190\uc2e4\uc744 \uc904\uc5ec\uc90d\ub2c8\ub2e4. \uac74\uc870\ud558\uace0 \ubbfc\uac10\ud558\uba70 \ubb38\uc81c\uc131 \ud53c\ubd80\uc5d0 \uc911\uc694\ud55c \uc131\ubd84\uc785\ub2c8\ub2e4. <\/li>\n<li><strong>\ub9ac\ub180\ub80c\uc0b0 (C18:3) \u2013 23.6%<\/strong> &#8211; \uc138\ud3ec \uc7ac\uc0dd \uacfc\uc815\uc5d0 \uc601\ud5a5\uc744 \ubbf8\uce58\uace0, \uc790\uadf9 \uc644\ud654 \ubc0f \ud53c\ubd80 \ud0c4\ub825 \uac1c\uc120\uc744 \uc9c0\uc6d0\ud569\ub2c8\ub2e4.<\/li>\n<li><strong>\uc62c\ub808\uc0b0 (C18:1) \u2013 24.6%<\/strong> &#8211; \ud65c\uc131 \uc131\ubd84\uc758 \uce68\ud22c\ub97c \uc6a9\uc774\ud558\uac8c \ud558\uace0 \ud45c\ud53c\uc758 \ubd80\ub4dc\ub7ec\uc6c0\uacfc \ub9e4\ub044\ub7ec\uc6c0\uc744 \uac1c\uc120\ud569\ub2c8\ub2e4.<\/li>\n<li><strong>\ud3ec\ud654 \uc9c0\ubc29\uc0b0 \u2013 \ud314\ubbf8\ud2b8\uc0b0 (6.2%) \ubc0f \uc2a4\ud14c\uc544\ub974\uc0b0 (3%)<\/strong> &#8211; \uc81c\ud615\uc758 \uc548\uc815\uc131\uacfc \ud53c\ubd80 \ubcf4\ud638 \uc791\uc6a9\uc744 \uc9c0\uc6d0\ud569\ub2c8\ub2e4.<\/li>\n<\/ul>\n<p>\ub85c\uc988\ud799 \uc624\uc77c\uc740 \ud53c\ubd80 \uad00\ub9ac\uc5d0 \ub2e4\uac01\uc801\uc73c\ub85c \uc791\uc6a9\ud569\ub2c8\ub2e4. \uace0\ub3c4\ubd88\ud3ec\ud654\uc9c0\ubc29\uc0b0(NNKT) \ud568\ub7c9\uc774 \ub192\uc544 \uc138\ud3ec \uc7ac\uc0dd \uacfc\uc815\uc744 \uc9c0\uc6d0\ud558\uba70, \uc774\ub294 \ud0c4\ub825\uacfc \uc720\uc5f0\uc131\uc744 \uc783\uc5b4\uac00\ub294 \uc131\uc219\ud55c \ud53c\ubd80\ub97c \uc704\ud55c \uc81c\ud488\uc5d0 \ud2b9\ud788 \uc911\uc694\ud569\ub2c8\ub2e4. \uc7ac\uc0dd \uc81c\ud615\uc5d0\uc11c <g id=\"gid_0\">\ubbf8\uc138\ud55c \uc694\ucca0\uc744 \ub9e4\ub044\ub7fd\uac8c \ud558\ub294 \ub370 \ub3c4\uc6c0\uc744 \uc8fc\uba70<\/g>, <g id=\"gid_1\">\ud45c\ud53c\uc758 \ud0c4\ub825\uc744 \uac1c\uc120\ud569\ub2c8\ub2e4<\/g>. <strong>\uc5f0\ud654 \ud2b9\uc131<\/strong> \ub355\ubd84\uc5d0 \ud53c\ubd80 \ud45c\uba74\uc5d0 \uc12c\uc138\ud558\uace0 \uac70\uc758 \ub290\uaef4\uc9c0\uc9c0 \uc54a\ub294 \ubcf4\ud638\ub9c9\uc744 \ud615\uc131\ud558\uc5ec \uc218\ubd84 \uc190\uc2e4\uc744 \uc904\uc774\uace0 \uc9c0\uc9c8 \uc7a5\ubcbd\uc758 \uc801\uc808\ud55c \uae30\ub2a5\uc744 \uc9c0\uc6d0\ud569\ub2c8\ub2e4. \ub3d9\uc2dc\uc5d0 \uc774 \uc624\uc77c\uc740 <strong>\ud53c\ubd80 \ud1a4\uc744 \uade0\uc77c\ud558\uac8c \ud558\ub294 \uc81c\uc81c<\/strong>\uc5d0\uc11c \uac00\uce58 \uc788\uac8c \uc0ac\uc6a9\ub418\ub294\ub370, \uafb8\uc900\ud788 \uc0ac\uc6a9\ud558\uba74 \ud45c\ud53c \uc7ac\uc0dd\uc744 \ub3d5\uace0 \uade0\uc77c\ud55c \uc0c9\uc18c \uce68\ucc29\uc5d0 \uc601\ud5a5\uc744 \ubbf8\uce60 \uc218 \uc788\uae30 \ub54c\ubb38\uc785\ub2c8\ub2e4.    <\/p>\n<h2>\ub85c\uc0ac \ubaa8\uc2a4\uce74\ud0c0 \uc624\uc77c\uc758 \uc801\uc6a9<\/h2>\n<p>\uc2a4\ud0a8\ucf00\uc5b4 \uc81c\ud488\uc5d0\uc11c \ub85c\uc0ac \ubaa8\uc2a4\uce74\ud0c0 \uc624\uc77c\uc740 <strong>\ud06c\ub9bc, \uc5d0\uba40\uc83c, \uc624\uc77c \uc138\ub7fc<\/strong>, \ud2b9\ud788 \uc601\uc591 \ub610\ub294 \ub178\ud654 \ubc29\uc9c0 \ud6a8\uacfc\uac00 \uc788\ub294 \uc81c\ud488\uc5d0 \ucca8\uac00\ub429\ub2c8\ub2e4. \uac74\uc870\ud558\uace0 \uc790\uadf9\ubc1b\uc740 \ud53c\ubd80\uc5d0 \uc9c4\uc815 \ud6a8\uacfc\uac00 \uc788\uc5b4, \uae30\uc0c1 \uc694\uc778 \ub178\ucd9c \ud6c4 \ud45c\ud53c\uc758 \ud3b8\uc548\ud568\uc744 \uac1c\uc120\ud558\ub294 \ub370 \uc911\uc810\uc744 \ub454 \uc81c\ud615\uc758 \uc911\uc694\ud55c \uc131\ubd84\uc774 \ub420 \uc218 \uc788\uc2b5\ub2c8\ub2e4. \ubc14\ub514 \ucf00\uc5b4\uc5d0\uc11c\ub294 <strong>\ubc24, \ubc84\ud130<\/strong>, \uadf8\ub9ac\uace0 <strong>\ub9c8\uc0ac\uc9c0 \uc624\uc77c<\/strong>\uc5d0 \uc798 \uc5b4\uc6b8\ub824 \ubbf8\ub044\ub7ec\uc6c0\uacfc \ub9e4\ub044\ub7fd\uac8c \ud558\ub294 \ud2b9\uc131\uc744 \ubd80\uc5ec\ud569\ub2c8\ub2e4. <strong>\ud5e4\uc5b4\uc6a9<\/strong> \ud654\uc7a5\ud488\uc5d0\uc11c \ub85c\uc988\ud799 \uc528 \uc624\uc77c\uc740 \ud2b9\ud788 \ubaa8\ubc1c \ub05d\uacfc \ubaa8\ubc1c \uad6c\uc870\ub97c \uc7ac\uac74\ud558\ub294 \uc81c\ud488\uc5d0\uc11c \uc5f0\ud654 \ubc0f \uc7ac\uc0dd \uc6d0\ub8cc\ub85c \uae30\ub2a5\ud569\ub2c8\ub2e4.   <\/p>\n","protected":false},"excerpt":{"rendered":"<p>\uc2dd\ud488 \ubc0f \ud654\uc7a5\ud488 \ub4f1\uae09\uc758 <strong>\ub85c\uc988\ud799 \uc528 \uc624\uc77c<\/strong> (<em>Rosa Moschata<\/em>)\uc740 \ube44\ud0c0\ubbfc A, C, \ubca0\ud0c0\uce74\ub85c\ud2f4\ubfd0\ub9cc \uc544\ub2c8\ub77c \ud544\uc218 \ubd88\ud3ec\ud654 \uc9c0\ubc29\uc0b0 \uc624\uba54\uac00 3, 6, 9\uc758 \ud48d\ubd80\ud55c \uacf5\uae09\uc6d0\uc785\ub2c8\ub2e4.<\/p>\n","protected":false},"featured_media":43922,"template":"","meta":[],"product_brand":[],"product_cat":[8135,8154],"product_tag":[],"class_list":{"0":"post-43921","1":"product","2":"type-product","3":"status-publish","4":"has-post-thumbnail","6":"product_cat-sig-yong-mit-hwa-jang-pum-yong-o-il","7":"product_cat-hwa-jang-pum-o-il","8":"pa_metoda-pozyskiwania-8179","10":"first","11":"instock","12":"shipping-taxable","13":"product-type-simple"},"yoast_head":"<!-- This site is optimized with the Yoast SEO plugin v27.3 - https:\/\/yoast.com\/product\/yoast-seo-wordpress\/ -->\n<title>\ub85c\uc988\ud799 \uc528 \uc624\uc77c - Hurtowy Dystrybutor<\/title>\n<meta name=\"description\" content=\"\uace0\ub3c4\ubd88\ud3ec\ud654\uc9c0\ubc29\uc0b0(NNKT) \ud568\ub7c9\uc774 \ub192\uc740 \ube44\uc815\uc81c \ub85c\uc988\ud799 \uc528 \uc624\uc77c(Rosa Moschata Seed Oil). \uc7ac\uc0dd \uc81c\ud488\uc6a9 \ud654\uc7a5\ud488 \uc6d0\ub8cc\uc785\ub2c8\ub2e4.\" \/>\n<meta name=\"robots\" content=\"index, follow, max-snippet:-1, max-image-preview:large, max-video-preview:-1\" \/>\n<link rel=\"canonical\" href=\"https:\/\/naturalpoland.com\/ko\/je-pum\/hwa-jang-pum-won-ryo\/hwa-jang-pum-o-il\/%eb%a1%9c%ec%a6%88%ed%9e%99-%ec%94%a8-%ec%98%a4%ec%9d%bc\/\" \/>\n<meta property=\"og:locale\" content=\"ko_KR\" \/>\n<meta property=\"og:type\" content=\"article\" \/>\n<meta property=\"og:title\" content=\"\ub85c\uc988\ud799 \uc528 \uc624\uc77c - Hurtowy Dystrybutor\" \/>\n<meta property=\"og:description\" content=\"\uace0\ub3c4\ubd88\ud3ec\ud654\uc9c0\ubc29\uc0b0(NNKT) \ud568\ub7c9\uc774 \ub192\uc740 \ube44\uc815\uc81c \ub85c\uc988\ud799 \uc528 \uc624\uc77c(Rosa Moschata Seed Oil). \uc7ac\uc0dd \uc81c\ud488\uc6a9 \ud654\uc7a5\ud488 \uc6d0\ub8cc\uc785\ub2c8\ub2e4.\" \/>\n<meta property=\"og:url\" content=\"https:\/\/naturalpoland.com\/ko\/je-pum\/hwa-jang-pum-won-ryo\/hwa-jang-pum-o-il\/%eb%a1%9c%ec%a6%88%ed%9e%99-%ec%94%a8-%ec%98%a4%ec%9d%bc\/\" \/>\n<meta property=\"og:site_name\" content=\"NATURAL POLAND - Hurtowy Dystrybutor Surowc\u00f3w\" \/>\n<meta property=\"article:publisher\" content=\"https:\/\/www.facebook.com\/naturalpoland.b2b\" \/>\n<meta property=\"article:modified_time\" content=\"2025-11-27T14:03:17+00:00\" \/>\n<meta property=\"og:image\" content=\"https:\/\/naturalpoland.com\/wp-content\/uploads\/olej-z-nasion-rozy-pizmowej.jpg\" \/>\n\t<meta property=\"og:image:width\" content=\"650\" \/>\n\t<meta property=\"og:image:height\" content=\"650\" \/>\n\t<meta property=\"og:image:type\" content=\"image\/jpeg\" \/>\n<script type=\"application\/ld+json\" class=\"yoast-schema-graph\">{\"@context\":\"https:\\\/\\\/schema.org\",\"@graph\":[{\"@type\":\"WebPage\",\"@id\":\"https:\\\/\\\/naturalpoland.com\\\/ko\\\/je-pum\\\/hwa-jang-pum-won-ryo\\\/hwa-jang-pum-o-il\\\/%eb%a1%9c%ec%a6%88%ed%9e%99-%ec%94%a8-%ec%98%a4%ec%9d%bc\\\/\",\"url\":\"https:\\\/\\\/naturalpoland.com\\\/ko\\\/je-pum\\\/hwa-jang-pum-won-ryo\\\/hwa-jang-pum-o-il\\\/%eb%a1%9c%ec%a6%88%ed%9e%99-%ec%94%a8-%ec%98%a4%ec%9d%bc\\\/\",\"name\":\"\ub85c\uc988\ud799 \uc528 \uc624\uc77c - Hurtowy Dystrybutor\",\"isPartOf\":{\"@id\":\"https:\\\/\\\/naturalpoland.com\\\/ko\\\/#website\"},\"primaryImageOfPage\":{\"@id\":\"https:\\\/\\\/naturalpoland.com\\\/ko\\\/je-pum\\\/hwa-jang-pum-won-ryo\\\/hwa-jang-pum-o-il\\\/%eb%a1%9c%ec%a6%88%ed%9e%99-%ec%94%a8-%ec%98%a4%ec%9d%bc\\\/#primaryimage\"},\"image\":{\"@id\":\"https:\\\/\\\/naturalpoland.com\\\/ko\\\/je-pum\\\/hwa-jang-pum-won-ryo\\\/hwa-jang-pum-o-il\\\/%eb%a1%9c%ec%a6%88%ed%9e%99-%ec%94%a8-%ec%98%a4%ec%9d%bc\\\/#primaryimage\"},\"thumbnailUrl\":\"https:\\\/\\\/naturalpoland.com\\\/wp-content\\\/uploads\\\/olej-z-nasion-rozy-pizmowej.jpg\",\"datePublished\":\"2021-07-29T12:05:36+00:00\",\"dateModified\":\"2025-11-27T14:03:17+00:00\",\"description\":\"\uace0\ub3c4\ubd88\ud3ec\ud654\uc9c0\ubc29\uc0b0(NNKT) \ud568\ub7c9\uc774 \ub192\uc740 \ube44\uc815\uc81c \ub85c\uc988\ud799 \uc528 \uc624\uc77c(Rosa Moschata Seed Oil). \uc7ac\uc0dd \uc81c\ud488\uc6a9 \ud654\uc7a5\ud488 \uc6d0\ub8cc\uc785\ub2c8\ub2e4.\",\"breadcrumb\":{\"@id\":\"https:\\\/\\\/naturalpoland.com\\\/ko\\\/je-pum\\\/hwa-jang-pum-won-ryo\\\/hwa-jang-pum-o-il\\\/%eb%a1%9c%ec%a6%88%ed%9e%99-%ec%94%a8-%ec%98%a4%ec%9d%bc\\\/#breadcrumb\"},\"inLanguage\":\"ko-KR\",\"potentialAction\":[{\"@type\":\"ReadAction\",\"target\":[\"https:\\\/\\\/naturalpoland.com\\\/ko\\\/je-pum\\\/hwa-jang-pum-won-ryo\\\/hwa-jang-pum-o-il\\\/%eb%a1%9c%ec%a6%88%ed%9e%99-%ec%94%a8-%ec%98%a4%ec%9d%bc\\\/\"]}]},{\"@type\":\"ImageObject\",\"inLanguage\":\"ko-KR\",\"@id\":\"https:\\\/\\\/naturalpoland.com\\\/ko\\\/je-pum\\\/hwa-jang-pum-won-ryo\\\/hwa-jang-pum-o-il\\\/%eb%a1%9c%ec%a6%88%ed%9e%99-%ec%94%a8-%ec%98%a4%ec%9d%bc\\\/#primaryimage\",\"url\":\"https:\\\/\\\/naturalpoland.com\\\/wp-content\\\/uploads\\\/olej-z-nasion-rozy-pizmowej.jpg\",\"contentUrl\":\"https:\\\/\\\/naturalpoland.com\\\/wp-content\\\/uploads\\\/olej-z-nasion-rozy-pizmowej.jpg\",\"width\":650,\"height\":650,\"caption\":\"\ub85c\uc988\ud799 \uc528 \uc624\uc77c\"},{\"@type\":\"BreadcrumbList\",\"@id\":\"https:\\\/\\\/naturalpoland.com\\\/ko\\\/je-pum\\\/hwa-jang-pum-won-ryo\\\/hwa-jang-pum-o-il\\\/%eb%a1%9c%ec%a6%88%ed%9e%99-%ec%94%a8-%ec%98%a4%ec%9d%bc\\\/#breadcrumb\",\"itemListElement\":[{\"@type\":\"ListItem\",\"position\":1,\"name\":\"\ud648\",\"item\":\"https:\\\/\\\/naturalpoland.com\\\/ko\\\/\"},{\"@type\":\"ListItem\",\"position\":2,\"name\":\"\uc81c\ud488\",\"item\":\"https:\\\/\\\/naturalpoland.com\\\/ko\\\/%ec%a0%9c%ed%92%88\\\/\"},{\"@type\":\"ListItem\",\"position\":3,\"name\":\"\ub85c\uc988\ud799 \uc528 \uc624\uc77c\"}]},{\"@type\":\"WebSite\",\"@id\":\"https:\\\/\\\/naturalpoland.com\\\/ko\\\/#website\",\"url\":\"https:\\\/\\\/naturalpoland.com\\\/ko\\\/\",\"name\":\"NATURAL POLAND - Hurtowy Dystrybutor Surowc\u00f3w\",\"description\":\"Surowce dla przemys\u0142u spo\u017cywczego, kosmetycznego i farmaceutycznego\",\"publisher\":{\"@id\":\"https:\\\/\\\/naturalpoland.com\\\/ko\\\/#organization\"},\"potentialAction\":[{\"@type\":\"SearchAction\",\"target\":{\"@type\":\"EntryPoint\",\"urlTemplate\":\"https:\\\/\\\/naturalpoland.com\\\/ko\\\/?s={search_term_string}\"},\"query-input\":{\"@type\":\"PropertyValueSpecification\",\"valueRequired\":true,\"valueName\":\"search_term_string\"}}],\"inLanguage\":\"ko-KR\"},{\"@type\":\"Organization\",\"@id\":\"https:\\\/\\\/naturalpoland.com\\\/ko\\\/#organization\",\"name\":\"Natural Poland\",\"url\":\"https:\\\/\\\/naturalpoland.com\\\/ko\\\/\",\"logo\":{\"@type\":\"ImageObject\",\"inLanguage\":\"ko-KR\",\"@id\":\"https:\\\/\\\/naturalpoland.com\\\/ko\\\/#\\\/schema\\\/logo\\\/image\\\/\",\"url\":\"https:\\\/\\\/naturalpoland.com\\\/wp-content\\\/uploads\\\/2021\\\/05\\\/natural-poland-icon.png\",\"contentUrl\":\"https:\\\/\\\/naturalpoland.com\\\/wp-content\\\/uploads\\\/2021\\\/05\\\/natural-poland-icon.png\",\"width\":512,\"height\":512,\"caption\":\"Natural Poland\"},\"image\":{\"@id\":\"https:\\\/\\\/naturalpoland.com\\\/ko\\\/#\\\/schema\\\/logo\\\/image\\\/\"},\"sameAs\":[\"https:\\\/\\\/www.facebook.com\\\/naturalpoland.b2b\",\"https:\\\/\\\/pl.linkedin.com\\\/company\\\/natural-poland\",\"https:\\\/\\\/www.youtube.com\\\/channel\\\/UCgeGGkvOMahZo-xu_MSEWxg\"]}]}<\/script>\n<!-- \/ Yoast SEO plugin. -->","yoast_head_json":{"title":"\ub85c\uc988\ud799 \uc528 \uc624\uc77c - Hurtowy Dystrybutor","description":"\uace0\ub3c4\ubd88\ud3ec\ud654\uc9c0\ubc29\uc0b0(NNKT) \ud568\ub7c9\uc774 \ub192\uc740 \ube44\uc815\uc81c \ub85c\uc988\ud799 \uc528 \uc624\uc77c(Rosa Moschata Seed Oil). \uc7ac\uc0dd \uc81c\ud488\uc6a9 \ud654\uc7a5\ud488 \uc6d0\ub8cc\uc785\ub2c8\ub2e4.","robots":{"index":"index","follow":"follow","max-snippet":"max-snippet:-1","max-image-preview":"max-image-preview:large","max-video-preview":"max-video-preview:-1"},"canonical":"https:\/\/naturalpoland.com\/ko\/je-pum\/hwa-jang-pum-won-ryo\/hwa-jang-pum-o-il\/%eb%a1%9c%ec%a6%88%ed%9e%99-%ec%94%a8-%ec%98%a4%ec%9d%bc\/","og_locale":"ko_KR","og_type":"article","og_title":"\ub85c\uc988\ud799 \uc528 \uc624\uc77c - Hurtowy Dystrybutor","og_description":"\uace0\ub3c4\ubd88\ud3ec\ud654\uc9c0\ubc29\uc0b0(NNKT) \ud568\ub7c9\uc774 \ub192\uc740 \ube44\uc815\uc81c \ub85c\uc988\ud799 \uc528 \uc624\uc77c(Rosa Moschata Seed Oil). \uc7ac\uc0dd \uc81c\ud488\uc6a9 \ud654\uc7a5\ud488 \uc6d0\ub8cc\uc785\ub2c8\ub2e4.","og_url":"https:\/\/naturalpoland.com\/ko\/je-pum\/hwa-jang-pum-won-ryo\/hwa-jang-pum-o-il\/%eb%a1%9c%ec%a6%88%ed%9e%99-%ec%94%a8-%ec%98%a4%ec%9d%bc\/","og_site_name":"NATURAL POLAND - Hurtowy Dystrybutor Surowc\u00f3w","article_publisher":"https:\/\/www.facebook.com\/naturalpoland.b2b","article_modified_time":"2025-11-27T14:03:17+00:00","og_image":[{"width":650,"height":650,"url":"https:\/\/naturalpoland.com\/wp-content\/uploads\/olej-z-nasion-rozy-pizmowej.jpg","type":"image\/jpeg"}],"schema":{"@context":"https:\/\/schema.org","@graph":[{"@type":"WebPage","@id":"https:\/\/naturalpoland.com\/ko\/je-pum\/hwa-jang-pum-won-ryo\/hwa-jang-pum-o-il\/%eb%a1%9c%ec%a6%88%ed%9e%99-%ec%94%a8-%ec%98%a4%ec%9d%bc\/","url":"https:\/\/naturalpoland.com\/ko\/je-pum\/hwa-jang-pum-won-ryo\/hwa-jang-pum-o-il\/%eb%a1%9c%ec%a6%88%ed%9e%99-%ec%94%a8-%ec%98%a4%ec%9d%bc\/","name":"\ub85c\uc988\ud799 \uc528 \uc624\uc77c - Hurtowy Dystrybutor","isPartOf":{"@id":"https:\/\/naturalpoland.com\/ko\/#website"},"primaryImageOfPage":{"@id":"https:\/\/naturalpoland.com\/ko\/je-pum\/hwa-jang-pum-won-ryo\/hwa-jang-pum-o-il\/%eb%a1%9c%ec%a6%88%ed%9e%99-%ec%94%a8-%ec%98%a4%ec%9d%bc\/#primaryimage"},"image":{"@id":"https:\/\/naturalpoland.com\/ko\/je-pum\/hwa-jang-pum-won-ryo\/hwa-jang-pum-o-il\/%eb%a1%9c%ec%a6%88%ed%9e%99-%ec%94%a8-%ec%98%a4%ec%9d%bc\/#primaryimage"},"thumbnailUrl":"https:\/\/naturalpoland.com\/wp-content\/uploads\/olej-z-nasion-rozy-pizmowej.jpg","datePublished":"2021-07-29T12:05:36+00:00","dateModified":"2025-11-27T14:03:17+00:00","description":"\uace0\ub3c4\ubd88\ud3ec\ud654\uc9c0\ubc29\uc0b0(NNKT) \ud568\ub7c9\uc774 \ub192\uc740 \ube44\uc815\uc81c \ub85c\uc988\ud799 \uc528 \uc624\uc77c(Rosa Moschata Seed Oil). \uc7ac\uc0dd \uc81c\ud488\uc6a9 \ud654\uc7a5\ud488 \uc6d0\ub8cc\uc785\ub2c8\ub2e4.","breadcrumb":{"@id":"https:\/\/naturalpoland.com\/ko\/je-pum\/hwa-jang-pum-won-ryo\/hwa-jang-pum-o-il\/%eb%a1%9c%ec%a6%88%ed%9e%99-%ec%94%a8-%ec%98%a4%ec%9d%bc\/#breadcrumb"},"inLanguage":"ko-KR","potentialAction":[{"@type":"ReadAction","target":["https:\/\/naturalpoland.com\/ko\/je-pum\/hwa-jang-pum-won-ryo\/hwa-jang-pum-o-il\/%eb%a1%9c%ec%a6%88%ed%9e%99-%ec%94%a8-%ec%98%a4%ec%9d%bc\/"]}]},{"@type":"ImageObject","inLanguage":"ko-KR","@id":"https:\/\/naturalpoland.com\/ko\/je-pum\/hwa-jang-pum-won-ryo\/hwa-jang-pum-o-il\/%eb%a1%9c%ec%a6%88%ed%9e%99-%ec%94%a8-%ec%98%a4%ec%9d%bc\/#primaryimage","url":"https:\/\/naturalpoland.com\/wp-content\/uploads\/olej-z-nasion-rozy-pizmowej.jpg","contentUrl":"https:\/\/naturalpoland.com\/wp-content\/uploads\/olej-z-nasion-rozy-pizmowej.jpg","width":650,"height":650,"caption":"\ub85c\uc988\ud799 \uc528 \uc624\uc77c"},{"@type":"BreadcrumbList","@id":"https:\/\/naturalpoland.com\/ko\/je-pum\/hwa-jang-pum-won-ryo\/hwa-jang-pum-o-il\/%eb%a1%9c%ec%a6%88%ed%9e%99-%ec%94%a8-%ec%98%a4%ec%9d%bc\/#breadcrumb","itemListElement":[{"@type":"ListItem","position":1,"name":"\ud648","item":"https:\/\/naturalpoland.com\/ko\/"},{"@type":"ListItem","position":2,"name":"\uc81c\ud488","item":"https:\/\/naturalpoland.com\/ko\/%ec%a0%9c%ed%92%88\/"},{"@type":"ListItem","position":3,"name":"\ub85c\uc988\ud799 \uc528 \uc624\uc77c"}]},{"@type":"WebSite","@id":"https:\/\/naturalpoland.com\/ko\/#website","url":"https:\/\/naturalpoland.com\/ko\/","name":"NATURAL POLAND - Hurtowy Dystrybutor Surowc\u00f3w","description":"Surowce dla przemys\u0142u spo\u017cywczego, kosmetycznego i farmaceutycznego","publisher":{"@id":"https:\/\/naturalpoland.com\/ko\/#organization"},"potentialAction":[{"@type":"SearchAction","target":{"@type":"EntryPoint","urlTemplate":"https:\/\/naturalpoland.com\/ko\/?s={search_term_string}"},"query-input":{"@type":"PropertyValueSpecification","valueRequired":true,"valueName":"search_term_string"}}],"inLanguage":"ko-KR"},{"@type":"Organization","@id":"https:\/\/naturalpoland.com\/ko\/#organization","name":"Natural Poland","url":"https:\/\/naturalpoland.com\/ko\/","logo":{"@type":"ImageObject","inLanguage":"ko-KR","@id":"https:\/\/naturalpoland.com\/ko\/#\/schema\/logo\/image\/","url":"https:\/\/naturalpoland.com\/wp-content\/uploads\/2021\/05\/natural-poland-icon.png","contentUrl":"https:\/\/naturalpoland.com\/wp-content\/uploads\/2021\/05\/natural-poland-icon.png","width":512,"height":512,"caption":"Natural Poland"},"image":{"@id":"https:\/\/naturalpoland.com\/ko\/#\/schema\/logo\/image\/"},"sameAs":["https:\/\/www.facebook.com\/naturalpoland.b2b","https:\/\/pl.linkedin.com\/company\/natural-poland","https:\/\/www.youtube.com\/channel\/UCgeGGkvOMahZo-xu_MSEWxg"]}]}},"_links":{"self":[{"href":"https:\/\/naturalpoland.com\/ko\/wp-json\/wp\/v2\/product\/43921","targetHints":{"allow":["GET"]}}],"collection":[{"href":"https:\/\/naturalpoland.com\/ko\/wp-json\/wp\/v2\/product"}],"about":[{"href":"https:\/\/naturalpoland.com\/ko\/wp-json\/wp\/v2\/types\/product"}],"wp:featuredmedia":[{"embeddable":true,"href":"https:\/\/naturalpoland.com\/ko\/wp-json\/wp\/v2\/media\/43922"}],"wp:attachment":[{"href":"https:\/\/naturalpoland.com\/ko\/wp-json\/wp\/v2\/media?parent=43921"}],"wp:term":[{"taxonomy":"product_brand","embeddable":true,"href":"https:\/\/naturalpoland.com\/ko\/wp-json\/wp\/v2\/product_brand?post=43921"},{"taxonomy":"product_cat","embeddable":true,"href":"https:\/\/naturalpoland.com\/ko\/wp-json\/wp\/v2\/product_cat?post=43921"},{"taxonomy":"product_tag","embeddable":true,"href":"https:\/\/naturalpoland.com\/ko\/wp-json\/wp\/v2\/product_tag?post=43921"}],"curies":[{"name":"wp","href":"https:\/\/api.w.org\/{rel}","templated":true}]}}