{"id":43971,"date":"2025-12-09T11:38:11","date_gmt":"2025-12-09T10:38:11","guid":{"rendered":"https:\/\/naturalpoland.com\/produkty\/uncategorized\/cica-pdrn\/"},"modified":"2025-12-09T12:25:27","modified_gmt":"2025-12-09T11:25:27","slug":"cica-pdrn","status":"publish","type":"product","link":"https:\/\/naturalpoland.com\/ko\/je-pum\/hwa-jang-pum-won-ryo\/hwal-seong-seong-bun\/cica-pdrn\/","title":{"rendered":"CICA PDRN"},"content":{"rendered":"<p>CICA PDRN\uc740 \uae00\ub85c\ubc8c \ud654\uc7a5\ud488 \ud601\uc2e0\uc758 \uc911\uc2ec\uc9c0 \uc911 \ud558\ub098\uc778 \ud55c\uad6d\uc5d0\uc11c \uac1c\ubc1c\ub41c \ucd5c\ucca8\ub2e8 \ud504\ub9ac\ubbf8\uc5c4 \uc7ac\uc0dd \uc6d0\ub8cc\uc785\ub2c8\ub2e4. \uc774 \ud3ec\ubbac\ub7ec\ub294 \ubcd1\ud480 \ucd94\ucd9c\ubb3c\uc758 \ud2b9\uc9d5\uc801\uc778 \uc9c4\uc815 \uc791\uc6a9\uacfc \uc18c\ub4d0 DNA(Sodium DNA)\uc758 \ub192\uc740 \uc7ac\uc0dd \ud65c\uc131\uc744 \ub3d9\uc2dc\uc5d0 \uc81c\uacf5\ud558\ub3c4\ub85d \uc124\uacc4\ub418\uc5c8\uc2b5\ub2c8\ub2e4. <\/p>\n<p>\uc774 \uc6d0\ub8cc\uc758 \uad6c\uc131 \uc131\ubd84\uc740 \ubb3c, \ubcd1\ud480 \ucd94\ucd9c\ubb3c(5%), \uc18c\ub4d0 DNA(0.0005% \/ 5 ppm) \ubc0f \uc21c\ud55c \ubcf4\uc2b5\uc81c\uc774\uc790 \uc548\uc815\ud654 \uc131\ubd84\uc778 1,2-\ud5e5\uc0b0\ub2e4\uc774\uc62c\uc785\ub2c8\ub2e4. \uc774\ub7ec\ud55c \uc870\ud569\uc740 \uc2dc\ub108\uc9c0 \ud6a8\uacfc\ub97c \ud1b5\ud574 \uc7ac\uc0dd \ucd09\uc9c4, \ud56d\uc5fc\uc99d \ubc0f \ud53c\ubd80 \uce58\uc720 \uc9c0\uc6d0 \uc791\uc6a9\uc744 \uc81c\uacf5\ud569\ub2c8\ub2e4. <\/p>\n<h2>CICA PDRN\uc758 \ud2b9\uc131 \ubc0f \uc791\uc6a9 \uba54\ucee4\ub2c8\uc998<\/h2>\n<p><strong>1. \uc870\uc9c1 \uc7ac\uc0dd \ubc0f \uc190\uc0c1 \uce58\uc720<\/strong><\/p>\n<p>PDRN\uc740 65\u2013325 kDa\uc758 DNA \uc911\ud569\uccb4\ub85c, \ud53c\ubd80 \uc138\ud3ec \ud45c\uba74\uc5d0 \uc874\uc7ac\ud558\ub294 <strong>\uc544\ub370\ub178\uc2e0 A2A \uc218\uc6a9\uccb4<\/strong>\ub97c \ud65c\uc131\ud654\ud569\ub2c8\ub2e4. \uc774 \uc218\uc6a9\uccb4\uc758 \uc790\uadf9\uc740 \ubcf5\uad6c \uacfc\uc815\uc744 \uc2dc\uc791\ud558\uace0, \uc12c\uc720\uc544\uc138\ud3ec \uc99d\uc2dd\uc744 \ucd09\uc9c4\ud558\uba70, \uc790\uc5f0\uc801\uc778 \uc870\uc9c1 \uc7ac\uc0dd\uc744 \uc9c0\uc6d0\ud569\ub2c8\ub2e4. <\/p>\n<p>\uc774 \uc131\ubd84\uc740 \ub610\ud55c \uc870\uc9c1 \ud5c8\ud608\uc5d0 \ub300\ud55c \uc791\uc6a9\uc744 \ub098\ud0c0\ub0b4\uba70, <strong>\ud608\uad00 \uc2e0\uc0dd\uc744 \uc9c0\uc6d0\ud558\uace0<\/strong> <strong>\ucf5c\ub77c\uac90 \ud569\uc131\uc744 \ucd09\uc9c4\ud569\ub2c8\ub2e4<\/strong>. \uc774\ub294 \ub178\ud654 \ubc29\uc9c0 \uc81c\ud488 \ubc0f \ud53c\ubd80\uacfc \uc2dc\uc220 \ud6c4 \uad00\ub9ac\uc5d0 \uc911\uc694\ud569\ub2c8\ub2e4.<\/p>\n<p><strong>2. \ud56d\uc5fc\uc99d \ubc0f \uc9c4\uc815 \uc791\uc6a9<\/strong><\/p>\n<p>\ubcd1\ud480 \ucd94\ucd9c\ubb3c\uc740 <strong>\uc544\uc2dc\uc544\ud2f0\ucf54\uc0ac\uc774\ub4dc<\/strong>\uc640 <strong>\ub9c8\ub370\uce74\uc18c\uc0ac\uc774\ub4dc<\/strong>\uc640 \uac19\uc740 \ud2b8\ub9ac\ud14c\ub974\ud398\ub178\uc774\ub4dc\uac00 \ud48d\ubd80\ud558\uba70, \uac15\ub825\ud55c \ud56d\uc5fc\uc99d \uc791\uc6a9\uc73c\ub85c \uc54c\ub824\uc838 \uc788\uc2b5\ub2c8\ub2e4. PDRN\uacfc \uacb0\ud569\ud558\uba74 \uc774 \uc6d0\ub8cc\ub294 \uc5fc\uc99d \ubc18\uc751\uc744 \ud6a8\uacfc\uc801\uc73c\ub85c \uc904\uc774\uace0 \ud658\uacbd \uc2a4\ud2b8\ub808\uc2a4, \uc790\uc678\uc120 \ub610\ub294 \ubbf8\uc6a9 \uc2dc\uc220\ub85c \uc778\ud55c \uc790\uadf9 \uc644\ud654\ub97c \ub3d5\uc2b5\ub2c8\ub2e4. <\/p>\n<p><strong>\uc5fc\uc99d \ub9c8\ucee4 \ubc1c\ud604 \uac10\uc18c<\/strong>(NF-\u03baB, IL-1, TNF-\u03b1, COX-2) \ubc0f <strong>MMP \ud65c\uc131 \uc800\ud558<\/strong>\ub294 \ucf5c\ub77c\uac90 \ubd84\ud574\ub85c\ubd80\ud130 \ubcf4\ud638\ud558\uace0 \ud53c\ubd80 \ud0c4\ub825\uc744 \uac1c\uc120\ud558\ub294 \ud6a8\uacfc\ub85c \uc774\uc5b4\uc9d1\ub2c8\ub2e4.<\/p>\n<p><strong>3. \ud53c\ubd80 \ud0c4\ub825, \uc218\ubd84 \uacf5\uae09 \ubc0f \uad6c\uc870 \uac1c\uc120<\/strong><\/p>\n<p>\uc774 \uc6d0\ub8cc\ub294 <strong>\ubcd1\ud480 \ucd94\ucd9c\ubb3c<\/strong> \ubc0f <strong>\ubcf4\uc2b5\uc81c \ud65c\uc131\uc744 \uac00\uc9c4 \uc131\ubd84\ub4e4<\/strong>\uc758 \uc874\uc7ac \ub355\ubd84\uc5d0 \ud53c\ubd80 \uc218\ubd84 \uacf5\uae09\uc744 \uac1c\uc120\ud569\ub2c8\ub2e4. \ub3d9\uc2dc\uc5d0 SOD \ud65c\uc131 \uc99d\uac00\uc640 NADPH \uc0b0\ud654\ud6a8\uc18c \ud65c\uc131 \uac10\uc18c\ub97c \ud1b5\ud574 \ucf5c\ub77c\uac90\uacfc \uc5d8\ub77c\uc2a4\ud2f4 \ud569\uc131\uc744 \ucd09\uc9c4\ud558\uba70, \uc774\uc640 \ud568\uaed8 \uba5c\ub77c\ub2cc \ud569\uc131 \uac10\uc18c\ub3c4 \ub3d9\ubc18\ub429\ub2c8\ub2e4. <\/p>\n<p>\uc774 \uc131\ubd84 \uc0ac\uc6a9\uc758 \uacb0\uacfc\ub294 \ud53c\ubd80 \ud0c4\ub825 \uc99d\uac00, \uc794\uc8fc\ub984 \uc644\ud654 \ubc0f \ubaa8\uacf5 \uac00\uc2dc\uc131 \uac10\uc18c\uc785\ub2c8\ub2e4.<\/p>\n<p><strong>4. \ud749\ud130 \ubc0f \uc0c9\uc18c \uce68\ucc29 \uac10\uc18c \uc9c0\uc6d0<\/strong><\/p>\n<p>\uc7ac\uc0dd \ud2b9\uc131 \ubc0f \uc5fc\uc99d \uacfc\uc815 \uc870\uc808 \ub355\ubd84\uc5d0 CICA PDRN\uc740 <strong>\ud749\ud130, \uc5fc\uc99d \ud6c4 \uc0c9\uc18c \uce68\ucc29 \ubc0f \uc5ec\ub4dc\ub984 \ud754\uc801\uc758 \uac00\uc2dc\uc131 \uac10\uc18c<\/strong>\ub97c \uc9c0\uc6d0\ud558\ub294 \uc81c\ud488\uc5d0 \uc0ac\uc6a9\ub429\ub2c8\ub2e4. \uc774 \uba54\ucee4\ub2c8\uc998\uc740 \ud53c\ubd80 \uc0c9\uc18c \uce68\ucc29 \uacfc\uc815\uc758 \ud575\uc2ec \uc694\uc18c\uc778 <strong>MITF \ubc1c\ud604 \uc870\uc808<\/strong> \ubc0f <strong>\ud2f0\ub85c\uc2dc\ub098\uc544\uc81c \ud65c\uc131<\/strong>\uc5d0\uc11c \ube44\ub86f\ub429\ub2c8\ub2e4. <\/p>\n<h2>\ud654\uc7a5\ud488\uc5d0\uc11c\uc758 CICA PDRN \uc801\uc6a9<\/h2>\n<p>CICA PDRN\uc740 \ub2e4\uae30\ub2a5 \uc131\ubd84\uc73c\ub85c \ub2e4\uc74c \uc81c\ud488\uc5d0 \uad8c\uc7a5\ub429\ub2c8\ub2e4:<\/p>\n<ul>\n<li><strong>\uc7ac\uc0dd \ud654\uc7a5\ud488<\/strong> \u2013 \uc7a5\ubcbd \uc7ac\uac74 \uc138\ub7fc, \uc7ac\uc0dd \ud06c\ub9bc, \ud53c\ubd80\uacfc \uc2dc\uc220 \ud6c4 \uad00\ub9ac,<\/li>\n<li><strong>\uc548\ud2f0\uc5d0\uc774\uc9d5 \ud654\uc7a5\ud488<\/strong> \u2013 \uc8fc\ub984 \uac1c\uc120 \ud3ec\ubbac\ub7ec, \ud0c4\ub825 \ubc0f \uc720\uc5f0\uc131 \uac1c\uc120,<\/li>\n<li><strong>\ubbfc\uac10\uc131 \ud53c\ubd80\uc6a9 \ud654\uc7a5\ud488<\/strong> \u2013 \uc9c4\uc815 \ud06c\ub9bc \ubc0f \uc5d0\uba40\uc804, \ubd89\uc740\uae30 \uc644\ud654 \uc81c\ud488,<\/li>\n<li><strong>\ubb38\uc81c\uc131 \ud53c\ubd80 \uad00\ub9ac\uc6a9 \ud654\uc7a5\ud488<\/strong> \u2013 \ubcd1\ubcc0 \uce58\uc720 \uc9c0\uc6d0, \ud749\ud130 \ubc0f \uc0c9\uc18c \uce68\ucc29 \uac10\uc18c,<\/li>\n<li><strong>\ud53c\ubd80\uacfc \ubc0f \uc804\ubb38\uac00\uc6a9 \uc81c\ud488<\/strong> \u2013 \uc2dc\uc220 \ud6c4 \ub9c8\uc2a4\ud06c, \uc570\ud50c, \uc804\ubb38\uac00\uc6a9 \uc81c\ud488,<\/li>\n<li><strong>\ubc14\ub514 \ucf00\uc5b4<\/strong> \u2013 \uc7ac\uc0dd \ubc24, \uc790\uadf9\ubc1b\uc740 \ud53c\ubd80\uc6a9 \uc81c\ud488.<\/li>\n<\/ul>\n<p>\ub113\uc740 \uc791\uc6a9 \uc2a4\ud399\ud2b8\ub7fc\uacfc \ub9e4\uc6b0 \ub0ae\uc740 \ud65c\uc131 DNA \ub18d\ub3c4(5 ppm) \ub355\ubd84\uc5d0 \uc774 \uc6d0\ub8cc\ub294 \uac00\ubcbc\uc6b4 \uc5d0\uba40\uc804\uacfc \ud48d\ubd80\ud55c \ud06c\ub9bc \uc81c\ud615 \ubaa8\ub450\uc5d0 \uc798 \uc5b4\uc6b8\ub9bd\ub2c8\ub2e4.<\/p>\n<p>&nbsp;<\/p>\n","protected":false},"excerpt":{"rendered":"<p><strong>CICA PDRN<\/strong>\uc740 \ucca8\ub2e8 \uc0dd\uccb4 \ud65c\uc131 \ubcf5\ud569\uccb4\ub85c, <a href=\"https:\/\/naturalpoland.com\/ko\/je-pum\/ui-yak-pum-won-ryo\/geon-gang-gi-neung-sig-pum-cheom-ga-mul\/cuculmul-robuteo-bakeurota-asiatig\/\"><strong>\ubcd1\ud480 \ucd94\ucd9c\ubb3c<\/strong><\/a>\uacfc \ub3d9\uc77c \uc2dd\ubb3c\uc5d0\uc11c \ucd94\ucd9c\ud55c <strong>\ud3f4\ub9ac\ub370\uc625\uc2dc\ub9ac\ubcf4\ub274\ud074\ub808\uc624\ud0c0\uc774\ub4dc<\/strong>(PDRN)\ub97c \uacb0\ud569\ud569\ub2c8\ub2e4.<\/p>\n","protected":false},"featured_media":43972,"template":"","meta":{"_acf_changed":false},"product_brand":[],"product_cat":[10353,8159],"product_tag":[],"class_list":{"0":"post-43971","1":"product","2":"type-product","3":"status-publish","4":"has-post-thumbnail","6":"product_cat-hanguk-wonryo","7":"product_cat-hwal-seong-seong-bun","8":"pa_skladnik-aktywny-9443","9":"pa_skladnik-aktywny--dna","11":"first","12":"instock","13":"shipping-taxable","14":"product-type-simple"},"acf":[],"yoast_head":"<!-- This site is optimized with the Yoast SEO plugin v27.4 - https:\/\/yoast.com\/product\/yoast-seo-wordpress\/ -->\n<title>CICA PDRN - Hurtowy Dystrybutor<\/title>\n<meta name=\"description\" content=\"CICA PDRN\uc740 \ubcd1\ud480 \ucd94\ucd9c\ubb3c\uacfc PDRN\uc744 \uacb0\ud569\ud55c \ud55c\uad6d\uc0b0 \uc7ac\uc0dd \uc6d0\ub8cc\uc785\ub2c8\ub2e4. \uce58\uc720\ub97c \ub3d5\uace0, \ud0c4\ub825\uc744 \uac1c\uc120\ud558\uba70, \ud53c\ubd80 \uc5fc\uc99d\uc744 \uc904\uc785\ub2c8\ub2e4.\" \/>\n<meta name=\"robots\" content=\"index, follow, max-snippet:-1, max-image-preview:large, max-video-preview:-1\" \/>\n<link rel=\"canonical\" href=\"https:\/\/naturalpoland.com\/ko\/je-pum\/hwa-jang-pum-won-ryo\/hwal-seong-seong-bun\/cica-pdrn\/\" \/>\n<meta property=\"og:locale\" content=\"ko_KR\" \/>\n<meta property=\"og:type\" content=\"article\" \/>\n<meta property=\"og:title\" content=\"CICA PDRN - Hurtowy Dystrybutor\" \/>\n<meta property=\"og:description\" content=\"CICA PDRN\uc740 \ubcd1\ud480 \ucd94\ucd9c\ubb3c\uacfc PDRN\uc744 \uacb0\ud569\ud55c \ud55c\uad6d\uc0b0 \uc7ac\uc0dd \uc6d0\ub8cc\uc785\ub2c8\ub2e4. \uce58\uc720\ub97c \ub3d5\uace0, \ud0c4\ub825\uc744 \uac1c\uc120\ud558\uba70, \ud53c\ubd80 \uc5fc\uc99d\uc744 \uc904\uc785\ub2c8\ub2e4.\" \/>\n<meta property=\"og:url\" content=\"https:\/\/naturalpoland.com\/ko\/je-pum\/hwa-jang-pum-won-ryo\/hwal-seong-seong-bun\/cica-pdrn\/\" \/>\n<meta property=\"og:site_name\" content=\"NATURAL POLAND - Hurtowy Dystrybutor Surowc\u00f3w\" \/>\n<meta property=\"article:publisher\" content=\"https:\/\/www.facebook.com\/naturalpoland.b2b\" \/>\n<meta property=\"article:modified_time\" content=\"2025-12-09T11:25:27+00:00\" \/>\n<meta property=\"og:image\" content=\"https:\/\/naturalpoland.com\/wp-content\/uploads\/cica-pdrn.webp\" \/>\n\t<meta property=\"og:image:width\" content=\"1024\" \/>\n\t<meta property=\"og:image:height\" content=\"1024\" \/>\n\t<meta property=\"og:image:type\" content=\"image\/webp\" \/>\n<script type=\"application\/ld+json\" class=\"yoast-schema-graph\">{\"@context\":\"https:\\\/\\\/schema.org\",\"@graph\":[{\"@type\":\"WebPage\",\"@id\":\"https:\\\/\\\/naturalpoland.com\\\/ko\\\/je-pum\\\/hwa-jang-pum-won-ryo\\\/hwal-seong-seong-bun\\\/cica-pdrn\\\/\",\"url\":\"https:\\\/\\\/naturalpoland.com\\\/ko\\\/je-pum\\\/hwa-jang-pum-won-ryo\\\/hwal-seong-seong-bun\\\/cica-pdrn\\\/\",\"name\":\"CICA PDRN - Hurtowy Dystrybutor\",\"isPartOf\":{\"@id\":\"https:\\\/\\\/naturalpoland.com\\\/ko\\\/#website\"},\"primaryImageOfPage\":{\"@id\":\"https:\\\/\\\/naturalpoland.com\\\/ko\\\/je-pum\\\/hwa-jang-pum-won-ryo\\\/hwal-seong-seong-bun\\\/cica-pdrn\\\/#primaryimage\"},\"image\":{\"@id\":\"https:\\\/\\\/naturalpoland.com\\\/ko\\\/je-pum\\\/hwa-jang-pum-won-ryo\\\/hwal-seong-seong-bun\\\/cica-pdrn\\\/#primaryimage\"},\"thumbnailUrl\":\"https:\\\/\\\/naturalpoland.com\\\/wp-content\\\/uploads\\\/cica-pdrn.webp\",\"datePublished\":\"2025-12-09T10:38:11+00:00\",\"dateModified\":\"2025-12-09T11:25:27+00:00\",\"description\":\"CICA PDRN\uc740 \ubcd1\ud480 \ucd94\ucd9c\ubb3c\uacfc PDRN\uc744 \uacb0\ud569\ud55c \ud55c\uad6d\uc0b0 \uc7ac\uc0dd \uc6d0\ub8cc\uc785\ub2c8\ub2e4. \uce58\uc720\ub97c \ub3d5\uace0, \ud0c4\ub825\uc744 \uac1c\uc120\ud558\uba70, \ud53c\ubd80 \uc5fc\uc99d\uc744 \uc904\uc785\ub2c8\ub2e4.\",\"breadcrumb\":{\"@id\":\"https:\\\/\\\/naturalpoland.com\\\/ko\\\/je-pum\\\/hwa-jang-pum-won-ryo\\\/hwal-seong-seong-bun\\\/cica-pdrn\\\/#breadcrumb\"},\"inLanguage\":\"ko-KR\",\"potentialAction\":[{\"@type\":\"ReadAction\",\"target\":[\"https:\\\/\\\/naturalpoland.com\\\/ko\\\/je-pum\\\/hwa-jang-pum-won-ryo\\\/hwal-seong-seong-bun\\\/cica-pdrn\\\/\"]}]},{\"@type\":\"ImageObject\",\"inLanguage\":\"ko-KR\",\"@id\":\"https:\\\/\\\/naturalpoland.com\\\/ko\\\/je-pum\\\/hwa-jang-pum-won-ryo\\\/hwal-seong-seong-bun\\\/cica-pdrn\\\/#primaryimage\",\"url\":\"https:\\\/\\\/naturalpoland.com\\\/wp-content\\\/uploads\\\/cica-pdrn.webp\",\"contentUrl\":\"https:\\\/\\\/naturalpoland.com\\\/wp-content\\\/uploads\\\/cica-pdrn.webp\",\"width\":1024,\"height\":1024,\"caption\":\"CICA PDRN\"},{\"@type\":\"BreadcrumbList\",\"@id\":\"https:\\\/\\\/naturalpoland.com\\\/ko\\\/je-pum\\\/hwa-jang-pum-won-ryo\\\/hwal-seong-seong-bun\\\/cica-pdrn\\\/#breadcrumb\",\"itemListElement\":[{\"@type\":\"ListItem\",\"position\":1,\"name\":\"\ud648\",\"item\":\"https:\\\/\\\/naturalpoland.com\\\/ko\\\/\"},{\"@type\":\"ListItem\",\"position\":2,\"name\":\"\uc81c\ud488\",\"item\":\"https:\\\/\\\/naturalpoland.com\\\/ko\\\/%ec%a0%9c%ed%92%88\\\/\"},{\"@type\":\"ListItem\",\"position\":3,\"name\":\"CICA PDRN\"}]},{\"@type\":\"WebSite\",\"@id\":\"https:\\\/\\\/naturalpoland.com\\\/ko\\\/#website\",\"url\":\"https:\\\/\\\/naturalpoland.com\\\/ko\\\/\",\"name\":\"NATURAL POLAND - Hurtowy Dystrybutor Surowc\u00f3w\",\"description\":\"Surowce dla przemys\u0142u spo\u017cywczego, kosmetycznego i farmaceutycznego\",\"publisher\":{\"@id\":\"https:\\\/\\\/naturalpoland.com\\\/ko\\\/#organization\"},\"potentialAction\":[{\"@type\":\"SearchAction\",\"target\":{\"@type\":\"EntryPoint\",\"urlTemplate\":\"https:\\\/\\\/naturalpoland.com\\\/ko\\\/?s={search_term_string}\"},\"query-input\":{\"@type\":\"PropertyValueSpecification\",\"valueRequired\":true,\"valueName\":\"search_term_string\"}}],\"inLanguage\":\"ko-KR\"},{\"@type\":\"Organization\",\"@id\":\"https:\\\/\\\/naturalpoland.com\\\/ko\\\/#organization\",\"name\":\"Natural Poland\",\"url\":\"https:\\\/\\\/naturalpoland.com\\\/ko\\\/\",\"logo\":{\"@type\":\"ImageObject\",\"inLanguage\":\"ko-KR\",\"@id\":\"https:\\\/\\\/naturalpoland.com\\\/ko\\\/#\\\/schema\\\/logo\\\/image\\\/\",\"url\":\"https:\\\/\\\/naturalpoland.com\\\/wp-content\\\/uploads\\\/2021\\\/05\\\/natural-poland-icon.png\",\"contentUrl\":\"https:\\\/\\\/naturalpoland.com\\\/wp-content\\\/uploads\\\/2021\\\/05\\\/natural-poland-icon.png\",\"width\":512,\"height\":512,\"caption\":\"Natural Poland\"},\"image\":{\"@id\":\"https:\\\/\\\/naturalpoland.com\\\/ko\\\/#\\\/schema\\\/logo\\\/image\\\/\"},\"sameAs\":[\"https:\\\/\\\/www.facebook.com\\\/naturalpoland.b2b\",\"https:\\\/\\\/pl.linkedin.com\\\/company\\\/natural-poland\",\"https:\\\/\\\/www.youtube.com\\\/channel\\\/UCgeGGkvOMahZo-xu_MSEWxg\"]}]}<\/script>\n<!-- \/ Yoast SEO plugin. -->","yoast_head_json":{"title":"CICA PDRN - Hurtowy Dystrybutor","description":"CICA PDRN\uc740 \ubcd1\ud480 \ucd94\ucd9c\ubb3c\uacfc PDRN\uc744 \uacb0\ud569\ud55c \ud55c\uad6d\uc0b0 \uc7ac\uc0dd \uc6d0\ub8cc\uc785\ub2c8\ub2e4. \uce58\uc720\ub97c \ub3d5\uace0, \ud0c4\ub825\uc744 \uac1c\uc120\ud558\uba70, \ud53c\ubd80 \uc5fc\uc99d\uc744 \uc904\uc785\ub2c8\ub2e4.","robots":{"index":"index","follow":"follow","max-snippet":"max-snippet:-1","max-image-preview":"max-image-preview:large","max-video-preview":"max-video-preview:-1"},"canonical":"https:\/\/naturalpoland.com\/ko\/je-pum\/hwa-jang-pum-won-ryo\/hwal-seong-seong-bun\/cica-pdrn\/","og_locale":"ko_KR","og_type":"article","og_title":"CICA PDRN - Hurtowy Dystrybutor","og_description":"CICA PDRN\uc740 \ubcd1\ud480 \ucd94\ucd9c\ubb3c\uacfc PDRN\uc744 \uacb0\ud569\ud55c \ud55c\uad6d\uc0b0 \uc7ac\uc0dd \uc6d0\ub8cc\uc785\ub2c8\ub2e4. \uce58\uc720\ub97c \ub3d5\uace0, \ud0c4\ub825\uc744 \uac1c\uc120\ud558\uba70, \ud53c\ubd80 \uc5fc\uc99d\uc744 \uc904\uc785\ub2c8\ub2e4.","og_url":"https:\/\/naturalpoland.com\/ko\/je-pum\/hwa-jang-pum-won-ryo\/hwal-seong-seong-bun\/cica-pdrn\/","og_site_name":"NATURAL POLAND - Hurtowy Dystrybutor Surowc\u00f3w","article_publisher":"https:\/\/www.facebook.com\/naturalpoland.b2b","article_modified_time":"2025-12-09T11:25:27+00:00","og_image":[{"width":1024,"height":1024,"url":"https:\/\/naturalpoland.com\/wp-content\/uploads\/cica-pdrn.webp","type":"image\/webp"}],"schema":{"@context":"https:\/\/schema.org","@graph":[{"@type":"WebPage","@id":"https:\/\/naturalpoland.com\/ko\/je-pum\/hwa-jang-pum-won-ryo\/hwal-seong-seong-bun\/cica-pdrn\/","url":"https:\/\/naturalpoland.com\/ko\/je-pum\/hwa-jang-pum-won-ryo\/hwal-seong-seong-bun\/cica-pdrn\/","name":"CICA PDRN - Hurtowy Dystrybutor","isPartOf":{"@id":"https:\/\/naturalpoland.com\/ko\/#website"},"primaryImageOfPage":{"@id":"https:\/\/naturalpoland.com\/ko\/je-pum\/hwa-jang-pum-won-ryo\/hwal-seong-seong-bun\/cica-pdrn\/#primaryimage"},"image":{"@id":"https:\/\/naturalpoland.com\/ko\/je-pum\/hwa-jang-pum-won-ryo\/hwal-seong-seong-bun\/cica-pdrn\/#primaryimage"},"thumbnailUrl":"https:\/\/naturalpoland.com\/wp-content\/uploads\/cica-pdrn.webp","datePublished":"2025-12-09T10:38:11+00:00","dateModified":"2025-12-09T11:25:27+00:00","description":"CICA PDRN\uc740 \ubcd1\ud480 \ucd94\ucd9c\ubb3c\uacfc PDRN\uc744 \uacb0\ud569\ud55c \ud55c\uad6d\uc0b0 \uc7ac\uc0dd \uc6d0\ub8cc\uc785\ub2c8\ub2e4. \uce58\uc720\ub97c \ub3d5\uace0, \ud0c4\ub825\uc744 \uac1c\uc120\ud558\uba70, \ud53c\ubd80 \uc5fc\uc99d\uc744 \uc904\uc785\ub2c8\ub2e4.","breadcrumb":{"@id":"https:\/\/naturalpoland.com\/ko\/je-pum\/hwa-jang-pum-won-ryo\/hwal-seong-seong-bun\/cica-pdrn\/#breadcrumb"},"inLanguage":"ko-KR","potentialAction":[{"@type":"ReadAction","target":["https:\/\/naturalpoland.com\/ko\/je-pum\/hwa-jang-pum-won-ryo\/hwal-seong-seong-bun\/cica-pdrn\/"]}]},{"@type":"ImageObject","inLanguage":"ko-KR","@id":"https:\/\/naturalpoland.com\/ko\/je-pum\/hwa-jang-pum-won-ryo\/hwal-seong-seong-bun\/cica-pdrn\/#primaryimage","url":"https:\/\/naturalpoland.com\/wp-content\/uploads\/cica-pdrn.webp","contentUrl":"https:\/\/naturalpoland.com\/wp-content\/uploads\/cica-pdrn.webp","width":1024,"height":1024,"caption":"CICA PDRN"},{"@type":"BreadcrumbList","@id":"https:\/\/naturalpoland.com\/ko\/je-pum\/hwa-jang-pum-won-ryo\/hwal-seong-seong-bun\/cica-pdrn\/#breadcrumb","itemListElement":[{"@type":"ListItem","position":1,"name":"\ud648","item":"https:\/\/naturalpoland.com\/ko\/"},{"@type":"ListItem","position":2,"name":"\uc81c\ud488","item":"https:\/\/naturalpoland.com\/ko\/%ec%a0%9c%ed%92%88\/"},{"@type":"ListItem","position":3,"name":"CICA PDRN"}]},{"@type":"WebSite","@id":"https:\/\/naturalpoland.com\/ko\/#website","url":"https:\/\/naturalpoland.com\/ko\/","name":"NATURAL POLAND - Hurtowy Dystrybutor Surowc\u00f3w","description":"Surowce dla przemys\u0142u spo\u017cywczego, kosmetycznego i farmaceutycznego","publisher":{"@id":"https:\/\/naturalpoland.com\/ko\/#organization"},"potentialAction":[{"@type":"SearchAction","target":{"@type":"EntryPoint","urlTemplate":"https:\/\/naturalpoland.com\/ko\/?s={search_term_string}"},"query-input":{"@type":"PropertyValueSpecification","valueRequired":true,"valueName":"search_term_string"}}],"inLanguage":"ko-KR"},{"@type":"Organization","@id":"https:\/\/naturalpoland.com\/ko\/#organization","name":"Natural Poland","url":"https:\/\/naturalpoland.com\/ko\/","logo":{"@type":"ImageObject","inLanguage":"ko-KR","@id":"https:\/\/naturalpoland.com\/ko\/#\/schema\/logo\/image\/","url":"https:\/\/naturalpoland.com\/wp-content\/uploads\/2021\/05\/natural-poland-icon.png","contentUrl":"https:\/\/naturalpoland.com\/wp-content\/uploads\/2021\/05\/natural-poland-icon.png","width":512,"height":512,"caption":"Natural Poland"},"image":{"@id":"https:\/\/naturalpoland.com\/ko\/#\/schema\/logo\/image\/"},"sameAs":["https:\/\/www.facebook.com\/naturalpoland.b2b","https:\/\/pl.linkedin.com\/company\/natural-poland","https:\/\/www.youtube.com\/channel\/UCgeGGkvOMahZo-xu_MSEWxg"]}]}},"_links":{"self":[{"href":"https:\/\/naturalpoland.com\/ko\/wp-json\/wp\/v2\/product\/43971","targetHints":{"allow":["GET"]}}],"collection":[{"href":"https:\/\/naturalpoland.com\/ko\/wp-json\/wp\/v2\/product"}],"about":[{"href":"https:\/\/naturalpoland.com\/ko\/wp-json\/wp\/v2\/types\/product"}],"wp:featuredmedia":[{"embeddable":true,"href":"https:\/\/naturalpoland.com\/ko\/wp-json\/wp\/v2\/media\/43972"}],"wp:attachment":[{"href":"https:\/\/naturalpoland.com\/ko\/wp-json\/wp\/v2\/media?parent=43971"}],"wp:term":[{"taxonomy":"product_brand","embeddable":true,"href":"https:\/\/naturalpoland.com\/ko\/wp-json\/wp\/v2\/product_brand?post=43971"},{"taxonomy":"product_cat","embeddable":true,"href":"https:\/\/naturalpoland.com\/ko\/wp-json\/wp\/v2\/product_cat?post=43971"},{"taxonomy":"product_tag","embeddable":true,"href":"https:\/\/naturalpoland.com\/ko\/wp-json\/wp\/v2\/product_tag?post=43971"}],"curies":[{"name":"wp","href":"https:\/\/api.w.org\/{rel}","templated":true}]}}