{"id":43997,"date":"2025-12-09T12:05:02","date_gmt":"2025-12-09T11:05:02","guid":{"rendered":"https:\/\/naturalpoland.com\/produkty\/uncategorized\/%ed%94%bc%ed%86%a0%eb%a0%88%ed%8b%b0%eb%86%80-%ec%bd%a4%ed%94%8c%eb%a0%89%ec%8a%a4\/"},"modified":"2025-12-09T13:51:38","modified_gmt":"2025-12-09T12:51:38","slug":"%ed%94%bc%ed%86%a0%eb%a0%88%ed%8b%b0%eb%86%80-%ec%bd%a4%ed%94%8c%eb%a0%89%ec%8a%a4","status":"publish","type":"product","link":"https:\/\/naturalpoland.com\/ko\/je-pum\/hwa-jang-pum-won-ryo\/hwal-seong-seong-bun\/%ed%94%bc%ed%86%a0%eb%a0%88%ed%8b%b0%eb%86%80-%ec%bd%a4%ed%94%8c%eb%a0%89%ec%8a%a4\/","title":{"rendered":"\ud53c\ud1a0\ub808\ud2f0\ub180 \ucf64\ud50c\ub809\uc2a4"},"content":{"rendered":"<p>\ud53c\ud1a0\ub808\ud2f0\ub180 \ucf64\ud50c\ub809\uc2a4 \ud3ec\ubbac\ub7ec\ub294 <strong>\ud06c\ub9ac\ud2ac \ub9c8\ub9ac\ud2f0\ubb44 \uc2dd\ubb3c \ucd94\ucd9c\ubb3c<\/strong>(\uc2dd\ubb3c\uc131 \ub808\ud2f0\ub180, &#8220;\uadf8\ub9b0 \ub808\ud2f0\ub180&#8221;\uc774\ub77c\uace0\ub3c4 \ud568), <strong>\ub80c\uc988 \uc5d0\uc2a4\ucfe8\ub80c\ud0c0 <em>(Lens esculenta)<\/em> \ub80c\ud2f8\ucf69 \ucd94\ucd9c\ubb3c<\/strong> \ubc0f <strong>\ub2e4\uc6b0\ucfe0\uc2a4 \uce74\ub85c\ud0c0 \uc0ac\ud2f0\ubc14 <em>(Daucus carota sativa)<\/em> \ub2f9\uadfc \ubfcc\ub9ac \ucd94\ucd9c\ubb3c<\/strong>\uc744 \uae30\ubc18\uc73c\ub85c \ud569\ub2c8\ub2e4. \uc774 \uc131\ubd84\ub4e4\uc740 \uc2dc\ub108\uc9c0 \ud6a8\uacfc\ub97c \ub0b4\ub294 \ucf64\ud50c\ub809\uc2a4\ub97c \ud615\uc131\ud558\uc5ec \ud53c\ubd80 \ud0c4\ub825\uc744 \uc9c0\uc6d0\ud558\uace0, \uc218\ubd84 \uc218\uc900\uc744 \ub192\uc774\uba70, \ub808\ud2f0\ub178\uc774\ub4dc\uc5d0\uc11c \ud754\ud788 \ubc1c\uc0dd\ud558\ub294 \uc790\uadf9 \uc704\ud5d8 \uc5c6\uc774 \uc8fc\ub984\uc758 \uac00\uc2dc\uc131\uc744 \uac1c\uc120\ud569\ub2c8\ub2e4. <\/p>\n<p>\uc601\uc591\uac00 \uc788\ub294 \uc2dd\ubb3c\uc131 \ud654\ud569\ubb3c, \ubbf8\ub124\ub784 \ubc0f \ucc9c\uc5f0 \ud56d\uc0b0\ud654\uc81c\uc758 \uc870\ud569 \ub355\ubd84\uc5d0 \uc774 \uc6d0\ub8cc\ub294 \uc131\uc219\ud558\uace0 \uc9c0\uce58\uba70 \uac74\uc870\ud558\uace0 \ud0c4\ub825\uc744 \uc783\uc740 \ud53c\ubd80 \uad00\ub9ac\uc5d0 \ub192\uc740 \ud6a8\ub2a5\uc744 \ubcf4\uc785\ub2c8\ub2e4. \uc21c\ud55c \ud2b9\uc131\uc73c\ub85c \uc778\ud574 \ubbfc\uac10\uc131 \ud53c\ubd80\uc6a9 \uc81c\ud615\uc5d0\ub3c4 \uc801\ud569\ud569\ub2c8\ub2e4. <\/p>\n<h2>\ud53c\ud1a0\ub808\ud2f0\ub180 \ucf64\ud50c\ub809\uc2a4\uc758 \ud2b9\uc131<\/h2>\n<p><strong>1. \uc8fc\ub984 \uc644\ud654 \ubc0f \ud0c4\ub825 \uac1c\uc120<\/strong><\/p>\n<p>\uc774 \ucf64\ud50c\ub809\uc2a4\ub294 \ud53c\ubd80 \ud0c4\ub825\uc744 \ud6a8\uacfc\uc801\uc73c\ub85c \ub192\uc774\uace0 \uadf8 \uad6c\uc870\ub97c \ub208\uc5d0 \ub744\uac8c \uac1c\uc120\ud558\uba70, \ud45c\ud53c \uc7ac\uc0dd \uacfc\uc815\uc744 \uc9c0\uc6d0\ud558\uace0 \uc8fc\ub984 \uac1c\uc120 \ud6a8\uacfc\ub97c \uc81c\uacf5\ud569\ub2c8\ub2e4. \ud398\ub180 \ud654\ud569\ubb3c\uacfc \ube44\ud0c0\ubbfc\uc774 \ud48d\ubd80\ud55c \ud06c\ub9ac\ud2ac \ub9c8\ub9ac\ud2f0\ubb44 \ucd94\ucd9c\ubb3c\uc740 <strong>\ucc9c\uc5f0 \ub808\ud2f0\ub180 \ub300\uccb4\uc7ac<\/strong>\ub85c \uc54c\ub824\uc838 \uc788\uc73c\uba70, \uc138\ud3ec \uc7ac\uc0dd\uc744 \ucd09\uc9c4\ud558\uace0 \ud0c4\ub825\uc744 \uac1c\uc120\ud558\ub294 \ub3d9\uc2dc\uc5d0 \uac01\uc9c8 \uc81c\uac70 \ud6a8\uacfc\ub97c \uc720\ubc1c\ud558\uc9c0 \uc54a\uc2b5\ub2c8\ub2e4. <\/p>\n<p><strong>2. \ud56d\uc0b0\ud654 \ubc0f \ud56d\ub2f9\ud654 \uc791\uc6a9<\/strong><\/p>\n<p>\uc774 \ucf64\ud50c\ub809\uc2a4\ub294 \ucf5c\ub77c\uac90 \uc12c\uc720 \ubcf4\ud638\uc5d0 \uae30\uc5ec\ud558\uace0 \ud53c\ubd80 \ub178\ud654 \uacfc\uc815\uc744 \uc9c0\uc5f0\uc2dc\ud0b5\ub2c8\ub2e4. \ub2f9\uadfc \ucd94\ucd9c\ubb3c(\uce74\ub85c\ud2f0\ub178\uc774\ub4dc)\uacfc \ub80c\ud2f8\ucf69\uc5d0 \ud568\uc720\ub41c \ud56d\uc0b0\ud654\uc81c\ub294 \uc0b0\ud654 \uc2a4\ud2b8\ub808\uc2a4\ub97c \uc904\uc774\uace0 \ud53c\ubd80 \ubcf4\ud638 \uc7a5\ubcbd\uc744 \uac15\ud654\ud569\ub2c8\ub2e4. <\/p>\n<p><strong>3. \uc218\ubd84 \uacf5\uae09 \ubc0f \ud53c\ubd80\uacb0 \uac1c\uc120<\/strong><\/p>\n<p>\uc774 \uc6d0\ub8cc\ub294 \ub80c\uc988 \uc5d0\uc2a4\ucfe8\ub80c\ud0c0(Lens esculenta) \ucd94\ucd9c\ubb3c \ub355\ubd84\uc5d0 \ubcf4\uc2b5 \ud6a8\uacfc\ub97c \uc81c\uacf5\ud558\uba70, \uc774\ub294 \uacbd\ud53c \uc218\ubd84 \uc190\uc2e4(TEWL)\uc744 \ubc29\uc9c0\ud558\uace0 \uc218\ubd84-\uc9c0\uc9c8 \uade0\ud615\uc744 \uc9c0\uc6d0\ud569\ub2c8\ub2e4. \uadf8 \uacb0\uacfc, \ub354\uc6b1 \ubd80\ub4dc\ub7fd\uace0 \ub9e4\ub044\ub7ec\uc6b0\uba70 \ud65c\ub825 \ub118\uce58\ub294 \ud53c\ubd80\ub97c \uc120\uc0ac\ud569\ub2c8\ub2e4. <\/p>\n<p><strong>4. \ubcf4\ud638 \uc7a5\ubcbd \uac15\ud654<\/strong><\/p>\n<p>\uc6d0\ub8cc\uc5d0 \ud568\uc720\ub41c \uc9c0\uc9c8, \ube44\ud0c0\ubbfc \ubc0f \ubbf8\ub7c9 \uc6d0\uc18c\ub294 \ud45c\ud53c\uc758 \ubcf4\ud638 \uae30\ub2a5\uc744 \uac15\ud654\ud558\uace0 \uc7ac\uc0dd \uacfc\uc815\uc744 \uc9c0\uc6d0\ud569\ub2c8\ub2e4. \ud53c\ud1a0\ub808\ud2f0\ub180 \ucf64\ud50c\ub809\uc2a4\uac00 \ud568\uc720\ub41c \uc81c\ud488\uc744 \uafb8\uc900\ud788 \uc0ac\uc6a9\ud558\uba74 \uc678\ubd80 \uc694\uc778\uc5d0 \ub300\ud55c \ud53c\ubd80 \uc800\ud56d\ub825\uc744 \ud5a5\uc0c1\uc2dc\ud0ac \uc218 \uc788\uc2b5\ub2c8\ub2e4. <\/p>\n<h2>\ud654\uc7a5\ud488\uc5d0\uc11c\uc758 \uc801\uc6a9<\/h2>\n<p>\ud53c\ud1a0\ub808\ud2f0\ub180 \ucf64\ud50c\ub809\uc2a4\ub294 \ub2e4\uc74c\uacfc \uac19\uc740 \uc81c\ud615\uc5d0 \uad8c\uc7a5\ub418\ub294 \ub2e4\uc6a9\ub3c4 \ud65c\uc131 \uc131\ubd84\uc785\ub2c8\ub2e4:<\/p>\n<ul>\n<li>\uc8fc\ub984 \uac1c\uc120 \ubc0f \ud0c4\ub825 \ud06c\ub9bc,<\/li>\n<li>\uc548\ud2f0\uc5d0\uc774\uc9d5 \uc138\ub7fc,<\/li>\n<li>\uc138\ud3ec \uc7ac\uc0dd\uc744 \ub3d5\ub294 \ub098\uc774\ud2b8 \ud06c\ub9bc,<\/li>\n<li>\uc21c\ud55c \ub808\ud2f0\ub180 \ub300\uccb4\uc7ac\uac00 \ud544\uc694\ud55c \ubbfc\uac10\uc131 \ud53c\ubd80\uc6a9 \ud654\uc7a5\ud488,<\/li>\n<li>\ud53c\ubd80 \ud1a4\uc744 \ubc1d\ud788\uace0 \uac1c\uc120\ud558\ub294 \uc81c\ud488,<\/li>\n<li>\uc601\uc591 \ubc0f \uc7ac\uc0dd \ud654\uc7a5\ud488,<\/li>\n<li>\uac74\uc870\ud558\uace0 \ud0c8\uc218\ub418\uba70 \uac70\uce5c \ud53c\ubd80 \uad00\ub9ac.<\/li>\n<\/ul>\n<p>\uc2dd\ubb3c\uc131 \uc131\ubd84\uc758 \uc21c\ud55c \ud2b9\uc131 \ub355\ubd84\uc5d0 \uc774 \uc6d0\ub8cc\ub294 \uc77c\uc0c1\uc801\uc778 \uc2a4\ud0a8\ucf00\uc5b4 \uc81c\ud488\ubfd0\ub9cc \uc544\ub2c8\ub77c \ubcf4\ub2e4 \ub18d\ucd95\ub41c \ud504\ub9ac\ubbf8\uc5c4 \uc81c\ud615\uc5d0\ub3c4 \uc801\ud569\ud569\ub2c8\ub2e4.<\/p>\n","protected":false},"excerpt":{"rendered":"<p><strong>\ud53c\ud1a0\ub808\ud2f0\ub180 \ucf64\ud50c\ub809\uc2a4<\/strong>\ub294 \uc785\uc99d\ub41c \uc548\ud2f0\uc5d0\uc774\uc9d5 \ubc0f \ud53c\ubd80\uacb0 \uac1c\uc120 \ud6a8\uacfc\ub97c \uc9c0\ub2cc \uc2dd\ubb3c \ucd94\ucd9c\ubb3c\uc744 \uacb0\ud569\ud55c \uace0\uae09 \ud654\uc7a5\ud488 \uc6d0\ub8cc\uc785\ub2c8\ub2e4.<\/p>\n","protected":false},"featured_media":44000,"template":"","meta":{"_acf_changed":false},"product_brand":[],"product_cat":[10353,8159],"product_tag":[],"class_list":{"0":"post-43997","1":"product","2":"type-product","3":"status-publish","4":"has-post-thumbnail","6":"product_cat-hanguk-wonryo","7":"product_cat-hwal-seong-seong-bun","9":"first","10":"instock","11":"shipping-taxable","12":"product-type-simple"},"acf":[],"yoast_head":"<!-- This site is optimized with the Yoast SEO plugin v27.4 - https:\/\/yoast.com\/product\/yoast-seo-wordpress\/ -->\n<title>\ud53c\ud1a0\ub808\ud2f0\ub180 \ucf64\ud50c\ub809\uc2a4 - Hurtowy Dystrybutor<\/title>\n<meta name=\"description\" content=\"\ud53c\ud1a0\ub808\ud2f0\ub180 \ucf64\ud50c\ub809\uc2a4 \u2013 \ub808\ud2f0\ub180\uc758 \uc2dd\ubb3c\uc131 \ub300\uccb4\uc7ac\uc785\ub2c8\ub2e4. \uc8fc\ub984\uc744 \uc644\ud654\ud558\uace0, \ud0c4\ub825\uc744 \uac1c\uc120\ud558\uba70, \ud56d\uc0b0\ud654 \uc791\uc6a9\uc744 \ud558\uace0, \ud53c\ubd80\uc5d0 \uc9d1\uc911\uc801\uc778 \uc218\ubd84\uc744 \uacf5\uae09\ud569\ub2c8\ub2e4.\" \/>\n<meta name=\"robots\" content=\"index, follow, max-snippet:-1, max-image-preview:large, max-video-preview:-1\" \/>\n<link rel=\"canonical\" href=\"https:\/\/naturalpoland.com\/ko\/je-pum\/hwa-jang-pum-won-ryo\/hwal-seong-seong-bun\/%ed%94%bc%ed%86%a0%eb%a0%88%ed%8b%b0%eb%86%80-%ec%bd%a4%ed%94%8c%eb%a0%89%ec%8a%a4\/\" \/>\n<meta property=\"og:locale\" content=\"ko_KR\" \/>\n<meta property=\"og:type\" content=\"article\" \/>\n<meta property=\"og:title\" content=\"\ud53c\ud1a0\ub808\ud2f0\ub180 \ucf64\ud50c\ub809\uc2a4 - Hurtowy Dystrybutor\" \/>\n<meta property=\"og:description\" content=\"\ud53c\ud1a0\ub808\ud2f0\ub180 \ucf64\ud50c\ub809\uc2a4 \u2013 \ub808\ud2f0\ub180\uc758 \uc2dd\ubb3c\uc131 \ub300\uccb4\uc7ac\uc785\ub2c8\ub2e4. \uc8fc\ub984\uc744 \uc644\ud654\ud558\uace0, \ud0c4\ub825\uc744 \uac1c\uc120\ud558\uba70, \ud56d\uc0b0\ud654 \uc791\uc6a9\uc744 \ud558\uace0, \ud53c\ubd80\uc5d0 \uc9d1\uc911\uc801\uc778 \uc218\ubd84\uc744 \uacf5\uae09\ud569\ub2c8\ub2e4.\" \/>\n<meta property=\"og:url\" content=\"https:\/\/naturalpoland.com\/ko\/je-pum\/hwa-jang-pum-won-ryo\/hwal-seong-seong-bun\/%ed%94%bc%ed%86%a0%eb%a0%88%ed%8b%b0%eb%86%80-%ec%bd%a4%ed%94%8c%eb%a0%89%ec%8a%a4\/\" \/>\n<meta property=\"og:site_name\" content=\"NATURAL POLAND - Hurtowy Dystrybutor Surowc\u00f3w\" \/>\n<meta property=\"article:publisher\" content=\"https:\/\/www.facebook.com\/naturalpoland.b2b\" \/>\n<meta property=\"article:modified_time\" content=\"2025-12-09T12:51:38+00:00\" \/>\n<meta property=\"og:image\" content=\"https:\/\/naturalpoland.com\/wp-content\/uploads\/kompleks-fitoretinolu.webp\" \/>\n\t<meta property=\"og:image:width\" content=\"1024\" \/>\n\t<meta property=\"og:image:height\" content=\"1024\" \/>\n\t<meta property=\"og:image:type\" content=\"image\/webp\" \/>\n<script type=\"application\/ld+json\" class=\"yoast-schema-graph\">{\"@context\":\"https:\\\/\\\/schema.org\",\"@graph\":[{\"@type\":\"WebPage\",\"@id\":\"https:\\\/\\\/naturalpoland.com\\\/ko\\\/je-pum\\\/hwa-jang-pum-won-ryo\\\/hwal-seong-seong-bun\\\/%ed%94%bc%ed%86%a0%eb%a0%88%ed%8b%b0%eb%86%80-%ec%bd%a4%ed%94%8c%eb%a0%89%ec%8a%a4\\\/\",\"url\":\"https:\\\/\\\/naturalpoland.com\\\/ko\\\/je-pum\\\/hwa-jang-pum-won-ryo\\\/hwal-seong-seong-bun\\\/%ed%94%bc%ed%86%a0%eb%a0%88%ed%8b%b0%eb%86%80-%ec%bd%a4%ed%94%8c%eb%a0%89%ec%8a%a4\\\/\",\"name\":\"\ud53c\ud1a0\ub808\ud2f0\ub180 \ucf64\ud50c\ub809\uc2a4 - Hurtowy Dystrybutor\",\"isPartOf\":{\"@id\":\"https:\\\/\\\/naturalpoland.com\\\/ko\\\/#website\"},\"primaryImageOfPage\":{\"@id\":\"https:\\\/\\\/naturalpoland.com\\\/ko\\\/je-pum\\\/hwa-jang-pum-won-ryo\\\/hwal-seong-seong-bun\\\/%ed%94%bc%ed%86%a0%eb%a0%88%ed%8b%b0%eb%86%80-%ec%bd%a4%ed%94%8c%eb%a0%89%ec%8a%a4\\\/#primaryimage\"},\"image\":{\"@id\":\"https:\\\/\\\/naturalpoland.com\\\/ko\\\/je-pum\\\/hwa-jang-pum-won-ryo\\\/hwal-seong-seong-bun\\\/%ed%94%bc%ed%86%a0%eb%a0%88%ed%8b%b0%eb%86%80-%ec%bd%a4%ed%94%8c%eb%a0%89%ec%8a%a4\\\/#primaryimage\"},\"thumbnailUrl\":\"https:\\\/\\\/naturalpoland.com\\\/wp-content\\\/uploads\\\/kompleks-fitoretinolu.webp\",\"datePublished\":\"2025-12-09T11:05:02+00:00\",\"dateModified\":\"2025-12-09T12:51:38+00:00\",\"description\":\"\ud53c\ud1a0\ub808\ud2f0\ub180 \ucf64\ud50c\ub809\uc2a4 \u2013 \ub808\ud2f0\ub180\uc758 \uc2dd\ubb3c\uc131 \ub300\uccb4\uc7ac\uc785\ub2c8\ub2e4. \uc8fc\ub984\uc744 \uc644\ud654\ud558\uace0, \ud0c4\ub825\uc744 \uac1c\uc120\ud558\uba70, \ud56d\uc0b0\ud654 \uc791\uc6a9\uc744 \ud558\uace0, \ud53c\ubd80\uc5d0 \uc9d1\uc911\uc801\uc778 \uc218\ubd84\uc744 \uacf5\uae09\ud569\ub2c8\ub2e4.\",\"breadcrumb\":{\"@id\":\"https:\\\/\\\/naturalpoland.com\\\/ko\\\/je-pum\\\/hwa-jang-pum-won-ryo\\\/hwal-seong-seong-bun\\\/%ed%94%bc%ed%86%a0%eb%a0%88%ed%8b%b0%eb%86%80-%ec%bd%a4%ed%94%8c%eb%a0%89%ec%8a%a4\\\/#breadcrumb\"},\"inLanguage\":\"ko-KR\",\"potentialAction\":[{\"@type\":\"ReadAction\",\"target\":[\"https:\\\/\\\/naturalpoland.com\\\/ko\\\/je-pum\\\/hwa-jang-pum-won-ryo\\\/hwal-seong-seong-bun\\\/%ed%94%bc%ed%86%a0%eb%a0%88%ed%8b%b0%eb%86%80-%ec%bd%a4%ed%94%8c%eb%a0%89%ec%8a%a4\\\/\"]}]},{\"@type\":\"ImageObject\",\"inLanguage\":\"ko-KR\",\"@id\":\"https:\\\/\\\/naturalpoland.com\\\/ko\\\/je-pum\\\/hwa-jang-pum-won-ryo\\\/hwal-seong-seong-bun\\\/%ed%94%bc%ed%86%a0%eb%a0%88%ed%8b%b0%eb%86%80-%ec%bd%a4%ed%94%8c%eb%a0%89%ec%8a%a4\\\/#primaryimage\",\"url\":\"https:\\\/\\\/naturalpoland.com\\\/wp-content\\\/uploads\\\/kompleks-fitoretinolu.webp\",\"contentUrl\":\"https:\\\/\\\/naturalpoland.com\\\/wp-content\\\/uploads\\\/kompleks-fitoretinolu.webp\",\"width\":1024,\"height\":1024,\"caption\":\"\ud53c\ud1a0\ub808\ud2f0\ub180 \ucf64\ud50c\ub809\uc2a4\"},{\"@type\":\"BreadcrumbList\",\"@id\":\"https:\\\/\\\/naturalpoland.com\\\/ko\\\/je-pum\\\/hwa-jang-pum-won-ryo\\\/hwal-seong-seong-bun\\\/%ed%94%bc%ed%86%a0%eb%a0%88%ed%8b%b0%eb%86%80-%ec%bd%a4%ed%94%8c%eb%a0%89%ec%8a%a4\\\/#breadcrumb\",\"itemListElement\":[{\"@type\":\"ListItem\",\"position\":1,\"name\":\"\ud648\",\"item\":\"https:\\\/\\\/naturalpoland.com\\\/ko\\\/\"},{\"@type\":\"ListItem\",\"position\":2,\"name\":\"\uc81c\ud488\",\"item\":\"https:\\\/\\\/naturalpoland.com\\\/ko\\\/%ec%a0%9c%ed%92%88\\\/\"},{\"@type\":\"ListItem\",\"position\":3,\"name\":\"\ud53c\ud1a0\ub808\ud2f0\ub180 \ucf64\ud50c\ub809\uc2a4\"}]},{\"@type\":\"WebSite\",\"@id\":\"https:\\\/\\\/naturalpoland.com\\\/ko\\\/#website\",\"url\":\"https:\\\/\\\/naturalpoland.com\\\/ko\\\/\",\"name\":\"NATURAL POLAND - Hurtowy Dystrybutor Surowc\u00f3w\",\"description\":\"Surowce dla przemys\u0142u spo\u017cywczego, kosmetycznego i farmaceutycznego\",\"publisher\":{\"@id\":\"https:\\\/\\\/naturalpoland.com\\\/ko\\\/#organization\"},\"potentialAction\":[{\"@type\":\"SearchAction\",\"target\":{\"@type\":\"EntryPoint\",\"urlTemplate\":\"https:\\\/\\\/naturalpoland.com\\\/ko\\\/?s={search_term_string}\"},\"query-input\":{\"@type\":\"PropertyValueSpecification\",\"valueRequired\":true,\"valueName\":\"search_term_string\"}}],\"inLanguage\":\"ko-KR\"},{\"@type\":\"Organization\",\"@id\":\"https:\\\/\\\/naturalpoland.com\\\/ko\\\/#organization\",\"name\":\"Natural Poland\",\"url\":\"https:\\\/\\\/naturalpoland.com\\\/ko\\\/\",\"logo\":{\"@type\":\"ImageObject\",\"inLanguage\":\"ko-KR\",\"@id\":\"https:\\\/\\\/naturalpoland.com\\\/ko\\\/#\\\/schema\\\/logo\\\/image\\\/\",\"url\":\"https:\\\/\\\/naturalpoland.com\\\/wp-content\\\/uploads\\\/2021\\\/05\\\/natural-poland-icon.png\",\"contentUrl\":\"https:\\\/\\\/naturalpoland.com\\\/wp-content\\\/uploads\\\/2021\\\/05\\\/natural-poland-icon.png\",\"width\":512,\"height\":512,\"caption\":\"Natural Poland\"},\"image\":{\"@id\":\"https:\\\/\\\/naturalpoland.com\\\/ko\\\/#\\\/schema\\\/logo\\\/image\\\/\"},\"sameAs\":[\"https:\\\/\\\/www.facebook.com\\\/naturalpoland.b2b\",\"https:\\\/\\\/pl.linkedin.com\\\/company\\\/natural-poland\",\"https:\\\/\\\/www.youtube.com\\\/channel\\\/UCgeGGkvOMahZo-xu_MSEWxg\"]}]}<\/script>\n<!-- \/ Yoast SEO plugin. -->","yoast_head_json":{"title":"\ud53c\ud1a0\ub808\ud2f0\ub180 \ucf64\ud50c\ub809\uc2a4 - Hurtowy Dystrybutor","description":"\ud53c\ud1a0\ub808\ud2f0\ub180 \ucf64\ud50c\ub809\uc2a4 \u2013 \ub808\ud2f0\ub180\uc758 \uc2dd\ubb3c\uc131 \ub300\uccb4\uc7ac\uc785\ub2c8\ub2e4. \uc8fc\ub984\uc744 \uc644\ud654\ud558\uace0, \ud0c4\ub825\uc744 \uac1c\uc120\ud558\uba70, \ud56d\uc0b0\ud654 \uc791\uc6a9\uc744 \ud558\uace0, \ud53c\ubd80\uc5d0 \uc9d1\uc911\uc801\uc778 \uc218\ubd84\uc744 \uacf5\uae09\ud569\ub2c8\ub2e4.","robots":{"index":"index","follow":"follow","max-snippet":"max-snippet:-1","max-image-preview":"max-image-preview:large","max-video-preview":"max-video-preview:-1"},"canonical":"https:\/\/naturalpoland.com\/ko\/je-pum\/hwa-jang-pum-won-ryo\/hwal-seong-seong-bun\/%ed%94%bc%ed%86%a0%eb%a0%88%ed%8b%b0%eb%86%80-%ec%bd%a4%ed%94%8c%eb%a0%89%ec%8a%a4\/","og_locale":"ko_KR","og_type":"article","og_title":"\ud53c\ud1a0\ub808\ud2f0\ub180 \ucf64\ud50c\ub809\uc2a4 - Hurtowy Dystrybutor","og_description":"\ud53c\ud1a0\ub808\ud2f0\ub180 \ucf64\ud50c\ub809\uc2a4 \u2013 \ub808\ud2f0\ub180\uc758 \uc2dd\ubb3c\uc131 \ub300\uccb4\uc7ac\uc785\ub2c8\ub2e4. \uc8fc\ub984\uc744 \uc644\ud654\ud558\uace0, \ud0c4\ub825\uc744 \uac1c\uc120\ud558\uba70, \ud56d\uc0b0\ud654 \uc791\uc6a9\uc744 \ud558\uace0, \ud53c\ubd80\uc5d0 \uc9d1\uc911\uc801\uc778 \uc218\ubd84\uc744 \uacf5\uae09\ud569\ub2c8\ub2e4.","og_url":"https:\/\/naturalpoland.com\/ko\/je-pum\/hwa-jang-pum-won-ryo\/hwal-seong-seong-bun\/%ed%94%bc%ed%86%a0%eb%a0%88%ed%8b%b0%eb%86%80-%ec%bd%a4%ed%94%8c%eb%a0%89%ec%8a%a4\/","og_site_name":"NATURAL POLAND - Hurtowy Dystrybutor Surowc\u00f3w","article_publisher":"https:\/\/www.facebook.com\/naturalpoland.b2b","article_modified_time":"2025-12-09T12:51:38+00:00","og_image":[{"width":1024,"height":1024,"url":"https:\/\/naturalpoland.com\/wp-content\/uploads\/kompleks-fitoretinolu.webp","type":"image\/webp"}],"schema":{"@context":"https:\/\/schema.org","@graph":[{"@type":"WebPage","@id":"https:\/\/naturalpoland.com\/ko\/je-pum\/hwa-jang-pum-won-ryo\/hwal-seong-seong-bun\/%ed%94%bc%ed%86%a0%eb%a0%88%ed%8b%b0%eb%86%80-%ec%bd%a4%ed%94%8c%eb%a0%89%ec%8a%a4\/","url":"https:\/\/naturalpoland.com\/ko\/je-pum\/hwa-jang-pum-won-ryo\/hwal-seong-seong-bun\/%ed%94%bc%ed%86%a0%eb%a0%88%ed%8b%b0%eb%86%80-%ec%bd%a4%ed%94%8c%eb%a0%89%ec%8a%a4\/","name":"\ud53c\ud1a0\ub808\ud2f0\ub180 \ucf64\ud50c\ub809\uc2a4 - Hurtowy Dystrybutor","isPartOf":{"@id":"https:\/\/naturalpoland.com\/ko\/#website"},"primaryImageOfPage":{"@id":"https:\/\/naturalpoland.com\/ko\/je-pum\/hwa-jang-pum-won-ryo\/hwal-seong-seong-bun\/%ed%94%bc%ed%86%a0%eb%a0%88%ed%8b%b0%eb%86%80-%ec%bd%a4%ed%94%8c%eb%a0%89%ec%8a%a4\/#primaryimage"},"image":{"@id":"https:\/\/naturalpoland.com\/ko\/je-pum\/hwa-jang-pum-won-ryo\/hwal-seong-seong-bun\/%ed%94%bc%ed%86%a0%eb%a0%88%ed%8b%b0%eb%86%80-%ec%bd%a4%ed%94%8c%eb%a0%89%ec%8a%a4\/#primaryimage"},"thumbnailUrl":"https:\/\/naturalpoland.com\/wp-content\/uploads\/kompleks-fitoretinolu.webp","datePublished":"2025-12-09T11:05:02+00:00","dateModified":"2025-12-09T12:51:38+00:00","description":"\ud53c\ud1a0\ub808\ud2f0\ub180 \ucf64\ud50c\ub809\uc2a4 \u2013 \ub808\ud2f0\ub180\uc758 \uc2dd\ubb3c\uc131 \ub300\uccb4\uc7ac\uc785\ub2c8\ub2e4. \uc8fc\ub984\uc744 \uc644\ud654\ud558\uace0, \ud0c4\ub825\uc744 \uac1c\uc120\ud558\uba70, \ud56d\uc0b0\ud654 \uc791\uc6a9\uc744 \ud558\uace0, \ud53c\ubd80\uc5d0 \uc9d1\uc911\uc801\uc778 \uc218\ubd84\uc744 \uacf5\uae09\ud569\ub2c8\ub2e4.","breadcrumb":{"@id":"https:\/\/naturalpoland.com\/ko\/je-pum\/hwa-jang-pum-won-ryo\/hwal-seong-seong-bun\/%ed%94%bc%ed%86%a0%eb%a0%88%ed%8b%b0%eb%86%80-%ec%bd%a4%ed%94%8c%eb%a0%89%ec%8a%a4\/#breadcrumb"},"inLanguage":"ko-KR","potentialAction":[{"@type":"ReadAction","target":["https:\/\/naturalpoland.com\/ko\/je-pum\/hwa-jang-pum-won-ryo\/hwal-seong-seong-bun\/%ed%94%bc%ed%86%a0%eb%a0%88%ed%8b%b0%eb%86%80-%ec%bd%a4%ed%94%8c%eb%a0%89%ec%8a%a4\/"]}]},{"@type":"ImageObject","inLanguage":"ko-KR","@id":"https:\/\/naturalpoland.com\/ko\/je-pum\/hwa-jang-pum-won-ryo\/hwal-seong-seong-bun\/%ed%94%bc%ed%86%a0%eb%a0%88%ed%8b%b0%eb%86%80-%ec%bd%a4%ed%94%8c%eb%a0%89%ec%8a%a4\/#primaryimage","url":"https:\/\/naturalpoland.com\/wp-content\/uploads\/kompleks-fitoretinolu.webp","contentUrl":"https:\/\/naturalpoland.com\/wp-content\/uploads\/kompleks-fitoretinolu.webp","width":1024,"height":1024,"caption":"\ud53c\ud1a0\ub808\ud2f0\ub180 \ucf64\ud50c\ub809\uc2a4"},{"@type":"BreadcrumbList","@id":"https:\/\/naturalpoland.com\/ko\/je-pum\/hwa-jang-pum-won-ryo\/hwal-seong-seong-bun\/%ed%94%bc%ed%86%a0%eb%a0%88%ed%8b%b0%eb%86%80-%ec%bd%a4%ed%94%8c%eb%a0%89%ec%8a%a4\/#breadcrumb","itemListElement":[{"@type":"ListItem","position":1,"name":"\ud648","item":"https:\/\/naturalpoland.com\/ko\/"},{"@type":"ListItem","position":2,"name":"\uc81c\ud488","item":"https:\/\/naturalpoland.com\/ko\/%ec%a0%9c%ed%92%88\/"},{"@type":"ListItem","position":3,"name":"\ud53c\ud1a0\ub808\ud2f0\ub180 \ucf64\ud50c\ub809\uc2a4"}]},{"@type":"WebSite","@id":"https:\/\/naturalpoland.com\/ko\/#website","url":"https:\/\/naturalpoland.com\/ko\/","name":"NATURAL POLAND - Hurtowy Dystrybutor Surowc\u00f3w","description":"Surowce dla przemys\u0142u spo\u017cywczego, kosmetycznego i farmaceutycznego","publisher":{"@id":"https:\/\/naturalpoland.com\/ko\/#organization"},"potentialAction":[{"@type":"SearchAction","target":{"@type":"EntryPoint","urlTemplate":"https:\/\/naturalpoland.com\/ko\/?s={search_term_string}"},"query-input":{"@type":"PropertyValueSpecification","valueRequired":true,"valueName":"search_term_string"}}],"inLanguage":"ko-KR"},{"@type":"Organization","@id":"https:\/\/naturalpoland.com\/ko\/#organization","name":"Natural Poland","url":"https:\/\/naturalpoland.com\/ko\/","logo":{"@type":"ImageObject","inLanguage":"ko-KR","@id":"https:\/\/naturalpoland.com\/ko\/#\/schema\/logo\/image\/","url":"https:\/\/naturalpoland.com\/wp-content\/uploads\/2021\/05\/natural-poland-icon.png","contentUrl":"https:\/\/naturalpoland.com\/wp-content\/uploads\/2021\/05\/natural-poland-icon.png","width":512,"height":512,"caption":"Natural Poland"},"image":{"@id":"https:\/\/naturalpoland.com\/ko\/#\/schema\/logo\/image\/"},"sameAs":["https:\/\/www.facebook.com\/naturalpoland.b2b","https:\/\/pl.linkedin.com\/company\/natural-poland","https:\/\/www.youtube.com\/channel\/UCgeGGkvOMahZo-xu_MSEWxg"]}]}},"_links":{"self":[{"href":"https:\/\/naturalpoland.com\/ko\/wp-json\/wp\/v2\/product\/43997","targetHints":{"allow":["GET"]}}],"collection":[{"href":"https:\/\/naturalpoland.com\/ko\/wp-json\/wp\/v2\/product"}],"about":[{"href":"https:\/\/naturalpoland.com\/ko\/wp-json\/wp\/v2\/types\/product"}],"wp:featuredmedia":[{"embeddable":true,"href":"https:\/\/naturalpoland.com\/ko\/wp-json\/wp\/v2\/media\/44000"}],"wp:attachment":[{"href":"https:\/\/naturalpoland.com\/ko\/wp-json\/wp\/v2\/media?parent=43997"}],"wp:term":[{"taxonomy":"product_brand","embeddable":true,"href":"https:\/\/naturalpoland.com\/ko\/wp-json\/wp\/v2\/product_brand?post=43997"},{"taxonomy":"product_cat","embeddable":true,"href":"https:\/\/naturalpoland.com\/ko\/wp-json\/wp\/v2\/product_cat?post=43997"},{"taxonomy":"product_tag","embeddable":true,"href":"https:\/\/naturalpoland.com\/ko\/wp-json\/wp\/v2\/product_tag?post=43997"}],"curies":[{"name":"wp","href":"https:\/\/api.w.org\/{rel}","templated":true}]}}